{"id":1538,"date":"2021-08-06T09:46:56","date_gmt":"2021-08-06T13:46:56","guid":{"rendered":"https:\/\/tecplan.com.gt\/?post_type=product&#038;p=1538"},"modified":"2024-01-24T16:57:01","modified_gmt":"2024-01-24T19:57:01","slug":"panel-antenna-800-2500mhz","status":"publish","type":"product","link":"https:\/\/tecplan.com.gt\/en\/product\/panel-antenna-800-2500mhz\/","title":{"rendered":"Panel Antenna 800-2500Mhz"},"content":{"rendered":"<p>The SummIT panel antenna series is designed to cover all wireless frequencies from 800 to 2500 MHz. Available in aluminum version for increased durability, used for indoor\/outdoor solutions, use (IP65). Low PIM, eliminates system downtime, provides excellent call quality and reduces the number of dropped calls.<\/p>\n<p>&nbsp;<\/p>\n<p>Item Name: Directional Panel Antenna<br \/>\nModel: P825DBNS<br \/>\nFrequency: 806-960,1710-2500MHz<br \/>\nPower: 50W<br \/>\nGain: 8 dB<br \/>\nVSWR: &lt; 1.5 (PIM = -150dBc)<br \/>\nBeamwidth H: 75~115\u00b0 \u00b110\u00b0<br \/>\nBeamwidth V: 58\u00b0 \u00b110\u00b0<br \/>\nPolarization: Vertical<br \/>\nImpedance: 50 \u03a9 , N\/F<br \/>\nSize: 210X180X45mm<br \/>\nWeight: 0.75kg<br \/>\nRemark: Aluminum Plate<\/p>","protected":false},"excerpt":{"rendered":"<p>La serie de antenas de panel SummIT est\u00e1 dise\u00f1ada para cubrir todas las frecuencias inal\u00e1mbricas de 800 a 2500 MHz. Disponible en versi\u00f3n de aluminio para brindar una mayor durabilidad, utilizado para soluciones de interior \/ exterior, uso (IP65). PIM bajo, elimina el tiempo de inactividad del sistema, proporciona una excelente calidad de llamada y [&hellip;]<\/p>","protected":false},"featured_media":6299,"comment_status":"open","ping_status":"closed","template":"","meta":{"site-sidebar-layout":"default","site-content-layout":"","ast-site-content-layout":"default","site-content-style":"default","site-sidebar-style":"default","ast-global-header-display":"","ast-banner-title-visibility":"","ast-main-header-display":"","ast-hfb-above-header-display":"","ast-hfb-below-header-display":"","ast-hfb-mobile-header-display":"","site-post-title":"","ast-breadcrumbs-content":"","ast-featured-img":"","footer-sml-layout":"","theme-transparent-header-meta":"default","adv-header-id-meta":"","stick-header-meta":"","header-above-stick-meta":"","header-main-stick-meta":"","header-below-stick-meta":"","astra-migrate-meta-layouts":"set","ast-page-background-enabled":"default","ast-page-background-meta":{"desktop":{"background-color":"var(--ast-global-color-4)","background-image":"","background-repeat":"repeat","background-position":"center center","background-size":"auto","background-attachment":"scroll","background-type":"","background-media":"","overlay-type":"","overlay-color":"","overlay-opacity":"","overlay-gradient":""},"tablet":{"background-color":"","background-image":"","background-repeat":"repeat","background-position":"center center","background-size":"auto","background-attachment":"scroll","background-type":"","background-media":"","overlay-type":"","overlay-color":"","overlay-opacity":"","overlay-gradient":""},"mobile":{"background-color":"","background-image":"","background-repeat":"repeat","background-position":"center center","background-size":"auto","background-attachment":"scroll","background-type":"","background-media":"","overlay-type":"","overlay-color":"","overlay-opacity":"","overlay-gradient":""}},"ast-content-background-meta":{"desktop":{"background-color":"var(--ast-global-color-5)","background-image":"","background-repeat":"repeat","background-position":"center center","background-size":"auto","background-attachment":"scroll","background-type":"","background-media":"","overlay-type":"","overlay-color":"","overlay-opacity":"","overlay-gradient":""},"tablet":{"background-color":"var(--ast-global-color-5)","background-image":"","background-repeat":"repeat","background-position":"center center","background-size":"auto","background-attachment":"scroll","background-type":"","background-media":"","overlay-type":"","overlay-color":"","overlay-opacity":"","overlay-gradient":""},"mobile":{"background-color":"var(--ast-global-color-5)","background-image":"","background-repeat":"repeat","background-position":"center center","background-size":"auto","background-attachment":"scroll","background-type":"","background-media":"","overlay-type":"","overlay-color":"","overlay-opacity":"","overlay-gradient":""}}},"product_brand":[],"product_cat":[21,20],"product_tag":[],"class_list":{"0":"post-1538","1":"product","2":"type-product","3":"status-publish","4":"has-post-thumbnail","6":"product_cat-antenas","7":"product_cat-radio-frecuencia","8":"desktop-align-left","9":"tablet-align-left","10":"mobile-align-left","12":"first","13":"instock","14":"shipping-taxable","15":"product-type-simple"},"yoast_head":"<!-- This site is optimized with the Yoast SEO plugin v24.6 - https:\/\/yoast.com\/wordpress\/plugins\/seo\/ -->\n<title>Panel Antenna 800-2500Mhz -<\/title>\n<meta name=\"robots\" content=\"index, follow, max-snippet:-1, max-image-preview:large, max-video-preview:-1\" \/>\n<link rel=\"canonical\" href=\"https:\/\/tecplan.com.gt\/en\/product\/panel-antenna-800-2500mhz\/\" \/>\n<meta property=\"og:locale\" content=\"en_US\" \/>\n<meta property=\"og:type\" content=\"article\" \/>\n<meta property=\"og:title\" content=\"Panel Antenna 800-2500Mhz -\" \/>\n<meta property=\"og:description\" content=\"La serie de antenas de panel SummIT est\u00e1 dise\u00f1ada para cubrir todas las frecuencias inal\u00e1mbricas de 800 a 2500 MHz. Disponible en versi\u00f3n de aluminio para brindar una mayor durabilidad, utilizado para soluciones de interior \/ exterior, uso (IP65). PIM bajo, elimina el tiempo de inactividad del sistema, proporciona una excelente calidad de llamada y [&hellip;]\" \/>\n<meta property=\"og:url\" content=\"https:\/\/tecplan.com.gt\/en\/product\/panel-antenna-800-2500mhz\/\" \/>\n<meta property=\"article:modified_time\" content=\"2024-01-24T19:57:01+00:00\" \/>\n<meta property=\"og:image\" content=\"https:\/\/tecplan.com.gt\/wp-content\/uploads\/2021\/08\/Panel-Antenna-800-01.jpg\" \/>\n\t<meta property=\"og:image:width\" content=\"2000\" \/>\n\t<meta property=\"og:image:height\" content=\"2000\" \/>\n\t<meta property=\"og:image:type\" content=\"image\/jpeg\" \/>\n<meta name=\"twitter:card\" content=\"summary_large_image\" \/>\n<meta name=\"twitter:label1\" content=\"Est. reading time\" \/>\n\t<meta name=\"twitter:data1\" content=\"1 minute\" \/>\n<script type=\"application\/ld+json\" class=\"yoast-schema-graph\">{\"@context\":\"https:\/\/schema.org\",\"@graph\":[{\"@type\":\"WebPage\",\"@id\":\"https:\/\/tecplan.com.gt\/producto\/panel-antenna-800-2500mhz\/\",\"url\":\"https:\/\/tecplan.com.gt\/producto\/panel-antenna-800-2500mhz\/\",\"name\":\"Panel Antenna 800-2500Mhz -\",\"isPartOf\":{\"@id\":\"https:\/\/tecplan.com.gt\/#website\"},\"primaryImageOfPage\":{\"@id\":\"https:\/\/tecplan.com.gt\/producto\/panel-antenna-800-2500mhz\/#primaryimage\"},\"image\":{\"@id\":\"https:\/\/tecplan.com.gt\/producto\/panel-antenna-800-2500mhz\/#primaryimage\"},\"thumbnailUrl\":\"\/wp-content\/uploads\/2021\/08\/Panel-Antenna-800-01.jpg\",\"datePublished\":\"2021-08-06T13:46:56+00:00\",\"dateModified\":\"2024-01-24T19:57:01+00:00\",\"breadcrumb\":{\"@id\":\"https:\/\/tecplan.com.gt\/producto\/panel-antenna-800-2500mhz\/#breadcrumb\"},\"inLanguage\":\"en-US\",\"potentialAction\":[{\"@type\":\"ReadAction\",\"target\":[\"https:\/\/tecplan.com.gt\/producto\/panel-antenna-800-2500mhz\/\"]}]},{\"@type\":\"ImageObject\",\"inLanguage\":\"en-US\",\"@id\":\"https:\/\/tecplan.com.gt\/producto\/panel-antenna-800-2500mhz\/#primaryimage\",\"url\":\"\/wp-content\/uploads\/2021\/08\/Panel-Antenna-800-01.jpg\",\"contentUrl\":\"\/wp-content\/uploads\/2021\/08\/Panel-Antenna-800-01.jpg\",\"width\":2000,\"height\":2000},{\"@type\":\"BreadcrumbList\",\"@id\":\"https:\/\/tecplan.com.gt\/producto\/panel-antenna-800-2500mhz\/#breadcrumb\",\"itemListElement\":[{\"@type\":\"ListItem\",\"position\":1,\"name\":\"Portada\",\"item\":\"https:\/\/tecplan.com.gt\/\"},{\"@type\":\"ListItem\",\"position\":2,\"name\":\"Productos\",\"item\":\"https:\/\/tecplan.com.gt\/shop\/\"},{\"@type\":\"ListItem\",\"position\":3,\"name\":\"Panel Antenna 800-2500Mhz\"}]},{\"@type\":\"WebSite\",\"@id\":\"https:\/\/tecplan.com.gt\/#website\",\"url\":\"https:\/\/tecplan.com.gt\/\",\"name\":\"Tecplan Argentina\",\"description\":\"Tecnolog\u00edas y equipos de telecomunicaciones\",\"publisher\":{\"@id\":\"https:\/\/tecplan.com.gt\/#organization\"},\"potentialAction\":[{\"@type\":\"SearchAction\",\"target\":{\"@type\":\"EntryPoint\",\"urlTemplate\":\"https:\/\/tecplan.com.gt\/?s={search_term_string}\"},\"query-input\":{\"@type\":\"PropertyValueSpecification\",\"valueRequired\":true,\"valueName\":\"search_term_string\"}}],\"inLanguage\":\"en-US\"},{\"@type\":\"Organization\",\"@id\":\"https:\/\/tecplan.com.gt\/#organization\",\"name\":\"Tecplan Argentina\",\"url\":\"https:\/\/tecplan.com.gt\/\",\"logo\":{\"@type\":\"ImageObject\",\"inLanguage\":\"en-US\",\"@id\":\"https:\/\/tecplan.com.gt\/#\/schema\/logo\/image\/\",\"url\":\"\/wp-content\/uploads\/2023\/03\/logo-tecplan.gif\",\"contentUrl\":\"\/wp-content\/uploads\/2023\/03\/logo-tecplan.gif\",\"width\":1920,\"height\":486,\"caption\":\"Tecplan Argentina\"},\"image\":{\"@id\":\"https:\/\/tecplan.com.gt\/#\/schema\/logo\/image\/\"}}]}<\/script>\n<!-- \/ Yoast SEO plugin. -->","yoast_head_json":{"title":"Panel Antenna 800-2500Mhz -","robots":{"index":"index","follow":"follow","max-snippet":"max-snippet:-1","max-image-preview":"max-image-preview:large","max-video-preview":"max-video-preview:-1"},"canonical":"https:\/\/tecplan.com.gt\/en\/product\/panel-antenna-800-2500mhz\/","og_locale":"en_US","og_type":"article","og_title":"Panel Antenna 800-2500Mhz -","og_description":"La serie de antenas de panel SummIT est\u00e1 dise\u00f1ada para cubrir todas las frecuencias inal\u00e1mbricas de 800 a 2500 MHz. Disponible en versi\u00f3n de aluminio para brindar una mayor durabilidad, utilizado para soluciones de interior \/ exterior, uso (IP65). PIM bajo, elimina el tiempo de inactividad del sistema, proporciona una excelente calidad de llamada y [&hellip;]","og_url":"https:\/\/tecplan.com.gt\/en\/product\/panel-antenna-800-2500mhz\/","article_modified_time":"2024-01-24T19:57:01+00:00","og_image":[{"width":2000,"height":2000,"url":"https:\/\/tecplan.com.gt\/wp-content\/uploads\/2021\/08\/Panel-Antenna-800-01.jpg","type":"image\/jpeg"}],"twitter_card":"summary_large_image","twitter_misc":{"Est. reading time":"1 minute"},"schema":{"@context":"https:\/\/schema.org","@graph":[{"@type":"WebPage","@id":"https:\/\/tecplan.com.gt\/producto\/panel-antenna-800-2500mhz\/","url":"https:\/\/tecplan.com.gt\/producto\/panel-antenna-800-2500mhz\/","name":"Panel Antenna 800-2500Mhz -","isPartOf":{"@id":"https:\/\/tecplan.com.gt\/#website"},"primaryImageOfPage":{"@id":"https:\/\/tecplan.com.gt\/producto\/panel-antenna-800-2500mhz\/#primaryimage"},"image":{"@id":"https:\/\/tecplan.com.gt\/producto\/panel-antenna-800-2500mhz\/#primaryimage"},"thumbnailUrl":"\/wp-content\/uploads\/2021\/08\/Panel-Antenna-800-01.jpg","datePublished":"2021-08-06T13:46:56+00:00","dateModified":"2024-01-24T19:57:01+00:00","breadcrumb":{"@id":"https:\/\/tecplan.com.gt\/producto\/panel-antenna-800-2500mhz\/#breadcrumb"},"inLanguage":"en-US","potentialAction":[{"@type":"ReadAction","target":["https:\/\/tecplan.com.gt\/producto\/panel-antenna-800-2500mhz\/"]}]},{"@type":"ImageObject","inLanguage":"en-US","@id":"https:\/\/tecplan.com.gt\/producto\/panel-antenna-800-2500mhz\/#primaryimage","url":"\/wp-content\/uploads\/2021\/08\/Panel-Antenna-800-01.jpg","contentUrl":"\/wp-content\/uploads\/2021\/08\/Panel-Antenna-800-01.jpg","width":2000,"height":2000},{"@type":"BreadcrumbList","@id":"https:\/\/tecplan.com.gt\/producto\/panel-antenna-800-2500mhz\/#breadcrumb","itemListElement":[{"@type":"ListItem","position":1,"name":"Portada","item":"https:\/\/tecplan.com.gt\/"},{"@type":"ListItem","position":2,"name":"Productos","item":"https:\/\/tecplan.com.gt\/shop\/"},{"@type":"ListItem","position":3,"name":"Panel Antenna 800-2500Mhz"}]},{"@type":"WebSite","@id":"https:\/\/tecplan.com.gt\/#website","url":"https:\/\/tecplan.com.gt\/","name":"Tecplan Argentina","description":"Tecnolog\u00edas y equipos de telecomunicaciones","publisher":{"@id":"https:\/\/tecplan.com.gt\/#organization"},"potentialAction":[{"@type":"SearchAction","target":{"@type":"EntryPoint","urlTemplate":"https:\/\/tecplan.com.gt\/?s={search_term_string}"},"query-input":{"@type":"PropertyValueSpecification","valueRequired":true,"valueName":"search_term_string"}}],"inLanguage":"en-US"},{"@type":"Organization","@id":"https:\/\/tecplan.com.gt\/#organization","name":"Tecplan Argentina","url":"https:\/\/tecplan.com.gt\/","logo":{"@type":"ImageObject","inLanguage":"en-US","@id":"https:\/\/tecplan.com.gt\/#\/schema\/logo\/image\/","url":"\/wp-content\/uploads\/2023\/03\/logo-tecplan.gif","contentUrl":"\/wp-content\/uploads\/2023\/03\/logo-tecplan.gif","width":1920,"height":486,"caption":"Tecplan Argentina"},"image":{"@id":"https:\/\/tecplan.com.gt\/#\/schema\/logo\/image\/"}}]}},"_links":{"self":[{"href":"https:\/\/tecplan.com.gt\/en\/wp-json\/wp\/v2\/product\/1538"}],"collection":[{"href":"https:\/\/tecplan.com.gt\/en\/wp-json\/wp\/v2\/product"}],"about":[{"href":"https:\/\/tecplan.com.gt\/en\/wp-json\/wp\/v2\/types\/product"}],"replies":[{"embeddable":true,"href":"https:\/\/tecplan.com.gt\/en\/wp-json\/wp\/v2\/comments?post=1538"}],"version-history":[{"count":1,"href":"https:\/\/tecplan.com.gt\/en\/wp-json\/wp\/v2\/product\/1538\/revisions"}],"predecessor-version":[{"id":9019,"href":"https:\/\/tecplan.com.gt\/en\/wp-json\/wp\/v2\/product\/1538\/revisions\/9019"}],"wp:featuredmedia":[{"embeddable":true,"href":"https:\/\/tecplan.com.gt\/en\/wp-json\/wp\/v2\/media\/6299"}],"wp:attachment":[{"href":"https:\/\/tecplan.com.gt\/en\/wp-json\/wp\/v2\/media?parent=1538"}],"wp:term":[{"taxonomy":"product_brand","embeddable":true,"href":"https:\/\/tecplan.com.gt\/en\/wp-json\/wp\/v2\/product_brand?post=1538"},{"taxonomy":"product_cat","embeddable":true,"href":"https:\/\/tecplan.com.gt\/en\/wp-json\/wp\/v2\/product_cat?post=1538"},{"taxonomy":"product_tag","embeddable":true,"href":"https:\/\/tecplan.com.gt\/en\/wp-json\/wp\/v2\/product_tag?post=1538"}],"curies":[{"name":"wp","href":"https:\/\/api.w.org\/{rel}","templated":true}]}}