{"id":1557,"date":"2021-08-06T10:15:00","date_gmt":"2021-08-06T14:15:00","guid":{"rendered":"https:\/\/tecplan.com.gt\/?post_type=product&#038;p=1557"},"modified":"2024-04-16T13:59:11","modified_gmt":"2024-04-16T17:59:11","slug":"cable-coaxial-feeder-1-2rigido","status":"publish","type":"product","link":"https:\/\/tecplan.com.gt\/en\/product\/cable-coaxial-feeder-1-2rigido\/","title":{"rendered":"Cable Coaxial Feeder 1\/2\u2033Rigido"},"content":{"rendered":"<div data-elementor-type=\"product-post\" data-elementor-id=\"1557\" class=\"elementor elementor-1557\" data-elementor-post-type=\"product\">\n\t\t\t\t<div class=\"elementor-element elementor-element-2cdd0bd e-flex e-con-boxed e-con e-parent\" data-id=\"2cdd0bd\" data-element_type=\"container\">\n\t\t\t\t\t<div class=\"e-con-inner\">\n\t\t\t\t<div class=\"elementor-element elementor-element-c67d26c elementor-widget elementor-widget-text-editor\" data-id=\"c67d26c\" data-element_type=\"widget\" data-widget_type=\"text-editor.default\">\n\t\t\t\t<div class=\"elementor-widget-container\">\n\t\t\t\t\t\t\t\t\t<p><strong>Coaxial Cable 1\/2\u201d Rigid Feeder<\/strong><\/p><p>Radio frequency signal transmission cable connecting radio transmitters and receivers to their antennas. This cable provides shielding for the signal.<\/p>\t\t\t\t\t\t\t\t<\/div>\n\t\t\t\t<\/div>\n\t\t\t\t<div class=\"elementor-element elementor-element-28b1cd8f elementor-widget elementor-widget-text-editor\" data-id=\"28b1cd8f\" data-element_type=\"widget\" data-widget_type=\"text-editor.default\">\n\t\t\t\t<div class=\"elementor-widget-container\">\n\t\t\t\t\t\t\t\t\t<img fetchpriority=\"high\" decoding=\"async\" class=\"alignleft wp-image-1559 size-full\" src=\"http:\/\/tecplan.com.gt\/wp-content\/uploads\/2021\/08\/Captura-de-pantalla-2021-08-06-101424.png\" alt=\"\" width=\"744\" height=\"824\" \/>\t\t\t\t\t\t\t\t<\/div>\n\t\t\t\t<\/div>\n\t\t\t\t<div class=\"elementor-element elementor-element-7c5f8d9 elementor-widget elementor-widget-button\" data-id=\"7c5f8d9\" data-element_type=\"widget\" data-widget_type=\"button.default\">\n\t\t\t\t<div class=\"elementor-widget-container\">\n\t\t\t\t\t\t\t\t\t<div class=\"elementor-button-wrapper\">\n\t\t\t\t\t<a class=\"elementor-button elementor-button-link elementor-size-sm\" href=\"https:\/\/drive.google.com\/file\/d\/1LqTx9Wu5fPNU95gSBBg9dGmedtCF1Uqr\/view?usp=sharing\">\n\t\t\t\t\t\t<span class=\"elementor-button-content-wrapper\">\n\t\t\t\t\t\t\t\t\t<span class=\"elementor-button-text\">Download Technical Sheet<\/span>\n\t\t\t\t\t<\/span>\n\t\t\t\t\t<\/a>\n\t\t\t\t<\/div>\n\t\t\t\t\t\t\t\t<\/div>\n\t\t\t\t<\/div>\n\t\t\t\t\t<\/div>\n\t\t\t\t<\/div>\n\t\t\t\t<\/div>","protected":false},"excerpt":{"rendered":"<p><strong><br \/> Coaxial Cable 1\/2\u201d Rigid Feeder<\/br><\/strong><\/p>\n<p style=\"text-align: justify;\"> The 1\/2\u201d feeder cable or 1\/2\u201d coaxial feeder cable has a 16 mm PE shield, a 12 mm foam dielectric corrugated copper tube for greater protection and transmission and its internal conductor is copper (hollow or solid). This cable is for transmission of radio frequency signals that connect radio transmitters and receivers with their antennas. <\/p>","protected":false},"featured_media":4043,"comment_status":"open","ping_status":"closed","template":"","meta":{"site-sidebar-layout":"default","site-content-layout":"","ast-site-content-layout":"default","site-content-style":"default","site-sidebar-style":"default","ast-global-header-display":"","ast-banner-title-visibility":"","ast-main-header-display":"","ast-hfb-above-header-display":"","ast-hfb-below-header-display":"","ast-hfb-mobile-header-display":"","site-post-title":"","ast-breadcrumbs-content":"","ast-featured-img":"","footer-sml-layout":"","theme-transparent-header-meta":"default","adv-header-id-meta":"","stick-header-meta":"","header-above-stick-meta":"","header-main-stick-meta":"","header-below-stick-meta":"","astra-migrate-meta-layouts":"set","ast-page-background-enabled":"default","ast-page-background-meta":{"desktop":{"background-color":"var(--ast-global-color-4)","background-image":"","background-repeat":"repeat","background-position":"center center","background-size":"auto","background-attachment":"scroll","background-type":"","background-media":"","overlay-type":"","overlay-color":"","overlay-opacity":"","overlay-gradient":""},"tablet":{"background-color":"","background-image":"","background-repeat":"repeat","background-position":"center center","background-size":"auto","background-attachment":"scroll","background-type":"","background-media":"","overlay-type":"","overlay-color":"","overlay-opacity":"","overlay-gradient":""},"mobile":{"background-color":"","background-image":"","background-repeat":"repeat","background-position":"center center","background-size":"auto","background-attachment":"scroll","background-type":"","background-media":"","overlay-type":"","overlay-color":"","overlay-opacity":"","overlay-gradient":""}},"ast-content-background-meta":{"desktop":{"background-color":"var(--ast-global-color-5)","background-image":"","background-repeat":"repeat","background-position":"center center","background-size":"auto","background-attachment":"scroll","background-type":"","background-media":"","overlay-type":"","overlay-color":"","overlay-opacity":"","overlay-gradient":""},"tablet":{"background-color":"var(--ast-global-color-5)","background-image":"","background-repeat":"repeat","background-position":"center center","background-size":"auto","background-attachment":"scroll","background-type":"","background-media":"","overlay-type":"","overlay-color":"","overlay-opacity":"","overlay-gradient":""},"mobile":{"background-color":"var(--ast-global-color-5)","background-image":"","background-repeat":"repeat","background-position":"center center","background-size":"auto","background-attachment":"scroll","background-type":"","background-media":"","overlay-type":"","overlay-color":"","overlay-opacity":"","overlay-gradient":""}}},"product_brand":[],"product_cat":[22,20],"product_tag":[58],"class_list":{"0":"post-1557","1":"product","2":"type-product","3":"status-publish","4":"has-post-thumbnail","6":"product_cat-cables-coaxiales","7":"product_cat-radio-frecuencia","8":"product_tag-summit","9":"desktop-align-left","10":"tablet-align-left","11":"mobile-align-left","13":"first","14":"instock","15":"shipping-taxable","16":"product-type-simple"},"yoast_head":"<!-- This site is optimized with the Yoast SEO plugin v24.6 - https:\/\/yoast.com\/wordpress\/plugins\/seo\/ -->\n<title>Cable Coaxial Feeder 1\/2&quot;Rigido -<\/title>\n<meta name=\"robots\" content=\"index, follow, max-snippet:-1, max-image-preview:large, max-video-preview:-1\" \/>\n<link rel=\"canonical\" href=\"https:\/\/tecplan.com.gt\/en\/product\/cable-coaxial-feeder-1-2rigido\/\" \/>\n<meta property=\"og:locale\" content=\"en_US\" \/>\n<meta property=\"og:type\" content=\"article\" \/>\n<meta property=\"og:title\" content=\"Cable Coaxial Feeder 1\/2&quot;Rigido -\" \/>\n<meta property=\"og:description\" content=\"Cable Coaxial 1\/2\u201d Feeder r\u00edgido    El cable alimentador 1\/ 2\u201d o cable Feeder coaxial 1\/ 2, tiene un escudo de PE de 16 mm, tubo de cobre corrugado es diel\u00e9ctrico con espuma de 12 mm para mayor protecci\u00f3n y transmisi\u00f3n y su conductor interno es de cobre (hueco o s\u00f3lido). Este cable es de transmisi\u00f3n para se\u00f1ales de radiofrecuencia que conectan transmisores y receptores de radio con sus antenas.\" \/>\n<meta property=\"og:url\" content=\"https:\/\/tecplan.com.gt\/en\/product\/cable-coaxial-feeder-1-2rigido\/\" \/>\n<meta property=\"article:modified_time\" content=\"2024-04-16T17:59:11+00:00\" \/>\n<meta property=\"og:image\" content=\"https:\/\/tecplan.com.gt\/wp-content\/uploads\/2021\/08\/Diseno-sin-titulo-10.png\" \/>\n\t<meta property=\"og:image:width\" content=\"1080\" \/>\n\t<meta property=\"og:image:height\" content=\"1080\" \/>\n\t<meta property=\"og:image:type\" content=\"image\/png\" \/>\n<meta name=\"twitter:card\" content=\"summary_large_image\" \/>\n<meta name=\"twitter:label1\" content=\"Est. reading time\" \/>\n\t<meta name=\"twitter:data1\" content=\"1 minute\" \/>\n<script type=\"application\/ld+json\" class=\"yoast-schema-graph\">{\"@context\":\"https:\/\/schema.org\",\"@graph\":[{\"@type\":\"WebPage\",\"@id\":\"https:\/\/tecplan.com.gt\/producto\/cable-coaxial-feeder-1-2rigido\/\",\"url\":\"https:\/\/tecplan.com.gt\/producto\/cable-coaxial-feeder-1-2rigido\/\",\"name\":\"Cable Coaxial Feeder 1\/2\\\"Rigido -\",\"isPartOf\":{\"@id\":\"https:\/\/tecplan.com.gt\/#website\"},\"primaryImageOfPage\":{\"@id\":\"https:\/\/tecplan.com.gt\/producto\/cable-coaxial-feeder-1-2rigido\/#primaryimage\"},\"image\":{\"@id\":\"https:\/\/tecplan.com.gt\/producto\/cable-coaxial-feeder-1-2rigido\/#primaryimage\"},\"thumbnailUrl\":\"\/wp-content\/uploads\/2021\/08\/Diseno-sin-titulo-10.png\",\"datePublished\":\"2021-08-06T14:15:00+00:00\",\"dateModified\":\"2024-04-16T17:59:11+00:00\",\"breadcrumb\":{\"@id\":\"https:\/\/tecplan.com.gt\/producto\/cable-coaxial-feeder-1-2rigido\/#breadcrumb\"},\"inLanguage\":\"en-US\",\"potentialAction\":[{\"@type\":\"ReadAction\",\"target\":[\"https:\/\/tecplan.com.gt\/producto\/cable-coaxial-feeder-1-2rigido\/\"]}]},{\"@type\":\"ImageObject\",\"inLanguage\":\"en-US\",\"@id\":\"https:\/\/tecplan.com.gt\/producto\/cable-coaxial-feeder-1-2rigido\/#primaryimage\",\"url\":\"\/wp-content\/uploads\/2021\/08\/Diseno-sin-titulo-10.png\",\"contentUrl\":\"\/wp-content\/uploads\/2021\/08\/Diseno-sin-titulo-10.png\",\"width\":1080,\"height\":1080},{\"@type\":\"BreadcrumbList\",\"@id\":\"https:\/\/tecplan.com.gt\/producto\/cable-coaxial-feeder-1-2rigido\/#breadcrumb\",\"itemListElement\":[{\"@type\":\"ListItem\",\"position\":1,\"name\":\"Portada\",\"item\":\"https:\/\/tecplan.com.gt\/\"},{\"@type\":\"ListItem\",\"position\":2,\"name\":\"Productos\",\"item\":\"https:\/\/tecplan.com.gt\/shop\/\"},{\"@type\":\"ListItem\",\"position\":3,\"name\":\"Cable Coaxial Feeder 1\/2&#8243;Rigido\"}]},{\"@type\":\"WebSite\",\"@id\":\"https:\/\/tecplan.com.gt\/#website\",\"url\":\"https:\/\/tecplan.com.gt\/\",\"name\":\"Tecplan Argentina\",\"description\":\"Tecnolog\u00edas y equipos de telecomunicaciones\",\"publisher\":{\"@id\":\"https:\/\/tecplan.com.gt\/#organization\"},\"potentialAction\":[{\"@type\":\"SearchAction\",\"target\":{\"@type\":\"EntryPoint\",\"urlTemplate\":\"https:\/\/tecplan.com.gt\/?s={search_term_string}\"},\"query-input\":{\"@type\":\"PropertyValueSpecification\",\"valueRequired\":true,\"valueName\":\"search_term_string\"}}],\"inLanguage\":\"en-US\"},{\"@type\":\"Organization\",\"@id\":\"https:\/\/tecplan.com.gt\/#organization\",\"name\":\"Tecplan Argentina\",\"url\":\"https:\/\/tecplan.com.gt\/\",\"logo\":{\"@type\":\"ImageObject\",\"inLanguage\":\"en-US\",\"@id\":\"https:\/\/tecplan.com.gt\/#\/schema\/logo\/image\/\",\"url\":\"\/wp-content\/uploads\/2023\/03\/logo-tecplan.gif\",\"contentUrl\":\"\/wp-content\/uploads\/2023\/03\/logo-tecplan.gif\",\"width\":1920,\"height\":486,\"caption\":\"Tecplan Argentina\"},\"image\":{\"@id\":\"https:\/\/tecplan.com.gt\/#\/schema\/logo\/image\/\"}}]}<\/script>\n<!-- \/ Yoast SEO plugin. -->","yoast_head_json":{"title":"Cable Coaxial Feeder 1\/2\"Rigido -","robots":{"index":"index","follow":"follow","max-snippet":"max-snippet:-1","max-image-preview":"max-image-preview:large","max-video-preview":"max-video-preview:-1"},"canonical":"https:\/\/tecplan.com.gt\/en\/product\/cable-coaxial-feeder-1-2rigido\/","og_locale":"en_US","og_type":"article","og_title":"Cable Coaxial Feeder 1\/2\"Rigido -","og_description":"Cable Coaxial 1\/2\u201d Feeder r\u00edgido    El cable alimentador 1\/ 2\u201d o cable Feeder coaxial 1\/ 2, tiene un escudo de PE de 16 mm, tubo de cobre corrugado es diel\u00e9ctrico con espuma de 12 mm para mayor protecci\u00f3n y transmisi\u00f3n y su conductor interno es de cobre (hueco o s\u00f3lido). Este cable es de transmisi\u00f3n para se\u00f1ales de radiofrecuencia que conectan transmisores y receptores de radio con sus antenas.","og_url":"https:\/\/tecplan.com.gt\/en\/product\/cable-coaxial-feeder-1-2rigido\/","article_modified_time":"2024-04-16T17:59:11+00:00","og_image":[{"width":1080,"height":1080,"url":"https:\/\/tecplan.com.gt\/wp-content\/uploads\/2021\/08\/Diseno-sin-titulo-10.png","type":"image\/png"}],"twitter_card":"summary_large_image","twitter_misc":{"Est. reading time":"1 minute"},"schema":{"@context":"https:\/\/schema.org","@graph":[{"@type":"WebPage","@id":"https:\/\/tecplan.com.gt\/producto\/cable-coaxial-feeder-1-2rigido\/","url":"https:\/\/tecplan.com.gt\/producto\/cable-coaxial-feeder-1-2rigido\/","name":"Cable Coaxial Feeder 1\/2\"Rigido -","isPartOf":{"@id":"https:\/\/tecplan.com.gt\/#website"},"primaryImageOfPage":{"@id":"https:\/\/tecplan.com.gt\/producto\/cable-coaxial-feeder-1-2rigido\/#primaryimage"},"image":{"@id":"https:\/\/tecplan.com.gt\/producto\/cable-coaxial-feeder-1-2rigido\/#primaryimage"},"thumbnailUrl":"\/wp-content\/uploads\/2021\/08\/Diseno-sin-titulo-10.png","datePublished":"2021-08-06T14:15:00+00:00","dateModified":"2024-04-16T17:59:11+00:00","breadcrumb":{"@id":"https:\/\/tecplan.com.gt\/producto\/cable-coaxial-feeder-1-2rigido\/#breadcrumb"},"inLanguage":"en-US","potentialAction":[{"@type":"ReadAction","target":["https:\/\/tecplan.com.gt\/producto\/cable-coaxial-feeder-1-2rigido\/"]}]},{"@type":"ImageObject","inLanguage":"en-US","@id":"https:\/\/tecplan.com.gt\/producto\/cable-coaxial-feeder-1-2rigido\/#primaryimage","url":"\/wp-content\/uploads\/2021\/08\/Diseno-sin-titulo-10.png","contentUrl":"\/wp-content\/uploads\/2021\/08\/Diseno-sin-titulo-10.png","width":1080,"height":1080},{"@type":"BreadcrumbList","@id":"https:\/\/tecplan.com.gt\/producto\/cable-coaxial-feeder-1-2rigido\/#breadcrumb","itemListElement":[{"@type":"ListItem","position":1,"name":"Portada","item":"https:\/\/tecplan.com.gt\/"},{"@type":"ListItem","position":2,"name":"Productos","item":"https:\/\/tecplan.com.gt\/shop\/"},{"@type":"ListItem","position":3,"name":"Cable Coaxial Feeder 1\/2&#8243;Rigido"}]},{"@type":"WebSite","@id":"https:\/\/tecplan.com.gt\/#website","url":"https:\/\/tecplan.com.gt\/","name":"Tecplan Argentina","description":"Tecnolog\u00edas y equipos de telecomunicaciones","publisher":{"@id":"https:\/\/tecplan.com.gt\/#organization"},"potentialAction":[{"@type":"SearchAction","target":{"@type":"EntryPoint","urlTemplate":"https:\/\/tecplan.com.gt\/?s={search_term_string}"},"query-input":{"@type":"PropertyValueSpecification","valueRequired":true,"valueName":"search_term_string"}}],"inLanguage":"en-US"},{"@type":"Organization","@id":"https:\/\/tecplan.com.gt\/#organization","name":"Tecplan Argentina","url":"https:\/\/tecplan.com.gt\/","logo":{"@type":"ImageObject","inLanguage":"en-US","@id":"https:\/\/tecplan.com.gt\/#\/schema\/logo\/image\/","url":"\/wp-content\/uploads\/2023\/03\/logo-tecplan.gif","contentUrl":"\/wp-content\/uploads\/2023\/03\/logo-tecplan.gif","width":1920,"height":486,"caption":"Tecplan Argentina"},"image":{"@id":"https:\/\/tecplan.com.gt\/#\/schema\/logo\/image\/"}}]}},"_links":{"self":[{"href":"https:\/\/tecplan.com.gt\/en\/wp-json\/wp\/v2\/product\/1557"}],"collection":[{"href":"https:\/\/tecplan.com.gt\/en\/wp-json\/wp\/v2\/product"}],"about":[{"href":"https:\/\/tecplan.com.gt\/en\/wp-json\/wp\/v2\/types\/product"}],"replies":[{"embeddable":true,"href":"https:\/\/tecplan.com.gt\/en\/wp-json\/wp\/v2\/comments?post=1557"}],"version-history":[{"count":10,"href":"https:\/\/tecplan.com.gt\/en\/wp-json\/wp\/v2\/product\/1557\/revisions"}],"predecessor-version":[{"id":9013,"href":"https:\/\/tecplan.com.gt\/en\/wp-json\/wp\/v2\/product\/1557\/revisions\/9013"}],"wp:featuredmedia":[{"embeddable":true,"href":"https:\/\/tecplan.com.gt\/en\/wp-json\/wp\/v2\/media\/4043"}],"wp:attachment":[{"href":"https:\/\/tecplan.com.gt\/en\/wp-json\/wp\/v2\/media?parent=1557"}],"wp:term":[{"taxonomy":"product_brand","embeddable":true,"href":"https:\/\/tecplan.com.gt\/en\/wp-json\/wp\/v2\/product_brand?post=1557"},{"taxonomy":"product_cat","embeddable":true,"href":"https:\/\/tecplan.com.gt\/en\/wp-json\/wp\/v2\/product_cat?post=1557"},{"taxonomy":"product_tag","embeddable":true,"href":"https:\/\/tecplan.com.gt\/en\/wp-json\/wp\/v2\/product_tag?post=1557"}],"curies":[{"name":"wp","href":"https:\/\/api.w.org\/{rel}","templated":true}]}}