{"id":1568,"date":"2021-08-06T10:24:42","date_gmt":"2021-08-06T14:24:42","guid":{"rendered":"https:\/\/tecplan.com.gt\/?post_type=product&#038;p=1568"},"modified":"2024-04-18T15:32:12","modified_gmt":"2024-04-18T19:32:12","slug":"conector-n-macho-para-cable-coaxial-de-1-2sf","status":"publish","type":"product","link":"https:\/\/tecplan.com.gt\/en\/product\/conector-n-macho-para-cable-coaxial-de-1-2sf\/","title":{"rendered":"Conector N Macho para cable coaxial de 1\/2\u00bbSF"},"content":{"rendered":"<div data-elementor-type=\"product-post\" data-elementor-id=\"1568\" class=\"elementor elementor-1568\" data-elementor-post-type=\"product\">\n\t\t\t\t<div class=\"elementor-element elementor-element-59311687 e-flex e-con-boxed e-con e-parent\" data-id=\"59311687\" data-element_type=\"container\">\n\t\t\t\t\t<div class=\"e-con-inner\">\n\t\t\t\t<div class=\"elementor-element elementor-element-20f5fb16 elementor-widget elementor-widget-text-editor\" data-id=\"20f5fb16\" data-element_type=\"widget\" data-widget_type=\"text-editor.default\">\n\t\t\t\t<div class=\"elementor-widget-container\">\n\t\t\t\t\t\t\t\t\t<strong>N Male Connector for 1\/2\u201dSF Coaxial Cable<\/strong>\r\n\r\nSummIT connector N-M-1\/2\u2033SF RF Connector is in accordance with IEC60169-16: 1982. Male interface screw thread standard\uff1a5\/8-24UNEF-2B\r\n\r\n<img fetchpriority=\"high\" decoding=\"async\" class=\"alignleft wp-image-1571 size-full\" src=\"http:\/\/tecplan.com.gt\/wp-content\/uploads\/2021\/08\/Captura-de-pantalla-2021-08-06-102359.png\" alt=\"\" width=\"729\" height=\"636\" \/>\t\t\t\t\t\t\t\t<\/div>\n\t\t\t\t<\/div>\n\t\t\t\t<div class=\"elementor-element elementor-element-d388ce4 elementor-widget elementor-widget-button\" data-id=\"d388ce4\" data-element_type=\"widget\" data-widget_type=\"button.default\">\n\t\t\t\t<div class=\"elementor-widget-container\">\n\t\t\t\t\t\t\t\t\t<div class=\"elementor-button-wrapper\">\n\t\t\t\t\t<a class=\"elementor-button elementor-button-link elementor-size-sm\" href=\"https:\/\/drive.google.com\/file\/d\/1FwlCawTUNcvOcnMAtFpF1-ayVhDevlRd\/view?usp=sharing\">\n\t\t\t\t\t\t<span class=\"elementor-button-content-wrapper\">\n\t\t\t\t\t\t\t\t\t<span class=\"elementor-button-text\">Download Technical Sheet<\/span>\n\t\t\t\t\t<\/span>\n\t\t\t\t\t<\/a>\n\t\t\t\t<\/div>\n\t\t\t\t\t\t\t\t<\/div>\n\t\t\t\t<\/div>\n\t\t\t\t\t<\/div>\n\t\t\t\t<\/div>\n\t\t\t\t<\/div>","protected":false},"excerpt":{"rendered":"<p><strong><br \/>N Male Connector for 1\/2\u201dSF Coaxial Cable<\/strong><\/br><\/p>\n<p style=\"text-align: justify;\">High performance connector designed for use with corrugated copper cables, specifically to provide the highest quality connector-cable interface, while simplifying and speeding up connector mating. <\/p>","protected":false},"featured_media":1569,"comment_status":"open","ping_status":"closed","template":"","meta":{"site-sidebar-layout":"default","site-content-layout":"","ast-site-content-layout":"default","site-content-style":"default","site-sidebar-style":"default","ast-global-header-display":"","ast-banner-title-visibility":"","ast-main-header-display":"","ast-hfb-above-header-display":"","ast-hfb-below-header-display":"","ast-hfb-mobile-header-display":"","site-post-title":"","ast-breadcrumbs-content":"","ast-featured-img":"","footer-sml-layout":"","theme-transparent-header-meta":"default","adv-header-id-meta":"","stick-header-meta":"","header-above-stick-meta":"","header-main-stick-meta":"","header-below-stick-meta":"","astra-migrate-meta-layouts":"set","ast-page-background-enabled":"default","ast-page-background-meta":{"desktop":{"background-color":"var(--ast-global-color-4)","background-image":"","background-repeat":"repeat","background-position":"center center","background-size":"auto","background-attachment":"scroll","background-type":"","background-media":"","overlay-type":"","overlay-color":"","overlay-opacity":"","overlay-gradient":""},"tablet":{"background-color":"","background-image":"","background-repeat":"repeat","background-position":"center center","background-size":"auto","background-attachment":"scroll","background-type":"","background-media":"","overlay-type":"","overlay-color":"","overlay-opacity":"","overlay-gradient":""},"mobile":{"background-color":"","background-image":"","background-repeat":"repeat","background-position":"center center","background-size":"auto","background-attachment":"scroll","background-type":"","background-media":"","overlay-type":"","overlay-color":"","overlay-opacity":"","overlay-gradient":""}},"ast-content-background-meta":{"desktop":{"background-color":"var(--ast-global-color-5)","background-image":"","background-repeat":"repeat","background-position":"center center","background-size":"auto","background-attachment":"scroll","background-type":"","background-media":"","overlay-type":"","overlay-color":"","overlay-opacity":"","overlay-gradient":""},"tablet":{"background-color":"var(--ast-global-color-5)","background-image":"","background-repeat":"repeat","background-position":"center center","background-size":"auto","background-attachment":"scroll","background-type":"","background-media":"","overlay-type":"","overlay-color":"","overlay-opacity":"","overlay-gradient":""},"mobile":{"background-color":"var(--ast-global-color-5)","background-image":"","background-repeat":"repeat","background-position":"center center","background-size":"auto","background-attachment":"scroll","background-type":"","background-media":"","overlay-type":"","overlay-color":"","overlay-opacity":"","overlay-gradient":""}}},"product_brand":[],"product_cat":[23,20],"product_tag":[58],"class_list":{"0":"post-1568","1":"product","2":"type-product","3":"status-publish","4":"has-post-thumbnail","6":"product_cat-conectores","7":"product_cat-radio-frecuencia","8":"product_tag-summit","9":"desktop-align-left","10":"tablet-align-left","11":"mobile-align-left","13":"first","14":"instock","15":"shipping-taxable","16":"product-type-simple"},"yoast_head":"<!-- This site is optimized with the Yoast SEO plugin v24.6 - https:\/\/yoast.com\/wordpress\/plugins\/seo\/ -->\n<title>Conector N Macho para cable coaxial de 1\/2&#039;&#039;SF -<\/title>\n<meta name=\"robots\" content=\"index, follow, max-snippet:-1, max-image-preview:large, max-video-preview:-1\" \/>\n<link rel=\"canonical\" href=\"https:\/\/tecplan.com.gt\/en\/product\/conector-n-macho-para-cable-coaxial-de-1-2sf\/\" \/>\n<meta property=\"og:locale\" content=\"en_US\" \/>\n<meta property=\"og:type\" content=\"article\" \/>\n<meta property=\"og:title\" content=\"Conector N Macho para cable coaxial de 1\/2&#039;&#039;SF -\" \/>\n<meta property=\"og:description\" content=\"Conector N Macho para cable coaxial de 1\/2\u201dSF  Conector de alto rendimiento dise\u00f1ado para usarse con cables de cobre corrugado, espec\u00edficamente para proporcionar una interfaz de conector-cable de la m\u00e1s alta calidad, al mismo tiempo que simplifican y aceleran la conexi\u00f3n del conector.\" \/>\n<meta property=\"og:url\" content=\"https:\/\/tecplan.com.gt\/en\/product\/conector-n-macho-para-cable-coaxial-de-1-2sf\/\" \/>\n<meta property=\"article:modified_time\" content=\"2024-04-18T19:32:12+00:00\" \/>\n<meta property=\"og:image\" content=\"https:\/\/tecplan.com.gt\/wp-content\/uploads\/2023\/03\/Captura-de-pantalla-2021-08-06-102244.png\" \/>\n\t<meta property=\"og:image:width\" content=\"431\" \/>\n\t<meta property=\"og:image:height\" content=\"298\" \/>\n\t<meta property=\"og:image:type\" content=\"image\/png\" \/>\n<meta name=\"twitter:card\" content=\"summary_large_image\" \/>\n<meta name=\"twitter:label1\" content=\"Est. reading time\" \/>\n\t<meta name=\"twitter:data1\" content=\"1 minute\" \/>\n<script type=\"application\/ld+json\" class=\"yoast-schema-graph\">{\"@context\":\"https:\/\/schema.org\",\"@graph\":[{\"@type\":\"WebPage\",\"@id\":\"https:\/\/tecplan.com.gt\/producto\/conector-n-macho-para-cable-coaxial-de-1-2sf\/\",\"url\":\"https:\/\/tecplan.com.gt\/producto\/conector-n-macho-para-cable-coaxial-de-1-2sf\/\",\"name\":\"Conector N Macho para cable coaxial de 1\/2''SF -\",\"isPartOf\":{\"@id\":\"https:\/\/tecplan.com.gt\/#website\"},\"primaryImageOfPage\":{\"@id\":\"https:\/\/tecplan.com.gt\/producto\/conector-n-macho-para-cable-coaxial-de-1-2sf\/#primaryimage\"},\"image\":{\"@id\":\"https:\/\/tecplan.com.gt\/producto\/conector-n-macho-para-cable-coaxial-de-1-2sf\/#primaryimage\"},\"thumbnailUrl\":\"\/wp-content\/uploads\/2023\/03\/Captura-de-pantalla-2021-08-06-102244.png\",\"datePublished\":\"2021-08-06T14:24:42+00:00\",\"dateModified\":\"2024-04-18T19:32:12+00:00\",\"breadcrumb\":{\"@id\":\"https:\/\/tecplan.com.gt\/producto\/conector-n-macho-para-cable-coaxial-de-1-2sf\/#breadcrumb\"},\"inLanguage\":\"en-US\",\"potentialAction\":[{\"@type\":\"ReadAction\",\"target\":[\"https:\/\/tecplan.com.gt\/producto\/conector-n-macho-para-cable-coaxial-de-1-2sf\/\"]}]},{\"@type\":\"ImageObject\",\"inLanguage\":\"en-US\",\"@id\":\"https:\/\/tecplan.com.gt\/producto\/conector-n-macho-para-cable-coaxial-de-1-2sf\/#primaryimage\",\"url\":\"\/wp-content\/uploads\/2023\/03\/Captura-de-pantalla-2021-08-06-102244.png\",\"contentUrl\":\"\/wp-content\/uploads\/2023\/03\/Captura-de-pantalla-2021-08-06-102244.png\",\"width\":431,\"height\":298},{\"@type\":\"BreadcrumbList\",\"@id\":\"https:\/\/tecplan.com.gt\/producto\/conector-n-macho-para-cable-coaxial-de-1-2sf\/#breadcrumb\",\"itemListElement\":[{\"@type\":\"ListItem\",\"position\":1,\"name\":\"Portada\",\"item\":\"https:\/\/tecplan.com.gt\/\"},{\"@type\":\"ListItem\",\"position\":2,\"name\":\"Productos\",\"item\":\"https:\/\/tecplan.com.gt\/shop\/\"},{\"@type\":\"ListItem\",\"position\":3,\"name\":\"Conector N Macho para cable coaxial de 1\/2&#8221;SF\"}]},{\"@type\":\"WebSite\",\"@id\":\"https:\/\/tecplan.com.gt\/#website\",\"url\":\"https:\/\/tecplan.com.gt\/\",\"name\":\"Tecplan Argentina\",\"description\":\"Tecnolog\u00edas y equipos de telecomunicaciones\",\"publisher\":{\"@id\":\"https:\/\/tecplan.com.gt\/#organization\"},\"potentialAction\":[{\"@type\":\"SearchAction\",\"target\":{\"@type\":\"EntryPoint\",\"urlTemplate\":\"https:\/\/tecplan.com.gt\/?s={search_term_string}\"},\"query-input\":{\"@type\":\"PropertyValueSpecification\",\"valueRequired\":true,\"valueName\":\"search_term_string\"}}],\"inLanguage\":\"en-US\"},{\"@type\":\"Organization\",\"@id\":\"https:\/\/tecplan.com.gt\/#organization\",\"name\":\"Tecplan Argentina\",\"url\":\"https:\/\/tecplan.com.gt\/\",\"logo\":{\"@type\":\"ImageObject\",\"inLanguage\":\"en-US\",\"@id\":\"https:\/\/tecplan.com.gt\/#\/schema\/logo\/image\/\",\"url\":\"\/wp-content\/uploads\/2023\/03\/logo-tecplan.gif\",\"contentUrl\":\"\/wp-content\/uploads\/2023\/03\/logo-tecplan.gif\",\"width\":1920,\"height\":486,\"caption\":\"Tecplan Argentina\"},\"image\":{\"@id\":\"https:\/\/tecplan.com.gt\/#\/schema\/logo\/image\/\"}}]}<\/script>\n<!-- \/ Yoast SEO plugin. -->","yoast_head_json":{"title":"Conector N Macho para cable coaxial de 1\/2''SF -","robots":{"index":"index","follow":"follow","max-snippet":"max-snippet:-1","max-image-preview":"max-image-preview:large","max-video-preview":"max-video-preview:-1"},"canonical":"https:\/\/tecplan.com.gt\/en\/product\/conector-n-macho-para-cable-coaxial-de-1-2sf\/","og_locale":"en_US","og_type":"article","og_title":"Conector N Macho para cable coaxial de 1\/2''SF -","og_description":"Conector N Macho para cable coaxial de 1\/2\u201dSF  Conector de alto rendimiento dise\u00f1ado para usarse con cables de cobre corrugado, espec\u00edficamente para proporcionar una interfaz de conector-cable de la m\u00e1s alta calidad, al mismo tiempo que simplifican y aceleran la conexi\u00f3n del conector.","og_url":"https:\/\/tecplan.com.gt\/en\/product\/conector-n-macho-para-cable-coaxial-de-1-2sf\/","article_modified_time":"2024-04-18T19:32:12+00:00","og_image":[{"width":431,"height":298,"url":"https:\/\/tecplan.com.gt\/wp-content\/uploads\/2023\/03\/Captura-de-pantalla-2021-08-06-102244.png","type":"image\/png"}],"twitter_card":"summary_large_image","twitter_misc":{"Est. reading time":"1 minute"},"schema":{"@context":"https:\/\/schema.org","@graph":[{"@type":"WebPage","@id":"https:\/\/tecplan.com.gt\/producto\/conector-n-macho-para-cable-coaxial-de-1-2sf\/","url":"https:\/\/tecplan.com.gt\/producto\/conector-n-macho-para-cable-coaxial-de-1-2sf\/","name":"Conector N Macho para cable coaxial de 1\/2''SF -","isPartOf":{"@id":"https:\/\/tecplan.com.gt\/#website"},"primaryImageOfPage":{"@id":"https:\/\/tecplan.com.gt\/producto\/conector-n-macho-para-cable-coaxial-de-1-2sf\/#primaryimage"},"image":{"@id":"https:\/\/tecplan.com.gt\/producto\/conector-n-macho-para-cable-coaxial-de-1-2sf\/#primaryimage"},"thumbnailUrl":"\/wp-content\/uploads\/2023\/03\/Captura-de-pantalla-2021-08-06-102244.png","datePublished":"2021-08-06T14:24:42+00:00","dateModified":"2024-04-18T19:32:12+00:00","breadcrumb":{"@id":"https:\/\/tecplan.com.gt\/producto\/conector-n-macho-para-cable-coaxial-de-1-2sf\/#breadcrumb"},"inLanguage":"en-US","potentialAction":[{"@type":"ReadAction","target":["https:\/\/tecplan.com.gt\/producto\/conector-n-macho-para-cable-coaxial-de-1-2sf\/"]}]},{"@type":"ImageObject","inLanguage":"en-US","@id":"https:\/\/tecplan.com.gt\/producto\/conector-n-macho-para-cable-coaxial-de-1-2sf\/#primaryimage","url":"\/wp-content\/uploads\/2023\/03\/Captura-de-pantalla-2021-08-06-102244.png","contentUrl":"\/wp-content\/uploads\/2023\/03\/Captura-de-pantalla-2021-08-06-102244.png","width":431,"height":298},{"@type":"BreadcrumbList","@id":"https:\/\/tecplan.com.gt\/producto\/conector-n-macho-para-cable-coaxial-de-1-2sf\/#breadcrumb","itemListElement":[{"@type":"ListItem","position":1,"name":"Portada","item":"https:\/\/tecplan.com.gt\/"},{"@type":"ListItem","position":2,"name":"Productos","item":"https:\/\/tecplan.com.gt\/shop\/"},{"@type":"ListItem","position":3,"name":"Conector N Macho para cable coaxial de 1\/2&#8221;SF"}]},{"@type":"WebSite","@id":"https:\/\/tecplan.com.gt\/#website","url":"https:\/\/tecplan.com.gt\/","name":"Tecplan Argentina","description":"Tecnolog\u00edas y equipos de telecomunicaciones","publisher":{"@id":"https:\/\/tecplan.com.gt\/#organization"},"potentialAction":[{"@type":"SearchAction","target":{"@type":"EntryPoint","urlTemplate":"https:\/\/tecplan.com.gt\/?s={search_term_string}"},"query-input":{"@type":"PropertyValueSpecification","valueRequired":true,"valueName":"search_term_string"}}],"inLanguage":"en-US"},{"@type":"Organization","@id":"https:\/\/tecplan.com.gt\/#organization","name":"Tecplan Argentina","url":"https:\/\/tecplan.com.gt\/","logo":{"@type":"ImageObject","inLanguage":"en-US","@id":"https:\/\/tecplan.com.gt\/#\/schema\/logo\/image\/","url":"\/wp-content\/uploads\/2023\/03\/logo-tecplan.gif","contentUrl":"\/wp-content\/uploads\/2023\/03\/logo-tecplan.gif","width":1920,"height":486,"caption":"Tecplan Argentina"},"image":{"@id":"https:\/\/tecplan.com.gt\/#\/schema\/logo\/image\/"}}]}},"_links":{"self":[{"href":"https:\/\/tecplan.com.gt\/en\/wp-json\/wp\/v2\/product\/1568"}],"collection":[{"href":"https:\/\/tecplan.com.gt\/en\/wp-json\/wp\/v2\/product"}],"about":[{"href":"https:\/\/tecplan.com.gt\/en\/wp-json\/wp\/v2\/types\/product"}],"replies":[{"embeddable":true,"href":"https:\/\/tecplan.com.gt\/en\/wp-json\/wp\/v2\/comments?post=1568"}],"version-history":[{"count":8,"href":"https:\/\/tecplan.com.gt\/en\/wp-json\/wp\/v2\/product\/1568\/revisions"}],"predecessor-version":[{"id":9011,"href":"https:\/\/tecplan.com.gt\/en\/wp-json\/wp\/v2\/product\/1568\/revisions\/9011"}],"wp:featuredmedia":[{"embeddable":true,"href":"https:\/\/tecplan.com.gt\/en\/wp-json\/wp\/v2\/media\/1569"}],"wp:attachment":[{"href":"https:\/\/tecplan.com.gt\/en\/wp-json\/wp\/v2\/media?parent=1568"}],"wp:term":[{"taxonomy":"product_brand","embeddable":true,"href":"https:\/\/tecplan.com.gt\/en\/wp-json\/wp\/v2\/product_brand?post=1568"},{"taxonomy":"product_cat","embeddable":true,"href":"https:\/\/tecplan.com.gt\/en\/wp-json\/wp\/v2\/product_cat?post=1568"},{"taxonomy":"product_tag","embeddable":true,"href":"https:\/\/tecplan.com.gt\/en\/wp-json\/wp\/v2\/product_tag?post=1568"}],"curies":[{"name":"wp","href":"https:\/\/api.w.org\/{rel}","templated":true}]}}