{"id":1589,"date":"2021-08-06T10:49:17","date_gmt":"2021-08-06T14:49:17","guid":{"rendered":"https:\/\/tecplan.com.gt\/?post_type=product&#038;p=1589"},"modified":"2024-04-18T15:24:56","modified_gmt":"2024-04-18T19:24:56","slug":"conector-bnc-macho-para-cable-flex3","status":"publish","type":"product","link":"https:\/\/tecplan.com.gt\/en\/product\/conector-bnc-macho-para-cable-flex3\/","title":{"rendered":"BNC Male Connector for Flex3 Cable"},"content":{"rendered":"<div data-elementor-type=\"product-post\" data-elementor-id=\"1589\" class=\"elementor elementor-1589\" data-elementor-post-type=\"product\">\n\t\t\t\t<div class=\"elementor-element elementor-element-5a251ebc e-flex e-con-boxed e-con e-parent\" data-id=\"5a251ebc\" data-element_type=\"container\">\n\t\t\t\t\t<div class=\"e-con-inner\">\n\t\t\t\t<div class=\"elementor-element elementor-element-1f2c3095 elementor-widget elementor-widget-text-editor\" data-id=\"1f2c3095\" data-element_type=\"widget\" data-widget_type=\"text-editor.default\">\n\t\t\t\t<div class=\"elementor-widget-container\">\n\t\t\t\t\t\t\t\t\t<p><strong>BNC Male Connector for Flex3 Cable<\/strong><\/p><p>The SummIT BNC connector is a miniature quick-disconnect RF connector. It features two bayonet lugs on the female connector; mating is achieved with just a quarter turn of the coupling nut. BNCs are ideal for cable termination for miniature to subminiature coaxial cable (RG-58, 59, to RG-179, RG-316, Flex 3, Flex 5, BT3002.).<\/p><p><img fetchpriority=\"high\" decoding=\"async\" class=\"alignleft wp-image-1592 size-full\" src=\"http:\/\/tecplan.com.gt\/wp-content\/uploads\/2021\/08\/Captura-de-pantalla-2021-08-06-104836.png\" alt=\"\" width=\"978\" height=\"731\" \/><\/p>\t\t\t\t\t\t\t\t<\/div>\n\t\t\t\t<\/div>\n\t\t\t\t<div class=\"elementor-element elementor-element-147830a elementor-widget elementor-widget-button\" data-id=\"147830a\" data-element_type=\"widget\" data-widget_type=\"button.default\">\n\t\t\t\t<div class=\"elementor-widget-container\">\n\t\t\t\t\t\t\t\t\t<div class=\"elementor-button-wrapper\">\n\t\t\t\t\t<a class=\"elementor-button elementor-button-link elementor-size-sm\" href=\"https:\/\/drive.google.com\/file\/d\/1ttrSsIM6ixHdWsaSOpWltVJiAyUzCEYH\/view?usp=sharing\">\n\t\t\t\t\t\t<span class=\"elementor-button-content-wrapper\">\n\t\t\t\t\t\t\t\t\t<span class=\"elementor-button-text\">Download Technical Sheet<\/span>\n\t\t\t\t\t<\/span>\n\t\t\t\t\t<\/a>\n\t\t\t\t<\/div>\n\t\t\t\t\t\t\t\t<\/div>\n\t\t\t\t<\/div>\n\t\t\t\t\t<\/div>\n\t\t\t\t<\/div>\n\t\t\t\t<\/div>","protected":false},"excerpt":{"rendered":"<p><strong><br \/> BNC Male Connector for Flex3 Cable <\/br><\/strong><\/p>\n<p style=\"text-align: justify;\"> The 75 Ohm BNC Straight Crimp Male Connector is part of a complete range of high performance BNC male connectors, for use in digital\/HD video applications. This bayonet locking crimp coaxial connector with a Delrin material insulator is designed to terminate a variety of RG coaxial cables and features a precision machined, nickel plated brass body and coupling nut. Mating is achieved with just a quarter turn of the coupling nut. <\/p>","protected":false},"featured_media":6274,"comment_status":"open","ping_status":"closed","template":"","meta":{"site-sidebar-layout":"default","site-content-layout":"","ast-site-content-layout":"default","site-content-style":"default","site-sidebar-style":"default","ast-global-header-display":"","ast-banner-title-visibility":"","ast-main-header-display":"","ast-hfb-above-header-display":"","ast-hfb-below-header-display":"","ast-hfb-mobile-header-display":"","site-post-title":"","ast-breadcrumbs-content":"","ast-featured-img":"","footer-sml-layout":"","theme-transparent-header-meta":"default","adv-header-id-meta":"","stick-header-meta":"","header-above-stick-meta":"","header-main-stick-meta":"","header-below-stick-meta":"","astra-migrate-meta-layouts":"set","ast-page-background-enabled":"default","ast-page-background-meta":{"desktop":{"background-color":"var(--ast-global-color-4)","background-image":"","background-repeat":"repeat","background-position":"center center","background-size":"auto","background-attachment":"scroll","background-type":"","background-media":"","overlay-type":"","overlay-color":"","overlay-opacity":"","overlay-gradient":""},"tablet":{"background-color":"","background-image":"","background-repeat":"repeat","background-position":"center center","background-size":"auto","background-attachment":"scroll","background-type":"","background-media":"","overlay-type":"","overlay-color":"","overlay-opacity":"","overlay-gradient":""},"mobile":{"background-color":"","background-image":"","background-repeat":"repeat","background-position":"center center","background-size":"auto","background-attachment":"scroll","background-type":"","background-media":"","overlay-type":"","overlay-color":"","overlay-opacity":"","overlay-gradient":""}},"ast-content-background-meta":{"desktop":{"background-color":"var(--ast-global-color-5)","background-image":"","background-repeat":"repeat","background-position":"center center","background-size":"auto","background-attachment":"scroll","background-type":"","background-media":"","overlay-type":"","overlay-color":"","overlay-opacity":"","overlay-gradient":""},"tablet":{"background-color":"var(--ast-global-color-5)","background-image":"","background-repeat":"repeat","background-position":"center center","background-size":"auto","background-attachment":"scroll","background-type":"","background-media":"","overlay-type":"","overlay-color":"","overlay-opacity":"","overlay-gradient":""},"mobile":{"background-color":"var(--ast-global-color-5)","background-image":"","background-repeat":"repeat","background-position":"center center","background-size":"auto","background-attachment":"scroll","background-type":"","background-media":"","overlay-type":"","overlay-color":"","overlay-opacity":"","overlay-gradient":""}}},"product_brand":[],"product_cat":[23,20],"product_tag":[58],"class_list":{"0":"post-1589","1":"product","2":"type-product","3":"status-publish","4":"has-post-thumbnail","6":"product_cat-conectores","7":"product_cat-radio-frecuencia","8":"product_tag-summit","9":"desktop-align-left","10":"tablet-align-left","11":"mobile-align-left","13":"first","14":"instock","15":"shipping-taxable","16":"product-type-simple"},"yoast_head":"<!-- This site is optimized with the Yoast SEO plugin v24.6 - https:\/\/yoast.com\/wordpress\/plugins\/seo\/ -->\n<title>Conector BNC Macho para cable Flex3 -<\/title>\n<meta name=\"robots\" content=\"index, follow, max-snippet:-1, max-image-preview:large, max-video-preview:-1\" \/>\n<link rel=\"canonical\" href=\"https:\/\/tecplan.com.gt\/en\/product\/conector-bnc-macho-para-cable-flex3\/\" \/>\n<meta property=\"og:locale\" content=\"en_US\" \/>\n<meta property=\"og:type\" content=\"article\" \/>\n<meta property=\"og:title\" content=\"Conector BNC Macho para cable Flex3 -\" \/>\n<meta property=\"og:description\" content=\"Conector BNC Macho para cable Flex3   El conector macho de crimpado recto BNC de 75 ohmios forma parte de una gama completa de conectores macho BNC de alto rendimiento, para uso en aplicaciones de v\u00eddeo digital\/HD. Este conector coaxial engarzado con bloqueo de bayoneta con un aislante de material Delrin est\u00e1 dise\u00f1ado para terminar en una variedad de cables coaxiales RG y cuenta con un cuerpo y una tuerca de acoplamiento de lat\u00f3n mecanizado con precisi\u00f3n y niquelado. El acoplamiento se logra con s\u00f3lo un cuarto de vuelta de la tuerca de acoplamiento.\" \/>\n<meta property=\"og:url\" content=\"https:\/\/tecplan.com.gt\/en\/product\/conector-bnc-macho-para-cable-flex3\/\" \/>\n<meta property=\"article:modified_time\" content=\"2024-04-18T19:24:56+00:00\" \/>\n<meta property=\"og:image\" content=\"https:\/\/tecplan.com.gt\/wp-content\/uploads\/2021\/08\/Conector-BNC-Macho-01.jpg\" \/>\n\t<meta property=\"og:image:width\" content=\"2000\" \/>\n\t<meta property=\"og:image:height\" content=\"2000\" \/>\n\t<meta property=\"og:image:type\" content=\"image\/jpeg\" \/>\n<meta name=\"twitter:card\" content=\"summary_large_image\" \/>\n<meta name=\"twitter:label1\" content=\"Est. reading time\" \/>\n\t<meta name=\"twitter:data1\" content=\"1 minute\" \/>\n<script type=\"application\/ld+json\" class=\"yoast-schema-graph\">{\"@context\":\"https:\/\/schema.org\",\"@graph\":[{\"@type\":\"WebPage\",\"@id\":\"https:\/\/tecplan.com.gt\/producto\/conector-bnc-macho-para-cable-flex3\/\",\"url\":\"https:\/\/tecplan.com.gt\/producto\/conector-bnc-macho-para-cable-flex3\/\",\"name\":\"Conector BNC Macho para cable Flex3 -\",\"isPartOf\":{\"@id\":\"https:\/\/tecplan.com.gt\/#website\"},\"primaryImageOfPage\":{\"@id\":\"https:\/\/tecplan.com.gt\/producto\/conector-bnc-macho-para-cable-flex3\/#primaryimage\"},\"image\":{\"@id\":\"https:\/\/tecplan.com.gt\/producto\/conector-bnc-macho-para-cable-flex3\/#primaryimage\"},\"thumbnailUrl\":\"\/wp-content\/uploads\/2021\/08\/Conector-BNC-Macho-01.jpg\",\"datePublished\":\"2021-08-06T14:49:17+00:00\",\"dateModified\":\"2024-04-18T19:24:56+00:00\",\"breadcrumb\":{\"@id\":\"https:\/\/tecplan.com.gt\/producto\/conector-bnc-macho-para-cable-flex3\/#breadcrumb\"},\"inLanguage\":\"en-US\",\"potentialAction\":[{\"@type\":\"ReadAction\",\"target\":[\"https:\/\/tecplan.com.gt\/producto\/conector-bnc-macho-para-cable-flex3\/\"]}]},{\"@type\":\"ImageObject\",\"inLanguage\":\"en-US\",\"@id\":\"https:\/\/tecplan.com.gt\/producto\/conector-bnc-macho-para-cable-flex3\/#primaryimage\",\"url\":\"\/wp-content\/uploads\/2021\/08\/Conector-BNC-Macho-01.jpg\",\"contentUrl\":\"\/wp-content\/uploads\/2021\/08\/Conector-BNC-Macho-01.jpg\",\"width\":2000,\"height\":2000},{\"@type\":\"BreadcrumbList\",\"@id\":\"https:\/\/tecplan.com.gt\/producto\/conector-bnc-macho-para-cable-flex3\/#breadcrumb\",\"itemListElement\":[{\"@type\":\"ListItem\",\"position\":1,\"name\":\"Portada\",\"item\":\"https:\/\/tecplan.com.gt\/\"},{\"@type\":\"ListItem\",\"position\":2,\"name\":\"Productos\",\"item\":\"https:\/\/tecplan.com.gt\/shop\/\"},{\"@type\":\"ListItem\",\"position\":3,\"name\":\"Conector BNC Macho para cable Flex3\"}]},{\"@type\":\"WebSite\",\"@id\":\"https:\/\/tecplan.com.gt\/#website\",\"url\":\"https:\/\/tecplan.com.gt\/\",\"name\":\"Tecplan Argentina\",\"description\":\"Tecnolog\u00edas y equipos de telecomunicaciones\",\"publisher\":{\"@id\":\"https:\/\/tecplan.com.gt\/#organization\"},\"potentialAction\":[{\"@type\":\"SearchAction\",\"target\":{\"@type\":\"EntryPoint\",\"urlTemplate\":\"https:\/\/tecplan.com.gt\/?s={search_term_string}\"},\"query-input\":{\"@type\":\"PropertyValueSpecification\",\"valueRequired\":true,\"valueName\":\"search_term_string\"}}],\"inLanguage\":\"en-US\"},{\"@type\":\"Organization\",\"@id\":\"https:\/\/tecplan.com.gt\/#organization\",\"name\":\"Tecplan Argentina\",\"url\":\"https:\/\/tecplan.com.gt\/\",\"logo\":{\"@type\":\"ImageObject\",\"inLanguage\":\"en-US\",\"@id\":\"https:\/\/tecplan.com.gt\/#\/schema\/logo\/image\/\",\"url\":\"\/wp-content\/uploads\/2023\/03\/logo-tecplan.gif\",\"contentUrl\":\"\/wp-content\/uploads\/2023\/03\/logo-tecplan.gif\",\"width\":1920,\"height\":486,\"caption\":\"Tecplan Argentina\"},\"image\":{\"@id\":\"https:\/\/tecplan.com.gt\/#\/schema\/logo\/image\/\"}}]}<\/script>\n<!-- \/ Yoast SEO plugin. -->","yoast_head_json":{"title":"Conector BNC Macho para cable Flex3 -","robots":{"index":"index","follow":"follow","max-snippet":"max-snippet:-1","max-image-preview":"max-image-preview:large","max-video-preview":"max-video-preview:-1"},"canonical":"https:\/\/tecplan.com.gt\/en\/product\/conector-bnc-macho-para-cable-flex3\/","og_locale":"en_US","og_type":"article","og_title":"Conector BNC Macho para cable Flex3 -","og_description":"Conector BNC Macho para cable Flex3   El conector macho de crimpado recto BNC de 75 ohmios forma parte de una gama completa de conectores macho BNC de alto rendimiento, para uso en aplicaciones de v\u00eddeo digital\/HD. Este conector coaxial engarzado con bloqueo de bayoneta con un aislante de material Delrin est\u00e1 dise\u00f1ado para terminar en una variedad de cables coaxiales RG y cuenta con un cuerpo y una tuerca de acoplamiento de lat\u00f3n mecanizado con precisi\u00f3n y niquelado. El acoplamiento se logra con s\u00f3lo un cuarto de vuelta de la tuerca de acoplamiento.","og_url":"https:\/\/tecplan.com.gt\/en\/product\/conector-bnc-macho-para-cable-flex3\/","article_modified_time":"2024-04-18T19:24:56+00:00","og_image":[{"width":2000,"height":2000,"url":"https:\/\/tecplan.com.gt\/wp-content\/uploads\/2021\/08\/Conector-BNC-Macho-01.jpg","type":"image\/jpeg"}],"twitter_card":"summary_large_image","twitter_misc":{"Est. reading time":"1 minute"},"schema":{"@context":"https:\/\/schema.org","@graph":[{"@type":"WebPage","@id":"https:\/\/tecplan.com.gt\/producto\/conector-bnc-macho-para-cable-flex3\/","url":"https:\/\/tecplan.com.gt\/producto\/conector-bnc-macho-para-cable-flex3\/","name":"Conector BNC Macho para cable Flex3 -","isPartOf":{"@id":"https:\/\/tecplan.com.gt\/#website"},"primaryImageOfPage":{"@id":"https:\/\/tecplan.com.gt\/producto\/conector-bnc-macho-para-cable-flex3\/#primaryimage"},"image":{"@id":"https:\/\/tecplan.com.gt\/producto\/conector-bnc-macho-para-cable-flex3\/#primaryimage"},"thumbnailUrl":"\/wp-content\/uploads\/2021\/08\/Conector-BNC-Macho-01.jpg","datePublished":"2021-08-06T14:49:17+00:00","dateModified":"2024-04-18T19:24:56+00:00","breadcrumb":{"@id":"https:\/\/tecplan.com.gt\/producto\/conector-bnc-macho-para-cable-flex3\/#breadcrumb"},"inLanguage":"en-US","potentialAction":[{"@type":"ReadAction","target":["https:\/\/tecplan.com.gt\/producto\/conector-bnc-macho-para-cable-flex3\/"]}]},{"@type":"ImageObject","inLanguage":"en-US","@id":"https:\/\/tecplan.com.gt\/producto\/conector-bnc-macho-para-cable-flex3\/#primaryimage","url":"\/wp-content\/uploads\/2021\/08\/Conector-BNC-Macho-01.jpg","contentUrl":"\/wp-content\/uploads\/2021\/08\/Conector-BNC-Macho-01.jpg","width":2000,"height":2000},{"@type":"BreadcrumbList","@id":"https:\/\/tecplan.com.gt\/producto\/conector-bnc-macho-para-cable-flex3\/#breadcrumb","itemListElement":[{"@type":"ListItem","position":1,"name":"Portada","item":"https:\/\/tecplan.com.gt\/"},{"@type":"ListItem","position":2,"name":"Productos","item":"https:\/\/tecplan.com.gt\/shop\/"},{"@type":"ListItem","position":3,"name":"Conector BNC Macho para cable Flex3"}]},{"@type":"WebSite","@id":"https:\/\/tecplan.com.gt\/#website","url":"https:\/\/tecplan.com.gt\/","name":"Tecplan Argentina","description":"Tecnolog\u00edas y equipos de telecomunicaciones","publisher":{"@id":"https:\/\/tecplan.com.gt\/#organization"},"potentialAction":[{"@type":"SearchAction","target":{"@type":"EntryPoint","urlTemplate":"https:\/\/tecplan.com.gt\/?s={search_term_string}"},"query-input":{"@type":"PropertyValueSpecification","valueRequired":true,"valueName":"search_term_string"}}],"inLanguage":"en-US"},{"@type":"Organization","@id":"https:\/\/tecplan.com.gt\/#organization","name":"Tecplan Argentina","url":"https:\/\/tecplan.com.gt\/","logo":{"@type":"ImageObject","inLanguage":"en-US","@id":"https:\/\/tecplan.com.gt\/#\/schema\/logo\/image\/","url":"\/wp-content\/uploads\/2023\/03\/logo-tecplan.gif","contentUrl":"\/wp-content\/uploads\/2023\/03\/logo-tecplan.gif","width":1920,"height":486,"caption":"Tecplan Argentina"},"image":{"@id":"https:\/\/tecplan.com.gt\/#\/schema\/logo\/image\/"}}]}},"_links":{"self":[{"href":"https:\/\/tecplan.com.gt\/en\/wp-json\/wp\/v2\/product\/1589"}],"collection":[{"href":"https:\/\/tecplan.com.gt\/en\/wp-json\/wp\/v2\/product"}],"about":[{"href":"https:\/\/tecplan.com.gt\/en\/wp-json\/wp\/v2\/types\/product"}],"replies":[{"embeddable":true,"href":"https:\/\/tecplan.com.gt\/en\/wp-json\/wp\/v2\/comments?post=1589"}],"version-history":[{"count":15,"href":"https:\/\/tecplan.com.gt\/en\/wp-json\/wp\/v2\/product\/1589\/revisions"}],"predecessor-version":[{"id":9006,"href":"https:\/\/tecplan.com.gt\/en\/wp-json\/wp\/v2\/product\/1589\/revisions\/9006"}],"wp:featuredmedia":[{"embeddable":true,"href":"https:\/\/tecplan.com.gt\/en\/wp-json\/wp\/v2\/media\/6274"}],"wp:attachment":[{"href":"https:\/\/tecplan.com.gt\/en\/wp-json\/wp\/v2\/media?parent=1589"}],"wp:term":[{"taxonomy":"product_brand","embeddable":true,"href":"https:\/\/tecplan.com.gt\/en\/wp-json\/wp\/v2\/product_brand?post=1589"},{"taxonomy":"product_cat","embeddable":true,"href":"https:\/\/tecplan.com.gt\/en\/wp-json\/wp\/v2\/product_cat?post=1589"},{"taxonomy":"product_tag","embeddable":true,"href":"https:\/\/tecplan.com.gt\/en\/wp-json\/wp\/v2\/product_tag?post=1589"}],"curies":[{"name":"wp","href":"https:\/\/api.w.org\/{rel}","templated":true}]}}