{"id":1593,"date":"2021-08-06T10:54:06","date_gmt":"2021-08-06T14:54:06","guid":{"rendered":"https:\/\/tecplan.com.gt\/?post_type=product&#038;p=1593"},"modified":"2024-04-18T15:13:55","modified_gmt":"2024-04-18T19:13:55","slug":"balun-3-pin-din-hembra","status":"publish","type":"product","link":"https:\/\/tecplan.com.gt\/en\/product\/balun-3-pin-din-hembra\/","title":{"rendered":"Balun 3 PIN \u2013 DIN Female"},"content":{"rendered":"<div data-elementor-type=\"product-post\" data-elementor-id=\"1593\" class=\"elementor elementor-1593\" data-elementor-post-type=\"product\">\n\t\t\t\t<div class=\"elementor-element elementor-element-2112867d e-flex e-con-boxed e-con e-parent\" data-id=\"2112867d\" data-element_type=\"container\">\n\t\t\t\t\t<div class=\"e-con-inner\">\n\t\t\t\t<div class=\"elementor-element elementor-element-318310de elementor-widget elementor-widget-text-editor\" data-id=\"318310de\" data-element_type=\"widget\" data-widget_type=\"text-editor.default\">\n\t\t\t\t<div class=\"elementor-widget-container\">\n\t\t\t\t\t\t\t\t\t<h5 class=\"woocommerce-loop-product__title\">Balun 3 PIN \u2013 DIN Female<\/h5>\r\nSummIT Baluns are the ideal solution to this problem as they allow systems of different impedance characteristics to each see their ideal load and source impedance. This prevents losses caused by mismatches and allows full coupling of transmitted energy from one part of the system to the next.\r\n\r\n<img fetchpriority=\"high\" decoding=\"async\" class=\"alignleft wp-image-1596 size-full\" src=\"http:\/\/tecplan.com.gt\/wp-content\/uploads\/2021\/08\/Captura-de-pantalla-2021-08-06-105340.png\" alt=\"\" width=\"746\" height=\"351\" \/>\t\t\t\t\t\t\t\t<\/div>\n\t\t\t\t<\/div>\n\t\t\t\t<div class=\"elementor-element elementor-element-f636a2b elementor-widget elementor-widget-button\" data-id=\"f636a2b\" data-element_type=\"widget\" data-widget_type=\"button.default\">\n\t\t\t\t<div class=\"elementor-widget-container\">\n\t\t\t\t\t\t\t\t\t<div class=\"elementor-button-wrapper\">\n\t\t\t\t\t<a class=\"elementor-button elementor-button-link elementor-size-sm\" href=\"https:\/\/drive.google.com\/file\/d\/174YWXL5MMhdvFV4YCFsZ6jajDzh3Kms9\/view?usp=sharing\">\n\t\t\t\t\t\t<span class=\"elementor-button-content-wrapper\">\n\t\t\t\t\t\t\t\t\t<span class=\"elementor-button-text\">Download Technical Sheet<\/span>\n\t\t\t\t\t<\/span>\n\t\t\t\t\t<\/a>\n\t\t\t\t<\/div>\n\t\t\t\t\t\t\t\t<\/div>\n\t\t\t\t<\/div>\n\t\t\t\t\t<\/div>\n\t\t\t\t<\/div>\n\t\t\t\t<\/div>","protected":false},"excerpt":{"rendered":"<p><strong><br \/> Balun 3 PIN \u2013 DIN Female<\/strong><\/br><\/p>\n<p style=\"text-align: justify;\"> SummIT Baluns are the ideal solution to this problem as they allow systems of different impedance characteristics to each see their ideal load and source impedance. This prevents losses caused by mismatches and allows full coupling of transmitted energy from one part of the system to the next.<\/p>\n<p>At TECPLAN, we supply different products and technology for different business areas. <\/p>","protected":false},"featured_media":6258,"comment_status":"open","ping_status":"closed","template":"","meta":{"site-sidebar-layout":"default","site-content-layout":"","ast-site-content-layout":"default","site-content-style":"default","site-sidebar-style":"default","ast-global-header-display":"","ast-banner-title-visibility":"","ast-main-header-display":"","ast-hfb-above-header-display":"","ast-hfb-below-header-display":"","ast-hfb-mobile-header-display":"","site-post-title":"","ast-breadcrumbs-content":"","ast-featured-img":"","footer-sml-layout":"","theme-transparent-header-meta":"default","adv-header-id-meta":"","stick-header-meta":"","header-above-stick-meta":"","header-main-stick-meta":"","header-below-stick-meta":"","astra-migrate-meta-layouts":"set","ast-page-background-enabled":"default","ast-page-background-meta":{"desktop":{"background-color":"var(--ast-global-color-4)","background-image":"","background-repeat":"repeat","background-position":"center center","background-size":"auto","background-attachment":"scroll","background-type":"","background-media":"","overlay-type":"","overlay-color":"","overlay-opacity":"","overlay-gradient":""},"tablet":{"background-color":"","background-image":"","background-repeat":"repeat","background-position":"center center","background-size":"auto","background-attachment":"scroll","background-type":"","background-media":"","overlay-type":"","overlay-color":"","overlay-opacity":"","overlay-gradient":""},"mobile":{"background-color":"","background-image":"","background-repeat":"repeat","background-position":"center center","background-size":"auto","background-attachment":"scroll","background-type":"","background-media":"","overlay-type":"","overlay-color":"","overlay-opacity":"","overlay-gradient":""}},"ast-content-background-meta":{"desktop":{"background-color":"var(--ast-global-color-5)","background-image":"","background-repeat":"repeat","background-position":"center center","background-size":"auto","background-attachment":"scroll","background-type":"","background-media":"","overlay-type":"","overlay-color":"","overlay-opacity":"","overlay-gradient":""},"tablet":{"background-color":"var(--ast-global-color-5)","background-image":"","background-repeat":"repeat","background-position":"center center","background-size":"auto","background-attachment":"scroll","background-type":"","background-media":"","overlay-type":"","overlay-color":"","overlay-opacity":"","overlay-gradient":""},"mobile":{"background-color":"var(--ast-global-color-5)","background-image":"","background-repeat":"repeat","background-position":"center center","background-size":"auto","background-attachment":"scroll","background-type":"","background-media":"","overlay-type":"","overlay-color":"","overlay-opacity":"","overlay-gradient":""}}},"product_brand":[],"product_cat":[23,20],"product_tag":[58],"class_list":{"0":"post-1593","1":"product","2":"type-product","3":"status-publish","4":"has-post-thumbnail","6":"product_cat-conectores","7":"product_cat-radio-frecuencia","8":"product_tag-summit","9":"desktop-align-left","10":"tablet-align-left","11":"mobile-align-left","13":"first","14":"instock","15":"shipping-taxable","16":"product-type-simple"},"yoast_head":"<!-- This site is optimized with the Yoast SEO plugin v24.6 - https:\/\/yoast.com\/wordpress\/plugins\/seo\/ -->\n<title>Balun 3 PIN \u2013 DIN Hembra -<\/title>\n<meta name=\"robots\" content=\"index, follow, max-snippet:-1, max-image-preview:large, max-video-preview:-1\" \/>\n<link rel=\"canonical\" href=\"https:\/\/tecplan.com.gt\/en\/product\/balun-3-pin-din-hembra\/\" \/>\n<meta property=\"og:locale\" content=\"en_US\" \/>\n<meta property=\"og:type\" content=\"article\" \/>\n<meta property=\"og:title\" content=\"Balun 3 PIN \u2013 DIN Hembra -\" \/>\n<meta property=\"og:description\" content=\"Balun 3 PIN \u2013 DIN Hembra   SummIT Baluns son la soluci\u00f3n ideal a este problema ya que permiten sistemas de diferentes caracter\u00edsticas impedancia para que cada uno vea su carga ideal y la impedancia de la fuente. Esto evita p\u00e9rdidas causadas por desajustes. y permite el acoplamiento completo de la energ\u00eda transmitida de una parte del sistema a la siguiente.  En TECPLAN, suministramos diferentes productos y tecnolog\u00eda para diferentes rubros empresariales.\" \/>\n<meta property=\"og:url\" content=\"https:\/\/tecplan.com.gt\/en\/product\/balun-3-pin-din-hembra\/\" \/>\n<meta property=\"article:modified_time\" content=\"2024-04-18T19:13:55+00:00\" \/>\n<meta property=\"og:image\" content=\"https:\/\/tecplan.com.gt\/wp-content\/uploads\/2021\/08\/Balun-3-PIN-\u2013-DIN-Hembra-01.jpg\" \/>\n\t<meta property=\"og:image:width\" content=\"2000\" \/>\n\t<meta property=\"og:image:height\" content=\"2000\" \/>\n\t<meta property=\"og:image:type\" content=\"image\/jpeg\" \/>\n<meta name=\"twitter:card\" content=\"summary_large_image\" \/>\n<meta name=\"twitter:label1\" content=\"Est. reading time\" \/>\n\t<meta name=\"twitter:data1\" content=\"1 minute\" \/>\n<script type=\"application\/ld+json\" class=\"yoast-schema-graph\">{\"@context\":\"https:\/\/schema.org\",\"@graph\":[{\"@type\":\"WebPage\",\"@id\":\"https:\/\/tecplan.com.gt\/producto\/balun-3-pin-din-hembra\/\",\"url\":\"https:\/\/tecplan.com.gt\/producto\/balun-3-pin-din-hembra\/\",\"name\":\"Balun 3 PIN \u2013 DIN Hembra -\",\"isPartOf\":{\"@id\":\"https:\/\/tecplan.com.gt\/#website\"},\"primaryImageOfPage\":{\"@id\":\"https:\/\/tecplan.com.gt\/producto\/balun-3-pin-din-hembra\/#primaryimage\"},\"image\":{\"@id\":\"https:\/\/tecplan.com.gt\/producto\/balun-3-pin-din-hembra\/#primaryimage\"},\"thumbnailUrl\":\"\/wp-content\/uploads\/2021\/08\/Balun-3-PIN-\u2013-DIN-Hembra-01.jpg\",\"datePublished\":\"2021-08-06T14:54:06+00:00\",\"dateModified\":\"2024-04-18T19:13:55+00:00\",\"breadcrumb\":{\"@id\":\"https:\/\/tecplan.com.gt\/producto\/balun-3-pin-din-hembra\/#breadcrumb\"},\"inLanguage\":\"en-US\",\"potentialAction\":[{\"@type\":\"ReadAction\",\"target\":[\"https:\/\/tecplan.com.gt\/producto\/balun-3-pin-din-hembra\/\"]}]},{\"@type\":\"ImageObject\",\"inLanguage\":\"en-US\",\"@id\":\"https:\/\/tecplan.com.gt\/producto\/balun-3-pin-din-hembra\/#primaryimage\",\"url\":\"\/wp-content\/uploads\/2021\/08\/Balun-3-PIN-\u2013-DIN-Hembra-01.jpg\",\"contentUrl\":\"\/wp-content\/uploads\/2021\/08\/Balun-3-PIN-\u2013-DIN-Hembra-01.jpg\",\"width\":2000,\"height\":2000},{\"@type\":\"BreadcrumbList\",\"@id\":\"https:\/\/tecplan.com.gt\/producto\/balun-3-pin-din-hembra\/#breadcrumb\",\"itemListElement\":[{\"@type\":\"ListItem\",\"position\":1,\"name\":\"Portada\",\"item\":\"https:\/\/tecplan.com.gt\/\"},{\"@type\":\"ListItem\",\"position\":2,\"name\":\"Productos\",\"item\":\"https:\/\/tecplan.com.gt\/shop\/\"},{\"@type\":\"ListItem\",\"position\":3,\"name\":\"Balun 3 PIN \u2013 DIN Hembra\"}]},{\"@type\":\"WebSite\",\"@id\":\"https:\/\/tecplan.com.gt\/#website\",\"url\":\"https:\/\/tecplan.com.gt\/\",\"name\":\"Tecplan Argentina\",\"description\":\"Tecnolog\u00edas y equipos de telecomunicaciones\",\"publisher\":{\"@id\":\"https:\/\/tecplan.com.gt\/#organization\"},\"potentialAction\":[{\"@type\":\"SearchAction\",\"target\":{\"@type\":\"EntryPoint\",\"urlTemplate\":\"https:\/\/tecplan.com.gt\/?s={search_term_string}\"},\"query-input\":{\"@type\":\"PropertyValueSpecification\",\"valueRequired\":true,\"valueName\":\"search_term_string\"}}],\"inLanguage\":\"en-US\"},{\"@type\":\"Organization\",\"@id\":\"https:\/\/tecplan.com.gt\/#organization\",\"name\":\"Tecplan Argentina\",\"url\":\"https:\/\/tecplan.com.gt\/\",\"logo\":{\"@type\":\"ImageObject\",\"inLanguage\":\"en-US\",\"@id\":\"https:\/\/tecplan.com.gt\/#\/schema\/logo\/image\/\",\"url\":\"\/wp-content\/uploads\/2023\/03\/logo-tecplan.gif\",\"contentUrl\":\"\/wp-content\/uploads\/2023\/03\/logo-tecplan.gif\",\"width\":1920,\"height\":486,\"caption\":\"Tecplan Argentina\"},\"image\":{\"@id\":\"https:\/\/tecplan.com.gt\/#\/schema\/logo\/image\/\"}}]}<\/script>\n<!-- \/ Yoast SEO plugin. -->","yoast_head_json":{"title":"Balun 3 PIN \u2013 DIN Hembra -","robots":{"index":"index","follow":"follow","max-snippet":"max-snippet:-1","max-image-preview":"max-image-preview:large","max-video-preview":"max-video-preview:-1"},"canonical":"https:\/\/tecplan.com.gt\/en\/product\/balun-3-pin-din-hembra\/","og_locale":"en_US","og_type":"article","og_title":"Balun 3 PIN \u2013 DIN Hembra -","og_description":"Balun 3 PIN \u2013 DIN Hembra   SummIT Baluns son la soluci\u00f3n ideal a este problema ya que permiten sistemas de diferentes caracter\u00edsticas impedancia para que cada uno vea su carga ideal y la impedancia de la fuente. Esto evita p\u00e9rdidas causadas por desajustes. y permite el acoplamiento completo de la energ\u00eda transmitida de una parte del sistema a la siguiente.  En TECPLAN, suministramos diferentes productos y tecnolog\u00eda para diferentes rubros empresariales.","og_url":"https:\/\/tecplan.com.gt\/en\/product\/balun-3-pin-din-hembra\/","article_modified_time":"2024-04-18T19:13:55+00:00","og_image":[{"width":2000,"height":2000,"url":"https:\/\/tecplan.com.gt\/wp-content\/uploads\/2021\/08\/Balun-3-PIN-\u2013-DIN-Hembra-01.jpg","type":"image\/jpeg"}],"twitter_card":"summary_large_image","twitter_misc":{"Est. reading time":"1 minute"},"schema":{"@context":"https:\/\/schema.org","@graph":[{"@type":"WebPage","@id":"https:\/\/tecplan.com.gt\/producto\/balun-3-pin-din-hembra\/","url":"https:\/\/tecplan.com.gt\/producto\/balun-3-pin-din-hembra\/","name":"Balun 3 PIN \u2013 DIN Hembra -","isPartOf":{"@id":"https:\/\/tecplan.com.gt\/#website"},"primaryImageOfPage":{"@id":"https:\/\/tecplan.com.gt\/producto\/balun-3-pin-din-hembra\/#primaryimage"},"image":{"@id":"https:\/\/tecplan.com.gt\/producto\/balun-3-pin-din-hembra\/#primaryimage"},"thumbnailUrl":"\/wp-content\/uploads\/2021\/08\/Balun-3-PIN-\u2013-DIN-Hembra-01.jpg","datePublished":"2021-08-06T14:54:06+00:00","dateModified":"2024-04-18T19:13:55+00:00","breadcrumb":{"@id":"https:\/\/tecplan.com.gt\/producto\/balun-3-pin-din-hembra\/#breadcrumb"},"inLanguage":"en-US","potentialAction":[{"@type":"ReadAction","target":["https:\/\/tecplan.com.gt\/producto\/balun-3-pin-din-hembra\/"]}]},{"@type":"ImageObject","inLanguage":"en-US","@id":"https:\/\/tecplan.com.gt\/producto\/balun-3-pin-din-hembra\/#primaryimage","url":"\/wp-content\/uploads\/2021\/08\/Balun-3-PIN-\u2013-DIN-Hembra-01.jpg","contentUrl":"\/wp-content\/uploads\/2021\/08\/Balun-3-PIN-\u2013-DIN-Hembra-01.jpg","width":2000,"height":2000},{"@type":"BreadcrumbList","@id":"https:\/\/tecplan.com.gt\/producto\/balun-3-pin-din-hembra\/#breadcrumb","itemListElement":[{"@type":"ListItem","position":1,"name":"Portada","item":"https:\/\/tecplan.com.gt\/"},{"@type":"ListItem","position":2,"name":"Productos","item":"https:\/\/tecplan.com.gt\/shop\/"},{"@type":"ListItem","position":3,"name":"Balun 3 PIN \u2013 DIN Hembra"}]},{"@type":"WebSite","@id":"https:\/\/tecplan.com.gt\/#website","url":"https:\/\/tecplan.com.gt\/","name":"Tecplan Argentina","description":"Tecnolog\u00edas y equipos de telecomunicaciones","publisher":{"@id":"https:\/\/tecplan.com.gt\/#organization"},"potentialAction":[{"@type":"SearchAction","target":{"@type":"EntryPoint","urlTemplate":"https:\/\/tecplan.com.gt\/?s={search_term_string}"},"query-input":{"@type":"PropertyValueSpecification","valueRequired":true,"valueName":"search_term_string"}}],"inLanguage":"en-US"},{"@type":"Organization","@id":"https:\/\/tecplan.com.gt\/#organization","name":"Tecplan Argentina","url":"https:\/\/tecplan.com.gt\/","logo":{"@type":"ImageObject","inLanguage":"en-US","@id":"https:\/\/tecplan.com.gt\/#\/schema\/logo\/image\/","url":"\/wp-content\/uploads\/2023\/03\/logo-tecplan.gif","contentUrl":"\/wp-content\/uploads\/2023\/03\/logo-tecplan.gif","width":1920,"height":486,"caption":"Tecplan Argentina"},"image":{"@id":"https:\/\/tecplan.com.gt\/#\/schema\/logo\/image\/"}}]}},"_links":{"self":[{"href":"https:\/\/tecplan.com.gt\/en\/wp-json\/wp\/v2\/product\/1593"}],"collection":[{"href":"https:\/\/tecplan.com.gt\/en\/wp-json\/wp\/v2\/product"}],"about":[{"href":"https:\/\/tecplan.com.gt\/en\/wp-json\/wp\/v2\/types\/product"}],"replies":[{"embeddable":true,"href":"https:\/\/tecplan.com.gt\/en\/wp-json\/wp\/v2\/comments?post=1593"}],"version-history":[{"count":39,"href":"https:\/\/tecplan.com.gt\/en\/wp-json\/wp\/v2\/product\/1593\/revisions"}],"predecessor-version":[{"id":9005,"href":"https:\/\/tecplan.com.gt\/en\/wp-json\/wp\/v2\/product\/1593\/revisions\/9005"}],"wp:featuredmedia":[{"embeddable":true,"href":"https:\/\/tecplan.com.gt\/en\/wp-json\/wp\/v2\/media\/6258"}],"wp:attachment":[{"href":"https:\/\/tecplan.com.gt\/en\/wp-json\/wp\/v2\/media?parent=1593"}],"wp:term":[{"taxonomy":"product_brand","embeddable":true,"href":"https:\/\/tecplan.com.gt\/en\/wp-json\/wp\/v2\/product_brand?post=1593"},{"taxonomy":"product_cat","embeddable":true,"href":"https:\/\/tecplan.com.gt\/en\/wp-json\/wp\/v2\/product_cat?post=1593"},{"taxonomy":"product_tag","embeddable":true,"href":"https:\/\/tecplan.com.gt\/en\/wp-json\/wp\/v2\/product_tag?post=1593"}],"curies":[{"name":"wp","href":"https:\/\/api.w.org\/{rel}","templated":true}]}}