{"id":1597,"date":"2021-08-06T13:53:05","date_gmt":"2021-08-06T17:53:05","guid":{"rendered":"https:\/\/tecplan.com.gt\/?post_type=product&#038;p=1597"},"modified":"2024-04-17T13:25:22","modified_gmt":"2024-04-17T17:25:22","slug":"clamp-fibra-optica-dc","status":"publish","type":"product","link":"https:\/\/tecplan.com.gt\/en\/product\/clamp-fibra-optica-dc\/","title":{"rendered":"Fiber Optic Clamp + DC"},"content":{"rendered":"<div data-elementor-type=\"product-post\" data-elementor-id=\"1597\" class=\"elementor elementor-1597\" data-elementor-post-type=\"product\">\n\t\t\t\t<div class=\"elementor-element elementor-element-7d9c1d7d e-flex e-con-boxed e-con e-parent\" data-id=\"7d9c1d7d\" data-element_type=\"container\">\n\t\t\t\t\t<div class=\"e-con-inner\">\n\t\t\t\t<div class=\"elementor-element elementor-element-3f25d408 elementor-widget elementor-widget-text-editor\" data-id=\"3f25d408\" data-element_type=\"widget\" data-widget_type=\"text-editor.default\">\n\t\t\t\t<div class=\"elementor-widget-container\">\n\t\t\t\t\t\t\t\t\t<p><strong>Fiber Optic Clamp + DC<\/strong><\/p><p>SummIT Double Clamp will help to install multiple cable runs on towers where space is limited, without additional adapters, these clamps can provide strong, reliable and long-term support to antenna systems.<\/p><p><img fetchpriority=\"high\" decoding=\"async\" class=\"alignleft wp-image-1599 size-full\" src=\"http:\/\/tecplan.com.gt\/wp-content\/uploads\/2021\/08\/Captura-de-pantalla-2021-08-06-135230.png\" alt=\"\" width=\"842\" height=\"706\" \/><\/p>\t\t\t\t\t\t\t\t<\/div>\n\t\t\t\t<\/div>\n\t\t\t\t<div class=\"elementor-element elementor-element-666798c elementor-widget elementor-widget-button\" data-id=\"666798c\" data-element_type=\"widget\" data-widget_type=\"button.default\">\n\t\t\t\t<div class=\"elementor-widget-container\">\n\t\t\t\t\t\t\t\t\t<div class=\"elementor-button-wrapper\">\n\t\t\t\t\t<a class=\"elementor-button elementor-button-link elementor-size-sm\" href=\"https:\/\/drive.google.com\/file\/d\/1lDJjFokCt5kuVG59TtlXuegAf7YHyrwd\/view?usp=sharing\">\n\t\t\t\t\t\t<span class=\"elementor-button-content-wrapper\">\n\t\t\t\t\t\t\t\t\t<span class=\"elementor-button-text\">Download Technical Sheet<\/span>\n\t\t\t\t\t<\/span>\n\t\t\t\t\t<\/a>\n\t\t\t\t<\/div>\n\t\t\t\t\t\t\t\t<\/div>\n\t\t\t\t<\/div>\n\t\t\t\t\t<\/div>\n\t\t\t\t<\/div>\n\t\t\t\t<\/div>","protected":false},"excerpt":{"rendered":"<p><strong><br \/>Fiber Optic Clamp + DC<\/strong><\/br><\/p>\n<p style=\"text-align: justify;\"> The Clamp is designed for installing multiple cable span systems on telecommunications towers, railway towers and poles and other vertical elements where space is limited.<\/p>\n<p style=\"text-align: justify;\">Combined power and fiber optic cable clamp, it is designed to hold power cables. Each hanger unit can hold one 7mm cable span and one 14mm cable span. The rubber insert inside is pre-installed in the hanger itself, which is more convenient for installers to operate during installation.<\/p>\n<p style=\"text-align: justify;\">The metal parts of the cable clamp are made of stainless steel and the plastic parts are made of enhanced polypropylene (PP). The enhanced PP is to improve the properties of flame retardancy, heat resistance, temperature resistance, dimensional stability and rigidity.<\/p>","protected":false},"featured_media":6262,"comment_status":"open","ping_status":"closed","template":"","meta":{"site-sidebar-layout":"default","site-content-layout":"","ast-site-content-layout":"default","site-content-style":"default","site-sidebar-style":"default","ast-global-header-display":"","ast-banner-title-visibility":"","ast-main-header-display":"","ast-hfb-above-header-display":"","ast-hfb-below-header-display":"","ast-hfb-mobile-header-display":"","site-post-title":"","ast-breadcrumbs-content":"","ast-featured-img":"","footer-sml-layout":"","theme-transparent-header-meta":"default","adv-header-id-meta":"","stick-header-meta":"","header-above-stick-meta":"","header-main-stick-meta":"","header-below-stick-meta":"","astra-migrate-meta-layouts":"set","ast-page-background-enabled":"default","ast-page-background-meta":{"desktop":{"background-color":"var(--ast-global-color-4)","background-image":"","background-repeat":"repeat","background-position":"center center","background-size":"auto","background-attachment":"scroll","background-type":"","background-media":"","overlay-type":"","overlay-color":"","overlay-opacity":"","overlay-gradient":""},"tablet":{"background-color":"","background-image":"","background-repeat":"repeat","background-position":"center center","background-size":"auto","background-attachment":"scroll","background-type":"","background-media":"","overlay-type":"","overlay-color":"","overlay-opacity":"","overlay-gradient":""},"mobile":{"background-color":"","background-image":"","background-repeat":"repeat","background-position":"center center","background-size":"auto","background-attachment":"scroll","background-type":"","background-media":"","overlay-type":"","overlay-color":"","overlay-opacity":"","overlay-gradient":""}},"ast-content-background-meta":{"desktop":{"background-color":"var(--ast-global-color-5)","background-image":"","background-repeat":"repeat","background-position":"center center","background-size":"auto","background-attachment":"scroll","background-type":"","background-media":"","overlay-type":"","overlay-color":"","overlay-opacity":"","overlay-gradient":""},"tablet":{"background-color":"var(--ast-global-color-5)","background-image":"","background-repeat":"repeat","background-position":"center center","background-size":"auto","background-attachment":"scroll","background-type":"","background-media":"","overlay-type":"","overlay-color":"","overlay-opacity":"","overlay-gradient":""},"mobile":{"background-color":"var(--ast-global-color-5)","background-image":"","background-repeat":"repeat","background-position":"center center","background-size":"auto","background-attachment":"scroll","background-type":"","background-media":"","overlay-type":"","overlay-color":"","overlay-opacity":"","overlay-gradient":""}}},"product_brand":[],"product_cat":[24,20],"product_tag":[58],"class_list":{"0":"post-1597","1":"product","2":"type-product","3":"status-publish","4":"has-post-thumbnail","6":"product_cat-clamps","7":"product_cat-radio-frecuencia","8":"product_tag-summit","9":"desktop-align-left","10":"tablet-align-left","11":"mobile-align-left","13":"first","14":"instock","15":"shipping-taxable","16":"product-type-simple"},"yoast_head":"<!-- This site is optimized with the Yoast SEO plugin v24.6 - https:\/\/yoast.com\/wordpress\/plugins\/seo\/ -->\n<title>Clamp Fibra Optica + DC -<\/title>\n<meta name=\"robots\" content=\"index, follow, max-snippet:-1, max-image-preview:large, max-video-preview:-1\" \/>\n<link rel=\"canonical\" href=\"https:\/\/tecplan.com.gt\/en\/product\/clamp-fibra-optica-dc\/\" \/>\n<meta property=\"og:locale\" content=\"en_US\" \/>\n<meta property=\"og:type\" content=\"article\" \/>\n<meta property=\"og:title\" content=\"Clamp Fibra Optica + DC -\" \/>\n<meta property=\"og:description\" content=\"Clamp Fibra Optica + DC   La Grapa Clamp est\u00e1 dise\u00f1ada para instalar sistemas de m\u00faltiples tramos de cables en torres de telecomunicaciones, torres y postes ferroviarios y otros elementos verticales donde el espacio es limitado.  Abrazadera de cable de alimentaci\u00f3n y fibra \u00f3ptica combinada, est\u00e1 dise\u00f1ada para sostener cables de alimentaci\u00f3n. Cada unidad de colgador tiene capacidad para un tramo de cable de 7 mm y un tramo de cable de 14 mm. El inserto de goma en el interior est\u00e1 preinstalado en la propia percha, lo que resulta m\u00e1s conveniente para que los instaladores operen durante la instalaci\u00f3n.  Las partes met\u00e1licas de la abrazadera de cable est\u00e1n hechas de acero inoxidable \u00a0y las partes de pl\u00e1stico est\u00e1n hechas de polipropileno mejorado (PP). El PP mejorado es para mejorar las propiedades de retardo de llama, resistencia al calor, resistencia a la temperatura, estabilidad dimensional y rigidez.\" \/>\n<meta property=\"og:url\" content=\"https:\/\/tecplan.com.gt\/en\/product\/clamp-fibra-optica-dc\/\" \/>\n<meta property=\"article:modified_time\" content=\"2024-04-17T17:25:22+00:00\" \/>\n<meta property=\"og:image\" content=\"https:\/\/tecplan.com.gt\/wp-content\/uploads\/2021\/08\/Clamp-Fibra-Optica-DC-01.jpg\" \/>\n\t<meta property=\"og:image:width\" content=\"2000\" \/>\n\t<meta property=\"og:image:height\" content=\"2000\" \/>\n\t<meta property=\"og:image:type\" content=\"image\/jpeg\" \/>\n<meta name=\"twitter:card\" content=\"summary_large_image\" \/>\n<meta name=\"twitter:label1\" content=\"Est. reading time\" \/>\n\t<meta name=\"twitter:data1\" content=\"1 minute\" \/>\n<script type=\"application\/ld+json\" class=\"yoast-schema-graph\">{\"@context\":\"https:\/\/schema.org\",\"@graph\":[{\"@type\":\"WebPage\",\"@id\":\"https:\/\/tecplan.com.gt\/producto\/clamp-fibra-optica-dc\/\",\"url\":\"https:\/\/tecplan.com.gt\/producto\/clamp-fibra-optica-dc\/\",\"name\":\"Clamp Fibra Optica + DC -\",\"isPartOf\":{\"@id\":\"https:\/\/tecplan.com.gt\/#website\"},\"primaryImageOfPage\":{\"@id\":\"https:\/\/tecplan.com.gt\/producto\/clamp-fibra-optica-dc\/#primaryimage\"},\"image\":{\"@id\":\"https:\/\/tecplan.com.gt\/producto\/clamp-fibra-optica-dc\/#primaryimage\"},\"thumbnailUrl\":\"\/wp-content\/uploads\/2021\/08\/Clamp-Fibra-Optica-DC-01.jpg\",\"datePublished\":\"2021-08-06T17:53:05+00:00\",\"dateModified\":\"2024-04-17T17:25:22+00:00\",\"breadcrumb\":{\"@id\":\"https:\/\/tecplan.com.gt\/producto\/clamp-fibra-optica-dc\/#breadcrumb\"},\"inLanguage\":\"en-US\",\"potentialAction\":[{\"@type\":\"ReadAction\",\"target\":[\"https:\/\/tecplan.com.gt\/producto\/clamp-fibra-optica-dc\/\"]}]},{\"@type\":\"ImageObject\",\"inLanguage\":\"en-US\",\"@id\":\"https:\/\/tecplan.com.gt\/producto\/clamp-fibra-optica-dc\/#primaryimage\",\"url\":\"\/wp-content\/uploads\/2021\/08\/Clamp-Fibra-Optica-DC-01.jpg\",\"contentUrl\":\"\/wp-content\/uploads\/2021\/08\/Clamp-Fibra-Optica-DC-01.jpg\",\"width\":2000,\"height\":2000},{\"@type\":\"BreadcrumbList\",\"@id\":\"https:\/\/tecplan.com.gt\/producto\/clamp-fibra-optica-dc\/#breadcrumb\",\"itemListElement\":[{\"@type\":\"ListItem\",\"position\":1,\"name\":\"Portada\",\"item\":\"https:\/\/tecplan.com.gt\/\"},{\"@type\":\"ListItem\",\"position\":2,\"name\":\"Productos\",\"item\":\"https:\/\/tecplan.com.gt\/shop\/\"},{\"@type\":\"ListItem\",\"position\":3,\"name\":\"Clamp Fibra Optica + DC\"}]},{\"@type\":\"WebSite\",\"@id\":\"https:\/\/tecplan.com.gt\/#website\",\"url\":\"https:\/\/tecplan.com.gt\/\",\"name\":\"Tecplan Argentina\",\"description\":\"Tecnolog\u00edas y equipos de telecomunicaciones\",\"publisher\":{\"@id\":\"https:\/\/tecplan.com.gt\/#organization\"},\"potentialAction\":[{\"@type\":\"SearchAction\",\"target\":{\"@type\":\"EntryPoint\",\"urlTemplate\":\"https:\/\/tecplan.com.gt\/?s={search_term_string}\"},\"query-input\":{\"@type\":\"PropertyValueSpecification\",\"valueRequired\":true,\"valueName\":\"search_term_string\"}}],\"inLanguage\":\"en-US\"},{\"@type\":\"Organization\",\"@id\":\"https:\/\/tecplan.com.gt\/#organization\",\"name\":\"Tecplan Argentina\",\"url\":\"https:\/\/tecplan.com.gt\/\",\"logo\":{\"@type\":\"ImageObject\",\"inLanguage\":\"en-US\",\"@id\":\"https:\/\/tecplan.com.gt\/#\/schema\/logo\/image\/\",\"url\":\"\/wp-content\/uploads\/2023\/03\/logo-tecplan.gif\",\"contentUrl\":\"\/wp-content\/uploads\/2023\/03\/logo-tecplan.gif\",\"width\":1920,\"height\":486,\"caption\":\"Tecplan Argentina\"},\"image\":{\"@id\":\"https:\/\/tecplan.com.gt\/#\/schema\/logo\/image\/\"}}]}<\/script>\n<!-- \/ Yoast SEO plugin. -->","yoast_head_json":{"title":"Clamp Fibra Optica + DC -","robots":{"index":"index","follow":"follow","max-snippet":"max-snippet:-1","max-image-preview":"max-image-preview:large","max-video-preview":"max-video-preview:-1"},"canonical":"https:\/\/tecplan.com.gt\/en\/product\/clamp-fibra-optica-dc\/","og_locale":"en_US","og_type":"article","og_title":"Clamp Fibra Optica + DC -","og_description":"Clamp Fibra Optica + DC   La Grapa Clamp est\u00e1 dise\u00f1ada para instalar sistemas de m\u00faltiples tramos de cables en torres de telecomunicaciones, torres y postes ferroviarios y otros elementos verticales donde el espacio es limitado.  Abrazadera de cable de alimentaci\u00f3n y fibra \u00f3ptica combinada, est\u00e1 dise\u00f1ada para sostener cables de alimentaci\u00f3n. Cada unidad de colgador tiene capacidad para un tramo de cable de 7 mm y un tramo de cable de 14 mm. El inserto de goma en el interior est\u00e1 preinstalado en la propia percha, lo que resulta m\u00e1s conveniente para que los instaladores operen durante la instalaci\u00f3n.  Las partes met\u00e1licas de la abrazadera de cable est\u00e1n hechas de acero inoxidable \u00a0y las partes de pl\u00e1stico est\u00e1n hechas de polipropileno mejorado (PP). El PP mejorado es para mejorar las propiedades de retardo de llama, resistencia al calor, resistencia a la temperatura, estabilidad dimensional y rigidez.","og_url":"https:\/\/tecplan.com.gt\/en\/product\/clamp-fibra-optica-dc\/","article_modified_time":"2024-04-17T17:25:22+00:00","og_image":[{"width":2000,"height":2000,"url":"https:\/\/tecplan.com.gt\/wp-content\/uploads\/2021\/08\/Clamp-Fibra-Optica-DC-01.jpg","type":"image\/jpeg"}],"twitter_card":"summary_large_image","twitter_misc":{"Est. reading time":"1 minute"},"schema":{"@context":"https:\/\/schema.org","@graph":[{"@type":"WebPage","@id":"https:\/\/tecplan.com.gt\/producto\/clamp-fibra-optica-dc\/","url":"https:\/\/tecplan.com.gt\/producto\/clamp-fibra-optica-dc\/","name":"Clamp Fibra Optica + DC -","isPartOf":{"@id":"https:\/\/tecplan.com.gt\/#website"},"primaryImageOfPage":{"@id":"https:\/\/tecplan.com.gt\/producto\/clamp-fibra-optica-dc\/#primaryimage"},"image":{"@id":"https:\/\/tecplan.com.gt\/producto\/clamp-fibra-optica-dc\/#primaryimage"},"thumbnailUrl":"\/wp-content\/uploads\/2021\/08\/Clamp-Fibra-Optica-DC-01.jpg","datePublished":"2021-08-06T17:53:05+00:00","dateModified":"2024-04-17T17:25:22+00:00","breadcrumb":{"@id":"https:\/\/tecplan.com.gt\/producto\/clamp-fibra-optica-dc\/#breadcrumb"},"inLanguage":"en-US","potentialAction":[{"@type":"ReadAction","target":["https:\/\/tecplan.com.gt\/producto\/clamp-fibra-optica-dc\/"]}]},{"@type":"ImageObject","inLanguage":"en-US","@id":"https:\/\/tecplan.com.gt\/producto\/clamp-fibra-optica-dc\/#primaryimage","url":"\/wp-content\/uploads\/2021\/08\/Clamp-Fibra-Optica-DC-01.jpg","contentUrl":"\/wp-content\/uploads\/2021\/08\/Clamp-Fibra-Optica-DC-01.jpg","width":2000,"height":2000},{"@type":"BreadcrumbList","@id":"https:\/\/tecplan.com.gt\/producto\/clamp-fibra-optica-dc\/#breadcrumb","itemListElement":[{"@type":"ListItem","position":1,"name":"Portada","item":"https:\/\/tecplan.com.gt\/"},{"@type":"ListItem","position":2,"name":"Productos","item":"https:\/\/tecplan.com.gt\/shop\/"},{"@type":"ListItem","position":3,"name":"Clamp Fibra Optica + DC"}]},{"@type":"WebSite","@id":"https:\/\/tecplan.com.gt\/#website","url":"https:\/\/tecplan.com.gt\/","name":"Tecplan Argentina","description":"Tecnolog\u00edas y equipos de telecomunicaciones","publisher":{"@id":"https:\/\/tecplan.com.gt\/#organization"},"potentialAction":[{"@type":"SearchAction","target":{"@type":"EntryPoint","urlTemplate":"https:\/\/tecplan.com.gt\/?s={search_term_string}"},"query-input":{"@type":"PropertyValueSpecification","valueRequired":true,"valueName":"search_term_string"}}],"inLanguage":"en-US"},{"@type":"Organization","@id":"https:\/\/tecplan.com.gt\/#organization","name":"Tecplan Argentina","url":"https:\/\/tecplan.com.gt\/","logo":{"@type":"ImageObject","inLanguage":"en-US","@id":"https:\/\/tecplan.com.gt\/#\/schema\/logo\/image\/","url":"\/wp-content\/uploads\/2023\/03\/logo-tecplan.gif","contentUrl":"\/wp-content\/uploads\/2023\/03\/logo-tecplan.gif","width":1920,"height":486,"caption":"Tecplan Argentina"},"image":{"@id":"https:\/\/tecplan.com.gt\/#\/schema\/logo\/image\/"}}]}},"_links":{"self":[{"href":"https:\/\/tecplan.com.gt\/en\/wp-json\/wp\/v2\/product\/1597"}],"collection":[{"href":"https:\/\/tecplan.com.gt\/en\/wp-json\/wp\/v2\/product"}],"about":[{"href":"https:\/\/tecplan.com.gt\/en\/wp-json\/wp\/v2\/types\/product"}],"replies":[{"embeddable":true,"href":"https:\/\/tecplan.com.gt\/en\/wp-json\/wp\/v2\/comments?post=1597"}],"version-history":[{"count":11,"href":"https:\/\/tecplan.com.gt\/en\/wp-json\/wp\/v2\/product\/1597\/revisions"}],"predecessor-version":[{"id":9004,"href":"https:\/\/tecplan.com.gt\/en\/wp-json\/wp\/v2\/product\/1597\/revisions\/9004"}],"wp:featuredmedia":[{"embeddable":true,"href":"https:\/\/tecplan.com.gt\/en\/wp-json\/wp\/v2\/media\/6262"}],"wp:attachment":[{"href":"https:\/\/tecplan.com.gt\/en\/wp-json\/wp\/v2\/media?parent=1597"}],"wp:term":[{"taxonomy":"product_brand","embeddable":true,"href":"https:\/\/tecplan.com.gt\/en\/wp-json\/wp\/v2\/product_brand?post=1597"},{"taxonomy":"product_cat","embeddable":true,"href":"https:\/\/tecplan.com.gt\/en\/wp-json\/wp\/v2\/product_cat?post=1597"},{"taxonomy":"product_tag","embeddable":true,"href":"https:\/\/tecplan.com.gt\/en\/wp-json\/wp\/v2\/product_tag?post=1597"}],"curies":[{"name":"wp","href":"https:\/\/api.w.org\/{rel}","templated":true}]}}