{"id":1609,"date":"2021-08-06T19:23:20","date_gmt":"2021-08-06T23:23:20","guid":{"rendered":"https:\/\/tecplan.com.gt\/?post_type=product&#038;p=1609"},"modified":"2024-01-29T16:43:26","modified_gmt":"2024-01-29T19:43:26","slug":"analizador-de-cable-y-antena-s331l","status":"publish","type":"product","link":"https:\/\/tecplan.com.gt\/en\/product\/analizador-de-cable-y-antena-s331l\/","title":{"rendered":"S331L Cable and Antenna Analyzer"},"content":{"rendered":"<p>Anritsu is proud to introduce the new Site Master\u2122 S331L, our 9th generation compact handheld cable and antenna analyzer. The S331L is redesigned from the ground up. We took all of our experience, customer feedback, field testing, and the latest technological advancements, and developed the best value in a low cost, field optimized, reliable, rugged, easy to use, single port cable and antenna analyzer.<\/p>\n<p><img fetchpriority=\"high\" decoding=\"async\" class=\"alignleft wp-image-1612 size-full\" src=\"http:\/\/tecplan.com.gt\/wp-content\/uploads\/2021\/08\/Captura-de-pantalla-2021-08-06-191953.png\" alt=\"\" width=\"786\" height=\"696\" \/><br \/>\n<img decoding=\"async\" class=\"alignleft wp-image-1613 size-full\" src=\"http:\/\/tecplan.com.gt\/wp-content\/uploads\/2021\/08\/Captura-de-pantalla-2021-08-06-192147.png\" alt=\"\" width=\"771\" height=\"835\" \/><\/p>","protected":false},"excerpt":{"rendered":"<p>Anritsu se enorgullece de presentar el nuevo Site Master \u2122 S331L, nuestro analizador port\u00e1til compacto de cables y antenas de novena generaci\u00f3n. El S331L tiene un nuevo dise\u00f1o desde cero. Tomamos toda nuestra experiencia, los comentarios de los clientes, las pruebas de campo y lo \u00faltimo avances tecnol\u00f3gicos, y desarroll\u00f3 el mejor valor en un [&hellip;]<\/p>","protected":false},"featured_media":6537,"comment_status":"open","ping_status":"closed","template":"","meta":{"site-sidebar-layout":"default","site-content-layout":"","ast-site-content-layout":"default","site-content-style":"default","site-sidebar-style":"default","ast-global-header-display":"","ast-banner-title-visibility":"","ast-main-header-display":"","ast-hfb-above-header-display":"","ast-hfb-below-header-display":"","ast-hfb-mobile-header-display":"","site-post-title":"","ast-breadcrumbs-content":"","ast-featured-img":"","footer-sml-layout":"","theme-transparent-header-meta":"default","adv-header-id-meta":"","stick-header-meta":"","header-above-stick-meta":"","header-main-stick-meta":"","header-below-stick-meta":"","astra-migrate-meta-layouts":"set","ast-page-background-enabled":"default","ast-page-background-meta":{"desktop":{"background-color":"var(--ast-global-color-4)","background-image":"","background-repeat":"repeat","background-position":"center center","background-size":"auto","background-attachment":"scroll","background-type":"","background-media":"","overlay-type":"","overlay-color":"","overlay-opacity":"","overlay-gradient":""},"tablet":{"background-color":"","background-image":"","background-repeat":"repeat","background-position":"center center","background-size":"auto","background-attachment":"scroll","background-type":"","background-media":"","overlay-type":"","overlay-color":"","overlay-opacity":"","overlay-gradient":""},"mobile":{"background-color":"","background-image":"","background-repeat":"repeat","background-position":"center center","background-size":"auto","background-attachment":"scroll","background-type":"","background-media":"","overlay-type":"","overlay-color":"","overlay-opacity":"","overlay-gradient":""}},"ast-content-background-meta":{"desktop":{"background-color":"var(--ast-global-color-5)","background-image":"","background-repeat":"repeat","background-position":"center center","background-size":"auto","background-attachment":"scroll","background-type":"","background-media":"","overlay-type":"","overlay-color":"","overlay-opacity":"","overlay-gradient":""},"tablet":{"background-color":"var(--ast-global-color-5)","background-image":"","background-repeat":"repeat","background-position":"center center","background-size":"auto","background-attachment":"scroll","background-type":"","background-media":"","overlay-type":"","overlay-color":"","overlay-opacity":"","overlay-gradient":""},"mobile":{"background-color":"var(--ast-global-color-5)","background-image":"","background-repeat":"repeat","background-position":"center center","background-size":"auto","background-attachment":"scroll","background-type":"","background-media":"","overlay-type":"","overlay-color":"","overlay-opacity":"","overlay-gradient":""}}},"product_brand":[],"product_cat":[28],"product_tag":[],"class_list":{"0":"post-1609","1":"product","2":"type-product","3":"status-publish","4":"has-post-thumbnail","6":"product_cat-instrumentos","7":"desktop-align-left","8":"tablet-align-left","9":"mobile-align-left","11":"first","12":"instock","13":"shipping-taxable","14":"product-type-simple"},"yoast_head":"<!-- This site is optimized with the Yoast SEO plugin v24.6 - https:\/\/yoast.com\/wordpress\/plugins\/seo\/ -->\n<title>Analizador de Cable y Antena S331L -<\/title>\n<meta name=\"robots\" content=\"index, follow, max-snippet:-1, max-image-preview:large, max-video-preview:-1\" \/>\n<link rel=\"canonical\" href=\"https:\/\/tecplan.com.gt\/en\/product\/analizador-de-cable-y-antena-s331l\/\" \/>\n<meta property=\"og:locale\" content=\"en_US\" \/>\n<meta property=\"og:type\" content=\"article\" \/>\n<meta property=\"og:title\" content=\"Analizador de Cable y Antena S331L -\" \/>\n<meta property=\"og:description\" content=\"Anritsu se enorgullece de presentar el nuevo Site Master \u2122 S331L, nuestro analizador port\u00e1til compacto de cables y antenas de novena generaci\u00f3n. El S331L tiene un nuevo dise\u00f1o desde cero. Tomamos toda nuestra experiencia, los comentarios de los clientes, las pruebas de campo y lo \u00faltimo avances tecnol\u00f3gicos, y desarroll\u00f3 el mejor valor en un [&hellip;]\" \/>\n<meta property=\"og:url\" content=\"https:\/\/tecplan.com.gt\/en\/product\/analizador-de-cable-y-antena-s331l\/\" \/>\n<meta property=\"article:modified_time\" content=\"2024-01-29T19:43:26+00:00\" \/>\n<meta property=\"og:image\" content=\"https:\/\/tecplan.com.gt\/wp-content\/uploads\/2021\/08\/Analizador-de-Cable-y-Antena-S331L-01.jpg\" \/>\n\t<meta property=\"og:image:width\" content=\"2000\" \/>\n\t<meta property=\"og:image:height\" content=\"2000\" \/>\n\t<meta property=\"og:image:type\" content=\"image\/jpeg\" \/>\n<meta name=\"twitter:card\" content=\"summary_large_image\" \/>\n<meta name=\"twitter:label1\" content=\"Est. reading time\" \/>\n\t<meta name=\"twitter:data1\" content=\"1 minute\" \/>\n<script type=\"application\/ld+json\" class=\"yoast-schema-graph\">{\"@context\":\"https:\/\/schema.org\",\"@graph\":[{\"@type\":\"WebPage\",\"@id\":\"https:\/\/tecplan.com.gt\/producto\/analizador-de-cable-y-antena-s331l\/\",\"url\":\"https:\/\/tecplan.com.gt\/producto\/analizador-de-cable-y-antena-s331l\/\",\"name\":\"Analizador de Cable y Antena S331L -\",\"isPartOf\":{\"@id\":\"https:\/\/tecplan.com.gt\/#website\"},\"primaryImageOfPage\":{\"@id\":\"https:\/\/tecplan.com.gt\/producto\/analizador-de-cable-y-antena-s331l\/#primaryimage\"},\"image\":{\"@id\":\"https:\/\/tecplan.com.gt\/producto\/analizador-de-cable-y-antena-s331l\/#primaryimage\"},\"thumbnailUrl\":\"\/wp-content\/uploads\/2021\/08\/Analizador-de-Cable-y-Antena-S331L-01.jpg\",\"datePublished\":\"2021-08-06T23:23:20+00:00\",\"dateModified\":\"2024-01-29T19:43:26+00:00\",\"breadcrumb\":{\"@id\":\"https:\/\/tecplan.com.gt\/producto\/analizador-de-cable-y-antena-s331l\/#breadcrumb\"},\"inLanguage\":\"en-US\",\"potentialAction\":[{\"@type\":\"ReadAction\",\"target\":[\"https:\/\/tecplan.com.gt\/producto\/analizador-de-cable-y-antena-s331l\/\"]}]},{\"@type\":\"ImageObject\",\"inLanguage\":\"en-US\",\"@id\":\"https:\/\/tecplan.com.gt\/producto\/analizador-de-cable-y-antena-s331l\/#primaryimage\",\"url\":\"\/wp-content\/uploads\/2021\/08\/Analizador-de-Cable-y-Antena-S331L-01.jpg\",\"contentUrl\":\"\/wp-content\/uploads\/2021\/08\/Analizador-de-Cable-y-Antena-S331L-01.jpg\",\"width\":2000,\"height\":2000},{\"@type\":\"BreadcrumbList\",\"@id\":\"https:\/\/tecplan.com.gt\/producto\/analizador-de-cable-y-antena-s331l\/#breadcrumb\",\"itemListElement\":[{\"@type\":\"ListItem\",\"position\":1,\"name\":\"Portada\",\"item\":\"https:\/\/tecplan.com.gt\/\"},{\"@type\":\"ListItem\",\"position\":2,\"name\":\"Productos\",\"item\":\"https:\/\/tecplan.com.gt\/shop\/\"},{\"@type\":\"ListItem\",\"position\":3,\"name\":\"Analizador de Cable y Antena S331L\"}]},{\"@type\":\"WebSite\",\"@id\":\"https:\/\/tecplan.com.gt\/#website\",\"url\":\"https:\/\/tecplan.com.gt\/\",\"name\":\"Tecplan Argentina\",\"description\":\"Tecnolog\u00edas y equipos de telecomunicaciones\",\"publisher\":{\"@id\":\"https:\/\/tecplan.com.gt\/#organization\"},\"potentialAction\":[{\"@type\":\"SearchAction\",\"target\":{\"@type\":\"EntryPoint\",\"urlTemplate\":\"https:\/\/tecplan.com.gt\/?s={search_term_string}\"},\"query-input\":{\"@type\":\"PropertyValueSpecification\",\"valueRequired\":true,\"valueName\":\"search_term_string\"}}],\"inLanguage\":\"en-US\"},{\"@type\":\"Organization\",\"@id\":\"https:\/\/tecplan.com.gt\/#organization\",\"name\":\"Tecplan Argentina\",\"url\":\"https:\/\/tecplan.com.gt\/\",\"logo\":{\"@type\":\"ImageObject\",\"inLanguage\":\"en-US\",\"@id\":\"https:\/\/tecplan.com.gt\/#\/schema\/logo\/image\/\",\"url\":\"\/wp-content\/uploads\/2023\/03\/logo-tecplan.gif\",\"contentUrl\":\"\/wp-content\/uploads\/2023\/03\/logo-tecplan.gif\",\"width\":1920,\"height\":486,\"caption\":\"Tecplan Argentina\"},\"image\":{\"@id\":\"https:\/\/tecplan.com.gt\/#\/schema\/logo\/image\/\"}}]}<\/script>\n<!-- \/ Yoast SEO plugin. -->","yoast_head_json":{"title":"Analizador de Cable y Antena S331L -","robots":{"index":"index","follow":"follow","max-snippet":"max-snippet:-1","max-image-preview":"max-image-preview:large","max-video-preview":"max-video-preview:-1"},"canonical":"https:\/\/tecplan.com.gt\/en\/product\/analizador-de-cable-y-antena-s331l\/","og_locale":"en_US","og_type":"article","og_title":"Analizador de Cable y Antena S331L -","og_description":"Anritsu se enorgullece de presentar el nuevo Site Master \u2122 S331L, nuestro analizador port\u00e1til compacto de cables y antenas de novena generaci\u00f3n. El S331L tiene un nuevo dise\u00f1o desde cero. Tomamos toda nuestra experiencia, los comentarios de los clientes, las pruebas de campo y lo \u00faltimo avances tecnol\u00f3gicos, y desarroll\u00f3 el mejor valor en un [&hellip;]","og_url":"https:\/\/tecplan.com.gt\/en\/product\/analizador-de-cable-y-antena-s331l\/","article_modified_time":"2024-01-29T19:43:26+00:00","og_image":[{"width":2000,"height":2000,"url":"https:\/\/tecplan.com.gt\/wp-content\/uploads\/2021\/08\/Analizador-de-Cable-y-Antena-S331L-01.jpg","type":"image\/jpeg"}],"twitter_card":"summary_large_image","twitter_misc":{"Est. reading time":"1 minute"},"schema":{"@context":"https:\/\/schema.org","@graph":[{"@type":"WebPage","@id":"https:\/\/tecplan.com.gt\/producto\/analizador-de-cable-y-antena-s331l\/","url":"https:\/\/tecplan.com.gt\/producto\/analizador-de-cable-y-antena-s331l\/","name":"Analizador de Cable y Antena S331L -","isPartOf":{"@id":"https:\/\/tecplan.com.gt\/#website"},"primaryImageOfPage":{"@id":"https:\/\/tecplan.com.gt\/producto\/analizador-de-cable-y-antena-s331l\/#primaryimage"},"image":{"@id":"https:\/\/tecplan.com.gt\/producto\/analizador-de-cable-y-antena-s331l\/#primaryimage"},"thumbnailUrl":"\/wp-content\/uploads\/2021\/08\/Analizador-de-Cable-y-Antena-S331L-01.jpg","datePublished":"2021-08-06T23:23:20+00:00","dateModified":"2024-01-29T19:43:26+00:00","breadcrumb":{"@id":"https:\/\/tecplan.com.gt\/producto\/analizador-de-cable-y-antena-s331l\/#breadcrumb"},"inLanguage":"en-US","potentialAction":[{"@type":"ReadAction","target":["https:\/\/tecplan.com.gt\/producto\/analizador-de-cable-y-antena-s331l\/"]}]},{"@type":"ImageObject","inLanguage":"en-US","@id":"https:\/\/tecplan.com.gt\/producto\/analizador-de-cable-y-antena-s331l\/#primaryimage","url":"\/wp-content\/uploads\/2021\/08\/Analizador-de-Cable-y-Antena-S331L-01.jpg","contentUrl":"\/wp-content\/uploads\/2021\/08\/Analizador-de-Cable-y-Antena-S331L-01.jpg","width":2000,"height":2000},{"@type":"BreadcrumbList","@id":"https:\/\/tecplan.com.gt\/producto\/analizador-de-cable-y-antena-s331l\/#breadcrumb","itemListElement":[{"@type":"ListItem","position":1,"name":"Portada","item":"https:\/\/tecplan.com.gt\/"},{"@type":"ListItem","position":2,"name":"Productos","item":"https:\/\/tecplan.com.gt\/shop\/"},{"@type":"ListItem","position":3,"name":"Analizador de Cable y Antena S331L"}]},{"@type":"WebSite","@id":"https:\/\/tecplan.com.gt\/#website","url":"https:\/\/tecplan.com.gt\/","name":"Tecplan Argentina","description":"Tecnolog\u00edas y equipos de telecomunicaciones","publisher":{"@id":"https:\/\/tecplan.com.gt\/#organization"},"potentialAction":[{"@type":"SearchAction","target":{"@type":"EntryPoint","urlTemplate":"https:\/\/tecplan.com.gt\/?s={search_term_string}"},"query-input":{"@type":"PropertyValueSpecification","valueRequired":true,"valueName":"search_term_string"}}],"inLanguage":"en-US"},{"@type":"Organization","@id":"https:\/\/tecplan.com.gt\/#organization","name":"Tecplan Argentina","url":"https:\/\/tecplan.com.gt\/","logo":{"@type":"ImageObject","inLanguage":"en-US","@id":"https:\/\/tecplan.com.gt\/#\/schema\/logo\/image\/","url":"\/wp-content\/uploads\/2023\/03\/logo-tecplan.gif","contentUrl":"\/wp-content\/uploads\/2023\/03\/logo-tecplan.gif","width":1920,"height":486,"caption":"Tecplan Argentina"},"image":{"@id":"https:\/\/tecplan.com.gt\/#\/schema\/logo\/image\/"}}]}},"_links":{"self":[{"href":"https:\/\/tecplan.com.gt\/en\/wp-json\/wp\/v2\/product\/1609"}],"collection":[{"href":"https:\/\/tecplan.com.gt\/en\/wp-json\/wp\/v2\/product"}],"about":[{"href":"https:\/\/tecplan.com.gt\/en\/wp-json\/wp\/v2\/types\/product"}],"replies":[{"embeddable":true,"href":"https:\/\/tecplan.com.gt\/en\/wp-json\/wp\/v2\/comments?post=1609"}],"version-history":[{"count":1,"href":"https:\/\/tecplan.com.gt\/en\/wp-json\/wp\/v2\/product\/1609\/revisions"}],"predecessor-version":[{"id":8999,"href":"https:\/\/tecplan.com.gt\/en\/wp-json\/wp\/v2\/product\/1609\/revisions\/8999"}],"wp:featuredmedia":[{"embeddable":true,"href":"https:\/\/tecplan.com.gt\/en\/wp-json\/wp\/v2\/media\/6537"}],"wp:attachment":[{"href":"https:\/\/tecplan.com.gt\/en\/wp-json\/wp\/v2\/media?parent=1609"}],"wp:term":[{"taxonomy":"product_brand","embeddable":true,"href":"https:\/\/tecplan.com.gt\/en\/wp-json\/wp\/v2\/product_brand?post=1609"},{"taxonomy":"product_cat","embeddable":true,"href":"https:\/\/tecplan.com.gt\/en\/wp-json\/wp\/v2\/product_cat?post=1609"},{"taxonomy":"product_tag","embeddable":true,"href":"https:\/\/tecplan.com.gt\/en\/wp-json\/wp\/v2\/product_tag?post=1609"}],"curies":[{"name":"wp","href":"https:\/\/api.w.org\/{rel}","templated":true}]}}