{"id":1614,"date":"2021-08-07T06:55:39","date_gmt":"2021-08-07T10:55:39","guid":{"rendered":"https:\/\/tecplan.com.gt\/?post_type=product&#038;p=1614"},"modified":"2024-01-29T17:00:01","modified_gmt":"2024-01-29T20:00:01","slug":"analizador-de-cable-y-antena-s332e","status":"publish","type":"product","link":"https:\/\/tecplan.com.gt\/en\/product\/analizador-de-cable-y-antena-s332e\/","title":{"rendered":"S332E Cable and Antenna Analyzer"},"content":{"rendered":"<p>Anritsu introduces its eighth generation compact handheld cable and antenna analyzers with spectrum analyzers for wireless network installation and maintenance. They feature the highest performance and most capabilities ever offered by Anritsu in a compact handheld tester since it introduced its first line sweeper in 1995.<img fetchpriority=\"high\" decoding=\"async\" class=\"alignleft wp-image-1616 size-large\" src=\"http:\/\/tecplan.com.gt\/wp-content\/uploads\/2021\/08\/Captura-de-pantalla-2021-08-07-065227-1024x367.png\" alt=\"\" width=\"1024\" height=\"367\" \/><br \/>\n<img decoding=\"async\" class=\"alignleft wp-image-1617 size-full\" src=\"http:\/\/tecplan.com.gt\/wp-content\/uploads\/2021\/08\/Captura-de-pantalla-2021-08-07-065446.png\" alt=\"\" width=\"683\" height=\"828\" \/><\/p>","protected":false},"excerpt":{"rendered":"<p>Anritsu presenta sus analizadores de antenas y cables port\u00e1tiles compactos de octava generaci\u00f3n con analizadores de espectro para instalaci\u00f3n y mantenimiento de redes inal\u00e1mbricas. Cuentan con el rendimiento m\u00e1s alto y la mayor cantidad de capacidades jam\u00e1s ofrecidas por Anritsu en un probador de mano compacto desde que present\u00f3 su primera barredora de l\u00ednea en [&hellip;]<\/p>","protected":false},"featured_media":6540,"comment_status":"open","ping_status":"closed","template":"","meta":{"site-sidebar-layout":"default","site-content-layout":"","ast-site-content-layout":"default","site-content-style":"default","site-sidebar-style":"default","ast-global-header-display":"","ast-banner-title-visibility":"","ast-main-header-display":"","ast-hfb-above-header-display":"","ast-hfb-below-header-display":"","ast-hfb-mobile-header-display":"","site-post-title":"","ast-breadcrumbs-content":"","ast-featured-img":"","footer-sml-layout":"","theme-transparent-header-meta":"default","adv-header-id-meta":"","stick-header-meta":"","header-above-stick-meta":"","header-main-stick-meta":"","header-below-stick-meta":"","astra-migrate-meta-layouts":"set","ast-page-background-enabled":"default","ast-page-background-meta":{"desktop":{"background-color":"var(--ast-global-color-4)","background-image":"","background-repeat":"repeat","background-position":"center center","background-size":"auto","background-attachment":"scroll","background-type":"","background-media":"","overlay-type":"","overlay-color":"","overlay-opacity":"","overlay-gradient":""},"tablet":{"background-color":"","background-image":"","background-repeat":"repeat","background-position":"center center","background-size":"auto","background-attachment":"scroll","background-type":"","background-media":"","overlay-type":"","overlay-color":"","overlay-opacity":"","overlay-gradient":""},"mobile":{"background-color":"","background-image":"","background-repeat":"repeat","background-position":"center center","background-size":"auto","background-attachment":"scroll","background-type":"","background-media":"","overlay-type":"","overlay-color":"","overlay-opacity":"","overlay-gradient":""}},"ast-content-background-meta":{"desktop":{"background-color":"var(--ast-global-color-5)","background-image":"","background-repeat":"repeat","background-position":"center center","background-size":"auto","background-attachment":"scroll","background-type":"","background-media":"","overlay-type":"","overlay-color":"","overlay-opacity":"","overlay-gradient":""},"tablet":{"background-color":"var(--ast-global-color-5)","background-image":"","background-repeat":"repeat","background-position":"center center","background-size":"auto","background-attachment":"scroll","background-type":"","background-media":"","overlay-type":"","overlay-color":"","overlay-opacity":"","overlay-gradient":""},"mobile":{"background-color":"var(--ast-global-color-5)","background-image":"","background-repeat":"repeat","background-position":"center center","background-size":"auto","background-attachment":"scroll","background-type":"","background-media":"","overlay-type":"","overlay-color":"","overlay-opacity":"","overlay-gradient":""}}},"product_brand":[],"product_cat":[28],"product_tag":[],"class_list":{"0":"post-1614","1":"product","2":"type-product","3":"status-publish","4":"has-post-thumbnail","6":"product_cat-instrumentos","7":"desktop-align-left","8":"tablet-align-left","9":"mobile-align-left","11":"first","12":"instock","13":"shipping-taxable","14":"product-type-simple"},"yoast_head":"<!-- This site is optimized with the Yoast SEO plugin v24.6 - https:\/\/yoast.com\/wordpress\/plugins\/seo\/ -->\n<title>Analizador de Cable y Antena S332E -<\/title>\n<meta name=\"robots\" content=\"index, follow, max-snippet:-1, max-image-preview:large, max-video-preview:-1\" \/>\n<link rel=\"canonical\" href=\"https:\/\/tecplan.com.gt\/en\/product\/analizador-de-cable-y-antena-s332e\/\" \/>\n<meta property=\"og:locale\" content=\"en_US\" \/>\n<meta property=\"og:type\" content=\"article\" \/>\n<meta property=\"og:title\" content=\"Analizador de Cable y Antena S332E -\" \/>\n<meta property=\"og:description\" content=\"Anritsu presenta sus analizadores de antenas y cables port\u00e1tiles compactos de octava generaci\u00f3n con analizadores de espectro para instalaci\u00f3n y mantenimiento de redes inal\u00e1mbricas. Cuentan con el rendimiento m\u00e1s alto y la mayor cantidad de capacidades jam\u00e1s ofrecidas por Anritsu en un probador de mano compacto desde que present\u00f3 su primera barredora de l\u00ednea en [&hellip;]\" \/>\n<meta property=\"og:url\" content=\"https:\/\/tecplan.com.gt\/en\/product\/analizador-de-cable-y-antena-s332e\/\" \/>\n<meta property=\"article:modified_time\" content=\"2024-01-29T20:00:01+00:00\" \/>\n<meta property=\"og:image\" content=\"https:\/\/tecplan.com.gt\/wp-content\/uploads\/2021\/08\/Analizador-de-Cable-y-Antena-S332E-01.jpg\" \/>\n\t<meta property=\"og:image:width\" content=\"2000\" \/>\n\t<meta property=\"og:image:height\" content=\"2000\" \/>\n\t<meta property=\"og:image:type\" content=\"image\/jpeg\" \/>\n<meta name=\"twitter:card\" content=\"summary_large_image\" \/>\n<meta name=\"twitter:label1\" content=\"Est. reading time\" \/>\n\t<meta name=\"twitter:data1\" content=\"1 minute\" \/>\n<script type=\"application\/ld+json\" class=\"yoast-schema-graph\">{\"@context\":\"https:\/\/schema.org\",\"@graph\":[{\"@type\":\"WebPage\",\"@id\":\"https:\/\/tecplan.com.gt\/producto\/analizador-de-cable-y-antena-s332e\/\",\"url\":\"https:\/\/tecplan.com.gt\/producto\/analizador-de-cable-y-antena-s332e\/\",\"name\":\"Analizador de Cable y Antena S332E -\",\"isPartOf\":{\"@id\":\"https:\/\/tecplan.com.gt\/#website\"},\"primaryImageOfPage\":{\"@id\":\"https:\/\/tecplan.com.gt\/producto\/analizador-de-cable-y-antena-s332e\/#primaryimage\"},\"image\":{\"@id\":\"https:\/\/tecplan.com.gt\/producto\/analizador-de-cable-y-antena-s332e\/#primaryimage\"},\"thumbnailUrl\":\"\/wp-content\/uploads\/2021\/08\/Analizador-de-Cable-y-Antena-S332E-01.jpg\",\"datePublished\":\"2021-08-07T10:55:39+00:00\",\"dateModified\":\"2024-01-29T20:00:01+00:00\",\"breadcrumb\":{\"@id\":\"https:\/\/tecplan.com.gt\/producto\/analizador-de-cable-y-antena-s332e\/#breadcrumb\"},\"inLanguage\":\"en-US\",\"potentialAction\":[{\"@type\":\"ReadAction\",\"target\":[\"https:\/\/tecplan.com.gt\/producto\/analizador-de-cable-y-antena-s332e\/\"]}]},{\"@type\":\"ImageObject\",\"inLanguage\":\"en-US\",\"@id\":\"https:\/\/tecplan.com.gt\/producto\/analizador-de-cable-y-antena-s332e\/#primaryimage\",\"url\":\"\/wp-content\/uploads\/2021\/08\/Analizador-de-Cable-y-Antena-S332E-01.jpg\",\"contentUrl\":\"\/wp-content\/uploads\/2021\/08\/Analizador-de-Cable-y-Antena-S332E-01.jpg\",\"width\":2000,\"height\":2000},{\"@type\":\"BreadcrumbList\",\"@id\":\"https:\/\/tecplan.com.gt\/producto\/analizador-de-cable-y-antena-s332e\/#breadcrumb\",\"itemListElement\":[{\"@type\":\"ListItem\",\"position\":1,\"name\":\"Portada\",\"item\":\"https:\/\/tecplan.com.gt\/\"},{\"@type\":\"ListItem\",\"position\":2,\"name\":\"Productos\",\"item\":\"https:\/\/tecplan.com.gt\/shop\/\"},{\"@type\":\"ListItem\",\"position\":3,\"name\":\"Analizador de Cable y Antena S332E\"}]},{\"@type\":\"WebSite\",\"@id\":\"https:\/\/tecplan.com.gt\/#website\",\"url\":\"https:\/\/tecplan.com.gt\/\",\"name\":\"Tecplan Argentina\",\"description\":\"Tecnolog\u00edas y equipos de telecomunicaciones\",\"publisher\":{\"@id\":\"https:\/\/tecplan.com.gt\/#organization\"},\"potentialAction\":[{\"@type\":\"SearchAction\",\"target\":{\"@type\":\"EntryPoint\",\"urlTemplate\":\"https:\/\/tecplan.com.gt\/?s={search_term_string}\"},\"query-input\":{\"@type\":\"PropertyValueSpecification\",\"valueRequired\":true,\"valueName\":\"search_term_string\"}}],\"inLanguage\":\"en-US\"},{\"@type\":\"Organization\",\"@id\":\"https:\/\/tecplan.com.gt\/#organization\",\"name\":\"Tecplan Argentina\",\"url\":\"https:\/\/tecplan.com.gt\/\",\"logo\":{\"@type\":\"ImageObject\",\"inLanguage\":\"en-US\",\"@id\":\"https:\/\/tecplan.com.gt\/#\/schema\/logo\/image\/\",\"url\":\"\/wp-content\/uploads\/2023\/03\/logo-tecplan.gif\",\"contentUrl\":\"\/wp-content\/uploads\/2023\/03\/logo-tecplan.gif\",\"width\":1920,\"height\":486,\"caption\":\"Tecplan Argentina\"},\"image\":{\"@id\":\"https:\/\/tecplan.com.gt\/#\/schema\/logo\/image\/\"}}]}<\/script>\n<!-- \/ Yoast SEO plugin. -->","yoast_head_json":{"title":"Analizador de Cable y Antena S332E -","robots":{"index":"index","follow":"follow","max-snippet":"max-snippet:-1","max-image-preview":"max-image-preview:large","max-video-preview":"max-video-preview:-1"},"canonical":"https:\/\/tecplan.com.gt\/en\/product\/analizador-de-cable-y-antena-s332e\/","og_locale":"en_US","og_type":"article","og_title":"Analizador de Cable y Antena S332E -","og_description":"Anritsu presenta sus analizadores de antenas y cables port\u00e1tiles compactos de octava generaci\u00f3n con analizadores de espectro para instalaci\u00f3n y mantenimiento de redes inal\u00e1mbricas. Cuentan con el rendimiento m\u00e1s alto y la mayor cantidad de capacidades jam\u00e1s ofrecidas por Anritsu en un probador de mano compacto desde que present\u00f3 su primera barredora de l\u00ednea en [&hellip;]","og_url":"https:\/\/tecplan.com.gt\/en\/product\/analizador-de-cable-y-antena-s332e\/","article_modified_time":"2024-01-29T20:00:01+00:00","og_image":[{"width":2000,"height":2000,"url":"https:\/\/tecplan.com.gt\/wp-content\/uploads\/2021\/08\/Analizador-de-Cable-y-Antena-S332E-01.jpg","type":"image\/jpeg"}],"twitter_card":"summary_large_image","twitter_misc":{"Est. reading time":"1 minute"},"schema":{"@context":"https:\/\/schema.org","@graph":[{"@type":"WebPage","@id":"https:\/\/tecplan.com.gt\/producto\/analizador-de-cable-y-antena-s332e\/","url":"https:\/\/tecplan.com.gt\/producto\/analizador-de-cable-y-antena-s332e\/","name":"Analizador de Cable y Antena S332E -","isPartOf":{"@id":"https:\/\/tecplan.com.gt\/#website"},"primaryImageOfPage":{"@id":"https:\/\/tecplan.com.gt\/producto\/analizador-de-cable-y-antena-s332e\/#primaryimage"},"image":{"@id":"https:\/\/tecplan.com.gt\/producto\/analizador-de-cable-y-antena-s332e\/#primaryimage"},"thumbnailUrl":"\/wp-content\/uploads\/2021\/08\/Analizador-de-Cable-y-Antena-S332E-01.jpg","datePublished":"2021-08-07T10:55:39+00:00","dateModified":"2024-01-29T20:00:01+00:00","breadcrumb":{"@id":"https:\/\/tecplan.com.gt\/producto\/analizador-de-cable-y-antena-s332e\/#breadcrumb"},"inLanguage":"en-US","potentialAction":[{"@type":"ReadAction","target":["https:\/\/tecplan.com.gt\/producto\/analizador-de-cable-y-antena-s332e\/"]}]},{"@type":"ImageObject","inLanguage":"en-US","@id":"https:\/\/tecplan.com.gt\/producto\/analizador-de-cable-y-antena-s332e\/#primaryimage","url":"\/wp-content\/uploads\/2021\/08\/Analizador-de-Cable-y-Antena-S332E-01.jpg","contentUrl":"\/wp-content\/uploads\/2021\/08\/Analizador-de-Cable-y-Antena-S332E-01.jpg","width":2000,"height":2000},{"@type":"BreadcrumbList","@id":"https:\/\/tecplan.com.gt\/producto\/analizador-de-cable-y-antena-s332e\/#breadcrumb","itemListElement":[{"@type":"ListItem","position":1,"name":"Portada","item":"https:\/\/tecplan.com.gt\/"},{"@type":"ListItem","position":2,"name":"Productos","item":"https:\/\/tecplan.com.gt\/shop\/"},{"@type":"ListItem","position":3,"name":"Analizador de Cable y Antena S332E"}]},{"@type":"WebSite","@id":"https:\/\/tecplan.com.gt\/#website","url":"https:\/\/tecplan.com.gt\/","name":"Tecplan Argentina","description":"Tecnolog\u00edas y equipos de telecomunicaciones","publisher":{"@id":"https:\/\/tecplan.com.gt\/#organization"},"potentialAction":[{"@type":"SearchAction","target":{"@type":"EntryPoint","urlTemplate":"https:\/\/tecplan.com.gt\/?s={search_term_string}"},"query-input":{"@type":"PropertyValueSpecification","valueRequired":true,"valueName":"search_term_string"}}],"inLanguage":"en-US"},{"@type":"Organization","@id":"https:\/\/tecplan.com.gt\/#organization","name":"Tecplan Argentina","url":"https:\/\/tecplan.com.gt\/","logo":{"@type":"ImageObject","inLanguage":"en-US","@id":"https:\/\/tecplan.com.gt\/#\/schema\/logo\/image\/","url":"\/wp-content\/uploads\/2023\/03\/logo-tecplan.gif","contentUrl":"\/wp-content\/uploads\/2023\/03\/logo-tecplan.gif","width":1920,"height":486,"caption":"Tecplan Argentina"},"image":{"@id":"https:\/\/tecplan.com.gt\/#\/schema\/logo\/image\/"}}]}},"_links":{"self":[{"href":"https:\/\/tecplan.com.gt\/en\/wp-json\/wp\/v2\/product\/1614"}],"collection":[{"href":"https:\/\/tecplan.com.gt\/en\/wp-json\/wp\/v2\/product"}],"about":[{"href":"https:\/\/tecplan.com.gt\/en\/wp-json\/wp\/v2\/types\/product"}],"replies":[{"embeddable":true,"href":"https:\/\/tecplan.com.gt\/en\/wp-json\/wp\/v2\/comments?post=1614"}],"version-history":[{"count":1,"href":"https:\/\/tecplan.com.gt\/en\/wp-json\/wp\/v2\/product\/1614\/revisions"}],"predecessor-version":[{"id":8998,"href":"https:\/\/tecplan.com.gt\/en\/wp-json\/wp\/v2\/product\/1614\/revisions\/8998"}],"wp:featuredmedia":[{"embeddable":true,"href":"https:\/\/tecplan.com.gt\/en\/wp-json\/wp\/v2\/media\/6540"}],"wp:attachment":[{"href":"https:\/\/tecplan.com.gt\/en\/wp-json\/wp\/v2\/media?parent=1614"}],"wp:term":[{"taxonomy":"product_brand","embeddable":true,"href":"https:\/\/tecplan.com.gt\/en\/wp-json\/wp\/v2\/product_brand?post=1614"},{"taxonomy":"product_cat","embeddable":true,"href":"https:\/\/tecplan.com.gt\/en\/wp-json\/wp\/v2\/product_cat?post=1614"},{"taxonomy":"product_tag","embeddable":true,"href":"https:\/\/tecplan.com.gt\/en\/wp-json\/wp\/v2\/product_tag?post=1614"}],"curies":[{"name":"wp","href":"https:\/\/api.w.org\/{rel}","templated":true}]}}