{"id":1618,"date":"2021-08-07T07:02:29","date_gmt":"2021-08-07T11:02:29","guid":{"rendered":"https:\/\/tecplan.com.gt\/?post_type=product&#038;p=1618"},"modified":"2024-01-29T17:01:44","modified_gmt":"2024-01-29T20:01:44","slug":"analizadores-de-pim-anritsu","status":"publish","type":"product","link":"https:\/\/tecplan.com.gt\/en\/product\/analizadores-de-pim-anritsu\/","title":{"rendered":"Anritsu PIM Analyzers"},"content":{"rendered":"<p>Anritsu Company introduces the first high-power battery-powered passive intermodulation (PIM) test solution for major wireless network standards in use worldwide. PIM is a form of interference generated by passive components that are normally thought of as linear such as connectors, cable assemblies, filters and antennas. However, when subjected to high RF power levels found in systems, these devices can generate spurious signals that increase the receiver noise floor and reduce site performance.<\/p>\n<p>&nbsp;<\/p>\n<p>The PIM Master accurately measures PIM performance by injecting two CW test tones into the antenna feed network and recording the magnitude of the third, fifth, or seventh order intermodulation products that fall into the system's receive band. The MW82119A can perform the following measurements, allowing test technicians to quickly find and eliminate PIM problems found at the cell site:<\/p>\n<ul>\n<li>PIM versus Time<\/li>\n<li>Noise Floor<\/li>\n<li>Swept PIM<\/li>\n<li>Distance-to-PIM\u2122 (DTP)<\/li>\n<\/ul>\n<p><img fetchpriority=\"high\" decoding=\"async\" class=\"alignleft wp-image-1620 size-full\" src=\"http:\/\/tecplan.com.gt\/wp-content\/uploads\/2021\/08\/Captura-de-pantalla-2021-08-07-065940.png\" alt=\"\" width=\"705\" height=\"797\" \/><\/p>","protected":false},"excerpt":{"rendered":"<p>Anritsu Company presenta la primera alta potencia a bater\u00eda soluci\u00f3n de prueba de intermodulaci\u00f3n pasiva (PIM) para las principales redes inal\u00e1mbricas est\u00e1ndares en uso en todo el mundo. PIM es una forma de interferencia generado por componentes pasivos que normalmente se consideran como lineales como conectores, conjuntos de cables, filtros y antenas. Sin embargo, cuando [&hellip;]<\/p>","protected":false},"featured_media":6544,"comment_status":"open","ping_status":"closed","template":"","meta":{"site-sidebar-layout":"default","site-content-layout":"","ast-site-content-layout":"default","site-content-style":"default","site-sidebar-style":"default","ast-global-header-display":"","ast-banner-title-visibility":"","ast-main-header-display":"","ast-hfb-above-header-display":"","ast-hfb-below-header-display":"","ast-hfb-mobile-header-display":"","site-post-title":"","ast-breadcrumbs-content":"","ast-featured-img":"","footer-sml-layout":"","theme-transparent-header-meta":"default","adv-header-id-meta":"","stick-header-meta":"","header-above-stick-meta":"","header-main-stick-meta":"","header-below-stick-meta":"","astra-migrate-meta-layouts":"set","ast-page-background-enabled":"default","ast-page-background-meta":{"desktop":{"background-color":"var(--ast-global-color-4)","background-image":"","background-repeat":"repeat","background-position":"center center","background-size":"auto","background-attachment":"scroll","background-type":"","background-media":"","overlay-type":"","overlay-color":"","overlay-opacity":"","overlay-gradient":""},"tablet":{"background-color":"","background-image":"","background-repeat":"repeat","background-position":"center center","background-size":"auto","background-attachment":"scroll","background-type":"","background-media":"","overlay-type":"","overlay-color":"","overlay-opacity":"","overlay-gradient":""},"mobile":{"background-color":"","background-image":"","background-repeat":"repeat","background-position":"center center","background-size":"auto","background-attachment":"scroll","background-type":"","background-media":"","overlay-type":"","overlay-color":"","overlay-opacity":"","overlay-gradient":""}},"ast-content-background-meta":{"desktop":{"background-color":"var(--ast-global-color-5)","background-image":"","background-repeat":"repeat","background-position":"center center","background-size":"auto","background-attachment":"scroll","background-type":"","background-media":"","overlay-type":"","overlay-color":"","overlay-opacity":"","overlay-gradient":""},"tablet":{"background-color":"var(--ast-global-color-5)","background-image":"","background-repeat":"repeat","background-position":"center center","background-size":"auto","background-attachment":"scroll","background-type":"","background-media":"","overlay-type":"","overlay-color":"","overlay-opacity":"","overlay-gradient":""},"mobile":{"background-color":"var(--ast-global-color-5)","background-image":"","background-repeat":"repeat","background-position":"center center","background-size":"auto","background-attachment":"scroll","background-type":"","background-media":"","overlay-type":"","overlay-color":"","overlay-opacity":"","overlay-gradient":""}}},"product_brand":[],"product_cat":[28],"product_tag":[],"class_list":{"0":"post-1618","1":"product","2":"type-product","3":"status-publish","4":"has-post-thumbnail","6":"product_cat-instrumentos","7":"desktop-align-left","8":"tablet-align-left","9":"mobile-align-left","11":"first","12":"instock","13":"shipping-taxable","14":"product-type-simple"},"yoast_head":"<!-- This site is optimized with the Yoast SEO plugin v24.6 - https:\/\/yoast.com\/wordpress\/plugins\/seo\/ -->\n<title>Analizadores de PIM Anritsu -<\/title>\n<meta name=\"robots\" content=\"index, follow, max-snippet:-1, max-image-preview:large, max-video-preview:-1\" \/>\n<link rel=\"canonical\" href=\"https:\/\/tecplan.com.gt\/en\/product\/analizadores-de-pim-anritsu\/\" \/>\n<meta property=\"og:locale\" content=\"en_US\" \/>\n<meta property=\"og:type\" content=\"article\" \/>\n<meta property=\"og:title\" content=\"Analizadores de PIM Anritsu -\" \/>\n<meta property=\"og:description\" content=\"Anritsu Company presenta la primera alta potencia a bater\u00eda soluci\u00f3n de prueba de intermodulaci\u00f3n pasiva (PIM) para las principales redes inal\u00e1mbricas est\u00e1ndares en uso en todo el mundo. PIM es una forma de interferencia generado por componentes pasivos que normalmente se consideran como lineales como conectores, conjuntos de cables, filtros y antenas. Sin embargo, cuando [&hellip;]\" \/>\n<meta property=\"og:url\" content=\"https:\/\/tecplan.com.gt\/en\/product\/analizadores-de-pim-anritsu\/\" \/>\n<meta property=\"article:modified_time\" content=\"2024-01-29T20:01:44+00:00\" \/>\n<meta property=\"og:image\" content=\"https:\/\/tecplan.com.gt\/wp-content\/uploads\/2021\/08\/Analizadores-de-PIM-01.jpg\" \/>\n\t<meta property=\"og:image:width\" content=\"2000\" \/>\n\t<meta property=\"og:image:height\" content=\"2000\" \/>\n\t<meta property=\"og:image:type\" content=\"image\/jpeg\" \/>\n<meta name=\"twitter:card\" content=\"summary_large_image\" \/>\n<meta name=\"twitter:label1\" content=\"Est. reading time\" \/>\n\t<meta name=\"twitter:data1\" content=\"2 minutes\" \/>\n<script type=\"application\/ld+json\" class=\"yoast-schema-graph\">{\"@context\":\"https:\/\/schema.org\",\"@graph\":[{\"@type\":\"WebPage\",\"@id\":\"https:\/\/tecplan.com.gt\/producto\/analizadores-de-pim-anritsu\/\",\"url\":\"https:\/\/tecplan.com.gt\/producto\/analizadores-de-pim-anritsu\/\",\"name\":\"Analizadores de PIM Anritsu -\",\"isPartOf\":{\"@id\":\"https:\/\/tecplan.com.gt\/#website\"},\"primaryImageOfPage\":{\"@id\":\"https:\/\/tecplan.com.gt\/producto\/analizadores-de-pim-anritsu\/#primaryimage\"},\"image\":{\"@id\":\"https:\/\/tecplan.com.gt\/producto\/analizadores-de-pim-anritsu\/#primaryimage\"},\"thumbnailUrl\":\"\/wp-content\/uploads\/2021\/08\/Analizadores-de-PIM-01.jpg\",\"datePublished\":\"2021-08-07T11:02:29+00:00\",\"dateModified\":\"2024-01-29T20:01:44+00:00\",\"breadcrumb\":{\"@id\":\"https:\/\/tecplan.com.gt\/producto\/analizadores-de-pim-anritsu\/#breadcrumb\"},\"inLanguage\":\"en-US\",\"potentialAction\":[{\"@type\":\"ReadAction\",\"target\":[\"https:\/\/tecplan.com.gt\/producto\/analizadores-de-pim-anritsu\/\"]}]},{\"@type\":\"ImageObject\",\"inLanguage\":\"en-US\",\"@id\":\"https:\/\/tecplan.com.gt\/producto\/analizadores-de-pim-anritsu\/#primaryimage\",\"url\":\"\/wp-content\/uploads\/2021\/08\/Analizadores-de-PIM-01.jpg\",\"contentUrl\":\"\/wp-content\/uploads\/2021\/08\/Analizadores-de-PIM-01.jpg\",\"width\":2000,\"height\":2000},{\"@type\":\"BreadcrumbList\",\"@id\":\"https:\/\/tecplan.com.gt\/producto\/analizadores-de-pim-anritsu\/#breadcrumb\",\"itemListElement\":[{\"@type\":\"ListItem\",\"position\":1,\"name\":\"Portada\",\"item\":\"https:\/\/tecplan.com.gt\/\"},{\"@type\":\"ListItem\",\"position\":2,\"name\":\"Productos\",\"item\":\"https:\/\/tecplan.com.gt\/shop\/\"},{\"@type\":\"ListItem\",\"position\":3,\"name\":\"Analizadores de PIM Anritsu\"}]},{\"@type\":\"WebSite\",\"@id\":\"https:\/\/tecplan.com.gt\/#website\",\"url\":\"https:\/\/tecplan.com.gt\/\",\"name\":\"Tecplan Argentina\",\"description\":\"Tecnolog\u00edas y equipos de telecomunicaciones\",\"publisher\":{\"@id\":\"https:\/\/tecplan.com.gt\/#organization\"},\"potentialAction\":[{\"@type\":\"SearchAction\",\"target\":{\"@type\":\"EntryPoint\",\"urlTemplate\":\"https:\/\/tecplan.com.gt\/?s={search_term_string}\"},\"query-input\":{\"@type\":\"PropertyValueSpecification\",\"valueRequired\":true,\"valueName\":\"search_term_string\"}}],\"inLanguage\":\"en-US\"},{\"@type\":\"Organization\",\"@id\":\"https:\/\/tecplan.com.gt\/#organization\",\"name\":\"Tecplan Argentina\",\"url\":\"https:\/\/tecplan.com.gt\/\",\"logo\":{\"@type\":\"ImageObject\",\"inLanguage\":\"en-US\",\"@id\":\"https:\/\/tecplan.com.gt\/#\/schema\/logo\/image\/\",\"url\":\"\/wp-content\/uploads\/2023\/03\/logo-tecplan.gif\",\"contentUrl\":\"\/wp-content\/uploads\/2023\/03\/logo-tecplan.gif\",\"width\":1920,\"height\":486,\"caption\":\"Tecplan Argentina\"},\"image\":{\"@id\":\"https:\/\/tecplan.com.gt\/#\/schema\/logo\/image\/\"}}]}<\/script>\n<!-- \/ Yoast SEO plugin. -->","yoast_head_json":{"title":"Analizadores de PIM Anritsu -","robots":{"index":"index","follow":"follow","max-snippet":"max-snippet:-1","max-image-preview":"max-image-preview:large","max-video-preview":"max-video-preview:-1"},"canonical":"https:\/\/tecplan.com.gt\/en\/product\/analizadores-de-pim-anritsu\/","og_locale":"en_US","og_type":"article","og_title":"Analizadores de PIM Anritsu -","og_description":"Anritsu Company presenta la primera alta potencia a bater\u00eda soluci\u00f3n de prueba de intermodulaci\u00f3n pasiva (PIM) para las principales redes inal\u00e1mbricas est\u00e1ndares en uso en todo el mundo. PIM es una forma de interferencia generado por componentes pasivos que normalmente se consideran como lineales como conectores, conjuntos de cables, filtros y antenas. Sin embargo, cuando [&hellip;]","og_url":"https:\/\/tecplan.com.gt\/en\/product\/analizadores-de-pim-anritsu\/","article_modified_time":"2024-01-29T20:01:44+00:00","og_image":[{"width":2000,"height":2000,"url":"https:\/\/tecplan.com.gt\/wp-content\/uploads\/2021\/08\/Analizadores-de-PIM-01.jpg","type":"image\/jpeg"}],"twitter_card":"summary_large_image","twitter_misc":{"Est. reading time":"2 minutes"},"schema":{"@context":"https:\/\/schema.org","@graph":[{"@type":"WebPage","@id":"https:\/\/tecplan.com.gt\/producto\/analizadores-de-pim-anritsu\/","url":"https:\/\/tecplan.com.gt\/producto\/analizadores-de-pim-anritsu\/","name":"Analizadores de PIM Anritsu -","isPartOf":{"@id":"https:\/\/tecplan.com.gt\/#website"},"primaryImageOfPage":{"@id":"https:\/\/tecplan.com.gt\/producto\/analizadores-de-pim-anritsu\/#primaryimage"},"image":{"@id":"https:\/\/tecplan.com.gt\/producto\/analizadores-de-pim-anritsu\/#primaryimage"},"thumbnailUrl":"\/wp-content\/uploads\/2021\/08\/Analizadores-de-PIM-01.jpg","datePublished":"2021-08-07T11:02:29+00:00","dateModified":"2024-01-29T20:01:44+00:00","breadcrumb":{"@id":"https:\/\/tecplan.com.gt\/producto\/analizadores-de-pim-anritsu\/#breadcrumb"},"inLanguage":"en-US","potentialAction":[{"@type":"ReadAction","target":["https:\/\/tecplan.com.gt\/producto\/analizadores-de-pim-anritsu\/"]}]},{"@type":"ImageObject","inLanguage":"en-US","@id":"https:\/\/tecplan.com.gt\/producto\/analizadores-de-pim-anritsu\/#primaryimage","url":"\/wp-content\/uploads\/2021\/08\/Analizadores-de-PIM-01.jpg","contentUrl":"\/wp-content\/uploads\/2021\/08\/Analizadores-de-PIM-01.jpg","width":2000,"height":2000},{"@type":"BreadcrumbList","@id":"https:\/\/tecplan.com.gt\/producto\/analizadores-de-pim-anritsu\/#breadcrumb","itemListElement":[{"@type":"ListItem","position":1,"name":"Portada","item":"https:\/\/tecplan.com.gt\/"},{"@type":"ListItem","position":2,"name":"Productos","item":"https:\/\/tecplan.com.gt\/shop\/"},{"@type":"ListItem","position":3,"name":"Analizadores de PIM Anritsu"}]},{"@type":"WebSite","@id":"https:\/\/tecplan.com.gt\/#website","url":"https:\/\/tecplan.com.gt\/","name":"Tecplan Argentina","description":"Tecnolog\u00edas y equipos de telecomunicaciones","publisher":{"@id":"https:\/\/tecplan.com.gt\/#organization"},"potentialAction":[{"@type":"SearchAction","target":{"@type":"EntryPoint","urlTemplate":"https:\/\/tecplan.com.gt\/?s={search_term_string}"},"query-input":{"@type":"PropertyValueSpecification","valueRequired":true,"valueName":"search_term_string"}}],"inLanguage":"en-US"},{"@type":"Organization","@id":"https:\/\/tecplan.com.gt\/#organization","name":"Tecplan Argentina","url":"https:\/\/tecplan.com.gt\/","logo":{"@type":"ImageObject","inLanguage":"en-US","@id":"https:\/\/tecplan.com.gt\/#\/schema\/logo\/image\/","url":"\/wp-content\/uploads\/2023\/03\/logo-tecplan.gif","contentUrl":"\/wp-content\/uploads\/2023\/03\/logo-tecplan.gif","width":1920,"height":486,"caption":"Tecplan Argentina"},"image":{"@id":"https:\/\/tecplan.com.gt\/#\/schema\/logo\/image\/"}}]}},"_links":{"self":[{"href":"https:\/\/tecplan.com.gt\/en\/wp-json\/wp\/v2\/product\/1618"}],"collection":[{"href":"https:\/\/tecplan.com.gt\/en\/wp-json\/wp\/v2\/product"}],"about":[{"href":"https:\/\/tecplan.com.gt\/en\/wp-json\/wp\/v2\/types\/product"}],"replies":[{"embeddable":true,"href":"https:\/\/tecplan.com.gt\/en\/wp-json\/wp\/v2\/comments?post=1618"}],"version-history":[{"count":1,"href":"https:\/\/tecplan.com.gt\/en\/wp-json\/wp\/v2\/product\/1618\/revisions"}],"predecessor-version":[{"id":8997,"href":"https:\/\/tecplan.com.gt\/en\/wp-json\/wp\/v2\/product\/1618\/revisions\/8997"}],"wp:featuredmedia":[{"embeddable":true,"href":"https:\/\/tecplan.com.gt\/en\/wp-json\/wp\/v2\/media\/6544"}],"wp:attachment":[{"href":"https:\/\/tecplan.com.gt\/en\/wp-json\/wp\/v2\/media?parent=1618"}],"wp:term":[{"taxonomy":"product_brand","embeddable":true,"href":"https:\/\/tecplan.com.gt\/en\/wp-json\/wp\/v2\/product_brand?post=1618"},{"taxonomy":"product_cat","embeddable":true,"href":"https:\/\/tecplan.com.gt\/en\/wp-json\/wp\/v2\/product_cat?post=1618"},{"taxonomy":"product_tag","embeddable":true,"href":"https:\/\/tecplan.com.gt\/en\/wp-json\/wp\/v2\/product_tag?post=1618"}],"curies":[{"name":"wp","href":"https:\/\/api.w.org\/{rel}","templated":true}]}}