{"id":1621,"date":"2021-08-07T07:08:53","date_gmt":"2021-08-07T11:08:53","guid":{"rendered":"https:\/\/tecplan.com.gt\/?post_type=product&#038;p=1621"},"modified":"2024-01-29T17:26:56","modified_gmt":"2024-01-29T20:26:56","slug":"inclinometros-brunton-eclipse-8099","status":"publish","type":"product","link":"https:\/\/tecplan.com.gt\/en\/product\/inclinometros-brunton-eclipse-8099\/","title":{"rendered":"Brunton Eclipse 8099 Inclinometers"},"content":{"rendered":"<p>The Eclipse 8099 compass is a sighting instrument that uses the Earth's magnetic field to display a heading (direction) in degrees. The Eclipse 8099 also contains three clinometer scales for measuring angles from the horizontal (0\u00b0). The Orientation section provides a description of the important parts of the Eclipse 8099. A detailed description of the operation of the Eclipse 8099 is provided throughout the instruction manual.<\/p>","protected":false},"excerpt":{"rendered":"<p>La br\u00fajula Eclipse 8099 es un instrumento de observaci\u00f3n que utiliza el campo magn\u00e9tico de la Tierra para mostrar un rumbo (direcci\u00f3n) en grados. El Eclipse 8099 tambi\u00e9n contiene tres escalas de clin\u00f3metro para medir \u00e1ngulos desde la horizontal (0 \u00b0). La secci\u00f3n de orientaci\u00f3n proporciona una descripci\u00f3n de las piezas importantes de Eclipse 8099. [&hellip;]<\/p>","protected":false},"featured_media":6553,"comment_status":"open","ping_status":"closed","template":"","meta":{"site-sidebar-layout":"default","site-content-layout":"","ast-site-content-layout":"default","site-content-style":"default","site-sidebar-style":"default","ast-global-header-display":"","ast-banner-title-visibility":"","ast-main-header-display":"","ast-hfb-above-header-display":"","ast-hfb-below-header-display":"","ast-hfb-mobile-header-display":"","site-post-title":"","ast-breadcrumbs-content":"","ast-featured-img":"","footer-sml-layout":"","theme-transparent-header-meta":"default","adv-header-id-meta":"","stick-header-meta":"","header-above-stick-meta":"","header-main-stick-meta":"","header-below-stick-meta":"","astra-migrate-meta-layouts":"set","ast-page-background-enabled":"default","ast-page-background-meta":{"desktop":{"background-color":"var(--ast-global-color-4)","background-image":"","background-repeat":"repeat","background-position":"center center","background-size":"auto","background-attachment":"scroll","background-type":"","background-media":"","overlay-type":"","overlay-color":"","overlay-opacity":"","overlay-gradient":""},"tablet":{"background-color":"","background-image":"","background-repeat":"repeat","background-position":"center center","background-size":"auto","background-attachment":"scroll","background-type":"","background-media":"","overlay-type":"","overlay-color":"","overlay-opacity":"","overlay-gradient":""},"mobile":{"background-color":"","background-image":"","background-repeat":"repeat","background-position":"center center","background-size":"auto","background-attachment":"scroll","background-type":"","background-media":"","overlay-type":"","overlay-color":"","overlay-opacity":"","overlay-gradient":""}},"ast-content-background-meta":{"desktop":{"background-color":"var(--ast-global-color-5)","background-image":"","background-repeat":"repeat","background-position":"center center","background-size":"auto","background-attachment":"scroll","background-type":"","background-media":"","overlay-type":"","overlay-color":"","overlay-opacity":"","overlay-gradient":""},"tablet":{"background-color":"var(--ast-global-color-5)","background-image":"","background-repeat":"repeat","background-position":"center center","background-size":"auto","background-attachment":"scroll","background-type":"","background-media":"","overlay-type":"","overlay-color":"","overlay-opacity":"","overlay-gradient":""},"mobile":{"background-color":"var(--ast-global-color-5)","background-image":"","background-repeat":"repeat","background-position":"center center","background-size":"auto","background-attachment":"scroll","background-type":"","background-media":"","overlay-type":"","overlay-color":"","overlay-opacity":"","overlay-gradient":""}}},"product_brand":[],"product_cat":[28],"product_tag":[],"class_list":{"0":"post-1621","1":"product","2":"type-product","3":"status-publish","4":"has-post-thumbnail","6":"product_cat-instrumentos","7":"desktop-align-left","8":"tablet-align-left","9":"mobile-align-left","11":"first","12":"instock","13":"shipping-taxable","14":"product-type-simple"},"yoast_head":"<!-- This site is optimized with the Yoast SEO plugin v24.6 - https:\/\/yoast.com\/wordpress\/plugins\/seo\/ -->\n<title>Inclin\u00f3metros Brunton Eclipse 8099 -<\/title>\n<meta name=\"robots\" content=\"index, follow, max-snippet:-1, max-image-preview:large, max-video-preview:-1\" \/>\n<link rel=\"canonical\" href=\"https:\/\/tecplan.com.gt\/en\/product\/inclinometros-brunton-eclipse-8099\/\" \/>\n<meta property=\"og:locale\" content=\"en_US\" \/>\n<meta property=\"og:type\" content=\"article\" \/>\n<meta property=\"og:title\" content=\"Inclin\u00f3metros Brunton Eclipse 8099 -\" \/>\n<meta property=\"og:description\" content=\"La br\u00fajula Eclipse 8099 es un instrumento de observaci\u00f3n que utiliza el campo magn\u00e9tico de la Tierra para mostrar un rumbo (direcci\u00f3n) en grados. El Eclipse 8099 tambi\u00e9n contiene tres escalas de clin\u00f3metro para medir \u00e1ngulos desde la horizontal (0 \u00b0). La secci\u00f3n de orientaci\u00f3n proporciona una descripci\u00f3n de las piezas importantes de Eclipse 8099. [&hellip;]\" \/>\n<meta property=\"og:url\" content=\"https:\/\/tecplan.com.gt\/en\/product\/inclinometros-brunton-eclipse-8099\/\" \/>\n<meta property=\"article:modified_time\" content=\"2024-01-29T20:26:56+00:00\" \/>\n<meta property=\"og:image\" content=\"https:\/\/tecplan.com.gt\/wp-content\/uploads\/2021\/08\/Inclinometros-01.jpg\" \/>\n\t<meta property=\"og:image:width\" content=\"2000\" \/>\n\t<meta property=\"og:image:height\" content=\"2000\" \/>\n\t<meta property=\"og:image:type\" content=\"image\/jpeg\" \/>\n<meta name=\"twitter:card\" content=\"summary_large_image\" \/>\n<meta name=\"twitter:label1\" content=\"Est. reading time\" \/>\n\t<meta name=\"twitter:data1\" content=\"1 minute\" \/>\n<script type=\"application\/ld+json\" class=\"yoast-schema-graph\">{\"@context\":\"https:\/\/schema.org\",\"@graph\":[{\"@type\":\"WebPage\",\"@id\":\"https:\/\/tecplan.com.gt\/producto\/inclinometros-brunton-eclipse-8099\/\",\"url\":\"https:\/\/tecplan.com.gt\/producto\/inclinometros-brunton-eclipse-8099\/\",\"name\":\"Inclin\u00f3metros Brunton Eclipse 8099 -\",\"isPartOf\":{\"@id\":\"https:\/\/tecplan.com.gt\/#website\"},\"primaryImageOfPage\":{\"@id\":\"https:\/\/tecplan.com.gt\/producto\/inclinometros-brunton-eclipse-8099\/#primaryimage\"},\"image\":{\"@id\":\"https:\/\/tecplan.com.gt\/producto\/inclinometros-brunton-eclipse-8099\/#primaryimage\"},\"thumbnailUrl\":\"\/wp-content\/uploads\/2021\/08\/Inclinometros-01.jpg\",\"datePublished\":\"2021-08-07T11:08:53+00:00\",\"dateModified\":\"2024-01-29T20:26:56+00:00\",\"breadcrumb\":{\"@id\":\"https:\/\/tecplan.com.gt\/producto\/inclinometros-brunton-eclipse-8099\/#breadcrumb\"},\"inLanguage\":\"en-US\",\"potentialAction\":[{\"@type\":\"ReadAction\",\"target\":[\"https:\/\/tecplan.com.gt\/producto\/inclinometros-brunton-eclipse-8099\/\"]}]},{\"@type\":\"ImageObject\",\"inLanguage\":\"en-US\",\"@id\":\"https:\/\/tecplan.com.gt\/producto\/inclinometros-brunton-eclipse-8099\/#primaryimage\",\"url\":\"\/wp-content\/uploads\/2021\/08\/Inclinometros-01.jpg\",\"contentUrl\":\"\/wp-content\/uploads\/2021\/08\/Inclinometros-01.jpg\",\"width\":2000,\"height\":2000},{\"@type\":\"BreadcrumbList\",\"@id\":\"https:\/\/tecplan.com.gt\/producto\/inclinometros-brunton-eclipse-8099\/#breadcrumb\",\"itemListElement\":[{\"@type\":\"ListItem\",\"position\":1,\"name\":\"Portada\",\"item\":\"https:\/\/tecplan.com.gt\/\"},{\"@type\":\"ListItem\",\"position\":2,\"name\":\"Productos\",\"item\":\"https:\/\/tecplan.com.gt\/shop\/\"},{\"@type\":\"ListItem\",\"position\":3,\"name\":\"Inclin\u00f3metros Brunton Eclipse 8099\"}]},{\"@type\":\"WebSite\",\"@id\":\"https:\/\/tecplan.com.gt\/#website\",\"url\":\"https:\/\/tecplan.com.gt\/\",\"name\":\"Tecplan Argentina\",\"description\":\"Tecnolog\u00edas y equipos de telecomunicaciones\",\"publisher\":{\"@id\":\"https:\/\/tecplan.com.gt\/#organization\"},\"potentialAction\":[{\"@type\":\"SearchAction\",\"target\":{\"@type\":\"EntryPoint\",\"urlTemplate\":\"https:\/\/tecplan.com.gt\/?s={search_term_string}\"},\"query-input\":{\"@type\":\"PropertyValueSpecification\",\"valueRequired\":true,\"valueName\":\"search_term_string\"}}],\"inLanguage\":\"en-US\"},{\"@type\":\"Organization\",\"@id\":\"https:\/\/tecplan.com.gt\/#organization\",\"name\":\"Tecplan Argentina\",\"url\":\"https:\/\/tecplan.com.gt\/\",\"logo\":{\"@type\":\"ImageObject\",\"inLanguage\":\"en-US\",\"@id\":\"https:\/\/tecplan.com.gt\/#\/schema\/logo\/image\/\",\"url\":\"\/wp-content\/uploads\/2023\/03\/logo-tecplan.gif\",\"contentUrl\":\"\/wp-content\/uploads\/2023\/03\/logo-tecplan.gif\",\"width\":1920,\"height\":486,\"caption\":\"Tecplan Argentina\"},\"image\":{\"@id\":\"https:\/\/tecplan.com.gt\/#\/schema\/logo\/image\/\"}}]}<\/script>\n<!-- \/ Yoast SEO plugin. -->","yoast_head_json":{"title":"Inclin\u00f3metros Brunton Eclipse 8099 -","robots":{"index":"index","follow":"follow","max-snippet":"max-snippet:-1","max-image-preview":"max-image-preview:large","max-video-preview":"max-video-preview:-1"},"canonical":"https:\/\/tecplan.com.gt\/en\/product\/inclinometros-brunton-eclipse-8099\/","og_locale":"en_US","og_type":"article","og_title":"Inclin\u00f3metros Brunton Eclipse 8099 -","og_description":"La br\u00fajula Eclipse 8099 es un instrumento de observaci\u00f3n que utiliza el campo magn\u00e9tico de la Tierra para mostrar un rumbo (direcci\u00f3n) en grados. El Eclipse 8099 tambi\u00e9n contiene tres escalas de clin\u00f3metro para medir \u00e1ngulos desde la horizontal (0 \u00b0). La secci\u00f3n de orientaci\u00f3n proporciona una descripci\u00f3n de las piezas importantes de Eclipse 8099. [&hellip;]","og_url":"https:\/\/tecplan.com.gt\/en\/product\/inclinometros-brunton-eclipse-8099\/","article_modified_time":"2024-01-29T20:26:56+00:00","og_image":[{"width":2000,"height":2000,"url":"https:\/\/tecplan.com.gt\/wp-content\/uploads\/2021\/08\/Inclinometros-01.jpg","type":"image\/jpeg"}],"twitter_card":"summary_large_image","twitter_misc":{"Est. reading time":"1 minute"},"schema":{"@context":"https:\/\/schema.org","@graph":[{"@type":"WebPage","@id":"https:\/\/tecplan.com.gt\/producto\/inclinometros-brunton-eclipse-8099\/","url":"https:\/\/tecplan.com.gt\/producto\/inclinometros-brunton-eclipse-8099\/","name":"Inclin\u00f3metros Brunton Eclipse 8099 -","isPartOf":{"@id":"https:\/\/tecplan.com.gt\/#website"},"primaryImageOfPage":{"@id":"https:\/\/tecplan.com.gt\/producto\/inclinometros-brunton-eclipse-8099\/#primaryimage"},"image":{"@id":"https:\/\/tecplan.com.gt\/producto\/inclinometros-brunton-eclipse-8099\/#primaryimage"},"thumbnailUrl":"\/wp-content\/uploads\/2021\/08\/Inclinometros-01.jpg","datePublished":"2021-08-07T11:08:53+00:00","dateModified":"2024-01-29T20:26:56+00:00","breadcrumb":{"@id":"https:\/\/tecplan.com.gt\/producto\/inclinometros-brunton-eclipse-8099\/#breadcrumb"},"inLanguage":"en-US","potentialAction":[{"@type":"ReadAction","target":["https:\/\/tecplan.com.gt\/producto\/inclinometros-brunton-eclipse-8099\/"]}]},{"@type":"ImageObject","inLanguage":"en-US","@id":"https:\/\/tecplan.com.gt\/producto\/inclinometros-brunton-eclipse-8099\/#primaryimage","url":"\/wp-content\/uploads\/2021\/08\/Inclinometros-01.jpg","contentUrl":"\/wp-content\/uploads\/2021\/08\/Inclinometros-01.jpg","width":2000,"height":2000},{"@type":"BreadcrumbList","@id":"https:\/\/tecplan.com.gt\/producto\/inclinometros-brunton-eclipse-8099\/#breadcrumb","itemListElement":[{"@type":"ListItem","position":1,"name":"Portada","item":"https:\/\/tecplan.com.gt\/"},{"@type":"ListItem","position":2,"name":"Productos","item":"https:\/\/tecplan.com.gt\/shop\/"},{"@type":"ListItem","position":3,"name":"Inclin\u00f3metros Brunton Eclipse 8099"}]},{"@type":"WebSite","@id":"https:\/\/tecplan.com.gt\/#website","url":"https:\/\/tecplan.com.gt\/","name":"Tecplan Argentina","description":"Tecnolog\u00edas y equipos de telecomunicaciones","publisher":{"@id":"https:\/\/tecplan.com.gt\/#organization"},"potentialAction":[{"@type":"SearchAction","target":{"@type":"EntryPoint","urlTemplate":"https:\/\/tecplan.com.gt\/?s={search_term_string}"},"query-input":{"@type":"PropertyValueSpecification","valueRequired":true,"valueName":"search_term_string"}}],"inLanguage":"en-US"},{"@type":"Organization","@id":"https:\/\/tecplan.com.gt\/#organization","name":"Tecplan Argentina","url":"https:\/\/tecplan.com.gt\/","logo":{"@type":"ImageObject","inLanguage":"en-US","@id":"https:\/\/tecplan.com.gt\/#\/schema\/logo\/image\/","url":"\/wp-content\/uploads\/2023\/03\/logo-tecplan.gif","contentUrl":"\/wp-content\/uploads\/2023\/03\/logo-tecplan.gif","width":1920,"height":486,"caption":"Tecplan Argentina"},"image":{"@id":"https:\/\/tecplan.com.gt\/#\/schema\/logo\/image\/"}}]}},"_links":{"self":[{"href":"https:\/\/tecplan.com.gt\/en\/wp-json\/wp\/v2\/product\/1621"}],"collection":[{"href":"https:\/\/tecplan.com.gt\/en\/wp-json\/wp\/v2\/product"}],"about":[{"href":"https:\/\/tecplan.com.gt\/en\/wp-json\/wp\/v2\/types\/product"}],"replies":[{"embeddable":true,"href":"https:\/\/tecplan.com.gt\/en\/wp-json\/wp\/v2\/comments?post=1621"}],"version-history":[{"count":1,"href":"https:\/\/tecplan.com.gt\/en\/wp-json\/wp\/v2\/product\/1621\/revisions"}],"predecessor-version":[{"id":9072,"href":"https:\/\/tecplan.com.gt\/en\/wp-json\/wp\/v2\/product\/1621\/revisions\/9072"}],"wp:featuredmedia":[{"embeddable":true,"href":"https:\/\/tecplan.com.gt\/en\/wp-json\/wp\/v2\/media\/6553"}],"wp:attachment":[{"href":"https:\/\/tecplan.com.gt\/en\/wp-json\/wp\/v2\/media?parent=1621"}],"wp:term":[{"taxonomy":"product_brand","embeddable":true,"href":"https:\/\/tecplan.com.gt\/en\/wp-json\/wp\/v2\/product_brand?post=1621"},{"taxonomy":"product_cat","embeddable":true,"href":"https:\/\/tecplan.com.gt\/en\/wp-json\/wp\/v2\/product_cat?post=1621"},{"taxonomy":"product_tag","embeddable":true,"href":"https:\/\/tecplan.com.gt\/en\/wp-json\/wp\/v2\/product_tag?post=1621"}],"curies":[{"name":"wp","href":"https:\/\/api.w.org\/{rel}","templated":true}]}}