{"id":1624,"date":"2021-08-07T07:14:04","date_gmt":"2021-08-07T11:14:04","guid":{"rendered":"https:\/\/tecplan.com.gt\/?post_type=product&#038;p=1624"},"modified":"2024-01-29T17:09:00","modified_gmt":"2024-01-29T20:09:00","slug":"gps-garmin-62s","status":"publish","type":"product","link":"https:\/\/tecplan.com.gt\/en\/product\/gps-garmin-62s\/","title":{"rendered":"Garmin 62s GPS"},"content":{"rendered":"<p>The newly designed GPSMAP 62s handheld navigator features a tilt-compensated three-axis compass, a barometric altimeter, <a href=\"http:\/\/www.garmin.com\/uk\/european-map-coverage\" target=\"_blank\" rel=\"noopener\">100K Topographic Maps<\/a>\u00a0preloaded with custom maps, BirdsEye\u2122 Satellite Imagery (subscription required) and photo navigation. The compact, waterproof GPSMAP 62st features a quad-helix antenna for unparalleled reception, high-speed USB connectivity, a sleek, new design and wireless connectivity to compatible Garmin handheld devices.<\/p>\n<h3>Explore the terrain<\/h3>\n<p>GPSMAP 62s comes with 100K of built-in topographic data maps for the continental United States and a worldwide shaded relief basemap, providing all the tools needed for those serious about climbing or mountaineering. Map detail includes national, state and local forests and wilderness parks, as well as elevation and contour information, trails, rivers, lakes and points of interest.<\/p>\n<h3>Don't lose your way<\/h3>\n<p>The GPSMAP 62st features a tilt-compensated three-axis electronic compass that displays your heading even when you're standing still and holding it at an angle. Its barometric altimeter tracks changes in pressure to determine your precise altitude, and you can even use it to graph barometric pressure over time, which can help you monitor changing weather conditions.<\/p>\n<h3>Share wirelessly<\/h3>\n<p>With GPSMAP 62s you can wirelessly share your waypoints, tracks, routes and geocaches with other compatible Garmin device users. Now your friends can enjoy your favorite hikes or geocaching activities too \u2013 just tap Send to transfer the information.<\/p>","protected":false},"excerpt":{"rendered":"<p>El navegador de mano con nuevo dise\u00f1o GPSMAP 62s cuenta con un comp\u00e1s de tres ejes con inclinaci\u00f3n compensada, un alt\u00edmetro barom\u00e9trico, mapas topogr\u00e1ficos de 100 K\u00a0preinstalados y compatibilidad con mapas personalizados, im\u00e1genes por sat\u00e9lite de BirdsEye\u2122 (es necesaria una suscripci\u00f3n) y navegaci\u00f3n por fotos. La unidad GPSMAP 62st es compacta y resistente al agua, [&hellip;]<\/p>","protected":false},"featured_media":6549,"comment_status":"open","ping_status":"closed","template":"","meta":{"site-sidebar-layout":"default","site-content-layout":"","ast-site-content-layout":"default","site-content-style":"default","site-sidebar-style":"default","ast-global-header-display":"","ast-banner-title-visibility":"","ast-main-header-display":"","ast-hfb-above-header-display":"","ast-hfb-below-header-display":"","ast-hfb-mobile-header-display":"","site-post-title":"","ast-breadcrumbs-content":"","ast-featured-img":"","footer-sml-layout":"","theme-transparent-header-meta":"default","adv-header-id-meta":"","stick-header-meta":"","header-above-stick-meta":"","header-main-stick-meta":"","header-below-stick-meta":"","astra-migrate-meta-layouts":"set","ast-page-background-enabled":"default","ast-page-background-meta":{"desktop":{"background-color":"var(--ast-global-color-4)","background-image":"","background-repeat":"repeat","background-position":"center center","background-size":"auto","background-attachment":"scroll","background-type":"","background-media":"","overlay-type":"","overlay-color":"","overlay-opacity":"","overlay-gradient":""},"tablet":{"background-color":"","background-image":"","background-repeat":"repeat","background-position":"center center","background-size":"auto","background-attachment":"scroll","background-type":"","background-media":"","overlay-type":"","overlay-color":"","overlay-opacity":"","overlay-gradient":""},"mobile":{"background-color":"","background-image":"","background-repeat":"repeat","background-position":"center center","background-size":"auto","background-attachment":"scroll","background-type":"","background-media":"","overlay-type":"","overlay-color":"","overlay-opacity":"","overlay-gradient":""}},"ast-content-background-meta":{"desktop":{"background-color":"var(--ast-global-color-5)","background-image":"","background-repeat":"repeat","background-position":"center center","background-size":"auto","background-attachment":"scroll","background-type":"","background-media":"","overlay-type":"","overlay-color":"","overlay-opacity":"","overlay-gradient":""},"tablet":{"background-color":"var(--ast-global-color-5)","background-image":"","background-repeat":"repeat","background-position":"center center","background-size":"auto","background-attachment":"scroll","background-type":"","background-media":"","overlay-type":"","overlay-color":"","overlay-opacity":"","overlay-gradient":""},"mobile":{"background-color":"var(--ast-global-color-5)","background-image":"","background-repeat":"repeat","background-position":"center center","background-size":"auto","background-attachment":"scroll","background-type":"","background-media":"","overlay-type":"","overlay-color":"","overlay-opacity":"","overlay-gradient":""}}},"product_brand":[],"product_cat":[28],"product_tag":[],"class_list":{"0":"post-1624","1":"product","2":"type-product","3":"status-publish","4":"has-post-thumbnail","6":"product_cat-instrumentos","7":"desktop-align-left","8":"tablet-align-left","9":"mobile-align-left","11":"first","12":"instock","13":"shipping-taxable","14":"product-type-simple"},"yoast_head":"<!-- This site is optimized with the Yoast SEO plugin v24.6 - https:\/\/yoast.com\/wordpress\/plugins\/seo\/ -->\n<title>GPS Garmin 62s -<\/title>\n<meta name=\"robots\" content=\"index, follow, max-snippet:-1, max-image-preview:large, max-video-preview:-1\" \/>\n<link rel=\"canonical\" href=\"https:\/\/tecplan.com.gt\/en\/product\/gps-garmin-62s\/\" \/>\n<meta property=\"og:locale\" content=\"en_US\" \/>\n<meta property=\"og:type\" content=\"article\" \/>\n<meta property=\"og:title\" content=\"GPS Garmin 62s -\" \/>\n<meta property=\"og:description\" content=\"El navegador de mano con nuevo dise\u00f1o GPSMAP 62s cuenta con un comp\u00e1s de tres ejes con inclinaci\u00f3n compensada, un alt\u00edmetro barom\u00e9trico, mapas topogr\u00e1ficos de 100 K\u00a0preinstalados y compatibilidad con mapas personalizados, im\u00e1genes por sat\u00e9lite de BirdsEye\u2122 (es necesaria una suscripci\u00f3n) y navegaci\u00f3n por fotos. La unidad GPSMAP 62st es compacta y resistente al agua, [&hellip;]\" \/>\n<meta property=\"og:url\" content=\"https:\/\/tecplan.com.gt\/en\/product\/gps-garmin-62s\/\" \/>\n<meta property=\"article:modified_time\" content=\"2024-01-29T20:09:00+00:00\" \/>\n<meta property=\"og:image\" content=\"https:\/\/tecplan.com.gt\/wp-content\/uploads\/2021\/08\/GPS-Garmin-62s-01.jpg\" \/>\n\t<meta property=\"og:image:width\" content=\"2000\" \/>\n\t<meta property=\"og:image:height\" content=\"2000\" \/>\n\t<meta property=\"og:image:type\" content=\"image\/jpeg\" \/>\n<meta name=\"twitter:card\" content=\"summary_large_image\" \/>\n<meta name=\"twitter:label1\" content=\"Est. reading time\" \/>\n\t<meta name=\"twitter:data1\" content=\"2 minutes\" \/>\n<script type=\"application\/ld+json\" class=\"yoast-schema-graph\">{\"@context\":\"https:\/\/schema.org\",\"@graph\":[{\"@type\":\"WebPage\",\"@id\":\"https:\/\/tecplan.com.gt\/producto\/gps-garmin-62s\/\",\"url\":\"https:\/\/tecplan.com.gt\/producto\/gps-garmin-62s\/\",\"name\":\"GPS Garmin 62s -\",\"isPartOf\":{\"@id\":\"https:\/\/tecplan.com.gt\/#website\"},\"primaryImageOfPage\":{\"@id\":\"https:\/\/tecplan.com.gt\/producto\/gps-garmin-62s\/#primaryimage\"},\"image\":{\"@id\":\"https:\/\/tecplan.com.gt\/producto\/gps-garmin-62s\/#primaryimage\"},\"thumbnailUrl\":\"\/wp-content\/uploads\/2021\/08\/GPS-Garmin-62s-01.jpg\",\"datePublished\":\"2021-08-07T11:14:04+00:00\",\"dateModified\":\"2024-01-29T20:09:00+00:00\",\"breadcrumb\":{\"@id\":\"https:\/\/tecplan.com.gt\/producto\/gps-garmin-62s\/#breadcrumb\"},\"inLanguage\":\"en-US\",\"potentialAction\":[{\"@type\":\"ReadAction\",\"target\":[\"https:\/\/tecplan.com.gt\/producto\/gps-garmin-62s\/\"]}]},{\"@type\":\"ImageObject\",\"inLanguage\":\"en-US\",\"@id\":\"https:\/\/tecplan.com.gt\/producto\/gps-garmin-62s\/#primaryimage\",\"url\":\"\/wp-content\/uploads\/2021\/08\/GPS-Garmin-62s-01.jpg\",\"contentUrl\":\"\/wp-content\/uploads\/2021\/08\/GPS-Garmin-62s-01.jpg\",\"width\":2000,\"height\":2000},{\"@type\":\"BreadcrumbList\",\"@id\":\"https:\/\/tecplan.com.gt\/producto\/gps-garmin-62s\/#breadcrumb\",\"itemListElement\":[{\"@type\":\"ListItem\",\"position\":1,\"name\":\"Portada\",\"item\":\"https:\/\/tecplan.com.gt\/\"},{\"@type\":\"ListItem\",\"position\":2,\"name\":\"Productos\",\"item\":\"https:\/\/tecplan.com.gt\/shop\/\"},{\"@type\":\"ListItem\",\"position\":3,\"name\":\"GPS Garmin 62s\"}]},{\"@type\":\"WebSite\",\"@id\":\"https:\/\/tecplan.com.gt\/#website\",\"url\":\"https:\/\/tecplan.com.gt\/\",\"name\":\"Tecplan Argentina\",\"description\":\"Tecnolog\u00edas y equipos de telecomunicaciones\",\"publisher\":{\"@id\":\"https:\/\/tecplan.com.gt\/#organization\"},\"potentialAction\":[{\"@type\":\"SearchAction\",\"target\":{\"@type\":\"EntryPoint\",\"urlTemplate\":\"https:\/\/tecplan.com.gt\/?s={search_term_string}\"},\"query-input\":{\"@type\":\"PropertyValueSpecification\",\"valueRequired\":true,\"valueName\":\"search_term_string\"}}],\"inLanguage\":\"en-US\"},{\"@type\":\"Organization\",\"@id\":\"https:\/\/tecplan.com.gt\/#organization\",\"name\":\"Tecplan Argentina\",\"url\":\"https:\/\/tecplan.com.gt\/\",\"logo\":{\"@type\":\"ImageObject\",\"inLanguage\":\"en-US\",\"@id\":\"https:\/\/tecplan.com.gt\/#\/schema\/logo\/image\/\",\"url\":\"\/wp-content\/uploads\/2023\/03\/logo-tecplan.gif\",\"contentUrl\":\"\/wp-content\/uploads\/2023\/03\/logo-tecplan.gif\",\"width\":1920,\"height\":486,\"caption\":\"Tecplan Argentina\"},\"image\":{\"@id\":\"https:\/\/tecplan.com.gt\/#\/schema\/logo\/image\/\"}}]}<\/script>\n<!-- \/ Yoast SEO plugin. -->","yoast_head_json":{"title":"GPS Garmin 62s -","robots":{"index":"index","follow":"follow","max-snippet":"max-snippet:-1","max-image-preview":"max-image-preview:large","max-video-preview":"max-video-preview:-1"},"canonical":"https:\/\/tecplan.com.gt\/en\/product\/gps-garmin-62s\/","og_locale":"en_US","og_type":"article","og_title":"GPS Garmin 62s -","og_description":"El navegador de mano con nuevo dise\u00f1o GPSMAP 62s cuenta con un comp\u00e1s de tres ejes con inclinaci\u00f3n compensada, un alt\u00edmetro barom\u00e9trico, mapas topogr\u00e1ficos de 100 K\u00a0preinstalados y compatibilidad con mapas personalizados, im\u00e1genes por sat\u00e9lite de BirdsEye\u2122 (es necesaria una suscripci\u00f3n) y navegaci\u00f3n por fotos. La unidad GPSMAP 62st es compacta y resistente al agua, [&hellip;]","og_url":"https:\/\/tecplan.com.gt\/en\/product\/gps-garmin-62s\/","article_modified_time":"2024-01-29T20:09:00+00:00","og_image":[{"width":2000,"height":2000,"url":"https:\/\/tecplan.com.gt\/wp-content\/uploads\/2021\/08\/GPS-Garmin-62s-01.jpg","type":"image\/jpeg"}],"twitter_card":"summary_large_image","twitter_misc":{"Est. reading time":"2 minutes"},"schema":{"@context":"https:\/\/schema.org","@graph":[{"@type":"WebPage","@id":"https:\/\/tecplan.com.gt\/producto\/gps-garmin-62s\/","url":"https:\/\/tecplan.com.gt\/producto\/gps-garmin-62s\/","name":"GPS Garmin 62s -","isPartOf":{"@id":"https:\/\/tecplan.com.gt\/#website"},"primaryImageOfPage":{"@id":"https:\/\/tecplan.com.gt\/producto\/gps-garmin-62s\/#primaryimage"},"image":{"@id":"https:\/\/tecplan.com.gt\/producto\/gps-garmin-62s\/#primaryimage"},"thumbnailUrl":"\/wp-content\/uploads\/2021\/08\/GPS-Garmin-62s-01.jpg","datePublished":"2021-08-07T11:14:04+00:00","dateModified":"2024-01-29T20:09:00+00:00","breadcrumb":{"@id":"https:\/\/tecplan.com.gt\/producto\/gps-garmin-62s\/#breadcrumb"},"inLanguage":"en-US","potentialAction":[{"@type":"ReadAction","target":["https:\/\/tecplan.com.gt\/producto\/gps-garmin-62s\/"]}]},{"@type":"ImageObject","inLanguage":"en-US","@id":"https:\/\/tecplan.com.gt\/producto\/gps-garmin-62s\/#primaryimage","url":"\/wp-content\/uploads\/2021\/08\/GPS-Garmin-62s-01.jpg","contentUrl":"\/wp-content\/uploads\/2021\/08\/GPS-Garmin-62s-01.jpg","width":2000,"height":2000},{"@type":"BreadcrumbList","@id":"https:\/\/tecplan.com.gt\/producto\/gps-garmin-62s\/#breadcrumb","itemListElement":[{"@type":"ListItem","position":1,"name":"Portada","item":"https:\/\/tecplan.com.gt\/"},{"@type":"ListItem","position":2,"name":"Productos","item":"https:\/\/tecplan.com.gt\/shop\/"},{"@type":"ListItem","position":3,"name":"GPS Garmin 62s"}]},{"@type":"WebSite","@id":"https:\/\/tecplan.com.gt\/#website","url":"https:\/\/tecplan.com.gt\/","name":"Tecplan Argentina","description":"Tecnolog\u00edas y equipos de telecomunicaciones","publisher":{"@id":"https:\/\/tecplan.com.gt\/#organization"},"potentialAction":[{"@type":"SearchAction","target":{"@type":"EntryPoint","urlTemplate":"https:\/\/tecplan.com.gt\/?s={search_term_string}"},"query-input":{"@type":"PropertyValueSpecification","valueRequired":true,"valueName":"search_term_string"}}],"inLanguage":"en-US"},{"@type":"Organization","@id":"https:\/\/tecplan.com.gt\/#organization","name":"Tecplan Argentina","url":"https:\/\/tecplan.com.gt\/","logo":{"@type":"ImageObject","inLanguage":"en-US","@id":"https:\/\/tecplan.com.gt\/#\/schema\/logo\/image\/","url":"\/wp-content\/uploads\/2023\/03\/logo-tecplan.gif","contentUrl":"\/wp-content\/uploads\/2023\/03\/logo-tecplan.gif","width":1920,"height":486,"caption":"Tecplan Argentina"},"image":{"@id":"https:\/\/tecplan.com.gt\/#\/schema\/logo\/image\/"}}]}},"_links":{"self":[{"href":"https:\/\/tecplan.com.gt\/en\/wp-json\/wp\/v2\/product\/1624"}],"collection":[{"href":"https:\/\/tecplan.com.gt\/en\/wp-json\/wp\/v2\/product"}],"about":[{"href":"https:\/\/tecplan.com.gt\/en\/wp-json\/wp\/v2\/types\/product"}],"replies":[{"embeddable":true,"href":"https:\/\/tecplan.com.gt\/en\/wp-json\/wp\/v2\/comments?post=1624"}],"version-history":[{"count":1,"href":"https:\/\/tecplan.com.gt\/en\/wp-json\/wp\/v2\/product\/1624\/revisions"}],"predecessor-version":[{"id":6552,"href":"https:\/\/tecplan.com.gt\/en\/wp-json\/wp\/v2\/product\/1624\/revisions\/6552"}],"wp:featuredmedia":[{"embeddable":true,"href":"https:\/\/tecplan.com.gt\/en\/wp-json\/wp\/v2\/media\/6549"}],"wp:attachment":[{"href":"https:\/\/tecplan.com.gt\/en\/wp-json\/wp\/v2\/media?parent=1624"}],"wp:term":[{"taxonomy":"product_brand","embeddable":true,"href":"https:\/\/tecplan.com.gt\/en\/wp-json\/wp\/v2\/product_brand?post=1624"},{"taxonomy":"product_cat","embeddable":true,"href":"https:\/\/tecplan.com.gt\/en\/wp-json\/wp\/v2\/product_cat?post=1624"},{"taxonomy":"product_tag","embeddable":true,"href":"https:\/\/tecplan.com.gt\/en\/wp-json\/wp\/v2\/product_tag?post=1624"}],"curies":[{"name":"wp","href":"https:\/\/api.w.org\/{rel}","templated":true}]}}