{"id":1627,"date":"2021-08-07T07:19:13","date_gmt":"2021-08-07T11:19:13","guid":{"rendered":"https:\/\/tecplan.com.gt\/?post_type=product&#038;p=1627"},"modified":"2024-01-29T16:02:02","modified_gmt":"2024-01-29T19:02:02","slug":"arnes-de-cuerpo-completo-de-5-puntos-aluminio","status":"publish","type":"product","link":"https:\/\/tecplan.com.gt\/en\/product\/arnes-de-cuerpo-completo-de-5-puntos-aluminio\/","title":{"rendered":"5 Point Full Body Harness Aluminum"},"content":{"rendered":"<p>Full body safety harness has wide use in telecommunication and electric power system to block fallen workers from height and is suitable for working weight less than 100kg, specially designed for safe and comfortable working on towers.<br \/>\n<img fetchpriority=\"high\" decoding=\"async\" class=\"alignleft wp-image-1629 size-full\" src=\"http:\/\/tecplan.com.gt\/wp-content\/uploads\/2021\/08\/Captura-de-pantalla-2021-08-07-071821.png\" alt=\"\" width=\"779\" height=\"752\" \/><\/p>","protected":false},"excerpt":{"rendered":"<p>Full body safety harness has wide use in telecommunication and electric power system to block fallen workers from height and is suitable for working weight less than 100kg, specially designed for safe and comfortable working on towers.<\/p>","protected":false},"featured_media":6532,"comment_status":"open","ping_status":"closed","template":"","meta":{"site-sidebar-layout":"default","site-content-layout":"","ast-site-content-layout":"default","site-content-style":"default","site-sidebar-style":"default","ast-global-header-display":"","ast-banner-title-visibility":"","ast-main-header-display":"","ast-hfb-above-header-display":"","ast-hfb-below-header-display":"","ast-hfb-mobile-header-display":"","site-post-title":"","ast-breadcrumbs-content":"","ast-featured-img":"","footer-sml-layout":"","theme-transparent-header-meta":"default","adv-header-id-meta":"","stick-header-meta":"","header-above-stick-meta":"","header-main-stick-meta":"","header-below-stick-meta":"","astra-migrate-meta-layouts":"set","ast-page-background-enabled":"default","ast-page-background-meta":{"desktop":{"background-color":"var(--ast-global-color-4)","background-image":"","background-repeat":"repeat","background-position":"center center","background-size":"auto","background-attachment":"scroll","background-type":"","background-media":"","overlay-type":"","overlay-color":"","overlay-opacity":"","overlay-gradient":""},"tablet":{"background-color":"","background-image":"","background-repeat":"repeat","background-position":"center center","background-size":"auto","background-attachment":"scroll","background-type":"","background-media":"","overlay-type":"","overlay-color":"","overlay-opacity":"","overlay-gradient":""},"mobile":{"background-color":"","background-image":"","background-repeat":"repeat","background-position":"center center","background-size":"auto","background-attachment":"scroll","background-type":"","background-media":"","overlay-type":"","overlay-color":"","overlay-opacity":"","overlay-gradient":""}},"ast-content-background-meta":{"desktop":{"background-color":"var(--ast-global-color-5)","background-image":"","background-repeat":"repeat","background-position":"center center","background-size":"auto","background-attachment":"scroll","background-type":"","background-media":"","overlay-type":"","overlay-color":"","overlay-opacity":"","overlay-gradient":""},"tablet":{"background-color":"var(--ast-global-color-5)","background-image":"","background-repeat":"repeat","background-position":"center center","background-size":"auto","background-attachment":"scroll","background-type":"","background-media":"","overlay-type":"","overlay-color":"","overlay-opacity":"","overlay-gradient":""},"mobile":{"background-color":"var(--ast-global-color-5)","background-image":"","background-repeat":"repeat","background-position":"center center","background-size":"auto","background-attachment":"scroll","background-type":"","background-media":"","overlay-type":"","overlay-color":"","overlay-opacity":"","overlay-gradient":""}}},"product_brand":[],"product_cat":[29],"product_tag":[],"class_list":{"0":"post-1627","1":"product","2":"type-product","3":"status-publish","4":"has-post-thumbnail","6":"product_cat-seguridad-en-altura","7":"desktop-align-left","8":"tablet-align-left","9":"mobile-align-left","11":"first","12":"instock","13":"shipping-taxable","14":"product-type-simple"},"yoast_head":"<!-- This site is optimized with the Yoast SEO plugin v24.6 - https:\/\/yoast.com\/wordpress\/plugins\/seo\/ -->\n<title>Arn\u00e9s de Cuerpo Completo de 5 Puntos Aluminio -<\/title>\n<meta name=\"robots\" content=\"index, follow, max-snippet:-1, max-image-preview:large, max-video-preview:-1\" \/>\n<link rel=\"canonical\" href=\"https:\/\/tecplan.com.gt\/en\/product\/arnes-de-cuerpo-completo-de-5-puntos-aluminio\/\" \/>\n<meta property=\"og:locale\" content=\"en_US\" \/>\n<meta property=\"og:type\" content=\"article\" \/>\n<meta property=\"og:title\" content=\"Arn\u00e9s de Cuerpo Completo de 5 Puntos Aluminio -\" \/>\n<meta property=\"og:description\" content=\"El arn\u00e9s de seguridad de cuerpo completo tiene un amplio uso en telecomunicaciones y sistemas de energ\u00eda el\u00e9ctrica para bloquear a los trabajadores ca\u00eddos desde la altura y es adecuado para un peso de trabajo inferior a 100 kg, especialmente dise\u00f1ado para un trabajo seguro y c\u00f3modo en torres.\" \/>\n<meta property=\"og:url\" content=\"https:\/\/tecplan.com.gt\/en\/product\/arnes-de-cuerpo-completo-de-5-puntos-aluminio\/\" \/>\n<meta property=\"article:modified_time\" content=\"2024-01-29T19:02:02+00:00\" \/>\n<meta property=\"og:image\" content=\"https:\/\/tecplan.com.gt\/wp-content\/uploads\/2021\/08\/Arnes-de-Cuerpo-Completo-03-01.jpg\" \/>\n\t<meta property=\"og:image:width\" content=\"2000\" \/>\n\t<meta property=\"og:image:height\" content=\"2000\" \/>\n\t<meta property=\"og:image:type\" content=\"image\/jpeg\" \/>\n<meta name=\"twitter:card\" content=\"summary_large_image\" \/>\n<meta name=\"twitter:label1\" content=\"Est. reading time\" \/>\n\t<meta name=\"twitter:data1\" content=\"1 minute\" \/>\n<script type=\"application\/ld+json\" class=\"yoast-schema-graph\">{\"@context\":\"https:\/\/schema.org\",\"@graph\":[{\"@type\":\"WebPage\",\"@id\":\"https:\/\/tecplan.com.gt\/producto\/arnes-de-cuerpo-completo-de-5-puntos-aluminio\/\",\"url\":\"https:\/\/tecplan.com.gt\/producto\/arnes-de-cuerpo-completo-de-5-puntos-aluminio\/\",\"name\":\"Arn\u00e9s de Cuerpo Completo de 5 Puntos Aluminio -\",\"isPartOf\":{\"@id\":\"https:\/\/tecplan.com.gt\/#website\"},\"primaryImageOfPage\":{\"@id\":\"https:\/\/tecplan.com.gt\/producto\/arnes-de-cuerpo-completo-de-5-puntos-aluminio\/#primaryimage\"},\"image\":{\"@id\":\"https:\/\/tecplan.com.gt\/producto\/arnes-de-cuerpo-completo-de-5-puntos-aluminio\/#primaryimage\"},\"thumbnailUrl\":\"\/wp-content\/uploads\/2021\/08\/Arnes-de-Cuerpo-Completo-03-01.jpg\",\"datePublished\":\"2021-08-07T11:19:13+00:00\",\"dateModified\":\"2024-01-29T19:02:02+00:00\",\"breadcrumb\":{\"@id\":\"https:\/\/tecplan.com.gt\/producto\/arnes-de-cuerpo-completo-de-5-puntos-aluminio\/#breadcrumb\"},\"inLanguage\":\"en-US\",\"potentialAction\":[{\"@type\":\"ReadAction\",\"target\":[\"https:\/\/tecplan.com.gt\/producto\/arnes-de-cuerpo-completo-de-5-puntos-aluminio\/\"]}]},{\"@type\":\"ImageObject\",\"inLanguage\":\"en-US\",\"@id\":\"https:\/\/tecplan.com.gt\/producto\/arnes-de-cuerpo-completo-de-5-puntos-aluminio\/#primaryimage\",\"url\":\"\/wp-content\/uploads\/2021\/08\/Arnes-de-Cuerpo-Completo-03-01.jpg\",\"contentUrl\":\"\/wp-content\/uploads\/2021\/08\/Arnes-de-Cuerpo-Completo-03-01.jpg\",\"width\":2000,\"height\":2000},{\"@type\":\"BreadcrumbList\",\"@id\":\"https:\/\/tecplan.com.gt\/producto\/arnes-de-cuerpo-completo-de-5-puntos-aluminio\/#breadcrumb\",\"itemListElement\":[{\"@type\":\"ListItem\",\"position\":1,\"name\":\"Portada\",\"item\":\"https:\/\/tecplan.com.gt\/\"},{\"@type\":\"ListItem\",\"position\":2,\"name\":\"Productos\",\"item\":\"https:\/\/tecplan.com.gt\/shop\/\"},{\"@type\":\"ListItem\",\"position\":3,\"name\":\"Arn\u00e9s de Cuerpo Completo de 5 Puntos Aluminio\"}]},{\"@type\":\"WebSite\",\"@id\":\"https:\/\/tecplan.com.gt\/#website\",\"url\":\"https:\/\/tecplan.com.gt\/\",\"name\":\"Tecplan Argentina\",\"description\":\"Tecnolog\u00edas y equipos de telecomunicaciones\",\"publisher\":{\"@id\":\"https:\/\/tecplan.com.gt\/#organization\"},\"potentialAction\":[{\"@type\":\"SearchAction\",\"target\":{\"@type\":\"EntryPoint\",\"urlTemplate\":\"https:\/\/tecplan.com.gt\/?s={search_term_string}\"},\"query-input\":{\"@type\":\"PropertyValueSpecification\",\"valueRequired\":true,\"valueName\":\"search_term_string\"}}],\"inLanguage\":\"en-US\"},{\"@type\":\"Organization\",\"@id\":\"https:\/\/tecplan.com.gt\/#organization\",\"name\":\"Tecplan Argentina\",\"url\":\"https:\/\/tecplan.com.gt\/\",\"logo\":{\"@type\":\"ImageObject\",\"inLanguage\":\"en-US\",\"@id\":\"https:\/\/tecplan.com.gt\/#\/schema\/logo\/image\/\",\"url\":\"\/wp-content\/uploads\/2023\/03\/logo-tecplan.gif\",\"contentUrl\":\"\/wp-content\/uploads\/2023\/03\/logo-tecplan.gif\",\"width\":1920,\"height\":486,\"caption\":\"Tecplan Argentina\"},\"image\":{\"@id\":\"https:\/\/tecplan.com.gt\/#\/schema\/logo\/image\/\"}}]}<\/script>\n<!-- \/ Yoast SEO plugin. -->","yoast_head_json":{"title":"Arn\u00e9s de Cuerpo Completo de 5 Puntos Aluminio -","robots":{"index":"index","follow":"follow","max-snippet":"max-snippet:-1","max-image-preview":"max-image-preview:large","max-video-preview":"max-video-preview:-1"},"canonical":"https:\/\/tecplan.com.gt\/en\/product\/arnes-de-cuerpo-completo-de-5-puntos-aluminio\/","og_locale":"en_US","og_type":"article","og_title":"Arn\u00e9s de Cuerpo Completo de 5 Puntos Aluminio -","og_description":"El arn\u00e9s de seguridad de cuerpo completo tiene un amplio uso en telecomunicaciones y sistemas de energ\u00eda el\u00e9ctrica para bloquear a los trabajadores ca\u00eddos desde la altura y es adecuado para un peso de trabajo inferior a 100 kg, especialmente dise\u00f1ado para un trabajo seguro y c\u00f3modo en torres.","og_url":"https:\/\/tecplan.com.gt\/en\/product\/arnes-de-cuerpo-completo-de-5-puntos-aluminio\/","article_modified_time":"2024-01-29T19:02:02+00:00","og_image":[{"width":2000,"height":2000,"url":"https:\/\/tecplan.com.gt\/wp-content\/uploads\/2021\/08\/Arnes-de-Cuerpo-Completo-03-01.jpg","type":"image\/jpeg"}],"twitter_card":"summary_large_image","twitter_misc":{"Est. reading time":"1 minute"},"schema":{"@context":"https:\/\/schema.org","@graph":[{"@type":"WebPage","@id":"https:\/\/tecplan.com.gt\/producto\/arnes-de-cuerpo-completo-de-5-puntos-aluminio\/","url":"https:\/\/tecplan.com.gt\/producto\/arnes-de-cuerpo-completo-de-5-puntos-aluminio\/","name":"Arn\u00e9s de Cuerpo Completo de 5 Puntos Aluminio -","isPartOf":{"@id":"https:\/\/tecplan.com.gt\/#website"},"primaryImageOfPage":{"@id":"https:\/\/tecplan.com.gt\/producto\/arnes-de-cuerpo-completo-de-5-puntos-aluminio\/#primaryimage"},"image":{"@id":"https:\/\/tecplan.com.gt\/producto\/arnes-de-cuerpo-completo-de-5-puntos-aluminio\/#primaryimage"},"thumbnailUrl":"\/wp-content\/uploads\/2021\/08\/Arnes-de-Cuerpo-Completo-03-01.jpg","datePublished":"2021-08-07T11:19:13+00:00","dateModified":"2024-01-29T19:02:02+00:00","breadcrumb":{"@id":"https:\/\/tecplan.com.gt\/producto\/arnes-de-cuerpo-completo-de-5-puntos-aluminio\/#breadcrumb"},"inLanguage":"en-US","potentialAction":[{"@type":"ReadAction","target":["https:\/\/tecplan.com.gt\/producto\/arnes-de-cuerpo-completo-de-5-puntos-aluminio\/"]}]},{"@type":"ImageObject","inLanguage":"en-US","@id":"https:\/\/tecplan.com.gt\/producto\/arnes-de-cuerpo-completo-de-5-puntos-aluminio\/#primaryimage","url":"\/wp-content\/uploads\/2021\/08\/Arnes-de-Cuerpo-Completo-03-01.jpg","contentUrl":"\/wp-content\/uploads\/2021\/08\/Arnes-de-Cuerpo-Completo-03-01.jpg","width":2000,"height":2000},{"@type":"BreadcrumbList","@id":"https:\/\/tecplan.com.gt\/producto\/arnes-de-cuerpo-completo-de-5-puntos-aluminio\/#breadcrumb","itemListElement":[{"@type":"ListItem","position":1,"name":"Portada","item":"https:\/\/tecplan.com.gt\/"},{"@type":"ListItem","position":2,"name":"Productos","item":"https:\/\/tecplan.com.gt\/shop\/"},{"@type":"ListItem","position":3,"name":"Arn\u00e9s de Cuerpo Completo de 5 Puntos Aluminio"}]},{"@type":"WebSite","@id":"https:\/\/tecplan.com.gt\/#website","url":"https:\/\/tecplan.com.gt\/","name":"Tecplan Argentina","description":"Tecnolog\u00edas y equipos de telecomunicaciones","publisher":{"@id":"https:\/\/tecplan.com.gt\/#organization"},"potentialAction":[{"@type":"SearchAction","target":{"@type":"EntryPoint","urlTemplate":"https:\/\/tecplan.com.gt\/?s={search_term_string}"},"query-input":{"@type":"PropertyValueSpecification","valueRequired":true,"valueName":"search_term_string"}}],"inLanguage":"en-US"},{"@type":"Organization","@id":"https:\/\/tecplan.com.gt\/#organization","name":"Tecplan Argentina","url":"https:\/\/tecplan.com.gt\/","logo":{"@type":"ImageObject","inLanguage":"en-US","@id":"https:\/\/tecplan.com.gt\/#\/schema\/logo\/image\/","url":"\/wp-content\/uploads\/2023\/03\/logo-tecplan.gif","contentUrl":"\/wp-content\/uploads\/2023\/03\/logo-tecplan.gif","width":1920,"height":486,"caption":"Tecplan Argentina"},"image":{"@id":"https:\/\/tecplan.com.gt\/#\/schema\/logo\/image\/"}}]}},"_links":{"self":[{"href":"https:\/\/tecplan.com.gt\/en\/wp-json\/wp\/v2\/product\/1627"}],"collection":[{"href":"https:\/\/tecplan.com.gt\/en\/wp-json\/wp\/v2\/product"}],"about":[{"href":"https:\/\/tecplan.com.gt\/en\/wp-json\/wp\/v2\/types\/product"}],"replies":[{"embeddable":true,"href":"https:\/\/tecplan.com.gt\/en\/wp-json\/wp\/v2\/comments?post=1627"}],"version-history":[{"count":1,"href":"https:\/\/tecplan.com.gt\/en\/wp-json\/wp\/v2\/product\/1627\/revisions"}],"predecessor-version":[{"id":8995,"href":"https:\/\/tecplan.com.gt\/en\/wp-json\/wp\/v2\/product\/1627\/revisions\/8995"}],"wp:featuredmedia":[{"embeddable":true,"href":"https:\/\/tecplan.com.gt\/en\/wp-json\/wp\/v2\/media\/6532"}],"wp:attachment":[{"href":"https:\/\/tecplan.com.gt\/en\/wp-json\/wp\/v2\/media?parent=1627"}],"wp:term":[{"taxonomy":"product_brand","embeddable":true,"href":"https:\/\/tecplan.com.gt\/en\/wp-json\/wp\/v2\/product_brand?post=1627"},{"taxonomy":"product_cat","embeddable":true,"href":"https:\/\/tecplan.com.gt\/en\/wp-json\/wp\/v2\/product_cat?post=1627"},{"taxonomy":"product_tag","embeddable":true,"href":"https:\/\/tecplan.com.gt\/en\/wp-json\/wp\/v2\/product_tag?post=1627"}],"curies":[{"name":"wp","href":"https:\/\/api.w.org\/{rel}","templated":true}]}}