{"id":1636,"date":"2021-08-07T07:40:36","date_gmt":"2021-08-07T11:40:36","guid":{"rendered":"https:\/\/tecplan.com.gt\/?post_type=product&#038;p=1636"},"modified":"2024-01-29T16:38:20","modified_gmt":"2024-01-29T19:38:20","slug":"balizas-dobles-led-para-torres-20-45-mts","status":"publish","type":"product","link":"https:\/\/tecplan.com.gt\/en\/product\/balizas-dobles-led-para-torres-20-45-mts\/","title":{"rendered":"Double LED beacons for 20-45 m towers."},"content":{"rendered":"<p>Widely used in various fields of Air Force, civil airports and obstacle-free airspace, helipads, iron towers, chimneys, ports, wind power plants, bridges and high-rise buildings in the city where aviation warning is required.<\/p>\n<p><strong>Highlighted Features<\/strong><\/p>\n<ol>\n<li>The lamp cover of the light adopts PC with anti-UV which is high efficiency light transmittance up to 90%, quite high impact resistance and adapts very well to bad environment.<\/li>\n<li>House of light is made of aluminum alloy and painted by plastic spraying, the structure is high strength, corrosion resistance.<\/li>\n<li>Using Fresnel lens optical design, extend the range.<\/li>\n<li>The light source adopts LED with long lifespan up to 100,000 hours, lower power consumption and high efficiency.<\/li>\n<li>Based on single-chip computer control, automatic identification timing signal, does not distinguish the main light and auxiliary light, and also could be controlled by the controller.<\/li>\n<li>The same power supply voltage with synchronous signal, integrated into the power cord, eliminates the damage caused by error installation.<\/li>\n<li>He used the photosensitive probe adjusted to the natural light spectrum curve.<\/li>\n<li>Automatic control light intensity level. 8. The light circuit has surge protection to make the light suitable for harsh environments.<\/li>\n<li>Integral structure, IP65 protection lever.<\/li>\n<li>UL-94V0 flammability rate, suitable for all kinds of industrial situation.<\/li>\n<li>GPS synchronization function is available.<\/li>\n<\/ol>\n<p><img fetchpriority=\"high\" decoding=\"async\" class=\"alignleft wp-image-1638 size-full\" src=\"http:\/\/tecplan.com.gt\/wp-content\/uploads\/2021\/08\/Captura-de-pantalla-2021-08-07-073938.png\" alt=\"\" width=\"630\" height=\"642\" \/><\/p>","protected":false},"excerpt":{"rendered":"<p>Ampliamente utilizado en varios campos de la Fuerza A\u00e9rea, aeropuertos civiles y espacio a\u00e9reo libre de obst\u00e1culos, helipuertos, torres de hierro, chimeneas, puertos, plantas de energ\u00eda e\u00f3lica, puentes y edificios de gran altura de la ciudad donde requieren advertencia de aviaci\u00f3n. Caracter\u00edsticas destacadas La cubierta de la l\u00e1mpara de la luz adopta una PC con [&hellip;]<\/p>","protected":false},"featured_media":6535,"comment_status":"open","ping_status":"closed","template":"","meta":{"site-sidebar-layout":"default","site-content-layout":"","ast-site-content-layout":"default","site-content-style":"default","site-sidebar-style":"default","ast-global-header-display":"","ast-banner-title-visibility":"","ast-main-header-display":"","ast-hfb-above-header-display":"","ast-hfb-below-header-display":"","ast-hfb-mobile-header-display":"","site-post-title":"","ast-breadcrumbs-content":"","ast-featured-img":"","footer-sml-layout":"","theme-transparent-header-meta":"default","adv-header-id-meta":"","stick-header-meta":"","header-above-stick-meta":"","header-main-stick-meta":"","header-below-stick-meta":"","astra-migrate-meta-layouts":"set","ast-page-background-enabled":"default","ast-page-background-meta":{"desktop":{"background-color":"var(--ast-global-color-4)","background-image":"","background-repeat":"repeat","background-position":"center center","background-size":"auto","background-attachment":"scroll","background-type":"","background-media":"","overlay-type":"","overlay-color":"","overlay-opacity":"","overlay-gradient":""},"tablet":{"background-color":"","background-image":"","background-repeat":"repeat","background-position":"center center","background-size":"auto","background-attachment":"scroll","background-type":"","background-media":"","overlay-type":"","overlay-color":"","overlay-opacity":"","overlay-gradient":""},"mobile":{"background-color":"","background-image":"","background-repeat":"repeat","background-position":"center center","background-size":"auto","background-attachment":"scroll","background-type":"","background-media":"","overlay-type":"","overlay-color":"","overlay-opacity":"","overlay-gradient":""}},"ast-content-background-meta":{"desktop":{"background-color":"var(--ast-global-color-5)","background-image":"","background-repeat":"repeat","background-position":"center center","background-size":"auto","background-attachment":"scroll","background-type":"","background-media":"","overlay-type":"","overlay-color":"","overlay-opacity":"","overlay-gradient":""},"tablet":{"background-color":"var(--ast-global-color-5)","background-image":"","background-repeat":"repeat","background-position":"center center","background-size":"auto","background-attachment":"scroll","background-type":"","background-media":"","overlay-type":"","overlay-color":"","overlay-opacity":"","overlay-gradient":""},"mobile":{"background-color":"var(--ast-global-color-5)","background-image":"","background-repeat":"repeat","background-position":"center center","background-size":"auto","background-attachment":"scroll","background-type":"","background-media":"","overlay-type":"","overlay-color":"","overlay-opacity":"","overlay-gradient":""}}},"product_brand":[],"product_cat":[30],"product_tag":[],"class_list":{"0":"post-1636","1":"product","2":"type-product","3":"status-publish","4":"has-post-thumbnail","6":"product_cat-infraestructura","7":"desktop-align-left","8":"tablet-align-left","9":"mobile-align-left","11":"first","12":"instock","13":"shipping-taxable","14":"product-type-simple"},"yoast_head":"<!-- This site is optimized with the Yoast SEO plugin v24.6 - https:\/\/yoast.com\/wordpress\/plugins\/seo\/ -->\n<title>Balizas Dobles LED para torres 20-45 mts. -<\/title>\n<meta name=\"robots\" content=\"index, follow, max-snippet:-1, max-image-preview:large, max-video-preview:-1\" \/>\n<link rel=\"canonical\" href=\"https:\/\/tecplan.com.gt\/en\/product\/balizas-dobles-led-para-torres-20-45-mts\/\" \/>\n<meta property=\"og:locale\" content=\"en_US\" \/>\n<meta property=\"og:type\" content=\"article\" \/>\n<meta property=\"og:title\" content=\"Balizas Dobles LED para torres 20-45 mts. -\" \/>\n<meta property=\"og:description\" content=\"Ampliamente utilizado en varios campos de la Fuerza A\u00e9rea, aeropuertos civiles y espacio a\u00e9reo libre de obst\u00e1culos, helipuertos, torres de hierro, chimeneas, puertos, plantas de energ\u00eda e\u00f3lica, puentes y edificios de gran altura de la ciudad donde requieren advertencia de aviaci\u00f3n. Caracter\u00edsticas destacadas La cubierta de la l\u00e1mpara de la luz adopta una PC con [&hellip;]\" \/>\n<meta property=\"og:url\" content=\"https:\/\/tecplan.com.gt\/en\/product\/balizas-dobles-led-para-torres-20-45-mts\/\" \/>\n<meta property=\"article:modified_time\" content=\"2024-01-29T19:38:20+00:00\" \/>\n<meta property=\"og:image\" content=\"https:\/\/tecplan.com.gt\/wp-content\/uploads\/2021\/08\/Balizas-Dobles-01.jpg\" \/>\n\t<meta property=\"og:image:width\" content=\"2000\" \/>\n\t<meta property=\"og:image:height\" content=\"2000\" \/>\n\t<meta property=\"og:image:type\" content=\"image\/jpeg\" \/>\n<meta name=\"twitter:card\" content=\"summary_large_image\" \/>\n<meta name=\"twitter:label1\" content=\"Est. reading time\" \/>\n\t<meta name=\"twitter:data1\" content=\"2 minutes\" \/>\n<script type=\"application\/ld+json\" class=\"yoast-schema-graph\">{\"@context\":\"https:\/\/schema.org\",\"@graph\":[{\"@type\":\"WebPage\",\"@id\":\"https:\/\/tecplan.com.gt\/producto\/balizas-dobles-led-para-torres-20-45-mts\/\",\"url\":\"https:\/\/tecplan.com.gt\/producto\/balizas-dobles-led-para-torres-20-45-mts\/\",\"name\":\"Balizas Dobles LED para torres 20-45 mts. -\",\"isPartOf\":{\"@id\":\"https:\/\/tecplan.com.gt\/#website\"},\"primaryImageOfPage\":{\"@id\":\"https:\/\/tecplan.com.gt\/producto\/balizas-dobles-led-para-torres-20-45-mts\/#primaryimage\"},\"image\":{\"@id\":\"https:\/\/tecplan.com.gt\/producto\/balizas-dobles-led-para-torres-20-45-mts\/#primaryimage\"},\"thumbnailUrl\":\"\/wp-content\/uploads\/2021\/08\/Balizas-Dobles-01.jpg\",\"datePublished\":\"2021-08-07T11:40:36+00:00\",\"dateModified\":\"2024-01-29T19:38:20+00:00\",\"breadcrumb\":{\"@id\":\"https:\/\/tecplan.com.gt\/producto\/balizas-dobles-led-para-torres-20-45-mts\/#breadcrumb\"},\"inLanguage\":\"en-US\",\"potentialAction\":[{\"@type\":\"ReadAction\",\"target\":[\"https:\/\/tecplan.com.gt\/producto\/balizas-dobles-led-para-torres-20-45-mts\/\"]}]},{\"@type\":\"ImageObject\",\"inLanguage\":\"en-US\",\"@id\":\"https:\/\/tecplan.com.gt\/producto\/balizas-dobles-led-para-torres-20-45-mts\/#primaryimage\",\"url\":\"\/wp-content\/uploads\/2021\/08\/Balizas-Dobles-01.jpg\",\"contentUrl\":\"\/wp-content\/uploads\/2021\/08\/Balizas-Dobles-01.jpg\",\"width\":2000,\"height\":2000},{\"@type\":\"BreadcrumbList\",\"@id\":\"https:\/\/tecplan.com.gt\/producto\/balizas-dobles-led-para-torres-20-45-mts\/#breadcrumb\",\"itemListElement\":[{\"@type\":\"ListItem\",\"position\":1,\"name\":\"Portada\",\"item\":\"https:\/\/tecplan.com.gt\/\"},{\"@type\":\"ListItem\",\"position\":2,\"name\":\"Productos\",\"item\":\"https:\/\/tecplan.com.gt\/shop\/\"},{\"@type\":\"ListItem\",\"position\":3,\"name\":\"Balizas Dobles LED para torres 20-45 mts.\"}]},{\"@type\":\"WebSite\",\"@id\":\"https:\/\/tecplan.com.gt\/#website\",\"url\":\"https:\/\/tecplan.com.gt\/\",\"name\":\"Tecplan Argentina\",\"description\":\"Tecnolog\u00edas y equipos de telecomunicaciones\",\"publisher\":{\"@id\":\"https:\/\/tecplan.com.gt\/#organization\"},\"potentialAction\":[{\"@type\":\"SearchAction\",\"target\":{\"@type\":\"EntryPoint\",\"urlTemplate\":\"https:\/\/tecplan.com.gt\/?s={search_term_string}\"},\"query-input\":{\"@type\":\"PropertyValueSpecification\",\"valueRequired\":true,\"valueName\":\"search_term_string\"}}],\"inLanguage\":\"en-US\"},{\"@type\":\"Organization\",\"@id\":\"https:\/\/tecplan.com.gt\/#organization\",\"name\":\"Tecplan Argentina\",\"url\":\"https:\/\/tecplan.com.gt\/\",\"logo\":{\"@type\":\"ImageObject\",\"inLanguage\":\"en-US\",\"@id\":\"https:\/\/tecplan.com.gt\/#\/schema\/logo\/image\/\",\"url\":\"\/wp-content\/uploads\/2023\/03\/logo-tecplan.gif\",\"contentUrl\":\"\/wp-content\/uploads\/2023\/03\/logo-tecplan.gif\",\"width\":1920,\"height\":486,\"caption\":\"Tecplan Argentina\"},\"image\":{\"@id\":\"https:\/\/tecplan.com.gt\/#\/schema\/logo\/image\/\"}}]}<\/script>\n<!-- \/ Yoast SEO plugin. -->","yoast_head_json":{"title":"Balizas Dobles LED para torres 20-45 mts. -","robots":{"index":"index","follow":"follow","max-snippet":"max-snippet:-1","max-image-preview":"max-image-preview:large","max-video-preview":"max-video-preview:-1"},"canonical":"https:\/\/tecplan.com.gt\/en\/product\/balizas-dobles-led-para-torres-20-45-mts\/","og_locale":"en_US","og_type":"article","og_title":"Balizas Dobles LED para torres 20-45 mts. -","og_description":"Ampliamente utilizado en varios campos de la Fuerza A\u00e9rea, aeropuertos civiles y espacio a\u00e9reo libre de obst\u00e1culos, helipuertos, torres de hierro, chimeneas, puertos, plantas de energ\u00eda e\u00f3lica, puentes y edificios de gran altura de la ciudad donde requieren advertencia de aviaci\u00f3n. Caracter\u00edsticas destacadas La cubierta de la l\u00e1mpara de la luz adopta una PC con [&hellip;]","og_url":"https:\/\/tecplan.com.gt\/en\/product\/balizas-dobles-led-para-torres-20-45-mts\/","article_modified_time":"2024-01-29T19:38:20+00:00","og_image":[{"width":2000,"height":2000,"url":"https:\/\/tecplan.com.gt\/wp-content\/uploads\/2021\/08\/Balizas-Dobles-01.jpg","type":"image\/jpeg"}],"twitter_card":"summary_large_image","twitter_misc":{"Est. reading time":"2 minutes"},"schema":{"@context":"https:\/\/schema.org","@graph":[{"@type":"WebPage","@id":"https:\/\/tecplan.com.gt\/producto\/balizas-dobles-led-para-torres-20-45-mts\/","url":"https:\/\/tecplan.com.gt\/producto\/balizas-dobles-led-para-torres-20-45-mts\/","name":"Balizas Dobles LED para torres 20-45 mts. -","isPartOf":{"@id":"https:\/\/tecplan.com.gt\/#website"},"primaryImageOfPage":{"@id":"https:\/\/tecplan.com.gt\/producto\/balizas-dobles-led-para-torres-20-45-mts\/#primaryimage"},"image":{"@id":"https:\/\/tecplan.com.gt\/producto\/balizas-dobles-led-para-torres-20-45-mts\/#primaryimage"},"thumbnailUrl":"\/wp-content\/uploads\/2021\/08\/Balizas-Dobles-01.jpg","datePublished":"2021-08-07T11:40:36+00:00","dateModified":"2024-01-29T19:38:20+00:00","breadcrumb":{"@id":"https:\/\/tecplan.com.gt\/producto\/balizas-dobles-led-para-torres-20-45-mts\/#breadcrumb"},"inLanguage":"en-US","potentialAction":[{"@type":"ReadAction","target":["https:\/\/tecplan.com.gt\/producto\/balizas-dobles-led-para-torres-20-45-mts\/"]}]},{"@type":"ImageObject","inLanguage":"en-US","@id":"https:\/\/tecplan.com.gt\/producto\/balizas-dobles-led-para-torres-20-45-mts\/#primaryimage","url":"\/wp-content\/uploads\/2021\/08\/Balizas-Dobles-01.jpg","contentUrl":"\/wp-content\/uploads\/2021\/08\/Balizas-Dobles-01.jpg","width":2000,"height":2000},{"@type":"BreadcrumbList","@id":"https:\/\/tecplan.com.gt\/producto\/balizas-dobles-led-para-torres-20-45-mts\/#breadcrumb","itemListElement":[{"@type":"ListItem","position":1,"name":"Portada","item":"https:\/\/tecplan.com.gt\/"},{"@type":"ListItem","position":2,"name":"Productos","item":"https:\/\/tecplan.com.gt\/shop\/"},{"@type":"ListItem","position":3,"name":"Balizas Dobles LED para torres 20-45 mts."}]},{"@type":"WebSite","@id":"https:\/\/tecplan.com.gt\/#website","url":"https:\/\/tecplan.com.gt\/","name":"Tecplan Argentina","description":"Tecnolog\u00edas y equipos de telecomunicaciones","publisher":{"@id":"https:\/\/tecplan.com.gt\/#organization"},"potentialAction":[{"@type":"SearchAction","target":{"@type":"EntryPoint","urlTemplate":"https:\/\/tecplan.com.gt\/?s={search_term_string}"},"query-input":{"@type":"PropertyValueSpecification","valueRequired":true,"valueName":"search_term_string"}}],"inLanguage":"en-US"},{"@type":"Organization","@id":"https:\/\/tecplan.com.gt\/#organization","name":"Tecplan Argentina","url":"https:\/\/tecplan.com.gt\/","logo":{"@type":"ImageObject","inLanguage":"en-US","@id":"https:\/\/tecplan.com.gt\/#\/schema\/logo\/image\/","url":"\/wp-content\/uploads\/2023\/03\/logo-tecplan.gif","contentUrl":"\/wp-content\/uploads\/2023\/03\/logo-tecplan.gif","width":1920,"height":486,"caption":"Tecplan Argentina"},"image":{"@id":"https:\/\/tecplan.com.gt\/#\/schema\/logo\/image\/"}}]}},"_links":{"self":[{"href":"https:\/\/tecplan.com.gt\/en\/wp-json\/wp\/v2\/product\/1636"}],"collection":[{"href":"https:\/\/tecplan.com.gt\/en\/wp-json\/wp\/v2\/product"}],"about":[{"href":"https:\/\/tecplan.com.gt\/en\/wp-json\/wp\/v2\/types\/product"}],"replies":[{"embeddable":true,"href":"https:\/\/tecplan.com.gt\/en\/wp-json\/wp\/v2\/comments?post=1636"}],"version-history":[{"count":1,"href":"https:\/\/tecplan.com.gt\/en\/wp-json\/wp\/v2\/product\/1636\/revisions"}],"predecessor-version":[{"id":8992,"href":"https:\/\/tecplan.com.gt\/en\/wp-json\/wp\/v2\/product\/1636\/revisions\/8992"}],"wp:featuredmedia":[{"embeddable":true,"href":"https:\/\/tecplan.com.gt\/en\/wp-json\/wp\/v2\/media\/6535"}],"wp:attachment":[{"href":"https:\/\/tecplan.com.gt\/en\/wp-json\/wp\/v2\/media?parent=1636"}],"wp:term":[{"taxonomy":"product_brand","embeddable":true,"href":"https:\/\/tecplan.com.gt\/en\/wp-json\/wp\/v2\/product_brand?post=1636"},{"taxonomy":"product_cat","embeddable":true,"href":"https:\/\/tecplan.com.gt\/en\/wp-json\/wp\/v2\/product_cat?post=1636"},{"taxonomy":"product_tag","embeddable":true,"href":"https:\/\/tecplan.com.gt\/en\/wp-json\/wp\/v2\/product_tag?post=1636"}],"curies":[{"name":"wp","href":"https:\/\/api.w.org\/{rel}","templated":true}]}}