{"id":2053,"date":"2021-09-12T15:47:25","date_gmt":"2021-09-12T18:47:25","guid":{"rendered":"https:\/\/tecplan.com.gt\/?post_type=product&#038;p=2053"},"modified":"2023-04-05T12:16:30","modified_gmt":"2023-04-05T16:16:30","slug":"repetidora-motorola-slr5100-digital-lar10jcganq1an-vhf-136-174-mhz","status":"publish","type":"product","link":"https:\/\/tecplan.com.gt\/en\/product\/repetidora-motorola-slr5100-digital-lar10jcganq1an-vhf-136-174-mhz\/","title":{"rendered":"Motorola SLR5100 Digital Repeater LAR10JCGANQ1AN VHF 136-174 MHz"},"content":{"rendered":"<p><iframe title=\"YouTube video player\" src=\"https:\/\/www.youtube.com\/embed\/whQSxZEW0cg\" width=\"544\" height=\"326\" frameborder=\"0\" allowfullscreen=\"allowfullscreen\"><\/iframe><\/p>","protected":false},"excerpt":{"rendered":"<p>Motorola repeater\u00a0<strong>SLR5100<\/strong>\u00a0Digital LAR10JCGANQ1AN VHF 136-174 MHz with good range, with its accessories, programming software, instructions, technical sheet in PDF and manual, find it at a good price in our market.<\/p>\n<ul>\n<li>Complies with Digital Mobile Radio (DMR) standards<\/li>\n<li>64 channels.<\/li>\n<li>Output range from 1 to 50 watts.<\/li>\n<li>Supported systems: Conventional Analog and Digital, IP Site Connect, Capacity Plus, Linked Capacity Plus, Connect Plus.<\/li>\n<li>Similar model:\u00a0<a href=\"https:\/\/telserdevenezuela.com.ve\/repetidora-motorola-slr8000-digital\/\" target=\"_blank\" rel=\"noopener\">SLR8000 VHF 136-174 MHz.<\/a><\/li>\n<\/ul>\n<p>Optimal performance in the following areas: construction, security, shopping centers, hotels, farms, transportation companies, vehicle assembly plants, medium-sized industries, stadiums, among others.<\/p>\n<div class=\"caracte-techn\">\n<h5 class=\"title-secundary\">Technical characteristics<\/h5>\n<ul class=\"list-group list-caracteriscas\">\n<li class=\"list-group-item item-caract\" data-sort=\"2\"><strong>Frequency:<\/strong>\u00a0<span class=\"text-blue-caract\">136 &#8211; 174 MHz<\/span><\/li>\n<li class=\"list-group-item item-caract\" data-sort=\"11\"><strong>Temperature Range:<\/strong>\u00a0<span class=\"text-blue-caract\">From -30 C to 60 C<\/span><\/li>\n<li class=\"list-group-item item-caract\" data-sort=\"4\"><strong>Operation Channels:<\/strong>\u00a0<span class=\"text-blue-caract\">64<\/span><\/li>\n<li class=\"list-group-item item-caract\" data-sort=\"8\"><strong>Screen:<\/strong>\u00a0<span class=\"text-blue-caract\">No<\/span><\/li>\n<li class=\"list-group-item item-caract\" data-sort=\"3\"><strong>Power:<\/strong>\u00a0<span class=\"text-blue-caract\">1-50W<\/span><\/li>\n<li class=\"list-group-item item-caract\" data-sort=\"1\"><strong>Band:<\/strong>\u00a0<span class=\"text-blue-caract\">VHF<\/span><\/li>\n<li class=\"list-group-item item-caract\" data-sort=\"43\"><strong>Dimensions (H x W x D):<\/strong>\u00a0<span class=\"text-blue-caract\">48.3 x 37 x 4.4 cm<\/span><\/li>\n<li class=\"list-group-item item-caract\" data-sort=\"44\"><strong>Weight:<\/strong>\u00a0<span class=\"text-blue-caract\">8600 g<\/span><\/li>\n<li class=\"list-group-item item-caract\" data-sort=\"10\"><strong>Keyboard:<\/strong>\u00a0<span class=\"text-blue-caract\">No<\/span><\/li>\n<\/ul>\n<\/div>\n<div class=\"row\">\n<div class=\"col-md-12\">\n<div class=\"large-descrition-product\">\n<p>Compatible with the MOTOTRBO\u2122 family of radios, As a next-generation DMR repeater, the SLR 5000 Series offers high levels of performance and efficiency, and a future-proof design. The product offers 50W continuous output power and high sensitivity for optimal coverage, high reliability and low power consumption for low cost of ownership. Featuring a slim, modular design, the product is easy to install and maintain.<\/p>\n<ul>\n<li>Operation in analog or digital mode.<\/li>\n<li>100% continuous duty cycle.<\/li>\n<li>2 simultaneous voice or data slots.<\/li>\n<li>LED indicators clearly identify transmit and receive modes, analog\/digital.<\/li>\n<li>Rack or wall mounting options available.<\/li>\n<li>Programmable hang time.<\/li>\n<li>Variety of accessories.<\/li>\n<li>Internal mounting for duplexer.<\/li>\n<li>Switchable 12.5\/25 kHz.<\/li>\n<li>DB25 port for future expansion.<\/li>\n<li>Status indicator LED.<\/li>\n<li>Channel mute codes in analog.<\/li>\n<li>Protocolo ETSI TS102-361-1.<\/li>\n<li>Conector de referencia de frecuencia.<\/li>\n<li>Conector auxiliar de sincron\u00eda.<\/li>\n<li>Opciones: 1\/GNSS y 2\/WLAN.<\/li>\n<li>Cargador de bater\u00eda integrado para el respaldo de bater\u00edas.<\/li>\n<li>Connectivity: ethernet, USB.<\/li>\n<li>2 RJ45 ethernet ports.<\/li>\n<li>IP Protocol.<\/li>\n<li>Antenna connectors: Rx-BNC and Tx-N.<\/li>\n<li>Voltage: 100-240VAC.<\/li>\n<li>Integrated power supply.<\/li>\n<\/ul>\n<p>Reference documentation:<\/p>\n<ul>\n<li>\n<ul>\n<li><a href=\"https:\/\/telserdevenezuela.com.ve\/wp-content\/uploads\/2020\/05\/MOTOTRBO_SLR_5000_Series_Repeater_Quick_Start_Guide.pdf\" target=\"_blank\" rel=\"noopener\">MOTOTRBO SLR5000 Series Repeater Quick Start Guide (English).<\/a><\/li>\n<li><a href=\"https:\/\/telserdevenezuela.com.ve\/wp-content\/uploads\/2020\/05\/mot_connectplus_product_broch_es.pdf\" target=\"_blank\" rel=\"noopener\">MOTOTRBO Connect Plus Digital Trunking Solution (Spanish).<\/a><\/li>\n<li><a href=\"https:\/\/telserdevenezuela.com.ve\/wp-content\/uploads\/2020\/05\/SmartPTT_PLUS_DS_ES-1.pdf\" target=\"_blank\" rel=\"noopener\">SMARTPTT Plus Control Room Solution for MOTOTRBO (Spanish).<\/a><\/li>\n<\/ul>\n<\/li>\n<\/ul>\n<\/div>\n<\/div>\n<\/div>","protected":false},"featured_media":2054,"comment_status":"open","ping_status":"closed","template":"","meta":{"site-sidebar-layout":"default","site-content-layout":"default","ast-site-content-layout":"","site-content-style":"default","site-sidebar-style":"default","ast-global-header-display":"","ast-banner-title-visibility":"","ast-main-header-display":"","ast-hfb-above-header-display":"","ast-hfb-below-header-display":"","ast-hfb-mobile-header-display":"","site-post-title":"","ast-breadcrumbs-content":"","ast-featured-img":"","footer-sml-layout":"","theme-transparent-header-meta":"default","adv-header-id-meta":"","stick-header-meta":"","header-above-stick-meta":"","header-main-stick-meta":"","header-below-stick-meta":"","astra-migrate-meta-layouts":"default","ast-page-background-enabled":"default","ast-page-background-meta":{"desktop":{"background-color":"var(--ast-global-color-4)","background-image":"","background-repeat":"repeat","background-position":"center center","background-size":"auto","background-attachment":"scroll","background-type":"","background-media":"","overlay-type":"","overlay-color":"","overlay-opacity":"","overlay-gradient":""},"tablet":{"background-color":"","background-image":"","background-repeat":"repeat","background-position":"center center","background-size":"auto","background-attachment":"scroll","background-type":"","background-media":"","overlay-type":"","overlay-color":"","overlay-opacity":"","overlay-gradient":""},"mobile":{"background-color":"","background-image":"","background-repeat":"repeat","background-position":"center center","background-size":"auto","background-attachment":"scroll","background-type":"","background-media":"","overlay-type":"","overlay-color":"","overlay-opacity":"","overlay-gradient":""}},"ast-content-background-meta":{"desktop":{"background-color":"var(--ast-global-color-5)","background-image":"","background-repeat":"repeat","background-position":"center center","background-size":"auto","background-attachment":"scroll","background-type":"","background-media":"","overlay-type":"","overlay-color":"","overlay-opacity":"","overlay-gradient":""},"tablet":{"background-color":"var(--ast-global-color-5)","background-image":"","background-repeat":"repeat","background-position":"center center","background-size":"auto","background-attachment":"scroll","background-type":"","background-media":"","overlay-type":"","overlay-color":"","overlay-opacity":"","overlay-gradient":""},"mobile":{"background-color":"var(--ast-global-color-5)","background-image":"","background-repeat":"repeat","background-position":"center center","background-size":"auto","background-attachment":"scroll","background-type":"","background-media":"","overlay-type":"","overlay-color":"","overlay-opacity":"","overlay-gradient":""}}},"product_brand":[],"product_cat":[32,31],"product_tag":[],"class_list":{"0":"post-2053","1":"product","2":"type-product","3":"status-publish","4":"has-post-thumbnail","6":"product_cat-motorola","7":"product_cat-radiocomunicacion","8":"desktop-align-left","9":"tablet-align-left","10":"mobile-align-left","12":"first","13":"instock","14":"shipping-taxable","15":"product-type-simple"},"yoast_head":"<!-- This site is optimized with the Yoast SEO plugin v24.6 - https:\/\/yoast.com\/wordpress\/plugins\/seo\/ -->\n<title>Repetidora Motorola SLR5100 Digital LAR10JCGANQ1AN VHF 136-174 MHz -<\/title>\n<meta name=\"robots\" content=\"index, follow, max-snippet:-1, max-image-preview:large, max-video-preview:-1\" \/>\n<link rel=\"canonical\" href=\"https:\/\/tecplan.com.gt\/en\/product\/repetidora-motorola-slr5100-digital-lar10jcganq1an-vhf-136-174-mhz\/\" \/>\n<meta property=\"og:locale\" content=\"en_US\" \/>\n<meta property=\"og:type\" content=\"article\" \/>\n<meta property=\"og:title\" content=\"Repetidora Motorola SLR5100 Digital LAR10JCGANQ1AN VHF 136-174 MHz -\" \/>\n<meta property=\"og:description\" content=\"Repetidora Motorola\u00a0SLR5100\u00a0Digital LAR10JCGANQ1AN VHF 136-174 MHz con buen alcance, con sus accesorios, software de programaci\u00f3n, instrucciones, ficha t\u00e9cnica en PDF y manual, encu\u00e9ntralo a buen precio en nuestro mercado.   Cumple con los est\u00e1ndares de Radio M\u00f3vil Digital (DMR)  64 canales.  Rango de salida de 1 a 50 vatios.  Sistemas admitidos: Convencional Anal\u00f3gico y Digital, IP Site Connect, Capacity Plus, Linked Capacity Plus, Connect Plus.  Modelo similar:\u00a0SLR8000 VHF 136-174 MHz.  Desempe\u00f1o \u00f3ptimo en las siguientes \u00e1reas: construcciones, seguridad, centros comerciales, hoteles, fincas, empresas de transporte, ensambladoras de veh\u00edculos, industrias medias, estadios, entre otro.  Caracteristicas t\u00e9cnicas   Frecuencia:\u00a0136 - 174 MHz  Rango de Temperatura:\u00a0De -30 C a 60 C  Canales de Operaci\u00f3n:\u00a064  Pantalla:\u00a0No  Potencia:\u00a01-50W  Banda:\u00a0VHF  Dimensiones (alto x ancho x profundidad):\u00a048.3 x 37 x 4.4 cm  Peso:\u00a08600 g  Teclado:\u00a0No       Compatible con la familia de radios MOTOTRBO\u2122, Como repetidor DMR de pr\u00f3xima generaci\u00f3n, la Serie SLR 5000 ofrece altos niveles de desempe\u00f1o y eficiencia, y un dise\u00f1o a prueba de futuro. El producto ofrece una potencia de salida de 50 W en operaci\u00f3n continua y alta sensibilidad para una cobertura \u00f3ptima, alta confiabilidad y bajo consumo de energ\u00eda para un bajo costo de propiedad. Con un dise\u00f1o delgado y modular, el producto es f\u00e1cil de instalar y de mantener.   Operaci\u00f3n en modo an\u00e1logo o digital.  Ciclo de trabajo 100% continuo.  2 ranuras simult\u00e1neas de voz o datos.  Indicadores de LEDs identifican claramente los modos de transmisi\u00f3n y recepci\u00f3n, an\u00e1logo\/digital.  Opciones disponibles para montaje en rack o pared.  Tiempo de colgado programable.  Variedad de accesorios.  Montaje interno para duplexer.  Conmutable 12.5 \/ 25 kHz.  Puerto DB25 de expansi\u00f3n a futuro.  Led indicador de estado.  C\u00f3digos de silenciamiento por canal en anal\u00f3gico.  Protocolo ETSI TS102-361-1.  Conector de referencia de frecuencia.  Conector auxiliar de sincron\u00eda.  Opciones: 1\/GNSS y 2\/WLAN.  Cargador de bater\u00eda integrado para el respaldo de bater\u00edas.  Conectividad: ethernet, USB.  2 puertos ethernet RJ45.  Protocolo IP.  Conectores de antenas: Rx-BNC y Tx-N.  Voltaje: 100-240VAC.  Fuente de poder integrada.  Documentaci\u00f3n de referencia:      Gu\u00eda Inicio R\u00e1pida Repetidor Serie SLR5000 MOTOTRBO (ingles).  Soluci\u00f3n Trunking Digital MOTOTRBO Connect Plus (espa\u00f1ol).  Soluci\u00f3n de Sala de Control SMARTPTT Plus para MOTOTRBO (espa\u00f1ol).\" \/>\n<meta property=\"og:url\" content=\"https:\/\/tecplan.com.gt\/en\/product\/repetidora-motorola-slr5100-digital-lar10jcganq1an-vhf-136-174-mhz\/\" \/>\n<meta property=\"article:modified_time\" content=\"2023-04-05T16:16:30+00:00\" \/>\n<meta property=\"og:image\" content=\"https:\/\/tecplan.com.gt\/wp-content\/uploads\/2023\/03\/SLR5100-REPETIDORA-3.jpg\" \/>\n\t<meta property=\"og:image:width\" content=\"1200\" \/>\n\t<meta property=\"og:image:height\" content=\"1200\" \/>\n\t<meta property=\"og:image:type\" content=\"image\/jpeg\" \/>\n<meta name=\"twitter:card\" content=\"summary_large_image\" \/>\n<meta name=\"twitter:label1\" content=\"Est. reading time\" \/>\n\t<meta name=\"twitter:data1\" content=\"1 minute\" \/>\n<script type=\"application\/ld+json\" class=\"yoast-schema-graph\">{\"@context\":\"https:\/\/schema.org\",\"@graph\":[{\"@type\":\"WebPage\",\"@id\":\"https:\/\/tecplan.com.gt\/producto\/repetidora-motorola-slr5100-digital-lar10jcganq1an-vhf-136-174-mhz\/\",\"url\":\"https:\/\/tecplan.com.gt\/producto\/repetidora-motorola-slr5100-digital-lar10jcganq1an-vhf-136-174-mhz\/\",\"name\":\"Repetidora Motorola SLR5100 Digital LAR10JCGANQ1AN VHF 136-174 MHz -\",\"isPartOf\":{\"@id\":\"https:\/\/tecplan.com.gt\/#website\"},\"primaryImageOfPage\":{\"@id\":\"https:\/\/tecplan.com.gt\/producto\/repetidora-motorola-slr5100-digital-lar10jcganq1an-vhf-136-174-mhz\/#primaryimage\"},\"image\":{\"@id\":\"https:\/\/tecplan.com.gt\/producto\/repetidora-motorola-slr5100-digital-lar10jcganq1an-vhf-136-174-mhz\/#primaryimage\"},\"thumbnailUrl\":\"\/wp-content\/uploads\/2023\/03\/SLR5100-REPETIDORA-3.jpg\",\"datePublished\":\"2021-09-12T18:47:25+00:00\",\"dateModified\":\"2023-04-05T16:16:30+00:00\",\"breadcrumb\":{\"@id\":\"https:\/\/tecplan.com.gt\/producto\/repetidora-motorola-slr5100-digital-lar10jcganq1an-vhf-136-174-mhz\/#breadcrumb\"},\"inLanguage\":\"en-US\",\"potentialAction\":[{\"@type\":\"ReadAction\",\"target\":[\"https:\/\/tecplan.com.gt\/producto\/repetidora-motorola-slr5100-digital-lar10jcganq1an-vhf-136-174-mhz\/\"]}]},{\"@type\":\"ImageObject\",\"inLanguage\":\"en-US\",\"@id\":\"https:\/\/tecplan.com.gt\/producto\/repetidora-motorola-slr5100-digital-lar10jcganq1an-vhf-136-174-mhz\/#primaryimage\",\"url\":\"\/wp-content\/uploads\/2023\/03\/SLR5100-REPETIDORA-3.jpg\",\"contentUrl\":\"\/wp-content\/uploads\/2023\/03\/SLR5100-REPETIDORA-3.jpg\",\"width\":1200,\"height\":1200},{\"@type\":\"BreadcrumbList\",\"@id\":\"https:\/\/tecplan.com.gt\/producto\/repetidora-motorola-slr5100-digital-lar10jcganq1an-vhf-136-174-mhz\/#breadcrumb\",\"itemListElement\":[{\"@type\":\"ListItem\",\"position\":1,\"name\":\"Portada\",\"item\":\"https:\/\/tecplan.com.gt\/\"},{\"@type\":\"ListItem\",\"position\":2,\"name\":\"Productos\",\"item\":\"https:\/\/tecplan.com.gt\/shop\/\"},{\"@type\":\"ListItem\",\"position\":3,\"name\":\"Repetidora Motorola SLR5100 Digital LAR10JCGANQ1AN VHF 136-174 MHz\"}]},{\"@type\":\"WebSite\",\"@id\":\"https:\/\/tecplan.com.gt\/#website\",\"url\":\"https:\/\/tecplan.com.gt\/\",\"name\":\"Tecplan Argentina\",\"description\":\"Tecnolog\u00edas y equipos de telecomunicaciones\",\"publisher\":{\"@id\":\"https:\/\/tecplan.com.gt\/#organization\"},\"potentialAction\":[{\"@type\":\"SearchAction\",\"target\":{\"@type\":\"EntryPoint\",\"urlTemplate\":\"https:\/\/tecplan.com.gt\/?s={search_term_string}\"},\"query-input\":{\"@type\":\"PropertyValueSpecification\",\"valueRequired\":true,\"valueName\":\"search_term_string\"}}],\"inLanguage\":\"en-US\"},{\"@type\":\"Organization\",\"@id\":\"https:\/\/tecplan.com.gt\/#organization\",\"name\":\"Tecplan Argentina\",\"url\":\"https:\/\/tecplan.com.gt\/\",\"logo\":{\"@type\":\"ImageObject\",\"inLanguage\":\"en-US\",\"@id\":\"https:\/\/tecplan.com.gt\/#\/schema\/logo\/image\/\",\"url\":\"\/wp-content\/uploads\/2023\/03\/logo-tecplan.gif\",\"contentUrl\":\"\/wp-content\/uploads\/2023\/03\/logo-tecplan.gif\",\"width\":1920,\"height\":486,\"caption\":\"Tecplan Argentina\"},\"image\":{\"@id\":\"https:\/\/tecplan.com.gt\/#\/schema\/logo\/image\/\"}}]}<\/script>\n<!-- \/ Yoast SEO plugin. -->","yoast_head_json":{"title":"Repetidora Motorola SLR5100 Digital LAR10JCGANQ1AN VHF 136-174 MHz -","robots":{"index":"index","follow":"follow","max-snippet":"max-snippet:-1","max-image-preview":"max-image-preview:large","max-video-preview":"max-video-preview:-1"},"canonical":"https:\/\/tecplan.com.gt\/en\/product\/repetidora-motorola-slr5100-digital-lar10jcganq1an-vhf-136-174-mhz\/","og_locale":"en_US","og_type":"article","og_title":"Repetidora Motorola SLR5100 Digital LAR10JCGANQ1AN VHF 136-174 MHz -","og_description":"Repetidora Motorola\u00a0SLR5100\u00a0Digital LAR10JCGANQ1AN VHF 136-174 MHz con buen alcance, con sus accesorios, software de programaci\u00f3n, instrucciones, ficha t\u00e9cnica en PDF y manual, encu\u00e9ntralo a buen precio en nuestro mercado.   Cumple con los est\u00e1ndares de Radio M\u00f3vil Digital (DMR)  64 canales.  Rango de salida de 1 a 50 vatios.  Sistemas admitidos: Convencional Anal\u00f3gico y Digital, IP Site Connect, Capacity Plus, Linked Capacity Plus, Connect Plus.  Modelo similar:\u00a0SLR8000 VHF 136-174 MHz.  Desempe\u00f1o \u00f3ptimo en las siguientes \u00e1reas: construcciones, seguridad, centros comerciales, hoteles, fincas, empresas de transporte, ensambladoras de veh\u00edculos, industrias medias, estadios, entre otro.  Caracteristicas t\u00e9cnicas   Frecuencia:\u00a0136 - 174 MHz  Rango de Temperatura:\u00a0De -30 C a 60 C  Canales de Operaci\u00f3n:\u00a064  Pantalla:\u00a0No  Potencia:\u00a01-50W  Banda:\u00a0VHF  Dimensiones (alto x ancho x profundidad):\u00a048.3 x 37 x 4.4 cm  Peso:\u00a08600 g  Teclado:\u00a0No       Compatible con la familia de radios MOTOTRBO\u2122, Como repetidor DMR de pr\u00f3xima generaci\u00f3n, la Serie SLR 5000 ofrece altos niveles de desempe\u00f1o y eficiencia, y un dise\u00f1o a prueba de futuro. El producto ofrece una potencia de salida de 50 W en operaci\u00f3n continua y alta sensibilidad para una cobertura \u00f3ptima, alta confiabilidad y bajo consumo de energ\u00eda para un bajo costo de propiedad. Con un dise\u00f1o delgado y modular, el producto es f\u00e1cil de instalar y de mantener.   Operaci\u00f3n en modo an\u00e1logo o digital.  Ciclo de trabajo 100% continuo.  2 ranuras simult\u00e1neas de voz o datos.  Indicadores de LEDs identifican claramente los modos de transmisi\u00f3n y recepci\u00f3n, an\u00e1logo\/digital.  Opciones disponibles para montaje en rack o pared.  Tiempo de colgado programable.  Variedad de accesorios.  Montaje interno para duplexer.  Conmutable 12.5 \/ 25 kHz.  Puerto DB25 de expansi\u00f3n a futuro.  Led indicador de estado.  C\u00f3digos de silenciamiento por canal en anal\u00f3gico.  Protocolo ETSI TS102-361-1.  Conector de referencia de frecuencia.  Conector auxiliar de sincron\u00eda.  Opciones: 1\/GNSS y 2\/WLAN.  Cargador de bater\u00eda integrado para el respaldo de bater\u00edas.  Conectividad: ethernet, USB.  2 puertos ethernet RJ45.  Protocolo IP.  Conectores de antenas: Rx-BNC y Tx-N.  Voltaje: 100-240VAC.  Fuente de poder integrada.  Documentaci\u00f3n de referencia:      Gu\u00eda Inicio R\u00e1pida Repetidor Serie SLR5000 MOTOTRBO (ingles).  Soluci\u00f3n Trunking Digital MOTOTRBO Connect Plus (espa\u00f1ol).  Soluci\u00f3n de Sala de Control SMARTPTT Plus para MOTOTRBO (espa\u00f1ol).","og_url":"https:\/\/tecplan.com.gt\/en\/product\/repetidora-motorola-slr5100-digital-lar10jcganq1an-vhf-136-174-mhz\/","article_modified_time":"2023-04-05T16:16:30+00:00","og_image":[{"width":1200,"height":1200,"url":"https:\/\/tecplan.com.gt\/wp-content\/uploads\/2023\/03\/SLR5100-REPETIDORA-3.jpg","type":"image\/jpeg"}],"twitter_card":"summary_large_image","twitter_misc":{"Est. reading time":"1 minute"},"schema":{"@context":"https:\/\/schema.org","@graph":[{"@type":"WebPage","@id":"https:\/\/tecplan.com.gt\/producto\/repetidora-motorola-slr5100-digital-lar10jcganq1an-vhf-136-174-mhz\/","url":"https:\/\/tecplan.com.gt\/producto\/repetidora-motorola-slr5100-digital-lar10jcganq1an-vhf-136-174-mhz\/","name":"Repetidora Motorola SLR5100 Digital LAR10JCGANQ1AN VHF 136-174 MHz -","isPartOf":{"@id":"https:\/\/tecplan.com.gt\/#website"},"primaryImageOfPage":{"@id":"https:\/\/tecplan.com.gt\/producto\/repetidora-motorola-slr5100-digital-lar10jcganq1an-vhf-136-174-mhz\/#primaryimage"},"image":{"@id":"https:\/\/tecplan.com.gt\/producto\/repetidora-motorola-slr5100-digital-lar10jcganq1an-vhf-136-174-mhz\/#primaryimage"},"thumbnailUrl":"\/wp-content\/uploads\/2023\/03\/SLR5100-REPETIDORA-3.jpg","datePublished":"2021-09-12T18:47:25+00:00","dateModified":"2023-04-05T16:16:30+00:00","breadcrumb":{"@id":"https:\/\/tecplan.com.gt\/producto\/repetidora-motorola-slr5100-digital-lar10jcganq1an-vhf-136-174-mhz\/#breadcrumb"},"inLanguage":"en-US","potentialAction":[{"@type":"ReadAction","target":["https:\/\/tecplan.com.gt\/producto\/repetidora-motorola-slr5100-digital-lar10jcganq1an-vhf-136-174-mhz\/"]}]},{"@type":"ImageObject","inLanguage":"en-US","@id":"https:\/\/tecplan.com.gt\/producto\/repetidora-motorola-slr5100-digital-lar10jcganq1an-vhf-136-174-mhz\/#primaryimage","url":"\/wp-content\/uploads\/2023\/03\/SLR5100-REPETIDORA-3.jpg","contentUrl":"\/wp-content\/uploads\/2023\/03\/SLR5100-REPETIDORA-3.jpg","width":1200,"height":1200},{"@type":"BreadcrumbList","@id":"https:\/\/tecplan.com.gt\/producto\/repetidora-motorola-slr5100-digital-lar10jcganq1an-vhf-136-174-mhz\/#breadcrumb","itemListElement":[{"@type":"ListItem","position":1,"name":"Portada","item":"https:\/\/tecplan.com.gt\/"},{"@type":"ListItem","position":2,"name":"Productos","item":"https:\/\/tecplan.com.gt\/shop\/"},{"@type":"ListItem","position":3,"name":"Repetidora Motorola SLR5100 Digital LAR10JCGANQ1AN VHF 136-174 MHz"}]},{"@type":"WebSite","@id":"https:\/\/tecplan.com.gt\/#website","url":"https:\/\/tecplan.com.gt\/","name":"Tecplan Argentina","description":"Tecnolog\u00edas y equipos de telecomunicaciones","publisher":{"@id":"https:\/\/tecplan.com.gt\/#organization"},"potentialAction":[{"@type":"SearchAction","target":{"@type":"EntryPoint","urlTemplate":"https:\/\/tecplan.com.gt\/?s={search_term_string}"},"query-input":{"@type":"PropertyValueSpecification","valueRequired":true,"valueName":"search_term_string"}}],"inLanguage":"en-US"},{"@type":"Organization","@id":"https:\/\/tecplan.com.gt\/#organization","name":"Tecplan Argentina","url":"https:\/\/tecplan.com.gt\/","logo":{"@type":"ImageObject","inLanguage":"en-US","@id":"https:\/\/tecplan.com.gt\/#\/schema\/logo\/image\/","url":"\/wp-content\/uploads\/2023\/03\/logo-tecplan.gif","contentUrl":"\/wp-content\/uploads\/2023\/03\/logo-tecplan.gif","width":1920,"height":486,"caption":"Tecplan Argentina"},"image":{"@id":"https:\/\/tecplan.com.gt\/#\/schema\/logo\/image\/"}}]}},"_links":{"self":[{"href":"https:\/\/tecplan.com.gt\/en\/wp-json\/wp\/v2\/product\/2053"}],"collection":[{"href":"https:\/\/tecplan.com.gt\/en\/wp-json\/wp\/v2\/product"}],"about":[{"href":"https:\/\/tecplan.com.gt\/en\/wp-json\/wp\/v2\/types\/product"}],"replies":[{"embeddable":true,"href":"https:\/\/tecplan.com.gt\/en\/wp-json\/wp\/v2\/comments?post=2053"}],"version-history":[{"count":1,"href":"https:\/\/tecplan.com.gt\/en\/wp-json\/wp\/v2\/product\/2053\/revisions"}],"predecessor-version":[{"id":8991,"href":"https:\/\/tecplan.com.gt\/en\/wp-json\/wp\/v2\/product\/2053\/revisions\/8991"}],"wp:featuredmedia":[{"embeddable":true,"href":"https:\/\/tecplan.com.gt\/en\/wp-json\/wp\/v2\/media\/2054"}],"wp:attachment":[{"href":"https:\/\/tecplan.com.gt\/en\/wp-json\/wp\/v2\/media?parent=2053"}],"wp:term":[{"taxonomy":"product_brand","embeddable":true,"href":"https:\/\/tecplan.com.gt\/en\/wp-json\/wp\/v2\/product_brand?post=2053"},{"taxonomy":"product_cat","embeddable":true,"href":"https:\/\/tecplan.com.gt\/en\/wp-json\/wp\/v2\/product_cat?post=2053"},{"taxonomy":"product_tag","embeddable":true,"href":"https:\/\/tecplan.com.gt\/en\/wp-json\/wp\/v2\/product_tag?post=2053"}],"curies":[{"name":"wp","href":"https:\/\/api.w.org\/{rel}","templated":true}]}}