{"id":2064,"date":"2021-09-12T16:17:26","date_gmt":"2021-09-12T19:17:26","guid":{"rendered":"https:\/\/tecplan.com.gt\/?post_type=product&#038;p=2064"},"modified":"2023-04-05T12:17:24","modified_gmt":"2023-04-05T16:17:24","slug":"radio-motorola-dep550e-digital-lah02rdc8ua1an-uhf-403-527-mhz","status":"publish","type":"product","link":"https:\/\/tecplan.com.gt\/en\/product\/radio-motorola-dep550e-digital-lah02rdc8ua1an-uhf-403-527-mhz\/","title":{"rendered":"Radio Motorola DEP550e Digital LAH02RDC8UA1AN UHF 403-527 MHz"},"content":{"rendered":"<p><iframe title=\"YouTube video player\" src=\"https:\/\/www.youtube.com\/embed\/Yb0l3N8eIj8\" width=\"544\" height=\"326\" frameborder=\"0\" allowfullscreen=\"allowfullscreen\"><\/iframe><\/p>","protected":false},"excerpt":{"rendered":"<div class=\"short-description-product\">\n<p>Radio Motorola\u00a0<strong>DEP550e<\/strong>\u00a0Digital LAH02RDC8UA1AN UHF 403-527 MHz with good range, with its accessories, programming software, instructions, technical sheet in PDF and manual, find it at a good price in our market.<\/p>\n<ul>\n<li>Complies with Digital Mobile Radio (DMR) standards.<\/li>\n<li>16 channels.<\/li>\n<li>Average UHF range in urban environment up to 1km depending on the urban structure (number and height of buildings).<\/li>\n<li>Average VHF range in rural environment more than 1km depending on vegetation and topography.<\/li>\n<\/ul>\n<p>Optimal performance in the following areas: construction, security, shopping centers, hotels, farms, transportation companies, vehicle assembly plants, medium-sized industries, stadiums, among others.<\/p>\n<p>Otro modelo de la serie:<\/p>\n<ul>\n<li><a href=\"https:\/\/telserdevenezuela.com.ve\/radio-portatil-motorola-dep550e-digital\/\" target=\"_blank\" rel=\"noopener\">Motorola DEP550e Digital Radio LAH02JDC9UA1AN VHF 136-174 MHz<\/a>.<\/li>\n<li><a href=\"https:\/\/telserdevenezuela.com.ve\/radio-portatil-motorola-mototrbo-dep-570e-digital\/\" target=\"_blank\" rel=\"noopener\">Motorola DEP570e Digital Radio LAH02JDH9UA1AN VHF 136-174 MHz<\/a>.<\/li>\n<li><a href=\"https:\/\/telserdevenezuela.com.ve\/radio-motorola-dep570e-digital-lah02rdh9ua1an\/\" target=\"_blank\" rel=\"noopener\">Radio Motorola DEP570e Digital LAH02RDH9UA1AN UHF 403-527 MHz<\/a>.<\/li>\n<\/ul>\n<\/div>\n<div class=\"caracte-techn\">\n<h5 class=\"title-secundary\">Technical characteristics<\/h5>\n<ul class=\"list-group list-caracteriscas\">\n<li class=\"list-group-item item-caract\" data-sort=\"1\"><strong>Band:<\/strong>\u00a0<span class=\"text-blue-caract\">UHF<\/span><\/li>\n<li class=\"list-group-item item-caract\" data-sort=\"58\"><strong>IP Rating:<\/strong>\u00a0<span class=\"text-blue-caract\">IP67 (Total protection against penetration by any solid body and against temporary immersion in water)<\/span><\/li>\n<li class=\"list-group-item item-caract\" data-sort=\"2\"><strong>Frequency:<\/strong>\u00a0<span class=\"text-blue-caract\">403-527 MHz<\/span><\/li>\n<li class=\"list-group-item item-caract\" data-sort=\"3\"><strong>Power:<\/strong>\u00a0<span class=\"text-blue-caract\">4W<\/span><\/li>\n<li class=\"list-group-item item-caract\" data-sort=\"8\"><strong>Screen:<\/strong>\u00a0<span class=\"text-blue-caract\">No<\/span><\/li>\n<li class=\"list-group-item item-caract\" data-sort=\"4\"><strong>Operation Channels:<\/strong>\u00a0<span class=\"text-blue-caract\">16<\/span><\/li>\n<li class=\"list-group-item item-caract\" data-sort=\"43\"><strong>Dimensions (H x W x D):<\/strong>\u00a0<span class=\"text-blue-caract\">12.2 x 5.6 x 3.6 cm<\/span><\/li>\n<li class=\"list-group-item item-caract\" data-sort=\"44\"><strong>Weight:<\/strong>\u00a0<span class=\"text-blue-caract\">264 gr<\/span><\/li>\n<li class=\"list-group-item item-caract\" data-sort=\"11\"><strong>Temperature Range:<\/strong>\u00a0<span class=\"text-blue-caract\">From -30 C to 60 C<\/span><\/li>\n<li class=\"list-group-item item-caract\" data-sort=\"46\"><strong>GPS:<\/strong>\u00a0<span class=\"text-blue-caract\">Yes<\/span><\/li>\n<li class=\"list-group-item item-caract\" data-sort=\"54\"><strong>Programmable buttons:<\/strong>\u00a0<span class=\"text-blue-caract\">Yes<\/span><\/li>\n<li class=\"list-group-item item-caract\" data-sort=\"47\"><strong>Bluetooth Accessory:<\/strong>\u00a0<span class=\"text-blue-caract\">\u00a0No<\/span><\/li>\n<li class=\"list-group-item item-caract\" data-sort=\"48\"><strong>Bluetooth data:<\/strong>\u00a0<span class=\"text-blue-caract\">\u00a0No<\/span><\/li>\n<li class=\"list-group-item item-caract\" data-sort=\"10\"><strong>Keyboard:<\/strong>\u00a0<span class=\"text-blue-caract\">No<\/span><\/li>\n<\/ul>\n<\/div>\n<div class=\"row\">\n<div class=\"col-md-12\">\n<div class=\"large-descrition-product\">\n<p>Compatible with the MOTOTRBO\u2122 family of radios, the DEP550e features superior audio quality, outstanding coverage, long battery life, and operates on IP Site Connect and Capacity Plus systems. Wi-Fi and Bluetooth 4.0 connectivity (10 m) deliver excellent coverage with long battery life. The radio supports both analog and digital modes and is complemented by a wide range of innovative accessories.<\/p>\n<ul>\n<li>Main channel reminder.<\/li>\n<li>Smart audio.<\/li>\n<li>Audio PRINT.<\/li>\n<li>SYNC noise cancellation (optional).<\/li>\n<li>Acoustic feedback suppressor.<\/li>\n<li>User selectable audio profiles.<\/li>\n<li>IMPRES Power.<\/li>\n<li>Digital noise cancellation software.<\/li>\n<li>Repeater compatible.<\/li>\n<li>Analog \/ Digital.<\/li>\n<li>Built-in Wi-Fi. IEEE 802.11b, 802.11g, 802.11n. WPA, WPA-2, WEP. SSID 64.<\/li>\n<li>Audio and data Bluetooth 4.0, class 2 (10 m), simultaneous connections: 1 audio accessory and 1 data device.<\/li>\n<li>Battery charge duration (based on a duty cycle of 5% transmit, 5% receive, 90% Stand By 5\/5\/90) with Bluetooth and Wifi disabled, for a 1600 mAh battery: 11 hrs in Analog \/ 14.5 hrs in Digital.<\/li>\n<li>Channel spacing 12.5 KHz, 20 KHz and 25 KHz.<\/li>\n<li>Certificaci\u00f3n HAZLOC TIA-4950.<\/li>\n<li>Especificaciones militares; 810 C, 810 D, 810 E, 810 F, 810 G.<\/li>\n<li>2 programmable buttons.<\/li>\n<li>Efficient charging.<\/li>\n<li>PC programming.<\/li>\n<\/ul>\n<\/div>\n<\/div>\n<\/div>","protected":false},"featured_media":2065,"comment_status":"open","ping_status":"closed","template":"","meta":{"site-sidebar-layout":"default","site-content-layout":"default","ast-site-content-layout":"","site-content-style":"default","site-sidebar-style":"default","ast-global-header-display":"","ast-banner-title-visibility":"","ast-main-header-display":"","ast-hfb-above-header-display":"","ast-hfb-below-header-display":"","ast-hfb-mobile-header-display":"","site-post-title":"","ast-breadcrumbs-content":"","ast-featured-img":"","footer-sml-layout":"","theme-transparent-header-meta":"default","adv-header-id-meta":"","stick-header-meta":"","header-above-stick-meta":"","header-main-stick-meta":"","header-below-stick-meta":"","astra-migrate-meta-layouts":"default","ast-page-background-enabled":"default","ast-page-background-meta":{"desktop":{"background-color":"var(--ast-global-color-4)","background-image":"","background-repeat":"repeat","background-position":"center center","background-size":"auto","background-attachment":"scroll","background-type":"","background-media":"","overlay-type":"","overlay-color":"","overlay-opacity":"","overlay-gradient":""},"tablet":{"background-color":"","background-image":"","background-repeat":"repeat","background-position":"center center","background-size":"auto","background-attachment":"scroll","background-type":"","background-media":"","overlay-type":"","overlay-color":"","overlay-opacity":"","overlay-gradient":""},"mobile":{"background-color":"","background-image":"","background-repeat":"repeat","background-position":"center center","background-size":"auto","background-attachment":"scroll","background-type":"","background-media":"","overlay-type":"","overlay-color":"","overlay-opacity":"","overlay-gradient":""}},"ast-content-background-meta":{"desktop":{"background-color":"var(--ast-global-color-5)","background-image":"","background-repeat":"repeat","background-position":"center center","background-size":"auto","background-attachment":"scroll","background-type":"","background-media":"","overlay-type":"","overlay-color":"","overlay-opacity":"","overlay-gradient":""},"tablet":{"background-color":"var(--ast-global-color-5)","background-image":"","background-repeat":"repeat","background-position":"center center","background-size":"auto","background-attachment":"scroll","background-type":"","background-media":"","overlay-type":"","overlay-color":"","overlay-opacity":"","overlay-gradient":""},"mobile":{"background-color":"var(--ast-global-color-5)","background-image":"","background-repeat":"repeat","background-position":"center center","background-size":"auto","background-attachment":"scroll","background-type":"","background-media":"","overlay-type":"","overlay-color":"","overlay-opacity":"","overlay-gradient":""}}},"product_brand":[],"product_cat":[32,31],"product_tag":[33],"class_list":{"0":"post-2064","1":"product","2":"type-product","3":"status-publish","4":"has-post-thumbnail","6":"product_cat-motorola","7":"product_cat-radiocomunicacion","8":"product_tag-motorola","9":"desktop-align-left","10":"tablet-align-left","11":"mobile-align-left","13":"first","14":"instock","15":"shipping-taxable","16":"product-type-simple"},"yoast_head":"<!-- This site is optimized with the Yoast SEO plugin v24.6 - https:\/\/yoast.com\/wordpress\/plugins\/seo\/ -->\n<title>Radio Motorola DEP550e Digital LAH02RDC8UA1AN UHF 403-527 MHz -<\/title>\n<meta name=\"robots\" content=\"index, follow, max-snippet:-1, max-image-preview:large, max-video-preview:-1\" \/>\n<link rel=\"canonical\" href=\"https:\/\/tecplan.com.gt\/en\/product\/radio-motorola-dep550e-digital-lah02rdc8ua1an-uhf-403-527-mhz\/\" \/>\n<meta property=\"og:locale\" content=\"en_US\" \/>\n<meta property=\"og:type\" content=\"article\" \/>\n<meta property=\"og:title\" content=\"Radio Motorola DEP550e Digital LAH02RDC8UA1AN UHF 403-527 MHz -\" \/>\n<meta property=\"og:description\" content=\"Radio Motorola\u00a0DEP550e\u00a0Digital LAH02RDC8UA1AN UHF 403-527 MHz con buen alcance, con sus accesorios, software de programaci\u00f3n, instrucciones, ficha t\u00e9cnica en PDF y manual, encu\u00e9ntralo a buen precio en nuestro mercado.   Cumple con los est\u00e1ndares de Radio M\u00f3vil Digital (DMR).  16 canales.  Alcance promedio UHF en ambiente urbano hasta 1km dependiendo de la estructura urbana (cantidad y altura de las edificaciones).  Alcance promedio VHF en ambiente rural m\u00e1s de 1km dependiendo de la vegetaci\u00f3n y la topograf\u00eda.  Desempe\u00f1o \u00f3ptimo en las siguientes \u00e1reas: construcciones, seguridad, centros comerciales, hoteles, fincas, empresas de transporte, ensambladoras de veh\u00edculos, industrias medias, estadios, entre otro.  Otro modelo de la serie:   Radio Motorola DEP550e Digital LAH02JDC9UA1AN VHF 136-174 MHz.  Radio Motorola DEP570e Digital LAH02JDH9UA1AN VHF 136-174 MHz.  Radio Motorola DEP570e Digital LAH02RDH9UA1AN UHF 403-527 MHz.    Caracteristicas t\u00e9cnicas   Banda:\u00a0UHF  Clasificaci\u00f3n IP:\u00a0IP67 (Protecci\u00f3n total contra la penetraci\u00f3n de cualquier cuerpo s\u00f3lido y contra agua inmersi\u00f3n temporal)  Frecuencia:\u00a0403-527 MHz  Potencia:\u00a04W  Pantalla:\u00a0No  Canales de Operaci\u00f3n:\u00a016  Dimensiones (alto x ancho x profundidad):\u00a012.2 x 5.6 x 3.6 cm  Peso:\u00a0264 gr  Rango de Temperatura:\u00a0De -30 C a 60 C  GPS:\u00a0Si  Botones programable:\u00a0Si  Accesorio Bluetooh:\u00a0\u00a0No  Datos Bluetooh:\u00a0\u00a0No  Teclado:\u00a0No       Compatible con la familia de radios MOTOTRBO\u2122, el DEP550e tiene calidad de audio superior, cobertura sobresaliente, bater\u00eda de larga duraci\u00f3n, operan en sistemas IP Site Connect y Capacity Plus. Conectividad Wi-Fi y Bluetooth 4.0 (10 mts). Ofrece una excelente cobertura con bater\u00eda de larga duraci\u00f3n. El radio admite tanto modo anal\u00f3gico como digital y se complementa con una amplia gama de accesorios innovadores.   Recordatorio de canal principal.  Audio inteligente.  Audio IMPRES.  Cancelaci\u00f3n de ruido SINC (opcional).  Supresor de realimentaci\u00f3n ac\u00fastica.  Perfiles de audio seleccionables por usuario.  Potencia IMPRES.  El software de cancelaci\u00f3n de ruido digital.  Compatible con repetidor.  Anal\u00f3gico \/ Digital.  Wi-Fi incorporado. IEEE 802.11b, 802.11g, 802.11n. WPA, WPA-2, WEP. SSID 64.  Audio y datos Bluetooth 4.0, clase 2 (10 mts),conexiones simultaneas: 1 accesorio de audio y 1 dispositivo de datos.  Duraci\u00f3n de la carga de la bater\u00eda (basada en un ciclo de trabajo de 5% transmisi\u00f3n, 5% recepci\u00f3n, 90% Stand By 5\/5\/90) con Bluetooth y Wifi inhabilitado, para una bater\u00eda de 1600 mAh: 11 hrs en Anal\u00f3gico \/ 14.5 hrs en Digital.  Espaciado de canal 12.5 KHz, 20 KHz y 25 KHz.  Certificaci\u00f3n HAZLOC TIA-4950.  Especificaciones militares; 810 C, 810 D, 810 E, 810 F, 810 G.  2 botones programables.  Carga eficiente.  programacion por PC.\" \/>\n<meta property=\"og:url\" content=\"https:\/\/tecplan.com.gt\/en\/product\/radio-motorola-dep550e-digital-lah02rdc8ua1an-uhf-403-527-mhz\/\" \/>\n<meta property=\"article:modified_time\" content=\"2023-04-05T16:17:24+00:00\" \/>\n<meta property=\"og:image\" content=\"https:\/\/tecplan.com.gt\/wp-content\/uploads\/2023\/03\/radio-motorola-dep-550-e-telser.jpg\" \/>\n\t<meta property=\"og:image:width\" content=\"1200\" \/>\n\t<meta property=\"og:image:height\" content=\"1200\" \/>\n\t<meta property=\"og:image:type\" content=\"image\/jpeg\" \/>\n<meta name=\"twitter:card\" content=\"summary_large_image\" \/>\n<meta name=\"twitter:label1\" content=\"Est. reading time\" \/>\n\t<meta name=\"twitter:data1\" content=\"1 minute\" \/>\n<script type=\"application\/ld+json\" class=\"yoast-schema-graph\">{\"@context\":\"https:\/\/schema.org\",\"@graph\":[{\"@type\":\"WebPage\",\"@id\":\"https:\/\/tecplan.com.gt\/producto\/radio-motorola-dep550e-digital-lah02rdc8ua1an-uhf-403-527-mhz\/\",\"url\":\"https:\/\/tecplan.com.gt\/producto\/radio-motorola-dep550e-digital-lah02rdc8ua1an-uhf-403-527-mhz\/\",\"name\":\"Radio Motorola DEP550e Digital LAH02RDC8UA1AN UHF 403-527 MHz -\",\"isPartOf\":{\"@id\":\"https:\/\/tecplan.com.gt\/#website\"},\"primaryImageOfPage\":{\"@id\":\"https:\/\/tecplan.com.gt\/producto\/radio-motorola-dep550e-digital-lah02rdc8ua1an-uhf-403-527-mhz\/#primaryimage\"},\"image\":{\"@id\":\"https:\/\/tecplan.com.gt\/producto\/radio-motorola-dep550e-digital-lah02rdc8ua1an-uhf-403-527-mhz\/#primaryimage\"},\"thumbnailUrl\":\"\/wp-content\/uploads\/2023\/03\/radio-motorola-dep-550-e-telser.jpg\",\"datePublished\":\"2021-09-12T19:17:26+00:00\",\"dateModified\":\"2023-04-05T16:17:24+00:00\",\"breadcrumb\":{\"@id\":\"https:\/\/tecplan.com.gt\/producto\/radio-motorola-dep550e-digital-lah02rdc8ua1an-uhf-403-527-mhz\/#breadcrumb\"},\"inLanguage\":\"en-US\",\"potentialAction\":[{\"@type\":\"ReadAction\",\"target\":[\"https:\/\/tecplan.com.gt\/producto\/radio-motorola-dep550e-digital-lah02rdc8ua1an-uhf-403-527-mhz\/\"]}]},{\"@type\":\"ImageObject\",\"inLanguage\":\"en-US\",\"@id\":\"https:\/\/tecplan.com.gt\/producto\/radio-motorola-dep550e-digital-lah02rdc8ua1an-uhf-403-527-mhz\/#primaryimage\",\"url\":\"\/wp-content\/uploads\/2023\/03\/radio-motorola-dep-550-e-telser.jpg\",\"contentUrl\":\"\/wp-content\/uploads\/2023\/03\/radio-motorola-dep-550-e-telser.jpg\",\"width\":1200,\"height\":1200},{\"@type\":\"BreadcrumbList\",\"@id\":\"https:\/\/tecplan.com.gt\/producto\/radio-motorola-dep550e-digital-lah02rdc8ua1an-uhf-403-527-mhz\/#breadcrumb\",\"itemListElement\":[{\"@type\":\"ListItem\",\"position\":1,\"name\":\"Portada\",\"item\":\"https:\/\/tecplan.com.gt\/\"},{\"@type\":\"ListItem\",\"position\":2,\"name\":\"Productos\",\"item\":\"https:\/\/tecplan.com.gt\/shop\/\"},{\"@type\":\"ListItem\",\"position\":3,\"name\":\"Radio Motorola DEP550e Digital LAH02RDC8UA1AN UHF 403-527 MHz\"}]},{\"@type\":\"WebSite\",\"@id\":\"https:\/\/tecplan.com.gt\/#website\",\"url\":\"https:\/\/tecplan.com.gt\/\",\"name\":\"Tecplan Argentina\",\"description\":\"Tecnolog\u00edas y equipos de telecomunicaciones\",\"publisher\":{\"@id\":\"https:\/\/tecplan.com.gt\/#organization\"},\"potentialAction\":[{\"@type\":\"SearchAction\",\"target\":{\"@type\":\"EntryPoint\",\"urlTemplate\":\"https:\/\/tecplan.com.gt\/?s={search_term_string}\"},\"query-input\":{\"@type\":\"PropertyValueSpecification\",\"valueRequired\":true,\"valueName\":\"search_term_string\"}}],\"inLanguage\":\"en-US\"},{\"@type\":\"Organization\",\"@id\":\"https:\/\/tecplan.com.gt\/#organization\",\"name\":\"Tecplan Argentina\",\"url\":\"https:\/\/tecplan.com.gt\/\",\"logo\":{\"@type\":\"ImageObject\",\"inLanguage\":\"en-US\",\"@id\":\"https:\/\/tecplan.com.gt\/#\/schema\/logo\/image\/\",\"url\":\"\/wp-content\/uploads\/2023\/03\/logo-tecplan.gif\",\"contentUrl\":\"\/wp-content\/uploads\/2023\/03\/logo-tecplan.gif\",\"width\":1920,\"height\":486,\"caption\":\"Tecplan Argentina\"},\"image\":{\"@id\":\"https:\/\/tecplan.com.gt\/#\/schema\/logo\/image\/\"}}]}<\/script>\n<!-- \/ Yoast SEO plugin. -->","yoast_head_json":{"title":"Radio Motorola DEP550e Digital LAH02RDC8UA1AN UHF 403-527 MHz -","robots":{"index":"index","follow":"follow","max-snippet":"max-snippet:-1","max-image-preview":"max-image-preview:large","max-video-preview":"max-video-preview:-1"},"canonical":"https:\/\/tecplan.com.gt\/en\/product\/radio-motorola-dep550e-digital-lah02rdc8ua1an-uhf-403-527-mhz\/","og_locale":"en_US","og_type":"article","og_title":"Radio Motorola DEP550e Digital LAH02RDC8UA1AN UHF 403-527 MHz -","og_description":"Radio Motorola\u00a0DEP550e\u00a0Digital LAH02RDC8UA1AN UHF 403-527 MHz con buen alcance, con sus accesorios, software de programaci\u00f3n, instrucciones, ficha t\u00e9cnica en PDF y manual, encu\u00e9ntralo a buen precio en nuestro mercado.   Cumple con los est\u00e1ndares de Radio M\u00f3vil Digital (DMR).  16 canales.  Alcance promedio UHF en ambiente urbano hasta 1km dependiendo de la estructura urbana (cantidad y altura de las edificaciones).  Alcance promedio VHF en ambiente rural m\u00e1s de 1km dependiendo de la vegetaci\u00f3n y la topograf\u00eda.  Desempe\u00f1o \u00f3ptimo en las siguientes \u00e1reas: construcciones, seguridad, centros comerciales, hoteles, fincas, empresas de transporte, ensambladoras de veh\u00edculos, industrias medias, estadios, entre otro.  Otro modelo de la serie:   Radio Motorola DEP550e Digital LAH02JDC9UA1AN VHF 136-174 MHz.  Radio Motorola DEP570e Digital LAH02JDH9UA1AN VHF 136-174 MHz.  Radio Motorola DEP570e Digital LAH02RDH9UA1AN UHF 403-527 MHz.    Caracteristicas t\u00e9cnicas   Banda:\u00a0UHF  Clasificaci\u00f3n IP:\u00a0IP67 (Protecci\u00f3n total contra la penetraci\u00f3n de cualquier cuerpo s\u00f3lido y contra agua inmersi\u00f3n temporal)  Frecuencia:\u00a0403-527 MHz  Potencia:\u00a04W  Pantalla:\u00a0No  Canales de Operaci\u00f3n:\u00a016  Dimensiones (alto x ancho x profundidad):\u00a012.2 x 5.6 x 3.6 cm  Peso:\u00a0264 gr  Rango de Temperatura:\u00a0De -30 C a 60 C  GPS:\u00a0Si  Botones programable:\u00a0Si  Accesorio Bluetooh:\u00a0\u00a0No  Datos Bluetooh:\u00a0\u00a0No  Teclado:\u00a0No       Compatible con la familia de radios MOTOTRBO\u2122, el DEP550e tiene calidad de audio superior, cobertura sobresaliente, bater\u00eda de larga duraci\u00f3n, operan en sistemas IP Site Connect y Capacity Plus. Conectividad Wi-Fi y Bluetooth 4.0 (10 mts). Ofrece una excelente cobertura con bater\u00eda de larga duraci\u00f3n. El radio admite tanto modo anal\u00f3gico como digital y se complementa con una amplia gama de accesorios innovadores.   Recordatorio de canal principal.  Audio inteligente.  Audio IMPRES.  Cancelaci\u00f3n de ruido SINC (opcional).  Supresor de realimentaci\u00f3n ac\u00fastica.  Perfiles de audio seleccionables por usuario.  Potencia IMPRES.  El software de cancelaci\u00f3n de ruido digital.  Compatible con repetidor.  Anal\u00f3gico \/ Digital.  Wi-Fi incorporado. IEEE 802.11b, 802.11g, 802.11n. WPA, WPA-2, WEP. SSID 64.  Audio y datos Bluetooth 4.0, clase 2 (10 mts),conexiones simultaneas: 1 accesorio de audio y 1 dispositivo de datos.  Duraci\u00f3n de la carga de la bater\u00eda (basada en un ciclo de trabajo de 5% transmisi\u00f3n, 5% recepci\u00f3n, 90% Stand By 5\/5\/90) con Bluetooth y Wifi inhabilitado, para una bater\u00eda de 1600 mAh: 11 hrs en Anal\u00f3gico \/ 14.5 hrs en Digital.  Espaciado de canal 12.5 KHz, 20 KHz y 25 KHz.  Certificaci\u00f3n HAZLOC TIA-4950.  Especificaciones militares; 810 C, 810 D, 810 E, 810 F, 810 G.  2 botones programables.  Carga eficiente.  programacion por PC.","og_url":"https:\/\/tecplan.com.gt\/en\/product\/radio-motorola-dep550e-digital-lah02rdc8ua1an-uhf-403-527-mhz\/","article_modified_time":"2023-04-05T16:17:24+00:00","og_image":[{"width":1200,"height":1200,"url":"https:\/\/tecplan.com.gt\/wp-content\/uploads\/2023\/03\/radio-motorola-dep-550-e-telser.jpg","type":"image\/jpeg"}],"twitter_card":"summary_large_image","twitter_misc":{"Est. reading time":"1 minute"},"schema":{"@context":"https:\/\/schema.org","@graph":[{"@type":"WebPage","@id":"https:\/\/tecplan.com.gt\/producto\/radio-motorola-dep550e-digital-lah02rdc8ua1an-uhf-403-527-mhz\/","url":"https:\/\/tecplan.com.gt\/producto\/radio-motorola-dep550e-digital-lah02rdc8ua1an-uhf-403-527-mhz\/","name":"Radio Motorola DEP550e Digital LAH02RDC8UA1AN UHF 403-527 MHz -","isPartOf":{"@id":"https:\/\/tecplan.com.gt\/#website"},"primaryImageOfPage":{"@id":"https:\/\/tecplan.com.gt\/producto\/radio-motorola-dep550e-digital-lah02rdc8ua1an-uhf-403-527-mhz\/#primaryimage"},"image":{"@id":"https:\/\/tecplan.com.gt\/producto\/radio-motorola-dep550e-digital-lah02rdc8ua1an-uhf-403-527-mhz\/#primaryimage"},"thumbnailUrl":"\/wp-content\/uploads\/2023\/03\/radio-motorola-dep-550-e-telser.jpg","datePublished":"2021-09-12T19:17:26+00:00","dateModified":"2023-04-05T16:17:24+00:00","breadcrumb":{"@id":"https:\/\/tecplan.com.gt\/producto\/radio-motorola-dep550e-digital-lah02rdc8ua1an-uhf-403-527-mhz\/#breadcrumb"},"inLanguage":"en-US","potentialAction":[{"@type":"ReadAction","target":["https:\/\/tecplan.com.gt\/producto\/radio-motorola-dep550e-digital-lah02rdc8ua1an-uhf-403-527-mhz\/"]}]},{"@type":"ImageObject","inLanguage":"en-US","@id":"https:\/\/tecplan.com.gt\/producto\/radio-motorola-dep550e-digital-lah02rdc8ua1an-uhf-403-527-mhz\/#primaryimage","url":"\/wp-content\/uploads\/2023\/03\/radio-motorola-dep-550-e-telser.jpg","contentUrl":"\/wp-content\/uploads\/2023\/03\/radio-motorola-dep-550-e-telser.jpg","width":1200,"height":1200},{"@type":"BreadcrumbList","@id":"https:\/\/tecplan.com.gt\/producto\/radio-motorola-dep550e-digital-lah02rdc8ua1an-uhf-403-527-mhz\/#breadcrumb","itemListElement":[{"@type":"ListItem","position":1,"name":"Portada","item":"https:\/\/tecplan.com.gt\/"},{"@type":"ListItem","position":2,"name":"Productos","item":"https:\/\/tecplan.com.gt\/shop\/"},{"@type":"ListItem","position":3,"name":"Radio Motorola DEP550e Digital LAH02RDC8UA1AN UHF 403-527 MHz"}]},{"@type":"WebSite","@id":"https:\/\/tecplan.com.gt\/#website","url":"https:\/\/tecplan.com.gt\/","name":"Tecplan Argentina","description":"Tecnolog\u00edas y equipos de telecomunicaciones","publisher":{"@id":"https:\/\/tecplan.com.gt\/#organization"},"potentialAction":[{"@type":"SearchAction","target":{"@type":"EntryPoint","urlTemplate":"https:\/\/tecplan.com.gt\/?s={search_term_string}"},"query-input":{"@type":"PropertyValueSpecification","valueRequired":true,"valueName":"search_term_string"}}],"inLanguage":"en-US"},{"@type":"Organization","@id":"https:\/\/tecplan.com.gt\/#organization","name":"Tecplan Argentina","url":"https:\/\/tecplan.com.gt\/","logo":{"@type":"ImageObject","inLanguage":"en-US","@id":"https:\/\/tecplan.com.gt\/#\/schema\/logo\/image\/","url":"\/wp-content\/uploads\/2023\/03\/logo-tecplan.gif","contentUrl":"\/wp-content\/uploads\/2023\/03\/logo-tecplan.gif","width":1920,"height":486,"caption":"Tecplan Argentina"},"image":{"@id":"https:\/\/tecplan.com.gt\/#\/schema\/logo\/image\/"}}]}},"_links":{"self":[{"href":"https:\/\/tecplan.com.gt\/en\/wp-json\/wp\/v2\/product\/2064"}],"collection":[{"href":"https:\/\/tecplan.com.gt\/en\/wp-json\/wp\/v2\/product"}],"about":[{"href":"https:\/\/tecplan.com.gt\/en\/wp-json\/wp\/v2\/types\/product"}],"replies":[{"embeddable":true,"href":"https:\/\/tecplan.com.gt\/en\/wp-json\/wp\/v2\/comments?post=2064"}],"version-history":[{"count":1,"href":"https:\/\/tecplan.com.gt\/en\/wp-json\/wp\/v2\/product\/2064\/revisions"}],"predecessor-version":[{"id":8990,"href":"https:\/\/tecplan.com.gt\/en\/wp-json\/wp\/v2\/product\/2064\/revisions\/8990"}],"wp:featuredmedia":[{"embeddable":true,"href":"https:\/\/tecplan.com.gt\/en\/wp-json\/wp\/v2\/media\/2065"}],"wp:attachment":[{"href":"https:\/\/tecplan.com.gt\/en\/wp-json\/wp\/v2\/media?parent=2064"}],"wp:term":[{"taxonomy":"product_brand","embeddable":true,"href":"https:\/\/tecplan.com.gt\/en\/wp-json\/wp\/v2\/product_brand?post=2064"},{"taxonomy":"product_cat","embeddable":true,"href":"https:\/\/tecplan.com.gt\/en\/wp-json\/wp\/v2\/product_cat?post=2064"},{"taxonomy":"product_tag","embeddable":true,"href":"https:\/\/tecplan.com.gt\/en\/wp-json\/wp\/v2\/product_tag?post=2064"}],"curies":[{"name":"wp","href":"https:\/\/api.w.org\/{rel}","templated":true}]}}