{"id":2113,"date":"2021-09-24T09:19:04","date_gmt":"2021-09-24T12:19:04","guid":{"rendered":"https:\/\/tecplan.com.gt\/?post_type=product&#038;p=2113"},"modified":"2024-01-29T15:45:23","modified_gmt":"2024-01-29T18:45:23","slug":"rb2011uias-in","status":"publish","type":"product","link":"https:\/\/tecplan.com.gt\/en\/product\/rb2011uias-in\/","title":{"rendered":"RB2011UiAS-IN"},"content":{"rendered":"<h1>RB2011UiAS-IN<\/h1>\n<p>The RB2011 is a low-cost, multi-port device designed for indoor use, and available in different presentations with a wide variety of options.<\/p>\n<p>The RB2011 is equipped with RouterOS, a fully-fledged operating system which has been constantly improved for 15 years. Dynamic router, hostpot, firewall, MPLS, VPN, advanced quality service, load balancing and bonding, real-time configuration and monitoring are some of our various advantages that RouterOS includes.<\/p>\n<p>RouterBOARD 2011UiAS-IN, compared with RB2011L series, not only has five Gigabit LAN ports and five Fast Ethernet LAN ports, but also has RJ45 serial ports, microUSB ports and more RAM (128MB instead of 64MB). Also, it has RouterOS Level 5 license (instead of Level 4), a slim LCD touchscreen for configuration.<\/p>\n<p>There is PoE output function on its #10 port \u2013 it is capable of powering other PoE devices that handle the same voltages as this unit. Maximum load capacity of 500mA.<\/p>\n<p>Tested and recommended for use with Mikrotik SFP modules: S-85DLC05D, S-31DLC20D and S-35\/53LC20D (not included).<\/p>\n<p>&nbsp;<\/p>\n<h1 id=\"spec\">Product specifications<\/h1>\n<table class=\"table product-table\">\n<thead>\n<tr>\n<th colspan=\"2\">DETAILS<\/th>\n<\/tr>\n<\/thead>\n<tbody>\n<tr>\n<td>Product code<\/td>\n<td>RB2011UiAS-IN<\/td>\n<\/tr>\n<tr>\n<td>10\/100 Ethernet ports<\/td>\n<td>5<\/td>\n<\/tr>\n<tr>\n<td>10\/100\/1000 Ethernet ports<\/td>\n<td>5<\/td>\n<\/tr>\n<tr>\n<td>CPU<\/td>\n<td>AR9344<\/td>\n<\/tr>\n<tr>\n<td>CPU core count<\/td>\n<td>1<\/td>\n<\/tr>\n<tr>\n<td>CPU nominal frequency<\/td>\n<td>600 MHz<\/td>\n<\/tr>\n<tr>\n<td>Dimensions<\/td>\n<td>214mm x 86mm for PCB<\/td>\n<\/tr>\n<tr>\n<td>License level<\/td>\n<td>5<\/td>\n<\/tr>\n<tr>\n<td>Number of USB ports<\/td>\n<td>1<\/td>\n<\/tr>\n<tr>\n<td>Operating System<\/td>\n<td>RouterOS<\/td>\n<\/tr>\n<tr>\n<td>PCB temperature monitor<\/td>\n<td>Yes<\/td>\n<\/tr>\n<tr>\n<td>PoE in<\/td>\n<td>Yes<\/td>\n<\/tr>\n<tr>\n<td>PoE out<\/td>\n<td>Yes<\/td>\n<\/tr>\n<tr>\n<td>Power Jack<\/td>\n<td>1<\/td>\n<\/tr>\n<tr>\n<td>SFP DDMI<\/td>\n<td>Yes<\/td>\n<\/tr>\n<tr>\n<td>SFP ports<\/td>\n<td>1<\/td>\n<\/tr>\n<tr>\n<td>Serial port<\/td>\n<td>RJ45<\/td>\n<\/tr>\n<tr>\n<td>Size of RAM<\/td>\n<td>128 MB<\/td>\n<\/tr>\n<tr>\n<td>Storage size<\/td>\n<td>128 MB<\/td>\n<\/tr>\n<tr>\n<td>Storage type<\/td>\n<td>NAND<\/td>\n<\/tr>\n<tr>\n<td>Supported input voltage<\/td>\n<td>8 V \u2013 30 V<\/td>\n<\/tr>\n<tr>\n<td>Tested ambient temperature<\/td>\n<td>-40C to 60C<\/td>\n<\/tr>\n<tr>\n<td>USB slot type<\/td>\n<td>microUSB type AB<\/td>\n<\/tr>\n<tr>\n<td>Voltage Monitor<\/td>\n<td>Yes<\/td>\n<\/tr>\n<\/tbody>\n<\/table>","protected":false},"excerpt":{"rendered":"<h1>RB2011UiAS-IN<\/h1>\n<p>The RB2011 is a low-cost, multi-port device designed for indoor use, and available in different presentations with a wide variety of options.<\/p>\n<p>The RB2011 is equipped with RouterOS, a fully-fledged operating system which has been constantly improved for 15 years. Dynamic router, hostpot, firewall, MPLS, VPN, advanced quality service, load balancing and bonding, real-time configuration and monitoring are some of our various advantages that RouterOS includes.<\/p>\n<p>RouterBOARD 2011UiAS-IN, compared with RB2011L series, not only has five Gigabit LAN ports and five Fast Ethernet LAN ports, but also has RJ45 serial ports, microUSB ports and more RAM (128MB instead of 64MB). Also, it has RouterOS Level 5 license (instead of Level 4), a slim LCD touchscreen for configuration.<\/p>\n<p>There is PoE output function on its #10 port \u2013 it is capable of powering other PoE devices that handle the same voltages as this unit. Maximum load capacity of 500mA.<\/p>\n<p>Tested and recommended for use with Mikrotik SFP modules: S-85DLC05D, S-31DLC20D and S-35\/53LC20D (not included).<\/p>","protected":false},"featured_media":6527,"comment_status":"open","ping_status":"closed","template":"","meta":{"site-sidebar-layout":"default","site-content-layout":"","ast-site-content-layout":"default","site-content-style":"default","site-sidebar-style":"default","ast-global-header-display":"","ast-banner-title-visibility":"","ast-main-header-display":"","ast-hfb-above-header-display":"","ast-hfb-below-header-display":"","ast-hfb-mobile-header-display":"","site-post-title":"","ast-breadcrumbs-content":"","ast-featured-img":"","footer-sml-layout":"","theme-transparent-header-meta":"default","adv-header-id-meta":"","stick-header-meta":"","header-above-stick-meta":"","header-main-stick-meta":"","header-below-stick-meta":"","astra-migrate-meta-layouts":"set","ast-page-background-enabled":"default","ast-page-background-meta":{"desktop":{"background-color":"var(--ast-global-color-4)","background-image":"","background-repeat":"repeat","background-position":"center center","background-size":"auto","background-attachment":"scroll","background-type":"","background-media":"","overlay-type":"","overlay-color":"","overlay-opacity":"","overlay-gradient":""},"tablet":{"background-color":"","background-image":"","background-repeat":"repeat","background-position":"center center","background-size":"auto","background-attachment":"scroll","background-type":"","background-media":"","overlay-type":"","overlay-color":"","overlay-opacity":"","overlay-gradient":""},"mobile":{"background-color":"","background-image":"","background-repeat":"repeat","background-position":"center center","background-size":"auto","background-attachment":"scroll","background-type":"","background-media":"","overlay-type":"","overlay-color":"","overlay-opacity":"","overlay-gradient":""}},"ast-content-background-meta":{"desktop":{"background-color":"var(--ast-global-color-5)","background-image":"","background-repeat":"repeat","background-position":"center center","background-size":"auto","background-attachment":"scroll","background-type":"","background-media":"","overlay-type":"","overlay-color":"","overlay-opacity":"","overlay-gradient":""},"tablet":{"background-color":"var(--ast-global-color-5)","background-image":"","background-repeat":"repeat","background-position":"center center","background-size":"auto","background-attachment":"scroll","background-type":"","background-media":"","overlay-type":"","overlay-color":"","overlay-opacity":"","overlay-gradient":""},"mobile":{"background-color":"var(--ast-global-color-5)","background-image":"","background-repeat":"repeat","background-position":"center center","background-size":"auto","background-attachment":"scroll","background-type":"","background-media":"","overlay-type":"","overlay-color":"","overlay-opacity":"","overlay-gradient":""}}},"product_brand":[],"product_cat":[35],"product_tag":[],"class_list":{"0":"post-2113","1":"product","2":"type-product","3":"status-publish","4":"has-post-thumbnail","6":"product_cat-mikrotik","7":"desktop-align-left","8":"tablet-align-left","9":"mobile-align-left","11":"first","12":"instock","13":"shipping-taxable","14":"product-type-simple"},"yoast_head":"<!-- This site is optimized with the Yoast SEO plugin v24.6 - https:\/\/yoast.com\/wordpress\/plugins\/seo\/ -->\n<title>RB2011UiAS-IN -<\/title>\n<meta name=\"robots\" content=\"index, follow, max-snippet:-1, max-image-preview:large, max-video-preview:-1\" \/>\n<link rel=\"canonical\" href=\"https:\/\/tecplan.com.gt\/en\/product\/rb2011uias-in\/\" \/>\n<meta property=\"og:locale\" content=\"en_US\" \/>\n<meta property=\"og:type\" content=\"article\" \/>\n<meta property=\"og:title\" content=\"RB2011UiAS-IN -\" \/>\n<meta property=\"og:description\" content=\"RB2011UiAS-IN El RB2011 es un dispositivo multi puerto de bajo costo. Dise\u00f1ado para uso en interiores, y disponible en diferentes presentaciones, con amplia variedad de opciones.  El RB2011 est\u00e1 equipado con RouterOS, un sistema operativo completamente desarrollado el cual ha sido constantemente mejorado durante 15 a\u00f1os. Ruteador din\u00e1mico, hostpot, firewall, MPLS, VPN, servicio avanzado de calidad, cargado de balance y vinculaci\u00f3n, configuraci\u00f3n y monitoreo en tiempo real, son algunos de nuestras varias ventajas que incluye RouterOS.  RouterBOARD 2011UiAS-IN, en comparaci\u00f3n con las series RB2011L, nosolo tiene cinco puertos LAN Gigabit y cinco puertos Fast Ethernet LAN, sino que, tambi\u00e9n tiene puertos seriales RJ45, puertos microUSB y m\u00e1s memoria RAM (128MB en lugar de 64MB). Tambi\u00e9n, tiene licencia RouterOS nivel 5 (en lugar de nivel 4), un fino touchscreen LCD para configuraci\u00f3n.  Hay funci\u00f3n para salida PoE en su puerto #10 \u2013 es capaz de alimentar otros dispositivos PoE que maneje los mismos voltajes que esta unidad. M\u00e1xima capacidad de carga de 500mA.  Testeado y recomendado para usar con los m\u00f3dulos SFP de Mikrotik:\u00a0S-85DLC05D, S-31DLC20D y S-35\/53LC20D (no incluidos).\" \/>\n<meta property=\"og:url\" content=\"https:\/\/tecplan.com.gt\/en\/product\/rb2011uias-in\/\" \/>\n<meta property=\"article:modified_time\" content=\"2024-01-29T18:45:23+00:00\" \/>\n<meta property=\"og:image\" content=\"https:\/\/tecplan.com.gt\/wp-content\/uploads\/2024\/01\/RB2011UiAS-IN-0555-04-scaled.jpg\" \/>\n\t<meta property=\"og:image:width\" content=\"1485\" \/>\n\t<meta property=\"og:image:height\" content=\"2560\" \/>\n\t<meta property=\"og:image:type\" content=\"image\/jpeg\" \/>\n<meta name=\"twitter:card\" content=\"summary_large_image\" \/>\n<meta name=\"twitter:label1\" content=\"Est. reading time\" \/>\n\t<meta name=\"twitter:data1\" content=\"2 minutes\" \/>\n<script type=\"application\/ld+json\" class=\"yoast-schema-graph\">{\"@context\":\"https:\/\/schema.org\",\"@graph\":[{\"@type\":\"WebPage\",\"@id\":\"https:\/\/tecplan.com.gt\/producto\/rb2011uias-in\/\",\"url\":\"https:\/\/tecplan.com.gt\/producto\/rb2011uias-in\/\",\"name\":\"RB2011UiAS-IN -\",\"isPartOf\":{\"@id\":\"https:\/\/tecplan.com.gt\/#website\"},\"primaryImageOfPage\":{\"@id\":\"https:\/\/tecplan.com.gt\/producto\/rb2011uias-in\/#primaryimage\"},\"image\":{\"@id\":\"https:\/\/tecplan.com.gt\/producto\/rb2011uias-in\/#primaryimage\"},\"thumbnailUrl\":\"\/wp-content\/uploads\/2024\/01\/RB2011UiAS-IN-0555-04-scaled.jpg\",\"datePublished\":\"2021-09-24T12:19:04+00:00\",\"dateModified\":\"2024-01-29T18:45:23+00:00\",\"breadcrumb\":{\"@id\":\"https:\/\/tecplan.com.gt\/producto\/rb2011uias-in\/#breadcrumb\"},\"inLanguage\":\"en-US\",\"potentialAction\":[{\"@type\":\"ReadAction\",\"target\":[\"https:\/\/tecplan.com.gt\/producto\/rb2011uias-in\/\"]}]},{\"@type\":\"ImageObject\",\"inLanguage\":\"en-US\",\"@id\":\"https:\/\/tecplan.com.gt\/producto\/rb2011uias-in\/#primaryimage\",\"url\":\"\/wp-content\/uploads\/2024\/01\/RB2011UiAS-IN-0555-04-scaled.jpg\",\"contentUrl\":\"\/wp-content\/uploads\/2024\/01\/RB2011UiAS-IN-0555-04-scaled.jpg\",\"width\":1485,\"height\":2560},{\"@type\":\"BreadcrumbList\",\"@id\":\"https:\/\/tecplan.com.gt\/producto\/rb2011uias-in\/#breadcrumb\",\"itemListElement\":[{\"@type\":\"ListItem\",\"position\":1,\"name\":\"Portada\",\"item\":\"https:\/\/tecplan.com.gt\/\"},{\"@type\":\"ListItem\",\"position\":2,\"name\":\"Productos\",\"item\":\"https:\/\/tecplan.com.gt\/shop\/\"},{\"@type\":\"ListItem\",\"position\":3,\"name\":\"RB2011UiAS-IN\"}]},{\"@type\":\"WebSite\",\"@id\":\"https:\/\/tecplan.com.gt\/#website\",\"url\":\"https:\/\/tecplan.com.gt\/\",\"name\":\"Tecplan Argentina\",\"description\":\"Tecnolog\u00edas y equipos de telecomunicaciones\",\"publisher\":{\"@id\":\"https:\/\/tecplan.com.gt\/#organization\"},\"potentialAction\":[{\"@type\":\"SearchAction\",\"target\":{\"@type\":\"EntryPoint\",\"urlTemplate\":\"https:\/\/tecplan.com.gt\/?s={search_term_string}\"},\"query-input\":{\"@type\":\"PropertyValueSpecification\",\"valueRequired\":true,\"valueName\":\"search_term_string\"}}],\"inLanguage\":\"en-US\"},{\"@type\":\"Organization\",\"@id\":\"https:\/\/tecplan.com.gt\/#organization\",\"name\":\"Tecplan Argentina\",\"url\":\"https:\/\/tecplan.com.gt\/\",\"logo\":{\"@type\":\"ImageObject\",\"inLanguage\":\"en-US\",\"@id\":\"https:\/\/tecplan.com.gt\/#\/schema\/logo\/image\/\",\"url\":\"\/wp-content\/uploads\/2023\/03\/logo-tecplan.gif\",\"contentUrl\":\"\/wp-content\/uploads\/2023\/03\/logo-tecplan.gif\",\"width\":1920,\"height\":486,\"caption\":\"Tecplan Argentina\"},\"image\":{\"@id\":\"https:\/\/tecplan.com.gt\/#\/schema\/logo\/image\/\"}}]}<\/script>\n<!-- \/ Yoast SEO plugin. -->","yoast_head_json":{"title":"RB2011UiAS-IN -","robots":{"index":"index","follow":"follow","max-snippet":"max-snippet:-1","max-image-preview":"max-image-preview:large","max-video-preview":"max-video-preview:-1"},"canonical":"https:\/\/tecplan.com.gt\/en\/product\/rb2011uias-in\/","og_locale":"en_US","og_type":"article","og_title":"RB2011UiAS-IN -","og_description":"RB2011UiAS-IN El RB2011 es un dispositivo multi puerto de bajo costo. Dise\u00f1ado para uso en interiores, y disponible en diferentes presentaciones, con amplia variedad de opciones.  El RB2011 est\u00e1 equipado con RouterOS, un sistema operativo completamente desarrollado el cual ha sido constantemente mejorado durante 15 a\u00f1os. Ruteador din\u00e1mico, hostpot, firewall, MPLS, VPN, servicio avanzado de calidad, cargado de balance y vinculaci\u00f3n, configuraci\u00f3n y monitoreo en tiempo real, son algunos de nuestras varias ventajas que incluye RouterOS.  RouterBOARD 2011UiAS-IN, en comparaci\u00f3n con las series RB2011L, nosolo tiene cinco puertos LAN Gigabit y cinco puertos Fast Ethernet LAN, sino que, tambi\u00e9n tiene puertos seriales RJ45, puertos microUSB y m\u00e1s memoria RAM (128MB en lugar de 64MB). Tambi\u00e9n, tiene licencia RouterOS nivel 5 (en lugar de nivel 4), un fino touchscreen LCD para configuraci\u00f3n.  Hay funci\u00f3n para salida PoE en su puerto #10 \u2013 es capaz de alimentar otros dispositivos PoE que maneje los mismos voltajes que esta unidad. M\u00e1xima capacidad de carga de 500mA.  Testeado y recomendado para usar con los m\u00f3dulos SFP de Mikrotik:\u00a0S-85DLC05D, S-31DLC20D y S-35\/53LC20D (no incluidos).","og_url":"https:\/\/tecplan.com.gt\/en\/product\/rb2011uias-in\/","article_modified_time":"2024-01-29T18:45:23+00:00","og_image":[{"width":1485,"height":2560,"url":"https:\/\/tecplan.com.gt\/wp-content\/uploads\/2024\/01\/RB2011UiAS-IN-0555-04-scaled.jpg","type":"image\/jpeg"}],"twitter_card":"summary_large_image","twitter_misc":{"Est. reading time":"2 minutes"},"schema":{"@context":"https:\/\/schema.org","@graph":[{"@type":"WebPage","@id":"https:\/\/tecplan.com.gt\/producto\/rb2011uias-in\/","url":"https:\/\/tecplan.com.gt\/producto\/rb2011uias-in\/","name":"RB2011UiAS-IN -","isPartOf":{"@id":"https:\/\/tecplan.com.gt\/#website"},"primaryImageOfPage":{"@id":"https:\/\/tecplan.com.gt\/producto\/rb2011uias-in\/#primaryimage"},"image":{"@id":"https:\/\/tecplan.com.gt\/producto\/rb2011uias-in\/#primaryimage"},"thumbnailUrl":"\/wp-content\/uploads\/2024\/01\/RB2011UiAS-IN-0555-04-scaled.jpg","datePublished":"2021-09-24T12:19:04+00:00","dateModified":"2024-01-29T18:45:23+00:00","breadcrumb":{"@id":"https:\/\/tecplan.com.gt\/producto\/rb2011uias-in\/#breadcrumb"},"inLanguage":"en-US","potentialAction":[{"@type":"ReadAction","target":["https:\/\/tecplan.com.gt\/producto\/rb2011uias-in\/"]}]},{"@type":"ImageObject","inLanguage":"en-US","@id":"https:\/\/tecplan.com.gt\/producto\/rb2011uias-in\/#primaryimage","url":"\/wp-content\/uploads\/2024\/01\/RB2011UiAS-IN-0555-04-scaled.jpg","contentUrl":"\/wp-content\/uploads\/2024\/01\/RB2011UiAS-IN-0555-04-scaled.jpg","width":1485,"height":2560},{"@type":"BreadcrumbList","@id":"https:\/\/tecplan.com.gt\/producto\/rb2011uias-in\/#breadcrumb","itemListElement":[{"@type":"ListItem","position":1,"name":"Portada","item":"https:\/\/tecplan.com.gt\/"},{"@type":"ListItem","position":2,"name":"Productos","item":"https:\/\/tecplan.com.gt\/shop\/"},{"@type":"ListItem","position":3,"name":"RB2011UiAS-IN"}]},{"@type":"WebSite","@id":"https:\/\/tecplan.com.gt\/#website","url":"https:\/\/tecplan.com.gt\/","name":"Tecplan Argentina","description":"Tecnolog\u00edas y equipos de telecomunicaciones","publisher":{"@id":"https:\/\/tecplan.com.gt\/#organization"},"potentialAction":[{"@type":"SearchAction","target":{"@type":"EntryPoint","urlTemplate":"https:\/\/tecplan.com.gt\/?s={search_term_string}"},"query-input":{"@type":"PropertyValueSpecification","valueRequired":true,"valueName":"search_term_string"}}],"inLanguage":"en-US"},{"@type":"Organization","@id":"https:\/\/tecplan.com.gt\/#organization","name":"Tecplan Argentina","url":"https:\/\/tecplan.com.gt\/","logo":{"@type":"ImageObject","inLanguage":"en-US","@id":"https:\/\/tecplan.com.gt\/#\/schema\/logo\/image\/","url":"\/wp-content\/uploads\/2023\/03\/logo-tecplan.gif","contentUrl":"\/wp-content\/uploads\/2023\/03\/logo-tecplan.gif","width":1920,"height":486,"caption":"Tecplan Argentina"},"image":{"@id":"https:\/\/tecplan.com.gt\/#\/schema\/logo\/image\/"}}]}},"_links":{"self":[{"href":"https:\/\/tecplan.com.gt\/en\/wp-json\/wp\/v2\/product\/2113"}],"collection":[{"href":"https:\/\/tecplan.com.gt\/en\/wp-json\/wp\/v2\/product"}],"about":[{"href":"https:\/\/tecplan.com.gt\/en\/wp-json\/wp\/v2\/types\/product"}],"replies":[{"embeddable":true,"href":"https:\/\/tecplan.com.gt\/en\/wp-json\/wp\/v2\/comments?post=2113"}],"version-history":[{"count":1,"href":"https:\/\/tecplan.com.gt\/en\/wp-json\/wp\/v2\/product\/2113\/revisions"}],"predecessor-version":[{"id":8989,"href":"https:\/\/tecplan.com.gt\/en\/wp-json\/wp\/v2\/product\/2113\/revisions\/8989"}],"wp:featuredmedia":[{"embeddable":true,"href":"https:\/\/tecplan.com.gt\/en\/wp-json\/wp\/v2\/media\/6527"}],"wp:attachment":[{"href":"https:\/\/tecplan.com.gt\/en\/wp-json\/wp\/v2\/media?parent=2113"}],"wp:term":[{"taxonomy":"product_brand","embeddable":true,"href":"https:\/\/tecplan.com.gt\/en\/wp-json\/wp\/v2\/product_brand?post=2113"},{"taxonomy":"product_cat","embeddable":true,"href":"https:\/\/tecplan.com.gt\/en\/wp-json\/wp\/v2\/product_cat?post=2113"},{"taxonomy":"product_tag","embeddable":true,"href":"https:\/\/tecplan.com.gt\/en\/wp-json\/wp\/v2\/product_tag?post=2113"}],"curies":[{"name":"wp","href":"https:\/\/api.w.org\/{rel}","templated":true}]}}