{"id":2118,"date":"2021-09-24T12:01:02","date_gmt":"2021-09-24T15:01:02","guid":{"rendered":"https:\/\/tecplan.com.gt\/?post_type=product&#038;p=2118"},"modified":"2023-03-17T09:31:42","modified_gmt":"2023-03-17T12:31:42","slug":"ccr2004-1g-12s2xs","status":"publish","type":"product","link":"https:\/\/tecplan.com.gt\/en\/product\/ccr2004-1g-12s2xs\/","title":{"rendered":"CCR2004-1G-12S+2XS"},"content":{"rendered":"<h1>CCR2004-1G-12S 2XS<\/h1>\n<p>&nbsp;<\/p>\n<p>La mentalidad de improvisar, adptarse y superar, puede ser muy \u00fatil, sin embargo, a veces solamente necesita un dispositivo que trabaje y resuelva el problema sin necesidad de pensar demasiado. El CCR2004-1G-12S 2XS hace exactamente eso. Olv\u00eddese de los problemas de conectividad y expanda su configuraci\u00f3n en cada aspecto que le plazca. Este router de mano cuenta con 12 puertos 10G SFP  y 2 puertos 25G SFP28.<\/p>\n<p>The CCR2004-1G-12S 2XS is our most powerful single-core router yet, delivering incredible single-tunnel performance (up to 3.4Gbps) and BGP feed processing.<\/p>\n<p>Be ready for anything \u2013 10G, 40G and now 25G! Paired with other MikroTik multiport products, such as the CRS317-1G-16S RM, CRS312-4C 8XG-RM and CRS326-24S 2Q RM, your network will know no limits. In terms of performance, the CCR2004-1G-12S 2XS is on par with the renowned CCR1009 and CCR1016 routers. Plus, with dual-redundant power supplies, you can forget about unexpected dropouts. With its elaborate port configuration, the new CCR2004-1G-12S 2XS is the perfect addition to any professional network arsenal. It will save you tons of time in tricky situations.<\/p>\n<p>RAM size in RouterOS v6 1792MB ECC \/ RouterOS v7 4GB ECC.<\/p>\n<div class=\"tabs-content\">\n<div id=\"specifications\" class=\"content active\"><\/div>\n<\/div>\n<h1 id=\"spec\">Product specifications<\/h1>\n<table class=\"table product-table\">\n<thead>\n<tr>\n<th colspan=\"2\">DETAILS<\/th>\n<\/tr>\n<\/thead>\n<tbody>\n<tr>\n<td>Product code<\/td>\n<td>CCR2004-1G-12S 2XS<\/td>\n<\/tr>\n<tr>\n<td>Architecture<\/td>\n<td>ARM 64bit<\/td>\n<\/tr>\n<tr>\n<td>CPU<\/td>\n<td>AL32400<\/td>\n<\/tr>\n<tr>\n<td>CPU core count<\/td>\n<td>4<\/td>\n<\/tr>\n<tr>\n<td>CPU nominal frequency<\/td>\n<td>1700 MHz<\/td>\n<\/tr>\n<tr>\n<td>Dimensions<\/td>\n<td>443 x 224 x 44 mm<\/td>\n<\/tr>\n<tr>\n<td>RouterOS license<\/td>\n<td>6<\/td>\n<\/tr>\n<tr>\n<td>Operating System<\/td>\n<td><a href=\"https:\/\/wiki.mikrotik.com\/wiki\/Manual:TOC\" target=\"_blank\" rel=\"noopener\">RouterOS<\/a><\/td>\n<\/tr>\n<tr>\n<td>Size of RAM<\/td>\n<td>4 GB<\/td>\n<\/tr>\n<tr>\n<td>Storage size<\/td>\n<td>128 MB<\/td>\n<\/tr>\n<tr>\n<td>Storage type<\/td>\n<td>NAND<\/td>\n<\/tr>\n<tr>\n<td>MTBF<\/td>\n<td>Approximately 200\u2019000 hours at 25C<\/td>\n<\/tr>\n<tr>\n<td>Tested ambient temperature<\/td>\n<td>-20\u00b0C to 60\u00b0C<\/td>\n<\/tr>\n<tr>\n<td>IPsec hardware acceleration<\/td>\n<td>Yes<\/td>\n<\/tr>\n<\/tbody>\n<\/table>\n<div class=\"clearfix\"><\/div>\n<h1 id=\"spec\">Feeding<\/h1>\n<table class=\"table product-table\">\n<thead>\n<tr>\n<th colspan=\"2\">DETAILS<\/th>\n<\/tr>\n<\/thead>\n<tbody>\n<tr>\n<td>Number of AC inputs<\/td>\n<td>2<\/td>\n<\/tr>\n<tr>\n<td>AC input range<\/td>\n<td>100-240<\/td>\n<\/tr>\n<tr>\n<td>Max power consumption<\/td>\n<td>49 W<\/td>\n<\/tr>\n<tr>\n<td>Max power consumption without attachments<\/td>\n<td>32 W<\/td>\n<\/tr>\n<tr>\n<td>FAN count<\/td>\n<td>2<\/td>\n<\/tr>\n<\/tbody>\n<\/table>\n<div class=\"clearfix\"><\/div>\n<h1 id=\"spec\">Ethernet<\/h1>\n<table class=\"table product-table\">\n<thead>\n<tr>\n<th colspan=\"2\">DETAILS<\/th>\n<\/tr>\n<\/thead>\n<tbody>\n<tr>\n<td>10\/100\/1000 Ethernet ports<\/td>\n<td>1<\/td>\n<\/tr>\n<\/tbody>\n<\/table>\n<div class=\"clearfix\"><\/div>\n<h1 id=\"spec\">Fiber<\/h1>\n<table class=\"table product-table\">\n<thead>\n<tr>\n<th colspan=\"2\">DETAILS<\/th>\n<\/tr>\n<\/thead>\n<tbody>\n<tr>\n<td>SFP  ports<\/td>\n<td>12<\/td>\n<\/tr>\n<tr>\n<td>Number of 25G SFP28 ports<\/td>\n<td>2<\/td>\n<\/tr>\n<\/tbody>\n<\/table>\n<div class=\"clearfix\"><\/div>\n<h1 id=\"spec\">Peripherals<\/h1>\n<table class=\"table product-table\">\n<thead>\n<tr>\n<th colspan=\"2\">DETAILS<\/th>\n<\/tr>\n<\/thead>\n<tbody>\n<tr>\n<td>Serial console port<\/td>\n<td>RJ45<\/td>\n<\/tr>\n<\/tbody>\n<\/table>\n<div class=\"clearfix\"><\/div>\n<h1 id=\"spec\">Others<\/h1>\n<table class=\"table product-table\">\n<thead>\n<tr>\n<th colspan=\"2\">DETAILS<\/th>\n<\/tr>\n<\/thead>\n<tbody>\n<tr>\n<td>CPU temperature monitor<\/td>\n<td>Yes<\/td>\n<\/tr>\n<tr>\n<td>PCB temperature monitor<\/td>\n<td>Yes<\/td>\n<\/tr>\n<tr>\n<td>Voltage Monitor<\/td>\n<td>Yes<\/td>\n<\/tr>\n<\/tbody>\n<\/table>","protected":false},"excerpt":{"rendered":"<p>El enrutador de conectividad, su mejor compa\u00f1ero en lo que respecta a la gesti\u00f3n SFP, SFP  y SFP28. Puertos de 1, 10 y 25 Ggbps en un solo dispositivo para hacer su vida m\u00e1s sencilla.<\/p>","protected":false},"featured_media":2119,"comment_status":"open","ping_status":"closed","template":"","meta":{"site-sidebar-layout":"default","site-content-layout":"","ast-site-content-layout":"","site-content-style":"default","site-sidebar-style":"default","ast-global-header-display":"","ast-banner-title-visibility":"","ast-main-header-display":"","ast-hfb-above-header-display":"","ast-hfb-below-header-display":"","ast-hfb-mobile-header-display":"","site-post-title":"","ast-breadcrumbs-content":"","ast-featured-img":"","footer-sml-layout":"","theme-transparent-header-meta":"","adv-header-id-meta":"","stick-header-meta":"","header-above-stick-meta":"","header-main-stick-meta":"","header-below-stick-meta":"","astra-migrate-meta-layouts":"default","ast-page-background-enabled":"default","ast-page-background-meta":{"desktop":{"background-color":"var(--ast-global-color-4)","background-image":"","background-repeat":"repeat","background-position":"center center","background-size":"auto","background-attachment":"scroll","background-type":"","background-media":"","overlay-type":"","overlay-color":"","overlay-opacity":"","overlay-gradient":""},"tablet":{"background-color":"","background-image":"","background-repeat":"repeat","background-position":"center center","background-size":"auto","background-attachment":"scroll","background-type":"","background-media":"","overlay-type":"","overlay-color":"","overlay-opacity":"","overlay-gradient":""},"mobile":{"background-color":"","background-image":"","background-repeat":"repeat","background-position":"center center","background-size":"auto","background-attachment":"scroll","background-type":"","background-media":"","overlay-type":"","overlay-color":"","overlay-opacity":"","overlay-gradient":""}},"ast-content-background-meta":{"desktop":{"background-color":"var(--ast-global-color-5)","background-image":"","background-repeat":"repeat","background-position":"center center","background-size":"auto","background-attachment":"scroll","background-type":"","background-media":"","overlay-type":"","overlay-color":"","overlay-opacity":"","overlay-gradient":""},"tablet":{"background-color":"var(--ast-global-color-5)","background-image":"","background-repeat":"repeat","background-position":"center center","background-size":"auto","background-attachment":"scroll","background-type":"","background-media":"","overlay-type":"","overlay-color":"","overlay-opacity":"","overlay-gradient":""},"mobile":{"background-color":"var(--ast-global-color-5)","background-image":"","background-repeat":"repeat","background-position":"center center","background-size":"auto","background-attachment":"scroll","background-type":"","background-media":"","overlay-type":"","overlay-color":"","overlay-opacity":"","overlay-gradient":""}}},"product_brand":[],"product_cat":[35],"product_tag":[],"class_list":{"0":"post-2118","1":"product","2":"type-product","3":"status-publish","4":"has-post-thumbnail","6":"product_cat-mikrotik","7":"desktop-align-left","8":"tablet-align-left","9":"mobile-align-left","11":"first","12":"instock","13":"shipping-taxable","14":"product-type-simple"},"yoast_head":"<!-- This site is optimized with the Yoast SEO plugin v24.6 - https:\/\/yoast.com\/wordpress\/plugins\/seo\/ -->\n<title>CCR2004-1G-12S+2XS -<\/title>\n<meta name=\"robots\" content=\"index, follow, max-snippet:-1, max-image-preview:large, max-video-preview:-1\" \/>\n<link rel=\"canonical\" href=\"https:\/\/tecplan.com.gt\/en\/product\/ccr2004-1g-12s2xs\/\" \/>\n<meta property=\"og:locale\" content=\"en_US\" \/>\n<meta property=\"og:type\" content=\"article\" \/>\n<meta property=\"og:title\" content=\"CCR2004-1G-12S+2XS -\" \/>\n<meta property=\"og:description\" content=\"El enrutador de conectividad, su mejor compa\u00f1ero en lo que respecta a la gesti\u00f3n SFP, SFP y SFP28. Puertos de 1, 10 y 25 Ggbps en un solo dispositivo para hacer su vida m\u00e1s sencilla.\" \/>\n<meta property=\"og:url\" content=\"https:\/\/tecplan.com.gt\/en\/product\/ccr2004-1g-12s2xs\/\" \/>\n<meta property=\"article:modified_time\" content=\"2023-03-17T12:31:42+00:00\" \/>\n<meta property=\"og:image\" content=\"https:\/\/tecplan.com.gt\/wp-content\/uploads\/2023\/03\/InkedCCR2004-1G-12S2XS-1_LI.jpg\" \/>\n\t<meta property=\"og:image:width\" content=\"500\" \/>\n\t<meta property=\"og:image:height\" content=\"627\" \/>\n\t<meta property=\"og:image:type\" content=\"image\/jpeg\" \/>\n<meta name=\"twitter:card\" content=\"summary_large_image\" \/>\n<meta name=\"twitter:label1\" content=\"Est. reading time\" \/>\n\t<meta name=\"twitter:data1\" content=\"2 minutes\" \/>\n<script type=\"application\/ld+json\" class=\"yoast-schema-graph\">{\"@context\":\"https:\/\/schema.org\",\"@graph\":[{\"@type\":\"WebPage\",\"@id\":\"https:\/\/tecplan.com.gt\/producto\/ccr2004-1g-12s2xs\/\",\"url\":\"https:\/\/tecplan.com.gt\/producto\/ccr2004-1g-12s2xs\/\",\"name\":\"CCR2004-1G-12S+2XS -\",\"isPartOf\":{\"@id\":\"https:\/\/tecplan.com.gt\/#website\"},\"primaryImageOfPage\":{\"@id\":\"https:\/\/tecplan.com.gt\/producto\/ccr2004-1g-12s2xs\/#primaryimage\"},\"image\":{\"@id\":\"https:\/\/tecplan.com.gt\/producto\/ccr2004-1g-12s2xs\/#primaryimage\"},\"thumbnailUrl\":\"\/wp-content\/uploads\/2023\/03\/InkedCCR2004-1G-12S2XS-1_LI.jpg\",\"datePublished\":\"2021-09-24T15:01:02+00:00\",\"dateModified\":\"2023-03-17T12:31:42+00:00\",\"breadcrumb\":{\"@id\":\"https:\/\/tecplan.com.gt\/producto\/ccr2004-1g-12s2xs\/#breadcrumb\"},\"inLanguage\":\"en-US\",\"potentialAction\":[{\"@type\":\"ReadAction\",\"target\":[\"https:\/\/tecplan.com.gt\/producto\/ccr2004-1g-12s2xs\/\"]}]},{\"@type\":\"ImageObject\",\"inLanguage\":\"en-US\",\"@id\":\"https:\/\/tecplan.com.gt\/producto\/ccr2004-1g-12s2xs\/#primaryimage\",\"url\":\"\/wp-content\/uploads\/2023\/03\/InkedCCR2004-1G-12S2XS-1_LI.jpg\",\"contentUrl\":\"\/wp-content\/uploads\/2023\/03\/InkedCCR2004-1G-12S2XS-1_LI.jpg\",\"width\":500,\"height\":627},{\"@type\":\"BreadcrumbList\",\"@id\":\"https:\/\/tecplan.com.gt\/producto\/ccr2004-1g-12s2xs\/#breadcrumb\",\"itemListElement\":[{\"@type\":\"ListItem\",\"position\":1,\"name\":\"Portada\",\"item\":\"https:\/\/tecplan.com.gt\/\"},{\"@type\":\"ListItem\",\"position\":2,\"name\":\"Productos\",\"item\":\"https:\/\/tecplan.com.gt\/shop\/\"},{\"@type\":\"ListItem\",\"position\":3,\"name\":\"CCR2004-1G-12S+2XS\"}]},{\"@type\":\"WebSite\",\"@id\":\"https:\/\/tecplan.com.gt\/#website\",\"url\":\"https:\/\/tecplan.com.gt\/\",\"name\":\"Tecplan Argentina\",\"description\":\"Tecnolog\u00edas y equipos de telecomunicaciones\",\"publisher\":{\"@id\":\"https:\/\/tecplan.com.gt\/#organization\"},\"potentialAction\":[{\"@type\":\"SearchAction\",\"target\":{\"@type\":\"EntryPoint\",\"urlTemplate\":\"https:\/\/tecplan.com.gt\/?s={search_term_string}\"},\"query-input\":{\"@type\":\"PropertyValueSpecification\",\"valueRequired\":true,\"valueName\":\"search_term_string\"}}],\"inLanguage\":\"en-US\"},{\"@type\":\"Organization\",\"@id\":\"https:\/\/tecplan.com.gt\/#organization\",\"name\":\"Tecplan Argentina\",\"url\":\"https:\/\/tecplan.com.gt\/\",\"logo\":{\"@type\":\"ImageObject\",\"inLanguage\":\"en-US\",\"@id\":\"https:\/\/tecplan.com.gt\/#\/schema\/logo\/image\/\",\"url\":\"\/wp-content\/uploads\/2023\/03\/logo-tecplan.gif\",\"contentUrl\":\"\/wp-content\/uploads\/2023\/03\/logo-tecplan.gif\",\"width\":1920,\"height\":486,\"caption\":\"Tecplan Argentina\"},\"image\":{\"@id\":\"https:\/\/tecplan.com.gt\/#\/schema\/logo\/image\/\"}}]}<\/script>\n<!-- \/ Yoast SEO plugin. -->","yoast_head_json":{"title":"CCR2004-1G-12S+2XS -","robots":{"index":"index","follow":"follow","max-snippet":"max-snippet:-1","max-image-preview":"max-image-preview:large","max-video-preview":"max-video-preview:-1"},"canonical":"https:\/\/tecplan.com.gt\/en\/product\/ccr2004-1g-12s2xs\/","og_locale":"en_US","og_type":"article","og_title":"CCR2004-1G-12S+2XS -","og_description":"El enrutador de conectividad, su mejor compa\u00f1ero en lo que respecta a la gesti\u00f3n SFP, SFP y SFP28. Puertos de 1, 10 y 25 Ggbps en un solo dispositivo para hacer su vida m\u00e1s sencilla.","og_url":"https:\/\/tecplan.com.gt\/en\/product\/ccr2004-1g-12s2xs\/","article_modified_time":"2023-03-17T12:31:42+00:00","og_image":[{"width":500,"height":627,"url":"https:\/\/tecplan.com.gt\/wp-content\/uploads\/2023\/03\/InkedCCR2004-1G-12S2XS-1_LI.jpg","type":"image\/jpeg"}],"twitter_card":"summary_large_image","twitter_misc":{"Est. reading time":"2 minutes"},"schema":{"@context":"https:\/\/schema.org","@graph":[{"@type":"WebPage","@id":"https:\/\/tecplan.com.gt\/producto\/ccr2004-1g-12s2xs\/","url":"https:\/\/tecplan.com.gt\/producto\/ccr2004-1g-12s2xs\/","name":"CCR2004-1G-12S+2XS -","isPartOf":{"@id":"https:\/\/tecplan.com.gt\/#website"},"primaryImageOfPage":{"@id":"https:\/\/tecplan.com.gt\/producto\/ccr2004-1g-12s2xs\/#primaryimage"},"image":{"@id":"https:\/\/tecplan.com.gt\/producto\/ccr2004-1g-12s2xs\/#primaryimage"},"thumbnailUrl":"\/wp-content\/uploads\/2023\/03\/InkedCCR2004-1G-12S2XS-1_LI.jpg","datePublished":"2021-09-24T15:01:02+00:00","dateModified":"2023-03-17T12:31:42+00:00","breadcrumb":{"@id":"https:\/\/tecplan.com.gt\/producto\/ccr2004-1g-12s2xs\/#breadcrumb"},"inLanguage":"en-US","potentialAction":[{"@type":"ReadAction","target":["https:\/\/tecplan.com.gt\/producto\/ccr2004-1g-12s2xs\/"]}]},{"@type":"ImageObject","inLanguage":"en-US","@id":"https:\/\/tecplan.com.gt\/producto\/ccr2004-1g-12s2xs\/#primaryimage","url":"\/wp-content\/uploads\/2023\/03\/InkedCCR2004-1G-12S2XS-1_LI.jpg","contentUrl":"\/wp-content\/uploads\/2023\/03\/InkedCCR2004-1G-12S2XS-1_LI.jpg","width":500,"height":627},{"@type":"BreadcrumbList","@id":"https:\/\/tecplan.com.gt\/producto\/ccr2004-1g-12s2xs\/#breadcrumb","itemListElement":[{"@type":"ListItem","position":1,"name":"Portada","item":"https:\/\/tecplan.com.gt\/"},{"@type":"ListItem","position":2,"name":"Productos","item":"https:\/\/tecplan.com.gt\/shop\/"},{"@type":"ListItem","position":3,"name":"CCR2004-1G-12S+2XS"}]},{"@type":"WebSite","@id":"https:\/\/tecplan.com.gt\/#website","url":"https:\/\/tecplan.com.gt\/","name":"Tecplan Argentina","description":"Tecnolog\u00edas y equipos de telecomunicaciones","publisher":{"@id":"https:\/\/tecplan.com.gt\/#organization"},"potentialAction":[{"@type":"SearchAction","target":{"@type":"EntryPoint","urlTemplate":"https:\/\/tecplan.com.gt\/?s={search_term_string}"},"query-input":{"@type":"PropertyValueSpecification","valueRequired":true,"valueName":"search_term_string"}}],"inLanguage":"en-US"},{"@type":"Organization","@id":"https:\/\/tecplan.com.gt\/#organization","name":"Tecplan Argentina","url":"https:\/\/tecplan.com.gt\/","logo":{"@type":"ImageObject","inLanguage":"en-US","@id":"https:\/\/tecplan.com.gt\/#\/schema\/logo\/image\/","url":"\/wp-content\/uploads\/2023\/03\/logo-tecplan.gif","contentUrl":"\/wp-content\/uploads\/2023\/03\/logo-tecplan.gif","width":1920,"height":486,"caption":"Tecplan Argentina"},"image":{"@id":"https:\/\/tecplan.com.gt\/#\/schema\/logo\/image\/"}}]}},"_links":{"self":[{"href":"https:\/\/tecplan.com.gt\/en\/wp-json\/wp\/v2\/product\/2118"}],"collection":[{"href":"https:\/\/tecplan.com.gt\/en\/wp-json\/wp\/v2\/product"}],"about":[{"href":"https:\/\/tecplan.com.gt\/en\/wp-json\/wp\/v2\/types\/product"}],"replies":[{"embeddable":true,"href":"https:\/\/tecplan.com.gt\/en\/wp-json\/wp\/v2\/comments?post=2118"}],"version-history":[{"count":1,"href":"https:\/\/tecplan.com.gt\/en\/wp-json\/wp\/v2\/product\/2118\/revisions"}],"predecessor-version":[{"id":8987,"href":"https:\/\/tecplan.com.gt\/en\/wp-json\/wp\/v2\/product\/2118\/revisions\/8987"}],"wp:featuredmedia":[{"embeddable":true,"href":"https:\/\/tecplan.com.gt\/en\/wp-json\/wp\/v2\/media\/2119"}],"wp:attachment":[{"href":"https:\/\/tecplan.com.gt\/en\/wp-json\/wp\/v2\/media?parent=2118"}],"wp:term":[{"taxonomy":"product_brand","embeddable":true,"href":"https:\/\/tecplan.com.gt\/en\/wp-json\/wp\/v2\/product_brand?post=2118"},{"taxonomy":"product_cat","embeddable":true,"href":"https:\/\/tecplan.com.gt\/en\/wp-json\/wp\/v2\/product_cat?post=2118"},{"taxonomy":"product_tag","embeddable":true,"href":"https:\/\/tecplan.com.gt\/en\/wp-json\/wp\/v2\/product_tag?post=2118"}],"curies":[{"name":"wp","href":"https:\/\/api.w.org\/{rel}","templated":true}]}}