{"id":2128,"date":"2021-09-24T12:14:02","date_gmt":"2021-09-24T15:14:02","guid":{"rendered":"https:\/\/tecplan.com.gt\/?post_type=product&#038;p=2128"},"modified":"2023-03-17T09:31:46","modified_gmt":"2023-03-17T12:31:46","slug":"rb2011uias-2hnd-in","status":"publish","type":"product","link":"https:\/\/tecplan.com.gt\/en\/product\/rb2011uias-2hnd-in\/","title":{"rendered":"RB2011UiAS-2HnD-IN"},"content":{"rendered":"<h1>RB2011UiAS-2HnD-IN<\/h1>\n<p>The RB2011Ui series is a low-cost multi-port device. Designed for indoor use, and available in different enclosures with a multitude of options.<\/p>\n<p>The RB2011 is powered by RouterOS, a fully featured operating system that has been continuously improved for fifteen years. Dynamic routing, hotspot, firewall, MPLS, VPN, advanced quality of service, load balancing and bonding, real-time configuration and monitoring are just some of the vast features of RouterOS.<\/p>\n<p>RouterBOARD 2011UiAS-2HnD tiene la mayor\u00eda de las caracter\u00edsticas e interfaces de todos nuestros routers inal\u00e1mbricos. Est\u00e1 dotado del nuevo procesador de red Atheros 600MHz 74K MIPS, tiene una memoria RAM 128Mb, cinco puertos LAN, cinco puertos LAN Fast Ethernet y caja SFP (m\u00f3dulo SFP no incluido!). Tambi\u00e9n, cuenta con potentes AP inal\u00e1mbricos 802.11bgn de 1000mW dual chain 2.4Ghz, puerto serial RJ45, puerto micro USB, y una licencia RouterOS nivel 5, as\u00ed como una caja de sobremesa con fuente de alimentaci\u00f3n, dos antenas 4dBi Omni y un panel LCD.<\/p>\n<p>Tested and recommended for use with Mikrotik SFP modules: S-85DLC05D, S-31DLC20D and S-35\/53LC20D (not included)<\/p>\n<p>The RouterBOARD 2011UAS-2HnD-IN comes with a desktop case, LCD panel and power supply.<\/p>\n<p>The RB2011Ui also has a passive PoE output on its last port. This means that you can power another device just by connecting it with a regular Ethernet cable.<\/p>\n<p>&nbsp;<\/p>\n<p>&nbsp;<\/p>\n<div class=\"clearfix\"><\/div>\n<div><\/div>\n<h1 id=\"spec\">Product specifications<\/h1>\n<table class=\"table product-table\">\n<thead>\n<tr>\n<th colspan=\"2\">DETAILS<\/th>\n<\/tr>\n<\/thead>\n<tbody>\n<tr>\n<td>Product code<\/td>\n<td>RB2011UiAS-2HnD-IN<\/td>\n<\/tr>\n<tr>\n<td>10\/100 Ethernet ports<\/td>\n<td>5<\/td>\n<\/tr>\n<tr>\n<td>10\/100\/1000 Ethernet ports<\/td>\n<td>5<\/td>\n<\/tr>\n<tr>\n<td>802.11a<\/td>\n<td>Yes<\/td>\n<\/tr>\n<tr>\n<td>802.11b<\/td>\n<td>Yes<\/td>\n<\/tr>\n<tr>\n<td>802.11g<\/td>\n<td>Yes<\/td>\n<\/tr>\n<tr>\n<td>802.11n<\/td>\n<td>Yes<\/td>\n<\/tr>\n<tr>\n<td>Antenna gain<\/td>\n<td>4<\/td>\n<\/tr>\n<tr>\n<td>CPU<\/td>\n<td>AR9344<\/td>\n<\/tr>\n<tr>\n<td>CPU core count<\/td>\n<td>1<\/td>\n<\/tr>\n<tr>\n<td>CPU nominal frequency<\/td>\n<td>600 MHz<\/td>\n<\/tr>\n<tr>\n<td>Dimensions<\/td>\n<td>214mm x 86mm for PCB<\/td>\n<\/tr>\n<tr>\n<td>License level<\/td>\n<td>5<\/td>\n<\/tr>\n<tr>\n<td>Max Power consumption<\/td>\n<td>11W<\/td>\n<\/tr>\n<tr>\n<td>Number of USB ports<\/td>\n<td>1<\/td>\n<\/tr>\n<tr>\n<td>Number of chains<\/td>\n<td>2<\/td>\n<\/tr>\n<tr>\n<td>Operating System<\/td>\n<td>RouterOS<\/td>\n<\/tr>\n<tr>\n<td>PCB temperature monitor<\/td>\n<td>Yes<\/td>\n<\/tr>\n<tr>\n<td>PoE in<\/td>\n<td>Yes<\/td>\n<\/tr>\n<tr>\n<td>PoE out<\/td>\n<td>Yes<\/td>\n<\/tr>\n<tr>\n<td>Power Jack<\/td>\n<td>1<\/td>\n<\/tr>\n<tr>\n<td>SFP DDMI<\/td>\n<td>Yes<\/td>\n<\/tr>\n<tr>\n<td>SFP ports<\/td>\n<td>1<\/td>\n<\/tr>\n<tr>\n<td>Serial port<\/td>\n<td>RJ45<\/td>\n<\/tr>\n<tr>\n<td>Size of RAM<\/td>\n<td>128 MB<\/td>\n<\/tr>\n<tr>\n<td>Storage size<\/td>\n<td>128 MB<\/td>\n<\/tr>\n<tr>\n<td>Storage type<\/td>\n<td>NAND<\/td>\n<\/tr>\n<tr>\n<td>Supported input voltage<\/td>\n<td>8 V \u2013 30 V<\/td>\n<\/tr>\n<tr>\n<td>Tested ambient temperature<\/td>\n<td>-35C to  65C<\/td>\n<\/tr>\n<tr>\n<td>USB Power Reset<\/td>\n<td>Yes<\/td>\n<\/tr>\n<tr>\n<td>USB slot type<\/td>\n<td>microUSB type AB<\/td>\n<\/tr>\n<tr>\n<td>Voltage Monitor<\/td>\n<td>Yes<\/td>\n<\/tr>\n<tr>\n<td>Wireless chip model<\/td>\n<td>AR9344<\/td>\n<\/tr>\n<tr>\n<td>Wireless standards<\/td>\n<td>802.11b\/g\/n<\/td>\n<\/tr>\n<\/tbody>\n<\/table>","protected":false},"excerpt":{"rendered":"<p>The RB2011Ui series is a low-cost multi-port device. Designed for indoor use, and available in different enclosures with a multitude of options.<\/p>","protected":false},"featured_media":2129,"comment_status":"open","ping_status":"closed","template":"","meta":{"site-sidebar-layout":"default","site-content-layout":"","ast-site-content-layout":"","site-content-style":"default","site-sidebar-style":"default","ast-global-header-display":"","ast-banner-title-visibility":"","ast-main-header-display":"","ast-hfb-above-header-display":"","ast-hfb-below-header-display":"","ast-hfb-mobile-header-display":"","site-post-title":"","ast-breadcrumbs-content":"","ast-featured-img":"","footer-sml-layout":"","theme-transparent-header-meta":"","adv-header-id-meta":"","stick-header-meta":"","header-above-stick-meta":"","header-main-stick-meta":"","header-below-stick-meta":"","astra-migrate-meta-layouts":"default","ast-page-background-enabled":"default","ast-page-background-meta":{"desktop":{"background-color":"var(--ast-global-color-4)","background-image":"","background-repeat":"repeat","background-position":"center center","background-size":"auto","background-attachment":"scroll","background-type":"","background-media":"","overlay-type":"","overlay-color":"","overlay-opacity":"","overlay-gradient":""},"tablet":{"background-color":"","background-image":"","background-repeat":"repeat","background-position":"center center","background-size":"auto","background-attachment":"scroll","background-type":"","background-media":"","overlay-type":"","overlay-color":"","overlay-opacity":"","overlay-gradient":""},"mobile":{"background-color":"","background-image":"","background-repeat":"repeat","background-position":"center center","background-size":"auto","background-attachment":"scroll","background-type":"","background-media":"","overlay-type":"","overlay-color":"","overlay-opacity":"","overlay-gradient":""}},"ast-content-background-meta":{"desktop":{"background-color":"var(--ast-global-color-5)","background-image":"","background-repeat":"repeat","background-position":"center center","background-size":"auto","background-attachment":"scroll","background-type":"","background-media":"","overlay-type":"","overlay-color":"","overlay-opacity":"","overlay-gradient":""},"tablet":{"background-color":"var(--ast-global-color-5)","background-image":"","background-repeat":"repeat","background-position":"center center","background-size":"auto","background-attachment":"scroll","background-type":"","background-media":"","overlay-type":"","overlay-color":"","overlay-opacity":"","overlay-gradient":""},"mobile":{"background-color":"var(--ast-global-color-5)","background-image":"","background-repeat":"repeat","background-position":"center center","background-size":"auto","background-attachment":"scroll","background-type":"","background-media":"","overlay-type":"","overlay-color":"","overlay-opacity":"","overlay-gradient":""}}},"product_brand":[],"product_cat":[35],"product_tag":[],"class_list":{"0":"post-2128","1":"product","2":"type-product","3":"status-publish","4":"has-post-thumbnail","6":"product_cat-mikrotik","7":"desktop-align-left","8":"tablet-align-left","9":"mobile-align-left","11":"first","12":"instock","13":"shipping-taxable","14":"product-type-simple"},"yoast_head":"<!-- This site is optimized with the Yoast SEO plugin v24.6 - https:\/\/yoast.com\/wordpress\/plugins\/seo\/ -->\n<title>RB2011UiAS-2HnD-IN -<\/title>\n<meta name=\"robots\" content=\"index, follow, max-snippet:-1, max-image-preview:large, max-video-preview:-1\" \/>\n<link rel=\"canonical\" href=\"https:\/\/tecplan.com.gt\/en\/product\/rb2011uias-2hnd-in\/\" \/>\n<meta property=\"og:locale\" content=\"en_US\" \/>\n<meta property=\"og:type\" content=\"article\" \/>\n<meta property=\"og:title\" content=\"RB2011UiAS-2HnD-IN -\" \/>\n<meta property=\"og:description\" content=\"La serie RB2011Ui es un dispositivo multipuerto de bajo costo. Dise\u00f1ado para uso en interiores, y disponible en diferentes cajas, con multitud de opciones.\" \/>\n<meta property=\"og:url\" content=\"https:\/\/tecplan.com.gt\/en\/product\/rb2011uias-2hnd-in\/\" \/>\n<meta property=\"article:modified_time\" content=\"2023-03-17T12:31:46+00:00\" \/>\n<meta property=\"og:image\" content=\"https:\/\/tecplan.com.gt\/wp-content\/uploads\/2023\/03\/InkedRB2011UiAS-2HnD-IN-1_LI.jpg\" \/>\n\t<meta property=\"og:image:width\" content=\"500\" \/>\n\t<meta property=\"og:image:height\" content=\"627\" \/>\n\t<meta property=\"og:image:type\" content=\"image\/jpeg\" \/>\n<meta name=\"twitter:card\" content=\"summary_large_image\" \/>\n<meta name=\"twitter:label1\" content=\"Est. reading time\" \/>\n\t<meta name=\"twitter:data1\" content=\"2 minutes\" \/>\n<script type=\"application\/ld+json\" class=\"yoast-schema-graph\">{\"@context\":\"https:\/\/schema.org\",\"@graph\":[{\"@type\":\"WebPage\",\"@id\":\"https:\/\/tecplan.com.gt\/producto\/rb2011uias-2hnd-in\/\",\"url\":\"https:\/\/tecplan.com.gt\/producto\/rb2011uias-2hnd-in\/\",\"name\":\"RB2011UiAS-2HnD-IN -\",\"isPartOf\":{\"@id\":\"https:\/\/tecplan.com.gt\/#website\"},\"primaryImageOfPage\":{\"@id\":\"https:\/\/tecplan.com.gt\/producto\/rb2011uias-2hnd-in\/#primaryimage\"},\"image\":{\"@id\":\"https:\/\/tecplan.com.gt\/producto\/rb2011uias-2hnd-in\/#primaryimage\"},\"thumbnailUrl\":\"\/wp-content\/uploads\/2023\/03\/InkedRB2011UiAS-2HnD-IN-1_LI.jpg\",\"datePublished\":\"2021-09-24T15:14:02+00:00\",\"dateModified\":\"2023-03-17T12:31:46+00:00\",\"breadcrumb\":{\"@id\":\"https:\/\/tecplan.com.gt\/producto\/rb2011uias-2hnd-in\/#breadcrumb\"},\"inLanguage\":\"en-US\",\"potentialAction\":[{\"@type\":\"ReadAction\",\"target\":[\"https:\/\/tecplan.com.gt\/producto\/rb2011uias-2hnd-in\/\"]}]},{\"@type\":\"ImageObject\",\"inLanguage\":\"en-US\",\"@id\":\"https:\/\/tecplan.com.gt\/producto\/rb2011uias-2hnd-in\/#primaryimage\",\"url\":\"\/wp-content\/uploads\/2023\/03\/InkedRB2011UiAS-2HnD-IN-1_LI.jpg\",\"contentUrl\":\"\/wp-content\/uploads\/2023\/03\/InkedRB2011UiAS-2HnD-IN-1_LI.jpg\",\"width\":500,\"height\":627},{\"@type\":\"BreadcrumbList\",\"@id\":\"https:\/\/tecplan.com.gt\/producto\/rb2011uias-2hnd-in\/#breadcrumb\",\"itemListElement\":[{\"@type\":\"ListItem\",\"position\":1,\"name\":\"Portada\",\"item\":\"https:\/\/tecplan.com.gt\/\"},{\"@type\":\"ListItem\",\"position\":2,\"name\":\"Productos\",\"item\":\"https:\/\/tecplan.com.gt\/shop\/\"},{\"@type\":\"ListItem\",\"position\":3,\"name\":\"RB2011UiAS-2HnD-IN\"}]},{\"@type\":\"WebSite\",\"@id\":\"https:\/\/tecplan.com.gt\/#website\",\"url\":\"https:\/\/tecplan.com.gt\/\",\"name\":\"Tecplan Argentina\",\"description\":\"Tecnolog\u00edas y equipos de telecomunicaciones\",\"publisher\":{\"@id\":\"https:\/\/tecplan.com.gt\/#organization\"},\"potentialAction\":[{\"@type\":\"SearchAction\",\"target\":{\"@type\":\"EntryPoint\",\"urlTemplate\":\"https:\/\/tecplan.com.gt\/?s={search_term_string}\"},\"query-input\":{\"@type\":\"PropertyValueSpecification\",\"valueRequired\":true,\"valueName\":\"search_term_string\"}}],\"inLanguage\":\"en-US\"},{\"@type\":\"Organization\",\"@id\":\"https:\/\/tecplan.com.gt\/#organization\",\"name\":\"Tecplan Argentina\",\"url\":\"https:\/\/tecplan.com.gt\/\",\"logo\":{\"@type\":\"ImageObject\",\"inLanguage\":\"en-US\",\"@id\":\"https:\/\/tecplan.com.gt\/#\/schema\/logo\/image\/\",\"url\":\"\/wp-content\/uploads\/2023\/03\/logo-tecplan.gif\",\"contentUrl\":\"\/wp-content\/uploads\/2023\/03\/logo-tecplan.gif\",\"width\":1920,\"height\":486,\"caption\":\"Tecplan Argentina\"},\"image\":{\"@id\":\"https:\/\/tecplan.com.gt\/#\/schema\/logo\/image\/\"}}]}<\/script>\n<!-- \/ Yoast SEO plugin. -->","yoast_head_json":{"title":"RB2011UiAS-2HnD-IN -","robots":{"index":"index","follow":"follow","max-snippet":"max-snippet:-1","max-image-preview":"max-image-preview:large","max-video-preview":"max-video-preview:-1"},"canonical":"https:\/\/tecplan.com.gt\/en\/product\/rb2011uias-2hnd-in\/","og_locale":"en_US","og_type":"article","og_title":"RB2011UiAS-2HnD-IN -","og_description":"La serie RB2011Ui es un dispositivo multipuerto de bajo costo. Dise\u00f1ado para uso en interiores, y disponible en diferentes cajas, con multitud de opciones.","og_url":"https:\/\/tecplan.com.gt\/en\/product\/rb2011uias-2hnd-in\/","article_modified_time":"2023-03-17T12:31:46+00:00","og_image":[{"width":500,"height":627,"url":"https:\/\/tecplan.com.gt\/wp-content\/uploads\/2023\/03\/InkedRB2011UiAS-2HnD-IN-1_LI.jpg","type":"image\/jpeg"}],"twitter_card":"summary_large_image","twitter_misc":{"Est. reading time":"2 minutes"},"schema":{"@context":"https:\/\/schema.org","@graph":[{"@type":"WebPage","@id":"https:\/\/tecplan.com.gt\/producto\/rb2011uias-2hnd-in\/","url":"https:\/\/tecplan.com.gt\/producto\/rb2011uias-2hnd-in\/","name":"RB2011UiAS-2HnD-IN -","isPartOf":{"@id":"https:\/\/tecplan.com.gt\/#website"},"primaryImageOfPage":{"@id":"https:\/\/tecplan.com.gt\/producto\/rb2011uias-2hnd-in\/#primaryimage"},"image":{"@id":"https:\/\/tecplan.com.gt\/producto\/rb2011uias-2hnd-in\/#primaryimage"},"thumbnailUrl":"\/wp-content\/uploads\/2023\/03\/InkedRB2011UiAS-2HnD-IN-1_LI.jpg","datePublished":"2021-09-24T15:14:02+00:00","dateModified":"2023-03-17T12:31:46+00:00","breadcrumb":{"@id":"https:\/\/tecplan.com.gt\/producto\/rb2011uias-2hnd-in\/#breadcrumb"},"inLanguage":"en-US","potentialAction":[{"@type":"ReadAction","target":["https:\/\/tecplan.com.gt\/producto\/rb2011uias-2hnd-in\/"]}]},{"@type":"ImageObject","inLanguage":"en-US","@id":"https:\/\/tecplan.com.gt\/producto\/rb2011uias-2hnd-in\/#primaryimage","url":"\/wp-content\/uploads\/2023\/03\/InkedRB2011UiAS-2HnD-IN-1_LI.jpg","contentUrl":"\/wp-content\/uploads\/2023\/03\/InkedRB2011UiAS-2HnD-IN-1_LI.jpg","width":500,"height":627},{"@type":"BreadcrumbList","@id":"https:\/\/tecplan.com.gt\/producto\/rb2011uias-2hnd-in\/#breadcrumb","itemListElement":[{"@type":"ListItem","position":1,"name":"Portada","item":"https:\/\/tecplan.com.gt\/"},{"@type":"ListItem","position":2,"name":"Productos","item":"https:\/\/tecplan.com.gt\/shop\/"},{"@type":"ListItem","position":3,"name":"RB2011UiAS-2HnD-IN"}]},{"@type":"WebSite","@id":"https:\/\/tecplan.com.gt\/#website","url":"https:\/\/tecplan.com.gt\/","name":"Tecplan Argentina","description":"Tecnolog\u00edas y equipos de telecomunicaciones","publisher":{"@id":"https:\/\/tecplan.com.gt\/#organization"},"potentialAction":[{"@type":"SearchAction","target":{"@type":"EntryPoint","urlTemplate":"https:\/\/tecplan.com.gt\/?s={search_term_string}"},"query-input":{"@type":"PropertyValueSpecification","valueRequired":true,"valueName":"search_term_string"}}],"inLanguage":"en-US"},{"@type":"Organization","@id":"https:\/\/tecplan.com.gt\/#organization","name":"Tecplan Argentina","url":"https:\/\/tecplan.com.gt\/","logo":{"@type":"ImageObject","inLanguage":"en-US","@id":"https:\/\/tecplan.com.gt\/#\/schema\/logo\/image\/","url":"\/wp-content\/uploads\/2023\/03\/logo-tecplan.gif","contentUrl":"\/wp-content\/uploads\/2023\/03\/logo-tecplan.gif","width":1920,"height":486,"caption":"Tecplan Argentina"},"image":{"@id":"https:\/\/tecplan.com.gt\/#\/schema\/logo\/image\/"}}]}},"_links":{"self":[{"href":"https:\/\/tecplan.com.gt\/en\/wp-json\/wp\/v2\/product\/2128"}],"collection":[{"href":"https:\/\/tecplan.com.gt\/en\/wp-json\/wp\/v2\/product"}],"about":[{"href":"https:\/\/tecplan.com.gt\/en\/wp-json\/wp\/v2\/types\/product"}],"replies":[{"embeddable":true,"href":"https:\/\/tecplan.com.gt\/en\/wp-json\/wp\/v2\/comments?post=2128"}],"version-history":[{"count":1,"href":"https:\/\/tecplan.com.gt\/en\/wp-json\/wp\/v2\/product\/2128\/revisions"}],"predecessor-version":[{"id":8980,"href":"https:\/\/tecplan.com.gt\/en\/wp-json\/wp\/v2\/product\/2128\/revisions\/8980"}],"wp:featuredmedia":[{"embeddable":true,"href":"https:\/\/tecplan.com.gt\/en\/wp-json\/wp\/v2\/media\/2129"}],"wp:attachment":[{"href":"https:\/\/tecplan.com.gt\/en\/wp-json\/wp\/v2\/media?parent=2128"}],"wp:term":[{"taxonomy":"product_brand","embeddable":true,"href":"https:\/\/tecplan.com.gt\/en\/wp-json\/wp\/v2\/product_brand?post=2128"},{"taxonomy":"product_cat","embeddable":true,"href":"https:\/\/tecplan.com.gt\/en\/wp-json\/wp\/v2\/product_cat?post=2128"},{"taxonomy":"product_tag","embeddable":true,"href":"https:\/\/tecplan.com.gt\/en\/wp-json\/wp\/v2\/product_tag?post=2128"}],"curies":[{"name":"wp","href":"https:\/\/api.w.org\/{rel}","templated":true}]}}