{"id":2132,"date":"2021-09-24T12:18:11","date_gmt":"2021-09-24T15:18:11","guid":{"rendered":"https:\/\/tecplan.com.gt\/?post_type=product&#038;p=2132"},"modified":"2023-06-25T10:50:25","modified_gmt":"2023-06-25T14:50:25","slug":"ccr1072-1g-8s","status":"publish","type":"product","link":"https:\/\/tecplan.com.gt\/en\/product\/ccr1072-1g-8s\/","title":{"rendered":"CCR1072-1G-8S+"},"content":{"rendered":"<h1>CCR1072-1G-8S <\/h1>\n<p>El CCR1072 est\u00e1 equipado con CPU core 72 Tilera, cada n\u00facleo est\u00e1 programado en 1GHz, y para utilizarlo completamente, El CCR1072 est\u00e1 equipado con ocho puertos 10G SFP  conectados independientemente.<\/p>\n<p>The unit comes equipped with RouterOS Level 6 license, 16Gb ECC RAM, LCD touchscreen color display, two removable power supplies for redundancy, smart card slots, micro USB, regular USB, microSD and 2x M.2 for adding storage.<\/p>\n<p>Thanks to the unique 72-core processor and ports that are directly connected to the CPU, CCR1072 is capable of a throughput of over 120 million packets per second.<\/p>\n<h1 id=\"spec\">Product specifications<\/h1>\n<table class=\"table product-table\">\n<thead>\n<tr>\n<th colspan=\"2\">DETAILS<\/th>\n<\/tr>\n<\/thead>\n<tbody>\n<tr>\n<td>Product code<\/td>\n<td>CCR1072-1G-8S <\/td>\n<\/tr>\n<tr>\n<td>10\/100\/1000 Ethernet ports<\/td>\n<td>1<\/td>\n<\/tr>\n<tr>\n<td>Architecture<\/td>\n<td>TILE<\/td>\n<\/tr>\n<tr>\n<td>CPU<\/td>\n<td>TLR4-07280DG-10CE<\/td>\n<\/tr>\n<tr>\n<td>CPU core count<\/td>\n<td>72<\/td>\n<\/tr>\n<tr>\n<td>CPU nominal frequency<\/td>\n<td>1 GHz<\/td>\n<\/tr>\n<tr>\n<td>CPU temperature monitor<\/td>\n<td>Yes<\/td>\n<\/tr>\n<tr>\n<td>Current Monitor<\/td>\n<td>Yes<\/td>\n<\/tr>\n<tr>\n<td>Dimensions<\/td>\n<td>443x315x44mm<\/td>\n<\/tr>\n<tr>\n<td>License level<\/td>\n<td>6<\/td>\n<\/tr>\n<tr>\n<td>Max Power consumption<\/td>\n<td>125W<\/td>\n<\/tr>\n<tr>\n<td>Memory Cards<\/td>\n<td>3<\/td>\n<\/tr>\n<tr>\n<td>Memory card type<\/td>\n<td>microSD, 2x M.2<\/td>\n<\/tr>\n<tr>\n<td>Number of USB ports<\/td>\n<td>2<\/td>\n<\/tr>\n<tr>\n<td>Operating System<\/td>\n<td>RouterOS<\/td>\n<\/tr>\n<tr>\n<td>PCB temperature monitor<\/td>\n<td>Yes<\/td>\n<\/tr>\n<tr>\n<td>SFP  ports<\/td>\n<td>8<\/td>\n<\/tr>\n<tr>\n<td>Serial port<\/td>\n<td>RJ45<\/td>\n<\/tr>\n<tr>\n<td>Size of RAM<\/td>\n<td>16 GB<\/td>\n<\/tr>\n<tr>\n<td>Storage size<\/td>\n<td>128 MB<\/td>\n<\/tr>\n<tr>\n<td>Storage type<\/td>\n<td>NAND<\/td>\n<\/tr>\n<tr>\n<td>Supported input voltage<\/td>\n<td>12 V \u2013 12 V<\/td>\n<\/tr>\n<tr>\n<td>Tested ambient temperature<\/td>\n<td>-20C ..  60C<\/td>\n<\/tr>\n<tr>\n<td>USB slot type<\/td>\n<td>USB type A<\/td>\n<\/tr>\n<tr>\n<td>Voltage Monitor<\/td>\n<td>Yes<\/td>\n<\/tr>\n<\/tbody>\n<\/table>","protected":false},"excerpt":{"rendered":"<p>Cloud Core Router 1072-1G-8S  ,Tilera Tile-Gx72 CPU (72-cores, 1GHz per core), 16GB RAM, 8xSFP  cage, 1xGbit LAN, RouterOS L6, ,Equipo raqueable 1U<\/p>","protected":false},"featured_media":2133,"comment_status":"open","ping_status":"closed","template":"","meta":{"site-sidebar-layout":"default","site-content-layout":"","ast-site-content-layout":"","site-content-style":"default","site-sidebar-style":"default","ast-global-header-display":"","ast-banner-title-visibility":"","ast-main-header-display":"","ast-hfb-above-header-display":"","ast-hfb-below-header-display":"","ast-hfb-mobile-header-display":"","site-post-title":"","ast-breadcrumbs-content":"","ast-featured-img":"","footer-sml-layout":"","theme-transparent-header-meta":"","adv-header-id-meta":"","stick-header-meta":"","header-above-stick-meta":"","header-main-stick-meta":"","header-below-stick-meta":"","astra-migrate-meta-layouts":"default","ast-page-background-enabled":"default","ast-page-background-meta":{"desktop":{"background-color":"var(--ast-global-color-4)","background-image":"","background-repeat":"repeat","background-position":"center center","background-size":"auto","background-attachment":"scroll","background-type":"","background-media":"","overlay-type":"","overlay-color":"","overlay-opacity":"","overlay-gradient":""},"tablet":{"background-color":"","background-image":"","background-repeat":"repeat","background-position":"center center","background-size":"auto","background-attachment":"scroll","background-type":"","background-media":"","overlay-type":"","overlay-color":"","overlay-opacity":"","overlay-gradient":""},"mobile":{"background-color":"","background-image":"","background-repeat":"repeat","background-position":"center center","background-size":"auto","background-attachment":"scroll","background-type":"","background-media":"","overlay-type":"","overlay-color":"","overlay-opacity":"","overlay-gradient":""}},"ast-content-background-meta":{"desktop":{"background-color":"var(--ast-global-color-5)","background-image":"","background-repeat":"repeat","background-position":"center center","background-size":"auto","background-attachment":"scroll","background-type":"","background-media":"","overlay-type":"","overlay-color":"","overlay-opacity":"","overlay-gradient":""},"tablet":{"background-color":"var(--ast-global-color-5)","background-image":"","background-repeat":"repeat","background-position":"center center","background-size":"auto","background-attachment":"scroll","background-type":"","background-media":"","overlay-type":"","overlay-color":"","overlay-opacity":"","overlay-gradient":""},"mobile":{"background-color":"var(--ast-global-color-5)","background-image":"","background-repeat":"repeat","background-position":"center center","background-size":"auto","background-attachment":"scroll","background-type":"","background-media":"","overlay-type":"","overlay-color":"","overlay-opacity":"","overlay-gradient":""}}},"product_brand":[],"product_cat":[35],"product_tag":[63],"class_list":{"0":"post-2132","1":"product","2":"type-product","3":"status-publish","4":"has-post-thumbnail","6":"product_cat-mikrotik","7":"product_tag-mikrotik","8":"desktop-align-left","9":"tablet-align-left","10":"mobile-align-left","12":"first","13":"instock","14":"shipping-taxable","15":"product-type-simple"},"yoast_head":"<!-- This site is optimized with the Yoast SEO plugin v24.6 - https:\/\/yoast.com\/wordpress\/plugins\/seo\/ -->\n<title>CCR1072-1G-8S+ -<\/title>\n<meta name=\"robots\" content=\"index, follow, max-snippet:-1, max-image-preview:large, max-video-preview:-1\" \/>\n<link rel=\"canonical\" href=\"https:\/\/tecplan.com.gt\/en\/product\/ccr1072-1g-8s\/\" \/>\n<meta property=\"og:locale\" content=\"en_US\" \/>\n<meta property=\"og:type\" content=\"article\" \/>\n<meta property=\"og:title\" content=\"CCR1072-1G-8S+ -\" \/>\n<meta property=\"og:description\" content=\"Cloud Core Router 1072-1G-8S ,Tilera Tile-Gx72 CPU (72-cores, 1GHz per core), 16GB RAM, 8xSFP cage, 1xGbit LAN, RouterOS L6, ,Equipo raqueable 1U\" \/>\n<meta property=\"og:url\" content=\"https:\/\/tecplan.com.gt\/en\/product\/ccr1072-1g-8s\/\" \/>\n<meta property=\"article:modified_time\" content=\"2023-06-25T14:50:25+00:00\" \/>\n<meta property=\"og:image\" content=\"https:\/\/tecplan.com.gt\/wp-content\/uploads\/2023\/03\/InkedCCR1072-1G-8S-1_LI.jpg\" \/>\n\t<meta property=\"og:image:width\" content=\"500\" \/>\n\t<meta property=\"og:image:height\" content=\"627\" \/>\n\t<meta property=\"og:image:type\" content=\"image\/jpeg\" \/>\n<meta name=\"twitter:card\" content=\"summary_large_image\" \/>\n<meta name=\"twitter:label1\" content=\"Est. reading time\" \/>\n\t<meta name=\"twitter:data1\" content=\"2 minutes\" \/>\n<script type=\"application\/ld+json\" class=\"yoast-schema-graph\">{\"@context\":\"https:\/\/schema.org\",\"@graph\":[{\"@type\":\"WebPage\",\"@id\":\"https:\/\/tecplan.com.gt\/producto\/ccr1072-1g-8s\/\",\"url\":\"https:\/\/tecplan.com.gt\/producto\/ccr1072-1g-8s\/\",\"name\":\"CCR1072-1G-8S+ -\",\"isPartOf\":{\"@id\":\"https:\/\/tecplan.com.gt\/#website\"},\"primaryImageOfPage\":{\"@id\":\"https:\/\/tecplan.com.gt\/producto\/ccr1072-1g-8s\/#primaryimage\"},\"image\":{\"@id\":\"https:\/\/tecplan.com.gt\/producto\/ccr1072-1g-8s\/#primaryimage\"},\"thumbnailUrl\":\"\/wp-content\/uploads\/2023\/03\/InkedCCR1072-1G-8S-1_LI.jpg\",\"datePublished\":\"2021-09-24T15:18:11+00:00\",\"dateModified\":\"2023-06-25T14:50:25+00:00\",\"breadcrumb\":{\"@id\":\"https:\/\/tecplan.com.gt\/producto\/ccr1072-1g-8s\/#breadcrumb\"},\"inLanguage\":\"en-US\",\"potentialAction\":[{\"@type\":\"ReadAction\",\"target\":[\"https:\/\/tecplan.com.gt\/producto\/ccr1072-1g-8s\/\"]}]},{\"@type\":\"ImageObject\",\"inLanguage\":\"en-US\",\"@id\":\"https:\/\/tecplan.com.gt\/producto\/ccr1072-1g-8s\/#primaryimage\",\"url\":\"\/wp-content\/uploads\/2023\/03\/InkedCCR1072-1G-8S-1_LI.jpg\",\"contentUrl\":\"\/wp-content\/uploads\/2023\/03\/InkedCCR1072-1G-8S-1_LI.jpg\",\"width\":500,\"height\":627},{\"@type\":\"BreadcrumbList\",\"@id\":\"https:\/\/tecplan.com.gt\/producto\/ccr1072-1g-8s\/#breadcrumb\",\"itemListElement\":[{\"@type\":\"ListItem\",\"position\":1,\"name\":\"Portada\",\"item\":\"https:\/\/tecplan.com.gt\/\"},{\"@type\":\"ListItem\",\"position\":2,\"name\":\"Productos\",\"item\":\"https:\/\/tecplan.com.gt\/shop\/\"},{\"@type\":\"ListItem\",\"position\":3,\"name\":\"CCR1072-1G-8S+\"}]},{\"@type\":\"WebSite\",\"@id\":\"https:\/\/tecplan.com.gt\/#website\",\"url\":\"https:\/\/tecplan.com.gt\/\",\"name\":\"Tecplan Argentina\",\"description\":\"Tecnolog\u00edas y equipos de telecomunicaciones\",\"publisher\":{\"@id\":\"https:\/\/tecplan.com.gt\/#organization\"},\"potentialAction\":[{\"@type\":\"SearchAction\",\"target\":{\"@type\":\"EntryPoint\",\"urlTemplate\":\"https:\/\/tecplan.com.gt\/?s={search_term_string}\"},\"query-input\":{\"@type\":\"PropertyValueSpecification\",\"valueRequired\":true,\"valueName\":\"search_term_string\"}}],\"inLanguage\":\"en-US\"},{\"@type\":\"Organization\",\"@id\":\"https:\/\/tecplan.com.gt\/#organization\",\"name\":\"Tecplan Argentina\",\"url\":\"https:\/\/tecplan.com.gt\/\",\"logo\":{\"@type\":\"ImageObject\",\"inLanguage\":\"en-US\",\"@id\":\"https:\/\/tecplan.com.gt\/#\/schema\/logo\/image\/\",\"url\":\"\/wp-content\/uploads\/2023\/03\/logo-tecplan.gif\",\"contentUrl\":\"\/wp-content\/uploads\/2023\/03\/logo-tecplan.gif\",\"width\":1920,\"height\":486,\"caption\":\"Tecplan Argentina\"},\"image\":{\"@id\":\"https:\/\/tecplan.com.gt\/#\/schema\/logo\/image\/\"}}]}<\/script>\n<!-- \/ Yoast SEO plugin. -->","yoast_head_json":{"title":"CCR1072-1G-8S+ -","robots":{"index":"index","follow":"follow","max-snippet":"max-snippet:-1","max-image-preview":"max-image-preview:large","max-video-preview":"max-video-preview:-1"},"canonical":"https:\/\/tecplan.com.gt\/en\/product\/ccr1072-1g-8s\/","og_locale":"en_US","og_type":"article","og_title":"CCR1072-1G-8S+ -","og_description":"Cloud Core Router 1072-1G-8S ,Tilera Tile-Gx72 CPU (72-cores, 1GHz per core), 16GB RAM, 8xSFP cage, 1xGbit LAN, RouterOS L6, ,Equipo raqueable 1U","og_url":"https:\/\/tecplan.com.gt\/en\/product\/ccr1072-1g-8s\/","article_modified_time":"2023-06-25T14:50:25+00:00","og_image":[{"width":500,"height":627,"url":"https:\/\/tecplan.com.gt\/wp-content\/uploads\/2023\/03\/InkedCCR1072-1G-8S-1_LI.jpg","type":"image\/jpeg"}],"twitter_card":"summary_large_image","twitter_misc":{"Est. reading time":"2 minutes"},"schema":{"@context":"https:\/\/schema.org","@graph":[{"@type":"WebPage","@id":"https:\/\/tecplan.com.gt\/producto\/ccr1072-1g-8s\/","url":"https:\/\/tecplan.com.gt\/producto\/ccr1072-1g-8s\/","name":"CCR1072-1G-8S+ -","isPartOf":{"@id":"https:\/\/tecplan.com.gt\/#website"},"primaryImageOfPage":{"@id":"https:\/\/tecplan.com.gt\/producto\/ccr1072-1g-8s\/#primaryimage"},"image":{"@id":"https:\/\/tecplan.com.gt\/producto\/ccr1072-1g-8s\/#primaryimage"},"thumbnailUrl":"\/wp-content\/uploads\/2023\/03\/InkedCCR1072-1G-8S-1_LI.jpg","datePublished":"2021-09-24T15:18:11+00:00","dateModified":"2023-06-25T14:50:25+00:00","breadcrumb":{"@id":"https:\/\/tecplan.com.gt\/producto\/ccr1072-1g-8s\/#breadcrumb"},"inLanguage":"en-US","potentialAction":[{"@type":"ReadAction","target":["https:\/\/tecplan.com.gt\/producto\/ccr1072-1g-8s\/"]}]},{"@type":"ImageObject","inLanguage":"en-US","@id":"https:\/\/tecplan.com.gt\/producto\/ccr1072-1g-8s\/#primaryimage","url":"\/wp-content\/uploads\/2023\/03\/InkedCCR1072-1G-8S-1_LI.jpg","contentUrl":"\/wp-content\/uploads\/2023\/03\/InkedCCR1072-1G-8S-1_LI.jpg","width":500,"height":627},{"@type":"BreadcrumbList","@id":"https:\/\/tecplan.com.gt\/producto\/ccr1072-1g-8s\/#breadcrumb","itemListElement":[{"@type":"ListItem","position":1,"name":"Portada","item":"https:\/\/tecplan.com.gt\/"},{"@type":"ListItem","position":2,"name":"Productos","item":"https:\/\/tecplan.com.gt\/shop\/"},{"@type":"ListItem","position":3,"name":"CCR1072-1G-8S+"}]},{"@type":"WebSite","@id":"https:\/\/tecplan.com.gt\/#website","url":"https:\/\/tecplan.com.gt\/","name":"Tecplan Argentina","description":"Tecnolog\u00edas y equipos de telecomunicaciones","publisher":{"@id":"https:\/\/tecplan.com.gt\/#organization"},"potentialAction":[{"@type":"SearchAction","target":{"@type":"EntryPoint","urlTemplate":"https:\/\/tecplan.com.gt\/?s={search_term_string}"},"query-input":{"@type":"PropertyValueSpecification","valueRequired":true,"valueName":"search_term_string"}}],"inLanguage":"en-US"},{"@type":"Organization","@id":"https:\/\/tecplan.com.gt\/#organization","name":"Tecplan Argentina","url":"https:\/\/tecplan.com.gt\/","logo":{"@type":"ImageObject","inLanguage":"en-US","@id":"https:\/\/tecplan.com.gt\/#\/schema\/logo\/image\/","url":"\/wp-content\/uploads\/2023\/03\/logo-tecplan.gif","contentUrl":"\/wp-content\/uploads\/2023\/03\/logo-tecplan.gif","width":1920,"height":486,"caption":"Tecplan Argentina"},"image":{"@id":"https:\/\/tecplan.com.gt\/#\/schema\/logo\/image\/"}}]}},"_links":{"self":[{"href":"https:\/\/tecplan.com.gt\/en\/wp-json\/wp\/v2\/product\/2132"}],"collection":[{"href":"https:\/\/tecplan.com.gt\/en\/wp-json\/wp\/v2\/product"}],"about":[{"href":"https:\/\/tecplan.com.gt\/en\/wp-json\/wp\/v2\/types\/product"}],"replies":[{"embeddable":true,"href":"https:\/\/tecplan.com.gt\/en\/wp-json\/wp\/v2\/comments?post=2132"}],"version-history":[{"count":1,"href":"https:\/\/tecplan.com.gt\/en\/wp-json\/wp\/v2\/product\/2132\/revisions"}],"predecessor-version":[{"id":8978,"href":"https:\/\/tecplan.com.gt\/en\/wp-json\/wp\/v2\/product\/2132\/revisions\/8978"}],"wp:featuredmedia":[{"embeddable":true,"href":"https:\/\/tecplan.com.gt\/en\/wp-json\/wp\/v2\/media\/2133"}],"wp:attachment":[{"href":"https:\/\/tecplan.com.gt\/en\/wp-json\/wp\/v2\/media?parent=2132"}],"wp:term":[{"taxonomy":"product_brand","embeddable":true,"href":"https:\/\/tecplan.com.gt\/en\/wp-json\/wp\/v2\/product_brand?post=2132"},{"taxonomy":"product_cat","embeddable":true,"href":"https:\/\/tecplan.com.gt\/en\/wp-json\/wp\/v2\/product_cat?post=2132"},{"taxonomy":"product_tag","embeddable":true,"href":"https:\/\/tecplan.com.gt\/en\/wp-json\/wp\/v2\/product_tag?post=2132"}],"curies":[{"name":"wp","href":"https:\/\/api.w.org\/{rel}","templated":true}]}}