{"id":2162,"date":"2021-10-04T10:31:06","date_gmt":"2021-10-04T13:31:06","guid":{"rendered":"https:\/\/tecplan.com.gt\/?post_type=product&#038;p=2162"},"modified":"2023-06-25T10:47:02","modified_gmt":"2023-06-25T14:47:02","slug":"antena-ubiquiti-networks-antena-ubiquiti-23-dbi-450-mbps-lbe-5ac-gen2","status":"publish","type":"product","link":"https:\/\/tecplan.com.gt\/en\/product\/antena-ubiquiti-networks-antena-ubiquiti-23-dbi-450-mbps-lbe-5ac-gen2\/","title":{"rendered":"You kept Networks You kept Dubai 450 mbps for your khakjin"},"content":{"rendered":"<div class=\"description_seoDescription__Ti3wA\">\n<ul>\n<li class=\"text_text__3oq-D\">The LiteBeam\u00ae AC integrates a separate Wi-Fi radio for quick and easy setup using a mobile device.<\/li>\n<li class=\"text_text__3oq-D\">With enhanced protection against ESD events, the LiteBeam\u00ae AC offers a more robust mounting with separate azimuth and elevation adjustments.<\/li>\n<li class=\"text_text__3oq-D\">airOS\u00ae8 offers powerful features including support for the airMAX\u00ae AC protocol, real-time RF analysis, and a completely new design for improved usability.<\/li>\n<\/ul>\n<\/div>\n<p class=\"text_text__3oq-D\">Antenna<\/p>\n<p class=\"text_text__3oq-D\">Compact size, light weight<\/p>\n<p class=\"text_text__3oq-D\">Revolutionary industrial design<\/p>\n<p class=\"text_text__3oq-D\">High gain 2\u00d72 MIMO directional antenna<\/p>\n<p class=\"text_text__3oq-D\">Now with airOS \u00ae 8 and airView \u00ae<\/p>\n<p class=\"text_text__3oq-D\">Wi-Fi Radio Management<\/p>","protected":false},"excerpt":{"rendered":"<ul>\n<li class=\"text_text__3oq-D\">The LiteBeam\u00ae AC integrates a separate Wi-Fi radio for quick and easy setup using a mobile device.<\/li>\n<li class=\"text_text__3oq-D\">With enhanced protection against ESD events, the LiteBeam\u00ae AC offers a more robust mounting with separate azimuth and elevation adjustments.<\/li>\n<li class=\"text_text__3oq-D\">airOS\u00ae8 offers powerful features including support for the airMAX\u00ae AC protocol, real-time RF analysis, and a completely new design for improved usability.<\/li>\n<\/ul>","protected":false},"featured_media":2163,"comment_status":"open","ping_status":"closed","template":"","meta":{"site-sidebar-layout":"default","site-content-layout":"","ast-site-content-layout":"","site-content-style":"default","site-sidebar-style":"default","ast-global-header-display":"","ast-banner-title-visibility":"","ast-main-header-display":"","ast-hfb-above-header-display":"","ast-hfb-below-header-display":"","ast-hfb-mobile-header-display":"","site-post-title":"","ast-breadcrumbs-content":"","ast-featured-img":"","footer-sml-layout":"","theme-transparent-header-meta":"","adv-header-id-meta":"","stick-header-meta":"","header-above-stick-meta":"","header-main-stick-meta":"","header-below-stick-meta":"","astra-migrate-meta-layouts":"default","ast-page-background-enabled":"default","ast-page-background-meta":{"desktop":{"background-color":"var(--ast-global-color-4)","background-image":"","background-repeat":"repeat","background-position":"center center","background-size":"auto","background-attachment":"scroll","background-type":"","background-media":"","overlay-type":"","overlay-color":"","overlay-opacity":"","overlay-gradient":""},"tablet":{"background-color":"","background-image":"","background-repeat":"repeat","background-position":"center center","background-size":"auto","background-attachment":"scroll","background-type":"","background-media":"","overlay-type":"","overlay-color":"","overlay-opacity":"","overlay-gradient":""},"mobile":{"background-color":"","background-image":"","background-repeat":"repeat","background-position":"center center","background-size":"auto","background-attachment":"scroll","background-type":"","background-media":"","overlay-type":"","overlay-color":"","overlay-opacity":"","overlay-gradient":""}},"ast-content-background-meta":{"desktop":{"background-color":"var(--ast-global-color-5)","background-image":"","background-repeat":"repeat","background-position":"center center","background-size":"auto","background-attachment":"scroll","background-type":"","background-media":"","overlay-type":"","overlay-color":"","overlay-opacity":"","overlay-gradient":""},"tablet":{"background-color":"var(--ast-global-color-5)","background-image":"","background-repeat":"repeat","background-position":"center center","background-size":"auto","background-attachment":"scroll","background-type":"","background-media":"","overlay-type":"","overlay-color":"","overlay-opacity":"","overlay-gradient":""},"mobile":{"background-color":"var(--ast-global-color-5)","background-image":"","background-repeat":"repeat","background-position":"center center","background-size":"auto","background-attachment":"scroll","background-type":"","background-media":"","overlay-type":"","overlay-color":"","overlay-opacity":"","overlay-gradient":""}}},"product_brand":[],"product_cat":[38],"product_tag":[62],"class_list":{"0":"post-2162","1":"product","2":"type-product","3":"status-publish","4":"has-post-thumbnail","6":"product_cat-ubiquiti","7":"product_tag-ubiquiti","8":"desktop-align-left","9":"tablet-align-left","10":"mobile-align-left","12":"first","13":"instock","14":"shipping-taxable","15":"product-type-simple"},"yoast_head":"<!-- This site is optimized with the Yoast SEO plugin v24.6 - https:\/\/yoast.com\/wordpress\/plugins\/seo\/ -->\n<title>Antena Ubiquiti Networks Antena UBIQUITI 23 dBi 450 Mbps LBE-5AC-GEN2 -<\/title>\n<meta name=\"robots\" content=\"index, follow, max-snippet:-1, max-image-preview:large, max-video-preview:-1\" \/>\n<link rel=\"canonical\" href=\"https:\/\/tecplan.com.gt\/en\/product\/antena-ubiquiti-networks-antena-ubiquiti-23-dbi-450-mbps-lbe-5ac-gen2\/\" \/>\n<meta property=\"og:locale\" content=\"en_US\" \/>\n<meta property=\"og:type\" content=\"article\" \/>\n<meta property=\"og:title\" content=\"Antena Ubiquiti Networks Antena UBIQUITI 23 dBi 450 Mbps LBE-5AC-GEN2 -\" \/>\n<meta property=\"og:description\" content=\"El LiteBeam\u00ae AC integra un radio Wi-Fi separado para una configuraci\u00f3n r\u00e1pida y f\u00e1cil usando un dispositivo m\u00f3vil.  Con una protecci\u00f3n mejorada contra los eventos ESD, el LiteBeam\u00ae AC ofrece un montaje m\u00e1s robusto con ajustes separados de azimut y elevaci\u00f3n.  airOS\u00ae8 ofrece funciones potentes, que incluyen compatibilidad con el protocolo airMAX\u00ae AC, an\u00e1lisis de RF en tiempo real y un dise\u00f1o completamente nuevo para una mejor usabilidad.\" \/>\n<meta property=\"og:url\" content=\"https:\/\/tecplan.com.gt\/en\/product\/antena-ubiquiti-networks-antena-ubiquiti-23-dbi-450-mbps-lbe-5ac-gen2\/\" \/>\n<meta property=\"article:modified_time\" content=\"2023-06-25T14:47:02+00:00\" \/>\n<meta property=\"og:image\" content=\"https:\/\/tecplan.com.gt\/wp-content\/uploads\/2023\/03\/83efa5f8-4185-433a-a310-5c0b90d223ce.1072b2020f2e01c733061800ab26cfdc.jpeg\" \/>\n\t<meta property=\"og:image:width\" content=\"960\" \/>\n\t<meta property=\"og:image:height\" content=\"960\" \/>\n\t<meta property=\"og:image:type\" content=\"image\/jpeg\" \/>\n<meta name=\"twitter:card\" content=\"summary_large_image\" \/>\n<meta name=\"twitter:label1\" content=\"Est. reading time\" \/>\n\t<meta name=\"twitter:data1\" content=\"1 minute\" \/>\n<script type=\"application\/ld+json\" class=\"yoast-schema-graph\">{\"@context\":\"https:\/\/schema.org\",\"@graph\":[{\"@type\":\"WebPage\",\"@id\":\"https:\/\/tecplan.com.gt\/producto\/antena-ubiquiti-networks-antena-ubiquiti-23-dbi-450-mbps-lbe-5ac-gen2\/\",\"url\":\"https:\/\/tecplan.com.gt\/producto\/antena-ubiquiti-networks-antena-ubiquiti-23-dbi-450-mbps-lbe-5ac-gen2\/\",\"name\":\"Antena Ubiquiti Networks Antena UBIQUITI 23 dBi 450 Mbps LBE-5AC-GEN2 -\",\"isPartOf\":{\"@id\":\"https:\/\/tecplan.com.gt\/#website\"},\"primaryImageOfPage\":{\"@id\":\"https:\/\/tecplan.com.gt\/producto\/antena-ubiquiti-networks-antena-ubiquiti-23-dbi-450-mbps-lbe-5ac-gen2\/#primaryimage\"},\"image\":{\"@id\":\"https:\/\/tecplan.com.gt\/producto\/antena-ubiquiti-networks-antena-ubiquiti-23-dbi-450-mbps-lbe-5ac-gen2\/#primaryimage\"},\"thumbnailUrl\":\"\/wp-content\/uploads\/2023\/03\/83efa5f8-4185-433a-a310-5c0b90d223ce.1072b2020f2e01c733061800ab26cfdc.jpeg\",\"datePublished\":\"2021-10-04T13:31:06+00:00\",\"dateModified\":\"2023-06-25T14:47:02+00:00\",\"breadcrumb\":{\"@id\":\"https:\/\/tecplan.com.gt\/producto\/antena-ubiquiti-networks-antena-ubiquiti-23-dbi-450-mbps-lbe-5ac-gen2\/#breadcrumb\"},\"inLanguage\":\"en-US\",\"potentialAction\":[{\"@type\":\"ReadAction\",\"target\":[\"https:\/\/tecplan.com.gt\/producto\/antena-ubiquiti-networks-antena-ubiquiti-23-dbi-450-mbps-lbe-5ac-gen2\/\"]}]},{\"@type\":\"ImageObject\",\"inLanguage\":\"en-US\",\"@id\":\"https:\/\/tecplan.com.gt\/producto\/antena-ubiquiti-networks-antena-ubiquiti-23-dbi-450-mbps-lbe-5ac-gen2\/#primaryimage\",\"url\":\"\/wp-content\/uploads\/2023\/03\/83efa5f8-4185-433a-a310-5c0b90d223ce.1072b2020f2e01c733061800ab26cfdc.jpeg\",\"contentUrl\":\"\/wp-content\/uploads\/2023\/03\/83efa5f8-4185-433a-a310-5c0b90d223ce.1072b2020f2e01c733061800ab26cfdc.jpeg\",\"width\":960,\"height\":960},{\"@type\":\"BreadcrumbList\",\"@id\":\"https:\/\/tecplan.com.gt\/producto\/antena-ubiquiti-networks-antena-ubiquiti-23-dbi-450-mbps-lbe-5ac-gen2\/#breadcrumb\",\"itemListElement\":[{\"@type\":\"ListItem\",\"position\":1,\"name\":\"Portada\",\"item\":\"https:\/\/tecplan.com.gt\/\"},{\"@type\":\"ListItem\",\"position\":2,\"name\":\"Productos\",\"item\":\"https:\/\/tecplan.com.gt\/shop\/\"},{\"@type\":\"ListItem\",\"position\":3,\"name\":\"Antena Ubiquiti Networks Antena UBIQUITI 23 dBi 450 Mbps LBE-5AC-GEN2\"}]},{\"@type\":\"WebSite\",\"@id\":\"https:\/\/tecplan.com.gt\/#website\",\"url\":\"https:\/\/tecplan.com.gt\/\",\"name\":\"Tecplan Argentina\",\"description\":\"Tecnolog\u00edas y equipos de telecomunicaciones\",\"publisher\":{\"@id\":\"https:\/\/tecplan.com.gt\/#organization\"},\"potentialAction\":[{\"@type\":\"SearchAction\",\"target\":{\"@type\":\"EntryPoint\",\"urlTemplate\":\"https:\/\/tecplan.com.gt\/?s={search_term_string}\"},\"query-input\":{\"@type\":\"PropertyValueSpecification\",\"valueRequired\":true,\"valueName\":\"search_term_string\"}}],\"inLanguage\":\"en-US\"},{\"@type\":\"Organization\",\"@id\":\"https:\/\/tecplan.com.gt\/#organization\",\"name\":\"Tecplan Argentina\",\"url\":\"https:\/\/tecplan.com.gt\/\",\"logo\":{\"@type\":\"ImageObject\",\"inLanguage\":\"en-US\",\"@id\":\"https:\/\/tecplan.com.gt\/#\/schema\/logo\/image\/\",\"url\":\"\/wp-content\/uploads\/2023\/03\/logo-tecplan.gif\",\"contentUrl\":\"\/wp-content\/uploads\/2023\/03\/logo-tecplan.gif\",\"width\":1920,\"height\":486,\"caption\":\"Tecplan Argentina\"},\"image\":{\"@id\":\"https:\/\/tecplan.com.gt\/#\/schema\/logo\/image\/\"}}]}<\/script>\n<!-- \/ Yoast SEO plugin. -->","yoast_head_json":{"title":"Antena Ubiquiti Networks Antena UBIQUITI 23 dBi 450 Mbps LBE-5AC-GEN2 -","robots":{"index":"index","follow":"follow","max-snippet":"max-snippet:-1","max-image-preview":"max-image-preview:large","max-video-preview":"max-video-preview:-1"},"canonical":"https:\/\/tecplan.com.gt\/en\/product\/antena-ubiquiti-networks-antena-ubiquiti-23-dbi-450-mbps-lbe-5ac-gen2\/","og_locale":"en_US","og_type":"article","og_title":"Antena Ubiquiti Networks Antena UBIQUITI 23 dBi 450 Mbps LBE-5AC-GEN2 -","og_description":"El LiteBeam\u00ae AC integra un radio Wi-Fi separado para una configuraci\u00f3n r\u00e1pida y f\u00e1cil usando un dispositivo m\u00f3vil.  Con una protecci\u00f3n mejorada contra los eventos ESD, el LiteBeam\u00ae AC ofrece un montaje m\u00e1s robusto con ajustes separados de azimut y elevaci\u00f3n.  airOS\u00ae8 ofrece funciones potentes, que incluyen compatibilidad con el protocolo airMAX\u00ae AC, an\u00e1lisis de RF en tiempo real y un dise\u00f1o completamente nuevo para una mejor usabilidad.","og_url":"https:\/\/tecplan.com.gt\/en\/product\/antena-ubiquiti-networks-antena-ubiquiti-23-dbi-450-mbps-lbe-5ac-gen2\/","article_modified_time":"2023-06-25T14:47:02+00:00","og_image":[{"width":960,"height":960,"url":"https:\/\/tecplan.com.gt\/wp-content\/uploads\/2023\/03\/83efa5f8-4185-433a-a310-5c0b90d223ce.1072b2020f2e01c733061800ab26cfdc.jpeg","type":"image\/jpeg"}],"twitter_card":"summary_large_image","twitter_misc":{"Est. reading time":"1 minute"},"schema":{"@context":"https:\/\/schema.org","@graph":[{"@type":"WebPage","@id":"https:\/\/tecplan.com.gt\/producto\/antena-ubiquiti-networks-antena-ubiquiti-23-dbi-450-mbps-lbe-5ac-gen2\/","url":"https:\/\/tecplan.com.gt\/producto\/antena-ubiquiti-networks-antena-ubiquiti-23-dbi-450-mbps-lbe-5ac-gen2\/","name":"Antena Ubiquiti Networks Antena UBIQUITI 23 dBi 450 Mbps LBE-5AC-GEN2 -","isPartOf":{"@id":"https:\/\/tecplan.com.gt\/#website"},"primaryImageOfPage":{"@id":"https:\/\/tecplan.com.gt\/producto\/antena-ubiquiti-networks-antena-ubiquiti-23-dbi-450-mbps-lbe-5ac-gen2\/#primaryimage"},"image":{"@id":"https:\/\/tecplan.com.gt\/producto\/antena-ubiquiti-networks-antena-ubiquiti-23-dbi-450-mbps-lbe-5ac-gen2\/#primaryimage"},"thumbnailUrl":"\/wp-content\/uploads\/2023\/03\/83efa5f8-4185-433a-a310-5c0b90d223ce.1072b2020f2e01c733061800ab26cfdc.jpeg","datePublished":"2021-10-04T13:31:06+00:00","dateModified":"2023-06-25T14:47:02+00:00","breadcrumb":{"@id":"https:\/\/tecplan.com.gt\/producto\/antena-ubiquiti-networks-antena-ubiquiti-23-dbi-450-mbps-lbe-5ac-gen2\/#breadcrumb"},"inLanguage":"en-US","potentialAction":[{"@type":"ReadAction","target":["https:\/\/tecplan.com.gt\/producto\/antena-ubiquiti-networks-antena-ubiquiti-23-dbi-450-mbps-lbe-5ac-gen2\/"]}]},{"@type":"ImageObject","inLanguage":"en-US","@id":"https:\/\/tecplan.com.gt\/producto\/antena-ubiquiti-networks-antena-ubiquiti-23-dbi-450-mbps-lbe-5ac-gen2\/#primaryimage","url":"\/wp-content\/uploads\/2023\/03\/83efa5f8-4185-433a-a310-5c0b90d223ce.1072b2020f2e01c733061800ab26cfdc.jpeg","contentUrl":"\/wp-content\/uploads\/2023\/03\/83efa5f8-4185-433a-a310-5c0b90d223ce.1072b2020f2e01c733061800ab26cfdc.jpeg","width":960,"height":960},{"@type":"BreadcrumbList","@id":"https:\/\/tecplan.com.gt\/producto\/antena-ubiquiti-networks-antena-ubiquiti-23-dbi-450-mbps-lbe-5ac-gen2\/#breadcrumb","itemListElement":[{"@type":"ListItem","position":1,"name":"Portada","item":"https:\/\/tecplan.com.gt\/"},{"@type":"ListItem","position":2,"name":"Productos","item":"https:\/\/tecplan.com.gt\/shop\/"},{"@type":"ListItem","position":3,"name":"Antena Ubiquiti Networks Antena UBIQUITI 23 dBi 450 Mbps LBE-5AC-GEN2"}]},{"@type":"WebSite","@id":"https:\/\/tecplan.com.gt\/#website","url":"https:\/\/tecplan.com.gt\/","name":"Tecplan Argentina","description":"Tecnolog\u00edas y equipos de telecomunicaciones","publisher":{"@id":"https:\/\/tecplan.com.gt\/#organization"},"potentialAction":[{"@type":"SearchAction","target":{"@type":"EntryPoint","urlTemplate":"https:\/\/tecplan.com.gt\/?s={search_term_string}"},"query-input":{"@type":"PropertyValueSpecification","valueRequired":true,"valueName":"search_term_string"}}],"inLanguage":"en-US"},{"@type":"Organization","@id":"https:\/\/tecplan.com.gt\/#organization","name":"Tecplan Argentina","url":"https:\/\/tecplan.com.gt\/","logo":{"@type":"ImageObject","inLanguage":"en-US","@id":"https:\/\/tecplan.com.gt\/#\/schema\/logo\/image\/","url":"\/wp-content\/uploads\/2023\/03\/logo-tecplan.gif","contentUrl":"\/wp-content\/uploads\/2023\/03\/logo-tecplan.gif","width":1920,"height":486,"caption":"Tecplan Argentina"},"image":{"@id":"https:\/\/tecplan.com.gt\/#\/schema\/logo\/image\/"}}]}},"_links":{"self":[{"href":"https:\/\/tecplan.com.gt\/en\/wp-json\/wp\/v2\/product\/2162"}],"collection":[{"href":"https:\/\/tecplan.com.gt\/en\/wp-json\/wp\/v2\/product"}],"about":[{"href":"https:\/\/tecplan.com.gt\/en\/wp-json\/wp\/v2\/types\/product"}],"replies":[{"embeddable":true,"href":"https:\/\/tecplan.com.gt\/en\/wp-json\/wp\/v2\/comments?post=2162"}],"version-history":[{"count":1,"href":"https:\/\/tecplan.com.gt\/en\/wp-json\/wp\/v2\/product\/2162\/revisions"}],"predecessor-version":[{"id":8971,"href":"https:\/\/tecplan.com.gt\/en\/wp-json\/wp\/v2\/product\/2162\/revisions\/8971"}],"wp:featuredmedia":[{"embeddable":true,"href":"https:\/\/tecplan.com.gt\/en\/wp-json\/wp\/v2\/media\/2163"}],"wp:attachment":[{"href":"https:\/\/tecplan.com.gt\/en\/wp-json\/wp\/v2\/media?parent=2162"}],"wp:term":[{"taxonomy":"product_brand","embeddable":true,"href":"https:\/\/tecplan.com.gt\/en\/wp-json\/wp\/v2\/product_brand?post=2162"},{"taxonomy":"product_cat","embeddable":true,"href":"https:\/\/tecplan.com.gt\/en\/wp-json\/wp\/v2\/product_cat?post=2162"},{"taxonomy":"product_tag","embeddable":true,"href":"https:\/\/tecplan.com.gt\/en\/wp-json\/wp\/v2\/product_tag?post=2162"}],"curies":[{"name":"wp","href":"https:\/\/api.w.org\/{rel}","templated":true}]}}