{"id":2180,"date":"2021-10-04T18:59:03","date_gmt":"2021-10-04T21:59:03","guid":{"rendered":"https:\/\/tecplan.com.gt\/?post_type=product&#038;p=2180"},"modified":"2023-06-25T10:46:58","modified_gmt":"2023-06-25T14:46:58","slug":"access-point-ubiquiti-networks-unifi-uap-ac-pro-e-de-doble-banda-ubiquiti-networks-uap-ac-pro","status":"publish","type":"product","link":"https:\/\/tecplan.com.gt\/en\/product\/access-point-ubiquiti-networks-unifi-uap-ac-pro-e-de-doble-banda-ubiquiti-networks-uap-ac-pro\/","title":{"rendered":"Ubiquiti Networks UniFi UAP-AC-PRO-E Dual Band Access Point Ubiquiti Networks UAP-AC-PRO"},"content":{"rendered":"<p>Technical Specifications LAN Ports 2 x RJ-45 10\/100\/1000 Mbit\/s USB Ports 1 Data Transfer Rate 1300 Mbit\/s Band Frequency 2.4 GHz and 5 Ghz Maximum Indoor Range 122m Power Consumption (max) 9 W Input Voltage 48V Power over Ethernet (PoE) Yes Dimensions 19.7<\/p>","protected":false},"excerpt":{"rendered":"<p>Technical Specifications LAN Ports 2 x RJ-45 10\/100\/1000 Mbit\/s USB Ports 1 Data Transfer Rate 1300 Mbit\/s Band Frequency 2.4 GHz and 5 Ghz Maximum Indoor Range 122m Power Consumption (max) 9 W Input Voltage 48V Power over Ethernet (PoE) Yes Dimensions 19.7<\/p>","protected":false},"featured_media":2181,"comment_status":"open","ping_status":"closed","template":"","meta":{"site-sidebar-layout":"default","site-content-layout":"","ast-site-content-layout":"","site-content-style":"default","site-sidebar-style":"default","ast-global-header-display":"","ast-banner-title-visibility":"","ast-main-header-display":"","ast-hfb-above-header-display":"","ast-hfb-below-header-display":"","ast-hfb-mobile-header-display":"","site-post-title":"","ast-breadcrumbs-content":"","ast-featured-img":"","footer-sml-layout":"","theme-transparent-header-meta":"","adv-header-id-meta":"","stick-header-meta":"","header-above-stick-meta":"","header-main-stick-meta":"","header-below-stick-meta":"","astra-migrate-meta-layouts":"default","ast-page-background-enabled":"default","ast-page-background-meta":{"desktop":{"background-color":"var(--ast-global-color-4)","background-image":"","background-repeat":"repeat","background-position":"center center","background-size":"auto","background-attachment":"scroll","background-type":"","background-media":"","overlay-type":"","overlay-color":"","overlay-opacity":"","overlay-gradient":""},"tablet":{"background-color":"","background-image":"","background-repeat":"repeat","background-position":"center center","background-size":"auto","background-attachment":"scroll","background-type":"","background-media":"","overlay-type":"","overlay-color":"","overlay-opacity":"","overlay-gradient":""},"mobile":{"background-color":"","background-image":"","background-repeat":"repeat","background-position":"center center","background-size":"auto","background-attachment":"scroll","background-type":"","background-media":"","overlay-type":"","overlay-color":"","overlay-opacity":"","overlay-gradient":""}},"ast-content-background-meta":{"desktop":{"background-color":"var(--ast-global-color-5)","background-image":"","background-repeat":"repeat","background-position":"center center","background-size":"auto","background-attachment":"scroll","background-type":"","background-media":"","overlay-type":"","overlay-color":"","overlay-opacity":"","overlay-gradient":""},"tablet":{"background-color":"var(--ast-global-color-5)","background-image":"","background-repeat":"repeat","background-position":"center center","background-size":"auto","background-attachment":"scroll","background-type":"","background-media":"","overlay-type":"","overlay-color":"","overlay-opacity":"","overlay-gradient":""},"mobile":{"background-color":"var(--ast-global-color-5)","background-image":"","background-repeat":"repeat","background-position":"center center","background-size":"auto","background-attachment":"scroll","background-type":"","background-media":"","overlay-type":"","overlay-color":"","overlay-opacity":"","overlay-gradient":""}}},"product_brand":[],"product_cat":[38],"product_tag":[62],"class_list":{"0":"post-2180","1":"product","2":"type-product","3":"status-publish","4":"has-post-thumbnail","6":"product_cat-ubiquiti","7":"product_tag-ubiquiti","8":"desktop-align-left","9":"tablet-align-left","10":"mobile-align-left","12":"first","13":"instock","14":"shipping-taxable","15":"product-type-simple"},"yoast_head":"<!-- This site is optimized with the Yoast SEO plugin v24.6 - https:\/\/yoast.com\/wordpress\/plugins\/seo\/ -->\n<title>Access Point Ubiquiti Networks UniFi UAP-AC-PRO-E de doble banda Ubiquiti Networks UAP-AC-PRO -<\/title>\n<meta name=\"robots\" content=\"index, follow, max-snippet:-1, max-image-preview:large, max-video-preview:-1\" \/>\n<link rel=\"canonical\" href=\"https:\/\/tecplan.com.gt\/en\/product\/access-point-ubiquiti-networks-unifi-uap-ac-pro-e-de-doble-banda-ubiquiti-networks-uap-ac-pro\/\" \/>\n<meta property=\"og:locale\" content=\"en_US\" \/>\n<meta property=\"og:type\" content=\"article\" \/>\n<meta property=\"og:title\" content=\"Access Point Ubiquiti Networks UniFi UAP-AC-PRO-E de doble banda Ubiquiti Networks UAP-AC-PRO -\" \/>\n<meta property=\"og:description\" content=\"Especificaciones T\u00e9cnicas Puertos LAN 2 x RJ-45 10\/100\/1000 Mbit\/s Puertos USB 1 Velocidad de transferencia de datos 1300 Mbit\/s Frecuencia de banda 2.4 GHz y 5 Ghz Rango m\u00e1ximo interiores 122m Consumo de energ\u00eda (max) 9 W Voltaje de entrada 48V Energ\u00eda sobre Ethernet (PoE) S\u00ed Dimensiones 19.7\" \/>\n<meta property=\"og:url\" content=\"https:\/\/tecplan.com.gt\/en\/product\/access-point-ubiquiti-networks-unifi-uap-ac-pro-e-de-doble-banda-ubiquiti-networks-uap-ac-pro\/\" \/>\n<meta property=\"article:modified_time\" content=\"2023-06-25T14:46:58+00:00\" \/>\n<meta property=\"og:image\" content=\"https:\/\/tecplan.com.gt\/wp-content\/uploads\/2023\/03\/d6ddd12f-8b03-4968-b549-dd0ae0b59c3b.59d39cc5ca1d9afd691bdec119c35cd8.jpeg\" \/>\n\t<meta property=\"og:image:width\" content=\"960\" \/>\n\t<meta property=\"og:image:height\" content=\"960\" \/>\n\t<meta property=\"og:image:type\" content=\"image\/jpeg\" \/>\n<meta name=\"twitter:card\" content=\"summary_large_image\" \/>\n<meta name=\"twitter:label1\" content=\"Est. reading time\" \/>\n\t<meta name=\"twitter:data1\" content=\"1 minute\" \/>\n<script type=\"application\/ld+json\" class=\"yoast-schema-graph\">{\"@context\":\"https:\/\/schema.org\",\"@graph\":[{\"@type\":\"WebPage\",\"@id\":\"https:\/\/tecplan.com.gt\/producto\/access-point-ubiquiti-networks-unifi-uap-ac-pro-e-de-doble-banda-ubiquiti-networks-uap-ac-pro\/\",\"url\":\"https:\/\/tecplan.com.gt\/producto\/access-point-ubiquiti-networks-unifi-uap-ac-pro-e-de-doble-banda-ubiquiti-networks-uap-ac-pro\/\",\"name\":\"Access Point Ubiquiti Networks UniFi UAP-AC-PRO-E de doble banda Ubiquiti Networks UAP-AC-PRO -\",\"isPartOf\":{\"@id\":\"https:\/\/tecplan.com.gt\/#website\"},\"primaryImageOfPage\":{\"@id\":\"https:\/\/tecplan.com.gt\/producto\/access-point-ubiquiti-networks-unifi-uap-ac-pro-e-de-doble-banda-ubiquiti-networks-uap-ac-pro\/#primaryimage\"},\"image\":{\"@id\":\"https:\/\/tecplan.com.gt\/producto\/access-point-ubiquiti-networks-unifi-uap-ac-pro-e-de-doble-banda-ubiquiti-networks-uap-ac-pro\/#primaryimage\"},\"thumbnailUrl\":\"\/wp-content\/uploads\/2023\/03\/d6ddd12f-8b03-4968-b549-dd0ae0b59c3b.59d39cc5ca1d9afd691bdec119c35cd8.jpeg\",\"datePublished\":\"2021-10-04T21:59:03+00:00\",\"dateModified\":\"2023-06-25T14:46:58+00:00\",\"breadcrumb\":{\"@id\":\"https:\/\/tecplan.com.gt\/producto\/access-point-ubiquiti-networks-unifi-uap-ac-pro-e-de-doble-banda-ubiquiti-networks-uap-ac-pro\/#breadcrumb\"},\"inLanguage\":\"en-US\",\"potentialAction\":[{\"@type\":\"ReadAction\",\"target\":[\"https:\/\/tecplan.com.gt\/producto\/access-point-ubiquiti-networks-unifi-uap-ac-pro-e-de-doble-banda-ubiquiti-networks-uap-ac-pro\/\"]}]},{\"@type\":\"ImageObject\",\"inLanguage\":\"en-US\",\"@id\":\"https:\/\/tecplan.com.gt\/producto\/access-point-ubiquiti-networks-unifi-uap-ac-pro-e-de-doble-banda-ubiquiti-networks-uap-ac-pro\/#primaryimage\",\"url\":\"\/wp-content\/uploads\/2023\/03\/d6ddd12f-8b03-4968-b549-dd0ae0b59c3b.59d39cc5ca1d9afd691bdec119c35cd8.jpeg\",\"contentUrl\":\"\/wp-content\/uploads\/2023\/03\/d6ddd12f-8b03-4968-b549-dd0ae0b59c3b.59d39cc5ca1d9afd691bdec119c35cd8.jpeg\",\"width\":960,\"height\":960},{\"@type\":\"BreadcrumbList\",\"@id\":\"https:\/\/tecplan.com.gt\/producto\/access-point-ubiquiti-networks-unifi-uap-ac-pro-e-de-doble-banda-ubiquiti-networks-uap-ac-pro\/#breadcrumb\",\"itemListElement\":[{\"@type\":\"ListItem\",\"position\":1,\"name\":\"Portada\",\"item\":\"https:\/\/tecplan.com.gt\/\"},{\"@type\":\"ListItem\",\"position\":2,\"name\":\"Productos\",\"item\":\"https:\/\/tecplan.com.gt\/shop\/\"},{\"@type\":\"ListItem\",\"position\":3,\"name\":\"Access Point Ubiquiti Networks UniFi UAP-AC-PRO-E de doble banda Ubiquiti Networks UAP-AC-PRO\"}]},{\"@type\":\"WebSite\",\"@id\":\"https:\/\/tecplan.com.gt\/#website\",\"url\":\"https:\/\/tecplan.com.gt\/\",\"name\":\"Tecplan Argentina\",\"description\":\"Tecnolog\u00edas y equipos de telecomunicaciones\",\"publisher\":{\"@id\":\"https:\/\/tecplan.com.gt\/#organization\"},\"potentialAction\":[{\"@type\":\"SearchAction\",\"target\":{\"@type\":\"EntryPoint\",\"urlTemplate\":\"https:\/\/tecplan.com.gt\/?s={search_term_string}\"},\"query-input\":{\"@type\":\"PropertyValueSpecification\",\"valueRequired\":true,\"valueName\":\"search_term_string\"}}],\"inLanguage\":\"en-US\"},{\"@type\":\"Organization\",\"@id\":\"https:\/\/tecplan.com.gt\/#organization\",\"name\":\"Tecplan Argentina\",\"url\":\"https:\/\/tecplan.com.gt\/\",\"logo\":{\"@type\":\"ImageObject\",\"inLanguage\":\"en-US\",\"@id\":\"https:\/\/tecplan.com.gt\/#\/schema\/logo\/image\/\",\"url\":\"\/wp-content\/uploads\/2023\/03\/logo-tecplan.gif\",\"contentUrl\":\"\/wp-content\/uploads\/2023\/03\/logo-tecplan.gif\",\"width\":1920,\"height\":486,\"caption\":\"Tecplan Argentina\"},\"image\":{\"@id\":\"https:\/\/tecplan.com.gt\/#\/schema\/logo\/image\/\"}}]}<\/script>\n<!-- \/ Yoast SEO plugin. -->","yoast_head_json":{"title":"Access Point Ubiquiti Networks UniFi UAP-AC-PRO-E de doble banda Ubiquiti Networks UAP-AC-PRO -","robots":{"index":"index","follow":"follow","max-snippet":"max-snippet:-1","max-image-preview":"max-image-preview:large","max-video-preview":"max-video-preview:-1"},"canonical":"https:\/\/tecplan.com.gt\/en\/product\/access-point-ubiquiti-networks-unifi-uap-ac-pro-e-de-doble-banda-ubiquiti-networks-uap-ac-pro\/","og_locale":"en_US","og_type":"article","og_title":"Access Point Ubiquiti Networks UniFi UAP-AC-PRO-E de doble banda Ubiquiti Networks UAP-AC-PRO -","og_description":"Especificaciones T\u00e9cnicas Puertos LAN 2 x RJ-45 10\/100\/1000 Mbit\/s Puertos USB 1 Velocidad de transferencia de datos 1300 Mbit\/s Frecuencia de banda 2.4 GHz y 5 Ghz Rango m\u00e1ximo interiores 122m Consumo de energ\u00eda (max) 9 W Voltaje de entrada 48V Energ\u00eda sobre Ethernet (PoE) S\u00ed Dimensiones 19.7","og_url":"https:\/\/tecplan.com.gt\/en\/product\/access-point-ubiquiti-networks-unifi-uap-ac-pro-e-de-doble-banda-ubiquiti-networks-uap-ac-pro\/","article_modified_time":"2023-06-25T14:46:58+00:00","og_image":[{"width":960,"height":960,"url":"https:\/\/tecplan.com.gt\/wp-content\/uploads\/2023\/03\/d6ddd12f-8b03-4968-b549-dd0ae0b59c3b.59d39cc5ca1d9afd691bdec119c35cd8.jpeg","type":"image\/jpeg"}],"twitter_card":"summary_large_image","twitter_misc":{"Est. reading time":"1 minute"},"schema":{"@context":"https:\/\/schema.org","@graph":[{"@type":"WebPage","@id":"https:\/\/tecplan.com.gt\/producto\/access-point-ubiquiti-networks-unifi-uap-ac-pro-e-de-doble-banda-ubiquiti-networks-uap-ac-pro\/","url":"https:\/\/tecplan.com.gt\/producto\/access-point-ubiquiti-networks-unifi-uap-ac-pro-e-de-doble-banda-ubiquiti-networks-uap-ac-pro\/","name":"Access Point Ubiquiti Networks UniFi UAP-AC-PRO-E de doble banda Ubiquiti Networks UAP-AC-PRO -","isPartOf":{"@id":"https:\/\/tecplan.com.gt\/#website"},"primaryImageOfPage":{"@id":"https:\/\/tecplan.com.gt\/producto\/access-point-ubiquiti-networks-unifi-uap-ac-pro-e-de-doble-banda-ubiquiti-networks-uap-ac-pro\/#primaryimage"},"image":{"@id":"https:\/\/tecplan.com.gt\/producto\/access-point-ubiquiti-networks-unifi-uap-ac-pro-e-de-doble-banda-ubiquiti-networks-uap-ac-pro\/#primaryimage"},"thumbnailUrl":"\/wp-content\/uploads\/2023\/03\/d6ddd12f-8b03-4968-b549-dd0ae0b59c3b.59d39cc5ca1d9afd691bdec119c35cd8.jpeg","datePublished":"2021-10-04T21:59:03+00:00","dateModified":"2023-06-25T14:46:58+00:00","breadcrumb":{"@id":"https:\/\/tecplan.com.gt\/producto\/access-point-ubiquiti-networks-unifi-uap-ac-pro-e-de-doble-banda-ubiquiti-networks-uap-ac-pro\/#breadcrumb"},"inLanguage":"en-US","potentialAction":[{"@type":"ReadAction","target":["https:\/\/tecplan.com.gt\/producto\/access-point-ubiquiti-networks-unifi-uap-ac-pro-e-de-doble-banda-ubiquiti-networks-uap-ac-pro\/"]}]},{"@type":"ImageObject","inLanguage":"en-US","@id":"https:\/\/tecplan.com.gt\/producto\/access-point-ubiquiti-networks-unifi-uap-ac-pro-e-de-doble-banda-ubiquiti-networks-uap-ac-pro\/#primaryimage","url":"\/wp-content\/uploads\/2023\/03\/d6ddd12f-8b03-4968-b549-dd0ae0b59c3b.59d39cc5ca1d9afd691bdec119c35cd8.jpeg","contentUrl":"\/wp-content\/uploads\/2023\/03\/d6ddd12f-8b03-4968-b549-dd0ae0b59c3b.59d39cc5ca1d9afd691bdec119c35cd8.jpeg","width":960,"height":960},{"@type":"BreadcrumbList","@id":"https:\/\/tecplan.com.gt\/producto\/access-point-ubiquiti-networks-unifi-uap-ac-pro-e-de-doble-banda-ubiquiti-networks-uap-ac-pro\/#breadcrumb","itemListElement":[{"@type":"ListItem","position":1,"name":"Portada","item":"https:\/\/tecplan.com.gt\/"},{"@type":"ListItem","position":2,"name":"Productos","item":"https:\/\/tecplan.com.gt\/shop\/"},{"@type":"ListItem","position":3,"name":"Access Point Ubiquiti Networks UniFi UAP-AC-PRO-E de doble banda Ubiquiti Networks UAP-AC-PRO"}]},{"@type":"WebSite","@id":"https:\/\/tecplan.com.gt\/#website","url":"https:\/\/tecplan.com.gt\/","name":"Tecplan Argentina","description":"Tecnolog\u00edas y equipos de telecomunicaciones","publisher":{"@id":"https:\/\/tecplan.com.gt\/#organization"},"potentialAction":[{"@type":"SearchAction","target":{"@type":"EntryPoint","urlTemplate":"https:\/\/tecplan.com.gt\/?s={search_term_string}"},"query-input":{"@type":"PropertyValueSpecification","valueRequired":true,"valueName":"search_term_string"}}],"inLanguage":"en-US"},{"@type":"Organization","@id":"https:\/\/tecplan.com.gt\/#organization","name":"Tecplan Argentina","url":"https:\/\/tecplan.com.gt\/","logo":{"@type":"ImageObject","inLanguage":"en-US","@id":"https:\/\/tecplan.com.gt\/#\/schema\/logo\/image\/","url":"\/wp-content\/uploads\/2023\/03\/logo-tecplan.gif","contentUrl":"\/wp-content\/uploads\/2023\/03\/logo-tecplan.gif","width":1920,"height":486,"caption":"Tecplan Argentina"},"image":{"@id":"https:\/\/tecplan.com.gt\/#\/schema\/logo\/image\/"}}]}},"_links":{"self":[{"href":"https:\/\/tecplan.com.gt\/en\/wp-json\/wp\/v2\/product\/2180"}],"collection":[{"href":"https:\/\/tecplan.com.gt\/en\/wp-json\/wp\/v2\/product"}],"about":[{"href":"https:\/\/tecplan.com.gt\/en\/wp-json\/wp\/v2\/types\/product"}],"replies":[{"embeddable":true,"href":"https:\/\/tecplan.com.gt\/en\/wp-json\/wp\/v2\/comments?post=2180"}],"version-history":[{"count":1,"href":"https:\/\/tecplan.com.gt\/en\/wp-json\/wp\/v2\/product\/2180\/revisions"}],"predecessor-version":[{"id":8968,"href":"https:\/\/tecplan.com.gt\/en\/wp-json\/wp\/v2\/product\/2180\/revisions\/8968"}],"wp:featuredmedia":[{"embeddable":true,"href":"https:\/\/tecplan.com.gt\/en\/wp-json\/wp\/v2\/media\/2181"}],"wp:attachment":[{"href":"https:\/\/tecplan.com.gt\/en\/wp-json\/wp\/v2\/media?parent=2180"}],"wp:term":[{"taxonomy":"product_brand","embeddable":true,"href":"https:\/\/tecplan.com.gt\/en\/wp-json\/wp\/v2\/product_brand?post=2180"},{"taxonomy":"product_cat","embeddable":true,"href":"https:\/\/tecplan.com.gt\/en\/wp-json\/wp\/v2\/product_cat?post=2180"},{"taxonomy":"product_tag","embeddable":true,"href":"https:\/\/tecplan.com.gt\/en\/wp-json\/wp\/v2\/product_tag?post=2180"}],"curies":[{"name":"wp","href":"https:\/\/api.w.org\/{rel}","templated":true}]}}