{"id":2187,"date":"2021-10-04T19:02:44","date_gmt":"2021-10-04T22:02:44","guid":{"rendered":"https:\/\/tecplan.com.gt\/?post_type=product&#038;p=2187"},"modified":"2023-06-25T10:46:56","modified_gmt":"2023-06-25T14:46:56","slug":"antena-parabolica-ubiquiti-networks-rd-5g30-lw-con-30-dbi-de-ubiquiti-networks-rd-5g30-lw","status":"publish","type":"product","link":"https:\/\/tecplan.com.gt\/en\/product\/antena-parabolica-ubiquiti-networks-rd-5g30-lw-con-30-dbi-de-ubiquiti-networks-rd-5g30-lw\/","title":{"rendered":"Ubiquiti Networks RD-5G30-LW Satellite Dish with 30 dBi from Ubiquiti Networks RD-5G30-LW"},"content":{"rendered":"<p>Specifications: General Specifications Brand: Ubiquiti Networks Model: RD-5G30-LW Technical Specifications Band Power: 30 dBi Operating Frequency: 5.1 \u2013 5.9 GHz Polarization: Dual-Linear Type: Antenna Physical Characteristics Dimensions: 650 x 650 x386 mm Weight: 7.4 kg<\/p>","protected":false},"excerpt":{"rendered":"<p>Specifications: General Specifications Brand: Ubiquiti Networks Model: RD-5G30-LW Technical Specifications Band Power: 30 dBi Operating Frequency: 5.1 \u2013 5.9 GHz Polarization: Dual-Linear Type: Antenna Physical Characteristics Dimensions: 650 x 650 x386 mm Weight: 7.4 kg<\/p>","protected":false},"featured_media":2188,"comment_status":"open","ping_status":"closed","template":"","meta":{"site-sidebar-layout":"default","site-content-layout":"","ast-site-content-layout":"","site-content-style":"default","site-sidebar-style":"default","ast-global-header-display":"","ast-banner-title-visibility":"","ast-main-header-display":"","ast-hfb-above-header-display":"","ast-hfb-below-header-display":"","ast-hfb-mobile-header-display":"","site-post-title":"","ast-breadcrumbs-content":"","ast-featured-img":"","footer-sml-layout":"","theme-transparent-header-meta":"","adv-header-id-meta":"","stick-header-meta":"","header-above-stick-meta":"","header-main-stick-meta":"","header-below-stick-meta":"","astra-migrate-meta-layouts":"default","ast-page-background-enabled":"default","ast-page-background-meta":{"desktop":{"background-color":"var(--ast-global-color-4)","background-image":"","background-repeat":"repeat","background-position":"center center","background-size":"auto","background-attachment":"scroll","background-type":"","background-media":"","overlay-type":"","overlay-color":"","overlay-opacity":"","overlay-gradient":""},"tablet":{"background-color":"","background-image":"","background-repeat":"repeat","background-position":"center center","background-size":"auto","background-attachment":"scroll","background-type":"","background-media":"","overlay-type":"","overlay-color":"","overlay-opacity":"","overlay-gradient":""},"mobile":{"background-color":"","background-image":"","background-repeat":"repeat","background-position":"center center","background-size":"auto","background-attachment":"scroll","background-type":"","background-media":"","overlay-type":"","overlay-color":"","overlay-opacity":"","overlay-gradient":""}},"ast-content-background-meta":{"desktop":{"background-color":"var(--ast-global-color-5)","background-image":"","background-repeat":"repeat","background-position":"center center","background-size":"auto","background-attachment":"scroll","background-type":"","background-media":"","overlay-type":"","overlay-color":"","overlay-opacity":"","overlay-gradient":""},"tablet":{"background-color":"var(--ast-global-color-5)","background-image":"","background-repeat":"repeat","background-position":"center center","background-size":"auto","background-attachment":"scroll","background-type":"","background-media":"","overlay-type":"","overlay-color":"","overlay-opacity":"","overlay-gradient":""},"mobile":{"background-color":"var(--ast-global-color-5)","background-image":"","background-repeat":"repeat","background-position":"center center","background-size":"auto","background-attachment":"scroll","background-type":"","background-media":"","overlay-type":"","overlay-color":"","overlay-opacity":"","overlay-gradient":""}}},"product_brand":[],"product_cat":[38],"product_tag":[62],"class_list":{"0":"post-2187","1":"product","2":"type-product","3":"status-publish","4":"has-post-thumbnail","6":"product_cat-ubiquiti","7":"product_tag-ubiquiti","8":"desktop-align-left","9":"tablet-align-left","10":"mobile-align-left","12":"first","13":"instock","14":"shipping-taxable","15":"product-type-simple"},"yoast_head":"<!-- This site is optimized with the Yoast SEO plugin v24.6 - https:\/\/yoast.com\/wordpress\/plugins\/seo\/ -->\n<title>Antena parab\u00f3lica Ubiquiti Networks RD-5G30-LW con 30 dBi de Ubiquiti Networks RD-5G30-LW -<\/title>\n<meta name=\"robots\" content=\"index, follow, max-snippet:-1, max-image-preview:large, max-video-preview:-1\" \/>\n<link rel=\"canonical\" href=\"https:\/\/tecplan.com.gt\/en\/product\/antena-parabolica-ubiquiti-networks-rd-5g30-lw-con-30-dbi-de-ubiquiti-networks-rd-5g30-lw\/\" \/>\n<meta property=\"og:locale\" content=\"en_US\" \/>\n<meta property=\"og:type\" content=\"article\" \/>\n<meta property=\"og:title\" content=\"Antena parab\u00f3lica Ubiquiti Networks RD-5G30-LW con 30 dBi de Ubiquiti Networks RD-5G30-LW -\" \/>\n<meta property=\"og:description\" content=\"Especificaciones: Especificaciones Generales Marca: Ubiquiti Networks Modelo: RD-5G30-LW Especificaciones T\u00e9cnicas Potencia de Banda: 30 dBi Frecuencia de Operaci\u00f3n: 5.1 - 5.9 GHz Polarizaci\u00f3n: Dual-Linear Tipo: Antena Caracter\u00edsticas F\u00edsicas Dimensiones: 650 x 650 x386 mm Peso: 7.4 kg\" \/>\n<meta property=\"og:url\" content=\"https:\/\/tecplan.com.gt\/en\/product\/antena-parabolica-ubiquiti-networks-rd-5g30-lw-con-30-dbi-de-ubiquiti-networks-rd-5g30-lw\/\" \/>\n<meta property=\"article:modified_time\" content=\"2023-06-25T14:46:56+00:00\" \/>\n<meta property=\"og:image\" content=\"https:\/\/tecplan.com.gt\/wp-content\/uploads\/2023\/03\/de6ee93c-f648-49ad-babe-97d6b07a24b4.c99fdad32ab763437d151220e830ad2b.jpeg\" \/>\n\t<meta property=\"og:image:width\" content=\"960\" \/>\n\t<meta property=\"og:image:height\" content=\"960\" \/>\n\t<meta property=\"og:image:type\" content=\"image\/jpeg\" \/>\n<meta name=\"twitter:card\" content=\"summary_large_image\" \/>\n<meta name=\"twitter:label1\" content=\"Est. reading time\" \/>\n\t<meta name=\"twitter:data1\" content=\"1 minute\" \/>\n<script type=\"application\/ld+json\" class=\"yoast-schema-graph\">{\"@context\":\"https:\/\/schema.org\",\"@graph\":[{\"@type\":\"WebPage\",\"@id\":\"https:\/\/tecplan.com.gt\/producto\/antena-parabolica-ubiquiti-networks-rd-5g30-lw-con-30-dbi-de-ubiquiti-networks-rd-5g30-lw\/\",\"url\":\"https:\/\/tecplan.com.gt\/producto\/antena-parabolica-ubiquiti-networks-rd-5g30-lw-con-30-dbi-de-ubiquiti-networks-rd-5g30-lw\/\",\"name\":\"Antena parab\u00f3lica Ubiquiti Networks RD-5G30-LW con 30 dBi de Ubiquiti Networks RD-5G30-LW -\",\"isPartOf\":{\"@id\":\"https:\/\/tecplan.com.gt\/#website\"},\"primaryImageOfPage\":{\"@id\":\"https:\/\/tecplan.com.gt\/producto\/antena-parabolica-ubiquiti-networks-rd-5g30-lw-con-30-dbi-de-ubiquiti-networks-rd-5g30-lw\/#primaryimage\"},\"image\":{\"@id\":\"https:\/\/tecplan.com.gt\/producto\/antena-parabolica-ubiquiti-networks-rd-5g30-lw-con-30-dbi-de-ubiquiti-networks-rd-5g30-lw\/#primaryimage\"},\"thumbnailUrl\":\"\/wp-content\/uploads\/2023\/03\/de6ee93c-f648-49ad-babe-97d6b07a24b4.c99fdad32ab763437d151220e830ad2b.jpeg\",\"datePublished\":\"2021-10-04T22:02:44+00:00\",\"dateModified\":\"2023-06-25T14:46:56+00:00\",\"breadcrumb\":{\"@id\":\"https:\/\/tecplan.com.gt\/producto\/antena-parabolica-ubiquiti-networks-rd-5g30-lw-con-30-dbi-de-ubiquiti-networks-rd-5g30-lw\/#breadcrumb\"},\"inLanguage\":\"en-US\",\"potentialAction\":[{\"@type\":\"ReadAction\",\"target\":[\"https:\/\/tecplan.com.gt\/producto\/antena-parabolica-ubiquiti-networks-rd-5g30-lw-con-30-dbi-de-ubiquiti-networks-rd-5g30-lw\/\"]}]},{\"@type\":\"ImageObject\",\"inLanguage\":\"en-US\",\"@id\":\"https:\/\/tecplan.com.gt\/producto\/antena-parabolica-ubiquiti-networks-rd-5g30-lw-con-30-dbi-de-ubiquiti-networks-rd-5g30-lw\/#primaryimage\",\"url\":\"\/wp-content\/uploads\/2023\/03\/de6ee93c-f648-49ad-babe-97d6b07a24b4.c99fdad32ab763437d151220e830ad2b.jpeg\",\"contentUrl\":\"\/wp-content\/uploads\/2023\/03\/de6ee93c-f648-49ad-babe-97d6b07a24b4.c99fdad32ab763437d151220e830ad2b.jpeg\",\"width\":960,\"height\":960},{\"@type\":\"BreadcrumbList\",\"@id\":\"https:\/\/tecplan.com.gt\/producto\/antena-parabolica-ubiquiti-networks-rd-5g30-lw-con-30-dbi-de-ubiquiti-networks-rd-5g30-lw\/#breadcrumb\",\"itemListElement\":[{\"@type\":\"ListItem\",\"position\":1,\"name\":\"Portada\",\"item\":\"https:\/\/tecplan.com.gt\/\"},{\"@type\":\"ListItem\",\"position\":2,\"name\":\"Productos\",\"item\":\"https:\/\/tecplan.com.gt\/shop\/\"},{\"@type\":\"ListItem\",\"position\":3,\"name\":\"Antena parab\u00f3lica Ubiquiti Networks RD-5G30-LW con 30 dBi de Ubiquiti Networks RD-5G30-LW\"}]},{\"@type\":\"WebSite\",\"@id\":\"https:\/\/tecplan.com.gt\/#website\",\"url\":\"https:\/\/tecplan.com.gt\/\",\"name\":\"Tecplan Argentina\",\"description\":\"Tecnolog\u00edas y equipos de telecomunicaciones\",\"publisher\":{\"@id\":\"https:\/\/tecplan.com.gt\/#organization\"},\"potentialAction\":[{\"@type\":\"SearchAction\",\"target\":{\"@type\":\"EntryPoint\",\"urlTemplate\":\"https:\/\/tecplan.com.gt\/?s={search_term_string}\"},\"query-input\":{\"@type\":\"PropertyValueSpecification\",\"valueRequired\":true,\"valueName\":\"search_term_string\"}}],\"inLanguage\":\"en-US\"},{\"@type\":\"Organization\",\"@id\":\"https:\/\/tecplan.com.gt\/#organization\",\"name\":\"Tecplan Argentina\",\"url\":\"https:\/\/tecplan.com.gt\/\",\"logo\":{\"@type\":\"ImageObject\",\"inLanguage\":\"en-US\",\"@id\":\"https:\/\/tecplan.com.gt\/#\/schema\/logo\/image\/\",\"url\":\"\/wp-content\/uploads\/2023\/03\/logo-tecplan.gif\",\"contentUrl\":\"\/wp-content\/uploads\/2023\/03\/logo-tecplan.gif\",\"width\":1920,\"height\":486,\"caption\":\"Tecplan Argentina\"},\"image\":{\"@id\":\"https:\/\/tecplan.com.gt\/#\/schema\/logo\/image\/\"}}]}<\/script>\n<!-- \/ Yoast SEO plugin. -->","yoast_head_json":{"title":"Antena parab\u00f3lica Ubiquiti Networks RD-5G30-LW con 30 dBi de Ubiquiti Networks RD-5G30-LW -","robots":{"index":"index","follow":"follow","max-snippet":"max-snippet:-1","max-image-preview":"max-image-preview:large","max-video-preview":"max-video-preview:-1"},"canonical":"https:\/\/tecplan.com.gt\/en\/product\/antena-parabolica-ubiquiti-networks-rd-5g30-lw-con-30-dbi-de-ubiquiti-networks-rd-5g30-lw\/","og_locale":"en_US","og_type":"article","og_title":"Antena parab\u00f3lica Ubiquiti Networks RD-5G30-LW con 30 dBi de Ubiquiti Networks RD-5G30-LW -","og_description":"Especificaciones: Especificaciones Generales Marca: Ubiquiti Networks Modelo: RD-5G30-LW Especificaciones T\u00e9cnicas Potencia de Banda: 30 dBi Frecuencia de Operaci\u00f3n: 5.1 - 5.9 GHz Polarizaci\u00f3n: Dual-Linear Tipo: Antena Caracter\u00edsticas F\u00edsicas Dimensiones: 650 x 650 x386 mm Peso: 7.4 kg","og_url":"https:\/\/tecplan.com.gt\/en\/product\/antena-parabolica-ubiquiti-networks-rd-5g30-lw-con-30-dbi-de-ubiquiti-networks-rd-5g30-lw\/","article_modified_time":"2023-06-25T14:46:56+00:00","og_image":[{"width":960,"height":960,"url":"https:\/\/tecplan.com.gt\/wp-content\/uploads\/2023\/03\/de6ee93c-f648-49ad-babe-97d6b07a24b4.c99fdad32ab763437d151220e830ad2b.jpeg","type":"image\/jpeg"}],"twitter_card":"summary_large_image","twitter_misc":{"Est. reading time":"1 minute"},"schema":{"@context":"https:\/\/schema.org","@graph":[{"@type":"WebPage","@id":"https:\/\/tecplan.com.gt\/producto\/antena-parabolica-ubiquiti-networks-rd-5g30-lw-con-30-dbi-de-ubiquiti-networks-rd-5g30-lw\/","url":"https:\/\/tecplan.com.gt\/producto\/antena-parabolica-ubiquiti-networks-rd-5g30-lw-con-30-dbi-de-ubiquiti-networks-rd-5g30-lw\/","name":"Antena parab\u00f3lica Ubiquiti Networks RD-5G30-LW con 30 dBi de Ubiquiti Networks RD-5G30-LW -","isPartOf":{"@id":"https:\/\/tecplan.com.gt\/#website"},"primaryImageOfPage":{"@id":"https:\/\/tecplan.com.gt\/producto\/antena-parabolica-ubiquiti-networks-rd-5g30-lw-con-30-dbi-de-ubiquiti-networks-rd-5g30-lw\/#primaryimage"},"image":{"@id":"https:\/\/tecplan.com.gt\/producto\/antena-parabolica-ubiquiti-networks-rd-5g30-lw-con-30-dbi-de-ubiquiti-networks-rd-5g30-lw\/#primaryimage"},"thumbnailUrl":"\/wp-content\/uploads\/2023\/03\/de6ee93c-f648-49ad-babe-97d6b07a24b4.c99fdad32ab763437d151220e830ad2b.jpeg","datePublished":"2021-10-04T22:02:44+00:00","dateModified":"2023-06-25T14:46:56+00:00","breadcrumb":{"@id":"https:\/\/tecplan.com.gt\/producto\/antena-parabolica-ubiquiti-networks-rd-5g30-lw-con-30-dbi-de-ubiquiti-networks-rd-5g30-lw\/#breadcrumb"},"inLanguage":"en-US","potentialAction":[{"@type":"ReadAction","target":["https:\/\/tecplan.com.gt\/producto\/antena-parabolica-ubiquiti-networks-rd-5g30-lw-con-30-dbi-de-ubiquiti-networks-rd-5g30-lw\/"]}]},{"@type":"ImageObject","inLanguage":"en-US","@id":"https:\/\/tecplan.com.gt\/producto\/antena-parabolica-ubiquiti-networks-rd-5g30-lw-con-30-dbi-de-ubiquiti-networks-rd-5g30-lw\/#primaryimage","url":"\/wp-content\/uploads\/2023\/03\/de6ee93c-f648-49ad-babe-97d6b07a24b4.c99fdad32ab763437d151220e830ad2b.jpeg","contentUrl":"\/wp-content\/uploads\/2023\/03\/de6ee93c-f648-49ad-babe-97d6b07a24b4.c99fdad32ab763437d151220e830ad2b.jpeg","width":960,"height":960},{"@type":"BreadcrumbList","@id":"https:\/\/tecplan.com.gt\/producto\/antena-parabolica-ubiquiti-networks-rd-5g30-lw-con-30-dbi-de-ubiquiti-networks-rd-5g30-lw\/#breadcrumb","itemListElement":[{"@type":"ListItem","position":1,"name":"Portada","item":"https:\/\/tecplan.com.gt\/"},{"@type":"ListItem","position":2,"name":"Productos","item":"https:\/\/tecplan.com.gt\/shop\/"},{"@type":"ListItem","position":3,"name":"Antena parab\u00f3lica Ubiquiti Networks RD-5G30-LW con 30 dBi de Ubiquiti Networks RD-5G30-LW"}]},{"@type":"WebSite","@id":"https:\/\/tecplan.com.gt\/#website","url":"https:\/\/tecplan.com.gt\/","name":"Tecplan Argentina","description":"Tecnolog\u00edas y equipos de telecomunicaciones","publisher":{"@id":"https:\/\/tecplan.com.gt\/#organization"},"potentialAction":[{"@type":"SearchAction","target":{"@type":"EntryPoint","urlTemplate":"https:\/\/tecplan.com.gt\/?s={search_term_string}"},"query-input":{"@type":"PropertyValueSpecification","valueRequired":true,"valueName":"search_term_string"}}],"inLanguage":"en-US"},{"@type":"Organization","@id":"https:\/\/tecplan.com.gt\/#organization","name":"Tecplan Argentina","url":"https:\/\/tecplan.com.gt\/","logo":{"@type":"ImageObject","inLanguage":"en-US","@id":"https:\/\/tecplan.com.gt\/#\/schema\/logo\/image\/","url":"\/wp-content\/uploads\/2023\/03\/logo-tecplan.gif","contentUrl":"\/wp-content\/uploads\/2023\/03\/logo-tecplan.gif","width":1920,"height":486,"caption":"Tecplan Argentina"},"image":{"@id":"https:\/\/tecplan.com.gt\/#\/schema\/logo\/image\/"}}]}},"_links":{"self":[{"href":"https:\/\/tecplan.com.gt\/en\/wp-json\/wp\/v2\/product\/2187"}],"collection":[{"href":"https:\/\/tecplan.com.gt\/en\/wp-json\/wp\/v2\/product"}],"about":[{"href":"https:\/\/tecplan.com.gt\/en\/wp-json\/wp\/v2\/types\/product"}],"replies":[{"embeddable":true,"href":"https:\/\/tecplan.com.gt\/en\/wp-json\/wp\/v2\/comments?post=2187"}],"version-history":[{"count":1,"href":"https:\/\/tecplan.com.gt\/en\/wp-json\/wp\/v2\/product\/2187\/revisions"}],"predecessor-version":[{"id":8966,"href":"https:\/\/tecplan.com.gt\/en\/wp-json\/wp\/v2\/product\/2187\/revisions\/8966"}],"wp:featuredmedia":[{"embeddable":true,"href":"https:\/\/tecplan.com.gt\/en\/wp-json\/wp\/v2\/media\/2188"}],"wp:attachment":[{"href":"https:\/\/tecplan.com.gt\/en\/wp-json\/wp\/v2\/media?parent=2187"}],"wp:term":[{"taxonomy":"product_brand","embeddable":true,"href":"https:\/\/tecplan.com.gt\/en\/wp-json\/wp\/v2\/product_brand?post=2187"},{"taxonomy":"product_cat","embeddable":true,"href":"https:\/\/tecplan.com.gt\/en\/wp-json\/wp\/v2\/product_cat?post=2187"},{"taxonomy":"product_tag","embeddable":true,"href":"https:\/\/tecplan.com.gt\/en\/wp-json\/wp\/v2\/product_tag?post=2187"}],"curies":[{"name":"wp","href":"https:\/\/api.w.org\/{rel}","templated":true}]}}