{"id":2221,"date":"2021-10-04T19:36:40","date_gmt":"2021-10-04T22:36:40","guid":{"rendered":"https:\/\/tecplan.com.gt\/?post_type=product&#038;p=2221"},"modified":"2023-06-25T10:46:47","modified_gmt":"2023-06-25T14:46:47","slug":"cpe-de-exterior-ubiquiti-networks-nanobeam-m5-de-16-dbi-5-ghz-ubiquiti-networks-nbe-m5-16","status":"publish","type":"product","link":"https:\/\/tecplan.com.gt\/en\/product\/cpe-de-exterior-ubiquiti-networks-nanobeam-m5-de-16-dbi-5-ghz-ubiquiti-networks-nbe-m5-16\/","title":{"rendered":"Ubiquiti Networks Nanobeam M5 16 dBi 5 GHz Outdoor CPE . Ubiquiti Networks NBE-M5-16"},"content":{"rendered":"<p>Technical Specifications Proprietary signaling AirMax (MIMO TDMA) airOS 5 System Fast Ethernet Connector 10\/100 Mbps Output Power 400 mW Bandwidth 300 Mbps Adjustable Channel 5 to 40 MHz Parabolic MIMO Antenna 16 dBi gain Simultaneous Dual Polarity Vertical and Horizontal<\/p>","protected":false},"excerpt":{"rendered":"<p>Technical Specifications Proprietary signaling AirMax (MIMO TDMA) airOS 5 System Fast Ethernet Connector 10\/100 Mbps Output Power 400 mW Bandwidth 300 Mbps Adjustable Channel 5 to 40 MHz Parabolic MIMO Antenna 16 dBi gain Simultaneous Dual Polarity Vertical and Horizontal<\/p>","protected":false},"featured_media":2222,"comment_status":"open","ping_status":"closed","template":"","meta":{"site-sidebar-layout":"default","site-content-layout":"","ast-site-content-layout":"","site-content-style":"default","site-sidebar-style":"default","ast-global-header-display":"","ast-banner-title-visibility":"","ast-main-header-display":"","ast-hfb-above-header-display":"","ast-hfb-below-header-display":"","ast-hfb-mobile-header-display":"","site-post-title":"","ast-breadcrumbs-content":"","ast-featured-img":"","footer-sml-layout":"","theme-transparent-header-meta":"","adv-header-id-meta":"","stick-header-meta":"","header-above-stick-meta":"","header-main-stick-meta":"","header-below-stick-meta":"","astra-migrate-meta-layouts":"default","ast-page-background-enabled":"default","ast-page-background-meta":{"desktop":{"background-color":"var(--ast-global-color-4)","background-image":"","background-repeat":"repeat","background-position":"center center","background-size":"auto","background-attachment":"scroll","background-type":"","background-media":"","overlay-type":"","overlay-color":"","overlay-opacity":"","overlay-gradient":""},"tablet":{"background-color":"","background-image":"","background-repeat":"repeat","background-position":"center center","background-size":"auto","background-attachment":"scroll","background-type":"","background-media":"","overlay-type":"","overlay-color":"","overlay-opacity":"","overlay-gradient":""},"mobile":{"background-color":"","background-image":"","background-repeat":"repeat","background-position":"center center","background-size":"auto","background-attachment":"scroll","background-type":"","background-media":"","overlay-type":"","overlay-color":"","overlay-opacity":"","overlay-gradient":""}},"ast-content-background-meta":{"desktop":{"background-color":"var(--ast-global-color-5)","background-image":"","background-repeat":"repeat","background-position":"center center","background-size":"auto","background-attachment":"scroll","background-type":"","background-media":"","overlay-type":"","overlay-color":"","overlay-opacity":"","overlay-gradient":""},"tablet":{"background-color":"var(--ast-global-color-5)","background-image":"","background-repeat":"repeat","background-position":"center center","background-size":"auto","background-attachment":"scroll","background-type":"","background-media":"","overlay-type":"","overlay-color":"","overlay-opacity":"","overlay-gradient":""},"mobile":{"background-color":"var(--ast-global-color-5)","background-image":"","background-repeat":"repeat","background-position":"center center","background-size":"auto","background-attachment":"scroll","background-type":"","background-media":"","overlay-type":"","overlay-color":"","overlay-opacity":"","overlay-gradient":""}}},"product_brand":[],"product_cat":[38],"product_tag":[62],"class_list":{"0":"post-2221","1":"product","2":"type-product","3":"status-publish","4":"has-post-thumbnail","6":"product_cat-ubiquiti","7":"product_tag-ubiquiti","8":"desktop-align-left","9":"tablet-align-left","10":"mobile-align-left","12":"first","13":"instock","14":"shipping-taxable","15":"product-type-simple"},"yoast_head":"<!-- This site is optimized with the Yoast SEO plugin v24.6 - https:\/\/yoast.com\/wordpress\/plugins\/seo\/ -->\n<title>CPE de Exterior Ubiquiti Networks Nanobeam M5 de 16 dBi 5 GHz . Ubiquiti Networks NBE-M5-16 -<\/title>\n<meta name=\"robots\" content=\"index, follow, max-snippet:-1, max-image-preview:large, max-video-preview:-1\" \/>\n<link rel=\"canonical\" href=\"https:\/\/tecplan.com.gt\/en\/product\/cpe-de-exterior-ubiquiti-networks-nanobeam-m5-de-16-dbi-5-ghz-ubiquiti-networks-nbe-m5-16\/\" \/>\n<meta property=\"og:locale\" content=\"en_US\" \/>\n<meta property=\"og:type\" content=\"article\" \/>\n<meta property=\"og:title\" content=\"CPE de Exterior Ubiquiti Networks Nanobeam M5 de 16 dBi 5 GHz . Ubiquiti Networks NBE-M5-16 -\" \/>\n<meta property=\"og:description\" content=\"Especificaciones T\u00e9cnicas Se\u00f1alizaci\u00f3n propietaria AirMax (MIMO TDMA) Sistema airOS 5 Conector Fast Ethernet 10\/100 Mbps Potencia de Salida 400 mW Ancho de Banda 300 Mbps Canal ajustable 5 hasta 40 MHz Antena MIMO parab\u00f3lica 16\u00a0dBi de ganancia Doble Polaridad Simult\u00e1nea Vertical y Horizontal\" \/>\n<meta property=\"og:url\" content=\"https:\/\/tecplan.com.gt\/en\/product\/cpe-de-exterior-ubiquiti-networks-nanobeam-m5-de-16-dbi-5-ghz-ubiquiti-networks-nbe-m5-16\/\" \/>\n<meta property=\"article:modified_time\" content=\"2023-06-25T14:46:47+00:00\" \/>\n<meta property=\"og:image\" content=\"https:\/\/tecplan.com.gt\/wp-content\/uploads\/2023\/03\/3a3c7142-393c-4605-8dfb-e825d8aa18d7.ca3077ec5b70674a57f7678c025c183a.jpeg\" \/>\n\t<meta property=\"og:image:width\" content=\"960\" \/>\n\t<meta property=\"og:image:height\" content=\"960\" \/>\n\t<meta property=\"og:image:type\" content=\"image\/jpeg\" \/>\n<meta name=\"twitter:card\" content=\"summary_large_image\" \/>\n<meta name=\"twitter:label1\" content=\"Est. reading time\" \/>\n\t<meta name=\"twitter:data1\" content=\"1 minute\" \/>\n<script type=\"application\/ld+json\" class=\"yoast-schema-graph\">{\"@context\":\"https:\/\/schema.org\",\"@graph\":[{\"@type\":\"WebPage\",\"@id\":\"https:\/\/tecplan.com.gt\/producto\/cpe-de-exterior-ubiquiti-networks-nanobeam-m5-de-16-dbi-5-ghz-ubiquiti-networks-nbe-m5-16\/\",\"url\":\"https:\/\/tecplan.com.gt\/producto\/cpe-de-exterior-ubiquiti-networks-nanobeam-m5-de-16-dbi-5-ghz-ubiquiti-networks-nbe-m5-16\/\",\"name\":\"CPE de Exterior Ubiquiti Networks Nanobeam M5 de 16 dBi 5 GHz . Ubiquiti Networks NBE-M5-16 -\",\"isPartOf\":{\"@id\":\"https:\/\/tecplan.com.gt\/#website\"},\"primaryImageOfPage\":{\"@id\":\"https:\/\/tecplan.com.gt\/producto\/cpe-de-exterior-ubiquiti-networks-nanobeam-m5-de-16-dbi-5-ghz-ubiquiti-networks-nbe-m5-16\/#primaryimage\"},\"image\":{\"@id\":\"https:\/\/tecplan.com.gt\/producto\/cpe-de-exterior-ubiquiti-networks-nanobeam-m5-de-16-dbi-5-ghz-ubiquiti-networks-nbe-m5-16\/#primaryimage\"},\"thumbnailUrl\":\"\/wp-content\/uploads\/2023\/03\/3a3c7142-393c-4605-8dfb-e825d8aa18d7.ca3077ec5b70674a57f7678c025c183a.jpeg\",\"datePublished\":\"2021-10-04T22:36:40+00:00\",\"dateModified\":\"2023-06-25T14:46:47+00:00\",\"breadcrumb\":{\"@id\":\"https:\/\/tecplan.com.gt\/producto\/cpe-de-exterior-ubiquiti-networks-nanobeam-m5-de-16-dbi-5-ghz-ubiquiti-networks-nbe-m5-16\/#breadcrumb\"},\"inLanguage\":\"en-US\",\"potentialAction\":[{\"@type\":\"ReadAction\",\"target\":[\"https:\/\/tecplan.com.gt\/producto\/cpe-de-exterior-ubiquiti-networks-nanobeam-m5-de-16-dbi-5-ghz-ubiquiti-networks-nbe-m5-16\/\"]}]},{\"@type\":\"ImageObject\",\"inLanguage\":\"en-US\",\"@id\":\"https:\/\/tecplan.com.gt\/producto\/cpe-de-exterior-ubiquiti-networks-nanobeam-m5-de-16-dbi-5-ghz-ubiquiti-networks-nbe-m5-16\/#primaryimage\",\"url\":\"\/wp-content\/uploads\/2023\/03\/3a3c7142-393c-4605-8dfb-e825d8aa18d7.ca3077ec5b70674a57f7678c025c183a.jpeg\",\"contentUrl\":\"\/wp-content\/uploads\/2023\/03\/3a3c7142-393c-4605-8dfb-e825d8aa18d7.ca3077ec5b70674a57f7678c025c183a.jpeg\",\"width\":960,\"height\":960},{\"@type\":\"BreadcrumbList\",\"@id\":\"https:\/\/tecplan.com.gt\/producto\/cpe-de-exterior-ubiquiti-networks-nanobeam-m5-de-16-dbi-5-ghz-ubiquiti-networks-nbe-m5-16\/#breadcrumb\",\"itemListElement\":[{\"@type\":\"ListItem\",\"position\":1,\"name\":\"Portada\",\"item\":\"https:\/\/tecplan.com.gt\/\"},{\"@type\":\"ListItem\",\"position\":2,\"name\":\"Productos\",\"item\":\"https:\/\/tecplan.com.gt\/shop\/\"},{\"@type\":\"ListItem\",\"position\":3,\"name\":\"CPE de Exterior Ubiquiti Networks Nanobeam M5 de 16 dBi 5 GHz . Ubiquiti Networks NBE-M5-16\"}]},{\"@type\":\"WebSite\",\"@id\":\"https:\/\/tecplan.com.gt\/#website\",\"url\":\"https:\/\/tecplan.com.gt\/\",\"name\":\"Tecplan Argentina\",\"description\":\"Tecnolog\u00edas y equipos de telecomunicaciones\",\"publisher\":{\"@id\":\"https:\/\/tecplan.com.gt\/#organization\"},\"potentialAction\":[{\"@type\":\"SearchAction\",\"target\":{\"@type\":\"EntryPoint\",\"urlTemplate\":\"https:\/\/tecplan.com.gt\/?s={search_term_string}\"},\"query-input\":{\"@type\":\"PropertyValueSpecification\",\"valueRequired\":true,\"valueName\":\"search_term_string\"}}],\"inLanguage\":\"en-US\"},{\"@type\":\"Organization\",\"@id\":\"https:\/\/tecplan.com.gt\/#organization\",\"name\":\"Tecplan Argentina\",\"url\":\"https:\/\/tecplan.com.gt\/\",\"logo\":{\"@type\":\"ImageObject\",\"inLanguage\":\"en-US\",\"@id\":\"https:\/\/tecplan.com.gt\/#\/schema\/logo\/image\/\",\"url\":\"\/wp-content\/uploads\/2023\/03\/logo-tecplan.gif\",\"contentUrl\":\"\/wp-content\/uploads\/2023\/03\/logo-tecplan.gif\",\"width\":1920,\"height\":486,\"caption\":\"Tecplan Argentina\"},\"image\":{\"@id\":\"https:\/\/tecplan.com.gt\/#\/schema\/logo\/image\/\"}}]}<\/script>\n<!-- \/ Yoast SEO plugin. -->","yoast_head_json":{"title":"CPE de Exterior Ubiquiti Networks Nanobeam M5 de 16 dBi 5 GHz . Ubiquiti Networks NBE-M5-16 -","robots":{"index":"index","follow":"follow","max-snippet":"max-snippet:-1","max-image-preview":"max-image-preview:large","max-video-preview":"max-video-preview:-1"},"canonical":"https:\/\/tecplan.com.gt\/en\/product\/cpe-de-exterior-ubiquiti-networks-nanobeam-m5-de-16-dbi-5-ghz-ubiquiti-networks-nbe-m5-16\/","og_locale":"en_US","og_type":"article","og_title":"CPE de Exterior Ubiquiti Networks Nanobeam M5 de 16 dBi 5 GHz . Ubiquiti Networks NBE-M5-16 -","og_description":"Especificaciones T\u00e9cnicas Se\u00f1alizaci\u00f3n propietaria AirMax (MIMO TDMA) Sistema airOS 5 Conector Fast Ethernet 10\/100 Mbps Potencia de Salida 400 mW Ancho de Banda 300 Mbps Canal ajustable 5 hasta 40 MHz Antena MIMO parab\u00f3lica 16\u00a0dBi de ganancia Doble Polaridad Simult\u00e1nea Vertical y Horizontal","og_url":"https:\/\/tecplan.com.gt\/en\/product\/cpe-de-exterior-ubiquiti-networks-nanobeam-m5-de-16-dbi-5-ghz-ubiquiti-networks-nbe-m5-16\/","article_modified_time":"2023-06-25T14:46:47+00:00","og_image":[{"width":960,"height":960,"url":"https:\/\/tecplan.com.gt\/wp-content\/uploads\/2023\/03\/3a3c7142-393c-4605-8dfb-e825d8aa18d7.ca3077ec5b70674a57f7678c025c183a.jpeg","type":"image\/jpeg"}],"twitter_card":"summary_large_image","twitter_misc":{"Est. reading time":"1 minute"},"schema":{"@context":"https:\/\/schema.org","@graph":[{"@type":"WebPage","@id":"https:\/\/tecplan.com.gt\/producto\/cpe-de-exterior-ubiquiti-networks-nanobeam-m5-de-16-dbi-5-ghz-ubiquiti-networks-nbe-m5-16\/","url":"https:\/\/tecplan.com.gt\/producto\/cpe-de-exterior-ubiquiti-networks-nanobeam-m5-de-16-dbi-5-ghz-ubiquiti-networks-nbe-m5-16\/","name":"CPE de Exterior Ubiquiti Networks Nanobeam M5 de 16 dBi 5 GHz . Ubiquiti Networks NBE-M5-16 -","isPartOf":{"@id":"https:\/\/tecplan.com.gt\/#website"},"primaryImageOfPage":{"@id":"https:\/\/tecplan.com.gt\/producto\/cpe-de-exterior-ubiquiti-networks-nanobeam-m5-de-16-dbi-5-ghz-ubiquiti-networks-nbe-m5-16\/#primaryimage"},"image":{"@id":"https:\/\/tecplan.com.gt\/producto\/cpe-de-exterior-ubiquiti-networks-nanobeam-m5-de-16-dbi-5-ghz-ubiquiti-networks-nbe-m5-16\/#primaryimage"},"thumbnailUrl":"\/wp-content\/uploads\/2023\/03\/3a3c7142-393c-4605-8dfb-e825d8aa18d7.ca3077ec5b70674a57f7678c025c183a.jpeg","datePublished":"2021-10-04T22:36:40+00:00","dateModified":"2023-06-25T14:46:47+00:00","breadcrumb":{"@id":"https:\/\/tecplan.com.gt\/producto\/cpe-de-exterior-ubiquiti-networks-nanobeam-m5-de-16-dbi-5-ghz-ubiquiti-networks-nbe-m5-16\/#breadcrumb"},"inLanguage":"en-US","potentialAction":[{"@type":"ReadAction","target":["https:\/\/tecplan.com.gt\/producto\/cpe-de-exterior-ubiquiti-networks-nanobeam-m5-de-16-dbi-5-ghz-ubiquiti-networks-nbe-m5-16\/"]}]},{"@type":"ImageObject","inLanguage":"en-US","@id":"https:\/\/tecplan.com.gt\/producto\/cpe-de-exterior-ubiquiti-networks-nanobeam-m5-de-16-dbi-5-ghz-ubiquiti-networks-nbe-m5-16\/#primaryimage","url":"\/wp-content\/uploads\/2023\/03\/3a3c7142-393c-4605-8dfb-e825d8aa18d7.ca3077ec5b70674a57f7678c025c183a.jpeg","contentUrl":"\/wp-content\/uploads\/2023\/03\/3a3c7142-393c-4605-8dfb-e825d8aa18d7.ca3077ec5b70674a57f7678c025c183a.jpeg","width":960,"height":960},{"@type":"BreadcrumbList","@id":"https:\/\/tecplan.com.gt\/producto\/cpe-de-exterior-ubiquiti-networks-nanobeam-m5-de-16-dbi-5-ghz-ubiquiti-networks-nbe-m5-16\/#breadcrumb","itemListElement":[{"@type":"ListItem","position":1,"name":"Portada","item":"https:\/\/tecplan.com.gt\/"},{"@type":"ListItem","position":2,"name":"Productos","item":"https:\/\/tecplan.com.gt\/shop\/"},{"@type":"ListItem","position":3,"name":"CPE de Exterior Ubiquiti Networks Nanobeam M5 de 16 dBi 5 GHz . Ubiquiti Networks NBE-M5-16"}]},{"@type":"WebSite","@id":"https:\/\/tecplan.com.gt\/#website","url":"https:\/\/tecplan.com.gt\/","name":"Tecplan Argentina","description":"Tecnolog\u00edas y equipos de telecomunicaciones","publisher":{"@id":"https:\/\/tecplan.com.gt\/#organization"},"potentialAction":[{"@type":"SearchAction","target":{"@type":"EntryPoint","urlTemplate":"https:\/\/tecplan.com.gt\/?s={search_term_string}"},"query-input":{"@type":"PropertyValueSpecification","valueRequired":true,"valueName":"search_term_string"}}],"inLanguage":"en-US"},{"@type":"Organization","@id":"https:\/\/tecplan.com.gt\/#organization","name":"Tecplan Argentina","url":"https:\/\/tecplan.com.gt\/","logo":{"@type":"ImageObject","inLanguage":"en-US","@id":"https:\/\/tecplan.com.gt\/#\/schema\/logo\/image\/","url":"\/wp-content\/uploads\/2023\/03\/logo-tecplan.gif","contentUrl":"\/wp-content\/uploads\/2023\/03\/logo-tecplan.gif","width":1920,"height":486,"caption":"Tecplan Argentina"},"image":{"@id":"https:\/\/tecplan.com.gt\/#\/schema\/logo\/image\/"}}]}},"_links":{"self":[{"href":"https:\/\/tecplan.com.gt\/en\/wp-json\/wp\/v2\/product\/2221"}],"collection":[{"href":"https:\/\/tecplan.com.gt\/en\/wp-json\/wp\/v2\/product"}],"about":[{"href":"https:\/\/tecplan.com.gt\/en\/wp-json\/wp\/v2\/types\/product"}],"replies":[{"embeddable":true,"href":"https:\/\/tecplan.com.gt\/en\/wp-json\/wp\/v2\/comments?post=2221"}],"version-history":[{"count":1,"href":"https:\/\/tecplan.com.gt\/en\/wp-json\/wp\/v2\/product\/2221\/revisions"}],"predecessor-version":[{"id":8955,"href":"https:\/\/tecplan.com.gt\/en\/wp-json\/wp\/v2\/product\/2221\/revisions\/8955"}],"wp:featuredmedia":[{"embeddable":true,"href":"https:\/\/tecplan.com.gt\/en\/wp-json\/wp\/v2\/media\/2222"}],"wp:attachment":[{"href":"https:\/\/tecplan.com.gt\/en\/wp-json\/wp\/v2\/media?parent=2221"}],"wp:term":[{"taxonomy":"product_brand","embeddable":true,"href":"https:\/\/tecplan.com.gt\/en\/wp-json\/wp\/v2\/product_brand?post=2221"},{"taxonomy":"product_cat","embeddable":true,"href":"https:\/\/tecplan.com.gt\/en\/wp-json\/wp\/v2\/product_cat?post=2221"},{"taxonomy":"product_tag","embeddable":true,"href":"https:\/\/tecplan.com.gt\/en\/wp-json\/wp\/v2\/product_tag?post=2221"}],"curies":[{"name":"wp","href":"https:\/\/api.w.org\/{rel}","templated":true}]}}