{"id":2229,"date":"2021-10-04T19:42:57","date_gmt":"2021-10-04T22:42:57","guid":{"rendered":"https:\/\/tecplan.com.gt\/?post_type=product&#038;p=2229"},"modified":"2023-03-17T09:32:31","modified_gmt":"2023-03-17T12:32:31","slug":"series-ds4600-para-comercios-minoristas","status":"publish","type":"product","link":"https:\/\/tecplan.com.gt\/en\/product\/series-ds4600-para-comercios-minoristas\/","title":{"rendered":"ZEBRA DS4600 Series for Retail"},"content":{"rendered":"<p>With the DS4600 Series devices, you get a wide range of innovative productivity-enhancing solutions to execute more transactions and tasks across the store. Intelligent Document Capture doesn\u2019t just capture document images\u2014it also automatically reorients, straightens and brightens the image so you can work with optimal clarity.<\/p>","protected":false},"excerpt":{"rendered":"<p>With the DS4600 Series devices, you get a wide range of innovative productivity-enhancing solutions to execute more transactions and tasks across the store. Intelligent Document Capture doesn\u2019t just capture document images\u2014it also automatically reorients, straightens and brightens the image so you can work with optimal clarity.<\/p>","protected":false},"featured_media":2230,"comment_status":"open","ping_status":"closed","template":"","meta":{"site-sidebar-layout":"default","site-content-layout":"","ast-site-content-layout":"","site-content-style":"default","site-sidebar-style":"default","ast-global-header-display":"","ast-banner-title-visibility":"","ast-main-header-display":"","ast-hfb-above-header-display":"","ast-hfb-below-header-display":"","ast-hfb-mobile-header-display":"","site-post-title":"","ast-breadcrumbs-content":"","ast-featured-img":"","footer-sml-layout":"","theme-transparent-header-meta":"","adv-header-id-meta":"","stick-header-meta":"","header-above-stick-meta":"","header-main-stick-meta":"","header-below-stick-meta":"","astra-migrate-meta-layouts":"default","ast-page-background-enabled":"default","ast-page-background-meta":{"desktop":{"background-color":"var(--ast-global-color-4)","background-image":"","background-repeat":"repeat","background-position":"center center","background-size":"auto","background-attachment":"scroll","background-type":"","background-media":"","overlay-type":"","overlay-color":"","overlay-opacity":"","overlay-gradient":""},"tablet":{"background-color":"","background-image":"","background-repeat":"repeat","background-position":"center center","background-size":"auto","background-attachment":"scroll","background-type":"","background-media":"","overlay-type":"","overlay-color":"","overlay-opacity":"","overlay-gradient":""},"mobile":{"background-color":"","background-image":"","background-repeat":"repeat","background-position":"center center","background-size":"auto","background-attachment":"scroll","background-type":"","background-media":"","overlay-type":"","overlay-color":"","overlay-opacity":"","overlay-gradient":""}},"ast-content-background-meta":{"desktop":{"background-color":"var(--ast-global-color-5)","background-image":"","background-repeat":"repeat","background-position":"center center","background-size":"auto","background-attachment":"scroll","background-type":"","background-media":"","overlay-type":"","overlay-color":"","overlay-opacity":"","overlay-gradient":""},"tablet":{"background-color":"var(--ast-global-color-5)","background-image":"","background-repeat":"repeat","background-position":"center center","background-size":"auto","background-attachment":"scroll","background-type":"","background-media":"","overlay-type":"","overlay-color":"","overlay-opacity":"","overlay-gradient":""},"mobile":{"background-color":"var(--ast-global-color-5)","background-image":"","background-repeat":"repeat","background-position":"center center","background-size":"auto","background-attachment":"scroll","background-type":"","background-media":"","overlay-type":"","overlay-color":"","overlay-opacity":"","overlay-gradient":""}}},"product_brand":[],"product_cat":[39],"product_tag":[],"class_list":{"0":"post-2229","1":"product","2":"type-product","3":"status-publish","4":"has-post-thumbnail","6":"product_cat-lectores-de-codigo-de-barra","7":"desktop-align-left","8":"tablet-align-left","9":"mobile-align-left","11":"first","12":"instock","13":"shipping-taxable","14":"product-type-simple"},"yoast_head":"<!-- This site is optimized with the Yoast SEO plugin v24.6 - https:\/\/yoast.com\/wordpress\/plugins\/seo\/ -->\n<title>ZEBRA Series DS4600 para comercios minoristas -<\/title>\n<meta name=\"robots\" content=\"index, follow, max-snippet:-1, max-image-preview:large, max-video-preview:-1\" \/>\n<link rel=\"canonical\" href=\"https:\/\/tecplan.com.gt\/en\/product\/series-ds4600-para-comercios-minoristas\/\" \/>\n<meta property=\"og:locale\" content=\"en_US\" \/>\n<meta property=\"og:type\" content=\"article\" \/>\n<meta property=\"og:title\" content=\"ZEBRA Series DS4600 para comercios minoristas -\" \/>\n<meta property=\"og:description\" content=\"Con los dispositivos Series DS4600, obtiene una amplia gama de soluciones innovadoras que mejoran la productividad para ejecutar m\u00e1s transacciones y tareas en toda la tienda. Intelligent Document Capture no solo captura im\u00e1genes de documentos: tambi\u00e9n cambia la orientaci\u00f3n, endereza e ilumina de forma autom\u00e1tica la imagen para poder trabajar con la claridad \u00f3ptima.\" \/>\n<meta property=\"og:url\" content=\"https:\/\/tecplan.com.gt\/en\/product\/series-ds4600-para-comercios-minoristas\/\" \/>\n<meta property=\"article:modified_time\" content=\"2023-03-17T12:32:31+00:00\" \/>\n<meta property=\"og:image\" content=\"https:\/\/tecplan.com.gt\/wp-content\/uploads\/2023\/03\/ds4608-sr-photography-website-right-black-1x1-300x300-1.jpg\" \/>\n\t<meta property=\"og:image:width\" content=\"300\" \/>\n\t<meta property=\"og:image:height\" content=\"300\" \/>\n\t<meta property=\"og:image:type\" content=\"image\/jpeg\" \/>\n<meta name=\"twitter:card\" content=\"summary_large_image\" \/>\n<meta name=\"twitter:label1\" content=\"Est. reading time\" \/>\n\t<meta name=\"twitter:data1\" content=\"1 minute\" \/>\n<script type=\"application\/ld+json\" class=\"yoast-schema-graph\">{\"@context\":\"https:\/\/schema.org\",\"@graph\":[{\"@type\":\"WebPage\",\"@id\":\"https:\/\/tecplan.com.gt\/producto\/series-ds4600-para-comercios-minoristas\/\",\"url\":\"https:\/\/tecplan.com.gt\/producto\/series-ds4600-para-comercios-minoristas\/\",\"name\":\"ZEBRA Series DS4600 para comercios minoristas -\",\"isPartOf\":{\"@id\":\"https:\/\/tecplan.com.gt\/#website\"},\"primaryImageOfPage\":{\"@id\":\"https:\/\/tecplan.com.gt\/producto\/series-ds4600-para-comercios-minoristas\/#primaryimage\"},\"image\":{\"@id\":\"https:\/\/tecplan.com.gt\/producto\/series-ds4600-para-comercios-minoristas\/#primaryimage\"},\"thumbnailUrl\":\"\/wp-content\/uploads\/2023\/03\/ds4608-sr-photography-website-right-black-1x1-300x300-1.jpg\",\"datePublished\":\"2021-10-04T22:42:57+00:00\",\"dateModified\":\"2023-03-17T12:32:31+00:00\",\"breadcrumb\":{\"@id\":\"https:\/\/tecplan.com.gt\/producto\/series-ds4600-para-comercios-minoristas\/#breadcrumb\"},\"inLanguage\":\"en-US\",\"potentialAction\":[{\"@type\":\"ReadAction\",\"target\":[\"https:\/\/tecplan.com.gt\/producto\/series-ds4600-para-comercios-minoristas\/\"]}]},{\"@type\":\"ImageObject\",\"inLanguage\":\"en-US\",\"@id\":\"https:\/\/tecplan.com.gt\/producto\/series-ds4600-para-comercios-minoristas\/#primaryimage\",\"url\":\"\/wp-content\/uploads\/2023\/03\/ds4608-sr-photography-website-right-black-1x1-300x300-1.jpg\",\"contentUrl\":\"\/wp-content\/uploads\/2023\/03\/ds4608-sr-photography-website-right-black-1x1-300x300-1.jpg\",\"width\":300,\"height\":300},{\"@type\":\"BreadcrumbList\",\"@id\":\"https:\/\/tecplan.com.gt\/producto\/series-ds4600-para-comercios-minoristas\/#breadcrumb\",\"itemListElement\":[{\"@type\":\"ListItem\",\"position\":1,\"name\":\"Portada\",\"item\":\"https:\/\/tecplan.com.gt\/\"},{\"@type\":\"ListItem\",\"position\":2,\"name\":\"Productos\",\"item\":\"https:\/\/tecplan.com.gt\/shop\/\"},{\"@type\":\"ListItem\",\"position\":3,\"name\":\"ZEBRA Series DS4600 para comercios minoristas\"}]},{\"@type\":\"WebSite\",\"@id\":\"https:\/\/tecplan.com.gt\/#website\",\"url\":\"https:\/\/tecplan.com.gt\/\",\"name\":\"Tecplan Argentina\",\"description\":\"Tecnolog\u00edas y equipos de telecomunicaciones\",\"publisher\":{\"@id\":\"https:\/\/tecplan.com.gt\/#organization\"},\"potentialAction\":[{\"@type\":\"SearchAction\",\"target\":{\"@type\":\"EntryPoint\",\"urlTemplate\":\"https:\/\/tecplan.com.gt\/?s={search_term_string}\"},\"query-input\":{\"@type\":\"PropertyValueSpecification\",\"valueRequired\":true,\"valueName\":\"search_term_string\"}}],\"inLanguage\":\"en-US\"},{\"@type\":\"Organization\",\"@id\":\"https:\/\/tecplan.com.gt\/#organization\",\"name\":\"Tecplan Argentina\",\"url\":\"https:\/\/tecplan.com.gt\/\",\"logo\":{\"@type\":\"ImageObject\",\"inLanguage\":\"en-US\",\"@id\":\"https:\/\/tecplan.com.gt\/#\/schema\/logo\/image\/\",\"url\":\"\/wp-content\/uploads\/2023\/03\/logo-tecplan.gif\",\"contentUrl\":\"\/wp-content\/uploads\/2023\/03\/logo-tecplan.gif\",\"width\":1920,\"height\":486,\"caption\":\"Tecplan Argentina\"},\"image\":{\"@id\":\"https:\/\/tecplan.com.gt\/#\/schema\/logo\/image\/\"}}]}<\/script>\n<!-- \/ Yoast SEO plugin. -->","yoast_head_json":{"title":"ZEBRA Series DS4600 para comercios minoristas -","robots":{"index":"index","follow":"follow","max-snippet":"max-snippet:-1","max-image-preview":"max-image-preview:large","max-video-preview":"max-video-preview:-1"},"canonical":"https:\/\/tecplan.com.gt\/en\/product\/series-ds4600-para-comercios-minoristas\/","og_locale":"en_US","og_type":"article","og_title":"ZEBRA Series DS4600 para comercios minoristas -","og_description":"Con los dispositivos Series DS4600, obtiene una amplia gama de soluciones innovadoras que mejoran la productividad para ejecutar m\u00e1s transacciones y tareas en toda la tienda. Intelligent Document Capture no solo captura im\u00e1genes de documentos: tambi\u00e9n cambia la orientaci\u00f3n, endereza e ilumina de forma autom\u00e1tica la imagen para poder trabajar con la claridad \u00f3ptima.","og_url":"https:\/\/tecplan.com.gt\/en\/product\/series-ds4600-para-comercios-minoristas\/","article_modified_time":"2023-03-17T12:32:31+00:00","og_image":[{"width":300,"height":300,"url":"https:\/\/tecplan.com.gt\/wp-content\/uploads\/2023\/03\/ds4608-sr-photography-website-right-black-1x1-300x300-1.jpg","type":"image\/jpeg"}],"twitter_card":"summary_large_image","twitter_misc":{"Est. reading time":"1 minute"},"schema":{"@context":"https:\/\/schema.org","@graph":[{"@type":"WebPage","@id":"https:\/\/tecplan.com.gt\/producto\/series-ds4600-para-comercios-minoristas\/","url":"https:\/\/tecplan.com.gt\/producto\/series-ds4600-para-comercios-minoristas\/","name":"ZEBRA Series DS4600 para comercios minoristas -","isPartOf":{"@id":"https:\/\/tecplan.com.gt\/#website"},"primaryImageOfPage":{"@id":"https:\/\/tecplan.com.gt\/producto\/series-ds4600-para-comercios-minoristas\/#primaryimage"},"image":{"@id":"https:\/\/tecplan.com.gt\/producto\/series-ds4600-para-comercios-minoristas\/#primaryimage"},"thumbnailUrl":"\/wp-content\/uploads\/2023\/03\/ds4608-sr-photography-website-right-black-1x1-300x300-1.jpg","datePublished":"2021-10-04T22:42:57+00:00","dateModified":"2023-03-17T12:32:31+00:00","breadcrumb":{"@id":"https:\/\/tecplan.com.gt\/producto\/series-ds4600-para-comercios-minoristas\/#breadcrumb"},"inLanguage":"en-US","potentialAction":[{"@type":"ReadAction","target":["https:\/\/tecplan.com.gt\/producto\/series-ds4600-para-comercios-minoristas\/"]}]},{"@type":"ImageObject","inLanguage":"en-US","@id":"https:\/\/tecplan.com.gt\/producto\/series-ds4600-para-comercios-minoristas\/#primaryimage","url":"\/wp-content\/uploads\/2023\/03\/ds4608-sr-photography-website-right-black-1x1-300x300-1.jpg","contentUrl":"\/wp-content\/uploads\/2023\/03\/ds4608-sr-photography-website-right-black-1x1-300x300-1.jpg","width":300,"height":300},{"@type":"BreadcrumbList","@id":"https:\/\/tecplan.com.gt\/producto\/series-ds4600-para-comercios-minoristas\/#breadcrumb","itemListElement":[{"@type":"ListItem","position":1,"name":"Portada","item":"https:\/\/tecplan.com.gt\/"},{"@type":"ListItem","position":2,"name":"Productos","item":"https:\/\/tecplan.com.gt\/shop\/"},{"@type":"ListItem","position":3,"name":"ZEBRA Series DS4600 para comercios minoristas"}]},{"@type":"WebSite","@id":"https:\/\/tecplan.com.gt\/#website","url":"https:\/\/tecplan.com.gt\/","name":"Tecplan Argentina","description":"Tecnolog\u00edas y equipos de telecomunicaciones","publisher":{"@id":"https:\/\/tecplan.com.gt\/#organization"},"potentialAction":[{"@type":"SearchAction","target":{"@type":"EntryPoint","urlTemplate":"https:\/\/tecplan.com.gt\/?s={search_term_string}"},"query-input":{"@type":"PropertyValueSpecification","valueRequired":true,"valueName":"search_term_string"}}],"inLanguage":"en-US"},{"@type":"Organization","@id":"https:\/\/tecplan.com.gt\/#organization","name":"Tecplan Argentina","url":"https:\/\/tecplan.com.gt\/","logo":{"@type":"ImageObject","inLanguage":"en-US","@id":"https:\/\/tecplan.com.gt\/#\/schema\/logo\/image\/","url":"\/wp-content\/uploads\/2023\/03\/logo-tecplan.gif","contentUrl":"\/wp-content\/uploads\/2023\/03\/logo-tecplan.gif","width":1920,"height":486,"caption":"Tecplan Argentina"},"image":{"@id":"https:\/\/tecplan.com.gt\/#\/schema\/logo\/image\/"}}]}},"_links":{"self":[{"href":"https:\/\/tecplan.com.gt\/en\/wp-json\/wp\/v2\/product\/2229"}],"collection":[{"href":"https:\/\/tecplan.com.gt\/en\/wp-json\/wp\/v2\/product"}],"about":[{"href":"https:\/\/tecplan.com.gt\/en\/wp-json\/wp\/v2\/types\/product"}],"replies":[{"embeddable":true,"href":"https:\/\/tecplan.com.gt\/en\/wp-json\/wp\/v2\/comments?post=2229"}],"version-history":[{"count":1,"href":"https:\/\/tecplan.com.gt\/en\/wp-json\/wp\/v2\/product\/2229\/revisions"}],"predecessor-version":[{"id":8952,"href":"https:\/\/tecplan.com.gt\/en\/wp-json\/wp\/v2\/product\/2229\/revisions\/8952"}],"wp:featuredmedia":[{"embeddable":true,"href":"https:\/\/tecplan.com.gt\/en\/wp-json\/wp\/v2\/media\/2230"}],"wp:attachment":[{"href":"https:\/\/tecplan.com.gt\/en\/wp-json\/wp\/v2\/media?parent=2229"}],"wp:term":[{"taxonomy":"product_brand","embeddable":true,"href":"https:\/\/tecplan.com.gt\/en\/wp-json\/wp\/v2\/product_brand?post=2229"},{"taxonomy":"product_cat","embeddable":true,"href":"https:\/\/tecplan.com.gt\/en\/wp-json\/wp\/v2\/product_cat?post=2229"},{"taxonomy":"product_tag","embeddable":true,"href":"https:\/\/tecplan.com.gt\/en\/wp-json\/wp\/v2\/product_tag?post=2229"}],"curies":[{"name":"wp","href":"https:\/\/api.w.org\/{rel}","templated":true}]}}