{"id":2231,"date":"2021-10-04T19:43:52","date_gmt":"2021-10-04T22:43:52","guid":{"rendered":"https:\/\/tecplan.com.gt\/?post_type=product&#038;p=2231"},"modified":"2023-03-17T09:32:31","modified_gmt":"2023-03-17T12:32:31","slug":"series-ds4600-para-manufactura-ligera-y-de-dispositivos-electronicos","status":"publish","type":"product","link":"https:\/\/tecplan.com.gt\/en\/product\/series-ds4600-para-manufactura-ligera-y-de-dispositivos-electronicos\/","title":{"rendered":"ZEBRA DS4600 Series for Light Manufacturing and Electronics"},"content":{"rendered":"<p>Direct part marks and high-density barcodes can be difficult to scan, but the DS4600 Series for electronics manufacturing makes the job easier. These intuitive imagers offer the widest decoding range, so workers can use them at more comfortable distances to access the barcode or mark they need to scan.<\/p>","protected":false},"excerpt":{"rendered":"<p>Direct part marks and high-density barcodes can be difficult to scan, but the DS4600 Series for electronics manufacturing makes the job easier. These intuitive imagers offer the widest decoding range, so workers can use them at more comfortable distances to access the barcode or mark they need to scan.<\/p>","protected":false},"featured_media":2232,"comment_status":"open","ping_status":"closed","template":"","meta":{"site-sidebar-layout":"default","site-content-layout":"","ast-site-content-layout":"","site-content-style":"default","site-sidebar-style":"default","ast-global-header-display":"","ast-banner-title-visibility":"","ast-main-header-display":"","ast-hfb-above-header-display":"","ast-hfb-below-header-display":"","ast-hfb-mobile-header-display":"","site-post-title":"","ast-breadcrumbs-content":"","ast-featured-img":"","footer-sml-layout":"","theme-transparent-header-meta":"","adv-header-id-meta":"","stick-header-meta":"","header-above-stick-meta":"","header-main-stick-meta":"","header-below-stick-meta":"","astra-migrate-meta-layouts":"default","ast-page-background-enabled":"default","ast-page-background-meta":{"desktop":{"background-color":"var(--ast-global-color-4)","background-image":"","background-repeat":"repeat","background-position":"center center","background-size":"auto","background-attachment":"scroll","background-type":"","background-media":"","overlay-type":"","overlay-color":"","overlay-opacity":"","overlay-gradient":""},"tablet":{"background-color":"","background-image":"","background-repeat":"repeat","background-position":"center center","background-size":"auto","background-attachment":"scroll","background-type":"","background-media":"","overlay-type":"","overlay-color":"","overlay-opacity":"","overlay-gradient":""},"mobile":{"background-color":"","background-image":"","background-repeat":"repeat","background-position":"center center","background-size":"auto","background-attachment":"scroll","background-type":"","background-media":"","overlay-type":"","overlay-color":"","overlay-opacity":"","overlay-gradient":""}},"ast-content-background-meta":{"desktop":{"background-color":"var(--ast-global-color-5)","background-image":"","background-repeat":"repeat","background-position":"center center","background-size":"auto","background-attachment":"scroll","background-type":"","background-media":"","overlay-type":"","overlay-color":"","overlay-opacity":"","overlay-gradient":""},"tablet":{"background-color":"var(--ast-global-color-5)","background-image":"","background-repeat":"repeat","background-position":"center center","background-size":"auto","background-attachment":"scroll","background-type":"","background-media":"","overlay-type":"","overlay-color":"","overlay-opacity":"","overlay-gradient":""},"mobile":{"background-color":"var(--ast-global-color-5)","background-image":"","background-repeat":"repeat","background-position":"center center","background-size":"auto","background-attachment":"scroll","background-type":"","background-media":"","overlay-type":"","overlay-color":"","overlay-opacity":"","overlay-gradient":""}}},"product_brand":[],"product_cat":[39],"product_tag":[],"class_list":{"0":"post-2231","1":"product","2":"type-product","3":"status-publish","4":"has-post-thumbnail","6":"product_cat-lectores-de-codigo-de-barra","7":"desktop-align-left","8":"tablet-align-left","9":"mobile-align-left","11":"first","12":"instock","13":"shipping-taxable","14":"product-type-simple"},"yoast_head":"<!-- This site is optimized with the Yoast SEO plugin v24.6 - https:\/\/yoast.com\/wordpress\/plugins\/seo\/ -->\n<title>Series DS4600 ZEBRA para manufactura ligera y de dispositivos electr\u00f3nicos -<\/title>\n<meta name=\"robots\" content=\"index, follow, max-snippet:-1, max-image-preview:large, max-video-preview:-1\" \/>\n<link rel=\"canonical\" href=\"https:\/\/tecplan.com.gt\/en\/product\/series-ds4600-para-manufactura-ligera-y-de-dispositivos-electronicos\/\" \/>\n<meta property=\"og:locale\" content=\"en_US\" \/>\n<meta property=\"og:type\" content=\"article\" \/>\n<meta property=\"og:title\" content=\"Series DS4600 ZEBRA para manufactura ligera y de dispositivos electr\u00f3nicos -\" \/>\n<meta property=\"og:description\" content=\"Las marcas directas de piezas y los c\u00f3digos de barras de alta densidad pueden ser dif\u00edciles de escanear, pero la Series DS4600 para la manufactura de dispositivos electr\u00f3nicos simplifica la tarea. Estos intuitivos lectores de im\u00e1genes ofrecen el m\u00e1s amplio rango de decodificaci\u00f3n, de manera que los trabajadores pueden utilizarlos a distancias m\u00e1s c\u00f3modas para acceder al c\u00f3digo de barras o la marca que necesiten escanear.\" \/>\n<meta property=\"og:url\" content=\"https:\/\/tecplan.com.gt\/en\/product\/series-ds4600-para-manufactura-ligera-y-de-dispositivos-electronicos\/\" \/>\n<meta property=\"article:modified_time\" content=\"2023-03-17T12:32:31+00:00\" \/>\n<meta property=\"og:image\" content=\"https:\/\/tecplan.com.gt\/wp-content\/uploads\/2023\/03\/ds4608-dpe-photography-website-front-right-1x1-300x300-1.jpg\" \/>\n\t<meta property=\"og:image:width\" content=\"300\" \/>\n\t<meta property=\"og:image:height\" content=\"300\" \/>\n\t<meta property=\"og:image:type\" content=\"image\/jpeg\" \/>\n<meta name=\"twitter:card\" content=\"summary_large_image\" \/>\n<meta name=\"twitter:label1\" content=\"Est. reading time\" \/>\n\t<meta name=\"twitter:data1\" content=\"1 minute\" \/>\n<script type=\"application\/ld+json\" class=\"yoast-schema-graph\">{\"@context\":\"https:\/\/schema.org\",\"@graph\":[{\"@type\":\"WebPage\",\"@id\":\"https:\/\/tecplan.com.gt\/producto\/series-ds4600-para-manufactura-ligera-y-de-dispositivos-electronicos\/\",\"url\":\"https:\/\/tecplan.com.gt\/producto\/series-ds4600-para-manufactura-ligera-y-de-dispositivos-electronicos\/\",\"name\":\"Series DS4600 ZEBRA para manufactura ligera y de dispositivos electr\u00f3nicos -\",\"isPartOf\":{\"@id\":\"https:\/\/tecplan.com.gt\/#website\"},\"primaryImageOfPage\":{\"@id\":\"https:\/\/tecplan.com.gt\/producto\/series-ds4600-para-manufactura-ligera-y-de-dispositivos-electronicos\/#primaryimage\"},\"image\":{\"@id\":\"https:\/\/tecplan.com.gt\/producto\/series-ds4600-para-manufactura-ligera-y-de-dispositivos-electronicos\/#primaryimage\"},\"thumbnailUrl\":\"\/wp-content\/uploads\/2023\/03\/ds4608-dpe-photography-website-front-right-1x1-300x300-1.jpg\",\"datePublished\":\"2021-10-04T22:43:52+00:00\",\"dateModified\":\"2023-03-17T12:32:31+00:00\",\"breadcrumb\":{\"@id\":\"https:\/\/tecplan.com.gt\/producto\/series-ds4600-para-manufactura-ligera-y-de-dispositivos-electronicos\/#breadcrumb\"},\"inLanguage\":\"en-US\",\"potentialAction\":[{\"@type\":\"ReadAction\",\"target\":[\"https:\/\/tecplan.com.gt\/producto\/series-ds4600-para-manufactura-ligera-y-de-dispositivos-electronicos\/\"]}]},{\"@type\":\"ImageObject\",\"inLanguage\":\"en-US\",\"@id\":\"https:\/\/tecplan.com.gt\/producto\/series-ds4600-para-manufactura-ligera-y-de-dispositivos-electronicos\/#primaryimage\",\"url\":\"\/wp-content\/uploads\/2023\/03\/ds4608-dpe-photography-website-front-right-1x1-300x300-1.jpg\",\"contentUrl\":\"\/wp-content\/uploads\/2023\/03\/ds4608-dpe-photography-website-front-right-1x1-300x300-1.jpg\",\"width\":300,\"height\":300},{\"@type\":\"BreadcrumbList\",\"@id\":\"https:\/\/tecplan.com.gt\/producto\/series-ds4600-para-manufactura-ligera-y-de-dispositivos-electronicos\/#breadcrumb\",\"itemListElement\":[{\"@type\":\"ListItem\",\"position\":1,\"name\":\"Portada\",\"item\":\"https:\/\/tecplan.com.gt\/\"},{\"@type\":\"ListItem\",\"position\":2,\"name\":\"Productos\",\"item\":\"https:\/\/tecplan.com.gt\/shop\/\"},{\"@type\":\"ListItem\",\"position\":3,\"name\":\"Series DS4600 ZEBRA para manufactura ligera y de dispositivos electr\u00f3nicos\"}]},{\"@type\":\"WebSite\",\"@id\":\"https:\/\/tecplan.com.gt\/#website\",\"url\":\"https:\/\/tecplan.com.gt\/\",\"name\":\"Tecplan Argentina\",\"description\":\"Tecnolog\u00edas y equipos de telecomunicaciones\",\"publisher\":{\"@id\":\"https:\/\/tecplan.com.gt\/#organization\"},\"potentialAction\":[{\"@type\":\"SearchAction\",\"target\":{\"@type\":\"EntryPoint\",\"urlTemplate\":\"https:\/\/tecplan.com.gt\/?s={search_term_string}\"},\"query-input\":{\"@type\":\"PropertyValueSpecification\",\"valueRequired\":true,\"valueName\":\"search_term_string\"}}],\"inLanguage\":\"en-US\"},{\"@type\":\"Organization\",\"@id\":\"https:\/\/tecplan.com.gt\/#organization\",\"name\":\"Tecplan Argentina\",\"url\":\"https:\/\/tecplan.com.gt\/\",\"logo\":{\"@type\":\"ImageObject\",\"inLanguage\":\"en-US\",\"@id\":\"https:\/\/tecplan.com.gt\/#\/schema\/logo\/image\/\",\"url\":\"\/wp-content\/uploads\/2023\/03\/logo-tecplan.gif\",\"contentUrl\":\"\/wp-content\/uploads\/2023\/03\/logo-tecplan.gif\",\"width\":1920,\"height\":486,\"caption\":\"Tecplan Argentina\"},\"image\":{\"@id\":\"https:\/\/tecplan.com.gt\/#\/schema\/logo\/image\/\"}}]}<\/script>\n<!-- \/ Yoast SEO plugin. -->","yoast_head_json":{"title":"Series DS4600 ZEBRA para manufactura ligera y de dispositivos electr\u00f3nicos -","robots":{"index":"index","follow":"follow","max-snippet":"max-snippet:-1","max-image-preview":"max-image-preview:large","max-video-preview":"max-video-preview:-1"},"canonical":"https:\/\/tecplan.com.gt\/en\/product\/series-ds4600-para-manufactura-ligera-y-de-dispositivos-electronicos\/","og_locale":"en_US","og_type":"article","og_title":"Series DS4600 ZEBRA para manufactura ligera y de dispositivos electr\u00f3nicos -","og_description":"Las marcas directas de piezas y los c\u00f3digos de barras de alta densidad pueden ser dif\u00edciles de escanear, pero la Series DS4600 para la manufactura de dispositivos electr\u00f3nicos simplifica la tarea. Estos intuitivos lectores de im\u00e1genes ofrecen el m\u00e1s amplio rango de decodificaci\u00f3n, de manera que los trabajadores pueden utilizarlos a distancias m\u00e1s c\u00f3modas para acceder al c\u00f3digo de barras o la marca que necesiten escanear.","og_url":"https:\/\/tecplan.com.gt\/en\/product\/series-ds4600-para-manufactura-ligera-y-de-dispositivos-electronicos\/","article_modified_time":"2023-03-17T12:32:31+00:00","og_image":[{"width":300,"height":300,"url":"https:\/\/tecplan.com.gt\/wp-content\/uploads\/2023\/03\/ds4608-dpe-photography-website-front-right-1x1-300x300-1.jpg","type":"image\/jpeg"}],"twitter_card":"summary_large_image","twitter_misc":{"Est. reading time":"1 minute"},"schema":{"@context":"https:\/\/schema.org","@graph":[{"@type":"WebPage","@id":"https:\/\/tecplan.com.gt\/producto\/series-ds4600-para-manufactura-ligera-y-de-dispositivos-electronicos\/","url":"https:\/\/tecplan.com.gt\/producto\/series-ds4600-para-manufactura-ligera-y-de-dispositivos-electronicos\/","name":"Series DS4600 ZEBRA para manufactura ligera y de dispositivos electr\u00f3nicos -","isPartOf":{"@id":"https:\/\/tecplan.com.gt\/#website"},"primaryImageOfPage":{"@id":"https:\/\/tecplan.com.gt\/producto\/series-ds4600-para-manufactura-ligera-y-de-dispositivos-electronicos\/#primaryimage"},"image":{"@id":"https:\/\/tecplan.com.gt\/producto\/series-ds4600-para-manufactura-ligera-y-de-dispositivos-electronicos\/#primaryimage"},"thumbnailUrl":"\/wp-content\/uploads\/2023\/03\/ds4608-dpe-photography-website-front-right-1x1-300x300-1.jpg","datePublished":"2021-10-04T22:43:52+00:00","dateModified":"2023-03-17T12:32:31+00:00","breadcrumb":{"@id":"https:\/\/tecplan.com.gt\/producto\/series-ds4600-para-manufactura-ligera-y-de-dispositivos-electronicos\/#breadcrumb"},"inLanguage":"en-US","potentialAction":[{"@type":"ReadAction","target":["https:\/\/tecplan.com.gt\/producto\/series-ds4600-para-manufactura-ligera-y-de-dispositivos-electronicos\/"]}]},{"@type":"ImageObject","inLanguage":"en-US","@id":"https:\/\/tecplan.com.gt\/producto\/series-ds4600-para-manufactura-ligera-y-de-dispositivos-electronicos\/#primaryimage","url":"\/wp-content\/uploads\/2023\/03\/ds4608-dpe-photography-website-front-right-1x1-300x300-1.jpg","contentUrl":"\/wp-content\/uploads\/2023\/03\/ds4608-dpe-photography-website-front-right-1x1-300x300-1.jpg","width":300,"height":300},{"@type":"BreadcrumbList","@id":"https:\/\/tecplan.com.gt\/producto\/series-ds4600-para-manufactura-ligera-y-de-dispositivos-electronicos\/#breadcrumb","itemListElement":[{"@type":"ListItem","position":1,"name":"Portada","item":"https:\/\/tecplan.com.gt\/"},{"@type":"ListItem","position":2,"name":"Productos","item":"https:\/\/tecplan.com.gt\/shop\/"},{"@type":"ListItem","position":3,"name":"Series DS4600 ZEBRA para manufactura ligera y de dispositivos electr\u00f3nicos"}]},{"@type":"WebSite","@id":"https:\/\/tecplan.com.gt\/#website","url":"https:\/\/tecplan.com.gt\/","name":"Tecplan Argentina","description":"Tecnolog\u00edas y equipos de telecomunicaciones","publisher":{"@id":"https:\/\/tecplan.com.gt\/#organization"},"potentialAction":[{"@type":"SearchAction","target":{"@type":"EntryPoint","urlTemplate":"https:\/\/tecplan.com.gt\/?s={search_term_string}"},"query-input":{"@type":"PropertyValueSpecification","valueRequired":true,"valueName":"search_term_string"}}],"inLanguage":"en-US"},{"@type":"Organization","@id":"https:\/\/tecplan.com.gt\/#organization","name":"Tecplan Argentina","url":"https:\/\/tecplan.com.gt\/","logo":{"@type":"ImageObject","inLanguage":"en-US","@id":"https:\/\/tecplan.com.gt\/#\/schema\/logo\/image\/","url":"\/wp-content\/uploads\/2023\/03\/logo-tecplan.gif","contentUrl":"\/wp-content\/uploads\/2023\/03\/logo-tecplan.gif","width":1920,"height":486,"caption":"Tecplan Argentina"},"image":{"@id":"https:\/\/tecplan.com.gt\/#\/schema\/logo\/image\/"}}]}},"_links":{"self":[{"href":"https:\/\/tecplan.com.gt\/en\/wp-json\/wp\/v2\/product\/2231"}],"collection":[{"href":"https:\/\/tecplan.com.gt\/en\/wp-json\/wp\/v2\/product"}],"about":[{"href":"https:\/\/tecplan.com.gt\/en\/wp-json\/wp\/v2\/types\/product"}],"replies":[{"embeddable":true,"href":"https:\/\/tecplan.com.gt\/en\/wp-json\/wp\/v2\/comments?post=2231"}],"version-history":[{"count":1,"href":"https:\/\/tecplan.com.gt\/en\/wp-json\/wp\/v2\/product\/2231\/revisions"}],"predecessor-version":[{"id":8951,"href":"https:\/\/tecplan.com.gt\/en\/wp-json\/wp\/v2\/product\/2231\/revisions\/8951"}],"wp:featuredmedia":[{"embeddable":true,"href":"https:\/\/tecplan.com.gt\/en\/wp-json\/wp\/v2\/media\/2232"}],"wp:attachment":[{"href":"https:\/\/tecplan.com.gt\/en\/wp-json\/wp\/v2\/media?parent=2231"}],"wp:term":[{"taxonomy":"product_brand","embeddable":true,"href":"https:\/\/tecplan.com.gt\/en\/wp-json\/wp\/v2\/product_brand?post=2231"},{"taxonomy":"product_cat","embeddable":true,"href":"https:\/\/tecplan.com.gt\/en\/wp-json\/wp\/v2\/product_cat?post=2231"},{"taxonomy":"product_tag","embeddable":true,"href":"https:\/\/tecplan.com.gt\/en\/wp-json\/wp\/v2\/product_tag?post=2231"}],"curies":[{"name":"wp","href":"https:\/\/api.w.org\/{rel}","templated":true}]}}