{"id":2233,"date":"2021-10-04T19:44:51","date_gmt":"2021-10-04T22:44:51","guid":{"rendered":"https:\/\/tecplan.com.gt\/?post_type=product&#038;p=2233"},"modified":"2023-03-17T09:32:34","modified_gmt":"2023-03-17T12:32:34","slug":"lectores-de-imagenes-1d-2d-de-mano-series-ds2200-con-cable-e-inalambricos","status":"publish","type":"product","link":"https:\/\/tecplan.com.gt\/en\/product\/lectores-de-imagenes-1d-2d-de-mano-series-ds2200-con-cable-e-inalambricos\/","title":{"rendered":"ZEBRA DS2200 Series Handheld 1D\/2D Imagers - Wired and Wireless"},"content":{"rendered":"<p>With the DS2200 Series line of devices, you can scan it all. You get an affordable 1D\/2D handheld scanner that doesn\u2019t sacrifice performance or features for price. And you can choose the model that best fits your point-of-sale needs: the corded DS2208 or the cordless DS2278.<\/p>","protected":false},"excerpt":{"rendered":"<p>With the DS2200 Series line of devices, you can scan it all. You get an affordable 1D\/2D handheld scanner that doesn\u2019t sacrifice performance or features for price. And you can choose the model that best fits your point-of-sale needs: the corded DS2208 or the cordless DS2278.<\/p>","protected":false},"featured_media":2234,"comment_status":"open","ping_status":"closed","template":"","meta":{"site-sidebar-layout":"default","site-content-layout":"","ast-site-content-layout":"","site-content-style":"default","site-sidebar-style":"default","ast-global-header-display":"","ast-banner-title-visibility":"","ast-main-header-display":"","ast-hfb-above-header-display":"","ast-hfb-below-header-display":"","ast-hfb-mobile-header-display":"","site-post-title":"","ast-breadcrumbs-content":"","ast-featured-img":"","footer-sml-layout":"","theme-transparent-header-meta":"","adv-header-id-meta":"","stick-header-meta":"","header-above-stick-meta":"","header-main-stick-meta":"","header-below-stick-meta":"","astra-migrate-meta-layouts":"default","ast-page-background-enabled":"default","ast-page-background-meta":{"desktop":{"background-color":"var(--ast-global-color-4)","background-image":"","background-repeat":"repeat","background-position":"center center","background-size":"auto","background-attachment":"scroll","background-type":"","background-media":"","overlay-type":"","overlay-color":"","overlay-opacity":"","overlay-gradient":""},"tablet":{"background-color":"","background-image":"","background-repeat":"repeat","background-position":"center center","background-size":"auto","background-attachment":"scroll","background-type":"","background-media":"","overlay-type":"","overlay-color":"","overlay-opacity":"","overlay-gradient":""},"mobile":{"background-color":"","background-image":"","background-repeat":"repeat","background-position":"center center","background-size":"auto","background-attachment":"scroll","background-type":"","background-media":"","overlay-type":"","overlay-color":"","overlay-opacity":"","overlay-gradient":""}},"ast-content-background-meta":{"desktop":{"background-color":"var(--ast-global-color-5)","background-image":"","background-repeat":"repeat","background-position":"center center","background-size":"auto","background-attachment":"scroll","background-type":"","background-media":"","overlay-type":"","overlay-color":"","overlay-opacity":"","overlay-gradient":""},"tablet":{"background-color":"var(--ast-global-color-5)","background-image":"","background-repeat":"repeat","background-position":"center center","background-size":"auto","background-attachment":"scroll","background-type":"","background-media":"","overlay-type":"","overlay-color":"","overlay-opacity":"","overlay-gradient":""},"mobile":{"background-color":"var(--ast-global-color-5)","background-image":"","background-repeat":"repeat","background-position":"center center","background-size":"auto","background-attachment":"scroll","background-type":"","background-media":"","overlay-type":"","overlay-color":"","overlay-opacity":"","overlay-gradient":""}}},"product_brand":[],"product_cat":[39],"product_tag":[],"class_list":{"0":"post-2233","1":"product","2":"type-product","3":"status-publish","4":"has-post-thumbnail","6":"product_cat-lectores-de-codigo-de-barra","7":"desktop-align-left","8":"tablet-align-left","9":"mobile-align-left","11":"first","12":"instock","13":"shipping-taxable","14":"product-type-simple"},"yoast_head":"<!-- This site is optimized with the Yoast SEO plugin v24.6 - https:\/\/yoast.com\/wordpress\/plugins\/seo\/ -->\n<title>Lectores de im\u00e1genes 1D\/2D de mano Series ZEBRA DS2200 con cable e inal\u00e1mbricos -<\/title>\n<meta name=\"robots\" content=\"index, follow, max-snippet:-1, max-image-preview:large, max-video-preview:-1\" \/>\n<link rel=\"canonical\" href=\"https:\/\/tecplan.com.gt\/en\/product\/lectores-de-imagenes-1d-2d-de-mano-series-ds2200-con-cable-e-inalambricos\/\" \/>\n<meta property=\"og:locale\" content=\"en_US\" \/>\n<meta property=\"og:type\" content=\"article\" \/>\n<meta property=\"og:title\" content=\"Lectores de im\u00e1genes 1D\/2D de mano Series ZEBRA DS2200 con cable e inal\u00e1mbricos -\" \/>\n<meta property=\"og:description\" content=\"Con la l\u00ednea de dispositivos Series DS2200, puede escanear todo. Obtiene un esc\u00e1ner de mano 1D\/2D asequible que no sacrifica desempe\u00f1o o caracter\u00edsticas por precio. Y puede elegir el modelo que mejor se adapte a las necesidades de su punto de venta: el DS2208 cableado o el DS2278 inal\u00e1mbrico.\" \/>\n<meta property=\"og:url\" content=\"https:\/\/tecplan.com.gt\/en\/product\/lectores-de-imagenes-1d-2d-de-mano-series-ds2200-con-cable-e-inalambricos\/\" \/>\n<meta property=\"article:modified_time\" content=\"2023-03-17T12:32:34+00:00\" \/>\n<meta property=\"og:image\" content=\"https:\/\/tecplan.com.gt\/wp-content\/uploads\/2023\/03\/ds2200-white-34-white-300.jpg\" \/>\n\t<meta property=\"og:image:width\" content=\"300\" \/>\n\t<meta property=\"og:image:height\" content=\"300\" \/>\n\t<meta property=\"og:image:type\" content=\"image\/jpeg\" \/>\n<meta name=\"twitter:card\" content=\"summary_large_image\" \/>\n<meta name=\"twitter:label1\" content=\"Est. reading time\" \/>\n\t<meta name=\"twitter:data1\" content=\"1 minute\" \/>\n<script type=\"application\/ld+json\" class=\"yoast-schema-graph\">{\"@context\":\"https:\/\/schema.org\",\"@graph\":[{\"@type\":\"WebPage\",\"@id\":\"https:\/\/tecplan.com.gt\/producto\/lectores-de-imagenes-1d-2d-de-mano-series-ds2200-con-cable-e-inalambricos\/\",\"url\":\"https:\/\/tecplan.com.gt\/producto\/lectores-de-imagenes-1d-2d-de-mano-series-ds2200-con-cable-e-inalambricos\/\",\"name\":\"Lectores de im\u00e1genes 1D\/2D de mano Series ZEBRA DS2200 con cable e inal\u00e1mbricos -\",\"isPartOf\":{\"@id\":\"https:\/\/tecplan.com.gt\/#website\"},\"primaryImageOfPage\":{\"@id\":\"https:\/\/tecplan.com.gt\/producto\/lectores-de-imagenes-1d-2d-de-mano-series-ds2200-con-cable-e-inalambricos\/#primaryimage\"},\"image\":{\"@id\":\"https:\/\/tecplan.com.gt\/producto\/lectores-de-imagenes-1d-2d-de-mano-series-ds2200-con-cable-e-inalambricos\/#primaryimage\"},\"thumbnailUrl\":\"\/wp-content\/uploads\/2023\/03\/ds2200-white-34-white-300.jpg\",\"datePublished\":\"2021-10-04T22:44:51+00:00\",\"dateModified\":\"2023-03-17T12:32:34+00:00\",\"breadcrumb\":{\"@id\":\"https:\/\/tecplan.com.gt\/producto\/lectores-de-imagenes-1d-2d-de-mano-series-ds2200-con-cable-e-inalambricos\/#breadcrumb\"},\"inLanguage\":\"en-US\",\"potentialAction\":[{\"@type\":\"ReadAction\",\"target\":[\"https:\/\/tecplan.com.gt\/producto\/lectores-de-imagenes-1d-2d-de-mano-series-ds2200-con-cable-e-inalambricos\/\"]}]},{\"@type\":\"ImageObject\",\"inLanguage\":\"en-US\",\"@id\":\"https:\/\/tecplan.com.gt\/producto\/lectores-de-imagenes-1d-2d-de-mano-series-ds2200-con-cable-e-inalambricos\/#primaryimage\",\"url\":\"\/wp-content\/uploads\/2023\/03\/ds2200-white-34-white-300.jpg\",\"contentUrl\":\"\/wp-content\/uploads\/2023\/03\/ds2200-white-34-white-300.jpg\",\"width\":300,\"height\":300},{\"@type\":\"BreadcrumbList\",\"@id\":\"https:\/\/tecplan.com.gt\/producto\/lectores-de-imagenes-1d-2d-de-mano-series-ds2200-con-cable-e-inalambricos\/#breadcrumb\",\"itemListElement\":[{\"@type\":\"ListItem\",\"position\":1,\"name\":\"Portada\",\"item\":\"https:\/\/tecplan.com.gt\/\"},{\"@type\":\"ListItem\",\"position\":2,\"name\":\"Productos\",\"item\":\"https:\/\/tecplan.com.gt\/shop\/\"},{\"@type\":\"ListItem\",\"position\":3,\"name\":\"Lectores de im\u00e1genes 1D\/2D de mano Series ZEBRA DS2200 con cable e inal\u00e1mbricos\"}]},{\"@type\":\"WebSite\",\"@id\":\"https:\/\/tecplan.com.gt\/#website\",\"url\":\"https:\/\/tecplan.com.gt\/\",\"name\":\"Tecplan Argentina\",\"description\":\"Tecnolog\u00edas y equipos de telecomunicaciones\",\"publisher\":{\"@id\":\"https:\/\/tecplan.com.gt\/#organization\"},\"potentialAction\":[{\"@type\":\"SearchAction\",\"target\":{\"@type\":\"EntryPoint\",\"urlTemplate\":\"https:\/\/tecplan.com.gt\/?s={search_term_string}\"},\"query-input\":{\"@type\":\"PropertyValueSpecification\",\"valueRequired\":true,\"valueName\":\"search_term_string\"}}],\"inLanguage\":\"en-US\"},{\"@type\":\"Organization\",\"@id\":\"https:\/\/tecplan.com.gt\/#organization\",\"name\":\"Tecplan Argentina\",\"url\":\"https:\/\/tecplan.com.gt\/\",\"logo\":{\"@type\":\"ImageObject\",\"inLanguage\":\"en-US\",\"@id\":\"https:\/\/tecplan.com.gt\/#\/schema\/logo\/image\/\",\"url\":\"\/wp-content\/uploads\/2023\/03\/logo-tecplan.gif\",\"contentUrl\":\"\/wp-content\/uploads\/2023\/03\/logo-tecplan.gif\",\"width\":1920,\"height\":486,\"caption\":\"Tecplan Argentina\"},\"image\":{\"@id\":\"https:\/\/tecplan.com.gt\/#\/schema\/logo\/image\/\"}}]}<\/script>\n<!-- \/ Yoast SEO plugin. -->","yoast_head_json":{"title":"Lectores de im\u00e1genes 1D\/2D de mano Series ZEBRA DS2200 con cable e inal\u00e1mbricos -","robots":{"index":"index","follow":"follow","max-snippet":"max-snippet:-1","max-image-preview":"max-image-preview:large","max-video-preview":"max-video-preview:-1"},"canonical":"https:\/\/tecplan.com.gt\/en\/product\/lectores-de-imagenes-1d-2d-de-mano-series-ds2200-con-cable-e-inalambricos\/","og_locale":"en_US","og_type":"article","og_title":"Lectores de im\u00e1genes 1D\/2D de mano Series ZEBRA DS2200 con cable e inal\u00e1mbricos -","og_description":"Con la l\u00ednea de dispositivos Series DS2200, puede escanear todo. Obtiene un esc\u00e1ner de mano 1D\/2D asequible que no sacrifica desempe\u00f1o o caracter\u00edsticas por precio. Y puede elegir el modelo que mejor se adapte a las necesidades de su punto de venta: el DS2208 cableado o el DS2278 inal\u00e1mbrico.","og_url":"https:\/\/tecplan.com.gt\/en\/product\/lectores-de-imagenes-1d-2d-de-mano-series-ds2200-con-cable-e-inalambricos\/","article_modified_time":"2023-03-17T12:32:34+00:00","og_image":[{"width":300,"height":300,"url":"https:\/\/tecplan.com.gt\/wp-content\/uploads\/2023\/03\/ds2200-white-34-white-300.jpg","type":"image\/jpeg"}],"twitter_card":"summary_large_image","twitter_misc":{"Est. reading time":"1 minute"},"schema":{"@context":"https:\/\/schema.org","@graph":[{"@type":"WebPage","@id":"https:\/\/tecplan.com.gt\/producto\/lectores-de-imagenes-1d-2d-de-mano-series-ds2200-con-cable-e-inalambricos\/","url":"https:\/\/tecplan.com.gt\/producto\/lectores-de-imagenes-1d-2d-de-mano-series-ds2200-con-cable-e-inalambricos\/","name":"Lectores de im\u00e1genes 1D\/2D de mano Series ZEBRA DS2200 con cable e inal\u00e1mbricos -","isPartOf":{"@id":"https:\/\/tecplan.com.gt\/#website"},"primaryImageOfPage":{"@id":"https:\/\/tecplan.com.gt\/producto\/lectores-de-imagenes-1d-2d-de-mano-series-ds2200-con-cable-e-inalambricos\/#primaryimage"},"image":{"@id":"https:\/\/tecplan.com.gt\/producto\/lectores-de-imagenes-1d-2d-de-mano-series-ds2200-con-cable-e-inalambricos\/#primaryimage"},"thumbnailUrl":"\/wp-content\/uploads\/2023\/03\/ds2200-white-34-white-300.jpg","datePublished":"2021-10-04T22:44:51+00:00","dateModified":"2023-03-17T12:32:34+00:00","breadcrumb":{"@id":"https:\/\/tecplan.com.gt\/producto\/lectores-de-imagenes-1d-2d-de-mano-series-ds2200-con-cable-e-inalambricos\/#breadcrumb"},"inLanguage":"en-US","potentialAction":[{"@type":"ReadAction","target":["https:\/\/tecplan.com.gt\/producto\/lectores-de-imagenes-1d-2d-de-mano-series-ds2200-con-cable-e-inalambricos\/"]}]},{"@type":"ImageObject","inLanguage":"en-US","@id":"https:\/\/tecplan.com.gt\/producto\/lectores-de-imagenes-1d-2d-de-mano-series-ds2200-con-cable-e-inalambricos\/#primaryimage","url":"\/wp-content\/uploads\/2023\/03\/ds2200-white-34-white-300.jpg","contentUrl":"\/wp-content\/uploads\/2023\/03\/ds2200-white-34-white-300.jpg","width":300,"height":300},{"@type":"BreadcrumbList","@id":"https:\/\/tecplan.com.gt\/producto\/lectores-de-imagenes-1d-2d-de-mano-series-ds2200-con-cable-e-inalambricos\/#breadcrumb","itemListElement":[{"@type":"ListItem","position":1,"name":"Portada","item":"https:\/\/tecplan.com.gt\/"},{"@type":"ListItem","position":2,"name":"Productos","item":"https:\/\/tecplan.com.gt\/shop\/"},{"@type":"ListItem","position":3,"name":"Lectores de im\u00e1genes 1D\/2D de mano Series ZEBRA DS2200 con cable e inal\u00e1mbricos"}]},{"@type":"WebSite","@id":"https:\/\/tecplan.com.gt\/#website","url":"https:\/\/tecplan.com.gt\/","name":"Tecplan Argentina","description":"Tecnolog\u00edas y equipos de telecomunicaciones","publisher":{"@id":"https:\/\/tecplan.com.gt\/#organization"},"potentialAction":[{"@type":"SearchAction","target":{"@type":"EntryPoint","urlTemplate":"https:\/\/tecplan.com.gt\/?s={search_term_string}"},"query-input":{"@type":"PropertyValueSpecification","valueRequired":true,"valueName":"search_term_string"}}],"inLanguage":"en-US"},{"@type":"Organization","@id":"https:\/\/tecplan.com.gt\/#organization","name":"Tecplan Argentina","url":"https:\/\/tecplan.com.gt\/","logo":{"@type":"ImageObject","inLanguage":"en-US","@id":"https:\/\/tecplan.com.gt\/#\/schema\/logo\/image\/","url":"\/wp-content\/uploads\/2023\/03\/logo-tecplan.gif","contentUrl":"\/wp-content\/uploads\/2023\/03\/logo-tecplan.gif","width":1920,"height":486,"caption":"Tecplan Argentina"},"image":{"@id":"https:\/\/tecplan.com.gt\/#\/schema\/logo\/image\/"}}]}},"_links":{"self":[{"href":"https:\/\/tecplan.com.gt\/en\/wp-json\/wp\/v2\/product\/2233"}],"collection":[{"href":"https:\/\/tecplan.com.gt\/en\/wp-json\/wp\/v2\/product"}],"about":[{"href":"https:\/\/tecplan.com.gt\/en\/wp-json\/wp\/v2\/types\/product"}],"replies":[{"embeddable":true,"href":"https:\/\/tecplan.com.gt\/en\/wp-json\/wp\/v2\/comments?post=2233"}],"version-history":[{"count":1,"href":"https:\/\/tecplan.com.gt\/en\/wp-json\/wp\/v2\/product\/2233\/revisions"}],"predecessor-version":[{"id":8948,"href":"https:\/\/tecplan.com.gt\/en\/wp-json\/wp\/v2\/product\/2233\/revisions\/8948"}],"wp:featuredmedia":[{"embeddable":true,"href":"https:\/\/tecplan.com.gt\/en\/wp-json\/wp\/v2\/media\/2234"}],"wp:attachment":[{"href":"https:\/\/tecplan.com.gt\/en\/wp-json\/wp\/v2\/media?parent=2233"}],"wp:term":[{"taxonomy":"product_brand","embeddable":true,"href":"https:\/\/tecplan.com.gt\/en\/wp-json\/wp\/v2\/product_brand?post=2233"},{"taxonomy":"product_cat","embeddable":true,"href":"https:\/\/tecplan.com.gt\/en\/wp-json\/wp\/v2\/product_cat?post=2233"},{"taxonomy":"product_tag","embeddable":true,"href":"https:\/\/tecplan.com.gt\/en\/wp-json\/wp\/v2\/product_tag?post=2233"}],"curies":[{"name":"wp","href":"https:\/\/api.w.org\/{rel}","templated":true}]}}