{"id":2235,"date":"2021-10-04T19:45:48","date_gmt":"2021-10-04T22:45:48","guid":{"rendered":"https:\/\/tecplan.com.gt\/?post_type=product&#038;p=2235"},"modified":"2024-04-22T16:56:04","modified_gmt":"2024-04-22T20:56:04","slug":"escaner-de-mano-li2208","status":"publish","type":"product","link":"https:\/\/tecplan.com.gt\/en\/product\/escaner-de-mano-li2208\/","title":{"rendered":"ZEBRA LI2208 Handheld Scanner"},"content":{"rendered":"<p><strong><br \/>Zebra LI2208 Handheld Scanner<\/strong><\/br><\/p>\n<p style=\"text-align: justify;\">The Zebra LI2208 represents the next generation of 1-D scanning. With enhanced features such as extended range and mobile barcode support, it offers a best-in-class image scanner and unmatched performance.<\/p>\n<p style=\"text-align: justify;\">Boost your operations' productivity with the Zebra LI2208. It captures virtually all types of 1-D barcodes, including traditional barcodes printed on paper labels, electronic barcodes displayed on a mobile phone, tablet or computer screen, allowing retailers to easily process loyalty cards, mobile coupons and more, as well as high-density (HD) barcodes commonly used in specialty retail and electronics manufacturing.<\/p>\n<p><strong><br \/>Mejore su productividad<\/strong><\/br><\/p>\n<p style=\"text-align: justify;\">The performance and design features of the Zebra LI2208 enable your workers to meet the needs of your business \u2013 and your customers \u2013 more efficiently. The worker can read 1-D barcodes on all types of surfaces.<\/p>\n<p><strong><br \/>Designed for intensive daily use<\/strong><\/br><\/p>\n<p style=\"text-align: justify;\">It features a unique patented circuit board that improves reliability by eliminating connectors and ribbon cables, which are the most common point of failure. It is resistant to drops and use in dusty and humid environments, offering reliable operation in all cases.<\/p>\n<p><strong><br \/>Unbeatable experience \u2013 Ready to use<\/strong><\/br><\/p>\n<p style=\"text-align: justify;\">Automatic host detection recognizes the connected interface, minimizing the need to scan barcodes of different parameters. The reader supports more than 90 international keyboards, making local configuration quick and easy.<\/p>","protected":false},"excerpt":{"rendered":"<p><strong><br \/>\nZebra LI2208 Handheld Scanner<\/strong><\/p>\n<p style=\"text-align: justify;\">Reliable and ergonomic handheld scanner with enhanced extended range capabilities and mobile barcode support. Featuring best-in-class image scanning with unmatched performance.<\/p>","protected":false},"featured_media":2236,"comment_status":"open","ping_status":"closed","template":"","meta":{"site-sidebar-layout":"default","site-content-layout":"","ast-site-content-layout":"default","site-content-style":"default","site-sidebar-style":"default","ast-global-header-display":"","ast-banner-title-visibility":"","ast-main-header-display":"","ast-hfb-above-header-display":"","ast-hfb-below-header-display":"","ast-hfb-mobile-header-display":"","site-post-title":"","ast-breadcrumbs-content":"","ast-featured-img":"","footer-sml-layout":"","theme-transparent-header-meta":"default","adv-header-id-meta":"","stick-header-meta":"","header-above-stick-meta":"","header-main-stick-meta":"","header-below-stick-meta":"","astra-migrate-meta-layouts":"set","ast-page-background-enabled":"default","ast-page-background-meta":{"desktop":{"background-color":"var(--ast-global-color-4)","background-image":"","background-repeat":"repeat","background-position":"center center","background-size":"auto","background-attachment":"scroll","background-type":"","background-media":"","overlay-type":"","overlay-color":"","overlay-opacity":"","overlay-gradient":""},"tablet":{"background-color":"","background-image":"","background-repeat":"repeat","background-position":"center center","background-size":"auto","background-attachment":"scroll","background-type":"","background-media":"","overlay-type":"","overlay-color":"","overlay-opacity":"","overlay-gradient":""},"mobile":{"background-color":"","background-image":"","background-repeat":"repeat","background-position":"center center","background-size":"auto","background-attachment":"scroll","background-type":"","background-media":"","overlay-type":"","overlay-color":"","overlay-opacity":"","overlay-gradient":""}},"ast-content-background-meta":{"desktop":{"background-color":"var(--ast-global-color-5)","background-image":"","background-repeat":"repeat","background-position":"center center","background-size":"auto","background-attachment":"scroll","background-type":"","background-media":"","overlay-type":"","overlay-color":"","overlay-opacity":"","overlay-gradient":""},"tablet":{"background-color":"var(--ast-global-color-5)","background-image":"","background-repeat":"repeat","background-position":"center center","background-size":"auto","background-attachment":"scroll","background-type":"","background-media":"","overlay-type":"","overlay-color":"","overlay-opacity":"","overlay-gradient":""},"mobile":{"background-color":"var(--ast-global-color-5)","background-image":"","background-repeat":"repeat","background-position":"center center","background-size":"auto","background-attachment":"scroll","background-type":"","background-media":"","overlay-type":"","overlay-color":"","overlay-opacity":"","overlay-gradient":""}}},"product_brand":[],"product_cat":[39],"product_tag":[],"class_list":{"0":"post-2235","1":"product","2":"type-product","3":"status-publish","4":"has-post-thumbnail","6":"product_cat-lectores-de-codigo-de-barra","7":"desktop-align-left","8":"tablet-align-left","9":"mobile-align-left","11":"first","12":"instock","13":"shipping-taxable","14":"product-type-simple"},"yoast_head":"<!-- This site is optimized with the Yoast SEO plugin v24.6 - https:\/\/yoast.com\/wordpress\/plugins\/seo\/ -->\n<title>Esc\u00e1ner de mano ZEBRA LI2208 -<\/title>\n<meta name=\"robots\" content=\"index, follow, max-snippet:-1, max-image-preview:large, max-video-preview:-1\" \/>\n<link rel=\"canonical\" href=\"https:\/\/tecplan.com.gt\/en\/product\/escaner-de-mano-li2208\/\" \/>\n<meta property=\"og:locale\" content=\"en_US\" \/>\n<meta property=\"og:type\" content=\"article\" \/>\n<meta property=\"og:title\" content=\"Esc\u00e1ner de mano ZEBRA LI2208 -\" \/>\n<meta property=\"og:description\" content=\"Zebra LI2208 Esc\u00e1ner de mano Esc\u00e1ner de mano confiable y ergon\u00f3mico con funciones mejoradas de mayor alcance y soporte de c\u00f3digos de barras m\u00f3viles. Con el mejor lector de Imagen de su clase con un rendimiento sin igual.\" \/>\n<meta property=\"og:url\" content=\"https:\/\/tecplan.com.gt\/en\/product\/escaner-de-mano-li2208\/\" \/>\n<meta property=\"article:modified_time\" content=\"2024-04-22T20:56:04+00:00\" \/>\n<meta property=\"og:image\" content=\"https:\/\/tecplan.com.gt\/wp-content\/uploads\/2023\/03\/li2208-300-1.png\" \/>\n\t<meta property=\"og:image:width\" content=\"300\" \/>\n\t<meta property=\"og:image:height\" content=\"300\" \/>\n\t<meta property=\"og:image:type\" content=\"image\/png\" \/>\n<meta name=\"twitter:card\" content=\"summary_large_image\" \/>\n<meta name=\"twitter:label1\" content=\"Est. reading time\" \/>\n\t<meta name=\"twitter:data1\" content=\"2 minutes\" \/>\n<script type=\"application\/ld+json\" class=\"yoast-schema-graph\">{\"@context\":\"https:\/\/schema.org\",\"@graph\":[{\"@type\":\"WebPage\",\"@id\":\"https:\/\/tecplan.com.gt\/producto\/escaner-de-mano-li2208\/\",\"url\":\"https:\/\/tecplan.com.gt\/producto\/escaner-de-mano-li2208\/\",\"name\":\"Esc\u00e1ner de mano ZEBRA LI2208 -\",\"isPartOf\":{\"@id\":\"https:\/\/tecplan.com.gt\/#website\"},\"primaryImageOfPage\":{\"@id\":\"https:\/\/tecplan.com.gt\/producto\/escaner-de-mano-li2208\/#primaryimage\"},\"image\":{\"@id\":\"https:\/\/tecplan.com.gt\/producto\/escaner-de-mano-li2208\/#primaryimage\"},\"thumbnailUrl\":\"\/wp-content\/uploads\/2023\/03\/li2208-300-1.png\",\"datePublished\":\"2021-10-04T22:45:48+00:00\",\"dateModified\":\"2024-04-22T20:56:04+00:00\",\"breadcrumb\":{\"@id\":\"https:\/\/tecplan.com.gt\/producto\/escaner-de-mano-li2208\/#breadcrumb\"},\"inLanguage\":\"en-US\",\"potentialAction\":[{\"@type\":\"ReadAction\",\"target\":[\"https:\/\/tecplan.com.gt\/producto\/escaner-de-mano-li2208\/\"]}]},{\"@type\":\"ImageObject\",\"inLanguage\":\"en-US\",\"@id\":\"https:\/\/tecplan.com.gt\/producto\/escaner-de-mano-li2208\/#primaryimage\",\"url\":\"\/wp-content\/uploads\/2023\/03\/li2208-300-1.png\",\"contentUrl\":\"\/wp-content\/uploads\/2023\/03\/li2208-300-1.png\",\"width\":300,\"height\":300},{\"@type\":\"BreadcrumbList\",\"@id\":\"https:\/\/tecplan.com.gt\/producto\/escaner-de-mano-li2208\/#breadcrumb\",\"itemListElement\":[{\"@type\":\"ListItem\",\"position\":1,\"name\":\"Portada\",\"item\":\"https:\/\/tecplan.com.gt\/\"},{\"@type\":\"ListItem\",\"position\":2,\"name\":\"Productos\",\"item\":\"https:\/\/tecplan.com.gt\/shop\/\"},{\"@type\":\"ListItem\",\"position\":3,\"name\":\"Esc\u00e1ner de mano ZEBRA LI2208\"}]},{\"@type\":\"WebSite\",\"@id\":\"https:\/\/tecplan.com.gt\/#website\",\"url\":\"https:\/\/tecplan.com.gt\/\",\"name\":\"Tecplan Argentina\",\"description\":\"Tecnolog\u00edas y equipos de telecomunicaciones\",\"publisher\":{\"@id\":\"https:\/\/tecplan.com.gt\/#organization\"},\"potentialAction\":[{\"@type\":\"SearchAction\",\"target\":{\"@type\":\"EntryPoint\",\"urlTemplate\":\"https:\/\/tecplan.com.gt\/?s={search_term_string}\"},\"query-input\":{\"@type\":\"PropertyValueSpecification\",\"valueRequired\":true,\"valueName\":\"search_term_string\"}}],\"inLanguage\":\"en-US\"},{\"@type\":\"Organization\",\"@id\":\"https:\/\/tecplan.com.gt\/#organization\",\"name\":\"Tecplan Argentina\",\"url\":\"https:\/\/tecplan.com.gt\/\",\"logo\":{\"@type\":\"ImageObject\",\"inLanguage\":\"en-US\",\"@id\":\"https:\/\/tecplan.com.gt\/#\/schema\/logo\/image\/\",\"url\":\"\/wp-content\/uploads\/2023\/03\/logo-tecplan.gif\",\"contentUrl\":\"\/wp-content\/uploads\/2023\/03\/logo-tecplan.gif\",\"width\":1920,\"height\":486,\"caption\":\"Tecplan Argentina\"},\"image\":{\"@id\":\"https:\/\/tecplan.com.gt\/#\/schema\/logo\/image\/\"}}]}<\/script>\n<!-- \/ Yoast SEO plugin. -->","yoast_head_json":{"title":"Esc\u00e1ner de mano ZEBRA LI2208 -","robots":{"index":"index","follow":"follow","max-snippet":"max-snippet:-1","max-image-preview":"max-image-preview:large","max-video-preview":"max-video-preview:-1"},"canonical":"https:\/\/tecplan.com.gt\/en\/product\/escaner-de-mano-li2208\/","og_locale":"en_US","og_type":"article","og_title":"Esc\u00e1ner de mano ZEBRA LI2208 -","og_description":"Zebra LI2208 Esc\u00e1ner de mano Esc\u00e1ner de mano confiable y ergon\u00f3mico con funciones mejoradas de mayor alcance y soporte de c\u00f3digos de barras m\u00f3viles. Con el mejor lector de Imagen de su clase con un rendimiento sin igual.","og_url":"https:\/\/tecplan.com.gt\/en\/product\/escaner-de-mano-li2208\/","article_modified_time":"2024-04-22T20:56:04+00:00","og_image":[{"width":300,"height":300,"url":"https:\/\/tecplan.com.gt\/wp-content\/uploads\/2023\/03\/li2208-300-1.png","type":"image\/png"}],"twitter_card":"summary_large_image","twitter_misc":{"Est. reading time":"2 minutes"},"schema":{"@context":"https:\/\/schema.org","@graph":[{"@type":"WebPage","@id":"https:\/\/tecplan.com.gt\/producto\/escaner-de-mano-li2208\/","url":"https:\/\/tecplan.com.gt\/producto\/escaner-de-mano-li2208\/","name":"Esc\u00e1ner de mano ZEBRA LI2208 -","isPartOf":{"@id":"https:\/\/tecplan.com.gt\/#website"},"primaryImageOfPage":{"@id":"https:\/\/tecplan.com.gt\/producto\/escaner-de-mano-li2208\/#primaryimage"},"image":{"@id":"https:\/\/tecplan.com.gt\/producto\/escaner-de-mano-li2208\/#primaryimage"},"thumbnailUrl":"\/wp-content\/uploads\/2023\/03\/li2208-300-1.png","datePublished":"2021-10-04T22:45:48+00:00","dateModified":"2024-04-22T20:56:04+00:00","breadcrumb":{"@id":"https:\/\/tecplan.com.gt\/producto\/escaner-de-mano-li2208\/#breadcrumb"},"inLanguage":"en-US","potentialAction":[{"@type":"ReadAction","target":["https:\/\/tecplan.com.gt\/producto\/escaner-de-mano-li2208\/"]}]},{"@type":"ImageObject","inLanguage":"en-US","@id":"https:\/\/tecplan.com.gt\/producto\/escaner-de-mano-li2208\/#primaryimage","url":"\/wp-content\/uploads\/2023\/03\/li2208-300-1.png","contentUrl":"\/wp-content\/uploads\/2023\/03\/li2208-300-1.png","width":300,"height":300},{"@type":"BreadcrumbList","@id":"https:\/\/tecplan.com.gt\/producto\/escaner-de-mano-li2208\/#breadcrumb","itemListElement":[{"@type":"ListItem","position":1,"name":"Portada","item":"https:\/\/tecplan.com.gt\/"},{"@type":"ListItem","position":2,"name":"Productos","item":"https:\/\/tecplan.com.gt\/shop\/"},{"@type":"ListItem","position":3,"name":"Esc\u00e1ner de mano ZEBRA LI2208"}]},{"@type":"WebSite","@id":"https:\/\/tecplan.com.gt\/#website","url":"https:\/\/tecplan.com.gt\/","name":"Tecplan Argentina","description":"Tecnolog\u00edas y equipos de telecomunicaciones","publisher":{"@id":"https:\/\/tecplan.com.gt\/#organization"},"potentialAction":[{"@type":"SearchAction","target":{"@type":"EntryPoint","urlTemplate":"https:\/\/tecplan.com.gt\/?s={search_term_string}"},"query-input":{"@type":"PropertyValueSpecification","valueRequired":true,"valueName":"search_term_string"}}],"inLanguage":"en-US"},{"@type":"Organization","@id":"https:\/\/tecplan.com.gt\/#organization","name":"Tecplan Argentina","url":"https:\/\/tecplan.com.gt\/","logo":{"@type":"ImageObject","inLanguage":"en-US","@id":"https:\/\/tecplan.com.gt\/#\/schema\/logo\/image\/","url":"\/wp-content\/uploads\/2023\/03\/logo-tecplan.gif","contentUrl":"\/wp-content\/uploads\/2023\/03\/logo-tecplan.gif","width":1920,"height":486,"caption":"Tecplan Argentina"},"image":{"@id":"https:\/\/tecplan.com.gt\/#\/schema\/logo\/image\/"}}]}},"_links":{"self":[{"href":"https:\/\/tecplan.com.gt\/en\/wp-json\/wp\/v2\/product\/2235"}],"collection":[{"href":"https:\/\/tecplan.com.gt\/en\/wp-json\/wp\/v2\/product"}],"about":[{"href":"https:\/\/tecplan.com.gt\/en\/wp-json\/wp\/v2\/types\/product"}],"replies":[{"embeddable":true,"href":"https:\/\/tecplan.com.gt\/en\/wp-json\/wp\/v2\/comments?post=2235"}],"version-history":[{"count":7,"href":"https:\/\/tecplan.com.gt\/en\/wp-json\/wp\/v2\/product\/2235\/revisions"}],"predecessor-version":[{"id":7470,"href":"https:\/\/tecplan.com.gt\/en\/wp-json\/wp\/v2\/product\/2235\/revisions\/7470"}],"wp:featuredmedia":[{"embeddable":true,"href":"https:\/\/tecplan.com.gt\/en\/wp-json\/wp\/v2\/media\/2236"}],"wp:attachment":[{"href":"https:\/\/tecplan.com.gt\/en\/wp-json\/wp\/v2\/media?parent=2235"}],"wp:term":[{"taxonomy":"product_brand","embeddable":true,"href":"https:\/\/tecplan.com.gt\/en\/wp-json\/wp\/v2\/product_brand?post=2235"},{"taxonomy":"product_cat","embeddable":true,"href":"https:\/\/tecplan.com.gt\/en\/wp-json\/wp\/v2\/product_cat?post=2235"},{"taxonomy":"product_tag","embeddable":true,"href":"https:\/\/tecplan.com.gt\/en\/wp-json\/wp\/v2\/product_tag?post=2235"}],"curies":[{"name":"wp","href":"https:\/\/api.w.org\/{rel}","templated":true}]}}