{"id":2257,"date":"2021-10-28T08:25:27","date_gmt":"2021-10-28T11:25:27","guid":{"rendered":"https:\/\/tecplan.com.gt\/?post_type=product&#038;p=2257"},"modified":"2023-06-25T10:43:47","modified_gmt":"2023-06-25T14:43:47","slug":"radio-motorola-dep450-digital-lah01jdc9ja2an-vhf-136-174-mhz","status":"publish","type":"product","link":"https:\/\/tecplan.com.gt\/en\/product\/radio-motorola-dep450-digital-lah01jdc9ja2an-vhf-136-174-mhz\/","title":{"rendered":"Radio Motorola DEP450 Digital LAH01JDC9JA2AN VHF 136-174 MHz"},"content":{"rendered":"","protected":false},"excerpt":{"rendered":"<div class=\"short-description-product\">\n<p>Radio Motorola\u00a0<strong>DEP450<\/strong>\u00a0Digital LAH01JDC9JA2AN VHF 136-174 MHz with good range, with its accessories, programming software, instructions, technical sheet in PDF and manual, find it at a good price in our market.<\/p>\n<ul>\n<li>Complies with Digital Mobile Radio (DMR) standards<\/li>\n<li>32 channels.<\/li>\n<li>Average UHF range in urban environment up to 1km depending on the urban structure (number and height of buildings).<\/li>\n<li>Average VHF range in rural environment more than 1km depending on vegetation and topography.<\/li>\n<li>It can work in analog and\/or digital mode.<\/li>\n<\/ul>\n<p>Optimal performance in the following areas: construction, security, shopping centers, hotels, farms, transportation companies, vehicle assembly plants, medium-sized industries, stadiums, among others.<\/p>\n<\/div>\n<div class=\"caracte-techn\">\n<h5 class=\"title-secundary\">Technical characteristics<\/h5>\n<ul class=\"list-group list-caracteriscas\">\n<li class=\"list-group-item item-caract\" data-sort=\"8\"><strong>Screen:<\/strong>\u00a0<span class=\"text-blue-caract\">No<\/span><\/li>\n<li class=\"list-group-item item-caract\" data-sort=\"58\"><strong>IP Rating:<\/strong>\u00a0<span class=\"text-blue-caract\">IP54 (Protection against dust and water spray)<\/span><\/li>\n<li class=\"list-group-item item-caract\" data-sort=\"4\"><strong>Operation Channels:<\/strong>\u00a0<span class=\"text-blue-caract\">32<\/span><\/li>\n<li class=\"list-group-item item-caract\" data-sort=\"1\"><strong>Band:<\/strong>\u00a0<span class=\"text-blue-caract\">VHF<\/span><\/li>\n<li class=\"list-group-item item-caract\" data-sort=\"3\"><strong>Power:<\/strong>\u00a0<span class=\"text-blue-caract\">5W<\/span><\/li>\n<li class=\"list-group-item item-caract\" data-sort=\"2\"><strong>Frequency:<\/strong>\u00a0<span class=\"text-blue-caract\">136-174 MHz<\/span><\/li>\n<li class=\"list-group-item item-caract\" data-sort=\"11\"><strong>Temperature Range:<\/strong>\u00a0<span class=\"text-blue-caract\">De -30 C a 60  C<\/span><\/li>\n<li class=\"list-group-item item-caract\" data-sort=\"43\"><strong>Dimensions (H x W x D):<\/strong>\u00a0<span class=\"text-blue-caract\">\u00a012.7 x 6.1 x 3.9 cm<\/span><\/li>\n<li class=\"list-group-item item-caract\" data-sort=\"44\"><strong>Weight:<\/strong>\u00a0<span class=\"text-blue-caract\">341 gr<\/span><\/li>\n<li class=\"list-group-item item-caract\" data-sort=\"46\"><strong>GPS:<\/strong>\u00a0<span class=\"text-blue-caract\">\u00a0No<\/span><\/li>\n<li class=\"list-group-item item-caract\" data-sort=\"47\"><strong>Bluetooth Accessory:<\/strong>\u00a0<span class=\"text-blue-caract\">\u00a0No<\/span><\/li>\n<li class=\"list-group-item item-caract\" data-sort=\"54\"><strong>Programmable buttons:<\/strong>\u00a0<span class=\"text-blue-caract\">Yes<\/span><\/li>\n<li class=\"list-group-item item-caract\" data-sort=\"48\"><strong>Bluetooth data:<\/strong>\u00a0<span class=\"text-blue-caract\">\u00a0No<\/span><\/li>\n<li class=\"list-group-item item-caract\" data-sort=\"10\"><strong>Keyboard:<\/strong>\u00a0<span class=\"text-blue-caract\">No<\/span><\/li>\n<\/ul>\n<\/div>\n<div class=\"row\">\n<div class=\"col-md-12\">\n<div class=\"large-descrition-product\">\n<p>Compatible with the MOTOTRBO\u2122 family of radios, the DEP 450 features superior audio quality, outstanding coverage, long battery life, IP Site Connect system support, 40% longer battery life and 2:1 spectral efficiency, giving you better collaboration across your established workgroups and excellent interoperability.<\/p>\n<ul>\n<li>Transmit Interrupt Capability (Decode Only) \u2013 Allows a supervisor to interrupt a DEP 450 user to provide critical information exactly when and where it is needed.<\/li>\n<li>Digital noise cancellation software filters out the worst of the background noise, allowing you to hear clearly over the noise of machinery.<\/li>\n<li>Compatible with repeater<\/li>\n<li>Battery charge duration (based on a duty cycle of 5% transmit, 5% receive, 90% Stand By 5\/5\/90): 14.5 hrs \/ 18.5 hrs<\/li>\n<li>Channel spacing 12.5 Khz and 25 Khz<\/li>\n<li>Military specifications, 810 D, 810 E<\/li>\n<li>Scramble for a better level of security<\/li>\n<li>2 Programmable Buttons<\/li>\n<\/ul>\n<\/div>\n<\/div>\n<\/div>","protected":false},"featured_media":2258,"comment_status":"open","ping_status":"closed","template":"","meta":{"site-sidebar-layout":"default","site-content-layout":"","ast-site-content-layout":"","site-content-style":"default","site-sidebar-style":"default","ast-global-header-display":"","ast-banner-title-visibility":"","ast-main-header-display":"","ast-hfb-above-header-display":"","ast-hfb-below-header-display":"","ast-hfb-mobile-header-display":"","site-post-title":"","ast-breadcrumbs-content":"","ast-featured-img":"","footer-sml-layout":"","theme-transparent-header-meta":"","adv-header-id-meta":"","stick-header-meta":"","header-above-stick-meta":"","header-main-stick-meta":"","header-below-stick-meta":"","astra-migrate-meta-layouts":"default","ast-page-background-enabled":"default","ast-page-background-meta":{"desktop":{"background-color":"var(--ast-global-color-4)","background-image":"","background-repeat":"repeat","background-position":"center center","background-size":"auto","background-attachment":"scroll","background-type":"","background-media":"","overlay-type":"","overlay-color":"","overlay-opacity":"","overlay-gradient":""},"tablet":{"background-color":"","background-image":"","background-repeat":"repeat","background-position":"center center","background-size":"auto","background-attachment":"scroll","background-type":"","background-media":"","overlay-type":"","overlay-color":"","overlay-opacity":"","overlay-gradient":""},"mobile":{"background-color":"","background-image":"","background-repeat":"repeat","background-position":"center center","background-size":"auto","background-attachment":"scroll","background-type":"","background-media":"","overlay-type":"","overlay-color":"","overlay-opacity":"","overlay-gradient":""}},"ast-content-background-meta":{"desktop":{"background-color":"var(--ast-global-color-5)","background-image":"","background-repeat":"repeat","background-position":"center center","background-size":"auto","background-attachment":"scroll","background-type":"","background-media":"","overlay-type":"","overlay-color":"","overlay-opacity":"","overlay-gradient":""},"tablet":{"background-color":"var(--ast-global-color-5)","background-image":"","background-repeat":"repeat","background-position":"center center","background-size":"auto","background-attachment":"scroll","background-type":"","background-media":"","overlay-type":"","overlay-color":"","overlay-opacity":"","overlay-gradient":""},"mobile":{"background-color":"var(--ast-global-color-5)","background-image":"","background-repeat":"repeat","background-position":"center center","background-size":"auto","background-attachment":"scroll","background-type":"","background-media":"","overlay-type":"","overlay-color":"","overlay-opacity":"","overlay-gradient":""}}},"product_brand":[],"product_cat":[32],"product_tag":[33],"class_list":{"0":"post-2257","1":"product","2":"type-product","3":"status-publish","4":"has-post-thumbnail","6":"product_cat-motorola","7":"product_tag-motorola","8":"desktop-align-left","9":"tablet-align-left","10":"mobile-align-left","12":"first","13":"instock","14":"shipping-taxable","15":"product-type-simple"},"yoast_head":"<!-- This site is optimized with the Yoast SEO plugin v24.6 - https:\/\/yoast.com\/wordpress\/plugins\/seo\/ -->\n<title>Radio Motorola DEP450 Digital LAH01JDC9JA2AN VHF 136-174 MHz -<\/title>\n<meta name=\"robots\" content=\"index, follow, max-snippet:-1, max-image-preview:large, max-video-preview:-1\" \/>\n<link rel=\"canonical\" href=\"https:\/\/tecplan.com.gt\/en\/product\/radio-motorola-dep450-digital-lah01jdc9ja2an-vhf-136-174-mhz\/\" \/>\n<meta property=\"og:locale\" content=\"en_US\" \/>\n<meta property=\"og:type\" content=\"article\" \/>\n<meta property=\"og:title\" content=\"Radio Motorola DEP450 Digital LAH01JDC9JA2AN VHF 136-174 MHz -\" \/>\n<meta property=\"og:description\" content=\"Radio Motorola\u00a0DEP450\u00a0Digital LAH01JDC9JA2AN VHF 136-174 MHz con buen alcance, con sus accesorios, software de programaci\u00f3n, instrucciones, ficha t\u00e9cnica en PDF y manual, encu\u00e9ntralo a buen precio en nuestro mercado.   Cumple con los est\u00e1ndares de Radio M\u00f3vil Digital (DMR)  32 canales.  Alcance promedio UHF en ambiente urbano hasta 1km dependiendo de la estructura urbana (cantidad y altura de las edificaciones).  Alcance promedio VHF en ambiente rural m\u00e1s de 1km dependiendo de la vegetaci\u00f3n y la topograf\u00eda.  Se puede trabajar en modo an\u00e1logo y\/o digital.  Desempe\u00f1o \u00f3ptimo en las siguientes \u00e1reas: construcciones, seguridad, centros comerciales, hoteles, fincas, empresas de transporte, ensambladoras de veh\u00edculos, industrias medias, estadios, entre otro.    Caracteristicas t\u00e9cnicas   Pantalla:\u00a0No  Clasificaci\u00f3n IP:\u00a0IP54 (Protecci\u00f3n contra polvo y contra agua pulverizada)  Canales de Operaci\u00f3n:\u00a032  Banda:\u00a0VHF  Potencia:\u00a05W  Frecuencia:\u00a0136-174 MHz  Rango de Temperatura:\u00a0De -30 C a 60 C  Dimensiones (alto x ancho x profundidad):\u00a0\u00a012.7 x 6.1 x 3.9 cm  Peso:\u00a0341 gr  GPS:\u00a0\u00a0No  Accesorio Bluetooh:\u00a0\u00a0No  Botones programable:\u00a0Si  Datos Bluetooh:\u00a0\u00a0No  Teclado:\u00a0No       Compatible con la familia de radios MOTOTRBO&#x2122;, el DEP 450 tiene calidad de audio superior, cobertura sobresaliente, bater\u00eda de larga duraci\u00f3n, operan en sistemas IP Site Connect, 40% m\u00e1s de vida \u00fatil de la bater\u00eda y eficiencia espectral de 2:1 ofreci\u00e9ndole as\u00ed una mejor colaboraci\u00f3n entre sus grupos de trabajos ya establecidos brind\u00e1ndole una excelente interoperabilidad.   Capacidad de interrupci\u00f3n de transmisi\u00f3n (solo decodificaci\u00f3n): permite que un supervisor interrumpa a un usuario del DEP 450 para proporcionar informaci\u00f3n fundamental exactamente cuando y donde se necesite.  El software de cancelaci\u00f3n de ruido digital filtra lo peor del ruido de fondo, lo que les permite o\u00edr con total claridad por sobre el ruido de maquinaria.  Compatible con repetidor  Duraci\u00f3n de la carga de la bater\u00eda (basada en un ciclo de trabajo de 5% transmisi\u00f3n, 5% recepci\u00f3n, 90% Stand By 5\/5\/90):14,5 hrs \/ 18,5 hrs  Espaciado de canal 12.5 Khz y 25 Khz  Especificaciones militares, 810 D, 810 E  Scramble para un mejor nivel de seguridad  2 Botones programables\" \/>\n<meta property=\"og:url\" content=\"https:\/\/tecplan.com.gt\/en\/product\/radio-motorola-dep450-digital-lah01jdc9ja2an-vhf-136-174-mhz\/\" \/>\n<meta property=\"article:modified_time\" content=\"2023-06-25T14:43:47+00:00\" \/>\n<meta property=\"og:image\" content=\"https:\/\/tecplan.com.gt\/wp-content\/uploads\/2023\/03\/RADIO-PORTATIL-DEP450-Analogico.jpg\" \/>\n\t<meta property=\"og:image:width\" content=\"1200\" \/>\n\t<meta property=\"og:image:height\" content=\"1200\" \/>\n\t<meta property=\"og:image:type\" content=\"image\/jpeg\" \/>\n<meta name=\"twitter:card\" content=\"summary_large_image\" \/>\n<meta name=\"twitter:label1\" content=\"Est. reading time\" \/>\n\t<meta name=\"twitter:data1\" content=\"1 minute\" \/>\n<script type=\"application\/ld+json\" class=\"yoast-schema-graph\">{\"@context\":\"https:\/\/schema.org\",\"@graph\":[{\"@type\":\"WebPage\",\"@id\":\"https:\/\/tecplan.com.gt\/producto\/radio-motorola-dep450-digital-lah01jdc9ja2an-vhf-136-174-mhz\/\",\"url\":\"https:\/\/tecplan.com.gt\/producto\/radio-motorola-dep450-digital-lah01jdc9ja2an-vhf-136-174-mhz\/\",\"name\":\"Radio Motorola DEP450 Digital LAH01JDC9JA2AN VHF 136-174 MHz -\",\"isPartOf\":{\"@id\":\"https:\/\/tecplan.com.gt\/#website\"},\"primaryImageOfPage\":{\"@id\":\"https:\/\/tecplan.com.gt\/producto\/radio-motorola-dep450-digital-lah01jdc9ja2an-vhf-136-174-mhz\/#primaryimage\"},\"image\":{\"@id\":\"https:\/\/tecplan.com.gt\/producto\/radio-motorola-dep450-digital-lah01jdc9ja2an-vhf-136-174-mhz\/#primaryimage\"},\"thumbnailUrl\":\"\/wp-content\/uploads\/2023\/03\/RADIO-PORTATIL-DEP450-Analogico.jpg\",\"datePublished\":\"2021-10-28T11:25:27+00:00\",\"dateModified\":\"2023-06-25T14:43:47+00:00\",\"breadcrumb\":{\"@id\":\"https:\/\/tecplan.com.gt\/producto\/radio-motorola-dep450-digital-lah01jdc9ja2an-vhf-136-174-mhz\/#breadcrumb\"},\"inLanguage\":\"en-US\",\"potentialAction\":[{\"@type\":\"ReadAction\",\"target\":[\"https:\/\/tecplan.com.gt\/producto\/radio-motorola-dep450-digital-lah01jdc9ja2an-vhf-136-174-mhz\/\"]}]},{\"@type\":\"ImageObject\",\"inLanguage\":\"en-US\",\"@id\":\"https:\/\/tecplan.com.gt\/producto\/radio-motorola-dep450-digital-lah01jdc9ja2an-vhf-136-174-mhz\/#primaryimage\",\"url\":\"\/wp-content\/uploads\/2023\/03\/RADIO-PORTATIL-DEP450-Analogico.jpg\",\"contentUrl\":\"\/wp-content\/uploads\/2023\/03\/RADIO-PORTATIL-DEP450-Analogico.jpg\",\"width\":1200,\"height\":1200},{\"@type\":\"BreadcrumbList\",\"@id\":\"https:\/\/tecplan.com.gt\/producto\/radio-motorola-dep450-digital-lah01jdc9ja2an-vhf-136-174-mhz\/#breadcrumb\",\"itemListElement\":[{\"@type\":\"ListItem\",\"position\":1,\"name\":\"Portada\",\"item\":\"https:\/\/tecplan.com.gt\/\"},{\"@type\":\"ListItem\",\"position\":2,\"name\":\"Productos\",\"item\":\"https:\/\/tecplan.com.gt\/shop\/\"},{\"@type\":\"ListItem\",\"position\":3,\"name\":\"Radio Motorola DEP450 Digital LAH01JDC9JA2AN VHF 136-174 MHz\"}]},{\"@type\":\"WebSite\",\"@id\":\"https:\/\/tecplan.com.gt\/#website\",\"url\":\"https:\/\/tecplan.com.gt\/\",\"name\":\"Tecplan Argentina\",\"description\":\"Tecnolog\u00edas y equipos de telecomunicaciones\",\"publisher\":{\"@id\":\"https:\/\/tecplan.com.gt\/#organization\"},\"potentialAction\":[{\"@type\":\"SearchAction\",\"target\":{\"@type\":\"EntryPoint\",\"urlTemplate\":\"https:\/\/tecplan.com.gt\/?s={search_term_string}\"},\"query-input\":{\"@type\":\"PropertyValueSpecification\",\"valueRequired\":true,\"valueName\":\"search_term_string\"}}],\"inLanguage\":\"en-US\"},{\"@type\":\"Organization\",\"@id\":\"https:\/\/tecplan.com.gt\/#organization\",\"name\":\"Tecplan Argentina\",\"url\":\"https:\/\/tecplan.com.gt\/\",\"logo\":{\"@type\":\"ImageObject\",\"inLanguage\":\"en-US\",\"@id\":\"https:\/\/tecplan.com.gt\/#\/schema\/logo\/image\/\",\"url\":\"\/wp-content\/uploads\/2023\/03\/logo-tecplan.gif\",\"contentUrl\":\"\/wp-content\/uploads\/2023\/03\/logo-tecplan.gif\",\"width\":1920,\"height\":486,\"caption\":\"Tecplan Argentina\"},\"image\":{\"@id\":\"https:\/\/tecplan.com.gt\/#\/schema\/logo\/image\/\"}}]}<\/script>\n<!-- \/ Yoast SEO plugin. -->","yoast_head_json":{"title":"Radio Motorola DEP450 Digital LAH01JDC9JA2AN VHF 136-174 MHz -","robots":{"index":"index","follow":"follow","max-snippet":"max-snippet:-1","max-image-preview":"max-image-preview:large","max-video-preview":"max-video-preview:-1"},"canonical":"https:\/\/tecplan.com.gt\/en\/product\/radio-motorola-dep450-digital-lah01jdc9ja2an-vhf-136-174-mhz\/","og_locale":"en_US","og_type":"article","og_title":"Radio Motorola DEP450 Digital LAH01JDC9JA2AN VHF 136-174 MHz -","og_description":"Radio Motorola\u00a0DEP450\u00a0Digital LAH01JDC9JA2AN VHF 136-174 MHz con buen alcance, con sus accesorios, software de programaci\u00f3n, instrucciones, ficha t\u00e9cnica en PDF y manual, encu\u00e9ntralo a buen precio en nuestro mercado.   Cumple con los est\u00e1ndares de Radio M\u00f3vil Digital (DMR)  32 canales.  Alcance promedio UHF en ambiente urbano hasta 1km dependiendo de la estructura urbana (cantidad y altura de las edificaciones).  Alcance promedio VHF en ambiente rural m\u00e1s de 1km dependiendo de la vegetaci\u00f3n y la topograf\u00eda.  Se puede trabajar en modo an\u00e1logo y\/o digital.  Desempe\u00f1o \u00f3ptimo en las siguientes \u00e1reas: construcciones, seguridad, centros comerciales, hoteles, fincas, empresas de transporte, ensambladoras de veh\u00edculos, industrias medias, estadios, entre otro.    Caracteristicas t\u00e9cnicas   Pantalla:\u00a0No  Clasificaci\u00f3n IP:\u00a0IP54 (Protecci\u00f3n contra polvo y contra agua pulverizada)  Canales de Operaci\u00f3n:\u00a032  Banda:\u00a0VHF  Potencia:\u00a05W  Frecuencia:\u00a0136-174 MHz  Rango de Temperatura:\u00a0De -30 C a 60 C  Dimensiones (alto x ancho x profundidad):\u00a0\u00a012.7 x 6.1 x 3.9 cm  Peso:\u00a0341 gr  GPS:\u00a0\u00a0No  Accesorio Bluetooh:\u00a0\u00a0No  Botones programable:\u00a0Si  Datos Bluetooh:\u00a0\u00a0No  Teclado:\u00a0No       Compatible con la familia de radios MOTOTRBO&#x2122;, el DEP 450 tiene calidad de audio superior, cobertura sobresaliente, bater\u00eda de larga duraci\u00f3n, operan en sistemas IP Site Connect, 40% m\u00e1s de vida \u00fatil de la bater\u00eda y eficiencia espectral de 2:1 ofreci\u00e9ndole as\u00ed una mejor colaboraci\u00f3n entre sus grupos de trabajos ya establecidos brind\u00e1ndole una excelente interoperabilidad.   Capacidad de interrupci\u00f3n de transmisi\u00f3n (solo decodificaci\u00f3n): permite que un supervisor interrumpa a un usuario del DEP 450 para proporcionar informaci\u00f3n fundamental exactamente cuando y donde se necesite.  El software de cancelaci\u00f3n de ruido digital filtra lo peor del ruido de fondo, lo que les permite o\u00edr con total claridad por sobre el ruido de maquinaria.  Compatible con repetidor  Duraci\u00f3n de la carga de la bater\u00eda (basada en un ciclo de trabajo de 5% transmisi\u00f3n, 5% recepci\u00f3n, 90% Stand By 5\/5\/90):14,5 hrs \/ 18,5 hrs  Espaciado de canal 12.5 Khz y 25 Khz  Especificaciones militares, 810 D, 810 E  Scramble para un mejor nivel de seguridad  2 Botones programables","og_url":"https:\/\/tecplan.com.gt\/en\/product\/radio-motorola-dep450-digital-lah01jdc9ja2an-vhf-136-174-mhz\/","article_modified_time":"2023-06-25T14:43:47+00:00","og_image":[{"width":1200,"height":1200,"url":"https:\/\/tecplan.com.gt\/wp-content\/uploads\/2023\/03\/RADIO-PORTATIL-DEP450-Analogico.jpg","type":"image\/jpeg"}],"twitter_card":"summary_large_image","twitter_misc":{"Est. reading time":"1 minute"},"schema":{"@context":"https:\/\/schema.org","@graph":[{"@type":"WebPage","@id":"https:\/\/tecplan.com.gt\/producto\/radio-motorola-dep450-digital-lah01jdc9ja2an-vhf-136-174-mhz\/","url":"https:\/\/tecplan.com.gt\/producto\/radio-motorola-dep450-digital-lah01jdc9ja2an-vhf-136-174-mhz\/","name":"Radio Motorola DEP450 Digital LAH01JDC9JA2AN VHF 136-174 MHz -","isPartOf":{"@id":"https:\/\/tecplan.com.gt\/#website"},"primaryImageOfPage":{"@id":"https:\/\/tecplan.com.gt\/producto\/radio-motorola-dep450-digital-lah01jdc9ja2an-vhf-136-174-mhz\/#primaryimage"},"image":{"@id":"https:\/\/tecplan.com.gt\/producto\/radio-motorola-dep450-digital-lah01jdc9ja2an-vhf-136-174-mhz\/#primaryimage"},"thumbnailUrl":"\/wp-content\/uploads\/2023\/03\/RADIO-PORTATIL-DEP450-Analogico.jpg","datePublished":"2021-10-28T11:25:27+00:00","dateModified":"2023-06-25T14:43:47+00:00","breadcrumb":{"@id":"https:\/\/tecplan.com.gt\/producto\/radio-motorola-dep450-digital-lah01jdc9ja2an-vhf-136-174-mhz\/#breadcrumb"},"inLanguage":"en-US","potentialAction":[{"@type":"ReadAction","target":["https:\/\/tecplan.com.gt\/producto\/radio-motorola-dep450-digital-lah01jdc9ja2an-vhf-136-174-mhz\/"]}]},{"@type":"ImageObject","inLanguage":"en-US","@id":"https:\/\/tecplan.com.gt\/producto\/radio-motorola-dep450-digital-lah01jdc9ja2an-vhf-136-174-mhz\/#primaryimage","url":"\/wp-content\/uploads\/2023\/03\/RADIO-PORTATIL-DEP450-Analogico.jpg","contentUrl":"\/wp-content\/uploads\/2023\/03\/RADIO-PORTATIL-DEP450-Analogico.jpg","width":1200,"height":1200},{"@type":"BreadcrumbList","@id":"https:\/\/tecplan.com.gt\/producto\/radio-motorola-dep450-digital-lah01jdc9ja2an-vhf-136-174-mhz\/#breadcrumb","itemListElement":[{"@type":"ListItem","position":1,"name":"Portada","item":"https:\/\/tecplan.com.gt\/"},{"@type":"ListItem","position":2,"name":"Productos","item":"https:\/\/tecplan.com.gt\/shop\/"},{"@type":"ListItem","position":3,"name":"Radio Motorola DEP450 Digital LAH01JDC9JA2AN VHF 136-174 MHz"}]},{"@type":"WebSite","@id":"https:\/\/tecplan.com.gt\/#website","url":"https:\/\/tecplan.com.gt\/","name":"Tecplan Argentina","description":"Tecnolog\u00edas y equipos de telecomunicaciones","publisher":{"@id":"https:\/\/tecplan.com.gt\/#organization"},"potentialAction":[{"@type":"SearchAction","target":{"@type":"EntryPoint","urlTemplate":"https:\/\/tecplan.com.gt\/?s={search_term_string}"},"query-input":{"@type":"PropertyValueSpecification","valueRequired":true,"valueName":"search_term_string"}}],"inLanguage":"en-US"},{"@type":"Organization","@id":"https:\/\/tecplan.com.gt\/#organization","name":"Tecplan Argentina","url":"https:\/\/tecplan.com.gt\/","logo":{"@type":"ImageObject","inLanguage":"en-US","@id":"https:\/\/tecplan.com.gt\/#\/schema\/logo\/image\/","url":"\/wp-content\/uploads\/2023\/03\/logo-tecplan.gif","contentUrl":"\/wp-content\/uploads\/2023\/03\/logo-tecplan.gif","width":1920,"height":486,"caption":"Tecplan Argentina"},"image":{"@id":"https:\/\/tecplan.com.gt\/#\/schema\/logo\/image\/"}}]}},"_links":{"self":[{"href":"https:\/\/tecplan.com.gt\/en\/wp-json\/wp\/v2\/product\/2257"}],"collection":[{"href":"https:\/\/tecplan.com.gt\/en\/wp-json\/wp\/v2\/product"}],"about":[{"href":"https:\/\/tecplan.com.gt\/en\/wp-json\/wp\/v2\/types\/product"}],"replies":[{"embeddable":true,"href":"https:\/\/tecplan.com.gt\/en\/wp-json\/wp\/v2\/comments?post=2257"}],"version-history":[{"count":1,"href":"https:\/\/tecplan.com.gt\/en\/wp-json\/wp\/v2\/product\/2257\/revisions"}],"predecessor-version":[{"id":8947,"href":"https:\/\/tecplan.com.gt\/en\/wp-json\/wp\/v2\/product\/2257\/revisions\/8947"}],"wp:featuredmedia":[{"embeddable":true,"href":"https:\/\/tecplan.com.gt\/en\/wp-json\/wp\/v2\/media\/2258"}],"wp:attachment":[{"href":"https:\/\/tecplan.com.gt\/en\/wp-json\/wp\/v2\/media?parent=2257"}],"wp:term":[{"taxonomy":"product_brand","embeddable":true,"href":"https:\/\/tecplan.com.gt\/en\/wp-json\/wp\/v2\/product_brand?post=2257"},{"taxonomy":"product_cat","embeddable":true,"href":"https:\/\/tecplan.com.gt\/en\/wp-json\/wp\/v2\/product_cat?post=2257"},{"taxonomy":"product_tag","embeddable":true,"href":"https:\/\/tecplan.com.gt\/en\/wp-json\/wp\/v2\/product_tag?post=2257"}],"curies":[{"name":"wp","href":"https:\/\/api.w.org\/{rel}","templated":true}]}}