{"id":2263,"date":"2021-10-28T08:36:39","date_gmt":"2021-10-28T11:36:39","guid":{"rendered":"https:\/\/tecplan.com.gt\/?post_type=product&#038;p=2263"},"modified":"2023-06-25T10:43:44","modified_gmt":"2023-06-25T14:43:44","slug":"radio-motorola-dgm8500e-digital-lam28jqn9ra1an-vhf-136-174mhz-de-45w","status":"publish","type":"product","link":"https:\/\/tecplan.com.gt\/en\/product\/radio-motorola-dgm8500e-digital-lam28jqn9ra1an-vhf-136-174mhz-de-45w\/","title":{"rendered":"Motorola DGM8500e Digital Radio LAM28JQN9RA1AN VHF 136-174MHz 45W"},"content":{"rendered":"","protected":false},"excerpt":{"rendered":"<div class=\"short-description-product\">\n<p>Radio Motorola\u00a0<strong>DGM8500e<\/strong>\u00a0Digital LAM28JQN9RA1AN VHF 136-174MHz 45W with good range, with its accessories, programming software, instructions, technical sheet in PDF and manual, find it at a good price in our market.<\/p>\n<ul>\n<li>Complies with Digital Mobile Radio (DMR) standards.<\/li>\n<li>1000 channels.<\/li>\n<li>Color, alphanumeric display.<\/li>\n<li>It can work in analog and\/or digital mode.<\/li>\n<li>Conventional System, Capacity Plus and IP Site Connect (Licensed).<\/li>\n<\/ul>\n<p>Optimal performance in the following areas: construction, security, shopping centers, hotels, farms, transportation companies, vehicle assembly plants, medium-sized industries, stadiums, among others.<\/p>\n<\/div>\n<div class=\"caracte-techn\">\n<h5 class=\"title-secundary\">Technical characteristics<\/h5>\n<ul class=\"list-group list-caracteriscas\">\n<li class=\"list-group-item item-caract\" data-sort=\"1\"><strong>Band:<\/strong>\u00a0<span class=\"text-blue-caract\">VHF<\/span><\/li>\n<li class=\"list-group-item item-caract\" data-sort=\"8\"><strong>Screen:<\/strong>\u00a0<span class=\"text-blue-caract\">Yes<\/span><\/li>\n<li class=\"list-group-item item-caract\" data-sort=\"2\"><strong>Frequency:<\/strong>\u00a0<span class=\"text-blue-caract\">136-174 MHz<\/span><\/li>\n<li class=\"list-group-item item-caract\" data-sort=\"3\"><strong>Power:<\/strong>\u00a0<span class=\"text-blue-caract\">45W<\/span><\/li>\n<li class=\"list-group-item item-caract\" data-sort=\"58\"><strong>IP Rating:<\/strong>\u00a0<span class=\"text-blue-caract\">IP54 (Protection against dust and water spray)<\/span><\/li>\n<li class=\"list-group-item item-caract\" data-sort=\"11\"><strong>Temperature Range:<\/strong>\u00a0<span class=\"text-blue-caract\">De -30 C a 60  C<\/span><\/li>\n<li class=\"list-group-item item-caract\" data-sort=\"9\"><strong>Screen Type:<\/strong>\u00a0<span class=\"text-blue-caract\">4 Line Color<\/span><\/li>\n<li class=\"list-group-item item-caract\" data-sort=\"4\"><strong>Operation Channels:<\/strong>\u00a0<span class=\"text-blue-caract\"> 1000<\/span><\/li>\n<li class=\"list-group-item item-caract\" data-sort=\"43\"><strong>Dimensions (H x W x D):<\/strong>\u00a0<span class=\"text-blue-caract\">5.3 x 17.5 x 20.6 cm<\/span><\/li>\n<li class=\"list-group-item item-caract\" data-sort=\"44\"><strong>Weight:<\/strong>\u00a0<span class=\"text-blue-caract\">1800 g<\/span><\/li>\n<li class=\"list-group-item item-caract\" data-sort=\"46\"><strong>GPS:<\/strong>\u00a0<span class=\"text-blue-caract\">Yes<\/span><\/li>\n<li class=\"list-group-item item-caract\" data-sort=\"54\"><strong>Programmable buttons:<\/strong>\u00a0<span class=\"text-blue-caract\">Yes<\/span><\/li>\n<li class=\"list-group-item item-caract\" data-sort=\"47\"><strong>Bluetooth Accessory:<\/strong>\u00a0<span class=\"text-blue-caract\">Yes<\/span><\/li>\n<li class=\"list-group-item item-caract\" data-sort=\"48\"><strong>Bluetooth data:<\/strong>\u00a0<span class=\"text-blue-caract\">Yes<\/span><\/li>\n<li class=\"list-group-item item-caract\" data-sort=\"57\"><strong>For explosive environments:<\/strong>\u00a0<span class=\"text-blue-caract\">No<\/span><\/li>\n<li class=\"list-group-item item-caract\" data-sort=\"10\"><strong>Keyboard:<\/strong>\u00a0<span class=\"text-blue-caract\">No<\/span><\/li>\n<\/ul>\n<\/div>\n<div class=\"row\">\n<div class=\"col-md-12\">\n<div class=\"large-descrition-product\">\n<p>The MOTOTRBO DGM 8500e mobile radio offers you high-quality, high-performance voice and data communications. It combines the best of two-way radio functionality with the latest in digital technology.<\/p>\n<ul>\n<li>Repeater compatible.<\/li>\n<li>Bluetooth audio and data functionality.<\/li>\n<li>Extension for optional plate.<\/li>\n<li>Built-in Wi-Fi for remote management.<\/li>\n<li>Bluetooth audio and data.<\/li>\n<li>GPS for greater location accuracy.<\/li>\n<li>4 programmable buttons.<\/li>\n<li>Transmit Interrupt function to interrupt the communication of other workers if necessary.<\/li>\n<li>Caller ID.<\/li>\n<li>Default Text Messaging and Free-Form Text Messaging (requires microphone with keyboard).<\/li>\n<li>Smart Audio, IMPRES Audio.<\/li>\n<li>Noise cancellation.<\/li>\n<li>Channel spacing 12.5 Khz and 25 Khz<\/li>\n<li>Meets military standards MIL-STD810 C\/D\/E\/F\/G.<\/li>\n<li>Solo operator, basic and optimized privacy.<\/li>\n<\/ul>\n<\/div>\n<\/div>\n<\/div>","protected":false},"featured_media":2264,"comment_status":"open","ping_status":"closed","template":"","meta":{"site-sidebar-layout":"default","site-content-layout":"","ast-site-content-layout":"","site-content-style":"default","site-sidebar-style":"default","ast-global-header-display":"","ast-banner-title-visibility":"","ast-main-header-display":"","ast-hfb-above-header-display":"","ast-hfb-below-header-display":"","ast-hfb-mobile-header-display":"","site-post-title":"","ast-breadcrumbs-content":"","ast-featured-img":"","footer-sml-layout":"","theme-transparent-header-meta":"","adv-header-id-meta":"","stick-header-meta":"","header-above-stick-meta":"","header-main-stick-meta":"","header-below-stick-meta":"","astra-migrate-meta-layouts":"default","ast-page-background-enabled":"default","ast-page-background-meta":{"desktop":{"background-color":"var(--ast-global-color-4)","background-image":"","background-repeat":"repeat","background-position":"center center","background-size":"auto","background-attachment":"scroll","background-type":"","background-media":"","overlay-type":"","overlay-color":"","overlay-opacity":"","overlay-gradient":""},"tablet":{"background-color":"","background-image":"","background-repeat":"repeat","background-position":"center center","background-size":"auto","background-attachment":"scroll","background-type":"","background-media":"","overlay-type":"","overlay-color":"","overlay-opacity":"","overlay-gradient":""},"mobile":{"background-color":"","background-image":"","background-repeat":"repeat","background-position":"center center","background-size":"auto","background-attachment":"scroll","background-type":"","background-media":"","overlay-type":"","overlay-color":"","overlay-opacity":"","overlay-gradient":""}},"ast-content-background-meta":{"desktop":{"background-color":"var(--ast-global-color-5)","background-image":"","background-repeat":"repeat","background-position":"center center","background-size":"auto","background-attachment":"scroll","background-type":"","background-media":"","overlay-type":"","overlay-color":"","overlay-opacity":"","overlay-gradient":""},"tablet":{"background-color":"var(--ast-global-color-5)","background-image":"","background-repeat":"repeat","background-position":"center center","background-size":"auto","background-attachment":"scroll","background-type":"","background-media":"","overlay-type":"","overlay-color":"","overlay-opacity":"","overlay-gradient":""},"mobile":{"background-color":"var(--ast-global-color-5)","background-image":"","background-repeat":"repeat","background-position":"center center","background-size":"auto","background-attachment":"scroll","background-type":"","background-media":"","overlay-type":"","overlay-color":"","overlay-opacity":"","overlay-gradient":""}}},"product_brand":[],"product_cat":[32],"product_tag":[33],"class_list":{"0":"post-2263","1":"product","2":"type-product","3":"status-publish","4":"has-post-thumbnail","6":"product_cat-motorola","7":"product_tag-motorola","8":"desktop-align-left","9":"tablet-align-left","10":"mobile-align-left","12":"first","13":"instock","14":"shipping-taxable","15":"product-type-simple"},"yoast_head":"<!-- This site is optimized with the Yoast SEO plugin v24.6 - https:\/\/yoast.com\/wordpress\/plugins\/seo\/ -->\n<title>Radio Motorola DGM8500e Digital LAM28JQN9RA1AN VHF 136-174MHz de 45W -<\/title>\n<meta name=\"robots\" content=\"index, follow, max-snippet:-1, max-image-preview:large, max-video-preview:-1\" \/>\n<link rel=\"canonical\" href=\"https:\/\/tecplan.com.gt\/en\/product\/radio-motorola-dgm8500e-digital-lam28jqn9ra1an-vhf-136-174mhz-de-45w\/\" \/>\n<meta property=\"og:locale\" content=\"en_US\" \/>\n<meta property=\"og:type\" content=\"article\" \/>\n<meta property=\"og:title\" content=\"Radio Motorola DGM8500e Digital LAM28JQN9RA1AN VHF 136-174MHz de 45W -\" \/>\n<meta property=\"og:description\" content=\"Radio Motorola\u00a0DGM8500e\u00a0Digital LAM28JQN9RA1AN VHF 136-174MHz de 45W con buen alcance, con sus accesorios, software de programaci\u00f3n, instrucciones, ficha t\u00e9cnica en PDF y manual, encu\u00e9ntralo a buen precio en nuestro mercado.   Cumple con los est\u00e1ndares de Radio M\u00f3vil Digital (DMR).  1000 canales.  Pantalla a color, alfanum\u00e9rica.  Se puede trabajar en modo an\u00e1logo y\/o digital.  Sistema Convencional, Capacity Plus e IP Site Connect (Con licencia).  Desempe\u00f1o \u00f3ptimo en las siguientes \u00e1reas: construcciones, seguridad, centros comerciales, hoteles, fincas, empresas de transporte, ensambladoras de veh\u00edculos, industrias medias, estadios, entre otro.    Caracteristicas t\u00e9cnicas   Banda:\u00a0VHF  Pantalla:\u00a0S\u00ed  Frecuencia:\u00a0136-174 MHz  Potencia:\u00a045W  Clasificaci\u00f3n IP:\u00a0IP54 (Protecci\u00f3n contra polvo y contra agua pulverizada)  Rango de Temperatura:\u00a0De -30 C a 60 C  Tipo de Pantalla:\u00a0Color de 4 L\u00edneas  Canales de Operaci\u00f3n:\u00a0 1000  Dimensiones (alto x ancho x profundidad):\u00a05.3 x 17.5 x 20.6 cm  Peso:\u00a01800 g  GPS:\u00a0Si  Botones programable:\u00a0Si  Accesorio Bluetooh:\u00a0Si  Datos Bluetooh:\u00a0Si  Para ambientes explosivos:\u00a0No  Teclado:\u00a0No       El radio m\u00f3vil DGM 8500e de la familia MOTOTRBO le ofrece comunicaciones de voz y datos de excelente calidad y alto desempe\u00f1o. Combina lo mejor de la funcionalidad de radio de dos v\u00edas con lo \u00faltimo en tecnolog\u00eda digital.   Compatible con repetidor.  Funcionalidad de audio y datos Bluetooth.  Extensi\u00f3n para placa opcional.  Wi-Fi integrado para la administraci\u00f3n remota.  Audio y datos Bluetooth.  GPS para mayor precisi\u00f3n en ubicaci\u00f3n.  4 botones programables.  Funci\u00f3n Transmit Interrupt para interrumpir la comunicaci\u00f3n de otros trabajadores si fuese necesario.  Identificaci\u00f3n de llamadas.  Mensajer\u00eda de texto predeterminada y Mensajer\u00eda de texto de formato libre (requiere micr\u00f3fono con teclado).  Audio Inteligente, Audio IMPRES.  Cancelaci\u00f3n de ruido.  Espaciado de canal 12.5 Khz y 25 Khz  Cumple con est\u00e1ndares militares MIL-STD810 C\/D\/E\/F\/G.  Operador solitario, privacidad b\u00e1sica y optimizada.\" \/>\n<meta property=\"og:url\" content=\"https:\/\/tecplan.com.gt\/en\/product\/radio-motorola-dgm8500e-digital-lam28jqn9ra1an-vhf-136-174mhz-de-45w\/\" \/>\n<meta property=\"article:modified_time\" content=\"2023-06-25T14:43:44+00:00\" \/>\n<meta property=\"og:image\" content=\"https:\/\/tecplan.com.gt\/wp-content\/uploads\/2023\/03\/Radio-Motorola-DGM8500e-Digital-1-002.jpg\" \/>\n\t<meta property=\"og:image:width\" content=\"1200\" \/>\n\t<meta property=\"og:image:height\" content=\"1200\" \/>\n\t<meta property=\"og:image:type\" content=\"image\/jpeg\" \/>\n<meta name=\"twitter:card\" content=\"summary_large_image\" \/>\n<meta name=\"twitter:label1\" content=\"Est. reading time\" \/>\n\t<meta name=\"twitter:data1\" content=\"1 minute\" \/>\n<script type=\"application\/ld+json\" class=\"yoast-schema-graph\">{\"@context\":\"https:\/\/schema.org\",\"@graph\":[{\"@type\":\"WebPage\",\"@id\":\"https:\/\/tecplan.com.gt\/producto\/radio-motorola-dgm8500e-digital-lam28jqn9ra1an-vhf-136-174mhz-de-45w\/\",\"url\":\"https:\/\/tecplan.com.gt\/producto\/radio-motorola-dgm8500e-digital-lam28jqn9ra1an-vhf-136-174mhz-de-45w\/\",\"name\":\"Radio Motorola DGM8500e Digital LAM28JQN9RA1AN VHF 136-174MHz de 45W -\",\"isPartOf\":{\"@id\":\"https:\/\/tecplan.com.gt\/#website\"},\"primaryImageOfPage\":{\"@id\":\"https:\/\/tecplan.com.gt\/producto\/radio-motorola-dgm8500e-digital-lam28jqn9ra1an-vhf-136-174mhz-de-45w\/#primaryimage\"},\"image\":{\"@id\":\"https:\/\/tecplan.com.gt\/producto\/radio-motorola-dgm8500e-digital-lam28jqn9ra1an-vhf-136-174mhz-de-45w\/#primaryimage\"},\"thumbnailUrl\":\"\/wp-content\/uploads\/2023\/03\/Radio-Motorola-DGM8500e-Digital-1-002.jpg\",\"datePublished\":\"2021-10-28T11:36:39+00:00\",\"dateModified\":\"2023-06-25T14:43:44+00:00\",\"breadcrumb\":{\"@id\":\"https:\/\/tecplan.com.gt\/producto\/radio-motorola-dgm8500e-digital-lam28jqn9ra1an-vhf-136-174mhz-de-45w\/#breadcrumb\"},\"inLanguage\":\"en-US\",\"potentialAction\":[{\"@type\":\"ReadAction\",\"target\":[\"https:\/\/tecplan.com.gt\/producto\/radio-motorola-dgm8500e-digital-lam28jqn9ra1an-vhf-136-174mhz-de-45w\/\"]}]},{\"@type\":\"ImageObject\",\"inLanguage\":\"en-US\",\"@id\":\"https:\/\/tecplan.com.gt\/producto\/radio-motorola-dgm8500e-digital-lam28jqn9ra1an-vhf-136-174mhz-de-45w\/#primaryimage\",\"url\":\"\/wp-content\/uploads\/2023\/03\/Radio-Motorola-DGM8500e-Digital-1-002.jpg\",\"contentUrl\":\"\/wp-content\/uploads\/2023\/03\/Radio-Motorola-DGM8500e-Digital-1-002.jpg\",\"width\":1200,\"height\":1200},{\"@type\":\"BreadcrumbList\",\"@id\":\"https:\/\/tecplan.com.gt\/producto\/radio-motorola-dgm8500e-digital-lam28jqn9ra1an-vhf-136-174mhz-de-45w\/#breadcrumb\",\"itemListElement\":[{\"@type\":\"ListItem\",\"position\":1,\"name\":\"Portada\",\"item\":\"https:\/\/tecplan.com.gt\/\"},{\"@type\":\"ListItem\",\"position\":2,\"name\":\"Productos\",\"item\":\"https:\/\/tecplan.com.gt\/shop\/\"},{\"@type\":\"ListItem\",\"position\":3,\"name\":\"Radio Motorola DGM8500e Digital LAM28JQN9RA1AN VHF 136-174MHz de 45W\"}]},{\"@type\":\"WebSite\",\"@id\":\"https:\/\/tecplan.com.gt\/#website\",\"url\":\"https:\/\/tecplan.com.gt\/\",\"name\":\"Tecplan Argentina\",\"description\":\"Tecnolog\u00edas y equipos de telecomunicaciones\",\"publisher\":{\"@id\":\"https:\/\/tecplan.com.gt\/#organization\"},\"potentialAction\":[{\"@type\":\"SearchAction\",\"target\":{\"@type\":\"EntryPoint\",\"urlTemplate\":\"https:\/\/tecplan.com.gt\/?s={search_term_string}\"},\"query-input\":{\"@type\":\"PropertyValueSpecification\",\"valueRequired\":true,\"valueName\":\"search_term_string\"}}],\"inLanguage\":\"en-US\"},{\"@type\":\"Organization\",\"@id\":\"https:\/\/tecplan.com.gt\/#organization\",\"name\":\"Tecplan Argentina\",\"url\":\"https:\/\/tecplan.com.gt\/\",\"logo\":{\"@type\":\"ImageObject\",\"inLanguage\":\"en-US\",\"@id\":\"https:\/\/tecplan.com.gt\/#\/schema\/logo\/image\/\",\"url\":\"\/wp-content\/uploads\/2023\/03\/logo-tecplan.gif\",\"contentUrl\":\"\/wp-content\/uploads\/2023\/03\/logo-tecplan.gif\",\"width\":1920,\"height\":486,\"caption\":\"Tecplan Argentina\"},\"image\":{\"@id\":\"https:\/\/tecplan.com.gt\/#\/schema\/logo\/image\/\"}}]}<\/script>\n<!-- \/ Yoast SEO plugin. -->","yoast_head_json":{"title":"Radio Motorola DGM8500e Digital LAM28JQN9RA1AN VHF 136-174MHz de 45W -","robots":{"index":"index","follow":"follow","max-snippet":"max-snippet:-1","max-image-preview":"max-image-preview:large","max-video-preview":"max-video-preview:-1"},"canonical":"https:\/\/tecplan.com.gt\/en\/product\/radio-motorola-dgm8500e-digital-lam28jqn9ra1an-vhf-136-174mhz-de-45w\/","og_locale":"en_US","og_type":"article","og_title":"Radio Motorola DGM8500e Digital LAM28JQN9RA1AN VHF 136-174MHz de 45W -","og_description":"Radio Motorola\u00a0DGM8500e\u00a0Digital LAM28JQN9RA1AN VHF 136-174MHz de 45W con buen alcance, con sus accesorios, software de programaci\u00f3n, instrucciones, ficha t\u00e9cnica en PDF y manual, encu\u00e9ntralo a buen precio en nuestro mercado.   Cumple con los est\u00e1ndares de Radio M\u00f3vil Digital (DMR).  1000 canales.  Pantalla a color, alfanum\u00e9rica.  Se puede trabajar en modo an\u00e1logo y\/o digital.  Sistema Convencional, Capacity Plus e IP Site Connect (Con licencia).  Desempe\u00f1o \u00f3ptimo en las siguientes \u00e1reas: construcciones, seguridad, centros comerciales, hoteles, fincas, empresas de transporte, ensambladoras de veh\u00edculos, industrias medias, estadios, entre otro.    Caracteristicas t\u00e9cnicas   Banda:\u00a0VHF  Pantalla:\u00a0S\u00ed  Frecuencia:\u00a0136-174 MHz  Potencia:\u00a045W  Clasificaci\u00f3n IP:\u00a0IP54 (Protecci\u00f3n contra polvo y contra agua pulverizada)  Rango de Temperatura:\u00a0De -30 C a 60 C  Tipo de Pantalla:\u00a0Color de 4 L\u00edneas  Canales de Operaci\u00f3n:\u00a0 1000  Dimensiones (alto x ancho x profundidad):\u00a05.3 x 17.5 x 20.6 cm  Peso:\u00a01800 g  GPS:\u00a0Si  Botones programable:\u00a0Si  Accesorio Bluetooh:\u00a0Si  Datos Bluetooh:\u00a0Si  Para ambientes explosivos:\u00a0No  Teclado:\u00a0No       El radio m\u00f3vil DGM 8500e de la familia MOTOTRBO le ofrece comunicaciones de voz y datos de excelente calidad y alto desempe\u00f1o. Combina lo mejor de la funcionalidad de radio de dos v\u00edas con lo \u00faltimo en tecnolog\u00eda digital.   Compatible con repetidor.  Funcionalidad de audio y datos Bluetooth.  Extensi\u00f3n para placa opcional.  Wi-Fi integrado para la administraci\u00f3n remota.  Audio y datos Bluetooth.  GPS para mayor precisi\u00f3n en ubicaci\u00f3n.  4 botones programables.  Funci\u00f3n Transmit Interrupt para interrumpir la comunicaci\u00f3n de otros trabajadores si fuese necesario.  Identificaci\u00f3n de llamadas.  Mensajer\u00eda de texto predeterminada y Mensajer\u00eda de texto de formato libre (requiere micr\u00f3fono con teclado).  Audio Inteligente, Audio IMPRES.  Cancelaci\u00f3n de ruido.  Espaciado de canal 12.5 Khz y 25 Khz  Cumple con est\u00e1ndares militares MIL-STD810 C\/D\/E\/F\/G.  Operador solitario, privacidad b\u00e1sica y optimizada.","og_url":"https:\/\/tecplan.com.gt\/en\/product\/radio-motorola-dgm8500e-digital-lam28jqn9ra1an-vhf-136-174mhz-de-45w\/","article_modified_time":"2023-06-25T14:43:44+00:00","og_image":[{"width":1200,"height":1200,"url":"https:\/\/tecplan.com.gt\/wp-content\/uploads\/2023\/03\/Radio-Motorola-DGM8500e-Digital-1-002.jpg","type":"image\/jpeg"}],"twitter_card":"summary_large_image","twitter_misc":{"Est. reading time":"1 minute"},"schema":{"@context":"https:\/\/schema.org","@graph":[{"@type":"WebPage","@id":"https:\/\/tecplan.com.gt\/producto\/radio-motorola-dgm8500e-digital-lam28jqn9ra1an-vhf-136-174mhz-de-45w\/","url":"https:\/\/tecplan.com.gt\/producto\/radio-motorola-dgm8500e-digital-lam28jqn9ra1an-vhf-136-174mhz-de-45w\/","name":"Radio Motorola DGM8500e Digital LAM28JQN9RA1AN VHF 136-174MHz de 45W -","isPartOf":{"@id":"https:\/\/tecplan.com.gt\/#website"},"primaryImageOfPage":{"@id":"https:\/\/tecplan.com.gt\/producto\/radio-motorola-dgm8500e-digital-lam28jqn9ra1an-vhf-136-174mhz-de-45w\/#primaryimage"},"image":{"@id":"https:\/\/tecplan.com.gt\/producto\/radio-motorola-dgm8500e-digital-lam28jqn9ra1an-vhf-136-174mhz-de-45w\/#primaryimage"},"thumbnailUrl":"\/wp-content\/uploads\/2023\/03\/Radio-Motorola-DGM8500e-Digital-1-002.jpg","datePublished":"2021-10-28T11:36:39+00:00","dateModified":"2023-06-25T14:43:44+00:00","breadcrumb":{"@id":"https:\/\/tecplan.com.gt\/producto\/radio-motorola-dgm8500e-digital-lam28jqn9ra1an-vhf-136-174mhz-de-45w\/#breadcrumb"},"inLanguage":"en-US","potentialAction":[{"@type":"ReadAction","target":["https:\/\/tecplan.com.gt\/producto\/radio-motorola-dgm8500e-digital-lam28jqn9ra1an-vhf-136-174mhz-de-45w\/"]}]},{"@type":"ImageObject","inLanguage":"en-US","@id":"https:\/\/tecplan.com.gt\/producto\/radio-motorola-dgm8500e-digital-lam28jqn9ra1an-vhf-136-174mhz-de-45w\/#primaryimage","url":"\/wp-content\/uploads\/2023\/03\/Radio-Motorola-DGM8500e-Digital-1-002.jpg","contentUrl":"\/wp-content\/uploads\/2023\/03\/Radio-Motorola-DGM8500e-Digital-1-002.jpg","width":1200,"height":1200},{"@type":"BreadcrumbList","@id":"https:\/\/tecplan.com.gt\/producto\/radio-motorola-dgm8500e-digital-lam28jqn9ra1an-vhf-136-174mhz-de-45w\/#breadcrumb","itemListElement":[{"@type":"ListItem","position":1,"name":"Portada","item":"https:\/\/tecplan.com.gt\/"},{"@type":"ListItem","position":2,"name":"Productos","item":"https:\/\/tecplan.com.gt\/shop\/"},{"@type":"ListItem","position":3,"name":"Radio Motorola DGM8500e Digital LAM28JQN9RA1AN VHF 136-174MHz de 45W"}]},{"@type":"WebSite","@id":"https:\/\/tecplan.com.gt\/#website","url":"https:\/\/tecplan.com.gt\/","name":"Tecplan Argentina","description":"Tecnolog\u00edas y equipos de telecomunicaciones","publisher":{"@id":"https:\/\/tecplan.com.gt\/#organization"},"potentialAction":[{"@type":"SearchAction","target":{"@type":"EntryPoint","urlTemplate":"https:\/\/tecplan.com.gt\/?s={search_term_string}"},"query-input":{"@type":"PropertyValueSpecification","valueRequired":true,"valueName":"search_term_string"}}],"inLanguage":"en-US"},{"@type":"Organization","@id":"https:\/\/tecplan.com.gt\/#organization","name":"Tecplan Argentina","url":"https:\/\/tecplan.com.gt\/","logo":{"@type":"ImageObject","inLanguage":"en-US","@id":"https:\/\/tecplan.com.gt\/#\/schema\/logo\/image\/","url":"\/wp-content\/uploads\/2023\/03\/logo-tecplan.gif","contentUrl":"\/wp-content\/uploads\/2023\/03\/logo-tecplan.gif","width":1920,"height":486,"caption":"Tecplan Argentina"},"image":{"@id":"https:\/\/tecplan.com.gt\/#\/schema\/logo\/image\/"}}]}},"_links":{"self":[{"href":"https:\/\/tecplan.com.gt\/en\/wp-json\/wp\/v2\/product\/2263"}],"collection":[{"href":"https:\/\/tecplan.com.gt\/en\/wp-json\/wp\/v2\/product"}],"about":[{"href":"https:\/\/tecplan.com.gt\/en\/wp-json\/wp\/v2\/types\/product"}],"replies":[{"embeddable":true,"href":"https:\/\/tecplan.com.gt\/en\/wp-json\/wp\/v2\/comments?post=2263"}],"version-history":[{"count":1,"href":"https:\/\/tecplan.com.gt\/en\/wp-json\/wp\/v2\/product\/2263\/revisions"}],"predecessor-version":[{"id":8944,"href":"https:\/\/tecplan.com.gt\/en\/wp-json\/wp\/v2\/product\/2263\/revisions\/8944"}],"wp:featuredmedia":[{"embeddable":true,"href":"https:\/\/tecplan.com.gt\/en\/wp-json\/wp\/v2\/media\/2264"}],"wp:attachment":[{"href":"https:\/\/tecplan.com.gt\/en\/wp-json\/wp\/v2\/media?parent=2263"}],"wp:term":[{"taxonomy":"product_brand","embeddable":true,"href":"https:\/\/tecplan.com.gt\/en\/wp-json\/wp\/v2\/product_brand?post=2263"},{"taxonomy":"product_cat","embeddable":true,"href":"https:\/\/tecplan.com.gt\/en\/wp-json\/wp\/v2\/product_cat?post=2263"},{"taxonomy":"product_tag","embeddable":true,"href":"https:\/\/tecplan.com.gt\/en\/wp-json\/wp\/v2\/product_tag?post=2263"}],"curies":[{"name":"wp","href":"https:\/\/api.w.org\/{rel}","templated":true}]}}