{"id":2269,"date":"2021-10-28T10:29:00","date_gmt":"2021-10-28T13:29:00","guid":{"rendered":"https:\/\/tecplan.com.gt\/?post_type=product&#038;p=2269"},"modified":"2023-06-25T10:43:42","modified_gmt":"2023-06-25T14:43:42","slug":"radio-motorola-dem400-digital-lam01qph9ja1an-uhf-403-470-mhz-de-40w","status":"publish","type":"product","link":"https:\/\/tecplan.com.gt\/en\/product\/radio-motorola-dem400-digital-lam01qph9ja1an-uhf-403-470-mhz-de-40w\/","title":{"rendered":"Motorola DEM400 Digital Radio LAM01QPH9JA1AN UHF 403-470 MHZ 40W"},"content":{"rendered":"","protected":false},"excerpt":{"rendered":"<p>Radio Motorola\u00a0<strong>DEM400<\/strong>\u00a0Digital LAM01QPH9JA1AN UHF 403-470 MHZ 40W with good range, with its accessories, programming software, instructions, technical sheet in PDF and manual, find it at a good price in our market.<\/p>\n<ul>\n<li>Complies with Digital Mobile Radio (DMR) standards<\/li>\n<li>64 channels.<\/li>\n<li>Alphanumeric Display.<\/li>\n<li>It can work in analog and\/or digital mode.<\/li>\n<li>They are compatible with advanced MOTOTRBO features.<\/li>\n<\/ul>\n<p>Optimal performance in the following areas: construction, security, shopping centers, hotels, farms, transportation companies, vehicle assemblers, medium industries.<\/p>\n<div class=\"caracte-techn\">\n<h5 class=\"title-secundary\">Technical characteristics<\/h5>\n<ul class=\"list-group list-caracteriscas\">\n<li class=\"list-group-item item-caract\" data-sort=\"1\"><strong>Band:<\/strong>\u00a0<span class=\"text-blue-caract\">UHF<\/span><\/li>\n<li class=\"list-group-item item-caract\" data-sort=\"4\"><strong>Operation Channels:<\/strong>\u00a0<span class=\"text-blue-caract\">64<\/span><\/li>\n<li class=\"list-group-item item-caract\" data-sort=\"8\"><strong>Screen:<\/strong>\u00a0<span class=\"text-blue-caract\">Yes<\/span><\/li>\n<li class=\"list-group-item item-caract\" data-sort=\"2\"><strong>Frequency:<\/strong>\u00a0<span class=\"text-blue-caract\">403-470 MHz<\/span><\/li>\n<li class=\"list-group-item item-caract\" data-sort=\"58\"><strong>IP Rating:<\/strong>\u00a0<span class=\"text-blue-caract\">IP54 (Protection against dust and water spray)<\/span><\/li>\n<li class=\"list-group-item item-caract\" data-sort=\"3\"><strong>Power:<\/strong>\u00a0<span class=\"text-blue-caract\">40W<\/span><\/li>\n<li class=\"list-group-item item-caract\" data-sort=\"11\"><strong>Temperature Range:<\/strong>\u00a0<span class=\"text-blue-caract\">De -30 C a 60  C<\/span><\/li>\n<li class=\"list-group-item item-caract\" data-sort=\"9\"><strong>Screen Type:<\/strong>\u00a0<span class=\"text-blue-caract\">Monochromatic 2 lines<\/span><\/li>\n<li class=\"list-group-item item-caract\" data-sort=\"43\"><strong>Dimensions (H x W x D):<\/strong>\u00a0<span class=\"text-blue-caract\">4.4 x 16.9 x 13.4 cm<\/span><\/li>\n<li class=\"list-group-item item-caract\" data-sort=\"44\"><strong>Weight:<\/strong>\u00a0<span class=\"text-blue-caract\">1300 g<\/span><\/li>\n<li class=\"list-group-item item-caract\" data-sort=\"46\"><strong>GPS:<\/strong>\u00a0<span class=\"text-blue-caract\">\u00a0No<\/span><\/li>\n<li class=\"list-group-item item-caract\" data-sort=\"54\"><strong>Programmable buttons:<\/strong>\u00a0<span class=\"text-blue-caract\">Yes<\/span><\/li>\n<li class=\"list-group-item item-caract\" data-sort=\"47\"><strong>Bluetooth Accessory:<\/strong>\u00a0<span class=\"text-blue-caract\">\u00a0No<\/span><\/li>\n<li class=\"list-group-item item-caract\" data-sort=\"48\"><strong>Bluetooth data:<\/strong>\u00a0<span class=\"text-blue-caract\">\u00a0No<\/span><\/li>\n<li class=\"list-group-item item-caract\" data-sort=\"57\"><strong>For explosive environments:<\/strong>\u00a0<span class=\"text-blue-caract\">No<\/span><\/li>\n<li class=\"list-group-item item-caract\" data-sort=\"10\"><strong>Keyboard:<\/strong>\u00a0<span class=\"text-blue-caract\">No<\/span><\/li>\n<\/ul>\n<\/div>\n<div class=\"row\">\n<div class=\"col-md-12\">\n<div class=\"large-descrition-product\">\n<p>If your staff is constantly on the move in your fleet, it's important to keep them connected efficiently. The DEM 400 mobile radio offers you excellent quality voice communications. Compatible with the MOTOTRBO family of radios, it combines the best of two-way radio functionality with the latest in analog and digital technology.<\/p>\n<ul>\n<li>Transmission interruption capability: Allows a supervisor to interrupt the conversation to provide critical information exactly when and where it is needed.<\/li>\n<li>Repeater compatible.<\/li>\n<li>Channel spacing 12.5 Khz and 25 Khz<\/li>\n<li>4 Programmable buttons.<\/li>\n<li>Complies with Narrowbanding rules.<\/li>\n<li>Se\u00f1alizaci\u00f3n MDC1200, Quick-Call II, CSQ\/PL\/DPL (digital).<\/li>\n<li>Meets military standards MIL-STD810 C\/D\/E\/F\/G.<\/li>\n<li>Elimination of noisy or unwanted channel.<\/li>\n<\/ul>\n<\/div>\n<\/div>\n<\/div>","protected":false},"featured_media":2270,"comment_status":"open","ping_status":"closed","template":"","meta":{"site-sidebar-layout":"default","site-content-layout":"","ast-site-content-layout":"","site-content-style":"default","site-sidebar-style":"default","ast-global-header-display":"","ast-banner-title-visibility":"","ast-main-header-display":"","ast-hfb-above-header-display":"","ast-hfb-below-header-display":"","ast-hfb-mobile-header-display":"","site-post-title":"","ast-breadcrumbs-content":"","ast-featured-img":"","footer-sml-layout":"","theme-transparent-header-meta":"","adv-header-id-meta":"","stick-header-meta":"","header-above-stick-meta":"","header-main-stick-meta":"","header-below-stick-meta":"","astra-migrate-meta-layouts":"default","ast-page-background-enabled":"default","ast-page-background-meta":{"desktop":{"background-color":"var(--ast-global-color-4)","background-image":"","background-repeat":"repeat","background-position":"center center","background-size":"auto","background-attachment":"scroll","background-type":"","background-media":"","overlay-type":"","overlay-color":"","overlay-opacity":"","overlay-gradient":""},"tablet":{"background-color":"","background-image":"","background-repeat":"repeat","background-position":"center center","background-size":"auto","background-attachment":"scroll","background-type":"","background-media":"","overlay-type":"","overlay-color":"","overlay-opacity":"","overlay-gradient":""},"mobile":{"background-color":"","background-image":"","background-repeat":"repeat","background-position":"center center","background-size":"auto","background-attachment":"scroll","background-type":"","background-media":"","overlay-type":"","overlay-color":"","overlay-opacity":"","overlay-gradient":""}},"ast-content-background-meta":{"desktop":{"background-color":"var(--ast-global-color-5)","background-image":"","background-repeat":"repeat","background-position":"center center","background-size":"auto","background-attachment":"scroll","background-type":"","background-media":"","overlay-type":"","overlay-color":"","overlay-opacity":"","overlay-gradient":""},"tablet":{"background-color":"var(--ast-global-color-5)","background-image":"","background-repeat":"repeat","background-position":"center center","background-size":"auto","background-attachment":"scroll","background-type":"","background-media":"","overlay-type":"","overlay-color":"","overlay-opacity":"","overlay-gradient":""},"mobile":{"background-color":"var(--ast-global-color-5)","background-image":"","background-repeat":"repeat","background-position":"center center","background-size":"auto","background-attachment":"scroll","background-type":"","background-media":"","overlay-type":"","overlay-color":"","overlay-opacity":"","overlay-gradient":""}}},"product_brand":[],"product_cat":[32],"product_tag":[33],"class_list":{"0":"post-2269","1":"product","2":"type-product","3":"status-publish","4":"has-post-thumbnail","6":"product_cat-motorola","7":"product_tag-motorola","8":"desktop-align-left","9":"tablet-align-left","10":"mobile-align-left","12":"first","13":"instock","14":"shipping-taxable","15":"product-type-simple"},"yoast_head":"<!-- This site is optimized with the Yoast SEO plugin v24.6 - https:\/\/yoast.com\/wordpress\/plugins\/seo\/ -->\n<title>Radio Motorola DEM400 Digital LAM01QPH9JA1AN UHF 403-470 MHZ de 40W -<\/title>\n<meta name=\"robots\" content=\"index, follow, max-snippet:-1, max-image-preview:large, max-video-preview:-1\" \/>\n<link rel=\"canonical\" href=\"https:\/\/tecplan.com.gt\/en\/product\/radio-motorola-dem400-digital-lam01qph9ja1an-uhf-403-470-mhz-de-40w\/\" \/>\n<meta property=\"og:locale\" content=\"en_US\" \/>\n<meta property=\"og:type\" content=\"article\" \/>\n<meta property=\"og:title\" content=\"Radio Motorola DEM400 Digital LAM01QPH9JA1AN UHF 403-470 MHZ de 40W -\" \/>\n<meta property=\"og:description\" content=\"Radio Motorola\u00a0DEM400\u00a0Digital LAM01QPH9JA1AN UHF 403-470 MHZ de 40W con buen alcance, con sus accesorios, software de programaci\u00f3n, instrucciones, ficha t\u00e9cnica en PDF y manual, encu\u00e9ntralo a buen precio en nuestro mercado.   Cumple con los est\u00e1ndares de Radio M\u00f3vil Digital (DMR)  64 canales.  Pantalla Alfanum\u00e9rica.  Se puede trabajar en modo an\u00e1logo y\/o digital.  Son compatibles con las funciones avanzadas de MOTOTRBO.  Desempe\u00f1o \u00f3ptimo en las siguientes \u00e1reas: construcciones, seguridad, centros comerciales, hoteles, fincas, empresas de transporte, ensambladores de veh\u00edculos, industrias medias.  Caracteristicas t\u00e9cnicas   Banda:\u00a0UHF  Canales de Operaci\u00f3n:\u00a064  Pantalla:\u00a0S\u00ed  Frecuencia:\u00a0403-470 MHz  Clasificaci\u00f3n IP:\u00a0IP54 (Protecci\u00f3n contra polvo y contra agua pulverizada)  Potencia:\u00a040W  Rango de Temperatura:\u00a0De -30 C a 60 C  Tipo de Pantalla:\u00a0Monocrom\u00e1tica de 2 l\u00edneas  Dimensiones (alto x ancho x profundidad):\u00a04.4 x 16.9 x 13.4 cm  Peso:\u00a01300 g  GPS:\u00a0\u00a0No  Botones programable:\u00a0Si  Accesorio Bluetooh:\u00a0\u00a0No  Datos Bluetooh:\u00a0\u00a0No  Para ambientes explosivos:\u00a0No  Teclado:\u00a0No       Si su personal se encuentra en constante movimiento en su flota vehicular, es importante mantenerlos comunicados de manera eficiente. El radio m\u00f3vil DEM 400 le ofrece comunicaciones de voz de excelente calidad. Compatible con la familia de radios MOTOTRBO, combina lo mejor de la funcionalidad de radio de dos v\u00edas con lo \u00faltimo en tecnolog\u00eda anal\u00f3gica y digital.   Capacidad de interrupci\u00f3n de transmisi\u00f3n: permite que un supervisor interrumpa la conversaci\u00f3n para proporcionar informaci\u00f3n fundamental exactamente cuando y donde se necesite.  Compatible con repetidor.  Espaciado de canal 12.5 Khz y 25 Khz  4 Botones programables.  Cumple con las reglas de Narrowbanding.  Se\u00f1alizaci\u00f3n MDC1200, Quick-Call II, CSQ\/PL\/DPL (digital).  Cumple con est\u00e1ndares militares MIL-STD810 C\/D\/E\/F\/G.  Eliminaci\u00f3n de canal ruidoso o no deseado.\" \/>\n<meta property=\"og:url\" content=\"https:\/\/tecplan.com.gt\/en\/product\/radio-motorola-dem400-digital-lam01qph9ja1an-uhf-403-470-mhz-de-40w\/\" \/>\n<meta property=\"article:modified_time\" content=\"2023-06-25T14:43:42+00:00\" \/>\n<meta property=\"og:image\" content=\"https:\/\/tecplan.com.gt\/wp-content\/uploads\/2023\/03\/DEM400-RADIO-MOVIL-2.jpg\" \/>\n\t<meta property=\"og:image:width\" content=\"1200\" \/>\n\t<meta property=\"og:image:height\" content=\"1200\" \/>\n\t<meta property=\"og:image:type\" content=\"image\/jpeg\" \/>\n<meta name=\"twitter:card\" content=\"summary_large_image\" \/>\n<script type=\"application\/ld+json\" class=\"yoast-schema-graph\">{\"@context\":\"https:\/\/schema.org\",\"@graph\":[{\"@type\":\"WebPage\",\"@id\":\"https:\/\/tecplan.com.gt\/producto\/radio-motorola-dem400-digital-lam01qph9ja1an-uhf-403-470-mhz-de-40w\/\",\"url\":\"https:\/\/tecplan.com.gt\/producto\/radio-motorola-dem400-digital-lam01qph9ja1an-uhf-403-470-mhz-de-40w\/\",\"name\":\"Radio Motorola DEM400 Digital LAM01QPH9JA1AN UHF 403-470 MHZ de 40W -\",\"isPartOf\":{\"@id\":\"https:\/\/tecplan.com.gt\/#website\"},\"primaryImageOfPage\":{\"@id\":\"https:\/\/tecplan.com.gt\/producto\/radio-motorola-dem400-digital-lam01qph9ja1an-uhf-403-470-mhz-de-40w\/#primaryimage\"},\"image\":{\"@id\":\"https:\/\/tecplan.com.gt\/producto\/radio-motorola-dem400-digital-lam01qph9ja1an-uhf-403-470-mhz-de-40w\/#primaryimage\"},\"thumbnailUrl\":\"\/wp-content\/uploads\/2023\/03\/DEM400-RADIO-MOVIL-2.jpg\",\"datePublished\":\"2021-10-28T13:29:00+00:00\",\"dateModified\":\"2023-06-25T14:43:42+00:00\",\"breadcrumb\":{\"@id\":\"https:\/\/tecplan.com.gt\/producto\/radio-motorola-dem400-digital-lam01qph9ja1an-uhf-403-470-mhz-de-40w\/#breadcrumb\"},\"inLanguage\":\"en-US\",\"potentialAction\":[{\"@type\":\"ReadAction\",\"target\":[\"https:\/\/tecplan.com.gt\/producto\/radio-motorola-dem400-digital-lam01qph9ja1an-uhf-403-470-mhz-de-40w\/\"]}]},{\"@type\":\"ImageObject\",\"inLanguage\":\"en-US\",\"@id\":\"https:\/\/tecplan.com.gt\/producto\/radio-motorola-dem400-digital-lam01qph9ja1an-uhf-403-470-mhz-de-40w\/#primaryimage\",\"url\":\"\/wp-content\/uploads\/2023\/03\/DEM400-RADIO-MOVIL-2.jpg\",\"contentUrl\":\"\/wp-content\/uploads\/2023\/03\/DEM400-RADIO-MOVIL-2.jpg\",\"width\":1200,\"height\":1200},{\"@type\":\"BreadcrumbList\",\"@id\":\"https:\/\/tecplan.com.gt\/producto\/radio-motorola-dem400-digital-lam01qph9ja1an-uhf-403-470-mhz-de-40w\/#breadcrumb\",\"itemListElement\":[{\"@type\":\"ListItem\",\"position\":1,\"name\":\"Portada\",\"item\":\"https:\/\/tecplan.com.gt\/\"},{\"@type\":\"ListItem\",\"position\":2,\"name\":\"Productos\",\"item\":\"https:\/\/tecplan.com.gt\/shop\/\"},{\"@type\":\"ListItem\",\"position\":3,\"name\":\"Radio Motorola DEM400 Digital LAM01QPH9JA1AN UHF 403-470 MHZ de 40W\"}]},{\"@type\":\"WebSite\",\"@id\":\"https:\/\/tecplan.com.gt\/#website\",\"url\":\"https:\/\/tecplan.com.gt\/\",\"name\":\"Tecplan Argentina\",\"description\":\"Tecnolog\u00edas y equipos de telecomunicaciones\",\"publisher\":{\"@id\":\"https:\/\/tecplan.com.gt\/#organization\"},\"potentialAction\":[{\"@type\":\"SearchAction\",\"target\":{\"@type\":\"EntryPoint\",\"urlTemplate\":\"https:\/\/tecplan.com.gt\/?s={search_term_string}\"},\"query-input\":{\"@type\":\"PropertyValueSpecification\",\"valueRequired\":true,\"valueName\":\"search_term_string\"}}],\"inLanguage\":\"en-US\"},{\"@type\":\"Organization\",\"@id\":\"https:\/\/tecplan.com.gt\/#organization\",\"name\":\"Tecplan Argentina\",\"url\":\"https:\/\/tecplan.com.gt\/\",\"logo\":{\"@type\":\"ImageObject\",\"inLanguage\":\"en-US\",\"@id\":\"https:\/\/tecplan.com.gt\/#\/schema\/logo\/image\/\",\"url\":\"\/wp-content\/uploads\/2023\/03\/logo-tecplan.gif\",\"contentUrl\":\"\/wp-content\/uploads\/2023\/03\/logo-tecplan.gif\",\"width\":1920,\"height\":486,\"caption\":\"Tecplan Argentina\"},\"image\":{\"@id\":\"https:\/\/tecplan.com.gt\/#\/schema\/logo\/image\/\"}}]}<\/script>\n<!-- \/ Yoast SEO plugin. -->","yoast_head_json":{"title":"Radio Motorola DEM400 Digital LAM01QPH9JA1AN UHF 403-470 MHZ de 40W -","robots":{"index":"index","follow":"follow","max-snippet":"max-snippet:-1","max-image-preview":"max-image-preview:large","max-video-preview":"max-video-preview:-1"},"canonical":"https:\/\/tecplan.com.gt\/en\/product\/radio-motorola-dem400-digital-lam01qph9ja1an-uhf-403-470-mhz-de-40w\/","og_locale":"en_US","og_type":"article","og_title":"Radio Motorola DEM400 Digital LAM01QPH9JA1AN UHF 403-470 MHZ de 40W -","og_description":"Radio Motorola\u00a0DEM400\u00a0Digital LAM01QPH9JA1AN UHF 403-470 MHZ de 40W con buen alcance, con sus accesorios, software de programaci\u00f3n, instrucciones, ficha t\u00e9cnica en PDF y manual, encu\u00e9ntralo a buen precio en nuestro mercado.   Cumple con los est\u00e1ndares de Radio M\u00f3vil Digital (DMR)  64 canales.  Pantalla Alfanum\u00e9rica.  Se puede trabajar en modo an\u00e1logo y\/o digital.  Son compatibles con las funciones avanzadas de MOTOTRBO.  Desempe\u00f1o \u00f3ptimo en las siguientes \u00e1reas: construcciones, seguridad, centros comerciales, hoteles, fincas, empresas de transporte, ensambladores de veh\u00edculos, industrias medias.  Caracteristicas t\u00e9cnicas   Banda:\u00a0UHF  Canales de Operaci\u00f3n:\u00a064  Pantalla:\u00a0S\u00ed  Frecuencia:\u00a0403-470 MHz  Clasificaci\u00f3n IP:\u00a0IP54 (Protecci\u00f3n contra polvo y contra agua pulverizada)  Potencia:\u00a040W  Rango de Temperatura:\u00a0De -30 C a 60 C  Tipo de Pantalla:\u00a0Monocrom\u00e1tica de 2 l\u00edneas  Dimensiones (alto x ancho x profundidad):\u00a04.4 x 16.9 x 13.4 cm  Peso:\u00a01300 g  GPS:\u00a0\u00a0No  Botones programable:\u00a0Si  Accesorio Bluetooh:\u00a0\u00a0No  Datos Bluetooh:\u00a0\u00a0No  Para ambientes explosivos:\u00a0No  Teclado:\u00a0No       Si su personal se encuentra en constante movimiento en su flota vehicular, es importante mantenerlos comunicados de manera eficiente. El radio m\u00f3vil DEM 400 le ofrece comunicaciones de voz de excelente calidad. Compatible con la familia de radios MOTOTRBO, combina lo mejor de la funcionalidad de radio de dos v\u00edas con lo \u00faltimo en tecnolog\u00eda anal\u00f3gica y digital.   Capacidad de interrupci\u00f3n de transmisi\u00f3n: permite que un supervisor interrumpa la conversaci\u00f3n para proporcionar informaci\u00f3n fundamental exactamente cuando y donde se necesite.  Compatible con repetidor.  Espaciado de canal 12.5 Khz y 25 Khz  4 Botones programables.  Cumple con las reglas de Narrowbanding.  Se\u00f1alizaci\u00f3n MDC1200, Quick-Call II, CSQ\/PL\/DPL (digital).  Cumple con est\u00e1ndares militares MIL-STD810 C\/D\/E\/F\/G.  Eliminaci\u00f3n de canal ruidoso o no deseado.","og_url":"https:\/\/tecplan.com.gt\/en\/product\/radio-motorola-dem400-digital-lam01qph9ja1an-uhf-403-470-mhz-de-40w\/","article_modified_time":"2023-06-25T14:43:42+00:00","og_image":[{"width":1200,"height":1200,"url":"https:\/\/tecplan.com.gt\/wp-content\/uploads\/2023\/03\/DEM400-RADIO-MOVIL-2.jpg","type":"image\/jpeg"}],"twitter_card":"summary_large_image","schema":{"@context":"https:\/\/schema.org","@graph":[{"@type":"WebPage","@id":"https:\/\/tecplan.com.gt\/producto\/radio-motorola-dem400-digital-lam01qph9ja1an-uhf-403-470-mhz-de-40w\/","url":"https:\/\/tecplan.com.gt\/producto\/radio-motorola-dem400-digital-lam01qph9ja1an-uhf-403-470-mhz-de-40w\/","name":"Radio Motorola DEM400 Digital LAM01QPH9JA1AN UHF 403-470 MHZ de 40W -","isPartOf":{"@id":"https:\/\/tecplan.com.gt\/#website"},"primaryImageOfPage":{"@id":"https:\/\/tecplan.com.gt\/producto\/radio-motorola-dem400-digital-lam01qph9ja1an-uhf-403-470-mhz-de-40w\/#primaryimage"},"image":{"@id":"https:\/\/tecplan.com.gt\/producto\/radio-motorola-dem400-digital-lam01qph9ja1an-uhf-403-470-mhz-de-40w\/#primaryimage"},"thumbnailUrl":"\/wp-content\/uploads\/2023\/03\/DEM400-RADIO-MOVIL-2.jpg","datePublished":"2021-10-28T13:29:00+00:00","dateModified":"2023-06-25T14:43:42+00:00","breadcrumb":{"@id":"https:\/\/tecplan.com.gt\/producto\/radio-motorola-dem400-digital-lam01qph9ja1an-uhf-403-470-mhz-de-40w\/#breadcrumb"},"inLanguage":"en-US","potentialAction":[{"@type":"ReadAction","target":["https:\/\/tecplan.com.gt\/producto\/radio-motorola-dem400-digital-lam01qph9ja1an-uhf-403-470-mhz-de-40w\/"]}]},{"@type":"ImageObject","inLanguage":"en-US","@id":"https:\/\/tecplan.com.gt\/producto\/radio-motorola-dem400-digital-lam01qph9ja1an-uhf-403-470-mhz-de-40w\/#primaryimage","url":"\/wp-content\/uploads\/2023\/03\/DEM400-RADIO-MOVIL-2.jpg","contentUrl":"\/wp-content\/uploads\/2023\/03\/DEM400-RADIO-MOVIL-2.jpg","width":1200,"height":1200},{"@type":"BreadcrumbList","@id":"https:\/\/tecplan.com.gt\/producto\/radio-motorola-dem400-digital-lam01qph9ja1an-uhf-403-470-mhz-de-40w\/#breadcrumb","itemListElement":[{"@type":"ListItem","position":1,"name":"Portada","item":"https:\/\/tecplan.com.gt\/"},{"@type":"ListItem","position":2,"name":"Productos","item":"https:\/\/tecplan.com.gt\/shop\/"},{"@type":"ListItem","position":3,"name":"Radio Motorola DEM400 Digital LAM01QPH9JA1AN UHF 403-470 MHZ de 40W"}]},{"@type":"WebSite","@id":"https:\/\/tecplan.com.gt\/#website","url":"https:\/\/tecplan.com.gt\/","name":"Tecplan Argentina","description":"Tecnolog\u00edas y equipos de telecomunicaciones","publisher":{"@id":"https:\/\/tecplan.com.gt\/#organization"},"potentialAction":[{"@type":"SearchAction","target":{"@type":"EntryPoint","urlTemplate":"https:\/\/tecplan.com.gt\/?s={search_term_string}"},"query-input":{"@type":"PropertyValueSpecification","valueRequired":true,"valueName":"search_term_string"}}],"inLanguage":"en-US"},{"@type":"Organization","@id":"https:\/\/tecplan.com.gt\/#organization","name":"Tecplan Argentina","url":"https:\/\/tecplan.com.gt\/","logo":{"@type":"ImageObject","inLanguage":"en-US","@id":"https:\/\/tecplan.com.gt\/#\/schema\/logo\/image\/","url":"\/wp-content\/uploads\/2023\/03\/logo-tecplan.gif","contentUrl":"\/wp-content\/uploads\/2023\/03\/logo-tecplan.gif","width":1920,"height":486,"caption":"Tecplan Argentina"},"image":{"@id":"https:\/\/tecplan.com.gt\/#\/schema\/logo\/image\/"}}]}},"_links":{"self":[{"href":"https:\/\/tecplan.com.gt\/en\/wp-json\/wp\/v2\/product\/2269"}],"collection":[{"href":"https:\/\/tecplan.com.gt\/en\/wp-json\/wp\/v2\/product"}],"about":[{"href":"https:\/\/tecplan.com.gt\/en\/wp-json\/wp\/v2\/types\/product"}],"replies":[{"embeddable":true,"href":"https:\/\/tecplan.com.gt\/en\/wp-json\/wp\/v2\/comments?post=2269"}],"version-history":[{"count":0,"href":"https:\/\/tecplan.com.gt\/en\/wp-json\/wp\/v2\/product\/2269\/revisions"}],"wp:featuredmedia":[{"embeddable":true,"href":"https:\/\/tecplan.com.gt\/en\/wp-json\/wp\/v2\/media\/2270"}],"wp:attachment":[{"href":"https:\/\/tecplan.com.gt\/en\/wp-json\/wp\/v2\/media?parent=2269"}],"wp:term":[{"taxonomy":"product_brand","embeddable":true,"href":"https:\/\/tecplan.com.gt\/en\/wp-json\/wp\/v2\/product_brand?post=2269"},{"taxonomy":"product_cat","embeddable":true,"href":"https:\/\/tecplan.com.gt\/en\/wp-json\/wp\/v2\/product_cat?post=2269"},{"taxonomy":"product_tag","embeddable":true,"href":"https:\/\/tecplan.com.gt\/en\/wp-json\/wp\/v2\/product_tag?post=2269"}],"curies":[{"name":"wp","href":"https:\/\/api.w.org\/{rel}","templated":true}]}}