{"id":2271,"date":"2021-10-28T10:32:23","date_gmt":"2021-10-28T13:32:23","guid":{"rendered":"https:\/\/tecplan.com.gt\/?post_type=product&#038;p=2271"},"modified":"2023-06-25T10:43:41","modified_gmt":"2023-06-25T14:43:41","slug":"radio-motorola-ep450-analogico-lah65jdc9aa2n-vhf-136-162-mhz","status":"publish","type":"product","link":"https:\/\/tecplan.com.gt\/en\/product\/radio-motorola-ep450-analogico-lah65jdc9aa2n-vhf-136-162-mhz\/","title":{"rendered":"Motorola Radio EP450 Analog LAH65JDC9AA2N VHF 136-162 MHz"},"content":{"rendered":"","protected":false},"excerpt":{"rendered":"<p>Motorola EP450 Analog Radio LAH65JDC9AA2N VHF 136-162 MHz with good range, with its accessories, instructions, programming software, technical sheet and manual at the best price on the market.<\/p>\n<ul>\n<li>It has MDC1200 signaling.<\/li>\n<li>16 channels.<\/li>\n<li>Average UHF range in urban environment up to 1km depending on the urban structure (number and height of buildings).<\/li>\n<li>Average VHF range in rural environment more than 1km depending on vegetation and topography.<\/li>\n<\/ul>\n<div class=\"short-description-product\">\n<p>Optimal performance in the following areas: construction, security, shopping centers, hotels, farms, transportation companies, vehicle assembly plants, medium-sized industries, stadiums, among others.<\/p>\n<p>&nbsp;<\/p>\n<\/div>\n<div class=\"caracte-techn\">\n<h5 class=\"title-secundary\">Technical characteristics<\/h5>\n<ul class=\"list-group list-caracteriscas\">\n<li class=\"list-group-item item-caract\" data-sort=\"2\"><strong>Frequency:<\/strong>\u00a0<span class=\"text-blue-caract\">136-162 MHz<\/span><\/li>\n<li class=\"list-group-item item-caract\" data-sort=\"58\"><strong>IP Rating:<\/strong>\u00a0<span class=\"text-blue-caract\">IP54 (Protection against dust and water spray)<\/span><\/li>\n<li class=\"list-group-item item-caract\" data-sort=\"3\"><strong>Power:<\/strong>\u00a0<span class=\"text-blue-caract\">5W<\/span><\/li>\n<li class=\"list-group-item item-caract\" data-sort=\"1\"><strong>Band:<\/strong>\u00a0<span class=\"text-blue-caract\">VHF<\/span><\/li>\n<li class=\"list-group-item item-caract\" data-sort=\"4\"><strong>Operation Channels:<\/strong>\u00a0<span class=\"text-blue-caract\">16<\/span><\/li>\n<li class=\"list-group-item item-caract\" data-sort=\"8\"><strong>Screen:<\/strong>\u00a0<span class=\"text-blue-caract\">No<\/span><\/li>\n<li class=\"list-group-item item-caract\" data-sort=\"11\"><strong>Temperature Range:<\/strong>\u00a0<span class=\"text-blue-caract\">De -10 C a 60  C<\/span><\/li>\n<li class=\"list-group-item item-caract\" data-sort=\"43\"><strong>Dimensions (H x W x D):<\/strong>\u00a0<span class=\"text-blue-caract\">13 x 6.20 x 3.73 cm<\/span><\/li>\n<li class=\"list-group-item item-caract\" data-sort=\"44\"><strong>Weight:<\/strong>\u00a0<span class=\"text-blue-caract\">397g<\/span><\/li>\n<li class=\"list-group-item item-caract\" data-sort=\"46\"><strong>GPS:<\/strong>\u00a0<span class=\"text-blue-caract\">\u00a0No<\/span><\/li>\n<li class=\"list-group-item item-caract\" data-sort=\"54\"><strong>Programmable buttons:<\/strong>\u00a0<span class=\"text-blue-caract\">Yes<\/span><\/li>\n<li class=\"list-group-item item-caract\" data-sort=\"47\"><strong>Bluetooth Accessory:<\/strong>\u00a0<span class=\"text-blue-caract\">\u00a0No<\/span><\/li>\n<li class=\"list-group-item item-caract\" data-sort=\"48\"><strong>Bluetooth data:<\/strong>\u00a0<span class=\"text-blue-caract\">\u00a0No<\/span><\/li>\n<li class=\"list-group-item item-caract\" data-sort=\"57\"><strong>For explosive environments:<\/strong>\u00a0<span class=\"text-blue-caract\">No<\/span><\/li>\n<li class=\"list-group-item item-caract\" data-sort=\"10\"><strong>Keyboard:<\/strong>\u00a0<span class=\"text-blue-caract\">No<\/span><\/li>\n<\/ul>\n<\/div>\n<div class=\"row\">\n<div class=\"col-md-12\">\n<div class=\"large-descrition-product\">\n<p>The EP 450 analog radio has features that stand out in its great performance, easy programming equipment, outstanding coverage, long-lasting battery and medium price, which is why it was a highly sought-after equipment in our store as an Authorized Distributor in Venezuela.<\/p>\n<ul>\n<li>Repeater compatible: YES<\/li>\n<li>Battery charge duration (based on a duty cycle of 5% transmit, 5% receive, 90% Stand By 5\/5\/90): 14.5 hrs \/ 18.5 hrs<\/li>\n<li>Channel Spacing (kHz): 12.5, 25<\/li>\n<li>Military specifications: 810 C, 810 D, 810 E, 810 F<\/li>\n<li>Integrated voice-activated transmission (VOX)<\/li>\n<li>2 programmable buttons<\/li>\n<li>CSQ\/PL\/DPL\/inv-DPL<\/li>\n<li>Emergency button: No<\/li>\n<\/ul>\n<\/div>\n<\/div>\n<\/div>","protected":false},"featured_media":2272,"comment_status":"open","ping_status":"closed","template":"","meta":{"site-sidebar-layout":"default","site-content-layout":"","ast-site-content-layout":"","site-content-style":"default","site-sidebar-style":"default","ast-global-header-display":"","ast-banner-title-visibility":"","ast-main-header-display":"","ast-hfb-above-header-display":"","ast-hfb-below-header-display":"","ast-hfb-mobile-header-display":"","site-post-title":"","ast-breadcrumbs-content":"","ast-featured-img":"","footer-sml-layout":"","theme-transparent-header-meta":"","adv-header-id-meta":"","stick-header-meta":"","header-above-stick-meta":"","header-main-stick-meta":"","header-below-stick-meta":"","astra-migrate-meta-layouts":"default","ast-page-background-enabled":"default","ast-page-background-meta":{"desktop":{"background-color":"var(--ast-global-color-4)","background-image":"","background-repeat":"repeat","background-position":"center center","background-size":"auto","background-attachment":"scroll","background-type":"","background-media":"","overlay-type":"","overlay-color":"","overlay-opacity":"","overlay-gradient":""},"tablet":{"background-color":"","background-image":"","background-repeat":"repeat","background-position":"center center","background-size":"auto","background-attachment":"scroll","background-type":"","background-media":"","overlay-type":"","overlay-color":"","overlay-opacity":"","overlay-gradient":""},"mobile":{"background-color":"","background-image":"","background-repeat":"repeat","background-position":"center center","background-size":"auto","background-attachment":"scroll","background-type":"","background-media":"","overlay-type":"","overlay-color":"","overlay-opacity":"","overlay-gradient":""}},"ast-content-background-meta":{"desktop":{"background-color":"var(--ast-global-color-5)","background-image":"","background-repeat":"repeat","background-position":"center center","background-size":"auto","background-attachment":"scroll","background-type":"","background-media":"","overlay-type":"","overlay-color":"","overlay-opacity":"","overlay-gradient":""},"tablet":{"background-color":"var(--ast-global-color-5)","background-image":"","background-repeat":"repeat","background-position":"center center","background-size":"auto","background-attachment":"scroll","background-type":"","background-media":"","overlay-type":"","overlay-color":"","overlay-opacity":"","overlay-gradient":""},"mobile":{"background-color":"var(--ast-global-color-5)","background-image":"","background-repeat":"repeat","background-position":"center center","background-size":"auto","background-attachment":"scroll","background-type":"","background-media":"","overlay-type":"","overlay-color":"","overlay-opacity":"","overlay-gradient":""}}},"product_brand":[],"product_cat":[32],"product_tag":[33],"class_list":{"0":"post-2271","1":"product","2":"type-product","3":"status-publish","4":"has-post-thumbnail","6":"product_cat-motorola","7":"product_tag-motorola","8":"desktop-align-left","9":"tablet-align-left","10":"mobile-align-left","12":"first","13":"instock","14":"shipping-taxable","15":"product-type-simple"},"yoast_head":"<!-- This site is optimized with the Yoast SEO plugin v24.6 - https:\/\/yoast.com\/wordpress\/plugins\/seo\/ -->\n<title>Radio Motorola EP450 Anal\u00f3gico LAH65JDC9AA2N VHF 136-162 MHz -<\/title>\n<meta name=\"robots\" content=\"index, follow, max-snippet:-1, max-image-preview:large, max-video-preview:-1\" \/>\n<link rel=\"canonical\" href=\"https:\/\/tecplan.com.gt\/en\/product\/radio-motorola-ep450-analogico-lah65jdc9aa2n-vhf-136-162-mhz\/\" \/>\n<meta property=\"og:locale\" content=\"en_US\" \/>\n<meta property=\"og:type\" content=\"article\" \/>\n<meta property=\"og:title\" content=\"Radio Motorola EP450 Anal\u00f3gico LAH65JDC9AA2N VHF 136-162 MHz -\" \/>\n<meta property=\"og:description\" content=\"Radio Motorola EP450 Anal\u00f3gico LAH65JDC9AA2N VHF 136-162 MHz de buen alcance, con sus accesorios, instrucciones, software para programar, ficha t\u00e9cnica y manual al mejor precio del mercado.   Cuenta con se\u00f1alizaci\u00f3n MDC1200.  16 canales.  Alcance promedio UHF en ambiente urbano hasta 1km dependiendo de la estructura urbana (cantidad y altura de las edificaciones).  Alcance promedio VHF en ambiente rural m\u00e1s de 1km dependiendo de la vegetaci\u00f3n y la topograf\u00eda.    Desempe\u00f1o \u00f3ptimo en las siguientes \u00e1reas: construcciones, seguridad, centros comerciales, hoteles, fincas, empresas de transporte, ensambladoras de veh\u00edculos, industrias medias, estadios, entre otros.  &nbsp;    Caracteristicas t\u00e9cnicas   Frecuencia:\u00a0136-162 MHz  Clasificaci\u00f3n IP:\u00a0IP54 (Protecci\u00f3n contra polvo y contra agua pulverizada)  Potencia:\u00a05W  Banda:\u00a0VHF  Canales de Operaci\u00f3n:\u00a016  Pantalla:\u00a0No  Rango de Temperatura:\u00a0De -10 C a 60 C  Dimensiones (alto x ancho x profundidad):\u00a013 x 6.20 x 3.73 cm  Peso:\u00a0397g  GPS:\u00a0\u00a0No  Botones programable:\u00a0Si  Accesorio Bluetooh:\u00a0\u00a0No  Datos Bluetooh:\u00a0\u00a0No  Para ambientes explosivos:\u00a0No  Teclado:\u00a0No       El radio EP 450 anal\u00f3gico presenta caracter\u00edsticas que se destacan en su gran desempe\u00f1o, un equipo de f\u00e1cil programaci\u00f3n, cobertura sobresaliente, bater\u00eda de larga duraci\u00f3n y de precio medio por lo que era un equipo muy solicitado en nuestra tienda como Distribuidor Autorizado en Venezuela.   Compatible con repetidor: SI  Duraci\u00f3n de la carga de la bater\u00eda (basada en un ciclo de trabajo de 5% transmisi\u00f3n, 5% recepci\u00f3n, 90% Stand By 5\/5\/90):14,5 hrs \/ 18,5 hrs  Espaciado de canal (kHz): 12.5, 25  Especificaciones militares: 810 C, 810 D, 810 E, 810 F  Transmisi\u00f3n activada por voz (VOX) integrada  2 botones programables  CSQ\/PL\/DPL\/inv-DPL  Bot\u00f3n de emergencia: No\" \/>\n<meta property=\"og:url\" content=\"https:\/\/tecplan.com.gt\/en\/product\/radio-motorola-ep450-analogico-lah65jdc9aa2n-vhf-136-162-mhz\/\" \/>\n<meta property=\"article:modified_time\" content=\"2023-06-25T14:43:41+00:00\" \/>\n<meta property=\"og:image\" content=\"https:\/\/tecplan.com.gt\/wp-content\/uploads\/2023\/03\/Radio_Motorola_EP450_Analogico_VHF_1.jpg\" \/>\n\t<meta property=\"og:image:width\" content=\"1200\" \/>\n\t<meta property=\"og:image:height\" content=\"1200\" \/>\n\t<meta property=\"og:image:type\" content=\"image\/jpeg\" \/>\n<meta name=\"twitter:card\" content=\"summary_large_image\" \/>\n<script type=\"application\/ld+json\" class=\"yoast-schema-graph\">{\"@context\":\"https:\/\/schema.org\",\"@graph\":[{\"@type\":\"WebPage\",\"@id\":\"https:\/\/tecplan.com.gt\/producto\/radio-motorola-ep450-analogico-lah65jdc9aa2n-vhf-136-162-mhz\/\",\"url\":\"https:\/\/tecplan.com.gt\/producto\/radio-motorola-ep450-analogico-lah65jdc9aa2n-vhf-136-162-mhz\/\",\"name\":\"Radio Motorola EP450 Anal\u00f3gico LAH65JDC9AA2N VHF 136-162 MHz -\",\"isPartOf\":{\"@id\":\"https:\/\/tecplan.com.gt\/#website\"},\"primaryImageOfPage\":{\"@id\":\"https:\/\/tecplan.com.gt\/producto\/radio-motorola-ep450-analogico-lah65jdc9aa2n-vhf-136-162-mhz\/#primaryimage\"},\"image\":{\"@id\":\"https:\/\/tecplan.com.gt\/producto\/radio-motorola-ep450-analogico-lah65jdc9aa2n-vhf-136-162-mhz\/#primaryimage\"},\"thumbnailUrl\":\"\/wp-content\/uploads\/2023\/03\/Radio_Motorola_EP450_Analogico_VHF_1.jpg\",\"datePublished\":\"2021-10-28T13:32:23+00:00\",\"dateModified\":\"2023-06-25T14:43:41+00:00\",\"breadcrumb\":{\"@id\":\"https:\/\/tecplan.com.gt\/producto\/radio-motorola-ep450-analogico-lah65jdc9aa2n-vhf-136-162-mhz\/#breadcrumb\"},\"inLanguage\":\"en-US\",\"potentialAction\":[{\"@type\":\"ReadAction\",\"target\":[\"https:\/\/tecplan.com.gt\/producto\/radio-motorola-ep450-analogico-lah65jdc9aa2n-vhf-136-162-mhz\/\"]}]},{\"@type\":\"ImageObject\",\"inLanguage\":\"en-US\",\"@id\":\"https:\/\/tecplan.com.gt\/producto\/radio-motorola-ep450-analogico-lah65jdc9aa2n-vhf-136-162-mhz\/#primaryimage\",\"url\":\"\/wp-content\/uploads\/2023\/03\/Radio_Motorola_EP450_Analogico_VHF_1.jpg\",\"contentUrl\":\"\/wp-content\/uploads\/2023\/03\/Radio_Motorola_EP450_Analogico_VHF_1.jpg\",\"width\":1200,\"height\":1200},{\"@type\":\"BreadcrumbList\",\"@id\":\"https:\/\/tecplan.com.gt\/producto\/radio-motorola-ep450-analogico-lah65jdc9aa2n-vhf-136-162-mhz\/#breadcrumb\",\"itemListElement\":[{\"@type\":\"ListItem\",\"position\":1,\"name\":\"Portada\",\"item\":\"https:\/\/tecplan.com.gt\/\"},{\"@type\":\"ListItem\",\"position\":2,\"name\":\"Productos\",\"item\":\"https:\/\/tecplan.com.gt\/shop\/\"},{\"@type\":\"ListItem\",\"position\":3,\"name\":\"Radio Motorola EP450 Anal\u00f3gico LAH65JDC9AA2N VHF 136-162 MHz\"}]},{\"@type\":\"WebSite\",\"@id\":\"https:\/\/tecplan.com.gt\/#website\",\"url\":\"https:\/\/tecplan.com.gt\/\",\"name\":\"Tecplan Argentina\",\"description\":\"Tecnolog\u00edas y equipos de telecomunicaciones\",\"publisher\":{\"@id\":\"https:\/\/tecplan.com.gt\/#organization\"},\"potentialAction\":[{\"@type\":\"SearchAction\",\"target\":{\"@type\":\"EntryPoint\",\"urlTemplate\":\"https:\/\/tecplan.com.gt\/?s={search_term_string}\"},\"query-input\":{\"@type\":\"PropertyValueSpecification\",\"valueRequired\":true,\"valueName\":\"search_term_string\"}}],\"inLanguage\":\"en-US\"},{\"@type\":\"Organization\",\"@id\":\"https:\/\/tecplan.com.gt\/#organization\",\"name\":\"Tecplan Argentina\",\"url\":\"https:\/\/tecplan.com.gt\/\",\"logo\":{\"@type\":\"ImageObject\",\"inLanguage\":\"en-US\",\"@id\":\"https:\/\/tecplan.com.gt\/#\/schema\/logo\/image\/\",\"url\":\"\/wp-content\/uploads\/2023\/03\/logo-tecplan.gif\",\"contentUrl\":\"\/wp-content\/uploads\/2023\/03\/logo-tecplan.gif\",\"width\":1920,\"height\":486,\"caption\":\"Tecplan Argentina\"},\"image\":{\"@id\":\"https:\/\/tecplan.com.gt\/#\/schema\/logo\/image\/\"}}]}<\/script>\n<!-- \/ Yoast SEO plugin. -->","yoast_head_json":{"title":"Radio Motorola EP450 Anal\u00f3gico LAH65JDC9AA2N VHF 136-162 MHz -","robots":{"index":"index","follow":"follow","max-snippet":"max-snippet:-1","max-image-preview":"max-image-preview:large","max-video-preview":"max-video-preview:-1"},"canonical":"https:\/\/tecplan.com.gt\/en\/product\/radio-motorola-ep450-analogico-lah65jdc9aa2n-vhf-136-162-mhz\/","og_locale":"en_US","og_type":"article","og_title":"Radio Motorola EP450 Anal\u00f3gico LAH65JDC9AA2N VHF 136-162 MHz -","og_description":"Radio Motorola EP450 Anal\u00f3gico LAH65JDC9AA2N VHF 136-162 MHz de buen alcance, con sus accesorios, instrucciones, software para programar, ficha t\u00e9cnica y manual al mejor precio del mercado.   Cuenta con se\u00f1alizaci\u00f3n MDC1200.  16 canales.  Alcance promedio UHF en ambiente urbano hasta 1km dependiendo de la estructura urbana (cantidad y altura de las edificaciones).  Alcance promedio VHF en ambiente rural m\u00e1s de 1km dependiendo de la vegetaci\u00f3n y la topograf\u00eda.    Desempe\u00f1o \u00f3ptimo en las siguientes \u00e1reas: construcciones, seguridad, centros comerciales, hoteles, fincas, empresas de transporte, ensambladoras de veh\u00edculos, industrias medias, estadios, entre otros.  &nbsp;    Caracteristicas t\u00e9cnicas   Frecuencia:\u00a0136-162 MHz  Clasificaci\u00f3n IP:\u00a0IP54 (Protecci\u00f3n contra polvo y contra agua pulverizada)  Potencia:\u00a05W  Banda:\u00a0VHF  Canales de Operaci\u00f3n:\u00a016  Pantalla:\u00a0No  Rango de Temperatura:\u00a0De -10 C a 60 C  Dimensiones (alto x ancho x profundidad):\u00a013 x 6.20 x 3.73 cm  Peso:\u00a0397g  GPS:\u00a0\u00a0No  Botones programable:\u00a0Si  Accesorio Bluetooh:\u00a0\u00a0No  Datos Bluetooh:\u00a0\u00a0No  Para ambientes explosivos:\u00a0No  Teclado:\u00a0No       El radio EP 450 anal\u00f3gico presenta caracter\u00edsticas que se destacan en su gran desempe\u00f1o, un equipo de f\u00e1cil programaci\u00f3n, cobertura sobresaliente, bater\u00eda de larga duraci\u00f3n y de precio medio por lo que era un equipo muy solicitado en nuestra tienda como Distribuidor Autorizado en Venezuela.   Compatible con repetidor: SI  Duraci\u00f3n de la carga de la bater\u00eda (basada en un ciclo de trabajo de 5% transmisi\u00f3n, 5% recepci\u00f3n, 90% Stand By 5\/5\/90):14,5 hrs \/ 18,5 hrs  Espaciado de canal (kHz): 12.5, 25  Especificaciones militares: 810 C, 810 D, 810 E, 810 F  Transmisi\u00f3n activada por voz (VOX) integrada  2 botones programables  CSQ\/PL\/DPL\/inv-DPL  Bot\u00f3n de emergencia: No","og_url":"https:\/\/tecplan.com.gt\/en\/product\/radio-motorola-ep450-analogico-lah65jdc9aa2n-vhf-136-162-mhz\/","article_modified_time":"2023-06-25T14:43:41+00:00","og_image":[{"width":1200,"height":1200,"url":"https:\/\/tecplan.com.gt\/wp-content\/uploads\/2023\/03\/Radio_Motorola_EP450_Analogico_VHF_1.jpg","type":"image\/jpeg"}],"twitter_card":"summary_large_image","schema":{"@context":"https:\/\/schema.org","@graph":[{"@type":"WebPage","@id":"https:\/\/tecplan.com.gt\/producto\/radio-motorola-ep450-analogico-lah65jdc9aa2n-vhf-136-162-mhz\/","url":"https:\/\/tecplan.com.gt\/producto\/radio-motorola-ep450-analogico-lah65jdc9aa2n-vhf-136-162-mhz\/","name":"Radio Motorola EP450 Anal\u00f3gico LAH65JDC9AA2N VHF 136-162 MHz -","isPartOf":{"@id":"https:\/\/tecplan.com.gt\/#website"},"primaryImageOfPage":{"@id":"https:\/\/tecplan.com.gt\/producto\/radio-motorola-ep450-analogico-lah65jdc9aa2n-vhf-136-162-mhz\/#primaryimage"},"image":{"@id":"https:\/\/tecplan.com.gt\/producto\/radio-motorola-ep450-analogico-lah65jdc9aa2n-vhf-136-162-mhz\/#primaryimage"},"thumbnailUrl":"\/wp-content\/uploads\/2023\/03\/Radio_Motorola_EP450_Analogico_VHF_1.jpg","datePublished":"2021-10-28T13:32:23+00:00","dateModified":"2023-06-25T14:43:41+00:00","breadcrumb":{"@id":"https:\/\/tecplan.com.gt\/producto\/radio-motorola-ep450-analogico-lah65jdc9aa2n-vhf-136-162-mhz\/#breadcrumb"},"inLanguage":"en-US","potentialAction":[{"@type":"ReadAction","target":["https:\/\/tecplan.com.gt\/producto\/radio-motorola-ep450-analogico-lah65jdc9aa2n-vhf-136-162-mhz\/"]}]},{"@type":"ImageObject","inLanguage":"en-US","@id":"https:\/\/tecplan.com.gt\/producto\/radio-motorola-ep450-analogico-lah65jdc9aa2n-vhf-136-162-mhz\/#primaryimage","url":"\/wp-content\/uploads\/2023\/03\/Radio_Motorola_EP450_Analogico_VHF_1.jpg","contentUrl":"\/wp-content\/uploads\/2023\/03\/Radio_Motorola_EP450_Analogico_VHF_1.jpg","width":1200,"height":1200},{"@type":"BreadcrumbList","@id":"https:\/\/tecplan.com.gt\/producto\/radio-motorola-ep450-analogico-lah65jdc9aa2n-vhf-136-162-mhz\/#breadcrumb","itemListElement":[{"@type":"ListItem","position":1,"name":"Portada","item":"https:\/\/tecplan.com.gt\/"},{"@type":"ListItem","position":2,"name":"Productos","item":"https:\/\/tecplan.com.gt\/shop\/"},{"@type":"ListItem","position":3,"name":"Radio Motorola EP450 Anal\u00f3gico LAH65JDC9AA2N VHF 136-162 MHz"}]},{"@type":"WebSite","@id":"https:\/\/tecplan.com.gt\/#website","url":"https:\/\/tecplan.com.gt\/","name":"Tecplan Argentina","description":"Tecnolog\u00edas y equipos de telecomunicaciones","publisher":{"@id":"https:\/\/tecplan.com.gt\/#organization"},"potentialAction":[{"@type":"SearchAction","target":{"@type":"EntryPoint","urlTemplate":"https:\/\/tecplan.com.gt\/?s={search_term_string}"},"query-input":{"@type":"PropertyValueSpecification","valueRequired":true,"valueName":"search_term_string"}}],"inLanguage":"en-US"},{"@type":"Organization","@id":"https:\/\/tecplan.com.gt\/#organization","name":"Tecplan Argentina","url":"https:\/\/tecplan.com.gt\/","logo":{"@type":"ImageObject","inLanguage":"en-US","@id":"https:\/\/tecplan.com.gt\/#\/schema\/logo\/image\/","url":"\/wp-content\/uploads\/2023\/03\/logo-tecplan.gif","contentUrl":"\/wp-content\/uploads\/2023\/03\/logo-tecplan.gif","width":1920,"height":486,"caption":"Tecplan Argentina"},"image":{"@id":"https:\/\/tecplan.com.gt\/#\/schema\/logo\/image\/"}}]}},"_links":{"self":[{"href":"https:\/\/tecplan.com.gt\/en\/wp-json\/wp\/v2\/product\/2271"}],"collection":[{"href":"https:\/\/tecplan.com.gt\/en\/wp-json\/wp\/v2\/product"}],"about":[{"href":"https:\/\/tecplan.com.gt\/en\/wp-json\/wp\/v2\/types\/product"}],"replies":[{"embeddable":true,"href":"https:\/\/tecplan.com.gt\/en\/wp-json\/wp\/v2\/comments?post=2271"}],"version-history":[{"count":0,"href":"https:\/\/tecplan.com.gt\/en\/wp-json\/wp\/v2\/product\/2271\/revisions"}],"wp:featuredmedia":[{"embeddable":true,"href":"https:\/\/tecplan.com.gt\/en\/wp-json\/wp\/v2\/media\/2272"}],"wp:attachment":[{"href":"https:\/\/tecplan.com.gt\/en\/wp-json\/wp\/v2\/media?parent=2271"}],"wp:term":[{"taxonomy":"product_brand","embeddable":true,"href":"https:\/\/tecplan.com.gt\/en\/wp-json\/wp\/v2\/product_brand?post=2271"},{"taxonomy":"product_cat","embeddable":true,"href":"https:\/\/tecplan.com.gt\/en\/wp-json\/wp\/v2\/product_cat?post=2271"},{"taxonomy":"product_tag","embeddable":true,"href":"https:\/\/tecplan.com.gt\/en\/wp-json\/wp\/v2\/product_tag?post=2271"}],"curies":[{"name":"wp","href":"https:\/\/api.w.org\/{rel}","templated":true}]}}