{"id":2273,"date":"2021-10-28T10:40:22","date_gmt":"2021-10-28T13:40:22","guid":{"rendered":"https:\/\/tecplan.com.gt\/?post_type=product&#038;p=2273"},"modified":"2023-06-25T10:43:40","modified_gmt":"2023-06-25T14:43:40","slug":"radio-motorola-dtr720-digital-902-928-mhz","status":"publish","type":"product","link":"https:\/\/tecplan.com.gt\/en\/product\/radio-motorola-dtr720-digital-902-928-mhz\/","title":{"rendered":"Motorola DTR720 Digital Radio 902-928 MHz"},"content":{"rendered":"","protected":false},"excerpt":{"rendered":"<p>Radio Motorola\u00a0<strong>DTR720<\/strong>\u00a0Digital 902-928 MHz with good range, with its accessories, programming software, instructions, technical sheet in PDF and manual, find it at a good price in our market.<\/p>\n<ul>\n<li>Enabled for the unlicensed 900 MHz band (902-928 MHz)<\/li>\n<li>flame id<\/li>\n<li>Bright color screen<\/li>\n<li>Radio verification<\/li>\n<li>1 Watts of power<\/li>\n<li>Battery life 14.5 hours<\/li>\n<li>50 channels.<\/li>\n<li>Average span 32,515 m2 (350,000 sq ft)\/30 floors.<\/li>\n<li>Average VHF range in rural environment more than 1km depending on vegetation and topography.<\/li>\n<\/ul>\n<p>Optimal performance in the following areas: construction, security, shopping centers, hotels, farms, transportation companies, vehicle assembly plants, medium-sized industries, stadiums, among others.<\/p>\n<div class=\"caracte-techn\">\n<h5 class=\"title-secundary\">Technical characteristics<\/h5>\n<ul class=\"list-group list-caracteriscas\">\n<li class=\"list-group-item item-caract\" data-sort=\"1\"><strong>Band:<\/strong>\u00a0<span class=\"text-blue-caract\">900 MHz<\/span><\/li>\n<li class=\"list-group-item item-caract\" data-sort=\"58\"><strong>IP Rating:<\/strong>\u00a0<span class=\"text-blue-caract\">IP54 (Protection against dust and water spray)<\/span><\/li>\n<li class=\"list-group-item item-caract\" data-sort=\"4\"><strong>Operation Channels:<\/strong>\u00a0<span class=\"text-blue-caract\">50<\/span><\/li>\n<li class=\"list-group-item item-caract\" data-sort=\"2\"><strong>Frequency:<\/strong>\u00a0<span class=\"text-blue-caract\">902-928 MHz<\/span><\/li>\n<li class=\"list-group-item item-caract\" data-sort=\"3\"><strong>Power:<\/strong>\u00a0<span class=\"text-blue-caract\">1W<\/span><\/li>\n<li class=\"list-group-item item-caract\" data-sort=\"8\"><strong>Screen:<\/strong>\u00a0<span class=\"text-blue-caract\">Yes<\/span><\/li>\n<li class=\"list-group-item item-caract\" data-sort=\"11\"><strong>Temperature Range:<\/strong>\u00a0<span class=\"text-blue-caract\">De -30 C a 60  C<\/span><\/li>\n<li class=\"list-group-item item-caract\" data-sort=\"43\"><strong>Dimensions (H x W x D):<\/strong>\u00a0<span class=\"text-blue-caract\">12.85 X 5.6 X 2.7 cm<\/span><\/li>\n<li class=\"list-group-item item-caract\" data-sort=\"46\"><strong>GPS:<\/strong>\u00a0<span class=\"text-blue-caract\">\u00a0No<\/span><\/li>\n<li class=\"list-group-item item-caract\" data-sort=\"54\"><strong>Programmable buttons:<\/strong>\u00a0<span class=\"text-blue-caract\">Yes<\/span><\/li>\n<li class=\"list-group-item item-caract\" data-sort=\"44\"><strong>Weight:<\/strong>\u00a0<span class=\"text-blue-caract\">223g<\/span><\/li>\n<li class=\"list-group-item item-caract\" data-sort=\"47\"><strong>Bluetooth Accessory:<\/strong>\u00a0<span class=\"text-blue-caract\">\u00a0No<\/span><\/li>\n<li class=\"list-group-item item-caract\" data-sort=\"48\"><strong>Bluetooth data:<\/strong>\u00a0<span class=\"text-blue-caract\">\u00a0No<\/span><\/li>\n<li class=\"list-group-item item-caract\" data-sort=\"10\"><strong>Keyboard:<\/strong>\u00a0<span class=\"text-blue-caract\">No<\/span><\/li>\n<\/ul>\n<\/div>\n<div class=\"row\">\n<div class=\"col-md-12\">\n<div class=\"large-descrition-product\">With Motorola Solutions' license-free DTR720 radios, on-site digital communication becomes simpler and more reliable than ever. Motorola's DTR720 radios are the ideal complement to your business, with all the advantages of reliable, private, interference-free digital communication.<\/p>\n<ul>\n<li>Flexible calling options.<\/li>\n<li>Over-the-air contact cloning.<\/li>\n<li>Disabling remote monitoring activation<\/li>\n<li>Battery life (based on a duty cycle of 5% transmit, 5% receive, 90% Stand By 5\/5\/90):14.5 hrs<\/li>\n<li>Channel spacing 50 Khz<\/li>\n<li>Military specifications, 810C, 810 D, 810 E, 810F, 810G<\/li>\n<li>2 Programmable Buttons<\/li>\n<\/ul>\n<\/div>\n<\/div>\n<\/div>","protected":false},"featured_media":2274,"comment_status":"open","ping_status":"closed","template":"","meta":{"site-sidebar-layout":"default","site-content-layout":"","ast-site-content-layout":"","site-content-style":"default","site-sidebar-style":"default","ast-global-header-display":"","ast-banner-title-visibility":"","ast-main-header-display":"","ast-hfb-above-header-display":"","ast-hfb-below-header-display":"","ast-hfb-mobile-header-display":"","site-post-title":"","ast-breadcrumbs-content":"","ast-featured-img":"","footer-sml-layout":"","theme-transparent-header-meta":"","adv-header-id-meta":"","stick-header-meta":"","header-above-stick-meta":"","header-main-stick-meta":"","header-below-stick-meta":"","astra-migrate-meta-layouts":"default","ast-page-background-enabled":"default","ast-page-background-meta":{"desktop":{"background-color":"var(--ast-global-color-4)","background-image":"","background-repeat":"repeat","background-position":"center center","background-size":"auto","background-attachment":"scroll","background-type":"","background-media":"","overlay-type":"","overlay-color":"","overlay-opacity":"","overlay-gradient":""},"tablet":{"background-color":"","background-image":"","background-repeat":"repeat","background-position":"center center","background-size":"auto","background-attachment":"scroll","background-type":"","background-media":"","overlay-type":"","overlay-color":"","overlay-opacity":"","overlay-gradient":""},"mobile":{"background-color":"","background-image":"","background-repeat":"repeat","background-position":"center center","background-size":"auto","background-attachment":"scroll","background-type":"","background-media":"","overlay-type":"","overlay-color":"","overlay-opacity":"","overlay-gradient":""}},"ast-content-background-meta":{"desktop":{"background-color":"var(--ast-global-color-5)","background-image":"","background-repeat":"repeat","background-position":"center center","background-size":"auto","background-attachment":"scroll","background-type":"","background-media":"","overlay-type":"","overlay-color":"","overlay-opacity":"","overlay-gradient":""},"tablet":{"background-color":"var(--ast-global-color-5)","background-image":"","background-repeat":"repeat","background-position":"center center","background-size":"auto","background-attachment":"scroll","background-type":"","background-media":"","overlay-type":"","overlay-color":"","overlay-opacity":"","overlay-gradient":""},"mobile":{"background-color":"var(--ast-global-color-5)","background-image":"","background-repeat":"repeat","background-position":"center center","background-size":"auto","background-attachment":"scroll","background-type":"","background-media":"","overlay-type":"","overlay-color":"","overlay-opacity":"","overlay-gradient":""}}},"product_brand":[],"product_cat":[32],"product_tag":[33],"class_list":{"0":"post-2273","1":"product","2":"type-product","3":"status-publish","4":"has-post-thumbnail","6":"product_cat-motorola","7":"product_tag-motorola","8":"desktop-align-left","9":"tablet-align-left","10":"mobile-align-left","12":"first","13":"instock","14":"shipping-taxable","15":"product-type-simple"},"yoast_head":"<!-- This site is optimized with the Yoast SEO plugin v24.6 - https:\/\/yoast.com\/wordpress\/plugins\/seo\/ -->\n<title>Radio Motorola DTR720 Digital 902-928 MHz -<\/title>\n<meta name=\"robots\" content=\"index, follow, max-snippet:-1, max-image-preview:large, max-video-preview:-1\" \/>\n<link rel=\"canonical\" href=\"https:\/\/tecplan.com.gt\/en\/product\/radio-motorola-dtr720-digital-902-928-mhz\/\" \/>\n<meta property=\"og:locale\" content=\"en_US\" \/>\n<meta property=\"og:type\" content=\"article\" \/>\n<meta property=\"og:title\" content=\"Radio Motorola DTR720 Digital 902-928 MHz -\" \/>\n<meta property=\"og:description\" content=\"Radio Motorola\u00a0DTR720\u00a0Digital 902-928 MHz con buen alcance, con sus accesorios, software de programaci\u00f3n, instrucciones, ficha t\u00e9cnica en PDF y manual, encu\u00e9ntralo a buen precio en nuestro mercado.   Habilitado para la banda de 900 MHz sin licencia (902-928 MHz)  identificaci\u00f3n de llama  Pantalla a color luminosa  Verificaci\u00f3n de radio  1 Watts de potencia  Duraci\u00f3n de la bater\u00eda 14.5 horas  50 canales.  Alcance promedio 32.515 m2 (350.000 pies cuadrados)\/30 pisos.  Alcance promedio VHF en ambiente rural m\u00e1s de 1km dependiendo de la vegetaci\u00f3n y la topograf\u00eda.  Desempe\u00f1o \u00f3ptimo en las siguientes \u00e1reas: construcciones, seguridad, centros comerciales, hoteles, fincas, empresas de transporte, ensambladoras de veh\u00edculos, industrias medias, estadios, entre otro.  Caracteristicas t\u00e9cnicas   Banda:\u00a0900 MHz  Clasificaci\u00f3n IP:\u00a0IP54 (Protecci\u00f3n contra polvo y contra agua pulverizada)  Canales de Operaci\u00f3n:\u00a050  Frecuencia:\u00a0902-928 MHz  Potencia:\u00a01W  Pantalla:\u00a0S\u00ed  Rango de Temperatura:\u00a0De -30 C a 60 C  Dimensiones (alto x ancho x profundidad):\u00a012.85 X 5.6 X 2.7 cm  GPS:\u00a0\u00a0No  Botones programable:\u00a0Si  Peso:\u00a0223g  Accesorio Bluetooh:\u00a0\u00a0No  Datos Bluetooh:\u00a0\u00a0No  Teclado:\u00a0No     Con los radios DTR720 sin licencia de Motorola Solutions, la comunicaci\u00f3n digital en sitio se vuelve m\u00e1s simple y confiable que nunca. Los radios DTR720 de Motorola son el complemento ideal para su empresa, con todas las ventajas de la comunicaci\u00f3n digital confiable, privada y sin interferencias.   Opciones de llamada flexibles.  Clonaci\u00f3n de contactos por aire.  Inhabilitaci\u00f3n activaci\u00f3n monitoreo remoto  Duraci\u00f3n de la carga de la bater\u00eda (basada en un ciclo de trabajo de 5% transmisi\u00f3n, 5% recepci\u00f3n, 90% Stand By 5\/5\/90):14,5 hrs  Espaciado de canal 50 Khz  Especificaciones militares,810C, 810 D, 810 E, 810F, 810G  2 Botones programables\" \/>\n<meta property=\"og:url\" content=\"https:\/\/tecplan.com.gt\/en\/product\/radio-motorola-dtr720-digital-902-928-mhz\/\" \/>\n<meta property=\"article:modified_time\" content=\"2023-06-25T14:43:40+00:00\" \/>\n<meta property=\"og:image\" content=\"https:\/\/tecplan.com.gt\/wp-content\/uploads\/2023\/03\/Motorola-DTR720-2.jpg\" \/>\n\t<meta property=\"og:image:width\" content=\"1200\" \/>\n\t<meta property=\"og:image:height\" content=\"1200\" \/>\n\t<meta property=\"og:image:type\" content=\"image\/jpeg\" \/>\n<meta name=\"twitter:card\" content=\"summary_large_image\" \/>\n<script type=\"application\/ld+json\" class=\"yoast-schema-graph\">{\"@context\":\"https:\/\/schema.org\",\"@graph\":[{\"@type\":\"WebPage\",\"@id\":\"https:\/\/tecplan.com.gt\/producto\/radio-motorola-dtr720-digital-902-928-mhz\/\",\"url\":\"https:\/\/tecplan.com.gt\/producto\/radio-motorola-dtr720-digital-902-928-mhz\/\",\"name\":\"Radio Motorola DTR720 Digital 902-928 MHz -\",\"isPartOf\":{\"@id\":\"https:\/\/tecplan.com.gt\/#website\"},\"primaryImageOfPage\":{\"@id\":\"https:\/\/tecplan.com.gt\/producto\/radio-motorola-dtr720-digital-902-928-mhz\/#primaryimage\"},\"image\":{\"@id\":\"https:\/\/tecplan.com.gt\/producto\/radio-motorola-dtr720-digital-902-928-mhz\/#primaryimage\"},\"thumbnailUrl\":\"\/wp-content\/uploads\/2023\/03\/Motorola-DTR720-2.jpg\",\"datePublished\":\"2021-10-28T13:40:22+00:00\",\"dateModified\":\"2023-06-25T14:43:40+00:00\",\"breadcrumb\":{\"@id\":\"https:\/\/tecplan.com.gt\/producto\/radio-motorola-dtr720-digital-902-928-mhz\/#breadcrumb\"},\"inLanguage\":\"en-US\",\"potentialAction\":[{\"@type\":\"ReadAction\",\"target\":[\"https:\/\/tecplan.com.gt\/producto\/radio-motorola-dtr720-digital-902-928-mhz\/\"]}]},{\"@type\":\"ImageObject\",\"inLanguage\":\"en-US\",\"@id\":\"https:\/\/tecplan.com.gt\/producto\/radio-motorola-dtr720-digital-902-928-mhz\/#primaryimage\",\"url\":\"\/wp-content\/uploads\/2023\/03\/Motorola-DTR720-2.jpg\",\"contentUrl\":\"\/wp-content\/uploads\/2023\/03\/Motorola-DTR720-2.jpg\",\"width\":1200,\"height\":1200},{\"@type\":\"BreadcrumbList\",\"@id\":\"https:\/\/tecplan.com.gt\/producto\/radio-motorola-dtr720-digital-902-928-mhz\/#breadcrumb\",\"itemListElement\":[{\"@type\":\"ListItem\",\"position\":1,\"name\":\"Portada\",\"item\":\"https:\/\/tecplan.com.gt\/\"},{\"@type\":\"ListItem\",\"position\":2,\"name\":\"Productos\",\"item\":\"https:\/\/tecplan.com.gt\/shop\/\"},{\"@type\":\"ListItem\",\"position\":3,\"name\":\"Radio Motorola DTR720 Digital 902-928 MHz\"}]},{\"@type\":\"WebSite\",\"@id\":\"https:\/\/tecplan.com.gt\/#website\",\"url\":\"https:\/\/tecplan.com.gt\/\",\"name\":\"Tecplan Argentina\",\"description\":\"Tecnolog\u00edas y equipos de telecomunicaciones\",\"publisher\":{\"@id\":\"https:\/\/tecplan.com.gt\/#organization\"},\"potentialAction\":[{\"@type\":\"SearchAction\",\"target\":{\"@type\":\"EntryPoint\",\"urlTemplate\":\"https:\/\/tecplan.com.gt\/?s={search_term_string}\"},\"query-input\":{\"@type\":\"PropertyValueSpecification\",\"valueRequired\":true,\"valueName\":\"search_term_string\"}}],\"inLanguage\":\"en-US\"},{\"@type\":\"Organization\",\"@id\":\"https:\/\/tecplan.com.gt\/#organization\",\"name\":\"Tecplan Argentina\",\"url\":\"https:\/\/tecplan.com.gt\/\",\"logo\":{\"@type\":\"ImageObject\",\"inLanguage\":\"en-US\",\"@id\":\"https:\/\/tecplan.com.gt\/#\/schema\/logo\/image\/\",\"url\":\"\/wp-content\/uploads\/2023\/03\/logo-tecplan.gif\",\"contentUrl\":\"\/wp-content\/uploads\/2023\/03\/logo-tecplan.gif\",\"width\":1920,\"height\":486,\"caption\":\"Tecplan Argentina\"},\"image\":{\"@id\":\"https:\/\/tecplan.com.gt\/#\/schema\/logo\/image\/\"}}]}<\/script>\n<!-- \/ Yoast SEO plugin. -->","yoast_head_json":{"title":"Radio Motorola DTR720 Digital 902-928 MHz -","robots":{"index":"index","follow":"follow","max-snippet":"max-snippet:-1","max-image-preview":"max-image-preview:large","max-video-preview":"max-video-preview:-1"},"canonical":"https:\/\/tecplan.com.gt\/en\/product\/radio-motorola-dtr720-digital-902-928-mhz\/","og_locale":"en_US","og_type":"article","og_title":"Radio Motorola DTR720 Digital 902-928 MHz -","og_description":"Radio Motorola\u00a0DTR720\u00a0Digital 902-928 MHz con buen alcance, con sus accesorios, software de programaci\u00f3n, instrucciones, ficha t\u00e9cnica en PDF y manual, encu\u00e9ntralo a buen precio en nuestro mercado.   Habilitado para la banda de 900 MHz sin licencia (902-928 MHz)  identificaci\u00f3n de llama  Pantalla a color luminosa  Verificaci\u00f3n de radio  1 Watts de potencia  Duraci\u00f3n de la bater\u00eda 14.5 horas  50 canales.  Alcance promedio 32.515 m2 (350.000 pies cuadrados)\/30 pisos.  Alcance promedio VHF en ambiente rural m\u00e1s de 1km dependiendo de la vegetaci\u00f3n y la topograf\u00eda.  Desempe\u00f1o \u00f3ptimo en las siguientes \u00e1reas: construcciones, seguridad, centros comerciales, hoteles, fincas, empresas de transporte, ensambladoras de veh\u00edculos, industrias medias, estadios, entre otro.  Caracteristicas t\u00e9cnicas   Banda:\u00a0900 MHz  Clasificaci\u00f3n IP:\u00a0IP54 (Protecci\u00f3n contra polvo y contra agua pulverizada)  Canales de Operaci\u00f3n:\u00a050  Frecuencia:\u00a0902-928 MHz  Potencia:\u00a01W  Pantalla:\u00a0S\u00ed  Rango de Temperatura:\u00a0De -30 C a 60 C  Dimensiones (alto x ancho x profundidad):\u00a012.85 X 5.6 X 2.7 cm  GPS:\u00a0\u00a0No  Botones programable:\u00a0Si  Peso:\u00a0223g  Accesorio Bluetooh:\u00a0\u00a0No  Datos Bluetooh:\u00a0\u00a0No  Teclado:\u00a0No     Con los radios DTR720 sin licencia de Motorola Solutions, la comunicaci\u00f3n digital en sitio se vuelve m\u00e1s simple y confiable que nunca. Los radios DTR720 de Motorola son el complemento ideal para su empresa, con todas las ventajas de la comunicaci\u00f3n digital confiable, privada y sin interferencias.   Opciones de llamada flexibles.  Clonaci\u00f3n de contactos por aire.  Inhabilitaci\u00f3n activaci\u00f3n monitoreo remoto  Duraci\u00f3n de la carga de la bater\u00eda (basada en un ciclo de trabajo de 5% transmisi\u00f3n, 5% recepci\u00f3n, 90% Stand By 5\/5\/90):14,5 hrs  Espaciado de canal 50 Khz  Especificaciones militares,810C, 810 D, 810 E, 810F, 810G  2 Botones programables","og_url":"https:\/\/tecplan.com.gt\/en\/product\/radio-motorola-dtr720-digital-902-928-mhz\/","article_modified_time":"2023-06-25T14:43:40+00:00","og_image":[{"width":1200,"height":1200,"url":"https:\/\/tecplan.com.gt\/wp-content\/uploads\/2023\/03\/Motorola-DTR720-2.jpg","type":"image\/jpeg"}],"twitter_card":"summary_large_image","schema":{"@context":"https:\/\/schema.org","@graph":[{"@type":"WebPage","@id":"https:\/\/tecplan.com.gt\/producto\/radio-motorola-dtr720-digital-902-928-mhz\/","url":"https:\/\/tecplan.com.gt\/producto\/radio-motorola-dtr720-digital-902-928-mhz\/","name":"Radio Motorola DTR720 Digital 902-928 MHz -","isPartOf":{"@id":"https:\/\/tecplan.com.gt\/#website"},"primaryImageOfPage":{"@id":"https:\/\/tecplan.com.gt\/producto\/radio-motorola-dtr720-digital-902-928-mhz\/#primaryimage"},"image":{"@id":"https:\/\/tecplan.com.gt\/producto\/radio-motorola-dtr720-digital-902-928-mhz\/#primaryimage"},"thumbnailUrl":"\/wp-content\/uploads\/2023\/03\/Motorola-DTR720-2.jpg","datePublished":"2021-10-28T13:40:22+00:00","dateModified":"2023-06-25T14:43:40+00:00","breadcrumb":{"@id":"https:\/\/tecplan.com.gt\/producto\/radio-motorola-dtr720-digital-902-928-mhz\/#breadcrumb"},"inLanguage":"en-US","potentialAction":[{"@type":"ReadAction","target":["https:\/\/tecplan.com.gt\/producto\/radio-motorola-dtr720-digital-902-928-mhz\/"]}]},{"@type":"ImageObject","inLanguage":"en-US","@id":"https:\/\/tecplan.com.gt\/producto\/radio-motorola-dtr720-digital-902-928-mhz\/#primaryimage","url":"\/wp-content\/uploads\/2023\/03\/Motorola-DTR720-2.jpg","contentUrl":"\/wp-content\/uploads\/2023\/03\/Motorola-DTR720-2.jpg","width":1200,"height":1200},{"@type":"BreadcrumbList","@id":"https:\/\/tecplan.com.gt\/producto\/radio-motorola-dtr720-digital-902-928-mhz\/#breadcrumb","itemListElement":[{"@type":"ListItem","position":1,"name":"Portada","item":"https:\/\/tecplan.com.gt\/"},{"@type":"ListItem","position":2,"name":"Productos","item":"https:\/\/tecplan.com.gt\/shop\/"},{"@type":"ListItem","position":3,"name":"Radio Motorola DTR720 Digital 902-928 MHz"}]},{"@type":"WebSite","@id":"https:\/\/tecplan.com.gt\/#website","url":"https:\/\/tecplan.com.gt\/","name":"Tecplan Argentina","description":"Tecnolog\u00edas y equipos de telecomunicaciones","publisher":{"@id":"https:\/\/tecplan.com.gt\/#organization"},"potentialAction":[{"@type":"SearchAction","target":{"@type":"EntryPoint","urlTemplate":"https:\/\/tecplan.com.gt\/?s={search_term_string}"},"query-input":{"@type":"PropertyValueSpecification","valueRequired":true,"valueName":"search_term_string"}}],"inLanguage":"en-US"},{"@type":"Organization","@id":"https:\/\/tecplan.com.gt\/#organization","name":"Tecplan Argentina","url":"https:\/\/tecplan.com.gt\/","logo":{"@type":"ImageObject","inLanguage":"en-US","@id":"https:\/\/tecplan.com.gt\/#\/schema\/logo\/image\/","url":"\/wp-content\/uploads\/2023\/03\/logo-tecplan.gif","contentUrl":"\/wp-content\/uploads\/2023\/03\/logo-tecplan.gif","width":1920,"height":486,"caption":"Tecplan Argentina"},"image":{"@id":"https:\/\/tecplan.com.gt\/#\/schema\/logo\/image\/"}}]}},"_links":{"self":[{"href":"https:\/\/tecplan.com.gt\/en\/wp-json\/wp\/v2\/product\/2273"}],"collection":[{"href":"https:\/\/tecplan.com.gt\/en\/wp-json\/wp\/v2\/product"}],"about":[{"href":"https:\/\/tecplan.com.gt\/en\/wp-json\/wp\/v2\/types\/product"}],"replies":[{"embeddable":true,"href":"https:\/\/tecplan.com.gt\/en\/wp-json\/wp\/v2\/comments?post=2273"}],"version-history":[{"count":0,"href":"https:\/\/tecplan.com.gt\/en\/wp-json\/wp\/v2\/product\/2273\/revisions"}],"wp:featuredmedia":[{"embeddable":true,"href":"https:\/\/tecplan.com.gt\/en\/wp-json\/wp\/v2\/media\/2274"}],"wp:attachment":[{"href":"https:\/\/tecplan.com.gt\/en\/wp-json\/wp\/v2\/media?parent=2273"}],"wp:term":[{"taxonomy":"product_brand","embeddable":true,"href":"https:\/\/tecplan.com.gt\/en\/wp-json\/wp\/v2\/product_brand?post=2273"},{"taxonomy":"product_cat","embeddable":true,"href":"https:\/\/tecplan.com.gt\/en\/wp-json\/wp\/v2\/product_cat?post=2273"},{"taxonomy":"product_tag","embeddable":true,"href":"https:\/\/tecplan.com.gt\/en\/wp-json\/wp\/v2\/product_tag?post=2273"}],"curies":[{"name":"wp","href":"https:\/\/api.w.org\/{rel}","templated":true}]}}