{"id":2275,"date":"2021-10-28T10:53:19","date_gmt":"2021-10-28T13:53:19","guid":{"rendered":"https:\/\/tecplan.com.gt\/?post_type=product&#038;p=2275"},"modified":"2023-06-25T10:43:39","modified_gmt":"2023-06-25T14:43:39","slug":"radio-motorola-sl500-digital-lah88qcp9ja2an-uhf-403-480-mhz","status":"publish","type":"product","link":"https:\/\/tecplan.com.gt\/en\/product\/radio-motorola-sl500-digital-lah88qcp9ja2an-uhf-403-480-mhz\/","title":{"rendered":"Radio Motorola SL500 Digital LAH88QCP9JA2AN UHF 403-480 MHz"},"content":{"rendered":"","protected":false},"excerpt":{"rendered":"<p>Radio Motorola\u00a0<strong>SL500<\/strong>\u00a0Digital LAH88QCP9JA2AN UHF 403-480 MHz with good range, with its accessories, programming software, instructions, technical sheet in PDF and manual, find it at a good price in our market.<\/p>\n<ul>\n<li>Enabled for bands.<\/li>\n<li>Complies with Digital Mobile Radio (DMR) standards<\/li>\n<li>99 channels.<\/li>\n<li>Average UHF range in urban environment up to 1km depending on the urban structure (number and height of buildings).<\/li>\n<li>Average VHF range in rural environment more than 1km depending on vegetation and topography.<\/li>\n<\/ul>\n<p>Optimal performance in the following areas: construction, security, shopping centers, hotels, farms, transportation companies, vehicle assembly plants, medium-sized industries, stadiums, among others.<\/p>\n<div class=\"caracte-techn\">\n<h5 class=\"title-secundary\">Technical characteristics<\/h5>\n<ul class=\"list-group list-caracteriscas\">\n<li class=\"list-group-item item-caract\" data-sort=\"58\"><strong>IP Rating:<\/strong>\u00a0<span class=\"text-blue-caract\">IP54 (Protection against dust and water spray)<\/span><\/li>\n<li class=\"list-group-item item-caract\" data-sort=\"4\"><strong>Operation Channels:<\/strong>\u00a0<span class=\"text-blue-caract\">99<\/span><\/li>\n<li class=\"list-group-item item-caract\" data-sort=\"2\"><strong>Frequency:<\/strong>\u00a0<span class=\"text-blue-caract\">403-480 MHz<\/span><\/li>\n<li class=\"list-group-item item-caract\" data-sort=\"8\"><strong>Screen:<\/strong>\u00a0<span class=\"text-blue-caract\">Yes<\/span><\/li>\n<li class=\"list-group-item item-caract\" data-sort=\"3\"><strong>Power:<\/strong>\u00a0<span class=\"text-blue-caract\">3W<\/span><\/li>\n<li class=\"list-group-item item-caract\" data-sort=\"1\"><strong>Band:<\/strong>\u00a0<span class=\"text-blue-caract\">UHF<\/span><\/li>\n<li class=\"list-group-item item-caract\" data-sort=\"11\"><strong>Temperature Range:<\/strong>\u00a0<span class=\"text-blue-caract\">De -30 C a 60  C<\/span><\/li>\n<li class=\"list-group-item item-caract\" data-sort=\"10\"><strong>Keyboard:<\/strong>\u00a0<span class=\"text-blue-caract\">No<\/span><\/li>\n<li class=\"list-group-item item-caract\" data-sort=\"43\"><strong>Dimensions (H x W x D):<\/strong>\u00a0<span class=\"text-blue-caract\">12.57 x 5.50 x 2.20 cm<\/span><\/li>\n<li class=\"list-group-item item-caract\" data-sort=\"44\"><strong>Weight:<\/strong>\u00a0<span class=\"text-blue-caract\">165.6 gr<\/span><\/li>\n<li class=\"list-group-item item-caract\" data-sort=\"46\"><strong>GPS:<\/strong>\u00a0<span class=\"text-blue-caract\">\u00a0No<\/span><\/li>\n<li class=\"list-group-item item-caract\" data-sort=\"47\"><strong>Bluetooth Accessory:<\/strong>\u00a0<span class=\"text-blue-caract\">\u00a0No<\/span><\/li>\n<li class=\"list-group-item item-caract\" data-sort=\"48\"><strong>Bluetooth data:<\/strong>\u00a0<span class=\"text-blue-caract\">\u00a0No<\/span><\/li>\n<li class=\"list-group-item item-caract\" data-sort=\"54\"><strong>Programmable buttons:<\/strong>\u00a0<span class=\"text-blue-caract\">\u00a0No<\/span><\/li>\n<\/ul>\n<\/div>\n<div class=\"row\">\n<div class=\"col-md-12\">\n<div class=\"large-descrition-product\">Compatible with the MOTOTRBO\u2122 family of radios, the SL500 features superior audio quality, outstanding coverage, long battery life, and operates on IP Site Connect systems. The radio is ergonomic, slim and lightweight. The eye-catching Active View display combines ruggedness with simplicity and patented Range Max technology delivers excellent coverage with long battery life in a compact, highly practical profile. The radio supports both analog and digital modes and is complemented by a wide range of innovative accessories.<\/p>\n<ul>\n<li>Digital noise cancellation software.<\/li>\n<li>Repeater compatible.<\/li>\n<li>Analog \/ Digital.<\/li>\n<li>Duraci\u00f3n de la carga de la bater\u00eda (basada en un ciclo de trabajo de 5% transmisi\u00f3n, 5% recepci\u00f3n, 90% Stand By 5\/5\/90): 11.8 hrs en Anal\u00f3gico \/ 14 hrs en Digital.<\/li>\n<li>Espaciado de canal 12.5 Khz y 25 Khz.<\/li>\n<li>Especificaciones militares, 810 D, 810 E.<\/li>\n<li>Pantalla LED Active View.<\/li>\n<li>Factor de forma ultradelgado.<\/li>\n<li>Conectividad MicroUSB.<\/li>\n<li>Efficient charging.<\/li>\n<li>programaci\u00f3n por PC.<\/li>\n<\/ul>\n<\/div>\n<\/div>\n<\/div>","protected":false},"featured_media":2276,"comment_status":"open","ping_status":"closed","template":"","meta":{"site-sidebar-layout":"default","site-content-layout":"","ast-site-content-layout":"","site-content-style":"default","site-sidebar-style":"default","ast-global-header-display":"","ast-banner-title-visibility":"","ast-main-header-display":"","ast-hfb-above-header-display":"","ast-hfb-below-header-display":"","ast-hfb-mobile-header-display":"","site-post-title":"","ast-breadcrumbs-content":"","ast-featured-img":"","footer-sml-layout":"","theme-transparent-header-meta":"","adv-header-id-meta":"","stick-header-meta":"","header-above-stick-meta":"","header-main-stick-meta":"","header-below-stick-meta":"","astra-migrate-meta-layouts":"default","ast-page-background-enabled":"default","ast-page-background-meta":{"desktop":{"background-color":"var(--ast-global-color-4)","background-image":"","background-repeat":"repeat","background-position":"center center","background-size":"auto","background-attachment":"scroll","background-type":"","background-media":"","overlay-type":"","overlay-color":"","overlay-opacity":"","overlay-gradient":""},"tablet":{"background-color":"","background-image":"","background-repeat":"repeat","background-position":"center center","background-size":"auto","background-attachment":"scroll","background-type":"","background-media":"","overlay-type":"","overlay-color":"","overlay-opacity":"","overlay-gradient":""},"mobile":{"background-color":"","background-image":"","background-repeat":"repeat","background-position":"center center","background-size":"auto","background-attachment":"scroll","background-type":"","background-media":"","overlay-type":"","overlay-color":"","overlay-opacity":"","overlay-gradient":""}},"ast-content-background-meta":{"desktop":{"background-color":"var(--ast-global-color-5)","background-image":"","background-repeat":"repeat","background-position":"center center","background-size":"auto","background-attachment":"scroll","background-type":"","background-media":"","overlay-type":"","overlay-color":"","overlay-opacity":"","overlay-gradient":""},"tablet":{"background-color":"var(--ast-global-color-5)","background-image":"","background-repeat":"repeat","background-position":"center center","background-size":"auto","background-attachment":"scroll","background-type":"","background-media":"","overlay-type":"","overlay-color":"","overlay-opacity":"","overlay-gradient":""},"mobile":{"background-color":"var(--ast-global-color-5)","background-image":"","background-repeat":"repeat","background-position":"center center","background-size":"auto","background-attachment":"scroll","background-type":"","background-media":"","overlay-type":"","overlay-color":"","overlay-opacity":"","overlay-gradient":""}}},"product_brand":[],"product_cat":[32],"product_tag":[33],"class_list":{"0":"post-2275","1":"product","2":"type-product","3":"status-publish","4":"has-post-thumbnail","6":"product_cat-motorola","7":"product_tag-motorola","8":"desktop-align-left","9":"tablet-align-left","10":"mobile-align-left","12":"first","13":"instock","14":"shipping-taxable","15":"product-type-simple"},"yoast_head":"<!-- This site is optimized with the Yoast SEO plugin v24.6 - https:\/\/yoast.com\/wordpress\/plugins\/seo\/ -->\n<title>Radio Motorola SL500 Digital LAH88QCP9JA2AN UHF 403-480 MHz -<\/title>\n<meta name=\"robots\" content=\"index, follow, max-snippet:-1, max-image-preview:large, max-video-preview:-1\" \/>\n<link rel=\"canonical\" href=\"https:\/\/tecplan.com.gt\/en\/product\/radio-motorola-sl500-digital-lah88qcp9ja2an-uhf-403-480-mhz\/\" \/>\n<meta property=\"og:locale\" content=\"en_US\" \/>\n<meta property=\"og:type\" content=\"article\" \/>\n<meta property=\"og:title\" content=\"Radio Motorola SL500 Digital LAH88QCP9JA2AN UHF 403-480 MHz -\" \/>\n<meta property=\"og:description\" content=\"Radio Motorola\u00a0SL500\u00a0Digital LAH88QCP9JA2AN UHF 403-480 MHz con buen alcance, con sus accesorios, software de programaci\u00f3n, instrucciones, ficha t\u00e9cnica en PDF y manual, encu\u00e9ntralo a buen precio en nuestro mercado.   Habilitado para las bandas , .  Cumple con los est\u00e1ndares de Radio M\u00f3vil Digital (DMR)  99 canales.  Alcance promedio UHF en ambiente urbano hasta 1km dependiendo de la estructura urbana (cantidad y altura de las edificaciones).  Alcance promedio VHF en ambiente rural m\u00e1s de 1km dependiendo de la vegetaci\u00f3n y la topograf\u00eda.  Desempe\u00f1o \u00f3ptimo en las siguientes \u00e1reas: construcciones, seguridad, centros comerciales, hoteles, fincas, empresas de transporte, ensambladoras de veh\u00edculos, industrias medias, estadios, entre otro.  Caracteristicas t\u00e9cnicas   Clasificaci\u00f3n IP:\u00a0IP54 (Protecci\u00f3n contra polvo y contra agua pulverizada)  Canales de Operaci\u00f3n:\u00a099  Frecuencia:\u00a0403-480 MHz  Pantalla:\u00a0S\u00ed  Potencia:\u00a03W  Banda:\u00a0UHF  Rango de Temperatura:\u00a0De -30 C a 60 C  Teclado:\u00a0No  Dimensiones (alto x ancho x profundidad):\u00a012.57 x 5.50 x 2.20 cm  Peso:\u00a0165.6 gr  GPS:\u00a0\u00a0No  Accesorio Bluetooh:\u00a0\u00a0No  Datos Bluetooh:\u00a0\u00a0No  Botones programable:\u00a0\u00a0No     Compatible con la familia de radios MOTOTRBO&#x2122;, el SL500 tiene calidad de audio superior, cobertura sobresaliente, bater\u00eda de larga duraci\u00f3n, operan en sistemas IP Site Connect. Radio ergon\u00f3mico, delgado y liviano. Llamativa pantalla Active View, que combina resistencia con simplicidad, y tecnolog\u00eda patentada Range Max, que ofrece una excelente cobertura con bater\u00eda de larga duraci\u00f3n en un perfil compacto y muy pr\u00e1ctico. El radio admite tanto modo anal\u00f3gico como digital y se complementa con una amplia gama de accesorios innovadores.   El software de cancelaci\u00f3n de ruido digital.  Compatible con repetidor.  Anal\u00f3gico \/ Digital.  Duraci\u00f3n de la carga de la bater\u00eda (basada en un ciclo de trabajo de 5% transmisi\u00f3n, 5% recepci\u00f3n, 90% Stand By 5\/5\/90): 11.8 hrs en Anal\u00f3gico \/ 14 hrs en Digital.  Espaciado de canal 12.5 Khz y 25 Khz.  Especificaciones militares, 810 D, 810 E.  Pantalla LED Active View.  Factor de forma ultradelgado.  Conectividad MicroUSB.  Carga eficiente.  programaci\u00f3n por PC.\" \/>\n<meta property=\"og:url\" content=\"https:\/\/tecplan.com.gt\/en\/product\/radio-motorola-sl500-digital-lah88qcp9ja2an-uhf-403-480-mhz\/\" \/>\n<meta property=\"article:modified_time\" content=\"2023-06-25T14:43:39+00:00\" \/>\n<meta property=\"og:image\" content=\"https:\/\/tecplan.com.gt\/wp-content\/uploads\/2023\/03\/Radio-Motorola-SL500-Digital.jpg\" \/>\n\t<meta property=\"og:image:width\" content=\"1200\" \/>\n\t<meta property=\"og:image:height\" content=\"1200\" \/>\n\t<meta property=\"og:image:type\" content=\"image\/jpeg\" \/>\n<meta name=\"twitter:card\" content=\"summary_large_image\" \/>\n<script type=\"application\/ld+json\" class=\"yoast-schema-graph\">{\"@context\":\"https:\/\/schema.org\",\"@graph\":[{\"@type\":\"WebPage\",\"@id\":\"https:\/\/tecplan.com.gt\/producto\/radio-motorola-sl500-digital-lah88qcp9ja2an-uhf-403-480-mhz\/\",\"url\":\"https:\/\/tecplan.com.gt\/producto\/radio-motorola-sl500-digital-lah88qcp9ja2an-uhf-403-480-mhz\/\",\"name\":\"Radio Motorola SL500 Digital LAH88QCP9JA2AN UHF 403-480 MHz -\",\"isPartOf\":{\"@id\":\"https:\/\/tecplan.com.gt\/#website\"},\"primaryImageOfPage\":{\"@id\":\"https:\/\/tecplan.com.gt\/producto\/radio-motorola-sl500-digital-lah88qcp9ja2an-uhf-403-480-mhz\/#primaryimage\"},\"image\":{\"@id\":\"https:\/\/tecplan.com.gt\/producto\/radio-motorola-sl500-digital-lah88qcp9ja2an-uhf-403-480-mhz\/#primaryimage\"},\"thumbnailUrl\":\"\/wp-content\/uploads\/2023\/03\/Radio-Motorola-SL500-Digital.jpg\",\"datePublished\":\"2021-10-28T13:53:19+00:00\",\"dateModified\":\"2023-06-25T14:43:39+00:00\",\"breadcrumb\":{\"@id\":\"https:\/\/tecplan.com.gt\/producto\/radio-motorola-sl500-digital-lah88qcp9ja2an-uhf-403-480-mhz\/#breadcrumb\"},\"inLanguage\":\"en-US\",\"potentialAction\":[{\"@type\":\"ReadAction\",\"target\":[\"https:\/\/tecplan.com.gt\/producto\/radio-motorola-sl500-digital-lah88qcp9ja2an-uhf-403-480-mhz\/\"]}]},{\"@type\":\"ImageObject\",\"inLanguage\":\"en-US\",\"@id\":\"https:\/\/tecplan.com.gt\/producto\/radio-motorola-sl500-digital-lah88qcp9ja2an-uhf-403-480-mhz\/#primaryimage\",\"url\":\"\/wp-content\/uploads\/2023\/03\/Radio-Motorola-SL500-Digital.jpg\",\"contentUrl\":\"\/wp-content\/uploads\/2023\/03\/Radio-Motorola-SL500-Digital.jpg\",\"width\":1200,\"height\":1200},{\"@type\":\"BreadcrumbList\",\"@id\":\"https:\/\/tecplan.com.gt\/producto\/radio-motorola-sl500-digital-lah88qcp9ja2an-uhf-403-480-mhz\/#breadcrumb\",\"itemListElement\":[{\"@type\":\"ListItem\",\"position\":1,\"name\":\"Portada\",\"item\":\"https:\/\/tecplan.com.gt\/\"},{\"@type\":\"ListItem\",\"position\":2,\"name\":\"Productos\",\"item\":\"https:\/\/tecplan.com.gt\/shop\/\"},{\"@type\":\"ListItem\",\"position\":3,\"name\":\"Radio Motorola SL500 Digital LAH88QCP9JA2AN UHF 403-480 MHz\"}]},{\"@type\":\"WebSite\",\"@id\":\"https:\/\/tecplan.com.gt\/#website\",\"url\":\"https:\/\/tecplan.com.gt\/\",\"name\":\"Tecplan Argentina\",\"description\":\"Tecnolog\u00edas y equipos de telecomunicaciones\",\"publisher\":{\"@id\":\"https:\/\/tecplan.com.gt\/#organization\"},\"potentialAction\":[{\"@type\":\"SearchAction\",\"target\":{\"@type\":\"EntryPoint\",\"urlTemplate\":\"https:\/\/tecplan.com.gt\/?s={search_term_string}\"},\"query-input\":{\"@type\":\"PropertyValueSpecification\",\"valueRequired\":true,\"valueName\":\"search_term_string\"}}],\"inLanguage\":\"en-US\"},{\"@type\":\"Organization\",\"@id\":\"https:\/\/tecplan.com.gt\/#organization\",\"name\":\"Tecplan Argentina\",\"url\":\"https:\/\/tecplan.com.gt\/\",\"logo\":{\"@type\":\"ImageObject\",\"inLanguage\":\"en-US\",\"@id\":\"https:\/\/tecplan.com.gt\/#\/schema\/logo\/image\/\",\"url\":\"\/wp-content\/uploads\/2023\/03\/logo-tecplan.gif\",\"contentUrl\":\"\/wp-content\/uploads\/2023\/03\/logo-tecplan.gif\",\"width\":1920,\"height\":486,\"caption\":\"Tecplan Argentina\"},\"image\":{\"@id\":\"https:\/\/tecplan.com.gt\/#\/schema\/logo\/image\/\"}}]}<\/script>\n<!-- \/ Yoast SEO plugin. -->","yoast_head_json":{"title":"Radio Motorola SL500 Digital LAH88QCP9JA2AN UHF 403-480 MHz -","robots":{"index":"index","follow":"follow","max-snippet":"max-snippet:-1","max-image-preview":"max-image-preview:large","max-video-preview":"max-video-preview:-1"},"canonical":"https:\/\/tecplan.com.gt\/en\/product\/radio-motorola-sl500-digital-lah88qcp9ja2an-uhf-403-480-mhz\/","og_locale":"en_US","og_type":"article","og_title":"Radio Motorola SL500 Digital LAH88QCP9JA2AN UHF 403-480 MHz -","og_description":"Radio Motorola\u00a0SL500\u00a0Digital LAH88QCP9JA2AN UHF 403-480 MHz con buen alcance, con sus accesorios, software de programaci\u00f3n, instrucciones, ficha t\u00e9cnica en PDF y manual, encu\u00e9ntralo a buen precio en nuestro mercado.   Habilitado para las bandas , .  Cumple con los est\u00e1ndares de Radio M\u00f3vil Digital (DMR)  99 canales.  Alcance promedio UHF en ambiente urbano hasta 1km dependiendo de la estructura urbana (cantidad y altura de las edificaciones).  Alcance promedio VHF en ambiente rural m\u00e1s de 1km dependiendo de la vegetaci\u00f3n y la topograf\u00eda.  Desempe\u00f1o \u00f3ptimo en las siguientes \u00e1reas: construcciones, seguridad, centros comerciales, hoteles, fincas, empresas de transporte, ensambladoras de veh\u00edculos, industrias medias, estadios, entre otro.  Caracteristicas t\u00e9cnicas   Clasificaci\u00f3n IP:\u00a0IP54 (Protecci\u00f3n contra polvo y contra agua pulverizada)  Canales de Operaci\u00f3n:\u00a099  Frecuencia:\u00a0403-480 MHz  Pantalla:\u00a0S\u00ed  Potencia:\u00a03W  Banda:\u00a0UHF  Rango de Temperatura:\u00a0De -30 C a 60 C  Teclado:\u00a0No  Dimensiones (alto x ancho x profundidad):\u00a012.57 x 5.50 x 2.20 cm  Peso:\u00a0165.6 gr  GPS:\u00a0\u00a0No  Accesorio Bluetooh:\u00a0\u00a0No  Datos Bluetooh:\u00a0\u00a0No  Botones programable:\u00a0\u00a0No     Compatible con la familia de radios MOTOTRBO&#x2122;, el SL500 tiene calidad de audio superior, cobertura sobresaliente, bater\u00eda de larga duraci\u00f3n, operan en sistemas IP Site Connect. Radio ergon\u00f3mico, delgado y liviano. Llamativa pantalla Active View, que combina resistencia con simplicidad, y tecnolog\u00eda patentada Range Max, que ofrece una excelente cobertura con bater\u00eda de larga duraci\u00f3n en un perfil compacto y muy pr\u00e1ctico. El radio admite tanto modo anal\u00f3gico como digital y se complementa con una amplia gama de accesorios innovadores.   El software de cancelaci\u00f3n de ruido digital.  Compatible con repetidor.  Anal\u00f3gico \/ Digital.  Duraci\u00f3n de la carga de la bater\u00eda (basada en un ciclo de trabajo de 5% transmisi\u00f3n, 5% recepci\u00f3n, 90% Stand By 5\/5\/90): 11.8 hrs en Anal\u00f3gico \/ 14 hrs en Digital.  Espaciado de canal 12.5 Khz y 25 Khz.  Especificaciones militares, 810 D, 810 E.  Pantalla LED Active View.  Factor de forma ultradelgado.  Conectividad MicroUSB.  Carga eficiente.  programaci\u00f3n por PC.","og_url":"https:\/\/tecplan.com.gt\/en\/product\/radio-motorola-sl500-digital-lah88qcp9ja2an-uhf-403-480-mhz\/","article_modified_time":"2023-06-25T14:43:39+00:00","og_image":[{"width":1200,"height":1200,"url":"https:\/\/tecplan.com.gt\/wp-content\/uploads\/2023\/03\/Radio-Motorola-SL500-Digital.jpg","type":"image\/jpeg"}],"twitter_card":"summary_large_image","schema":{"@context":"https:\/\/schema.org","@graph":[{"@type":"WebPage","@id":"https:\/\/tecplan.com.gt\/producto\/radio-motorola-sl500-digital-lah88qcp9ja2an-uhf-403-480-mhz\/","url":"https:\/\/tecplan.com.gt\/producto\/radio-motorola-sl500-digital-lah88qcp9ja2an-uhf-403-480-mhz\/","name":"Radio Motorola SL500 Digital LAH88QCP9JA2AN UHF 403-480 MHz -","isPartOf":{"@id":"https:\/\/tecplan.com.gt\/#website"},"primaryImageOfPage":{"@id":"https:\/\/tecplan.com.gt\/producto\/radio-motorola-sl500-digital-lah88qcp9ja2an-uhf-403-480-mhz\/#primaryimage"},"image":{"@id":"https:\/\/tecplan.com.gt\/producto\/radio-motorola-sl500-digital-lah88qcp9ja2an-uhf-403-480-mhz\/#primaryimage"},"thumbnailUrl":"\/wp-content\/uploads\/2023\/03\/Radio-Motorola-SL500-Digital.jpg","datePublished":"2021-10-28T13:53:19+00:00","dateModified":"2023-06-25T14:43:39+00:00","breadcrumb":{"@id":"https:\/\/tecplan.com.gt\/producto\/radio-motorola-sl500-digital-lah88qcp9ja2an-uhf-403-480-mhz\/#breadcrumb"},"inLanguage":"en-US","potentialAction":[{"@type":"ReadAction","target":["https:\/\/tecplan.com.gt\/producto\/radio-motorola-sl500-digital-lah88qcp9ja2an-uhf-403-480-mhz\/"]}]},{"@type":"ImageObject","inLanguage":"en-US","@id":"https:\/\/tecplan.com.gt\/producto\/radio-motorola-sl500-digital-lah88qcp9ja2an-uhf-403-480-mhz\/#primaryimage","url":"\/wp-content\/uploads\/2023\/03\/Radio-Motorola-SL500-Digital.jpg","contentUrl":"\/wp-content\/uploads\/2023\/03\/Radio-Motorola-SL500-Digital.jpg","width":1200,"height":1200},{"@type":"BreadcrumbList","@id":"https:\/\/tecplan.com.gt\/producto\/radio-motorola-sl500-digital-lah88qcp9ja2an-uhf-403-480-mhz\/#breadcrumb","itemListElement":[{"@type":"ListItem","position":1,"name":"Portada","item":"https:\/\/tecplan.com.gt\/"},{"@type":"ListItem","position":2,"name":"Productos","item":"https:\/\/tecplan.com.gt\/shop\/"},{"@type":"ListItem","position":3,"name":"Radio Motorola SL500 Digital LAH88QCP9JA2AN UHF 403-480 MHz"}]},{"@type":"WebSite","@id":"https:\/\/tecplan.com.gt\/#website","url":"https:\/\/tecplan.com.gt\/","name":"Tecplan Argentina","description":"Tecnolog\u00edas y equipos de telecomunicaciones","publisher":{"@id":"https:\/\/tecplan.com.gt\/#organization"},"potentialAction":[{"@type":"SearchAction","target":{"@type":"EntryPoint","urlTemplate":"https:\/\/tecplan.com.gt\/?s={search_term_string}"},"query-input":{"@type":"PropertyValueSpecification","valueRequired":true,"valueName":"search_term_string"}}],"inLanguage":"en-US"},{"@type":"Organization","@id":"https:\/\/tecplan.com.gt\/#organization","name":"Tecplan Argentina","url":"https:\/\/tecplan.com.gt\/","logo":{"@type":"ImageObject","inLanguage":"en-US","@id":"https:\/\/tecplan.com.gt\/#\/schema\/logo\/image\/","url":"\/wp-content\/uploads\/2023\/03\/logo-tecplan.gif","contentUrl":"\/wp-content\/uploads\/2023\/03\/logo-tecplan.gif","width":1920,"height":486,"caption":"Tecplan Argentina"},"image":{"@id":"https:\/\/tecplan.com.gt\/#\/schema\/logo\/image\/"}}]}},"_links":{"self":[{"href":"https:\/\/tecplan.com.gt\/en\/wp-json\/wp\/v2\/product\/2275"}],"collection":[{"href":"https:\/\/tecplan.com.gt\/en\/wp-json\/wp\/v2\/product"}],"about":[{"href":"https:\/\/tecplan.com.gt\/en\/wp-json\/wp\/v2\/types\/product"}],"replies":[{"embeddable":true,"href":"https:\/\/tecplan.com.gt\/en\/wp-json\/wp\/v2\/comments?post=2275"}],"version-history":[{"count":0,"href":"https:\/\/tecplan.com.gt\/en\/wp-json\/wp\/v2\/product\/2275\/revisions"}],"wp:featuredmedia":[{"embeddable":true,"href":"https:\/\/tecplan.com.gt\/en\/wp-json\/wp\/v2\/media\/2276"}],"wp:attachment":[{"href":"https:\/\/tecplan.com.gt\/en\/wp-json\/wp\/v2\/media?parent=2275"}],"wp:term":[{"taxonomy":"product_brand","embeddable":true,"href":"https:\/\/tecplan.com.gt\/en\/wp-json\/wp\/v2\/product_brand?post=2275"},{"taxonomy":"product_cat","embeddable":true,"href":"https:\/\/tecplan.com.gt\/en\/wp-json\/wp\/v2\/product_cat?post=2275"},{"taxonomy":"product_tag","embeddable":true,"href":"https:\/\/tecplan.com.gt\/en\/wp-json\/wp\/v2\/product_tag?post=2275"}],"curies":[{"name":"wp","href":"https:\/\/api.w.org\/{rel}","templated":true}]}}