{"id":2277,"date":"2021-10-28T11:10:08","date_gmt":"2021-10-28T14:10:08","guid":{"rendered":"https:\/\/tecplan.com.gt\/?post_type=product&#038;p=2277"},"modified":"2023-06-25T10:43:38","modified_gmt":"2023-06-25T14:43:38","slug":"radio-motorola-ep350-mx-analogico-lah03rdh8ab7an-uhf-435-480-mhz-con-pantalla-y-teclado-reducido","status":"publish","type":"product","link":"https:\/\/tecplan.com.gt\/en\/product\/radio-motorola-ep350-mx-analogico-lah03rdh8ab7an-uhf-435-480-mhz-con-pantalla-y-teclado-reducido\/","title":{"rendered":"Motorola EP350 MX Analog Radio LAH03RDH8AB7AN UHF 435-480 MHz with screen and reduced keyboard"},"content":{"rendered":"","protected":false},"excerpt":{"rendered":"<p>Radio Motorola\u00a0<strong>EP350 MX<\/strong>\u00a0Analog LAH03RDH8AB7AN UHF 435-480 MHz with screen and reduced keyboard, good range, with its accessories, programming software, instructions, technical sheet in PDF and manual, find it at a good price in our market.<\/p>\n<ul>\n<li>It has MDC1200 signaling.<\/li>\n<li>16 channels.<\/li>\n<li>Average UHF range in urban environment up to 1km depending on the urban structure (number and height of buildings).<\/li>\n<li>Average VHF range in rural environment more than 1km depending on vegetation and topography.<\/li>\n<\/ul>\n<div class=\"short-description-product\">\n<p>Optimal performance in the following areas: construction, security, shopping centers, hotels, farms, transportation companies, vehicle assembly plants, medium-sized industries, stadiums, among others.<\/p>\n<\/div>\n<div class=\"caracte-techn\">\n<h5 class=\"title-secundary\">Technical characteristics<\/h5>\n<ul class=\"list-group list-caracteriscas\">\n<li class=\"list-group-item item-caract\" data-sort=\"1\"><strong>Band:<\/strong>\u00a0<span class=\"text-blue-caract\">UHF<\/span><\/li>\n<li class=\"list-group-item item-caract\" data-sort=\"2\"><strong>Frequency:<\/strong>\u00a0<span class=\"text-blue-caract\">435-480 MHz<\/span><\/li>\n<li class=\"list-group-item item-caract\" data-sort=\"8\"><strong>Screen:<\/strong>\u00a0<span class=\"text-blue-caract\">Yes<\/span><\/li>\n<li class=\"list-group-item item-caract\" data-sort=\"58\"><strong>IP Rating:<\/strong>\u00a0<span class=\"text-blue-caract\">IP54 (Protection against dust and water spray)<\/span><\/li>\n<li class=\"list-group-item item-caract\" data-sort=\"11\"><strong>Temperature Range:<\/strong>\u00a0<span class=\"text-blue-caract\">De -10 C a 60  C<\/span><\/li>\n<li class=\"list-group-item item-caract\" data-sort=\"9\"><strong>Screen Type:<\/strong>\u00a0<span class=\"text-blue-caract\">Monochromatic 1 line<\/span><\/li>\n<li class=\"list-group-item item-caract\" data-sort=\"43\"><strong>Dimensions (H x W x D):<\/strong>\u00a0<span class=\"text-blue-caract\">11.98 x 5.79 x 3.70 cm<\/span><\/li>\n<li class=\"list-group-item item-caract\" data-sort=\"3\"><strong>Power:<\/strong>\u00a0<span class=\"text-blue-caract\">4W<\/span><\/li>\n<li class=\"list-group-item item-caract\" data-sort=\"44\"><strong>Weight:<\/strong>\u00a0<span class=\"text-blue-caract\">349.83<\/span><\/li>\n<li class=\"list-group-item item-caract\" data-sort=\"46\"><strong>GPS:<\/strong>\u00a0<span class=\"text-blue-caract\">\u00a0No<\/span><\/li>\n<li class=\"list-group-item item-caract\" data-sort=\"47\"><strong>Bluetooth Accessory:<\/strong>\u00a0<span class=\"text-blue-caract\">\u00a0No<\/span><\/li>\n<li class=\"list-group-item item-caract\" data-sort=\"48\"><strong>Bluetooth data:<\/strong>\u00a0<span class=\"text-blue-caract\">\u00a0No<\/span><\/li>\n<li class=\"list-group-item item-caract\" data-sort=\"54\"><strong>Programmable buttons:<\/strong>\u00a0<span class=\"text-blue-caract\">Yes<\/span><\/li>\n<li class=\"list-group-item item-caract\" data-sort=\"10\"><strong>Keyboard:<\/strong>\u00a0<span class=\"text-blue-caract\">\u00a0Yes<\/span><\/li>\n<li class=\"list-group-item item-caract\" data-sort=\"11\"><strong>Keyboard Type:<\/strong>\u00a0<span class=\"text-blue-caract\">Limited<\/span><\/li>\n<li class=\"list-group-item item-caract\" data-sort=\"4\"><strong>Operation Channels:<\/strong>\u00a0<span class=\"text-blue-caract\">16<\/span><\/li>\n<\/ul>\n<\/div>\n<div class=\"row\">\n<div class=\"col-md-12\">\n<div class=\"large-descrition-product\">The EP350 MX Series offers you high-quality features at a competitive price, with a compact, lightweight and durable design. Get reliable, efficient and exceptional performance in voice communications to improve productivity in your business. Its functionality includes:<\/p>\n<ul>\n<li>Se\u00f1alizaci\u00f3n MDC1200 y DTMF.<\/li>\n<li>Repeater compatible.<\/li>\n<li>Duraci\u00f3n de la carga de la bater\u00eda (basada en un ciclo de trabajo de 5% transmisi\u00f3n, 5% recepci\u00f3n, 90% Stand By 5\/5\/90): 10 hrs.<\/li>\n<li>Espaciado de canal 12.5 Khz y 25 Khz.<\/li>\n<li>Especificaciones militares 810 D, 810 E.<\/li>\n<li>Scrambling para un mejor nivel de seguridad.<\/li>\n<li>Programmable buttons depending on the radio model.<\/li>\n<\/ul>\n<\/div>\n<\/div>\n<\/div>","protected":false},"featured_media":2278,"comment_status":"open","ping_status":"closed","template":"","meta":{"site-sidebar-layout":"default","site-content-layout":"","ast-site-content-layout":"","site-content-style":"default","site-sidebar-style":"default","ast-global-header-display":"","ast-banner-title-visibility":"","ast-main-header-display":"","ast-hfb-above-header-display":"","ast-hfb-below-header-display":"","ast-hfb-mobile-header-display":"","site-post-title":"","ast-breadcrumbs-content":"","ast-featured-img":"","footer-sml-layout":"","theme-transparent-header-meta":"","adv-header-id-meta":"","stick-header-meta":"","header-above-stick-meta":"","header-main-stick-meta":"","header-below-stick-meta":"","astra-migrate-meta-layouts":"default","ast-page-background-enabled":"default","ast-page-background-meta":{"desktop":{"background-color":"var(--ast-global-color-4)","background-image":"","background-repeat":"repeat","background-position":"center center","background-size":"auto","background-attachment":"scroll","background-type":"","background-media":"","overlay-type":"","overlay-color":"","overlay-opacity":"","overlay-gradient":""},"tablet":{"background-color":"","background-image":"","background-repeat":"repeat","background-position":"center center","background-size":"auto","background-attachment":"scroll","background-type":"","background-media":"","overlay-type":"","overlay-color":"","overlay-opacity":"","overlay-gradient":""},"mobile":{"background-color":"","background-image":"","background-repeat":"repeat","background-position":"center center","background-size":"auto","background-attachment":"scroll","background-type":"","background-media":"","overlay-type":"","overlay-color":"","overlay-opacity":"","overlay-gradient":""}},"ast-content-background-meta":{"desktop":{"background-color":"var(--ast-global-color-5)","background-image":"","background-repeat":"repeat","background-position":"center center","background-size":"auto","background-attachment":"scroll","background-type":"","background-media":"","overlay-type":"","overlay-color":"","overlay-opacity":"","overlay-gradient":""},"tablet":{"background-color":"var(--ast-global-color-5)","background-image":"","background-repeat":"repeat","background-position":"center center","background-size":"auto","background-attachment":"scroll","background-type":"","background-media":"","overlay-type":"","overlay-color":"","overlay-opacity":"","overlay-gradient":""},"mobile":{"background-color":"var(--ast-global-color-5)","background-image":"","background-repeat":"repeat","background-position":"center center","background-size":"auto","background-attachment":"scroll","background-type":"","background-media":"","overlay-type":"","overlay-color":"","overlay-opacity":"","overlay-gradient":""}}},"product_brand":[],"product_cat":[32,31],"product_tag":[33],"class_list":{"0":"post-2277","1":"product","2":"type-product","3":"status-publish","4":"has-post-thumbnail","6":"product_cat-motorola","7":"product_cat-radiocomunicacion","8":"product_tag-motorola","9":"desktop-align-left","10":"tablet-align-left","11":"mobile-align-left","13":"first","14":"instock","15":"shipping-taxable","16":"product-type-simple"},"yoast_head":"<!-- This site is optimized with the Yoast SEO plugin v24.6 - https:\/\/yoast.com\/wordpress\/plugins\/seo\/ -->\n<title>Radio Motorola EP350 MX Anal\u00f3gico LAH03RDH8AB7AN UHF 435-480 MHz con pantalla y teclado reducido -<\/title>\n<meta name=\"robots\" content=\"index, follow, max-snippet:-1, max-image-preview:large, max-video-preview:-1\" \/>\n<link rel=\"canonical\" href=\"https:\/\/tecplan.com.gt\/en\/product\/radio-motorola-ep350-mx-analogico-lah03rdh8ab7an-uhf-435-480-mhz-con-pantalla-y-teclado-reducido\/\" \/>\n<meta property=\"og:locale\" content=\"en_US\" \/>\n<meta property=\"og:type\" content=\"article\" \/>\n<meta property=\"og:title\" content=\"Radio Motorola EP350 MX Anal\u00f3gico LAH03RDH8AB7AN UHF 435-480 MHz con pantalla y teclado reducido -\" \/>\n<meta property=\"og:description\" content=\"Radio Motorola\u00a0EP350 MX\u00a0Anal\u00f3gico LAH03RDH8AB7AN UHF 435-480 MHz con pantalla y teclado reducido, buen alcance, con sus accesorios, software de programaci\u00f3n, instrucciones, ficha t\u00e9cnica en PDF y manual, encu\u00e9ntralo a buen precio en nuestro mercado.   Cuenta con se\u00f1alizaci\u00f3n MDC1200.  16 canales.  Alcance promedio UHF en ambiente urbano hasta 1km dependiendo de la estructura urbana (cantidad y altura de las edificaciones).  Alcance promedio VHF en ambiente rural m\u00e1s de 1km dependiendo de la vegetaci\u00f3n y la topograf\u00eda.    Desempe\u00f1o \u00f3ptimo en las siguientes \u00e1reas: construcciones, seguridad, centros comerciales, hoteles, fincas, empresas de transporte, ensambladoras de veh\u00edculos, industrias medias, estadios, entre otros.    Caracteristicas t\u00e9cnicas   Banda:\u00a0UHF  Frecuencia:\u00a0435-480 MHz  Pantalla:\u00a0S\u00ed  Clasificaci\u00f3n IP:\u00a0IP54 (Protecci\u00f3n contra polvo y contra agua pulverizada)  Rango de Temperatura:\u00a0De -10 C a 60 C  Tipo de Pantalla:\u00a0Monocrom\u00e1tica de 1 l\u00ednea  Dimensiones (alto x ancho x profundidad):\u00a011.98 x 5.79 x 3.70 cm  Potencia:\u00a04W  Peso:\u00a0349.83  GPS:\u00a0\u00a0No  Accesorio Bluetooh:\u00a0\u00a0No  Datos Bluetooh:\u00a0\u00a0No  Botones programable:\u00a0Si  Teclado:\u00a0\u00a0S\u00ed  Tipo de Teclado:\u00a0Limitado  Canales de Operaci\u00f3n:\u00a016     Los equipos de la Serie EP350 MX le brinda funciones de alta calidad a un precio competitivo, con un dise\u00f1o compacto, liviano y durable. Obtenga un desempe\u00f1o confiable, eficiente y excepcional en comunicaciones de voz para mejorar la productividad en su negocio. Dentro de su funcionalidad incluye:   Se\u00f1alizaci\u00f3n MDC1200 y DTMF.  Compatible con repetidor.  Duraci\u00f3n de la carga de la bater\u00eda (basada en un ciclo de trabajo de 5% transmisi\u00f3n, 5% recepci\u00f3n, 90% Stand By 5\/5\/90): 10 hrs.  Espaciado de canal 12.5 Khz y 25 Khz.  Especificaciones militares 810 D, 810 E.  Scrambling para un mejor nivel de seguridad.  Botones programables dependiendo del modelo del radio.\" \/>\n<meta property=\"og:url\" content=\"https:\/\/tecplan.com.gt\/en\/product\/radio-motorola-ep350-mx-analogico-lah03rdh8ab7an-uhf-435-480-mhz-con-pantalla-y-teclado-reducido\/\" \/>\n<meta property=\"article:modified_time\" content=\"2023-06-25T14:43:38+00:00\" \/>\n<meta property=\"og:image\" content=\"https:\/\/tecplan.com.gt\/wp-content\/uploads\/2023\/03\/Radio-Portatil-EP350MX-Analogico-UHF-2.jpg\" \/>\n\t<meta property=\"og:image:width\" content=\"1200\" \/>\n\t<meta property=\"og:image:height\" content=\"1200\" \/>\n\t<meta property=\"og:image:type\" content=\"image\/jpeg\" \/>\n<meta name=\"twitter:card\" content=\"summary_large_image\" \/>\n<script type=\"application\/ld+json\" class=\"yoast-schema-graph\">{\"@context\":\"https:\/\/schema.org\",\"@graph\":[{\"@type\":\"WebPage\",\"@id\":\"https:\/\/tecplan.com.gt\/producto\/radio-motorola-ep350-mx-analogico-lah03rdh8ab7an-uhf-435-480-mhz-con-pantalla-y-teclado-reducido\/\",\"url\":\"https:\/\/tecplan.com.gt\/producto\/radio-motorola-ep350-mx-analogico-lah03rdh8ab7an-uhf-435-480-mhz-con-pantalla-y-teclado-reducido\/\",\"name\":\"Radio Motorola EP350 MX Anal\u00f3gico LAH03RDH8AB7AN UHF 435-480 MHz con pantalla y teclado reducido -\",\"isPartOf\":{\"@id\":\"https:\/\/tecplan.com.gt\/#website\"},\"primaryImageOfPage\":{\"@id\":\"https:\/\/tecplan.com.gt\/producto\/radio-motorola-ep350-mx-analogico-lah03rdh8ab7an-uhf-435-480-mhz-con-pantalla-y-teclado-reducido\/#primaryimage\"},\"image\":{\"@id\":\"https:\/\/tecplan.com.gt\/producto\/radio-motorola-ep350-mx-analogico-lah03rdh8ab7an-uhf-435-480-mhz-con-pantalla-y-teclado-reducido\/#primaryimage\"},\"thumbnailUrl\":\"\/wp-content\/uploads\/2023\/03\/Radio-Portatil-EP350MX-Analogico-UHF-2.jpg\",\"datePublished\":\"2021-10-28T14:10:08+00:00\",\"dateModified\":\"2023-06-25T14:43:38+00:00\",\"breadcrumb\":{\"@id\":\"https:\/\/tecplan.com.gt\/producto\/radio-motorola-ep350-mx-analogico-lah03rdh8ab7an-uhf-435-480-mhz-con-pantalla-y-teclado-reducido\/#breadcrumb\"},\"inLanguage\":\"en-US\",\"potentialAction\":[{\"@type\":\"ReadAction\",\"target\":[\"https:\/\/tecplan.com.gt\/producto\/radio-motorola-ep350-mx-analogico-lah03rdh8ab7an-uhf-435-480-mhz-con-pantalla-y-teclado-reducido\/\"]}]},{\"@type\":\"ImageObject\",\"inLanguage\":\"en-US\",\"@id\":\"https:\/\/tecplan.com.gt\/producto\/radio-motorola-ep350-mx-analogico-lah03rdh8ab7an-uhf-435-480-mhz-con-pantalla-y-teclado-reducido\/#primaryimage\",\"url\":\"\/wp-content\/uploads\/2023\/03\/Radio-Portatil-EP350MX-Analogico-UHF-2.jpg\",\"contentUrl\":\"\/wp-content\/uploads\/2023\/03\/Radio-Portatil-EP350MX-Analogico-UHF-2.jpg\",\"width\":1200,\"height\":1200},{\"@type\":\"BreadcrumbList\",\"@id\":\"https:\/\/tecplan.com.gt\/producto\/radio-motorola-ep350-mx-analogico-lah03rdh8ab7an-uhf-435-480-mhz-con-pantalla-y-teclado-reducido\/#breadcrumb\",\"itemListElement\":[{\"@type\":\"ListItem\",\"position\":1,\"name\":\"Portada\",\"item\":\"https:\/\/tecplan.com.gt\/\"},{\"@type\":\"ListItem\",\"position\":2,\"name\":\"Productos\",\"item\":\"https:\/\/tecplan.com.gt\/shop\/\"},{\"@type\":\"ListItem\",\"position\":3,\"name\":\"Radio Motorola EP350 MX Anal\u00f3gico LAH03RDH8AB7AN UHF 435-480 MHz con pantalla y teclado reducido\"}]},{\"@type\":\"WebSite\",\"@id\":\"https:\/\/tecplan.com.gt\/#website\",\"url\":\"https:\/\/tecplan.com.gt\/\",\"name\":\"Tecplan Argentina\",\"description\":\"Tecnolog\u00edas y equipos de telecomunicaciones\",\"publisher\":{\"@id\":\"https:\/\/tecplan.com.gt\/#organization\"},\"potentialAction\":[{\"@type\":\"SearchAction\",\"target\":{\"@type\":\"EntryPoint\",\"urlTemplate\":\"https:\/\/tecplan.com.gt\/?s={search_term_string}\"},\"query-input\":{\"@type\":\"PropertyValueSpecification\",\"valueRequired\":true,\"valueName\":\"search_term_string\"}}],\"inLanguage\":\"en-US\"},{\"@type\":\"Organization\",\"@id\":\"https:\/\/tecplan.com.gt\/#organization\",\"name\":\"Tecplan Argentina\",\"url\":\"https:\/\/tecplan.com.gt\/\",\"logo\":{\"@type\":\"ImageObject\",\"inLanguage\":\"en-US\",\"@id\":\"https:\/\/tecplan.com.gt\/#\/schema\/logo\/image\/\",\"url\":\"\/wp-content\/uploads\/2023\/03\/logo-tecplan.gif\",\"contentUrl\":\"\/wp-content\/uploads\/2023\/03\/logo-tecplan.gif\",\"width\":1920,\"height\":486,\"caption\":\"Tecplan Argentina\"},\"image\":{\"@id\":\"https:\/\/tecplan.com.gt\/#\/schema\/logo\/image\/\"}}]}<\/script>\n<!-- \/ Yoast SEO plugin. -->","yoast_head_json":{"title":"Radio Motorola EP350 MX Anal\u00f3gico LAH03RDH8AB7AN UHF 435-480 MHz con pantalla y teclado reducido -","robots":{"index":"index","follow":"follow","max-snippet":"max-snippet:-1","max-image-preview":"max-image-preview:large","max-video-preview":"max-video-preview:-1"},"canonical":"https:\/\/tecplan.com.gt\/en\/product\/radio-motorola-ep350-mx-analogico-lah03rdh8ab7an-uhf-435-480-mhz-con-pantalla-y-teclado-reducido\/","og_locale":"en_US","og_type":"article","og_title":"Radio Motorola EP350 MX Anal\u00f3gico LAH03RDH8AB7AN UHF 435-480 MHz con pantalla y teclado reducido -","og_description":"Radio Motorola\u00a0EP350 MX\u00a0Anal\u00f3gico LAH03RDH8AB7AN UHF 435-480 MHz con pantalla y teclado reducido, buen alcance, con sus accesorios, software de programaci\u00f3n, instrucciones, ficha t\u00e9cnica en PDF y manual, encu\u00e9ntralo a buen precio en nuestro mercado.   Cuenta con se\u00f1alizaci\u00f3n MDC1200.  16 canales.  Alcance promedio UHF en ambiente urbano hasta 1km dependiendo de la estructura urbana (cantidad y altura de las edificaciones).  Alcance promedio VHF en ambiente rural m\u00e1s de 1km dependiendo de la vegetaci\u00f3n y la topograf\u00eda.    Desempe\u00f1o \u00f3ptimo en las siguientes \u00e1reas: construcciones, seguridad, centros comerciales, hoteles, fincas, empresas de transporte, ensambladoras de veh\u00edculos, industrias medias, estadios, entre otros.    Caracteristicas t\u00e9cnicas   Banda:\u00a0UHF  Frecuencia:\u00a0435-480 MHz  Pantalla:\u00a0S\u00ed  Clasificaci\u00f3n IP:\u00a0IP54 (Protecci\u00f3n contra polvo y contra agua pulverizada)  Rango de Temperatura:\u00a0De -10 C a 60 C  Tipo de Pantalla:\u00a0Monocrom\u00e1tica de 1 l\u00ednea  Dimensiones (alto x ancho x profundidad):\u00a011.98 x 5.79 x 3.70 cm  Potencia:\u00a04W  Peso:\u00a0349.83  GPS:\u00a0\u00a0No  Accesorio Bluetooh:\u00a0\u00a0No  Datos Bluetooh:\u00a0\u00a0No  Botones programable:\u00a0Si  Teclado:\u00a0\u00a0S\u00ed  Tipo de Teclado:\u00a0Limitado  Canales de Operaci\u00f3n:\u00a016     Los equipos de la Serie EP350 MX le brinda funciones de alta calidad a un precio competitivo, con un dise\u00f1o compacto, liviano y durable. Obtenga un desempe\u00f1o confiable, eficiente y excepcional en comunicaciones de voz para mejorar la productividad en su negocio. Dentro de su funcionalidad incluye:   Se\u00f1alizaci\u00f3n MDC1200 y DTMF.  Compatible con repetidor.  Duraci\u00f3n de la carga de la bater\u00eda (basada en un ciclo de trabajo de 5% transmisi\u00f3n, 5% recepci\u00f3n, 90% Stand By 5\/5\/90): 10 hrs.  Espaciado de canal 12.5 Khz y 25 Khz.  Especificaciones militares 810 D, 810 E.  Scrambling para un mejor nivel de seguridad.  Botones programables dependiendo del modelo del radio.","og_url":"https:\/\/tecplan.com.gt\/en\/product\/radio-motorola-ep350-mx-analogico-lah03rdh8ab7an-uhf-435-480-mhz-con-pantalla-y-teclado-reducido\/","article_modified_time":"2023-06-25T14:43:38+00:00","og_image":[{"width":1200,"height":1200,"url":"https:\/\/tecplan.com.gt\/wp-content\/uploads\/2023\/03\/Radio-Portatil-EP350MX-Analogico-UHF-2.jpg","type":"image\/jpeg"}],"twitter_card":"summary_large_image","schema":{"@context":"https:\/\/schema.org","@graph":[{"@type":"WebPage","@id":"https:\/\/tecplan.com.gt\/producto\/radio-motorola-ep350-mx-analogico-lah03rdh8ab7an-uhf-435-480-mhz-con-pantalla-y-teclado-reducido\/","url":"https:\/\/tecplan.com.gt\/producto\/radio-motorola-ep350-mx-analogico-lah03rdh8ab7an-uhf-435-480-mhz-con-pantalla-y-teclado-reducido\/","name":"Radio Motorola EP350 MX Anal\u00f3gico LAH03RDH8AB7AN UHF 435-480 MHz con pantalla y teclado reducido -","isPartOf":{"@id":"https:\/\/tecplan.com.gt\/#website"},"primaryImageOfPage":{"@id":"https:\/\/tecplan.com.gt\/producto\/radio-motorola-ep350-mx-analogico-lah03rdh8ab7an-uhf-435-480-mhz-con-pantalla-y-teclado-reducido\/#primaryimage"},"image":{"@id":"https:\/\/tecplan.com.gt\/producto\/radio-motorola-ep350-mx-analogico-lah03rdh8ab7an-uhf-435-480-mhz-con-pantalla-y-teclado-reducido\/#primaryimage"},"thumbnailUrl":"\/wp-content\/uploads\/2023\/03\/Radio-Portatil-EP350MX-Analogico-UHF-2.jpg","datePublished":"2021-10-28T14:10:08+00:00","dateModified":"2023-06-25T14:43:38+00:00","breadcrumb":{"@id":"https:\/\/tecplan.com.gt\/producto\/radio-motorola-ep350-mx-analogico-lah03rdh8ab7an-uhf-435-480-mhz-con-pantalla-y-teclado-reducido\/#breadcrumb"},"inLanguage":"en-US","potentialAction":[{"@type":"ReadAction","target":["https:\/\/tecplan.com.gt\/producto\/radio-motorola-ep350-mx-analogico-lah03rdh8ab7an-uhf-435-480-mhz-con-pantalla-y-teclado-reducido\/"]}]},{"@type":"ImageObject","inLanguage":"en-US","@id":"https:\/\/tecplan.com.gt\/producto\/radio-motorola-ep350-mx-analogico-lah03rdh8ab7an-uhf-435-480-mhz-con-pantalla-y-teclado-reducido\/#primaryimage","url":"\/wp-content\/uploads\/2023\/03\/Radio-Portatil-EP350MX-Analogico-UHF-2.jpg","contentUrl":"\/wp-content\/uploads\/2023\/03\/Radio-Portatil-EP350MX-Analogico-UHF-2.jpg","width":1200,"height":1200},{"@type":"BreadcrumbList","@id":"https:\/\/tecplan.com.gt\/producto\/radio-motorola-ep350-mx-analogico-lah03rdh8ab7an-uhf-435-480-mhz-con-pantalla-y-teclado-reducido\/#breadcrumb","itemListElement":[{"@type":"ListItem","position":1,"name":"Portada","item":"https:\/\/tecplan.com.gt\/"},{"@type":"ListItem","position":2,"name":"Productos","item":"https:\/\/tecplan.com.gt\/shop\/"},{"@type":"ListItem","position":3,"name":"Radio Motorola EP350 MX Anal\u00f3gico LAH03RDH8AB7AN UHF 435-480 MHz con pantalla y teclado reducido"}]},{"@type":"WebSite","@id":"https:\/\/tecplan.com.gt\/#website","url":"https:\/\/tecplan.com.gt\/","name":"Tecplan Argentina","description":"Tecnolog\u00edas y equipos de telecomunicaciones","publisher":{"@id":"https:\/\/tecplan.com.gt\/#organization"},"potentialAction":[{"@type":"SearchAction","target":{"@type":"EntryPoint","urlTemplate":"https:\/\/tecplan.com.gt\/?s={search_term_string}"},"query-input":{"@type":"PropertyValueSpecification","valueRequired":true,"valueName":"search_term_string"}}],"inLanguage":"en-US"},{"@type":"Organization","@id":"https:\/\/tecplan.com.gt\/#organization","name":"Tecplan Argentina","url":"https:\/\/tecplan.com.gt\/","logo":{"@type":"ImageObject","inLanguage":"en-US","@id":"https:\/\/tecplan.com.gt\/#\/schema\/logo\/image\/","url":"\/wp-content\/uploads\/2023\/03\/logo-tecplan.gif","contentUrl":"\/wp-content\/uploads\/2023\/03\/logo-tecplan.gif","width":1920,"height":486,"caption":"Tecplan Argentina"},"image":{"@id":"https:\/\/tecplan.com.gt\/#\/schema\/logo\/image\/"}}]}},"_links":{"self":[{"href":"https:\/\/tecplan.com.gt\/en\/wp-json\/wp\/v2\/product\/2277"}],"collection":[{"href":"https:\/\/tecplan.com.gt\/en\/wp-json\/wp\/v2\/product"}],"about":[{"href":"https:\/\/tecplan.com.gt\/en\/wp-json\/wp\/v2\/types\/product"}],"replies":[{"embeddable":true,"href":"https:\/\/tecplan.com.gt\/en\/wp-json\/wp\/v2\/comments?post=2277"}],"version-history":[{"count":0,"href":"https:\/\/tecplan.com.gt\/en\/wp-json\/wp\/v2\/product\/2277\/revisions"}],"wp:featuredmedia":[{"embeddable":true,"href":"https:\/\/tecplan.com.gt\/en\/wp-json\/wp\/v2\/media\/2278"}],"wp:attachment":[{"href":"https:\/\/tecplan.com.gt\/en\/wp-json\/wp\/v2\/media?parent=2277"}],"wp:term":[{"taxonomy":"product_brand","embeddable":true,"href":"https:\/\/tecplan.com.gt\/en\/wp-json\/wp\/v2\/product_brand?post=2277"},{"taxonomy":"product_cat","embeddable":true,"href":"https:\/\/tecplan.com.gt\/en\/wp-json\/wp\/v2\/product_cat?post=2277"},{"taxonomy":"product_tag","embeddable":true,"href":"https:\/\/tecplan.com.gt\/en\/wp-json\/wp\/v2\/product_tag?post=2277"}],"curies":[{"name":"wp","href":"https:\/\/api.w.org\/{rel}","templated":true}]}}