{"id":2279,"date":"2021-10-28T11:19:30","date_gmt":"2021-10-28T14:19:30","guid":{"rendered":"https:\/\/tecplan.com.gt\/?post_type=product&#038;p=2279"},"modified":"2023-06-25T11:00:58","modified_gmt":"2023-06-25T15:00:58","slug":"grandstream-ucm6301-ip-pbx-hasta-500-usu-75-llam-2-salas-video","status":"publish","type":"product","link":"https:\/\/tecplan.com.gt\/en\/product\/grandstream-ucm6301-ip-pbx-hasta-500-usu-75-llam-2-salas-video\/","title":{"rendered":"Grandstream UCM6301 \u2013 IP PBX up to 500 users, 75 calls, 2 video rooms"},"content":{"rendered":"","protected":false},"excerpt":{"rendered":"<p>Grandstream UCM6301 \u2013 IP PBX up to 500 users, 75 calls, 2 video rooms<\/p>\n<p>The UCM6300 Series enables businesses to build powerful and scalable unified communications and collaboration solutions. This IP PBX series provides a platform that unifies all business communications into one centralized network, including voice, video calling, video conferencing, video surveillance, web meetings, data, analytics, mobility, facility access, intercoms, and more. The UCM6300 Series supports up to 3,000 users and includes a built-in video conferencing and web meeting solution that enables employees to connect from desktop, mobile, GVC Series devices, and IP phones. It can be combined with the UCM6300 ecosystem to deliver a hybrid platform that combines the control of an on-premises IP PBX with the remote access of a cloud solution. The UCM6300 ecosystem consists of the Wave web and mobile app, providing a hub for remote collaboration, and UCM RemoteConnect, a cloud-based NAT traversal service to ensure secure remote connections. The UCM6300 Series also offers cloud configuration and management via GDMS and an API for integration with third-party platforms. By offering a high-end unified communications and collaboration solution with a suite of mobility, security, meetings, and collaboration tools, the UCM6300 Series provides a powerful platform for any organization.<\/p>\n<h3>Characteristics<\/h3>\n<ul>\n<li>Zero-Configuration Provisioning of Grandstream SIP Endpoints<\/li>\n<li>Built-in conference and meeting platform; supports desktop endpoints, Wave and SIP applications<\/li>\n<li>Wave browsers for Android, iOS, Chrome and Firefox enable communication with all UCM6300 users and solutions<\/li>\n<li>API available for third-party integrations including CRM and PMS platforms<\/li>\n<li>Advanced security protection with secure boot, unique certificate and random default password to protect calls and accounts<\/li>\n<li>Three Gigabit auto-sensing RJ45 network ports with built-in PoE and NAT router support<\/li>\n<li>Automated NAT firewall traversal service facilitates secure remote connections<\/li>\n<li>Supports full-band Opus voice codec and H.264\/H.263\/H.263\/H.265\/VP8 video codec, jitter resistance up to 50% packet loss<\/li>\n<li>Compatible with GDMS for cloud configuration, management and monitoring<\/li>\n<li>Based on the open source telephony operating system Asterisk* version 16<\/li>\n<\/ul>","protected":false},"featured_media":2280,"comment_status":"open","ping_status":"closed","template":"","meta":{"site-sidebar-layout":"default","site-content-layout":"","ast-site-content-layout":"","site-content-style":"default","site-sidebar-style":"default","ast-global-header-display":"","ast-banner-title-visibility":"","ast-main-header-display":"","ast-hfb-above-header-display":"","ast-hfb-below-header-display":"","ast-hfb-mobile-header-display":"","site-post-title":"","ast-breadcrumbs-content":"","ast-featured-img":"","footer-sml-layout":"","theme-transparent-header-meta":"","adv-header-id-meta":"","stick-header-meta":"","header-above-stick-meta":"","header-main-stick-meta":"","header-below-stick-meta":"","astra-migrate-meta-layouts":"default","ast-page-background-enabled":"default","ast-page-background-meta":{"desktop":{"background-color":"var(--ast-global-color-4)","background-image":"","background-repeat":"repeat","background-position":"center center","background-size":"auto","background-attachment":"scroll","background-type":"","background-media":"","overlay-type":"","overlay-color":"","overlay-opacity":"","overlay-gradient":""},"tablet":{"background-color":"","background-image":"","background-repeat":"repeat","background-position":"center center","background-size":"auto","background-attachment":"scroll","background-type":"","background-media":"","overlay-type":"","overlay-color":"","overlay-opacity":"","overlay-gradient":""},"mobile":{"background-color":"","background-image":"","background-repeat":"repeat","background-position":"center center","background-size":"auto","background-attachment":"scroll","background-type":"","background-media":"","overlay-type":"","overlay-color":"","overlay-opacity":"","overlay-gradient":""}},"ast-content-background-meta":{"desktop":{"background-color":"var(--ast-global-color-5)","background-image":"","background-repeat":"repeat","background-position":"center center","background-size":"auto","background-attachment":"scroll","background-type":"","background-media":"","overlay-type":"","overlay-color":"","overlay-opacity":"","overlay-gradient":""},"tablet":{"background-color":"var(--ast-global-color-5)","background-image":"","background-repeat":"repeat","background-position":"center center","background-size":"auto","background-attachment":"scroll","background-type":"","background-media":"","overlay-type":"","overlay-color":"","overlay-opacity":"","overlay-gradient":""},"mobile":{"background-color":"var(--ast-global-color-5)","background-image":"","background-repeat":"repeat","background-position":"center center","background-size":"auto","background-attachment":"scroll","background-type":"","background-media":"","overlay-type":"","overlay-color":"","overlay-opacity":"","overlay-gradient":""}}},"product_brand":[],"product_cat":[41],"product_tag":[65],"class_list":{"0":"post-2279","1":"product","2":"type-product","3":"status-publish","4":"has-post-thumbnail","6":"product_cat-grandstream","7":"product_tag-grandstream","8":"desktop-align-left","9":"tablet-align-left","10":"mobile-align-left","12":"first","13":"instock","14":"shipping-taxable","15":"product-type-simple"},"yoast_head":"<!-- This site is optimized with the Yoast SEO plugin v24.6 - https:\/\/yoast.com\/wordpress\/plugins\/seo\/ -->\n<title>Grandstream UCM6301 - IP PBX hasta 500 usu. 75 llam. 2 salas v\u00eddeo -<\/title>\n<meta name=\"robots\" content=\"index, follow, max-snippet:-1, max-image-preview:large, max-video-preview:-1\" \/>\n<link rel=\"canonical\" href=\"https:\/\/tecplan.com.gt\/en\/product\/grandstream-ucm6301-ip-pbx-hasta-500-usu-75-llam-2-salas-video\/\" \/>\n<meta property=\"og:locale\" content=\"en_US\" \/>\n<meta property=\"og:type\" content=\"article\" \/>\n<meta property=\"og:title\" content=\"Grandstream UCM6301 - IP PBX hasta 500 usu. 75 llam. 2 salas v\u00eddeo -\" \/>\n<meta property=\"og:description\" content=\"Grandstream UCM6301 - IP PBX hasta 500 usu. 75 llam. 2 salas v\u00eddeo  La serie UCM6300 permite a las empresas crear soluciones de colaboraci\u00f3n y comunicaci\u00f3n unificadas poderosas y escalables.\u00a0Esta serie de IP PBX proporciona una plataforma que unifica todas las comunicaciones comerciales en una red centralizada, que incluye voz, videollamadas, videoconferencias, videovigilancia, reuniones web, datos, an\u00e1lisis, movilidad, acceso a instalaciones, intercomunicadores y m\u00e1s.\u00a0La serie UCM6300 admite hasta 3000 usuarios e incluye una soluci\u00f3n de videoconferencia y reuniones web incorporada que permite a los empleados conectarse desde el escritorio, el m\u00f3vil, los dispositivos de la serie GVC y los tel\u00e9fonos IP.\u00a0Se puede combinar con el ecosistema UCM6300 para ofrecer una plataforma h\u00edbrida que combina el control de un IP PBX en las instalaciones con el acceso remoto de una soluci\u00f3n en la nube.\u00a0El ecosistema UCM6300 consta de la aplicaci\u00f3n Wave para web y dispositivos m\u00f3viles,\u00a0que proporciona un centro para la colaboraci\u00f3n remota, y UCM RemoteConnect, un servicio transversal NAT en la nube para garantizar conexiones remotas seguras.\u00a0La serie UCM6300 tambi\u00e9n ofrece configuraci\u00f3n y administraci\u00f3n en la nube a trav\u00e9s de GDMS y una API para la integraci\u00f3n con plataformas de terceros.\u00a0Al ofrecer una soluci\u00f3n de colaboraci\u00f3n y comunicaciones unificadas de alta gama con un conjunto de herramientas de movilidad, seguridad, reuniones y colaboraci\u00f3n, la serie UCM6300 proporciona una plataforma potente para cualquier organizaci\u00f3n. Caracter\u00edsticas   Aprovisionamiento de configuraci\u00f3n cero de puntos finales Grandstream SIP  Plataforma de conferencias y reuniones incorporada;\u00a0admite terminales de escritorio, aplicaciones Wave y SIP  Los navegadores Wave para Android, iOS, Chrome y Firefox permiten la comunicaci\u00f3n con todos los usuarios y soluciones de UCM6300  API disponible para integraciones de terceros, incluidas las plataformas CRM y PMS  Protecci\u00f3n de seguridad avanzada con arranque seguro, certificado \u00fanico y contrase\u00f1a predeterminada aleatoria para proteger llamadas y cuentas  Tres puertos de red RJ45 de detecci\u00f3n autom\u00e1tica Gigabit con PoE  integrado y enrutador NAT compatible  El servicio transversal de firewall NAT automatizado facilita las conexiones remotas seguras  Admite c\u00f3dec de voz Opus de banda completa y c\u00f3dec de video H.264 \/ H.263 \/ H.263  \/ H.265 \/ VP8, resistencia a la fluctuaci\u00f3n de fase hasta un 50% de p\u00e9rdida de paquetes  Compatible con GDMS para configuraci\u00f3n, administraci\u00f3n y monitoreo en la nube  Basado en el sistema operativo de telefon\u00eda de c\u00f3digo abierto Asterisk * versi\u00f3n 16\" \/>\n<meta property=\"og:url\" content=\"https:\/\/tecplan.com.gt\/en\/product\/grandstream-ucm6301-ip-pbx-hasta-500-usu-75-llam-2-salas-video\/\" \/>\n<meta property=\"article:modified_time\" content=\"2023-06-25T15:00:58+00:00\" \/>\n<meta property=\"og:image\" content=\"https:\/\/tecplan.com.gt\/wp-content\/uploads\/2023\/03\/grandstream-ucm6301-ip-pbx-hasta-500-usu-75-llam-2-salas-video.jpg\" \/>\n\t<meta property=\"og:image:width\" content=\"910\" \/>\n\t<meta property=\"og:image:height\" content=\"1080\" \/>\n\t<meta property=\"og:image:type\" content=\"image\/jpeg\" \/>\n<meta name=\"twitter:card\" content=\"summary_large_image\" \/>\n<script type=\"application\/ld+json\" class=\"yoast-schema-graph\">{\"@context\":\"https:\/\/schema.org\",\"@graph\":[{\"@type\":\"WebPage\",\"@id\":\"https:\/\/tecplan.com.gt\/producto\/grandstream-ucm6301-ip-pbx-hasta-500-usu-75-llam-2-salas-video\/\",\"url\":\"https:\/\/tecplan.com.gt\/producto\/grandstream-ucm6301-ip-pbx-hasta-500-usu-75-llam-2-salas-video\/\",\"name\":\"Grandstream UCM6301 - IP PBX hasta 500 usu. 75 llam. 2 salas v\u00eddeo -\",\"isPartOf\":{\"@id\":\"https:\/\/tecplan.com.gt\/#website\"},\"primaryImageOfPage\":{\"@id\":\"https:\/\/tecplan.com.gt\/producto\/grandstream-ucm6301-ip-pbx-hasta-500-usu-75-llam-2-salas-video\/#primaryimage\"},\"image\":{\"@id\":\"https:\/\/tecplan.com.gt\/producto\/grandstream-ucm6301-ip-pbx-hasta-500-usu-75-llam-2-salas-video\/#primaryimage\"},\"thumbnailUrl\":\"\/wp-content\/uploads\/2023\/03\/grandstream-ucm6301-ip-pbx-hasta-500-usu-75-llam-2-salas-video.jpg\",\"datePublished\":\"2021-10-28T14:19:30+00:00\",\"dateModified\":\"2023-06-25T15:00:58+00:00\",\"breadcrumb\":{\"@id\":\"https:\/\/tecplan.com.gt\/producto\/grandstream-ucm6301-ip-pbx-hasta-500-usu-75-llam-2-salas-video\/#breadcrumb\"},\"inLanguage\":\"en-US\",\"potentialAction\":[{\"@type\":\"ReadAction\",\"target\":[\"https:\/\/tecplan.com.gt\/producto\/grandstream-ucm6301-ip-pbx-hasta-500-usu-75-llam-2-salas-video\/\"]}]},{\"@type\":\"ImageObject\",\"inLanguage\":\"en-US\",\"@id\":\"https:\/\/tecplan.com.gt\/producto\/grandstream-ucm6301-ip-pbx-hasta-500-usu-75-llam-2-salas-video\/#primaryimage\",\"url\":\"\/wp-content\/uploads\/2023\/03\/grandstream-ucm6301-ip-pbx-hasta-500-usu-75-llam-2-salas-video.jpg\",\"contentUrl\":\"\/wp-content\/uploads\/2023\/03\/grandstream-ucm6301-ip-pbx-hasta-500-usu-75-llam-2-salas-video.jpg\",\"width\":910,\"height\":1080},{\"@type\":\"BreadcrumbList\",\"@id\":\"https:\/\/tecplan.com.gt\/producto\/grandstream-ucm6301-ip-pbx-hasta-500-usu-75-llam-2-salas-video\/#breadcrumb\",\"itemListElement\":[{\"@type\":\"ListItem\",\"position\":1,\"name\":\"Portada\",\"item\":\"https:\/\/tecplan.com.gt\/\"},{\"@type\":\"ListItem\",\"position\":2,\"name\":\"Productos\",\"item\":\"https:\/\/tecplan.com.gt\/shop\/\"},{\"@type\":\"ListItem\",\"position\":3,\"name\":\"Grandstream UCM6301 &#8211; IP PBX hasta 500 usu. 75 llam. 2 salas v\u00eddeo\"}]},{\"@type\":\"WebSite\",\"@id\":\"https:\/\/tecplan.com.gt\/#website\",\"url\":\"https:\/\/tecplan.com.gt\/\",\"name\":\"Tecplan Argentina\",\"description\":\"Tecnolog\u00edas y equipos de telecomunicaciones\",\"publisher\":{\"@id\":\"https:\/\/tecplan.com.gt\/#organization\"},\"potentialAction\":[{\"@type\":\"SearchAction\",\"target\":{\"@type\":\"EntryPoint\",\"urlTemplate\":\"https:\/\/tecplan.com.gt\/?s={search_term_string}\"},\"query-input\":{\"@type\":\"PropertyValueSpecification\",\"valueRequired\":true,\"valueName\":\"search_term_string\"}}],\"inLanguage\":\"en-US\"},{\"@type\":\"Organization\",\"@id\":\"https:\/\/tecplan.com.gt\/#organization\",\"name\":\"Tecplan Argentina\",\"url\":\"https:\/\/tecplan.com.gt\/\",\"logo\":{\"@type\":\"ImageObject\",\"inLanguage\":\"en-US\",\"@id\":\"https:\/\/tecplan.com.gt\/#\/schema\/logo\/image\/\",\"url\":\"\/wp-content\/uploads\/2023\/03\/logo-tecplan.gif\",\"contentUrl\":\"\/wp-content\/uploads\/2023\/03\/logo-tecplan.gif\",\"width\":1920,\"height\":486,\"caption\":\"Tecplan Argentina\"},\"image\":{\"@id\":\"https:\/\/tecplan.com.gt\/#\/schema\/logo\/image\/\"}}]}<\/script>\n<!-- \/ Yoast SEO plugin. -->","yoast_head_json":{"title":"Grandstream UCM6301 - IP PBX hasta 500 usu. 75 llam. 2 salas v\u00eddeo -","robots":{"index":"index","follow":"follow","max-snippet":"max-snippet:-1","max-image-preview":"max-image-preview:large","max-video-preview":"max-video-preview:-1"},"canonical":"https:\/\/tecplan.com.gt\/en\/product\/grandstream-ucm6301-ip-pbx-hasta-500-usu-75-llam-2-salas-video\/","og_locale":"en_US","og_type":"article","og_title":"Grandstream UCM6301 - IP PBX hasta 500 usu. 75 llam. 2 salas v\u00eddeo -","og_description":"Grandstream UCM6301 - IP PBX hasta 500 usu. 75 llam. 2 salas v\u00eddeo  La serie UCM6300 permite a las empresas crear soluciones de colaboraci\u00f3n y comunicaci\u00f3n unificadas poderosas y escalables.\u00a0Esta serie de IP PBX proporciona una plataforma que unifica todas las comunicaciones comerciales en una red centralizada, que incluye voz, videollamadas, videoconferencias, videovigilancia, reuniones web, datos, an\u00e1lisis, movilidad, acceso a instalaciones, intercomunicadores y m\u00e1s.\u00a0La serie UCM6300 admite hasta 3000 usuarios e incluye una soluci\u00f3n de videoconferencia y reuniones web incorporada que permite a los empleados conectarse desde el escritorio, el m\u00f3vil, los dispositivos de la serie GVC y los tel\u00e9fonos IP.\u00a0Se puede combinar con el ecosistema UCM6300 para ofrecer una plataforma h\u00edbrida que combina el control de un IP PBX en las instalaciones con el acceso remoto de una soluci\u00f3n en la nube.\u00a0El ecosistema UCM6300 consta de la aplicaci\u00f3n Wave para web y dispositivos m\u00f3viles,\u00a0que proporciona un centro para la colaboraci\u00f3n remota, y UCM RemoteConnect, un servicio transversal NAT en la nube para garantizar conexiones remotas seguras.\u00a0La serie UCM6300 tambi\u00e9n ofrece configuraci\u00f3n y administraci\u00f3n en la nube a trav\u00e9s de GDMS y una API para la integraci\u00f3n con plataformas de terceros.\u00a0Al ofrecer una soluci\u00f3n de colaboraci\u00f3n y comunicaciones unificadas de alta gama con un conjunto de herramientas de movilidad, seguridad, reuniones y colaboraci\u00f3n, la serie UCM6300 proporciona una plataforma potente para cualquier organizaci\u00f3n. Caracter\u00edsticas   Aprovisionamiento de configuraci\u00f3n cero de puntos finales Grandstream SIP  Plataforma de conferencias y reuniones incorporada;\u00a0admite terminales de escritorio, aplicaciones Wave y SIP  Los navegadores Wave para Android, iOS, Chrome y Firefox permiten la comunicaci\u00f3n con todos los usuarios y soluciones de UCM6300  API disponible para integraciones de terceros, incluidas las plataformas CRM y PMS  Protecci\u00f3n de seguridad avanzada con arranque seguro, certificado \u00fanico y contrase\u00f1a predeterminada aleatoria para proteger llamadas y cuentas  Tres puertos de red RJ45 de detecci\u00f3n autom\u00e1tica Gigabit con PoE  integrado y enrutador NAT compatible  El servicio transversal de firewall NAT automatizado facilita las conexiones remotas seguras  Admite c\u00f3dec de voz Opus de banda completa y c\u00f3dec de video H.264 \/ H.263 \/ H.263  \/ H.265 \/ VP8, resistencia a la fluctuaci\u00f3n de fase hasta un 50% de p\u00e9rdida de paquetes  Compatible con GDMS para configuraci\u00f3n, administraci\u00f3n y monitoreo en la nube  Basado en el sistema operativo de telefon\u00eda de c\u00f3digo abierto Asterisk * versi\u00f3n 16","og_url":"https:\/\/tecplan.com.gt\/en\/product\/grandstream-ucm6301-ip-pbx-hasta-500-usu-75-llam-2-salas-video\/","article_modified_time":"2023-06-25T15:00:58+00:00","og_image":[{"width":910,"height":1080,"url":"https:\/\/tecplan.com.gt\/wp-content\/uploads\/2023\/03\/grandstream-ucm6301-ip-pbx-hasta-500-usu-75-llam-2-salas-video.jpg","type":"image\/jpeg"}],"twitter_card":"summary_large_image","schema":{"@context":"https:\/\/schema.org","@graph":[{"@type":"WebPage","@id":"https:\/\/tecplan.com.gt\/producto\/grandstream-ucm6301-ip-pbx-hasta-500-usu-75-llam-2-salas-video\/","url":"https:\/\/tecplan.com.gt\/producto\/grandstream-ucm6301-ip-pbx-hasta-500-usu-75-llam-2-salas-video\/","name":"Grandstream UCM6301 - IP PBX hasta 500 usu. 75 llam. 2 salas v\u00eddeo -","isPartOf":{"@id":"https:\/\/tecplan.com.gt\/#website"},"primaryImageOfPage":{"@id":"https:\/\/tecplan.com.gt\/producto\/grandstream-ucm6301-ip-pbx-hasta-500-usu-75-llam-2-salas-video\/#primaryimage"},"image":{"@id":"https:\/\/tecplan.com.gt\/producto\/grandstream-ucm6301-ip-pbx-hasta-500-usu-75-llam-2-salas-video\/#primaryimage"},"thumbnailUrl":"\/wp-content\/uploads\/2023\/03\/grandstream-ucm6301-ip-pbx-hasta-500-usu-75-llam-2-salas-video.jpg","datePublished":"2021-10-28T14:19:30+00:00","dateModified":"2023-06-25T15:00:58+00:00","breadcrumb":{"@id":"https:\/\/tecplan.com.gt\/producto\/grandstream-ucm6301-ip-pbx-hasta-500-usu-75-llam-2-salas-video\/#breadcrumb"},"inLanguage":"en-US","potentialAction":[{"@type":"ReadAction","target":["https:\/\/tecplan.com.gt\/producto\/grandstream-ucm6301-ip-pbx-hasta-500-usu-75-llam-2-salas-video\/"]}]},{"@type":"ImageObject","inLanguage":"en-US","@id":"https:\/\/tecplan.com.gt\/producto\/grandstream-ucm6301-ip-pbx-hasta-500-usu-75-llam-2-salas-video\/#primaryimage","url":"\/wp-content\/uploads\/2023\/03\/grandstream-ucm6301-ip-pbx-hasta-500-usu-75-llam-2-salas-video.jpg","contentUrl":"\/wp-content\/uploads\/2023\/03\/grandstream-ucm6301-ip-pbx-hasta-500-usu-75-llam-2-salas-video.jpg","width":910,"height":1080},{"@type":"BreadcrumbList","@id":"https:\/\/tecplan.com.gt\/producto\/grandstream-ucm6301-ip-pbx-hasta-500-usu-75-llam-2-salas-video\/#breadcrumb","itemListElement":[{"@type":"ListItem","position":1,"name":"Portada","item":"https:\/\/tecplan.com.gt\/"},{"@type":"ListItem","position":2,"name":"Productos","item":"https:\/\/tecplan.com.gt\/shop\/"},{"@type":"ListItem","position":3,"name":"Grandstream UCM6301 &#8211; IP PBX hasta 500 usu. 75 llam. 2 salas v\u00eddeo"}]},{"@type":"WebSite","@id":"https:\/\/tecplan.com.gt\/#website","url":"https:\/\/tecplan.com.gt\/","name":"Tecplan Argentina","description":"Tecnolog\u00edas y equipos de telecomunicaciones","publisher":{"@id":"https:\/\/tecplan.com.gt\/#organization"},"potentialAction":[{"@type":"SearchAction","target":{"@type":"EntryPoint","urlTemplate":"https:\/\/tecplan.com.gt\/?s={search_term_string}"},"query-input":{"@type":"PropertyValueSpecification","valueRequired":true,"valueName":"search_term_string"}}],"inLanguage":"en-US"},{"@type":"Organization","@id":"https:\/\/tecplan.com.gt\/#organization","name":"Tecplan Argentina","url":"https:\/\/tecplan.com.gt\/","logo":{"@type":"ImageObject","inLanguage":"en-US","@id":"https:\/\/tecplan.com.gt\/#\/schema\/logo\/image\/","url":"\/wp-content\/uploads\/2023\/03\/logo-tecplan.gif","contentUrl":"\/wp-content\/uploads\/2023\/03\/logo-tecplan.gif","width":1920,"height":486,"caption":"Tecplan Argentina"},"image":{"@id":"https:\/\/tecplan.com.gt\/#\/schema\/logo\/image\/"}}]}},"_links":{"self":[{"href":"https:\/\/tecplan.com.gt\/en\/wp-json\/wp\/v2\/product\/2279"}],"collection":[{"href":"https:\/\/tecplan.com.gt\/en\/wp-json\/wp\/v2\/product"}],"about":[{"href":"https:\/\/tecplan.com.gt\/en\/wp-json\/wp\/v2\/types\/product"}],"replies":[{"embeddable":true,"href":"https:\/\/tecplan.com.gt\/en\/wp-json\/wp\/v2\/comments?post=2279"}],"version-history":[{"count":0,"href":"https:\/\/tecplan.com.gt\/en\/wp-json\/wp\/v2\/product\/2279\/revisions"}],"wp:featuredmedia":[{"embeddable":true,"href":"https:\/\/tecplan.com.gt\/en\/wp-json\/wp\/v2\/media\/2280"}],"wp:attachment":[{"href":"https:\/\/tecplan.com.gt\/en\/wp-json\/wp\/v2\/media?parent=2279"}],"wp:term":[{"taxonomy":"product_brand","embeddable":true,"href":"https:\/\/tecplan.com.gt\/en\/wp-json\/wp\/v2\/product_brand?post=2279"},{"taxonomy":"product_cat","embeddable":true,"href":"https:\/\/tecplan.com.gt\/en\/wp-json\/wp\/v2\/product_cat?post=2279"},{"taxonomy":"product_tag","embeddable":true,"href":"https:\/\/tecplan.com.gt\/en\/wp-json\/wp\/v2\/product_tag?post=2279"}],"curies":[{"name":"wp","href":"https:\/\/api.w.org\/{rel}","templated":true}]}}