{"id":2281,"date":"2021-10-28T11:23:40","date_gmt":"2021-10-28T14:23:40","guid":{"rendered":"https:\/\/tecplan.com.gt\/?post_type=product&#038;p=2281"},"modified":"2024-01-23T14:37:05","modified_gmt":"2024-01-23T17:37:05","slug":"expandir-grandstream-grp2601p-terminal-ip-grp2601p-2-cuentas-sip-con-poe","status":"publish","type":"product","link":"https:\/\/tecplan.com.gt\/en\/product\/expandir-grandstream-grp2601p-terminal-ip-grp2601p-2-cuentas-sip-con-poe\/","title":{"rendered":"Grandstream GRP2601P \u2013 GRP2601P IP Terminal 2 SIP accounts with PoE"},"content":{"rendered":"","protected":false},"excerpt":{"rendered":"<p>Grandstream GRP2601P \u2013 GRP2601P IP Terminal 2 SIP accounts with PoE<\/p>\n<p>As part of the GRP Series of carrier-grade IP phones, the GRP2601 is an essential 2-line model designed with zero-touch provisioning for mass deployment and easy management. It features a sleek design and a next-generation feature set including 5-way voice conferencing to maximize productivity, integrated PoE (GRP2601P), EHS support for Plantronics, Jabra, and Sennheiser headsets, and multi-language support. The GRP Series includes carrier-grade security features to provide enterprise-grade security including secure boot, dual firmware images, and encrypted data storage. For cloud provisioning and centralized management, the GRP2601 is compatible with Grandstream\u2019s Device Management System (GDMS), which provides a centralized interface to configure, provision, manage, and monitor Grandstream endpoint deployments.<\/p>\n<ul>\n<li>2 SIP accounts, 2 lines<\/li>\n<li>GDMS Online Device Management and Provisioning<\/li>\n<li>5-way audio conferencing for simple conferences<\/li>\n<li>Equipped with noise protection technology to minimize background noise<\/li>\n<li>Electronic Hook Switch (EHS) support for Plantronics, Jabra and Sennheiser headsets<\/li>\n<li>The GRP2601P includes built-in PoE to power the device and give it a network connection<\/li>\n<li>Enterprise-grade protection including secure boot, dual firmware images, and encrypted data storage<\/li>\n<\/ul>","protected":false},"featured_media":6222,"comment_status":"open","ping_status":"closed","template":"","meta":{"site-sidebar-layout":"default","site-content-layout":"","ast-site-content-layout":"default","site-content-style":"default","site-sidebar-style":"default","ast-global-header-display":"","ast-banner-title-visibility":"","ast-main-header-display":"","ast-hfb-above-header-display":"","ast-hfb-below-header-display":"","ast-hfb-mobile-header-display":"","site-post-title":"","ast-breadcrumbs-content":"","ast-featured-img":"","footer-sml-layout":"","theme-transparent-header-meta":"default","adv-header-id-meta":"","stick-header-meta":"","header-above-stick-meta":"","header-main-stick-meta":"","header-below-stick-meta":"","astra-migrate-meta-layouts":"set","ast-page-background-enabled":"default","ast-page-background-meta":{"desktop":{"background-color":"var(--ast-global-color-4)","background-image":"","background-repeat":"repeat","background-position":"center center","background-size":"auto","background-attachment":"scroll","background-type":"","background-media":"","overlay-type":"","overlay-color":"","overlay-opacity":"","overlay-gradient":""},"tablet":{"background-color":"","background-image":"","background-repeat":"repeat","background-position":"center center","background-size":"auto","background-attachment":"scroll","background-type":"","background-media":"","overlay-type":"","overlay-color":"","overlay-opacity":"","overlay-gradient":""},"mobile":{"background-color":"","background-image":"","background-repeat":"repeat","background-position":"center center","background-size":"auto","background-attachment":"scroll","background-type":"","background-media":"","overlay-type":"","overlay-color":"","overlay-opacity":"","overlay-gradient":""}},"ast-content-background-meta":{"desktop":{"background-color":"var(--ast-global-color-5)","background-image":"","background-repeat":"repeat","background-position":"center center","background-size":"auto","background-attachment":"scroll","background-type":"","background-media":"","overlay-type":"","overlay-color":"","overlay-opacity":"","overlay-gradient":""},"tablet":{"background-color":"var(--ast-global-color-5)","background-image":"","background-repeat":"repeat","background-position":"center center","background-size":"auto","background-attachment":"scroll","background-type":"","background-media":"","overlay-type":"","overlay-color":"","overlay-opacity":"","overlay-gradient":""},"mobile":{"background-color":"var(--ast-global-color-5)","background-image":"","background-repeat":"repeat","background-position":"center center","background-size":"auto","background-attachment":"scroll","background-type":"","background-media":"","overlay-type":"","overlay-color":"","overlay-opacity":"","overlay-gradient":""}}},"product_brand":[],"product_cat":[41],"product_tag":[65],"class_list":{"0":"post-2281","1":"product","2":"type-product","3":"status-publish","4":"has-post-thumbnail","6":"product_cat-grandstream","7":"product_tag-grandstream","8":"desktop-align-left","9":"tablet-align-left","10":"mobile-align-left","12":"first","13":"instock","14":"shipping-taxable","15":"product-type-simple"},"yoast_head":"<!-- This site is optimized with the Yoast SEO plugin v24.6 - https:\/\/yoast.com\/wordpress\/plugins\/seo\/ -->\n<title>Grandstream GRP2601P - Terminal IP GRP2601P 2 cuentas SIP con PoE -<\/title>\n<meta name=\"robots\" content=\"index, follow, max-snippet:-1, max-image-preview:large, max-video-preview:-1\" \/>\n<link rel=\"canonical\" href=\"https:\/\/tecplan.com.gt\/en\/product\/expandir-grandstream-grp2601p-terminal-ip-grp2601p-2-cuentas-sip-con-poe\/\" \/>\n<meta property=\"og:locale\" content=\"en_US\" \/>\n<meta property=\"og:type\" content=\"article\" \/>\n<meta property=\"og:title\" content=\"Grandstream GRP2601P - Terminal IP GRP2601P 2 cuentas SIP con PoE -\" \/>\n<meta property=\"og:description\" content=\"Grandstream GRP2601P - Terminal IP GRP2601P 2 cuentas SIP con PoE  Como parte de la serie GRP de tel\u00e9fonos IP de nivel de operador, el GRP2601 es un modelo esencial de 2 l\u00edneas dise\u00f1ado con aprovisionamiento sin intervenci\u00f3n para una implementaci\u00f3n masiva y una gesti\u00f3n sencilla.\u00a0Cuenta con un dise\u00f1o elegante y un conjunto de funciones de pr\u00f3xima generaci\u00f3n que incluyen conferencias de voz de 5 v\u00edas para maximizar la productividad, PoE integrado (GRP2601P), compatibilidad con EHS para auriculares Plantronics, Jabra y Sennheiser y compatibilidad con varios idiomas.\u00a0La serie GRP incluye funciones de seguridad de nivel de operador para brindar seguridad de nivel empresarial, incluido un arranque seguro, im\u00e1genes de firmware dual y almacenamiento de datos cifrados.\u00a0Para el aprovisionamiento en la nube y la administraci\u00f3n centralizada, el GRP2601 es compatible con el Sistema de administraci\u00f3n de dispositivos (GDMS) de Grandstream, que proporciona una interfaz centralizada para configurar, aprovisionar, administrar y monitorear las implementaciones de los terminales de Grandstream.   2 cuentas SIP, 2 l\u00edneas  Administraci\u00f3n y aprovisionamiento de dispositivos en l\u00ednea de GDMS  Audioconferencia de 5 v\u00edas para conferencias sencillas  Equipado con tecnolog\u00eda de protecci\u00f3n contra ruido para minimizar el ruido de fondo  Compatibilidad con Electronic Hook Switch (EHS) para auriculares Plantronics, Jabra y Sennheiser  El GRP2601P incluye PoE incorporado para alimentar el dispositivo y darle una conexi\u00f3n de red  Protecci\u00f3n de nivel empresarial que incluye arranque seguro, im\u00e1genes de firmware dual y almacenamiento de datos cifrados\" \/>\n<meta property=\"og:url\" content=\"https:\/\/tecplan.com.gt\/en\/product\/expandir-grandstream-grp2601p-terminal-ip-grp2601p-2-cuentas-sip-con-poe\/\" \/>\n<meta property=\"article:modified_time\" content=\"2024-01-23T17:37:05+00:00\" \/>\n<meta property=\"og:image\" content=\"https:\/\/tecplan.com.gt\/wp-content\/uploads\/2021\/10\/Grandstream-GRP2601P-02.jpg\" \/>\n\t<meta property=\"og:image:width\" content=\"2000\" \/>\n\t<meta property=\"og:image:height\" content=\"2000\" \/>\n\t<meta property=\"og:image:type\" content=\"image\/jpeg\" \/>\n<meta name=\"twitter:card\" content=\"summary_large_image\" \/>\n<meta name=\"twitter:label1\" content=\"Est. reading time\" \/>\n\t<meta name=\"twitter:data1\" content=\"1 minute\" \/>\n<script type=\"application\/ld+json\" class=\"yoast-schema-graph\">{\"@context\":\"https:\/\/schema.org\",\"@graph\":[{\"@type\":\"WebPage\",\"@id\":\"https:\/\/tecplan.com.gt\/producto\/expandir-grandstream-grp2601p-terminal-ip-grp2601p-2-cuentas-sip-con-poe\/\",\"url\":\"https:\/\/tecplan.com.gt\/producto\/expandir-grandstream-grp2601p-terminal-ip-grp2601p-2-cuentas-sip-con-poe\/\",\"name\":\"Grandstream GRP2601P - Terminal IP GRP2601P 2 cuentas SIP con PoE -\",\"isPartOf\":{\"@id\":\"https:\/\/tecplan.com.gt\/#website\"},\"primaryImageOfPage\":{\"@id\":\"https:\/\/tecplan.com.gt\/producto\/expandir-grandstream-grp2601p-terminal-ip-grp2601p-2-cuentas-sip-con-poe\/#primaryimage\"},\"image\":{\"@id\":\"https:\/\/tecplan.com.gt\/producto\/expandir-grandstream-grp2601p-terminal-ip-grp2601p-2-cuentas-sip-con-poe\/#primaryimage\"},\"thumbnailUrl\":\"\/wp-content\/uploads\/2021\/10\/Grandstream-GRP2601P-02.jpg\",\"datePublished\":\"2021-10-28T14:23:40+00:00\",\"dateModified\":\"2024-01-23T17:37:05+00:00\",\"breadcrumb\":{\"@id\":\"https:\/\/tecplan.com.gt\/producto\/expandir-grandstream-grp2601p-terminal-ip-grp2601p-2-cuentas-sip-con-poe\/#breadcrumb\"},\"inLanguage\":\"en-US\",\"potentialAction\":[{\"@type\":\"ReadAction\",\"target\":[\"https:\/\/tecplan.com.gt\/producto\/expandir-grandstream-grp2601p-terminal-ip-grp2601p-2-cuentas-sip-con-poe\/\"]}]},{\"@type\":\"ImageObject\",\"inLanguage\":\"en-US\",\"@id\":\"https:\/\/tecplan.com.gt\/producto\/expandir-grandstream-grp2601p-terminal-ip-grp2601p-2-cuentas-sip-con-poe\/#primaryimage\",\"url\":\"\/wp-content\/uploads\/2021\/10\/Grandstream-GRP2601P-02.jpg\",\"contentUrl\":\"\/wp-content\/uploads\/2021\/10\/Grandstream-GRP2601P-02.jpg\",\"width\":2000,\"height\":2000},{\"@type\":\"BreadcrumbList\",\"@id\":\"https:\/\/tecplan.com.gt\/producto\/expandir-grandstream-grp2601p-terminal-ip-grp2601p-2-cuentas-sip-con-poe\/#breadcrumb\",\"itemListElement\":[{\"@type\":\"ListItem\",\"position\":1,\"name\":\"Portada\",\"item\":\"https:\/\/tecplan.com.gt\/\"},{\"@type\":\"ListItem\",\"position\":2,\"name\":\"Productos\",\"item\":\"https:\/\/tecplan.com.gt\/shop\/\"},{\"@type\":\"ListItem\",\"position\":3,\"name\":\"Grandstream GRP2601P &#8211; Terminal IP GRP2601P 2 cuentas SIP con PoE\"}]},{\"@type\":\"WebSite\",\"@id\":\"https:\/\/tecplan.com.gt\/#website\",\"url\":\"https:\/\/tecplan.com.gt\/\",\"name\":\"Tecplan Argentina\",\"description\":\"Tecnolog\u00edas y equipos de telecomunicaciones\",\"publisher\":{\"@id\":\"https:\/\/tecplan.com.gt\/#organization\"},\"potentialAction\":[{\"@type\":\"SearchAction\",\"target\":{\"@type\":\"EntryPoint\",\"urlTemplate\":\"https:\/\/tecplan.com.gt\/?s={search_term_string}\"},\"query-input\":{\"@type\":\"PropertyValueSpecification\",\"valueRequired\":true,\"valueName\":\"search_term_string\"}}],\"inLanguage\":\"en-US\"},{\"@type\":\"Organization\",\"@id\":\"https:\/\/tecplan.com.gt\/#organization\",\"name\":\"Tecplan Argentina\",\"url\":\"https:\/\/tecplan.com.gt\/\",\"logo\":{\"@type\":\"ImageObject\",\"inLanguage\":\"en-US\",\"@id\":\"https:\/\/tecplan.com.gt\/#\/schema\/logo\/image\/\",\"url\":\"\/wp-content\/uploads\/2023\/03\/logo-tecplan.gif\",\"contentUrl\":\"\/wp-content\/uploads\/2023\/03\/logo-tecplan.gif\",\"width\":1920,\"height\":486,\"caption\":\"Tecplan Argentina\"},\"image\":{\"@id\":\"https:\/\/tecplan.com.gt\/#\/schema\/logo\/image\/\"}}]}<\/script>\n<!-- \/ Yoast SEO plugin. -->","yoast_head_json":{"title":"Grandstream GRP2601P - Terminal IP GRP2601P 2 cuentas SIP con PoE -","robots":{"index":"index","follow":"follow","max-snippet":"max-snippet:-1","max-image-preview":"max-image-preview:large","max-video-preview":"max-video-preview:-1"},"canonical":"https:\/\/tecplan.com.gt\/en\/product\/expandir-grandstream-grp2601p-terminal-ip-grp2601p-2-cuentas-sip-con-poe\/","og_locale":"en_US","og_type":"article","og_title":"Grandstream GRP2601P - Terminal IP GRP2601P 2 cuentas SIP con PoE -","og_description":"Grandstream GRP2601P - Terminal IP GRP2601P 2 cuentas SIP con PoE  Como parte de la serie GRP de tel\u00e9fonos IP de nivel de operador, el GRP2601 es un modelo esencial de 2 l\u00edneas dise\u00f1ado con aprovisionamiento sin intervenci\u00f3n para una implementaci\u00f3n masiva y una gesti\u00f3n sencilla.\u00a0Cuenta con un dise\u00f1o elegante y un conjunto de funciones de pr\u00f3xima generaci\u00f3n que incluyen conferencias de voz de 5 v\u00edas para maximizar la productividad, PoE integrado (GRP2601P), compatibilidad con EHS para auriculares Plantronics, Jabra y Sennheiser y compatibilidad con varios idiomas.\u00a0La serie GRP incluye funciones de seguridad de nivel de operador para brindar seguridad de nivel empresarial, incluido un arranque seguro, im\u00e1genes de firmware dual y almacenamiento de datos cifrados.\u00a0Para el aprovisionamiento en la nube y la administraci\u00f3n centralizada, el GRP2601 es compatible con el Sistema de administraci\u00f3n de dispositivos (GDMS) de Grandstream, que proporciona una interfaz centralizada para configurar, aprovisionar, administrar y monitorear las implementaciones de los terminales de Grandstream.   2 cuentas SIP, 2 l\u00edneas  Administraci\u00f3n y aprovisionamiento de dispositivos en l\u00ednea de GDMS  Audioconferencia de 5 v\u00edas para conferencias sencillas  Equipado con tecnolog\u00eda de protecci\u00f3n contra ruido para minimizar el ruido de fondo  Compatibilidad con Electronic Hook Switch (EHS) para auriculares Plantronics, Jabra y Sennheiser  El GRP2601P incluye PoE incorporado para alimentar el dispositivo y darle una conexi\u00f3n de red  Protecci\u00f3n de nivel empresarial que incluye arranque seguro, im\u00e1genes de firmware dual y almacenamiento de datos cifrados","og_url":"https:\/\/tecplan.com.gt\/en\/product\/expandir-grandstream-grp2601p-terminal-ip-grp2601p-2-cuentas-sip-con-poe\/","article_modified_time":"2024-01-23T17:37:05+00:00","og_image":[{"width":2000,"height":2000,"url":"https:\/\/tecplan.com.gt\/wp-content\/uploads\/2021\/10\/Grandstream-GRP2601P-02.jpg","type":"image\/jpeg"}],"twitter_card":"summary_large_image","twitter_misc":{"Est. reading time":"1 minute"},"schema":{"@context":"https:\/\/schema.org","@graph":[{"@type":"WebPage","@id":"https:\/\/tecplan.com.gt\/producto\/expandir-grandstream-grp2601p-terminal-ip-grp2601p-2-cuentas-sip-con-poe\/","url":"https:\/\/tecplan.com.gt\/producto\/expandir-grandstream-grp2601p-terminal-ip-grp2601p-2-cuentas-sip-con-poe\/","name":"Grandstream GRP2601P - Terminal IP GRP2601P 2 cuentas SIP con PoE -","isPartOf":{"@id":"https:\/\/tecplan.com.gt\/#website"},"primaryImageOfPage":{"@id":"https:\/\/tecplan.com.gt\/producto\/expandir-grandstream-grp2601p-terminal-ip-grp2601p-2-cuentas-sip-con-poe\/#primaryimage"},"image":{"@id":"https:\/\/tecplan.com.gt\/producto\/expandir-grandstream-grp2601p-terminal-ip-grp2601p-2-cuentas-sip-con-poe\/#primaryimage"},"thumbnailUrl":"\/wp-content\/uploads\/2021\/10\/Grandstream-GRP2601P-02.jpg","datePublished":"2021-10-28T14:23:40+00:00","dateModified":"2024-01-23T17:37:05+00:00","breadcrumb":{"@id":"https:\/\/tecplan.com.gt\/producto\/expandir-grandstream-grp2601p-terminal-ip-grp2601p-2-cuentas-sip-con-poe\/#breadcrumb"},"inLanguage":"en-US","potentialAction":[{"@type":"ReadAction","target":["https:\/\/tecplan.com.gt\/producto\/expandir-grandstream-grp2601p-terminal-ip-grp2601p-2-cuentas-sip-con-poe\/"]}]},{"@type":"ImageObject","inLanguage":"en-US","@id":"https:\/\/tecplan.com.gt\/producto\/expandir-grandstream-grp2601p-terminal-ip-grp2601p-2-cuentas-sip-con-poe\/#primaryimage","url":"\/wp-content\/uploads\/2021\/10\/Grandstream-GRP2601P-02.jpg","contentUrl":"\/wp-content\/uploads\/2021\/10\/Grandstream-GRP2601P-02.jpg","width":2000,"height":2000},{"@type":"BreadcrumbList","@id":"https:\/\/tecplan.com.gt\/producto\/expandir-grandstream-grp2601p-terminal-ip-grp2601p-2-cuentas-sip-con-poe\/#breadcrumb","itemListElement":[{"@type":"ListItem","position":1,"name":"Portada","item":"https:\/\/tecplan.com.gt\/"},{"@type":"ListItem","position":2,"name":"Productos","item":"https:\/\/tecplan.com.gt\/shop\/"},{"@type":"ListItem","position":3,"name":"Grandstream GRP2601P &#8211; Terminal IP GRP2601P 2 cuentas SIP con PoE"}]},{"@type":"WebSite","@id":"https:\/\/tecplan.com.gt\/#website","url":"https:\/\/tecplan.com.gt\/","name":"Tecplan Argentina","description":"Tecnolog\u00edas y equipos de telecomunicaciones","publisher":{"@id":"https:\/\/tecplan.com.gt\/#organization"},"potentialAction":[{"@type":"SearchAction","target":{"@type":"EntryPoint","urlTemplate":"https:\/\/tecplan.com.gt\/?s={search_term_string}"},"query-input":{"@type":"PropertyValueSpecification","valueRequired":true,"valueName":"search_term_string"}}],"inLanguage":"en-US"},{"@type":"Organization","@id":"https:\/\/tecplan.com.gt\/#organization","name":"Tecplan Argentina","url":"https:\/\/tecplan.com.gt\/","logo":{"@type":"ImageObject","inLanguage":"en-US","@id":"https:\/\/tecplan.com.gt\/#\/schema\/logo\/image\/","url":"\/wp-content\/uploads\/2023\/03\/logo-tecplan.gif","contentUrl":"\/wp-content\/uploads\/2023\/03\/logo-tecplan.gif","width":1920,"height":486,"caption":"Tecplan Argentina"},"image":{"@id":"https:\/\/tecplan.com.gt\/#\/schema\/logo\/image\/"}}]}},"_links":{"self":[{"href":"https:\/\/tecplan.com.gt\/en\/wp-json\/wp\/v2\/product\/2281"}],"collection":[{"href":"https:\/\/tecplan.com.gt\/en\/wp-json\/wp\/v2\/product"}],"about":[{"href":"https:\/\/tecplan.com.gt\/en\/wp-json\/wp\/v2\/types\/product"}],"replies":[{"embeddable":true,"href":"https:\/\/tecplan.com.gt\/en\/wp-json\/wp\/v2\/comments?post=2281"}],"version-history":[{"count":0,"href":"https:\/\/tecplan.com.gt\/en\/wp-json\/wp\/v2\/product\/2281\/revisions"}],"wp:featuredmedia":[{"embeddable":true,"href":"https:\/\/tecplan.com.gt\/en\/wp-json\/wp\/v2\/media\/6222"}],"wp:attachment":[{"href":"https:\/\/tecplan.com.gt\/en\/wp-json\/wp\/v2\/media?parent=2281"}],"wp:term":[{"taxonomy":"product_brand","embeddable":true,"href":"https:\/\/tecplan.com.gt\/en\/wp-json\/wp\/v2\/product_brand?post=2281"},{"taxonomy":"product_cat","embeddable":true,"href":"https:\/\/tecplan.com.gt\/en\/wp-json\/wp\/v2\/product_cat?post=2281"},{"taxonomy":"product_tag","embeddable":true,"href":"https:\/\/tecplan.com.gt\/en\/wp-json\/wp\/v2\/product_tag?post=2281"}],"curies":[{"name":"wp","href":"https:\/\/api.w.org\/{rel}","templated":true}]}}