{"id":2283,"date":"2021-10-28T11:26:34","date_gmt":"2021-10-28T14:26:34","guid":{"rendered":"https:\/\/tecplan.com.gt\/?post_type=product&#038;p=2283"},"modified":"2023-06-25T11:00:56","modified_gmt":"2023-06-25T15:00:56","slug":"grandstream-grp2603-terminal-ip-grp2603-6-cuentas-sip","status":"publish","type":"product","link":"https:\/\/tecplan.com.gt\/en\/product\/grandstream-grp2603-terminal-ip-grp2603-6-cuentas-sip\/","title":{"rendered":"Grandstream GRP2603 \u2013 GRP2603 IP Terminal 6 SIP accounts"},"content":{"rendered":"","protected":false},"excerpt":{"rendered":"<p>Grandstream GRP2603 \u2013 GRP2603 IP terminal 6 SIP accounts<\/p>\n<p>As part of the GRP Series of carrier-grade IP phones, the GRP2603 is an essential 3-line model designed with zerotouch provisioning for mass deployment and easy management. It features a sleek design and a next-generation feature set including: 5-way voice conferencing to maximize productivity, integrated PoE (GRP2603P), Full HD audio on both the speakerphone and handset to enable users to communicate with the utmost clarity, EHS support for Plantronics, Jabra, and Sennheiser headsets, and multi-language support. The GRP Series includes carrier-grade security features to provide enterprise-level security including secure boot, dual firmware images, and encrypted data storage. For cloud provisioning and centralized management, the GRP2603 is compatible with Grandstream\u2019s Device Management System (GDMS), which provides a centralized interface to configure, provision, manage, and monitor Grandstream endpoint deployments. Built for the needs of remote or on-site desktop workers and designed to be easily deployed by enterprises, service providers, and other high-volume markets, the GRP2603 delivers an easy-to-use and easy-to-deploy voice endpoint.<\/p>\n<h3 class=\"title-box\">Characteristics<\/h3>\n<div class=\"title-box\">\n<ul>\n<li>3 lines, 6 SIP accounts, up to 3 call appearances<\/li>\n<li>Compatible with GDMS, which provides a centralized interface to configure, provision, manage and monitor Grandstream devices<\/li>\n<li>Electronic Hook Switch (EHS) support for Plantronics, Jabra and Sennheiser headsets<\/li>\n<li>Full-duplex speakerphone with HD audio to maximize audio quality and clarity<\/li>\n<li>Equipped with noise protection technology to minimize background noise<\/li>\n<li>Auto-sensing 10\/100\/1000Mbps Gigabit Ethernet ports with dual switching and integrated PoE (GRP2603P only)<\/li>\n<li>Supports 5-way audio conferencing for easy conferencing<\/li>\n<li>Enterprise-grade protection including secure boot, dual firmware images, and encrypted data storage<\/li>\n<li>Interchangeable faceplate to allow easy logo customization<\/li>\n<\/ul>\n<\/div>","protected":false},"featured_media":2284,"comment_status":"open","ping_status":"closed","template":"","meta":{"site-sidebar-layout":"default","site-content-layout":"","ast-site-content-layout":"","site-content-style":"default","site-sidebar-style":"default","ast-global-header-display":"","ast-banner-title-visibility":"","ast-main-header-display":"","ast-hfb-above-header-display":"","ast-hfb-below-header-display":"","ast-hfb-mobile-header-display":"","site-post-title":"","ast-breadcrumbs-content":"","ast-featured-img":"","footer-sml-layout":"","theme-transparent-header-meta":"","adv-header-id-meta":"","stick-header-meta":"","header-above-stick-meta":"","header-main-stick-meta":"","header-below-stick-meta":"","astra-migrate-meta-layouts":"default","ast-page-background-enabled":"default","ast-page-background-meta":{"desktop":{"background-color":"var(--ast-global-color-4)","background-image":"","background-repeat":"repeat","background-position":"center center","background-size":"auto","background-attachment":"scroll","background-type":"","background-media":"","overlay-type":"","overlay-color":"","overlay-opacity":"","overlay-gradient":""},"tablet":{"background-color":"","background-image":"","background-repeat":"repeat","background-position":"center center","background-size":"auto","background-attachment":"scroll","background-type":"","background-media":"","overlay-type":"","overlay-color":"","overlay-opacity":"","overlay-gradient":""},"mobile":{"background-color":"","background-image":"","background-repeat":"repeat","background-position":"center center","background-size":"auto","background-attachment":"scroll","background-type":"","background-media":"","overlay-type":"","overlay-color":"","overlay-opacity":"","overlay-gradient":""}},"ast-content-background-meta":{"desktop":{"background-color":"var(--ast-global-color-5)","background-image":"","background-repeat":"repeat","background-position":"center center","background-size":"auto","background-attachment":"scroll","background-type":"","background-media":"","overlay-type":"","overlay-color":"","overlay-opacity":"","overlay-gradient":""},"tablet":{"background-color":"var(--ast-global-color-5)","background-image":"","background-repeat":"repeat","background-position":"center center","background-size":"auto","background-attachment":"scroll","background-type":"","background-media":"","overlay-type":"","overlay-color":"","overlay-opacity":"","overlay-gradient":""},"mobile":{"background-color":"var(--ast-global-color-5)","background-image":"","background-repeat":"repeat","background-position":"center center","background-size":"auto","background-attachment":"scroll","background-type":"","background-media":"","overlay-type":"","overlay-color":"","overlay-opacity":"","overlay-gradient":""}}},"product_brand":[],"product_cat":[41],"product_tag":[65],"class_list":{"0":"post-2283","1":"product","2":"type-product","3":"status-publish","4":"has-post-thumbnail","6":"product_cat-grandstream","7":"product_tag-grandstream","8":"desktop-align-left","9":"tablet-align-left","10":"mobile-align-left","12":"first","13":"instock","14":"shipping-taxable","15":"product-type-simple"},"yoast_head":"<!-- This site is optimized with the Yoast SEO plugin v24.6 - https:\/\/yoast.com\/wordpress\/plugins\/seo\/ -->\n<title>Grandstream GRP2603 - Terminal IP GRP2603 6 cuentas SIP -<\/title>\n<meta name=\"robots\" content=\"index, follow, max-snippet:-1, max-image-preview:large, max-video-preview:-1\" \/>\n<link rel=\"canonical\" href=\"https:\/\/tecplan.com.gt\/en\/product\/grandstream-grp2603-terminal-ip-grp2603-6-cuentas-sip\/\" \/>\n<meta property=\"og:locale\" content=\"en_US\" \/>\n<meta property=\"og:type\" content=\"article\" \/>\n<meta property=\"og:title\" content=\"Grandstream GRP2603 - Terminal IP GRP2603 6 cuentas SIP -\" \/>\n<meta property=\"og:description\" content=\"Grandstream GRP2603\u00a0 - Terminal IP GRP2603 6 cuentas SIP  Como parte de la serie GRP de tel\u00e9fonos IP de nivel de operador, el GRP2603 es un modelo esencial de 3 l\u00edneas dise\u00f1ado con aprovisionamiento zerotouch para una implementaci\u00f3n masiva y una gesti\u00f3n sencilla.\u00a0Cuenta con un dise\u00f1o elegante y un conjunto de caracter\u00edsticas de pr\u00f3xima generaci\u00f3n que incluyen: conferencias de voz de 5 v\u00edas para maximizar la productividad, PoE integrado (GRP2603P), audio Full HD tanto en el altavoz como en el tel\u00e9fono para permitir a los usuarios comunicarse con la mayor claridad, soporte EHS para Auriculares Plantronics, Jabra y Sennheiser y compatibilidad con varios idiomas.\u00a0La serie GRP incluye funciones de seguridad de nivel de operador para brindar seguridad a nivel empresarial, incluido el arranque seguro, im\u00e1genes de firmware dual y almacenamiento de datos cifrados.\u00a0Para el aprovisionamiento en la nube y la administraci\u00f3n centralizada, el GRP2603 es compatible con el Sistema de administraci\u00f3n de dispositivos (GDMS) de Grandstream, que proporciona una interfaz centralizada para configurar,\u00a0aprovisionar, administrar y monitorear implementaciones de terminales Grandstream.\u00a0Construido para las necesidades de los trabajadores de escritorio remotos o en el sitio y dise\u00f1ado para que las empresas, los proveedores de servicios y otros mercados de gran volumen puedan implementarlo f\u00e1cilmente, el GRP2603 ofrece un punto final de voz f\u00e1cil de usar y de implementar. Caracter\u00edsticas    3 l\u00edneas, 6 cuentas SIP, hasta 3 l\u00edneas de llamada  Compatible con GDMS, que proporciona una interfaz centralizada para configurar, aprovisionar, administrar y monitorear dispositivos Grandstream  Compatibilidad con Electronic Hook Switch (EHS) para auriculares Plantronics, Jabra y Sennheiser  Altavoz full-duplex con audio HD para maximizar la calidad y claridad del audio  Equipado con tecnolog\u00eda de protecci\u00f3n contra ruido para minimizar el ruido de fondo  Puertos Gigabit Ethernet de 10\/100\/1000 Mbps con detecci\u00f3n autom\u00e1tica y conmutaci\u00f3n doble con PoE integrado (solo GRP2603P)  Admite conferencias de audio de 5 v\u00edas para conferencias sencillas  Protecci\u00f3n de nivel empresarial que incluye arranque seguro, im\u00e1genes de firmware dual y almacenamiento de datos cifrados  Placa frontal intercambiable para permitir una f\u00e1cil personalizaci\u00f3n del logotipo\" \/>\n<meta property=\"og:url\" content=\"https:\/\/tecplan.com.gt\/en\/product\/grandstream-grp2603-terminal-ip-grp2603-6-cuentas-sip\/\" \/>\n<meta property=\"article:modified_time\" content=\"2023-06-25T15:00:56+00:00\" \/>\n<meta property=\"og:image\" content=\"https:\/\/tecplan.com.gt\/wp-content\/uploads\/2023\/03\/grandstream-grp2603-terminal-ip-grp2603-6-cuentas-sip.jpg\" \/>\n\t<meta property=\"og:image:width\" content=\"910\" \/>\n\t<meta property=\"og:image:height\" content=\"1080\" \/>\n\t<meta property=\"og:image:type\" content=\"image\/jpeg\" \/>\n<meta name=\"twitter:card\" content=\"summary_large_image\" \/>\n<script type=\"application\/ld+json\" class=\"yoast-schema-graph\">{\"@context\":\"https:\/\/schema.org\",\"@graph\":[{\"@type\":\"WebPage\",\"@id\":\"https:\/\/tecplan.com.gt\/producto\/grandstream-grp2603-terminal-ip-grp2603-6-cuentas-sip\/\",\"url\":\"https:\/\/tecplan.com.gt\/producto\/grandstream-grp2603-terminal-ip-grp2603-6-cuentas-sip\/\",\"name\":\"Grandstream GRP2603 - Terminal IP GRP2603 6 cuentas SIP -\",\"isPartOf\":{\"@id\":\"https:\/\/tecplan.com.gt\/#website\"},\"primaryImageOfPage\":{\"@id\":\"https:\/\/tecplan.com.gt\/producto\/grandstream-grp2603-terminal-ip-grp2603-6-cuentas-sip\/#primaryimage\"},\"image\":{\"@id\":\"https:\/\/tecplan.com.gt\/producto\/grandstream-grp2603-terminal-ip-grp2603-6-cuentas-sip\/#primaryimage\"},\"thumbnailUrl\":\"\/wp-content\/uploads\/2023\/03\/grandstream-grp2603-terminal-ip-grp2603-6-cuentas-sip.jpg\",\"datePublished\":\"2021-10-28T14:26:34+00:00\",\"dateModified\":\"2023-06-25T15:00:56+00:00\",\"breadcrumb\":{\"@id\":\"https:\/\/tecplan.com.gt\/producto\/grandstream-grp2603-terminal-ip-grp2603-6-cuentas-sip\/#breadcrumb\"},\"inLanguage\":\"en-US\",\"potentialAction\":[{\"@type\":\"ReadAction\",\"target\":[\"https:\/\/tecplan.com.gt\/producto\/grandstream-grp2603-terminal-ip-grp2603-6-cuentas-sip\/\"]}]},{\"@type\":\"ImageObject\",\"inLanguage\":\"en-US\",\"@id\":\"https:\/\/tecplan.com.gt\/producto\/grandstream-grp2603-terminal-ip-grp2603-6-cuentas-sip\/#primaryimage\",\"url\":\"\/wp-content\/uploads\/2023\/03\/grandstream-grp2603-terminal-ip-grp2603-6-cuentas-sip.jpg\",\"contentUrl\":\"\/wp-content\/uploads\/2023\/03\/grandstream-grp2603-terminal-ip-grp2603-6-cuentas-sip.jpg\",\"width\":910,\"height\":1080},{\"@type\":\"BreadcrumbList\",\"@id\":\"https:\/\/tecplan.com.gt\/producto\/grandstream-grp2603-terminal-ip-grp2603-6-cuentas-sip\/#breadcrumb\",\"itemListElement\":[{\"@type\":\"ListItem\",\"position\":1,\"name\":\"Portada\",\"item\":\"https:\/\/tecplan.com.gt\/\"},{\"@type\":\"ListItem\",\"position\":2,\"name\":\"Productos\",\"item\":\"https:\/\/tecplan.com.gt\/shop\/\"},{\"@type\":\"ListItem\",\"position\":3,\"name\":\"Grandstream GRP2603 &#8211; Terminal IP GRP2603 6 cuentas SIP\"}]},{\"@type\":\"WebSite\",\"@id\":\"https:\/\/tecplan.com.gt\/#website\",\"url\":\"https:\/\/tecplan.com.gt\/\",\"name\":\"Tecplan Argentina\",\"description\":\"Tecnolog\u00edas y equipos de telecomunicaciones\",\"publisher\":{\"@id\":\"https:\/\/tecplan.com.gt\/#organization\"},\"potentialAction\":[{\"@type\":\"SearchAction\",\"target\":{\"@type\":\"EntryPoint\",\"urlTemplate\":\"https:\/\/tecplan.com.gt\/?s={search_term_string}\"},\"query-input\":{\"@type\":\"PropertyValueSpecification\",\"valueRequired\":true,\"valueName\":\"search_term_string\"}}],\"inLanguage\":\"en-US\"},{\"@type\":\"Organization\",\"@id\":\"https:\/\/tecplan.com.gt\/#organization\",\"name\":\"Tecplan Argentina\",\"url\":\"https:\/\/tecplan.com.gt\/\",\"logo\":{\"@type\":\"ImageObject\",\"inLanguage\":\"en-US\",\"@id\":\"https:\/\/tecplan.com.gt\/#\/schema\/logo\/image\/\",\"url\":\"\/wp-content\/uploads\/2023\/03\/logo-tecplan.gif\",\"contentUrl\":\"\/wp-content\/uploads\/2023\/03\/logo-tecplan.gif\",\"width\":1920,\"height\":486,\"caption\":\"Tecplan Argentina\"},\"image\":{\"@id\":\"https:\/\/tecplan.com.gt\/#\/schema\/logo\/image\/\"}}]}<\/script>\n<!-- \/ Yoast SEO plugin. -->","yoast_head_json":{"title":"Grandstream GRP2603 - Terminal IP GRP2603 6 cuentas SIP -","robots":{"index":"index","follow":"follow","max-snippet":"max-snippet:-1","max-image-preview":"max-image-preview:large","max-video-preview":"max-video-preview:-1"},"canonical":"https:\/\/tecplan.com.gt\/en\/product\/grandstream-grp2603-terminal-ip-grp2603-6-cuentas-sip\/","og_locale":"en_US","og_type":"article","og_title":"Grandstream GRP2603 - Terminal IP GRP2603 6 cuentas SIP -","og_description":"Grandstream GRP2603\u00a0 - Terminal IP GRP2603 6 cuentas SIP  Como parte de la serie GRP de tel\u00e9fonos IP de nivel de operador, el GRP2603 es un modelo esencial de 3 l\u00edneas dise\u00f1ado con aprovisionamiento zerotouch para una implementaci\u00f3n masiva y una gesti\u00f3n sencilla.\u00a0Cuenta con un dise\u00f1o elegante y un conjunto de caracter\u00edsticas de pr\u00f3xima generaci\u00f3n que incluyen: conferencias de voz de 5 v\u00edas para maximizar la productividad, PoE integrado (GRP2603P), audio Full HD tanto en el altavoz como en el tel\u00e9fono para permitir a los usuarios comunicarse con la mayor claridad, soporte EHS para Auriculares Plantronics, Jabra y Sennheiser y compatibilidad con varios idiomas.\u00a0La serie GRP incluye funciones de seguridad de nivel de operador para brindar seguridad a nivel empresarial, incluido el arranque seguro, im\u00e1genes de firmware dual y almacenamiento de datos cifrados.\u00a0Para el aprovisionamiento en la nube y la administraci\u00f3n centralizada, el GRP2603 es compatible con el Sistema de administraci\u00f3n de dispositivos (GDMS) de Grandstream, que proporciona una interfaz centralizada para configurar,\u00a0aprovisionar, administrar y monitorear implementaciones de terminales Grandstream.\u00a0Construido para las necesidades de los trabajadores de escritorio remotos o en el sitio y dise\u00f1ado para que las empresas, los proveedores de servicios y otros mercados de gran volumen puedan implementarlo f\u00e1cilmente, el GRP2603 ofrece un punto final de voz f\u00e1cil de usar y de implementar. Caracter\u00edsticas    3 l\u00edneas, 6 cuentas SIP, hasta 3 l\u00edneas de llamada  Compatible con GDMS, que proporciona una interfaz centralizada para configurar, aprovisionar, administrar y monitorear dispositivos Grandstream  Compatibilidad con Electronic Hook Switch (EHS) para auriculares Plantronics, Jabra y Sennheiser  Altavoz full-duplex con audio HD para maximizar la calidad y claridad del audio  Equipado con tecnolog\u00eda de protecci\u00f3n contra ruido para minimizar el ruido de fondo  Puertos Gigabit Ethernet de 10\/100\/1000 Mbps con detecci\u00f3n autom\u00e1tica y conmutaci\u00f3n doble con PoE integrado (solo GRP2603P)  Admite conferencias de audio de 5 v\u00edas para conferencias sencillas  Protecci\u00f3n de nivel empresarial que incluye arranque seguro, im\u00e1genes de firmware dual y almacenamiento de datos cifrados  Placa frontal intercambiable para permitir una f\u00e1cil personalizaci\u00f3n del logotipo","og_url":"https:\/\/tecplan.com.gt\/en\/product\/grandstream-grp2603-terminal-ip-grp2603-6-cuentas-sip\/","article_modified_time":"2023-06-25T15:00:56+00:00","og_image":[{"width":910,"height":1080,"url":"https:\/\/tecplan.com.gt\/wp-content\/uploads\/2023\/03\/grandstream-grp2603-terminal-ip-grp2603-6-cuentas-sip.jpg","type":"image\/jpeg"}],"twitter_card":"summary_large_image","schema":{"@context":"https:\/\/schema.org","@graph":[{"@type":"WebPage","@id":"https:\/\/tecplan.com.gt\/producto\/grandstream-grp2603-terminal-ip-grp2603-6-cuentas-sip\/","url":"https:\/\/tecplan.com.gt\/producto\/grandstream-grp2603-terminal-ip-grp2603-6-cuentas-sip\/","name":"Grandstream GRP2603 - Terminal IP GRP2603 6 cuentas SIP -","isPartOf":{"@id":"https:\/\/tecplan.com.gt\/#website"},"primaryImageOfPage":{"@id":"https:\/\/tecplan.com.gt\/producto\/grandstream-grp2603-terminal-ip-grp2603-6-cuentas-sip\/#primaryimage"},"image":{"@id":"https:\/\/tecplan.com.gt\/producto\/grandstream-grp2603-terminal-ip-grp2603-6-cuentas-sip\/#primaryimage"},"thumbnailUrl":"\/wp-content\/uploads\/2023\/03\/grandstream-grp2603-terminal-ip-grp2603-6-cuentas-sip.jpg","datePublished":"2021-10-28T14:26:34+00:00","dateModified":"2023-06-25T15:00:56+00:00","breadcrumb":{"@id":"https:\/\/tecplan.com.gt\/producto\/grandstream-grp2603-terminal-ip-grp2603-6-cuentas-sip\/#breadcrumb"},"inLanguage":"en-US","potentialAction":[{"@type":"ReadAction","target":["https:\/\/tecplan.com.gt\/producto\/grandstream-grp2603-terminal-ip-grp2603-6-cuentas-sip\/"]}]},{"@type":"ImageObject","inLanguage":"en-US","@id":"https:\/\/tecplan.com.gt\/producto\/grandstream-grp2603-terminal-ip-grp2603-6-cuentas-sip\/#primaryimage","url":"\/wp-content\/uploads\/2023\/03\/grandstream-grp2603-terminal-ip-grp2603-6-cuentas-sip.jpg","contentUrl":"\/wp-content\/uploads\/2023\/03\/grandstream-grp2603-terminal-ip-grp2603-6-cuentas-sip.jpg","width":910,"height":1080},{"@type":"BreadcrumbList","@id":"https:\/\/tecplan.com.gt\/producto\/grandstream-grp2603-terminal-ip-grp2603-6-cuentas-sip\/#breadcrumb","itemListElement":[{"@type":"ListItem","position":1,"name":"Portada","item":"https:\/\/tecplan.com.gt\/"},{"@type":"ListItem","position":2,"name":"Productos","item":"https:\/\/tecplan.com.gt\/shop\/"},{"@type":"ListItem","position":3,"name":"Grandstream GRP2603 &#8211; Terminal IP GRP2603 6 cuentas SIP"}]},{"@type":"WebSite","@id":"https:\/\/tecplan.com.gt\/#website","url":"https:\/\/tecplan.com.gt\/","name":"Tecplan Argentina","description":"Tecnolog\u00edas y equipos de telecomunicaciones","publisher":{"@id":"https:\/\/tecplan.com.gt\/#organization"},"potentialAction":[{"@type":"SearchAction","target":{"@type":"EntryPoint","urlTemplate":"https:\/\/tecplan.com.gt\/?s={search_term_string}"},"query-input":{"@type":"PropertyValueSpecification","valueRequired":true,"valueName":"search_term_string"}}],"inLanguage":"en-US"},{"@type":"Organization","@id":"https:\/\/tecplan.com.gt\/#organization","name":"Tecplan Argentina","url":"https:\/\/tecplan.com.gt\/","logo":{"@type":"ImageObject","inLanguage":"en-US","@id":"https:\/\/tecplan.com.gt\/#\/schema\/logo\/image\/","url":"\/wp-content\/uploads\/2023\/03\/logo-tecplan.gif","contentUrl":"\/wp-content\/uploads\/2023\/03\/logo-tecplan.gif","width":1920,"height":486,"caption":"Tecplan Argentina"},"image":{"@id":"https:\/\/tecplan.com.gt\/#\/schema\/logo\/image\/"}}]}},"_links":{"self":[{"href":"https:\/\/tecplan.com.gt\/en\/wp-json\/wp\/v2\/product\/2283"}],"collection":[{"href":"https:\/\/tecplan.com.gt\/en\/wp-json\/wp\/v2\/product"}],"about":[{"href":"https:\/\/tecplan.com.gt\/en\/wp-json\/wp\/v2\/types\/product"}],"replies":[{"embeddable":true,"href":"https:\/\/tecplan.com.gt\/en\/wp-json\/wp\/v2\/comments?post=2283"}],"version-history":[{"count":0,"href":"https:\/\/tecplan.com.gt\/en\/wp-json\/wp\/v2\/product\/2283\/revisions"}],"wp:featuredmedia":[{"embeddable":true,"href":"https:\/\/tecplan.com.gt\/en\/wp-json\/wp\/v2\/media\/2284"}],"wp:attachment":[{"href":"https:\/\/tecplan.com.gt\/en\/wp-json\/wp\/v2\/media?parent=2283"}],"wp:term":[{"taxonomy":"product_brand","embeddable":true,"href":"https:\/\/tecplan.com.gt\/en\/wp-json\/wp\/v2\/product_brand?post=2283"},{"taxonomy":"product_cat","embeddable":true,"href":"https:\/\/tecplan.com.gt\/en\/wp-json\/wp\/v2\/product_cat?post=2283"},{"taxonomy":"product_tag","embeddable":true,"href":"https:\/\/tecplan.com.gt\/en\/wp-json\/wp\/v2\/product_tag?post=2283"}],"curies":[{"name":"wp","href":"https:\/\/api.w.org\/{rel}","templated":true}]}}