{"id":2384,"date":"2023-01-27T09:31:06","date_gmt":"2023-01-27T12:31:06","guid":{"rendered":"https:\/\/tecplan.com.gt\/?post_type=product&#038;p=2384"},"modified":"2024-01-29T13:49:32","modified_gmt":"2024-01-29T16:49:32","slug":"iridium-9555-telefono-satelital","status":"publish","type":"product","link":"https:\/\/tecplan.com.gt\/en\/product\/iridium-9555-telefono-satelital\/","title":{"rendered":"Iridium 9555 Satellite Phone"},"content":{"rendered":"<p>Voice, SMS and low-speed data capabilities. Service available in Prepaid and Postpaid. Comes with a complete accessory kit including external antenna for use in vehicles. Docking option for fixed, maritime and vehicular installations.<\/p>\n<p>The Iridium 9555 is Iridium's smallest, easiest-to-use satellite phone with coverage all around the globe, including the poles. The Iridium 9555 is not only the smallest phone Iridium has ever made, it is also the most powerful.<\/p>","protected":false},"excerpt":{"rendered":"<p><b>Characteristics<\/b><\/p>\n<ul>\n<li>Voice and data services, text messages<\/li>\n<li>Water, shock and dust proof<\/li>\n<li>Retractable antenna<\/li>\n<li>Size: 143 x 55 x 30mm (5.6 x 2.2 x 1.2in)<\/li>\n<li>Weight: 266 g (9.4 oz)<\/li>\n<li>Data-ready: No data pack needed!<\/li>\n<li>Headset\/Hands-Free Ready<\/li>\n<li>Battery: Up to 30 hours standby time, 4 hours talk time<\/li>\n<li>Vehicle, marine and interior use<br \/>\n(optional base for Vehicle and Office)<\/li>\n<\/ul>","protected":false},"featured_media":2385,"comment_status":"open","ping_status":"closed","template":"","meta":{"site-sidebar-layout":"default","site-content-layout":"","ast-site-content-layout":"default","site-content-style":"default","site-sidebar-style":"default","ast-global-header-display":"","ast-banner-title-visibility":"","ast-main-header-display":"","ast-hfb-above-header-display":"","ast-hfb-below-header-display":"","ast-hfb-mobile-header-display":"","site-post-title":"","ast-breadcrumbs-content":"","ast-featured-img":"","footer-sml-layout":"","theme-transparent-header-meta":"default","adv-header-id-meta":"","stick-header-meta":"","header-above-stick-meta":"","header-main-stick-meta":"","header-below-stick-meta":"","astra-migrate-meta-layouts":"set","ast-page-background-enabled":"default","ast-page-background-meta":{"desktop":{"background-color":"var(--ast-global-color-4)","background-image":"","background-repeat":"repeat","background-position":"center center","background-size":"auto","background-attachment":"scroll","background-type":"","background-media":"","overlay-type":"","overlay-color":"","overlay-opacity":"","overlay-gradient":""},"tablet":{"background-color":"","background-image":"","background-repeat":"repeat","background-position":"center center","background-size":"auto","background-attachment":"scroll","background-type":"","background-media":"","overlay-type":"","overlay-color":"","overlay-opacity":"","overlay-gradient":""},"mobile":{"background-color":"","background-image":"","background-repeat":"repeat","background-position":"center center","background-size":"auto","background-attachment":"scroll","background-type":"","background-media":"","overlay-type":"","overlay-color":"","overlay-opacity":"","overlay-gradient":""}},"ast-content-background-meta":{"desktop":{"background-color":"var(--ast-global-color-5)","background-image":"","background-repeat":"repeat","background-position":"center center","background-size":"auto","background-attachment":"scroll","background-type":"","background-media":"","overlay-type":"","overlay-color":"","overlay-opacity":"","overlay-gradient":""},"tablet":{"background-color":"var(--ast-global-color-5)","background-image":"","background-repeat":"repeat","background-position":"center center","background-size":"auto","background-attachment":"scroll","background-type":"","background-media":"","overlay-type":"","overlay-color":"","overlay-opacity":"","overlay-gradient":""},"mobile":{"background-color":"var(--ast-global-color-5)","background-image":"","background-repeat":"repeat","background-position":"center center","background-size":"auto","background-attachment":"scroll","background-type":"","background-media":"","overlay-type":"","overlay-color":"","overlay-opacity":"","overlay-gradient":""}}},"product_brand":[],"product_cat":[44],"product_tag":[66],"class_list":{"0":"post-2384","1":"product","2":"type-product","3":"status-publish","4":"has-post-thumbnail","6":"product_cat-iridium","7":"product_tag-iridium","8":"desktop-align-left","9":"tablet-align-left","10":"mobile-align-left","12":"first","13":"instock","14":"shipping-taxable","15":"purchasable","16":"product-type-simple"},"yoast_head":"<!-- This site is optimized with the Yoast SEO plugin v24.6 - https:\/\/yoast.com\/wordpress\/plugins\/seo\/ -->\n<title>Iridium 9555 Tel\u00e9fono Satelital -<\/title>\n<meta name=\"robots\" content=\"index, follow, max-snippet:-1, max-image-preview:large, max-video-preview:-1\" \/>\n<link rel=\"canonical\" href=\"https:\/\/tecplan.com.gt\/en\/product\/iridium-9555-telefono-satelital\/\" \/>\n<meta property=\"og:locale\" content=\"en_US\" \/>\n<meta property=\"og:type\" content=\"article\" \/>\n<meta property=\"og:title\" content=\"Iridium 9555 Tel\u00e9fono Satelital -\" \/>\n<meta property=\"og:description\" content=\"Caracter\u00edsticas   Servicios de voz y datos, mensajes de texto  A prueba de agua, golpes y polvo  Antena retraible  Tama\u00f1o: 143 x 55 x 30 mm (5.6 x 2.2 x 1.2 in)  Peso: 266 g (9.4 oz)  Data-ready: \u00a1No necesita paquete de datos!  Listo para Aud\u00edfonos\/Manos libres  Bater\u00eda: hasta 30 horas de tiempo de espera, 4 horas de tiempo de conversaci\u00f3n  Uso para veh\u00edculo, marino e interiores (via base opcional para Vehiculo y Oficina)\" \/>\n<meta property=\"og:url\" content=\"https:\/\/tecplan.com.gt\/en\/product\/iridium-9555-telefono-satelital\/\" \/>\n<meta property=\"article:modified_time\" content=\"2024-01-29T16:49:32+00:00\" \/>\n<meta property=\"og:image\" content=\"https:\/\/tecplan.com.gt\/wp-content\/uploads\/2023\/03\/IMG_PRD_Iridium9555.jpg\" \/>\n\t<meta property=\"og:image:width\" content=\"800\" \/>\n\t<meta property=\"og:image:height\" content=\"800\" \/>\n\t<meta property=\"og:image:type\" content=\"image\/jpeg\" \/>\n<meta name=\"twitter:card\" content=\"summary_large_image\" \/>\n<meta name=\"twitter:label1\" content=\"Est. reading time\" \/>\n\t<meta name=\"twitter:data1\" content=\"1 minute\" \/>\n<script type=\"application\/ld+json\" class=\"yoast-schema-graph\">{\"@context\":\"https:\/\/schema.org\",\"@graph\":[{\"@type\":\"WebPage\",\"@id\":\"https:\/\/tecplan.com.gt\/producto\/iridium-9555-telefono-satelital\/\",\"url\":\"https:\/\/tecplan.com.gt\/producto\/iridium-9555-telefono-satelital\/\",\"name\":\"Iridium 9555 Tel\u00e9fono Satelital -\",\"isPartOf\":{\"@id\":\"https:\/\/tecplan.com.gt\/#website\"},\"primaryImageOfPage\":{\"@id\":\"https:\/\/tecplan.com.gt\/producto\/iridium-9555-telefono-satelital\/#primaryimage\"},\"image\":{\"@id\":\"https:\/\/tecplan.com.gt\/producto\/iridium-9555-telefono-satelital\/#primaryimage\"},\"thumbnailUrl\":\"\/wp-content\/uploads\/2023\/03\/IMG_PRD_Iridium9555.jpg\",\"datePublished\":\"2023-01-27T12:31:06+00:00\",\"dateModified\":\"2024-01-29T16:49:32+00:00\",\"breadcrumb\":{\"@id\":\"https:\/\/tecplan.com.gt\/producto\/iridium-9555-telefono-satelital\/#breadcrumb\"},\"inLanguage\":\"en-US\",\"potentialAction\":[{\"@type\":\"ReadAction\",\"target\":[\"https:\/\/tecplan.com.gt\/producto\/iridium-9555-telefono-satelital\/\"]}]},{\"@type\":\"ImageObject\",\"inLanguage\":\"en-US\",\"@id\":\"https:\/\/tecplan.com.gt\/producto\/iridium-9555-telefono-satelital\/#primaryimage\",\"url\":\"\/wp-content\/uploads\/2023\/03\/IMG_PRD_Iridium9555.jpg\",\"contentUrl\":\"\/wp-content\/uploads\/2023\/03\/IMG_PRD_Iridium9555.jpg\",\"width\":800,\"height\":800},{\"@type\":\"BreadcrumbList\",\"@id\":\"https:\/\/tecplan.com.gt\/producto\/iridium-9555-telefono-satelital\/#breadcrumb\",\"itemListElement\":[{\"@type\":\"ListItem\",\"position\":1,\"name\":\"Portada\",\"item\":\"https:\/\/tecplan.com.gt\/\"},{\"@type\":\"ListItem\",\"position\":2,\"name\":\"Productos\",\"item\":\"https:\/\/tecplan.com.gt\/shop\/\"},{\"@type\":\"ListItem\",\"position\":3,\"name\":\"Iridium 9555 Tel\u00e9fono Satelital\"}]},{\"@type\":\"WebSite\",\"@id\":\"https:\/\/tecplan.com.gt\/#website\",\"url\":\"https:\/\/tecplan.com.gt\/\",\"name\":\"Tecplan Argentina\",\"description\":\"Tecnolog\u00edas y equipos de telecomunicaciones\",\"publisher\":{\"@id\":\"https:\/\/tecplan.com.gt\/#organization\"},\"potentialAction\":[{\"@type\":\"SearchAction\",\"target\":{\"@type\":\"EntryPoint\",\"urlTemplate\":\"https:\/\/tecplan.com.gt\/?s={search_term_string}\"},\"query-input\":{\"@type\":\"PropertyValueSpecification\",\"valueRequired\":true,\"valueName\":\"search_term_string\"}}],\"inLanguage\":\"en-US\"},{\"@type\":\"Organization\",\"@id\":\"https:\/\/tecplan.com.gt\/#organization\",\"name\":\"Tecplan Argentina\",\"url\":\"https:\/\/tecplan.com.gt\/\",\"logo\":{\"@type\":\"ImageObject\",\"inLanguage\":\"en-US\",\"@id\":\"https:\/\/tecplan.com.gt\/#\/schema\/logo\/image\/\",\"url\":\"\/wp-content\/uploads\/2023\/03\/logo-tecplan.gif\",\"contentUrl\":\"\/wp-content\/uploads\/2023\/03\/logo-tecplan.gif\",\"width\":1920,\"height\":486,\"caption\":\"Tecplan Argentina\"},\"image\":{\"@id\":\"https:\/\/tecplan.com.gt\/#\/schema\/logo\/image\/\"}}]}<\/script>\n<!-- \/ Yoast SEO plugin. -->","yoast_head_json":{"title":"Iridium 9555 Tel\u00e9fono Satelital -","robots":{"index":"index","follow":"follow","max-snippet":"max-snippet:-1","max-image-preview":"max-image-preview:large","max-video-preview":"max-video-preview:-1"},"canonical":"https:\/\/tecplan.com.gt\/en\/product\/iridium-9555-telefono-satelital\/","og_locale":"en_US","og_type":"article","og_title":"Iridium 9555 Tel\u00e9fono Satelital -","og_description":"Caracter\u00edsticas   Servicios de voz y datos, mensajes de texto  A prueba de agua, golpes y polvo  Antena retraible  Tama\u00f1o: 143 x 55 x 30 mm (5.6 x 2.2 x 1.2 in)  Peso: 266 g (9.4 oz)  Data-ready: \u00a1No necesita paquete de datos!  Listo para Aud\u00edfonos\/Manos libres  Bater\u00eda: hasta 30 horas de tiempo de espera, 4 horas de tiempo de conversaci\u00f3n  Uso para veh\u00edculo, marino e interiores (via base opcional para Vehiculo y Oficina)","og_url":"https:\/\/tecplan.com.gt\/en\/product\/iridium-9555-telefono-satelital\/","article_modified_time":"2024-01-29T16:49:32+00:00","og_image":[{"width":800,"height":800,"url":"https:\/\/tecplan.com.gt\/wp-content\/uploads\/2023\/03\/IMG_PRD_Iridium9555.jpg","type":"image\/jpeg"}],"twitter_card":"summary_large_image","twitter_misc":{"Est. reading time":"1 minute"},"schema":{"@context":"https:\/\/schema.org","@graph":[{"@type":"WebPage","@id":"https:\/\/tecplan.com.gt\/producto\/iridium-9555-telefono-satelital\/","url":"https:\/\/tecplan.com.gt\/producto\/iridium-9555-telefono-satelital\/","name":"Iridium 9555 Tel\u00e9fono Satelital -","isPartOf":{"@id":"https:\/\/tecplan.com.gt\/#website"},"primaryImageOfPage":{"@id":"https:\/\/tecplan.com.gt\/producto\/iridium-9555-telefono-satelital\/#primaryimage"},"image":{"@id":"https:\/\/tecplan.com.gt\/producto\/iridium-9555-telefono-satelital\/#primaryimage"},"thumbnailUrl":"\/wp-content\/uploads\/2023\/03\/IMG_PRD_Iridium9555.jpg","datePublished":"2023-01-27T12:31:06+00:00","dateModified":"2024-01-29T16:49:32+00:00","breadcrumb":{"@id":"https:\/\/tecplan.com.gt\/producto\/iridium-9555-telefono-satelital\/#breadcrumb"},"inLanguage":"en-US","potentialAction":[{"@type":"ReadAction","target":["https:\/\/tecplan.com.gt\/producto\/iridium-9555-telefono-satelital\/"]}]},{"@type":"ImageObject","inLanguage":"en-US","@id":"https:\/\/tecplan.com.gt\/producto\/iridium-9555-telefono-satelital\/#primaryimage","url":"\/wp-content\/uploads\/2023\/03\/IMG_PRD_Iridium9555.jpg","contentUrl":"\/wp-content\/uploads\/2023\/03\/IMG_PRD_Iridium9555.jpg","width":800,"height":800},{"@type":"BreadcrumbList","@id":"https:\/\/tecplan.com.gt\/producto\/iridium-9555-telefono-satelital\/#breadcrumb","itemListElement":[{"@type":"ListItem","position":1,"name":"Portada","item":"https:\/\/tecplan.com.gt\/"},{"@type":"ListItem","position":2,"name":"Productos","item":"https:\/\/tecplan.com.gt\/shop\/"},{"@type":"ListItem","position":3,"name":"Iridium 9555 Tel\u00e9fono Satelital"}]},{"@type":"WebSite","@id":"https:\/\/tecplan.com.gt\/#website","url":"https:\/\/tecplan.com.gt\/","name":"Tecplan Argentina","description":"Tecnolog\u00edas y equipos de telecomunicaciones","publisher":{"@id":"https:\/\/tecplan.com.gt\/#organization"},"potentialAction":[{"@type":"SearchAction","target":{"@type":"EntryPoint","urlTemplate":"https:\/\/tecplan.com.gt\/?s={search_term_string}"},"query-input":{"@type":"PropertyValueSpecification","valueRequired":true,"valueName":"search_term_string"}}],"inLanguage":"en-US"},{"@type":"Organization","@id":"https:\/\/tecplan.com.gt\/#organization","name":"Tecplan Argentina","url":"https:\/\/tecplan.com.gt\/","logo":{"@type":"ImageObject","inLanguage":"en-US","@id":"https:\/\/tecplan.com.gt\/#\/schema\/logo\/image\/","url":"\/wp-content\/uploads\/2023\/03\/logo-tecplan.gif","contentUrl":"\/wp-content\/uploads\/2023\/03\/logo-tecplan.gif","width":1920,"height":486,"caption":"Tecplan Argentina"},"image":{"@id":"https:\/\/tecplan.com.gt\/#\/schema\/logo\/image\/"}}]}},"_links":{"self":[{"href":"https:\/\/tecplan.com.gt\/en\/wp-json\/wp\/v2\/product\/2384"}],"collection":[{"href":"https:\/\/tecplan.com.gt\/en\/wp-json\/wp\/v2\/product"}],"about":[{"href":"https:\/\/tecplan.com.gt\/en\/wp-json\/wp\/v2\/types\/product"}],"replies":[{"embeddable":true,"href":"https:\/\/tecplan.com.gt\/en\/wp-json\/wp\/v2\/comments?post=2384"}],"version-history":[{"count":0,"href":"https:\/\/tecplan.com.gt\/en\/wp-json\/wp\/v2\/product\/2384\/revisions"}],"wp:featuredmedia":[{"embeddable":true,"href":"https:\/\/tecplan.com.gt\/en\/wp-json\/wp\/v2\/media\/2385"}],"wp:attachment":[{"href":"https:\/\/tecplan.com.gt\/en\/wp-json\/wp\/v2\/media?parent=2384"}],"wp:term":[{"taxonomy":"product_brand","embeddable":true,"href":"https:\/\/tecplan.com.gt\/en\/wp-json\/wp\/v2\/product_brand?post=2384"},{"taxonomy":"product_cat","embeddable":true,"href":"https:\/\/tecplan.com.gt\/en\/wp-json\/wp\/v2\/product_cat?post=2384"},{"taxonomy":"product_tag","embeddable":true,"href":"https:\/\/tecplan.com.gt\/en\/wp-json\/wp\/v2\/product_tag?post=2384"}],"curies":[{"name":"wp","href":"https:\/\/api.w.org\/{rel}","templated":true}]}}