{"id":2397,"date":"2023-01-27T18:35:27","date_gmt":"2023-01-27T21:35:27","guid":{"rendered":"https:\/\/tecplan.com.gt\/?post_type=product&#038;p=2397"},"modified":"2023-10-17T10:51:18","modified_gmt":"2023-10-17T13:51:18","slug":"iridium-extreme","status":"publish","type":"product","link":"https:\/\/tecplan.com.gt\/en\/product\/iridium-extreme\/","title":{"rendered":"Iridium Extreme"},"content":{"rendered":"<p>Iridium Extreme<sup>\u00ae<\/sup> It is the first satellite phone to include a programmable SOS button, to send an alert message. It also has the ability to send email messages. It is the most rugged satellite phone to date, the first to obtain the MIL-STD 810F military resistance certification. It can withstand intense water jets, dust and shock.<\/p>","protected":false},"excerpt":{"rendered":"<p><b>Characteristics<\/b><\/p>\n<ul>\n<li>Dimensions: 140mm (L) x 60mm (W) x 27mm (D)<\/li>\n<li>Weight: 247 g (9.4 oz)<\/li>\n<li>Built-in GPS receiver<\/li>\n<li>Maximum battery time in standby mode: up to 30 hours<\/li>\n<li>Maximum battery talk time: up to 4 hours<\/li>\n<li>MIL-STD 810F Military Certification<\/li>\n<li>IP65 Protection Index<\/li>\n<li>200 Character Illuminated LCD Display<\/li>\n<li>Integrated Speaker<\/li>\n<li>Receiving and sending SMS<\/li>\n<li>Receiving and sending short emails (160 characters)<\/li>\n<li>Voicemail, numbers and text messages.<\/li>\n<li>Configurable password<\/li>\n<\/ul>","protected":false},"featured_media":4045,"comment_status":"open","ping_status":"closed","template":"","meta":{"site-sidebar-layout":"default","site-content-layout":"","ast-site-content-layout":"default","site-content-style":"default","site-sidebar-style":"default","ast-global-header-display":"","ast-banner-title-visibility":"","ast-main-header-display":"","ast-hfb-above-header-display":"","ast-hfb-below-header-display":"","ast-hfb-mobile-header-display":"","site-post-title":"","ast-breadcrumbs-content":"","ast-featured-img":"","footer-sml-layout":"","theme-transparent-header-meta":"default","adv-header-id-meta":"","stick-header-meta":"","header-above-stick-meta":"","header-main-stick-meta":"","header-below-stick-meta":"","astra-migrate-meta-layouts":"set","ast-page-background-enabled":"default","ast-page-background-meta":{"desktop":{"background-color":"var(--ast-global-color-4)","background-image":"","background-repeat":"repeat","background-position":"center center","background-size":"auto","background-attachment":"scroll","background-type":"","background-media":"","overlay-type":"","overlay-color":"","overlay-opacity":"","overlay-gradient":""},"tablet":{"background-color":"","background-image":"","background-repeat":"repeat","background-position":"center center","background-size":"auto","background-attachment":"scroll","background-type":"","background-media":"","overlay-type":"","overlay-color":"","overlay-opacity":"","overlay-gradient":""},"mobile":{"background-color":"","background-image":"","background-repeat":"repeat","background-position":"center center","background-size":"auto","background-attachment":"scroll","background-type":"","background-media":"","overlay-type":"","overlay-color":"","overlay-opacity":"","overlay-gradient":""}},"ast-content-background-meta":{"desktop":{"background-color":"var(--ast-global-color-5)","background-image":"","background-repeat":"repeat","background-position":"center center","background-size":"auto","background-attachment":"scroll","background-type":"","background-media":"","overlay-type":"","overlay-color":"","overlay-opacity":"","overlay-gradient":""},"tablet":{"background-color":"var(--ast-global-color-5)","background-image":"","background-repeat":"repeat","background-position":"center center","background-size":"auto","background-attachment":"scroll","background-type":"","background-media":"","overlay-type":"","overlay-color":"","overlay-opacity":"","overlay-gradient":""},"mobile":{"background-color":"var(--ast-global-color-5)","background-image":"","background-repeat":"repeat","background-position":"center center","background-size":"auto","background-attachment":"scroll","background-type":"","background-media":"","overlay-type":"","overlay-color":"","overlay-opacity":"","overlay-gradient":""}}},"product_brand":[],"product_cat":[44],"product_tag":[66],"class_list":{"0":"post-2397","1":"product","2":"type-product","3":"status-publish","4":"has-post-thumbnail","6":"product_cat-iridium","7":"product_tag-iridium","8":"desktop-align-left","9":"tablet-align-left","10":"mobile-align-left","12":"first","13":"instock","14":"shipping-taxable","15":"purchasable","16":"product-type-simple"},"yoast_head":"<!-- This site is optimized with the Yoast SEO plugin v24.6 - https:\/\/yoast.com\/wordpress\/plugins\/seo\/ -->\n<title>Iridium Extreme -<\/title>\n<meta name=\"robots\" content=\"index, follow, max-snippet:-1, max-image-preview:large, max-video-preview:-1\" \/>\n<link rel=\"canonical\" href=\"https:\/\/tecplan.com.gt\/en\/product\/iridium-extreme\/\" \/>\n<meta property=\"og:locale\" content=\"en_US\" \/>\n<meta property=\"og:type\" content=\"article\" \/>\n<meta property=\"og:title\" content=\"Iridium Extreme -\" \/>\n<meta property=\"og:description\" content=\"Caracter\u00edsticas   Dimensiones: 140 mm (L) x 60 mm (W) x 27 mm (D)  Peso: 247 g (9,4 oz)  Receptor GPS incorporado  Tiempo m\u00e1ximo bater\u00eda en modo espera: hasta 30 horas  Tiempo m\u00e1ximo bater\u00eda en conversaci\u00f3n: hasta 4 horas  Certificaci\u00f3n militar MIL-STD 810F  Indice de Protecci\u00f3n IP65  Pantalla LCD iluminada de 200 Caracteres  Altavoz Integrado  Recepci\u00f3n y env\u00edo de SMS  Recepci\u00f3n y env\u00edo de correos electr\u00f3nicos cortos (160 Caracteres)  Buz\u00f3n de mensajes de voz, n\u00fameros y texto.  Contrase\u00f1a configurable\" \/>\n<meta property=\"og:url\" content=\"https:\/\/tecplan.com.gt\/en\/product\/iridium-extreme\/\" \/>\n<meta property=\"article:modified_time\" content=\"2023-10-17T13:51:18+00:00\" \/>\n<meta property=\"og:image\" content=\"https:\/\/tecplan.com.gt\/wp-content\/uploads\/2023\/01\/Diseno-sin-titulo-38.png\" \/>\n\t<meta property=\"og:image:width\" content=\"1080\" \/>\n\t<meta property=\"og:image:height\" content=\"1080\" \/>\n\t<meta property=\"og:image:type\" content=\"image\/png\" \/>\n<meta name=\"twitter:card\" content=\"summary_large_image\" \/>\n<meta name=\"twitter:label1\" content=\"Est. reading time\" \/>\n\t<meta name=\"twitter:data1\" content=\"1 minute\" \/>\n<script type=\"application\/ld+json\" class=\"yoast-schema-graph\">{\"@context\":\"https:\/\/schema.org\",\"@graph\":[{\"@type\":\"WebPage\",\"@id\":\"https:\/\/tecplan.com.gt\/producto\/iridium-extreme\/\",\"url\":\"https:\/\/tecplan.com.gt\/producto\/iridium-extreme\/\",\"name\":\"Iridium Extreme -\",\"isPartOf\":{\"@id\":\"https:\/\/tecplan.com.gt\/#website\"},\"primaryImageOfPage\":{\"@id\":\"https:\/\/tecplan.com.gt\/producto\/iridium-extreme\/#primaryimage\"},\"image\":{\"@id\":\"https:\/\/tecplan.com.gt\/producto\/iridium-extreme\/#primaryimage\"},\"thumbnailUrl\":\"\/wp-content\/uploads\/2023\/01\/Diseno-sin-titulo-38.png\",\"datePublished\":\"2023-01-27T21:35:27+00:00\",\"dateModified\":\"2023-10-17T13:51:18+00:00\",\"breadcrumb\":{\"@id\":\"https:\/\/tecplan.com.gt\/producto\/iridium-extreme\/#breadcrumb\"},\"inLanguage\":\"en-US\",\"potentialAction\":[{\"@type\":\"ReadAction\",\"target\":[\"https:\/\/tecplan.com.gt\/producto\/iridium-extreme\/\"]}]},{\"@type\":\"ImageObject\",\"inLanguage\":\"en-US\",\"@id\":\"https:\/\/tecplan.com.gt\/producto\/iridium-extreme\/#primaryimage\",\"url\":\"\/wp-content\/uploads\/2023\/01\/Diseno-sin-titulo-38.png\",\"contentUrl\":\"\/wp-content\/uploads\/2023\/01\/Diseno-sin-titulo-38.png\",\"width\":1080,\"height\":1080},{\"@type\":\"BreadcrumbList\",\"@id\":\"https:\/\/tecplan.com.gt\/producto\/iridium-extreme\/#breadcrumb\",\"itemListElement\":[{\"@type\":\"ListItem\",\"position\":1,\"name\":\"Portada\",\"item\":\"https:\/\/tecplan.com.gt\/\"},{\"@type\":\"ListItem\",\"position\":2,\"name\":\"Productos\",\"item\":\"https:\/\/tecplan.com.gt\/shop\/\"},{\"@type\":\"ListItem\",\"position\":3,\"name\":\"Iridium Extreme\"}]},{\"@type\":\"WebSite\",\"@id\":\"https:\/\/tecplan.com.gt\/#website\",\"url\":\"https:\/\/tecplan.com.gt\/\",\"name\":\"Tecplan Argentina\",\"description\":\"Tecnolog\u00edas y equipos de telecomunicaciones\",\"publisher\":{\"@id\":\"https:\/\/tecplan.com.gt\/#organization\"},\"potentialAction\":[{\"@type\":\"SearchAction\",\"target\":{\"@type\":\"EntryPoint\",\"urlTemplate\":\"https:\/\/tecplan.com.gt\/?s={search_term_string}\"},\"query-input\":{\"@type\":\"PropertyValueSpecification\",\"valueRequired\":true,\"valueName\":\"search_term_string\"}}],\"inLanguage\":\"en-US\"},{\"@type\":\"Organization\",\"@id\":\"https:\/\/tecplan.com.gt\/#organization\",\"name\":\"Tecplan Argentina\",\"url\":\"https:\/\/tecplan.com.gt\/\",\"logo\":{\"@type\":\"ImageObject\",\"inLanguage\":\"en-US\",\"@id\":\"https:\/\/tecplan.com.gt\/#\/schema\/logo\/image\/\",\"url\":\"\/wp-content\/uploads\/2023\/03\/logo-tecplan.gif\",\"contentUrl\":\"\/wp-content\/uploads\/2023\/03\/logo-tecplan.gif\",\"width\":1920,\"height\":486,\"caption\":\"Tecplan Argentina\"},\"image\":{\"@id\":\"https:\/\/tecplan.com.gt\/#\/schema\/logo\/image\/\"}}]}<\/script>\n<!-- \/ Yoast SEO plugin. -->","yoast_head_json":{"title":"Iridium Extreme -","robots":{"index":"index","follow":"follow","max-snippet":"max-snippet:-1","max-image-preview":"max-image-preview:large","max-video-preview":"max-video-preview:-1"},"canonical":"https:\/\/tecplan.com.gt\/en\/product\/iridium-extreme\/","og_locale":"en_US","og_type":"article","og_title":"Iridium Extreme -","og_description":"Caracter\u00edsticas   Dimensiones: 140 mm (L) x 60 mm (W) x 27 mm (D)  Peso: 247 g (9,4 oz)  Receptor GPS incorporado  Tiempo m\u00e1ximo bater\u00eda en modo espera: hasta 30 horas  Tiempo m\u00e1ximo bater\u00eda en conversaci\u00f3n: hasta 4 horas  Certificaci\u00f3n militar MIL-STD 810F  Indice de Protecci\u00f3n IP65  Pantalla LCD iluminada de 200 Caracteres  Altavoz Integrado  Recepci\u00f3n y env\u00edo de SMS  Recepci\u00f3n y env\u00edo de correos electr\u00f3nicos cortos (160 Caracteres)  Buz\u00f3n de mensajes de voz, n\u00fameros y texto.  Contrase\u00f1a configurable","og_url":"https:\/\/tecplan.com.gt\/en\/product\/iridium-extreme\/","article_modified_time":"2023-10-17T13:51:18+00:00","og_image":[{"width":1080,"height":1080,"url":"https:\/\/tecplan.com.gt\/wp-content\/uploads\/2023\/01\/Diseno-sin-titulo-38.png","type":"image\/png"}],"twitter_card":"summary_large_image","twitter_misc":{"Est. reading time":"1 minute"},"schema":{"@context":"https:\/\/schema.org","@graph":[{"@type":"WebPage","@id":"https:\/\/tecplan.com.gt\/producto\/iridium-extreme\/","url":"https:\/\/tecplan.com.gt\/producto\/iridium-extreme\/","name":"Iridium Extreme -","isPartOf":{"@id":"https:\/\/tecplan.com.gt\/#website"},"primaryImageOfPage":{"@id":"https:\/\/tecplan.com.gt\/producto\/iridium-extreme\/#primaryimage"},"image":{"@id":"https:\/\/tecplan.com.gt\/producto\/iridium-extreme\/#primaryimage"},"thumbnailUrl":"\/wp-content\/uploads\/2023\/01\/Diseno-sin-titulo-38.png","datePublished":"2023-01-27T21:35:27+00:00","dateModified":"2023-10-17T13:51:18+00:00","breadcrumb":{"@id":"https:\/\/tecplan.com.gt\/producto\/iridium-extreme\/#breadcrumb"},"inLanguage":"en-US","potentialAction":[{"@type":"ReadAction","target":["https:\/\/tecplan.com.gt\/producto\/iridium-extreme\/"]}]},{"@type":"ImageObject","inLanguage":"en-US","@id":"https:\/\/tecplan.com.gt\/producto\/iridium-extreme\/#primaryimage","url":"\/wp-content\/uploads\/2023\/01\/Diseno-sin-titulo-38.png","contentUrl":"\/wp-content\/uploads\/2023\/01\/Diseno-sin-titulo-38.png","width":1080,"height":1080},{"@type":"BreadcrumbList","@id":"https:\/\/tecplan.com.gt\/producto\/iridium-extreme\/#breadcrumb","itemListElement":[{"@type":"ListItem","position":1,"name":"Portada","item":"https:\/\/tecplan.com.gt\/"},{"@type":"ListItem","position":2,"name":"Productos","item":"https:\/\/tecplan.com.gt\/shop\/"},{"@type":"ListItem","position":3,"name":"Iridium Extreme"}]},{"@type":"WebSite","@id":"https:\/\/tecplan.com.gt\/#website","url":"https:\/\/tecplan.com.gt\/","name":"Tecplan Argentina","description":"Tecnolog\u00edas y equipos de telecomunicaciones","publisher":{"@id":"https:\/\/tecplan.com.gt\/#organization"},"potentialAction":[{"@type":"SearchAction","target":{"@type":"EntryPoint","urlTemplate":"https:\/\/tecplan.com.gt\/?s={search_term_string}"},"query-input":{"@type":"PropertyValueSpecification","valueRequired":true,"valueName":"search_term_string"}}],"inLanguage":"en-US"},{"@type":"Organization","@id":"https:\/\/tecplan.com.gt\/#organization","name":"Tecplan Argentina","url":"https:\/\/tecplan.com.gt\/","logo":{"@type":"ImageObject","inLanguage":"en-US","@id":"https:\/\/tecplan.com.gt\/#\/schema\/logo\/image\/","url":"\/wp-content\/uploads\/2023\/03\/logo-tecplan.gif","contentUrl":"\/wp-content\/uploads\/2023\/03\/logo-tecplan.gif","width":1920,"height":486,"caption":"Tecplan Argentina"},"image":{"@id":"https:\/\/tecplan.com.gt\/#\/schema\/logo\/image\/"}}]}},"_links":{"self":[{"href":"https:\/\/tecplan.com.gt\/en\/wp-json\/wp\/v2\/product\/2397"}],"collection":[{"href":"https:\/\/tecplan.com.gt\/en\/wp-json\/wp\/v2\/product"}],"about":[{"href":"https:\/\/tecplan.com.gt\/en\/wp-json\/wp\/v2\/types\/product"}],"replies":[{"embeddable":true,"href":"https:\/\/tecplan.com.gt\/en\/wp-json\/wp\/v2\/comments?post=2397"}],"version-history":[{"count":0,"href":"https:\/\/tecplan.com.gt\/en\/wp-json\/wp\/v2\/product\/2397\/revisions"}],"wp:featuredmedia":[{"embeddable":true,"href":"https:\/\/tecplan.com.gt\/en\/wp-json\/wp\/v2\/media\/4045"}],"wp:attachment":[{"href":"https:\/\/tecplan.com.gt\/en\/wp-json\/wp\/v2\/media?parent=2397"}],"wp:term":[{"taxonomy":"product_brand","embeddable":true,"href":"https:\/\/tecplan.com.gt\/en\/wp-json\/wp\/v2\/product_brand?post=2397"},{"taxonomy":"product_cat","embeddable":true,"href":"https:\/\/tecplan.com.gt\/en\/wp-json\/wp\/v2\/product_cat?post=2397"},{"taxonomy":"product_tag","embeddable":true,"href":"https:\/\/tecplan.com.gt\/en\/wp-json\/wp\/v2\/product_tag?post=2397"}],"curies":[{"name":"wp","href":"https:\/\/api.w.org\/{rel}","templated":true}]}}