{"id":2402,"date":"2023-02-02T19:13:21","date_gmt":"2023-02-02T22:13:21","guid":{"rendered":"https:\/\/tecplan.com.gt\/?post_type=product&#038;p=2402"},"modified":"2024-01-22T20:01:15","modified_gmt":"2024-01-22T23:01:15","slug":"iridium-go-exec","status":"publish","type":"product","link":"https:\/\/tecplan.com.gt\/en\/product\/iridium-go-exec\/","title":{"rendered":"Iridium GO! exec"},"content":{"rendered":"<p><span style=\"font-size: 16px;\">Iridium GO! exec\u2122 is a portable wireless access device for smartphones and laptops. Powered by the mid-band Iridium Certus\u00ae 100, it enables Wi-Fi connectivity for select messaging, email, social networking, weather and light Internet navigation applications, as well as simultaneous access to two high-quality voice lines for calls to friends, family and coworkers.<br \/>\n<\/span><\/p>\n<p><span style=\"font-size: 16px;\">This lightweight, compact product offers portable personal and office connectivity and combines the features of a battery-powered Wi-Fi access device with the built-in functionality of an Iridium\u00ae satellite phone. Users can make phone calls directly on Iridium GO! exec using the built-in speaker and microphone or connect wirelessly to the device within a range of up to 30 m (100 f) from their smartphone using an Iridium GO! Exec app for phone calls and Internet access.<\/span><\/p>","protected":false},"excerpt":{"rendered":"<p><strong>Characteristics\u00a0<\/strong><\/p>\n<ul class=\"text-left\">\n<li>Modern, compact and portable design with color touch screen<\/li>\n<li>Up to 22 Kbps transmit \/ Up to 88 Kbps receive<\/li>\n<li>Built-in secure Wi-Fi connectivity<\/li>\n<li>Multi-user access for up to two voice calls or multiple data connections simultaneously<\/li>\n<li>Integrated speaker and microphone functionality<\/li>\n<li>Dual USB-C ports, ethernet and external antenna\/GPS<\/li>\n<li>Standard applications with open connection or application\/web filtering<\/li>\n<li>Easy setup and use with no pointing required; power on &amp; connect by simply lifting the antenna<\/li>\n<li>Operate from a fixed or mobile location with omnidirectional connectivity<\/li>\n<\/ul>","protected":false},"featured_media":6214,"comment_status":"open","ping_status":"closed","template":"","meta":{"site-sidebar-layout":"default","site-content-layout":"","ast-site-content-layout":"default","site-content-style":"default","site-sidebar-style":"default","ast-global-header-display":"","ast-banner-title-visibility":"","ast-main-header-display":"","ast-hfb-above-header-display":"","ast-hfb-below-header-display":"","ast-hfb-mobile-header-display":"","site-post-title":"","ast-breadcrumbs-content":"","ast-featured-img":"","footer-sml-layout":"","theme-transparent-header-meta":"default","adv-header-id-meta":"","stick-header-meta":"","header-above-stick-meta":"","header-main-stick-meta":"","header-below-stick-meta":"","astra-migrate-meta-layouts":"set","ast-page-background-enabled":"default","ast-page-background-meta":{"desktop":{"background-color":"var(--ast-global-color-4)","background-image":"","background-repeat":"repeat","background-position":"center center","background-size":"auto","background-attachment":"scroll","background-type":"","background-media":"","overlay-type":"","overlay-color":"","overlay-opacity":"","overlay-gradient":""},"tablet":{"background-color":"","background-image":"","background-repeat":"repeat","background-position":"center center","background-size":"auto","background-attachment":"scroll","background-type":"","background-media":"","overlay-type":"","overlay-color":"","overlay-opacity":"","overlay-gradient":""},"mobile":{"background-color":"","background-image":"","background-repeat":"repeat","background-position":"center center","background-size":"auto","background-attachment":"scroll","background-type":"","background-media":"","overlay-type":"","overlay-color":"","overlay-opacity":"","overlay-gradient":""}},"ast-content-background-meta":{"desktop":{"background-color":"var(--ast-global-color-5)","background-image":"","background-repeat":"repeat","background-position":"center center","background-size":"auto","background-attachment":"scroll","background-type":"","background-media":"","overlay-type":"","overlay-color":"","overlay-opacity":"","overlay-gradient":""},"tablet":{"background-color":"var(--ast-global-color-5)","background-image":"","background-repeat":"repeat","background-position":"center center","background-size":"auto","background-attachment":"scroll","background-type":"","background-media":"","overlay-type":"","overlay-color":"","overlay-opacity":"","overlay-gradient":""},"mobile":{"background-color":"var(--ast-global-color-5)","background-image":"","background-repeat":"repeat","background-position":"center center","background-size":"auto","background-attachment":"scroll","background-type":"","background-media":"","overlay-type":"","overlay-color":"","overlay-opacity":"","overlay-gradient":""}}},"product_brand":[],"product_cat":[44],"product_tag":[66],"class_list":{"0":"post-2402","1":"product","2":"type-product","3":"status-publish","4":"has-post-thumbnail","6":"product_cat-iridium","7":"product_tag-iridium","8":"desktop-align-left","9":"tablet-align-left","10":"mobile-align-left","12":"first","13":"instock","14":"shipping-taxable","15":"product-type-simple"},"yoast_head":"<!-- This site is optimized with the Yoast SEO plugin v24.6 - https:\/\/yoast.com\/wordpress\/plugins\/seo\/ -->\n<title>Iridium GO! exec -<\/title>\n<meta name=\"robots\" content=\"index, follow, max-snippet:-1, max-image-preview:large, max-video-preview:-1\" \/>\n<link rel=\"canonical\" href=\"https:\/\/tecplan.com.gt\/en\/product\/iridium-go-exec\/\" \/>\n<meta property=\"og:locale\" content=\"en_US\" \/>\n<meta property=\"og:type\" content=\"article\" \/>\n<meta property=\"og:title\" content=\"Iridium GO! exec -\" \/>\n<meta property=\"og:description\" content=\"Caracter\u00edsticas\u00a0   Dise\u00f1o moderno, compacto y port\u00e1til con pantalla t\u00e1ctil a color  Hasta 22 Kbps de transmisi\u00f3n \/ Hasta 88 Kbps de recepci\u00f3n  Conectividad Wi-Fi segura incorporada  Acceso multiusuario para hasta dos llamadas de voz o m\u00faltiples datos conexiones simult\u00e1neamente  Funcionalidad integrada de altavoz y micr\u00f3fono  Puertos duales USB-C, ethernet y antena externa\/GPS  Aplicaciones est\u00e1ndar con conexi\u00f3n abierta o filtrado de aplicaciones\/web  F\u00e1cil configuraci\u00f3n y uso sin necesidad de apuntar; encendido &amp; con\u00e9ctese simplemente levantando la antena  Opere desde una ubicaci\u00f3n fija o m\u00f3vil con omnidireccional conectividad\" \/>\n<meta property=\"og:url\" content=\"https:\/\/tecplan.com.gt\/en\/product\/iridium-go-exec\/\" \/>\n<meta property=\"article:modified_time\" content=\"2024-01-22T23:01:15+00:00\" \/>\n<meta property=\"og:image\" content=\"https:\/\/tecplan.com.gt\/wp-content\/uploads\/2023\/02\/Iridium-GO-exec-01.jpg\" \/>\n\t<meta property=\"og:image:width\" content=\"2000\" \/>\n\t<meta property=\"og:image:height\" content=\"2000\" \/>\n\t<meta property=\"og:image:type\" content=\"image\/jpeg\" \/>\n<meta name=\"twitter:card\" content=\"summary_large_image\" \/>\n<meta name=\"twitter:label1\" content=\"Est. reading time\" \/>\n\t<meta name=\"twitter:data1\" content=\"1 minute\" \/>\n<script type=\"application\/ld+json\" class=\"yoast-schema-graph\">{\"@context\":\"https:\/\/schema.org\",\"@graph\":[{\"@type\":\"WebPage\",\"@id\":\"https:\/\/tecplan.com.gt\/producto\/iridium-go-exec\/\",\"url\":\"https:\/\/tecplan.com.gt\/producto\/iridium-go-exec\/\",\"name\":\"Iridium GO! exec -\",\"isPartOf\":{\"@id\":\"https:\/\/tecplan.com.gt\/#website\"},\"primaryImageOfPage\":{\"@id\":\"https:\/\/tecplan.com.gt\/producto\/iridium-go-exec\/#primaryimage\"},\"image\":{\"@id\":\"https:\/\/tecplan.com.gt\/producto\/iridium-go-exec\/#primaryimage\"},\"thumbnailUrl\":\"\/wp-content\/uploads\/2023\/02\/Iridium-GO-exec-01.jpg\",\"datePublished\":\"2023-02-02T22:13:21+00:00\",\"dateModified\":\"2024-01-22T23:01:15+00:00\",\"breadcrumb\":{\"@id\":\"https:\/\/tecplan.com.gt\/producto\/iridium-go-exec\/#breadcrumb\"},\"inLanguage\":\"en-US\",\"potentialAction\":[{\"@type\":\"ReadAction\",\"target\":[\"https:\/\/tecplan.com.gt\/producto\/iridium-go-exec\/\"]}]},{\"@type\":\"ImageObject\",\"inLanguage\":\"en-US\",\"@id\":\"https:\/\/tecplan.com.gt\/producto\/iridium-go-exec\/#primaryimage\",\"url\":\"\/wp-content\/uploads\/2023\/02\/Iridium-GO-exec-01.jpg\",\"contentUrl\":\"\/wp-content\/uploads\/2023\/02\/Iridium-GO-exec-01.jpg\",\"width\":2000,\"height\":2000},{\"@type\":\"BreadcrumbList\",\"@id\":\"https:\/\/tecplan.com.gt\/producto\/iridium-go-exec\/#breadcrumb\",\"itemListElement\":[{\"@type\":\"ListItem\",\"position\":1,\"name\":\"Portada\",\"item\":\"https:\/\/tecplan.com.gt\/\"},{\"@type\":\"ListItem\",\"position\":2,\"name\":\"Productos\",\"item\":\"https:\/\/tecplan.com.gt\/shop\/\"},{\"@type\":\"ListItem\",\"position\":3,\"name\":\"Iridium GO! exec\"}]},{\"@type\":\"WebSite\",\"@id\":\"https:\/\/tecplan.com.gt\/#website\",\"url\":\"https:\/\/tecplan.com.gt\/\",\"name\":\"Tecplan Argentina\",\"description\":\"Tecnolog\u00edas y equipos de telecomunicaciones\",\"publisher\":{\"@id\":\"https:\/\/tecplan.com.gt\/#organization\"},\"potentialAction\":[{\"@type\":\"SearchAction\",\"target\":{\"@type\":\"EntryPoint\",\"urlTemplate\":\"https:\/\/tecplan.com.gt\/?s={search_term_string}\"},\"query-input\":{\"@type\":\"PropertyValueSpecification\",\"valueRequired\":true,\"valueName\":\"search_term_string\"}}],\"inLanguage\":\"en-US\"},{\"@type\":\"Organization\",\"@id\":\"https:\/\/tecplan.com.gt\/#organization\",\"name\":\"Tecplan Argentina\",\"url\":\"https:\/\/tecplan.com.gt\/\",\"logo\":{\"@type\":\"ImageObject\",\"inLanguage\":\"en-US\",\"@id\":\"https:\/\/tecplan.com.gt\/#\/schema\/logo\/image\/\",\"url\":\"\/wp-content\/uploads\/2023\/03\/logo-tecplan.gif\",\"contentUrl\":\"\/wp-content\/uploads\/2023\/03\/logo-tecplan.gif\",\"width\":1920,\"height\":486,\"caption\":\"Tecplan Argentina\"},\"image\":{\"@id\":\"https:\/\/tecplan.com.gt\/#\/schema\/logo\/image\/\"}}]}<\/script>\n<!-- \/ Yoast SEO plugin. -->","yoast_head_json":{"title":"Iridium GO! exec -","robots":{"index":"index","follow":"follow","max-snippet":"max-snippet:-1","max-image-preview":"max-image-preview:large","max-video-preview":"max-video-preview:-1"},"canonical":"https:\/\/tecplan.com.gt\/en\/product\/iridium-go-exec\/","og_locale":"en_US","og_type":"article","og_title":"Iridium GO! exec -","og_description":"Caracter\u00edsticas\u00a0   Dise\u00f1o moderno, compacto y port\u00e1til con pantalla t\u00e1ctil a color  Hasta 22 Kbps de transmisi\u00f3n \/ Hasta 88 Kbps de recepci\u00f3n  Conectividad Wi-Fi segura incorporada  Acceso multiusuario para hasta dos llamadas de voz o m\u00faltiples datos conexiones simult\u00e1neamente  Funcionalidad integrada de altavoz y micr\u00f3fono  Puertos duales USB-C, ethernet y antena externa\/GPS  Aplicaciones est\u00e1ndar con conexi\u00f3n abierta o filtrado de aplicaciones\/web  F\u00e1cil configuraci\u00f3n y uso sin necesidad de apuntar; encendido &amp; con\u00e9ctese simplemente levantando la antena  Opere desde una ubicaci\u00f3n fija o m\u00f3vil con omnidireccional conectividad","og_url":"https:\/\/tecplan.com.gt\/en\/product\/iridium-go-exec\/","article_modified_time":"2024-01-22T23:01:15+00:00","og_image":[{"width":2000,"height":2000,"url":"https:\/\/tecplan.com.gt\/wp-content\/uploads\/2023\/02\/Iridium-GO-exec-01.jpg","type":"image\/jpeg"}],"twitter_card":"summary_large_image","twitter_misc":{"Est. reading time":"1 minute"},"schema":{"@context":"https:\/\/schema.org","@graph":[{"@type":"WebPage","@id":"https:\/\/tecplan.com.gt\/producto\/iridium-go-exec\/","url":"https:\/\/tecplan.com.gt\/producto\/iridium-go-exec\/","name":"Iridium GO! exec -","isPartOf":{"@id":"https:\/\/tecplan.com.gt\/#website"},"primaryImageOfPage":{"@id":"https:\/\/tecplan.com.gt\/producto\/iridium-go-exec\/#primaryimage"},"image":{"@id":"https:\/\/tecplan.com.gt\/producto\/iridium-go-exec\/#primaryimage"},"thumbnailUrl":"\/wp-content\/uploads\/2023\/02\/Iridium-GO-exec-01.jpg","datePublished":"2023-02-02T22:13:21+00:00","dateModified":"2024-01-22T23:01:15+00:00","breadcrumb":{"@id":"https:\/\/tecplan.com.gt\/producto\/iridium-go-exec\/#breadcrumb"},"inLanguage":"en-US","potentialAction":[{"@type":"ReadAction","target":["https:\/\/tecplan.com.gt\/producto\/iridium-go-exec\/"]}]},{"@type":"ImageObject","inLanguage":"en-US","@id":"https:\/\/tecplan.com.gt\/producto\/iridium-go-exec\/#primaryimage","url":"\/wp-content\/uploads\/2023\/02\/Iridium-GO-exec-01.jpg","contentUrl":"\/wp-content\/uploads\/2023\/02\/Iridium-GO-exec-01.jpg","width":2000,"height":2000},{"@type":"BreadcrumbList","@id":"https:\/\/tecplan.com.gt\/producto\/iridium-go-exec\/#breadcrumb","itemListElement":[{"@type":"ListItem","position":1,"name":"Portada","item":"https:\/\/tecplan.com.gt\/"},{"@type":"ListItem","position":2,"name":"Productos","item":"https:\/\/tecplan.com.gt\/shop\/"},{"@type":"ListItem","position":3,"name":"Iridium GO! exec"}]},{"@type":"WebSite","@id":"https:\/\/tecplan.com.gt\/#website","url":"https:\/\/tecplan.com.gt\/","name":"Tecplan Argentina","description":"Tecnolog\u00edas y equipos de telecomunicaciones","publisher":{"@id":"https:\/\/tecplan.com.gt\/#organization"},"potentialAction":[{"@type":"SearchAction","target":{"@type":"EntryPoint","urlTemplate":"https:\/\/tecplan.com.gt\/?s={search_term_string}"},"query-input":{"@type":"PropertyValueSpecification","valueRequired":true,"valueName":"search_term_string"}}],"inLanguage":"en-US"},{"@type":"Organization","@id":"https:\/\/tecplan.com.gt\/#organization","name":"Tecplan Argentina","url":"https:\/\/tecplan.com.gt\/","logo":{"@type":"ImageObject","inLanguage":"en-US","@id":"https:\/\/tecplan.com.gt\/#\/schema\/logo\/image\/","url":"\/wp-content\/uploads\/2023\/03\/logo-tecplan.gif","contentUrl":"\/wp-content\/uploads\/2023\/03\/logo-tecplan.gif","width":1920,"height":486,"caption":"Tecplan Argentina"},"image":{"@id":"https:\/\/tecplan.com.gt\/#\/schema\/logo\/image\/"}}]}},"_links":{"self":[{"href":"https:\/\/tecplan.com.gt\/en\/wp-json\/wp\/v2\/product\/2402"}],"collection":[{"href":"https:\/\/tecplan.com.gt\/en\/wp-json\/wp\/v2\/product"}],"about":[{"href":"https:\/\/tecplan.com.gt\/en\/wp-json\/wp\/v2\/types\/product"}],"replies":[{"embeddable":true,"href":"https:\/\/tecplan.com.gt\/en\/wp-json\/wp\/v2\/comments?post=2402"}],"version-history":[{"count":0,"href":"https:\/\/tecplan.com.gt\/en\/wp-json\/wp\/v2\/product\/2402\/revisions"}],"wp:featuredmedia":[{"embeddable":true,"href":"https:\/\/tecplan.com.gt\/en\/wp-json\/wp\/v2\/media\/6214"}],"wp:attachment":[{"href":"https:\/\/tecplan.com.gt\/en\/wp-json\/wp\/v2\/media?parent=2402"}],"wp:term":[{"taxonomy":"product_brand","embeddable":true,"href":"https:\/\/tecplan.com.gt\/en\/wp-json\/wp\/v2\/product_brand?post=2402"},{"taxonomy":"product_cat","embeddable":true,"href":"https:\/\/tecplan.com.gt\/en\/wp-json\/wp\/v2\/product_cat?post=2402"},{"taxonomy":"product_tag","embeddable":true,"href":"https:\/\/tecplan.com.gt\/en\/wp-json\/wp\/v2\/product_tag?post=2402"}],"curies":[{"name":"wp","href":"https:\/\/api.w.org\/{rel}","templated":true}]}}