{"id":2408,"date":"2023-02-02T19:26:56","date_gmt":"2023-02-02T22:26:56","guid":{"rendered":"https:\/\/tecplan.com.gt\/?post_type=product&#038;p=2408"},"modified":"2024-05-03T18:48:54","modified_gmt":"2024-05-03T22:48:54","slug":"central-loose-tube-outdoor-cable%ef%bc%88gyxtw%ef%bc%89","status":"publish","type":"product","link":"https:\/\/tecplan.com.gt\/en\/product\/central-loose-tube-outdoor-cable%ef%bc%88gyxtw%ef%bc%89\/","title":{"rendered":"Central loose tube outer cable\uff08GYXTW\uff09"},"content":{"rendered":"<div data-elementor-type=\"product-post\" data-elementor-id=\"2408\" class=\"elementor elementor-2408\" data-elementor-post-type=\"product\">\n\t\t\t\t<div class=\"elementor-element elementor-element-60fd54ab e-flex e-con-boxed e-con e-parent\" data-id=\"60fd54ab\" data-element_type=\"container\">\n\t\t\t\t\t<div class=\"e-con-inner\">\n\t\t\t\t<div class=\"elementor-element elementor-element-3b3dd548 elementor-widget elementor-widget-text-editor\" data-id=\"3b3dd548\" data-element_type=\"widget\" data-widget_type=\"text-editor.default\">\n\t\t\t\t<div class=\"elementor-widget-container\">\n\t\t\t\t\t\t\t\t\tLoose tube outer cable core\n\nApplications\r\n<ul>\r\n \t<li>Adopted for outdoor distribution.<\/li>\r\n \t<li>Suitable for overhead pipe laying method<\/li>\r\n \t<li>Local and long distance area network communication<\/li>\r\n<\/ul>\r\nCharacteristics\r\n<ul>\r\n \t<li>The parallel member filling of steel wire protects the fiber steel tape of the armored tube.<\/li>\r\n \t<li>Excellent mechanical and environmental performance.<\/li>\r\n \t<li>Adopt the light weight of compact structure of optical fiber ribbon.<\/li>\r\n<\/ul>\t\t\t\t\t\t\t\t<\/div>\n\t\t\t\t<\/div>\n\t\t\t\t\t<\/div>\n\t\t\t\t<\/div>\n\t\t<div class=\"elementor-element elementor-element-7e62b4f e-flex e-con-boxed e-con e-parent\" data-id=\"7e62b4f\" data-element_type=\"container\">\n\t\t\t\t\t<div class=\"e-con-inner\">\n\t\t\t\t<div class=\"elementor-element elementor-element-513ce08 elementor-widget elementor-widget-button\" data-id=\"513ce08\" data-element_type=\"widget\" data-widget_type=\"button.default\">\n\t\t\t\t<div class=\"elementor-widget-container\">\n\t\t\t\t\t\t\t\t\t<div class=\"elementor-button-wrapper\">\n\t\t\t\t\t<a class=\"elementor-button elementor-button-link elementor-size-sm\" href=\"https:\/\/drive.google.com\/file\/d\/1PMx7ftAmVE3gk0FuGxvO9tOeu7vKqlHT\/view?usp=sharing\">\n\t\t\t\t\t\t<span class=\"elementor-button-content-wrapper\">\n\t\t\t\t\t\t\t\t\t<span class=\"elementor-button-text\">Download Technical Sheet<\/span>\n\t\t\t\t\t<\/span>\n\t\t\t\t\t<\/a>\n\t\t\t\t<\/div>\n\t\t\t\t\t\t\t\t<\/div>\n\t\t\t\t<\/div>\n\t\t\t\t\t<\/div>\n\t\t\t\t<\/div>\n\t\t\t\t<\/div>","protected":false},"excerpt":{"rendered":"<p><strong><br \/>Central loose tube outer cable\uff08GYXTW\uff09<\/br><\/strong><\/p>\n<p style=\"text-align: justify;\"> GYXTW Cable is for outdoor with fibers placed in a loose tube made of a high modulus plastic, the tubes are filled with a water resistant filling compound and also wrapped with a layer of corrugated steel tape. Between the corrugated steel tape and the loose tube water blocking materials are applied to keep the cable compact and waterproof.<\/p>\n<div id=\"gtx-trans\" style=\"position: absolute; left: 12px; top: 308.922px;\">\n<div class=\"gtx-trans-icon\"><\/div>\n<\/div>","protected":false},"featured_media":6303,"comment_status":"open","ping_status":"closed","template":"","meta":{"site-sidebar-layout":"default","site-content-layout":"","ast-site-content-layout":"default","site-content-style":"default","site-sidebar-style":"default","ast-global-header-display":"","ast-banner-title-visibility":"","ast-main-header-display":"","ast-hfb-above-header-display":"","ast-hfb-below-header-display":"","ast-hfb-mobile-header-display":"","site-post-title":"","ast-breadcrumbs-content":"","ast-featured-img":"","footer-sml-layout":"","theme-transparent-header-meta":"default","adv-header-id-meta":"","stick-header-meta":"","header-above-stick-meta":"","header-main-stick-meta":"","header-below-stick-meta":"","astra-migrate-meta-layouts":"set","ast-page-background-enabled":"default","ast-page-background-meta":{"desktop":{"background-color":"var(--ast-global-color-4)","background-image":"","background-repeat":"repeat","background-position":"center center","background-size":"auto","background-attachment":"scroll","background-type":"","background-media":"","overlay-type":"","overlay-color":"","overlay-opacity":"","overlay-gradient":""},"tablet":{"background-color":"","background-image":"","background-repeat":"repeat","background-position":"center center","background-size":"auto","background-attachment":"scroll","background-type":"","background-media":"","overlay-type":"","overlay-color":"","overlay-opacity":"","overlay-gradient":""},"mobile":{"background-color":"","background-image":"","background-repeat":"repeat","background-position":"center center","background-size":"auto","background-attachment":"scroll","background-type":"","background-media":"","overlay-type":"","overlay-color":"","overlay-opacity":"","overlay-gradient":""}},"ast-content-background-meta":{"desktop":{"background-color":"var(--ast-global-color-5)","background-image":"","background-repeat":"repeat","background-position":"center center","background-size":"auto","background-attachment":"scroll","background-type":"","background-media":"","overlay-type":"","overlay-color":"","overlay-opacity":"","overlay-gradient":""},"tablet":{"background-color":"var(--ast-global-color-5)","background-image":"","background-repeat":"repeat","background-position":"center center","background-size":"auto","background-attachment":"scroll","background-type":"","background-media":"","overlay-type":"","overlay-color":"","overlay-opacity":"","overlay-gradient":""},"mobile":{"background-color":"var(--ast-global-color-5)","background-image":"","background-repeat":"repeat","background-position":"center center","background-size":"auto","background-attachment":"scroll","background-type":"","background-media":"","overlay-type":"","overlay-color":"","overlay-opacity":"","overlay-gradient":""}}},"product_brand":[],"product_cat":[45],"product_tag":[58],"class_list":{"0":"post-2408","1":"product","2":"type-product","3":"status-publish","4":"has-post-thumbnail","6":"product_cat-summit","7":"product_tag-summit","8":"desktop-align-left","9":"tablet-align-left","10":"mobile-align-left","12":"first","13":"instock","14":"shipping-taxable","15":"product-type-simple"},"yoast_head":"<!-- This site is optimized with the Yoast SEO plugin v24.6 - https:\/\/yoast.com\/wordpress\/plugins\/seo\/ -->\n<title>Cable exterior de tubo holgado central\uff08GYXTW\uff09 -<\/title>\n<meta name=\"robots\" content=\"index, follow, max-snippet:-1, max-image-preview:large, max-video-preview:-1\" \/>\n<link rel=\"canonical\" href=\"https:\/\/tecplan.com.gt\/en\/product\/central-loose-tube-outdoor-cable\uff08gyxtw\uff09\/\" \/>\n<meta property=\"og:locale\" content=\"en_US\" \/>\n<meta property=\"og:type\" content=\"article\" \/>\n<meta property=\"og:title\" content=\"Cable exterior de tubo holgado central\uff08GYXTW\uff09 -\" \/>\n<meta property=\"og:description\" content=\"Cable exterior de tubo holgado central\uff08GYXTW\uff09   El Cable GYXTW es para exteriores con fibras colocadas en un tubo holgado hecho de un pl\u00e1stico de alto m\u00f3dulo, los tubos est\u00e1n rellenos con un compuesto de relleno resistente al agua y tambi\u00e9n envueltos con una capa de cinta de acero corrugado. Entre la cinta de acero corrugado y los materiales de bloqueo de agua del tubo holgado se aplican para mantener el cable compacto e impermeable.\" \/>\n<meta property=\"og:url\" content=\"https:\/\/tecplan.com.gt\/en\/product\/central-loose-tube-outdoor-cable\uff08gyxtw\uff09\/\" \/>\n<meta property=\"article:modified_time\" content=\"2024-05-03T22:48:54+00:00\" \/>\n<meta property=\"og:image\" content=\"https:\/\/tecplan.com.gt\/wp-content\/uploads\/2023\/02\/Cable-exterior-de-tubo-holgado-central\uff08GYXTW\uff09-01.jpg\" \/>\n\t<meta property=\"og:image:width\" content=\"2000\" \/>\n\t<meta property=\"og:image:height\" content=\"2000\" \/>\n\t<meta property=\"og:image:type\" content=\"image\/jpeg\" \/>\n<meta name=\"twitter:card\" content=\"summary_large_image\" \/>\n<script type=\"application\/ld+json\" class=\"yoast-schema-graph\">{\"@context\":\"https:\/\/schema.org\",\"@graph\":[{\"@type\":\"WebPage\",\"@id\":\"https:\/\/tecplan.com.gt\/producto\/central-loose-tube-outdoor-cable%ef%bc%88gyxtw%ef%bc%89\/\",\"url\":\"https:\/\/tecplan.com.gt\/producto\/central-loose-tube-outdoor-cable%ef%bc%88gyxtw%ef%bc%89\/\",\"name\":\"Cable exterior de tubo holgado central\uff08GYXTW\uff09 -\",\"isPartOf\":{\"@id\":\"https:\/\/tecplan.com.gt\/#website\"},\"primaryImageOfPage\":{\"@id\":\"https:\/\/tecplan.com.gt\/producto\/central-loose-tube-outdoor-cable%ef%bc%88gyxtw%ef%bc%89\/#primaryimage\"},\"image\":{\"@id\":\"https:\/\/tecplan.com.gt\/producto\/central-loose-tube-outdoor-cable%ef%bc%88gyxtw%ef%bc%89\/#primaryimage\"},\"thumbnailUrl\":\"\/wp-content\/uploads\/2023\/02\/Cable-exterior-de-tubo-holgado-central\uff08GYXTW\uff09-01.jpg\",\"datePublished\":\"2023-02-02T22:26:56+00:00\",\"dateModified\":\"2024-05-03T22:48:54+00:00\",\"breadcrumb\":{\"@id\":\"https:\/\/tecplan.com.gt\/producto\/central-loose-tube-outdoor-cable%ef%bc%88gyxtw%ef%bc%89\/#breadcrumb\"},\"inLanguage\":\"en-US\",\"potentialAction\":[{\"@type\":\"ReadAction\",\"target\":[\"https:\/\/tecplan.com.gt\/producto\/central-loose-tube-outdoor-cable%ef%bc%88gyxtw%ef%bc%89\/\"]}]},{\"@type\":\"ImageObject\",\"inLanguage\":\"en-US\",\"@id\":\"https:\/\/tecplan.com.gt\/producto\/central-loose-tube-outdoor-cable%ef%bc%88gyxtw%ef%bc%89\/#primaryimage\",\"url\":\"\/wp-content\/uploads\/2023\/02\/Cable-exterior-de-tubo-holgado-central\uff08GYXTW\uff09-01.jpg\",\"contentUrl\":\"\/wp-content\/uploads\/2023\/02\/Cable-exterior-de-tubo-holgado-central\uff08GYXTW\uff09-01.jpg\",\"width\":2000,\"height\":2000},{\"@type\":\"BreadcrumbList\",\"@id\":\"https:\/\/tecplan.com.gt\/producto\/central-loose-tube-outdoor-cable%ef%bc%88gyxtw%ef%bc%89\/#breadcrumb\",\"itemListElement\":[{\"@type\":\"ListItem\",\"position\":1,\"name\":\"Portada\",\"item\":\"https:\/\/tecplan.com.gt\/\"},{\"@type\":\"ListItem\",\"position\":2,\"name\":\"Productos\",\"item\":\"https:\/\/tecplan.com.gt\/shop\/\"},{\"@type\":\"ListItem\",\"position\":3,\"name\":\"Cable exterior de tubo holgado central\uff08GYXTW\uff09\"}]},{\"@type\":\"WebSite\",\"@id\":\"https:\/\/tecplan.com.gt\/#website\",\"url\":\"https:\/\/tecplan.com.gt\/\",\"name\":\"Tecplan Argentina\",\"description\":\"Tecnolog\u00edas y equipos de telecomunicaciones\",\"publisher\":{\"@id\":\"https:\/\/tecplan.com.gt\/#organization\"},\"potentialAction\":[{\"@type\":\"SearchAction\",\"target\":{\"@type\":\"EntryPoint\",\"urlTemplate\":\"https:\/\/tecplan.com.gt\/?s={search_term_string}\"},\"query-input\":{\"@type\":\"PropertyValueSpecification\",\"valueRequired\":true,\"valueName\":\"search_term_string\"}}],\"inLanguage\":\"en-US\"},{\"@type\":\"Organization\",\"@id\":\"https:\/\/tecplan.com.gt\/#organization\",\"name\":\"Tecplan Argentina\",\"url\":\"https:\/\/tecplan.com.gt\/\",\"logo\":{\"@type\":\"ImageObject\",\"inLanguage\":\"en-US\",\"@id\":\"https:\/\/tecplan.com.gt\/#\/schema\/logo\/image\/\",\"url\":\"\/wp-content\/uploads\/2023\/03\/logo-tecplan.gif\",\"contentUrl\":\"\/wp-content\/uploads\/2023\/03\/logo-tecplan.gif\",\"width\":1920,\"height\":486,\"caption\":\"Tecplan Argentina\"},\"image\":{\"@id\":\"https:\/\/tecplan.com.gt\/#\/schema\/logo\/image\/\"}}]}<\/script>\n<!-- \/ Yoast SEO plugin. -->","yoast_head_json":{"title":"Cable exterior de tubo holgado central\uff08GYXTW\uff09 -","robots":{"index":"index","follow":"follow","max-snippet":"max-snippet:-1","max-image-preview":"max-image-preview:large","max-video-preview":"max-video-preview:-1"},"canonical":"https:\/\/tecplan.com.gt\/en\/product\/central-loose-tube-outdoor-cable\uff08gyxtw\uff09\/","og_locale":"en_US","og_type":"article","og_title":"Cable exterior de tubo holgado central\uff08GYXTW\uff09 -","og_description":"Cable exterior de tubo holgado central\uff08GYXTW\uff09   El Cable GYXTW es para exteriores con fibras colocadas en un tubo holgado hecho de un pl\u00e1stico de alto m\u00f3dulo, los tubos est\u00e1n rellenos con un compuesto de relleno resistente al agua y tambi\u00e9n envueltos con una capa de cinta de acero corrugado. Entre la cinta de acero corrugado y los materiales de bloqueo de agua del tubo holgado se aplican para mantener el cable compacto e impermeable.","og_url":"https:\/\/tecplan.com.gt\/en\/product\/central-loose-tube-outdoor-cable\uff08gyxtw\uff09\/","article_modified_time":"2024-05-03T22:48:54+00:00","og_image":[{"width":2000,"height":2000,"url":"https:\/\/tecplan.com.gt\/wp-content\/uploads\/2023\/02\/Cable-exterior-de-tubo-holgado-central\uff08GYXTW\uff09-01.jpg","type":"image\/jpeg"}],"twitter_card":"summary_large_image","schema":{"@context":"https:\/\/schema.org","@graph":[{"@type":"WebPage","@id":"https:\/\/tecplan.com.gt\/producto\/central-loose-tube-outdoor-cable%ef%bc%88gyxtw%ef%bc%89\/","url":"https:\/\/tecplan.com.gt\/producto\/central-loose-tube-outdoor-cable%ef%bc%88gyxtw%ef%bc%89\/","name":"Cable exterior de tubo holgado central\uff08GYXTW\uff09 -","isPartOf":{"@id":"https:\/\/tecplan.com.gt\/#website"},"primaryImageOfPage":{"@id":"https:\/\/tecplan.com.gt\/producto\/central-loose-tube-outdoor-cable%ef%bc%88gyxtw%ef%bc%89\/#primaryimage"},"image":{"@id":"https:\/\/tecplan.com.gt\/producto\/central-loose-tube-outdoor-cable%ef%bc%88gyxtw%ef%bc%89\/#primaryimage"},"thumbnailUrl":"\/wp-content\/uploads\/2023\/02\/Cable-exterior-de-tubo-holgado-central\uff08GYXTW\uff09-01.jpg","datePublished":"2023-02-02T22:26:56+00:00","dateModified":"2024-05-03T22:48:54+00:00","breadcrumb":{"@id":"https:\/\/tecplan.com.gt\/producto\/central-loose-tube-outdoor-cable%ef%bc%88gyxtw%ef%bc%89\/#breadcrumb"},"inLanguage":"en-US","potentialAction":[{"@type":"ReadAction","target":["https:\/\/tecplan.com.gt\/producto\/central-loose-tube-outdoor-cable%ef%bc%88gyxtw%ef%bc%89\/"]}]},{"@type":"ImageObject","inLanguage":"en-US","@id":"https:\/\/tecplan.com.gt\/producto\/central-loose-tube-outdoor-cable%ef%bc%88gyxtw%ef%bc%89\/#primaryimage","url":"\/wp-content\/uploads\/2023\/02\/Cable-exterior-de-tubo-holgado-central\uff08GYXTW\uff09-01.jpg","contentUrl":"\/wp-content\/uploads\/2023\/02\/Cable-exterior-de-tubo-holgado-central\uff08GYXTW\uff09-01.jpg","width":2000,"height":2000},{"@type":"BreadcrumbList","@id":"https:\/\/tecplan.com.gt\/producto\/central-loose-tube-outdoor-cable%ef%bc%88gyxtw%ef%bc%89\/#breadcrumb","itemListElement":[{"@type":"ListItem","position":1,"name":"Portada","item":"https:\/\/tecplan.com.gt\/"},{"@type":"ListItem","position":2,"name":"Productos","item":"https:\/\/tecplan.com.gt\/shop\/"},{"@type":"ListItem","position":3,"name":"Cable exterior de tubo holgado central\uff08GYXTW\uff09"}]},{"@type":"WebSite","@id":"https:\/\/tecplan.com.gt\/#website","url":"https:\/\/tecplan.com.gt\/","name":"Tecplan Argentina","description":"Tecnolog\u00edas y equipos de telecomunicaciones","publisher":{"@id":"https:\/\/tecplan.com.gt\/#organization"},"potentialAction":[{"@type":"SearchAction","target":{"@type":"EntryPoint","urlTemplate":"https:\/\/tecplan.com.gt\/?s={search_term_string}"},"query-input":{"@type":"PropertyValueSpecification","valueRequired":true,"valueName":"search_term_string"}}],"inLanguage":"en-US"},{"@type":"Organization","@id":"https:\/\/tecplan.com.gt\/#organization","name":"Tecplan Argentina","url":"https:\/\/tecplan.com.gt\/","logo":{"@type":"ImageObject","inLanguage":"en-US","@id":"https:\/\/tecplan.com.gt\/#\/schema\/logo\/image\/","url":"\/wp-content\/uploads\/2023\/03\/logo-tecplan.gif","contentUrl":"\/wp-content\/uploads\/2023\/03\/logo-tecplan.gif","width":1920,"height":486,"caption":"Tecplan Argentina"},"image":{"@id":"https:\/\/tecplan.com.gt\/#\/schema\/logo\/image\/"}}]}},"_links":{"self":[{"href":"https:\/\/tecplan.com.gt\/en\/wp-json\/wp\/v2\/product\/2408"}],"collection":[{"href":"https:\/\/tecplan.com.gt\/en\/wp-json\/wp\/v2\/product"}],"about":[{"href":"https:\/\/tecplan.com.gt\/en\/wp-json\/wp\/v2\/types\/product"}],"replies":[{"embeddable":true,"href":"https:\/\/tecplan.com.gt\/en\/wp-json\/wp\/v2\/comments?post=2408"}],"version-history":[{"count":4,"href":"https:\/\/tecplan.com.gt\/en\/wp-json\/wp\/v2\/product\/2408\/revisions"}],"predecessor-version":[{"id":7549,"href":"https:\/\/tecplan.com.gt\/en\/wp-json\/wp\/v2\/product\/2408\/revisions\/7549"}],"wp:featuredmedia":[{"embeddable":true,"href":"https:\/\/tecplan.com.gt\/en\/wp-json\/wp\/v2\/media\/6303"}],"wp:attachment":[{"href":"https:\/\/tecplan.com.gt\/en\/wp-json\/wp\/v2\/media?parent=2408"}],"wp:term":[{"taxonomy":"product_brand","embeddable":true,"href":"https:\/\/tecplan.com.gt\/en\/wp-json\/wp\/v2\/product_brand?post=2408"},{"taxonomy":"product_cat","embeddable":true,"href":"https:\/\/tecplan.com.gt\/en\/wp-json\/wp\/v2\/product_cat?post=2408"},{"taxonomy":"product_tag","embeddable":true,"href":"https:\/\/tecplan.com.gt\/en\/wp-json\/wp\/v2\/product_tag?post=2408"}],"curies":[{"name":"wp","href":"https:\/\/api.w.org\/{rel}","templated":true}]}}