{"id":2411,"date":"2023-02-06T19:52:46","date_gmt":"2023-02-06T22:52:46","guid":{"rendered":"https:\/\/tecplan.com.gt\/?post_type=product&#038;p=2411"},"modified":"2024-10-10T10:27:19","modified_gmt":"2024-10-10T16:27:19","slug":"4-3-10-male-for-cable-1-2sf","status":"publish","type":"product","link":"https:\/\/tecplan.com.gt\/en\/product\/4-3-10-male-for-cable-1-2sf\/","title":{"rendered":"4.3-10 MALE FOR CABLE 1\/2\u2033SF"},"content":{"rendered":"<div data-elementor-type=\"product-post\" data-elementor-id=\"2411\" class=\"elementor elementor-2411\" data-elementor-post-type=\"product\">\n\t\t\t\t<div class=\"elementor-element elementor-element-a10636c e-flex e-con-boxed e-con e-parent\" data-id=\"a10636c\" data-element_type=\"container\">\n\t\t\t\t\t<div class=\"e-con-inner\">\n\t\t\t\t<div class=\"elementor-element elementor-element-5845e11 elementor-widget elementor-widget-button\" data-id=\"5845e11\" data-element_type=\"widget\" data-widget_type=\"button.default\">\n\t\t\t\t<div class=\"elementor-widget-container\">\n\t\t\t\t\t\t\t\t\t<div class=\"elementor-button-wrapper\">\n\t\t\t\t\t<a class=\"elementor-button elementor-button-link elementor-size-sm\" href=\"https:\/\/drive.google.com\/file\/d\/1nIx-rxmcH3AbYn2tujuFbJL2fifn9rwo\/view?usp=sharing\">\n\t\t\t\t\t\t<span class=\"elementor-button-content-wrapper\">\n\t\t\t\t\t\t\t\t\t<span class=\"elementor-button-text\">Download Technical Sheet<\/span>\n\t\t\t\t\t<\/span>\n\t\t\t\t\t<\/a>\n\t\t\t\t<\/div>\n\t\t\t\t\t\t\t\t<\/div>\n\t\t\t\t<\/div>\n\t\t\t\t<div class=\"elementor-element elementor-element-7b7b8e1a elementor-widget elementor-widget-text-editor\" data-id=\"7b7b8e1a\" data-element_type=\"widget\" data-widget_type=\"text-editor.default\">\n\t\t\t\t<div class=\"elementor-widget-container\">\n\t\t\t\t\t\t\t\t\t<p>&nbsp;<\/p>\n<p><strong>Work environment:<\/strong><\/p>\n<ul>\n<li>Working temperature: -40~ 85\u00b0C<\/li>\n<li>Relative humidity: 90 \uff05 ~95 \uff05\uff08 Temperature: 40\u00b1 2\u2103 \uff09<\/li><\/ul>\t\t\t\t\t\t\t\t<\/div>\n\t\t\t\t<\/div>\n\t\t\t\t\t<\/div>\n\t\t\t\t<\/div>\n\t\t\t\t<\/div>","protected":false},"excerpt":{"rendered":"<p><strong><br \/>4.3-10 MALE FOR CABLE 1\/2\u2033SF<\/strong><\/br><\/p>\n<p style=\"text-align: justify;\">4.3\/10 Rugged \u00bd\u201d SF connector. Compatible with outdoor applications and offer excellent VSWR performance up to 6.0 GHz. Separate electrical and mechanical components provide highly stable performance, whatever the mating pair, allowing for easier installation. Silver-plated contacts and bronze snow bodies offer great conductivity, strength and durability.<\/p>\n<p>&nbsp;<\/p>\n<div id=\"gtx-trans\" style=\"position: absolute; left: -6px; top: -3px;\">\n<div class=\"gtx-trans-icon\"><\/div>\n<\/div>","protected":false},"featured_media":2412,"comment_status":"open","ping_status":"closed","template":"","meta":{"site-sidebar-layout":"default","site-content-layout":"default","ast-site-content-layout":"default","site-content-style":"default","site-sidebar-style":"default","ast-global-header-display":"","ast-banner-title-visibility":"","ast-main-header-display":"","ast-hfb-above-header-display":"","ast-hfb-below-header-display":"","ast-hfb-mobile-header-display":"","site-post-title":"","ast-breadcrumbs-content":"","ast-featured-img":"","footer-sml-layout":"","theme-transparent-header-meta":"default","adv-header-id-meta":"","stick-header-meta":"","header-above-stick-meta":"","header-main-stick-meta":"","header-below-stick-meta":"","astra-migrate-meta-layouts":"set","ast-page-background-enabled":"default","ast-page-background-meta":{"desktop":{"background-color":"var(--ast-global-color-4)","background-image":"","background-repeat":"repeat","background-position":"center center","background-size":"auto","background-attachment":"scroll","background-type":"","background-media":"","overlay-type":"","overlay-color":"","overlay-opacity":"","overlay-gradient":""},"tablet":{"background-color":"","background-image":"","background-repeat":"repeat","background-position":"center center","background-size":"auto","background-attachment":"scroll","background-type":"","background-media":"","overlay-type":"","overlay-color":"","overlay-opacity":"","overlay-gradient":""},"mobile":{"background-color":"","background-image":"","background-repeat":"repeat","background-position":"center center","background-size":"auto","background-attachment":"scroll","background-type":"","background-media":"","overlay-type":"","overlay-color":"","overlay-opacity":"","overlay-gradient":""}},"ast-content-background-meta":{"desktop":{"background-color":"var(--ast-global-color-5)","background-image":"","background-repeat":"repeat","background-position":"center center","background-size":"auto","background-attachment":"scroll","background-type":"","background-media":"","overlay-type":"","overlay-color":"","overlay-opacity":"","overlay-gradient":""},"tablet":{"background-color":"var(--ast-global-color-5)","background-image":"","background-repeat":"repeat","background-position":"center center","background-size":"auto","background-attachment":"scroll","background-type":"","background-media":"","overlay-type":"","overlay-color":"","overlay-opacity":"","overlay-gradient":""},"mobile":{"background-color":"var(--ast-global-color-5)","background-image":"","background-repeat":"repeat","background-position":"center center","background-size":"auto","background-attachment":"scroll","background-type":"","background-media":"","overlay-type":"","overlay-color":"","overlay-opacity":"","overlay-gradient":""}}},"product_brand":[],"product_cat":[20],"product_tag":[],"class_list":{"0":"post-2411","1":"product","2":"type-product","3":"status-publish","4":"has-post-thumbnail","6":"product_cat-radio-frecuencia","7":"desktop-align-left","8":"tablet-align-left","9":"mobile-align-left","11":"first","12":"instock","13":"shipping-taxable","14":"product-type-simple"},"yoast_head":"<!-- This site is optimized with the Yoast SEO plugin v24.6 - https:\/\/yoast.com\/wordpress\/plugins\/seo\/ -->\n<title>4.3-10 MALE FOR CABLE 1\/2&quot;SF -<\/title>\n<meta name=\"robots\" content=\"index, follow, max-snippet:-1, max-image-preview:large, max-video-preview:-1\" \/>\n<link rel=\"canonical\" href=\"https:\/\/tecplan.com.gt\/en\/product\/4-3-10-male-for-cable-1-2sf\/\" \/>\n<meta property=\"og:locale\" content=\"en_US\" \/>\n<meta property=\"og:type\" content=\"article\" \/>\n<meta property=\"og:title\" content=\"4.3-10 MALE FOR CABLE 1\/2&quot;SF -\" \/>\n<meta property=\"og:description\" content=\"4.3-10 MACHO PARA CABLE 1\/2\u2033SF  4.3 \/ 10 conector robusto de \u00bd\u201d SF. Compatible con aplicaciones al aire libre y ofrecen un excelente rendimiento VSWR de hasta 6.0 GHz. Los componentes el\u00e9ctricos y mec\u00e1nicos separados brindan un rendimiento altamente estable, sea cual sea el par de acoplamiento, permitiendo una instalaci\u00f3n m\u00e1s f\u00e1cil. Los contactos plateados y los cuerpos nevados de bronce ofrecen una gran conductividad, resistencia a la durabilidad.  &nbsp;\" \/>\n<meta property=\"og:url\" content=\"https:\/\/tecplan.com.gt\/en\/product\/4-3-10-male-for-cable-1-2sf\/\" \/>\n<meta property=\"article:modified_time\" content=\"2024-10-10T16:27:19+00:00\" \/>\n<meta property=\"og:image\" content=\"https:\/\/tecplan.com.gt\/wp-content\/uploads\/2023\/03\/Captura-de-pantalla-2023-02-06-194701.png\" \/>\n\t<meta property=\"og:image:width\" content=\"313\" \/>\n\t<meta property=\"og:image:height\" content=\"320\" \/>\n\t<meta property=\"og:image:type\" content=\"image\/png\" \/>\n<meta name=\"twitter:card\" content=\"summary_large_image\" \/>\n<script type=\"application\/ld+json\" class=\"yoast-schema-graph\">{\"@context\":\"https:\/\/schema.org\",\"@graph\":[{\"@type\":\"WebPage\",\"@id\":\"https:\/\/tecplan.com.gt\/producto\/4-3-10-male-for-cable-1-2sf\/\",\"url\":\"https:\/\/tecplan.com.gt\/producto\/4-3-10-male-for-cable-1-2sf\/\",\"name\":\"4.3-10 MALE FOR CABLE 1\/2\\\"SF -\",\"isPartOf\":{\"@id\":\"https:\/\/tecplan.com.gt\/#website\"},\"primaryImageOfPage\":{\"@id\":\"https:\/\/tecplan.com.gt\/producto\/4-3-10-male-for-cable-1-2sf\/#primaryimage\"},\"image\":{\"@id\":\"https:\/\/tecplan.com.gt\/producto\/4-3-10-male-for-cable-1-2sf\/#primaryimage\"},\"thumbnailUrl\":\"\/wp-content\/uploads\/2023\/03\/Captura-de-pantalla-2023-02-06-194701.png\",\"datePublished\":\"2023-02-06T22:52:46+00:00\",\"dateModified\":\"2024-10-10T16:27:19+00:00\",\"breadcrumb\":{\"@id\":\"https:\/\/tecplan.com.gt\/producto\/4-3-10-male-for-cable-1-2sf\/#breadcrumb\"},\"inLanguage\":\"en-US\",\"potentialAction\":[{\"@type\":\"ReadAction\",\"target\":[\"https:\/\/tecplan.com.gt\/producto\/4-3-10-male-for-cable-1-2sf\/\"]}]},{\"@type\":\"ImageObject\",\"inLanguage\":\"en-US\",\"@id\":\"https:\/\/tecplan.com.gt\/producto\/4-3-10-male-for-cable-1-2sf\/#primaryimage\",\"url\":\"\/wp-content\/uploads\/2023\/03\/Captura-de-pantalla-2023-02-06-194701.png\",\"contentUrl\":\"\/wp-content\/uploads\/2023\/03\/Captura-de-pantalla-2023-02-06-194701.png\",\"width\":313,\"height\":320},{\"@type\":\"BreadcrumbList\",\"@id\":\"https:\/\/tecplan.com.gt\/producto\/4-3-10-male-for-cable-1-2sf\/#breadcrumb\",\"itemListElement\":[{\"@type\":\"ListItem\",\"position\":1,\"name\":\"Portada\",\"item\":\"https:\/\/tecplan.com.gt\/\"},{\"@type\":\"ListItem\",\"position\":2,\"name\":\"Productos\",\"item\":\"https:\/\/tecplan.com.gt\/shop\/\"},{\"@type\":\"ListItem\",\"position\":3,\"name\":\"4.3-10 MALE FOR CABLE 1\/2&#8243;SF\"}]},{\"@type\":\"WebSite\",\"@id\":\"https:\/\/tecplan.com.gt\/#website\",\"url\":\"https:\/\/tecplan.com.gt\/\",\"name\":\"Tecplan Argentina\",\"description\":\"Tecnolog\u00edas y equipos de telecomunicaciones\",\"publisher\":{\"@id\":\"https:\/\/tecplan.com.gt\/#organization\"},\"potentialAction\":[{\"@type\":\"SearchAction\",\"target\":{\"@type\":\"EntryPoint\",\"urlTemplate\":\"https:\/\/tecplan.com.gt\/?s={search_term_string}\"},\"query-input\":{\"@type\":\"PropertyValueSpecification\",\"valueRequired\":true,\"valueName\":\"search_term_string\"}}],\"inLanguage\":\"en-US\"},{\"@type\":\"Organization\",\"@id\":\"https:\/\/tecplan.com.gt\/#organization\",\"name\":\"Tecplan Argentina\",\"url\":\"https:\/\/tecplan.com.gt\/\",\"logo\":{\"@type\":\"ImageObject\",\"inLanguage\":\"en-US\",\"@id\":\"https:\/\/tecplan.com.gt\/#\/schema\/logo\/image\/\",\"url\":\"\/wp-content\/uploads\/2023\/03\/logo-tecplan.gif\",\"contentUrl\":\"\/wp-content\/uploads\/2023\/03\/logo-tecplan.gif\",\"width\":1920,\"height\":486,\"caption\":\"Tecplan Argentina\"},\"image\":{\"@id\":\"https:\/\/tecplan.com.gt\/#\/schema\/logo\/image\/\"}}]}<\/script>\n<!-- \/ Yoast SEO plugin. -->","yoast_head_json":{"title":"4.3-10 MALE FOR CABLE 1\/2\"SF -","robots":{"index":"index","follow":"follow","max-snippet":"max-snippet:-1","max-image-preview":"max-image-preview:large","max-video-preview":"max-video-preview:-1"},"canonical":"https:\/\/tecplan.com.gt\/en\/product\/4-3-10-male-for-cable-1-2sf\/","og_locale":"en_US","og_type":"article","og_title":"4.3-10 MALE FOR CABLE 1\/2\"SF -","og_description":"4.3-10 MACHO PARA CABLE 1\/2\u2033SF  4.3 \/ 10 conector robusto de \u00bd\u201d SF. Compatible con aplicaciones al aire libre y ofrecen un excelente rendimiento VSWR de hasta 6.0 GHz. Los componentes el\u00e9ctricos y mec\u00e1nicos separados brindan un rendimiento altamente estable, sea cual sea el par de acoplamiento, permitiendo una instalaci\u00f3n m\u00e1s f\u00e1cil. Los contactos plateados y los cuerpos nevados de bronce ofrecen una gran conductividad, resistencia a la durabilidad.  &nbsp;","og_url":"https:\/\/tecplan.com.gt\/en\/product\/4-3-10-male-for-cable-1-2sf\/","article_modified_time":"2024-10-10T16:27:19+00:00","og_image":[{"width":313,"height":320,"url":"https:\/\/tecplan.com.gt\/wp-content\/uploads\/2023\/03\/Captura-de-pantalla-2023-02-06-194701.png","type":"image\/png"}],"twitter_card":"summary_large_image","schema":{"@context":"https:\/\/schema.org","@graph":[{"@type":"WebPage","@id":"https:\/\/tecplan.com.gt\/producto\/4-3-10-male-for-cable-1-2sf\/","url":"https:\/\/tecplan.com.gt\/producto\/4-3-10-male-for-cable-1-2sf\/","name":"4.3-10 MALE FOR CABLE 1\/2\"SF -","isPartOf":{"@id":"https:\/\/tecplan.com.gt\/#website"},"primaryImageOfPage":{"@id":"https:\/\/tecplan.com.gt\/producto\/4-3-10-male-for-cable-1-2sf\/#primaryimage"},"image":{"@id":"https:\/\/tecplan.com.gt\/producto\/4-3-10-male-for-cable-1-2sf\/#primaryimage"},"thumbnailUrl":"\/wp-content\/uploads\/2023\/03\/Captura-de-pantalla-2023-02-06-194701.png","datePublished":"2023-02-06T22:52:46+00:00","dateModified":"2024-10-10T16:27:19+00:00","breadcrumb":{"@id":"https:\/\/tecplan.com.gt\/producto\/4-3-10-male-for-cable-1-2sf\/#breadcrumb"},"inLanguage":"en-US","potentialAction":[{"@type":"ReadAction","target":["https:\/\/tecplan.com.gt\/producto\/4-3-10-male-for-cable-1-2sf\/"]}]},{"@type":"ImageObject","inLanguage":"en-US","@id":"https:\/\/tecplan.com.gt\/producto\/4-3-10-male-for-cable-1-2sf\/#primaryimage","url":"\/wp-content\/uploads\/2023\/03\/Captura-de-pantalla-2023-02-06-194701.png","contentUrl":"\/wp-content\/uploads\/2023\/03\/Captura-de-pantalla-2023-02-06-194701.png","width":313,"height":320},{"@type":"BreadcrumbList","@id":"https:\/\/tecplan.com.gt\/producto\/4-3-10-male-for-cable-1-2sf\/#breadcrumb","itemListElement":[{"@type":"ListItem","position":1,"name":"Portada","item":"https:\/\/tecplan.com.gt\/"},{"@type":"ListItem","position":2,"name":"Productos","item":"https:\/\/tecplan.com.gt\/shop\/"},{"@type":"ListItem","position":3,"name":"4.3-10 MALE FOR CABLE 1\/2&#8243;SF"}]},{"@type":"WebSite","@id":"https:\/\/tecplan.com.gt\/#website","url":"https:\/\/tecplan.com.gt\/","name":"Tecplan Argentina","description":"Tecnolog\u00edas y equipos de telecomunicaciones","publisher":{"@id":"https:\/\/tecplan.com.gt\/#organization"},"potentialAction":[{"@type":"SearchAction","target":{"@type":"EntryPoint","urlTemplate":"https:\/\/tecplan.com.gt\/?s={search_term_string}"},"query-input":{"@type":"PropertyValueSpecification","valueRequired":true,"valueName":"search_term_string"}}],"inLanguage":"en-US"},{"@type":"Organization","@id":"https:\/\/tecplan.com.gt\/#organization","name":"Tecplan Argentina","url":"https:\/\/tecplan.com.gt\/","logo":{"@type":"ImageObject","inLanguage":"en-US","@id":"https:\/\/tecplan.com.gt\/#\/schema\/logo\/image\/","url":"\/wp-content\/uploads\/2023\/03\/logo-tecplan.gif","contentUrl":"\/wp-content\/uploads\/2023\/03\/logo-tecplan.gif","width":1920,"height":486,"caption":"Tecplan Argentina"},"image":{"@id":"https:\/\/tecplan.com.gt\/#\/schema\/logo\/image\/"}}]}},"_links":{"self":[{"href":"https:\/\/tecplan.com.gt\/en\/wp-json\/wp\/v2\/product\/2411"}],"collection":[{"href":"https:\/\/tecplan.com.gt\/en\/wp-json\/wp\/v2\/product"}],"about":[{"href":"https:\/\/tecplan.com.gt\/en\/wp-json\/wp\/v2\/types\/product"}],"replies":[{"embeddable":true,"href":"https:\/\/tecplan.com.gt\/en\/wp-json\/wp\/v2\/comments?post=2411"}],"version-history":[{"count":8,"href":"https:\/\/tecplan.com.gt\/en\/wp-json\/wp\/v2\/product\/2411\/revisions"}],"predecessor-version":[{"id":8922,"href":"https:\/\/tecplan.com.gt\/en\/wp-json\/wp\/v2\/product\/2411\/revisions\/8922"}],"wp:featuredmedia":[{"embeddable":true,"href":"https:\/\/tecplan.com.gt\/en\/wp-json\/wp\/v2\/media\/2412"}],"wp:attachment":[{"href":"https:\/\/tecplan.com.gt\/en\/wp-json\/wp\/v2\/media?parent=2411"}],"wp:term":[{"taxonomy":"product_brand","embeddable":true,"href":"https:\/\/tecplan.com.gt\/en\/wp-json\/wp\/v2\/product_brand?post=2411"},{"taxonomy":"product_cat","embeddable":true,"href":"https:\/\/tecplan.com.gt\/en\/wp-json\/wp\/v2\/product_cat?post=2411"},{"taxonomy":"product_tag","embeddable":true,"href":"https:\/\/tecplan.com.gt\/en\/wp-json\/wp\/v2\/product_tag?post=2411"}],"curies":[{"name":"wp","href":"https:\/\/api.w.org\/{rel}","templated":true}]}}