{"id":2423,"date":"2023-02-06T20:02:31","date_gmt":"2023-02-06T23:02:31","guid":{"rendered":"https:\/\/tecplan.com.gt\/?post_type=product&#038;p=2423"},"modified":"2024-04-23T14:57:16","modified_gmt":"2024-04-23T18:57:16","slug":"coaxial-cable-flex-3-75","status":"publish","type":"product","link":"https:\/\/tecplan.com.gt\/en\/product\/coaxial-cable-flex-3-75\/","title":{"rendered":"Cable Coaxial Flex 3\/75"},"content":{"rendered":"<div data-elementor-type=\"product-post\" data-elementor-id=\"2423\" class=\"elementor elementor-2423\" data-elementor-post-type=\"product\">\n\t\t\t\t<div class=\"elementor-element elementor-element-214044f4 e-flex e-con-boxed e-con e-parent\" data-id=\"214044f4\" data-element_type=\"container\">\n\t\t\t\t\t<div class=\"e-con-inner\">\n\t\t\t\t<div class=\"elementor-element elementor-element-161dc063 elementor-widget elementor-widget-text-editor\" data-id=\"161dc063\" data-element_type=\"widget\" data-widget_type=\"text-editor.default\">\n\t\t\t\t<div class=\"elementor-widget-container\">\n\t\t\t\t\t\t\t\t\t<strong>\r\nCable Coaxial Flex 3\/75 <\/strong>\r\n<p style=\"text-align: justify;\">Flex 3\/75 Coaxial Cable, used to transport high frequency electrical signals, which has two concentric conductors, one of them being the central conductor in charge of carrying the information and the other being the external mesh or braid type that serves as a ground reference and return of the currents.<\/p>\r\n<p style=\"text-align: justify;\">The central conductor is constructed of several twisted strands of tinned copper, 7 x 0.2, and the outer conductor is a double braided mesh of tinned copper.<\/p>\r\n<strong>General Features<\/strong>\r\n<ul>\r\n \t<li>Tinned copper conductor<\/li>\r\n \t<li>Tinned copper braided shielding<\/li>\r\n \t<li>Grey PVC insulation<\/li>\r\n \t<li>FLEX-5\/75 75 Ohm Micro Coaxial Cable Specifications<\/li>\r\n \t<li>Cable micro coaxial Flex 5\/75<\/li>\r\n \t<li>Central Conductor 7 x 0.2mm \u00b1 0.01 in tinned copper<\/li>\r\n \t<li>Double Outer Conductor 80%+90% Tinned Copper Braided Mesh<\/li>\r\n \t<li>Grey PVC cover<\/li>\r\n \t<li>Impedance 75\u03a9<\/li>\r\n<\/ul>\t\t\t\t\t\t\t\t<\/div>\n\t\t\t\t<\/div>\n\t\t\t\t<div class=\"elementor-element elementor-element-ea4477b elementor-widget elementor-widget-button\" data-id=\"ea4477b\" data-element_type=\"widget\" data-widget_type=\"button.default\">\n\t\t\t\t<div class=\"elementor-widget-container\">\n\t\t\t\t\t\t\t\t\t<div class=\"elementor-button-wrapper\">\n\t\t\t\t\t<a class=\"elementor-button elementor-button-link elementor-size-sm\" href=\"https:\/\/drive.google.com\/file\/d\/1ydjSMyW2mlwfH8ZPEX3Afk_6R4eVbH0v\/view?usp=sharing\">\n\t\t\t\t\t\t<span class=\"elementor-button-content-wrapper\">\n\t\t\t\t\t\t\t\t\t<span class=\"elementor-button-text\">Download Technical Sheet<\/span>\n\t\t\t\t\t<\/span>\n\t\t\t\t\t<\/a>\n\t\t\t\t<\/div>\n\t\t\t\t\t\t\t\t<\/div>\n\t\t\t\t<\/div>\n\t\t\t\t\t<\/div>\n\t\t\t\t<\/div>\n\t\t\t\t<\/div>","protected":false},"excerpt":{"rendered":"<p><strong><br \/>\nCable Coaxial Flex 3\/75 <\/strong><\/p>\n<p style=\"text-align: justify;\">Bare copper conductor. Polyethylene insulation. Aluminum-polyester tape screen. Tinned copper braid screen. PVC outer sheath. Tinned copper drain.<\/p>\n<p style=\"text-align: justify;\">Coaxial cable used to transport high-frequency electrical signals that has two concentric conductors, one of them being the central conductor in charge of carrying the information and the other being the external mesh or braid type that serves as a ground reference and return of the currents.<\/p>","protected":false},"featured_media":6265,"comment_status":"open","ping_status":"closed","template":"","meta":{"site-sidebar-layout":"default","site-content-layout":"default","ast-site-content-layout":"default","site-content-style":"default","site-sidebar-style":"default","ast-global-header-display":"","ast-banner-title-visibility":"","ast-main-header-display":"","ast-hfb-above-header-display":"","ast-hfb-below-header-display":"","ast-hfb-mobile-header-display":"","site-post-title":"","ast-breadcrumbs-content":"","ast-featured-img":"","footer-sml-layout":"","theme-transparent-header-meta":"default","adv-header-id-meta":"","stick-header-meta":"","header-above-stick-meta":"","header-main-stick-meta":"","header-below-stick-meta":"","astra-migrate-meta-layouts":"set","ast-page-background-enabled":"default","ast-page-background-meta":{"desktop":{"background-color":"var(--ast-global-color-4)","background-image":"","background-repeat":"repeat","background-position":"center center","background-size":"auto","background-attachment":"scroll","background-type":"","background-media":"","overlay-type":"","overlay-color":"","overlay-opacity":"","overlay-gradient":""},"tablet":{"background-color":"","background-image":"","background-repeat":"repeat","background-position":"center center","background-size":"auto","background-attachment":"scroll","background-type":"","background-media":"","overlay-type":"","overlay-color":"","overlay-opacity":"","overlay-gradient":""},"mobile":{"background-color":"","background-image":"","background-repeat":"repeat","background-position":"center center","background-size":"auto","background-attachment":"scroll","background-type":"","background-media":"","overlay-type":"","overlay-color":"","overlay-opacity":"","overlay-gradient":""}},"ast-content-background-meta":{"desktop":{"background-color":"var(--ast-global-color-5)","background-image":"","background-repeat":"repeat","background-position":"center center","background-size":"auto","background-attachment":"scroll","background-type":"","background-media":"","overlay-type":"","overlay-color":"","overlay-opacity":"","overlay-gradient":""},"tablet":{"background-color":"var(--ast-global-color-5)","background-image":"","background-repeat":"repeat","background-position":"center center","background-size":"auto","background-attachment":"scroll","background-type":"","background-media":"","overlay-type":"","overlay-color":"","overlay-opacity":"","overlay-gradient":""},"mobile":{"background-color":"var(--ast-global-color-5)","background-image":"","background-repeat":"repeat","background-position":"center center","background-size":"auto","background-attachment":"scroll","background-type":"","background-media":"","overlay-type":"","overlay-color":"","overlay-opacity":"","overlay-gradient":""}}},"product_brand":[],"product_cat":[22],"product_tag":[58],"class_list":{"0":"post-2423","1":"product","2":"type-product","3":"status-publish","4":"has-post-thumbnail","6":"product_cat-cables-coaxiales","7":"product_tag-summit","8":"desktop-align-left","9":"tablet-align-left","10":"mobile-align-left","12":"first","13":"instock","14":"shipping-taxable","15":"product-type-simple"},"yoast_head":"<!-- This site is optimized with the Yoast SEO plugin v24.6 - https:\/\/yoast.com\/wordpress\/plugins\/seo\/ -->\n<title>Cable Coaxial Flex 3\/75 -<\/title>\n<meta name=\"robots\" content=\"index, follow, max-snippet:-1, max-image-preview:large, max-video-preview:-1\" \/>\n<link rel=\"canonical\" href=\"https:\/\/tecplan.com.gt\/en\/product\/coaxial-cable-flex-3-75\/\" \/>\n<meta property=\"og:locale\" content=\"en_US\" \/>\n<meta property=\"og:type\" content=\"article\" \/>\n<meta property=\"og:title\" content=\"Cable Coaxial Flex 3\/75 -\" \/>\n<meta property=\"og:description\" content=\"Cable Coaxial Flex 3\/75  Conductor de cobre desnudo. Aislamiento de polietileno. Pantalla en cinta de aluminio-poli\u00e9ster. Pantalla en trenza de cobre esta\u00f1ado. Cubierta exterior de PVC. Drenaje de cobre esta\u00f1ado. Cable coaxial utilizado para transportar se\u00f1ales el\u00e9ctricas de alta frecuencia que posee dos conductores conc\u00e9ntricos, uno de ellos siendo el conductor central encargado de llevar la informaci\u00f3n y el otro el externo tipo malla o trenza que sirve como referencia de tierra y retorno de las corrientes.\" \/>\n<meta property=\"og:url\" content=\"https:\/\/tecplan.com.gt\/en\/product\/coaxial-cable-flex-3-75\/\" \/>\n<meta property=\"article:modified_time\" content=\"2024-04-23T18:57:16+00:00\" \/>\n<meta property=\"og:image\" content=\"https:\/\/tecplan.com.gt\/wp-content\/uploads\/2023\/02\/CABLE-75-OHM-FLEX-3-75-01.jpg\" \/>\n\t<meta property=\"og:image:width\" content=\"2000\" \/>\n\t<meta property=\"og:image:height\" content=\"2000\" \/>\n\t<meta property=\"og:image:type\" content=\"image\/jpeg\" \/>\n<meta name=\"twitter:card\" content=\"summary_large_image\" \/>\n<script type=\"application\/ld+json\" class=\"yoast-schema-graph\">{\"@context\":\"https:\/\/schema.org\",\"@graph\":[{\"@type\":\"WebPage\",\"@id\":\"https:\/\/tecplan.com.gt\/producto\/coaxial-cable-flex-3-75\/\",\"url\":\"https:\/\/tecplan.com.gt\/producto\/coaxial-cable-flex-3-75\/\",\"name\":\"Cable Coaxial Flex 3\/75 -\",\"isPartOf\":{\"@id\":\"https:\/\/tecplan.com.gt\/#website\"},\"primaryImageOfPage\":{\"@id\":\"https:\/\/tecplan.com.gt\/producto\/coaxial-cable-flex-3-75\/#primaryimage\"},\"image\":{\"@id\":\"https:\/\/tecplan.com.gt\/producto\/coaxial-cable-flex-3-75\/#primaryimage\"},\"thumbnailUrl\":\"\/wp-content\/uploads\/2023\/02\/CABLE-75-OHM-FLEX-3-75-01.jpg\",\"datePublished\":\"2023-02-06T23:02:31+00:00\",\"dateModified\":\"2024-04-23T18:57:16+00:00\",\"breadcrumb\":{\"@id\":\"https:\/\/tecplan.com.gt\/producto\/coaxial-cable-flex-3-75\/#breadcrumb\"},\"inLanguage\":\"en-US\",\"potentialAction\":[{\"@type\":\"ReadAction\",\"target\":[\"https:\/\/tecplan.com.gt\/producto\/coaxial-cable-flex-3-75\/\"]}]},{\"@type\":\"ImageObject\",\"inLanguage\":\"en-US\",\"@id\":\"https:\/\/tecplan.com.gt\/producto\/coaxial-cable-flex-3-75\/#primaryimage\",\"url\":\"\/wp-content\/uploads\/2023\/02\/CABLE-75-OHM-FLEX-3-75-01.jpg\",\"contentUrl\":\"\/wp-content\/uploads\/2023\/02\/CABLE-75-OHM-FLEX-3-75-01.jpg\",\"width\":2000,\"height\":2000},{\"@type\":\"BreadcrumbList\",\"@id\":\"https:\/\/tecplan.com.gt\/producto\/coaxial-cable-flex-3-75\/#breadcrumb\",\"itemListElement\":[{\"@type\":\"ListItem\",\"position\":1,\"name\":\"Portada\",\"item\":\"https:\/\/tecplan.com.gt\/\"},{\"@type\":\"ListItem\",\"position\":2,\"name\":\"Productos\",\"item\":\"https:\/\/tecplan.com.gt\/shop\/\"},{\"@type\":\"ListItem\",\"position\":3,\"name\":\"Cable Coaxial Flex 3\/75\"}]},{\"@type\":\"WebSite\",\"@id\":\"https:\/\/tecplan.com.gt\/#website\",\"url\":\"https:\/\/tecplan.com.gt\/\",\"name\":\"Tecplan Argentina\",\"description\":\"Tecnolog\u00edas y equipos de telecomunicaciones\",\"publisher\":{\"@id\":\"https:\/\/tecplan.com.gt\/#organization\"},\"potentialAction\":[{\"@type\":\"SearchAction\",\"target\":{\"@type\":\"EntryPoint\",\"urlTemplate\":\"https:\/\/tecplan.com.gt\/?s={search_term_string}\"},\"query-input\":{\"@type\":\"PropertyValueSpecification\",\"valueRequired\":true,\"valueName\":\"search_term_string\"}}],\"inLanguage\":\"en-US\"},{\"@type\":\"Organization\",\"@id\":\"https:\/\/tecplan.com.gt\/#organization\",\"name\":\"Tecplan Argentina\",\"url\":\"https:\/\/tecplan.com.gt\/\",\"logo\":{\"@type\":\"ImageObject\",\"inLanguage\":\"en-US\",\"@id\":\"https:\/\/tecplan.com.gt\/#\/schema\/logo\/image\/\",\"url\":\"\/wp-content\/uploads\/2023\/03\/logo-tecplan.gif\",\"contentUrl\":\"\/wp-content\/uploads\/2023\/03\/logo-tecplan.gif\",\"width\":1920,\"height\":486,\"caption\":\"Tecplan Argentina\"},\"image\":{\"@id\":\"https:\/\/tecplan.com.gt\/#\/schema\/logo\/image\/\"}}]}<\/script>\n<!-- \/ Yoast SEO plugin. -->","yoast_head_json":{"title":"Cable Coaxial Flex 3\/75 -","robots":{"index":"index","follow":"follow","max-snippet":"max-snippet:-1","max-image-preview":"max-image-preview:large","max-video-preview":"max-video-preview:-1"},"canonical":"https:\/\/tecplan.com.gt\/en\/product\/coaxial-cable-flex-3-75\/","og_locale":"en_US","og_type":"article","og_title":"Cable Coaxial Flex 3\/75 -","og_description":"Cable Coaxial Flex 3\/75  Conductor de cobre desnudo. Aislamiento de polietileno. Pantalla en cinta de aluminio-poli\u00e9ster. Pantalla en trenza de cobre esta\u00f1ado. Cubierta exterior de PVC. Drenaje de cobre esta\u00f1ado. Cable coaxial utilizado para transportar se\u00f1ales el\u00e9ctricas de alta frecuencia que posee dos conductores conc\u00e9ntricos, uno de ellos siendo el conductor central encargado de llevar la informaci\u00f3n y el otro el externo tipo malla o trenza que sirve como referencia de tierra y retorno de las corrientes.","og_url":"https:\/\/tecplan.com.gt\/en\/product\/coaxial-cable-flex-3-75\/","article_modified_time":"2024-04-23T18:57:16+00:00","og_image":[{"width":2000,"height":2000,"url":"https:\/\/tecplan.com.gt\/wp-content\/uploads\/2023\/02\/CABLE-75-OHM-FLEX-3-75-01.jpg","type":"image\/jpeg"}],"twitter_card":"summary_large_image","schema":{"@context":"https:\/\/schema.org","@graph":[{"@type":"WebPage","@id":"https:\/\/tecplan.com.gt\/producto\/coaxial-cable-flex-3-75\/","url":"https:\/\/tecplan.com.gt\/producto\/coaxial-cable-flex-3-75\/","name":"Cable Coaxial Flex 3\/75 -","isPartOf":{"@id":"https:\/\/tecplan.com.gt\/#website"},"primaryImageOfPage":{"@id":"https:\/\/tecplan.com.gt\/producto\/coaxial-cable-flex-3-75\/#primaryimage"},"image":{"@id":"https:\/\/tecplan.com.gt\/producto\/coaxial-cable-flex-3-75\/#primaryimage"},"thumbnailUrl":"\/wp-content\/uploads\/2023\/02\/CABLE-75-OHM-FLEX-3-75-01.jpg","datePublished":"2023-02-06T23:02:31+00:00","dateModified":"2024-04-23T18:57:16+00:00","breadcrumb":{"@id":"https:\/\/tecplan.com.gt\/producto\/coaxial-cable-flex-3-75\/#breadcrumb"},"inLanguage":"en-US","potentialAction":[{"@type":"ReadAction","target":["https:\/\/tecplan.com.gt\/producto\/coaxial-cable-flex-3-75\/"]}]},{"@type":"ImageObject","inLanguage":"en-US","@id":"https:\/\/tecplan.com.gt\/producto\/coaxial-cable-flex-3-75\/#primaryimage","url":"\/wp-content\/uploads\/2023\/02\/CABLE-75-OHM-FLEX-3-75-01.jpg","contentUrl":"\/wp-content\/uploads\/2023\/02\/CABLE-75-OHM-FLEX-3-75-01.jpg","width":2000,"height":2000},{"@type":"BreadcrumbList","@id":"https:\/\/tecplan.com.gt\/producto\/coaxial-cable-flex-3-75\/#breadcrumb","itemListElement":[{"@type":"ListItem","position":1,"name":"Portada","item":"https:\/\/tecplan.com.gt\/"},{"@type":"ListItem","position":2,"name":"Productos","item":"https:\/\/tecplan.com.gt\/shop\/"},{"@type":"ListItem","position":3,"name":"Cable Coaxial Flex 3\/75"}]},{"@type":"WebSite","@id":"https:\/\/tecplan.com.gt\/#website","url":"https:\/\/tecplan.com.gt\/","name":"Tecplan Argentina","description":"Tecnolog\u00edas y equipos de telecomunicaciones","publisher":{"@id":"https:\/\/tecplan.com.gt\/#organization"},"potentialAction":[{"@type":"SearchAction","target":{"@type":"EntryPoint","urlTemplate":"https:\/\/tecplan.com.gt\/?s={search_term_string}"},"query-input":{"@type":"PropertyValueSpecification","valueRequired":true,"valueName":"search_term_string"}}],"inLanguage":"en-US"},{"@type":"Organization","@id":"https:\/\/tecplan.com.gt\/#organization","name":"Tecplan Argentina","url":"https:\/\/tecplan.com.gt\/","logo":{"@type":"ImageObject","inLanguage":"en-US","@id":"https:\/\/tecplan.com.gt\/#\/schema\/logo\/image\/","url":"\/wp-content\/uploads\/2023\/03\/logo-tecplan.gif","contentUrl":"\/wp-content\/uploads\/2023\/03\/logo-tecplan.gif","width":1920,"height":486,"caption":"Tecplan Argentina"},"image":{"@id":"https:\/\/tecplan.com.gt\/#\/schema\/logo\/image\/"}}]}},"_links":{"self":[{"href":"https:\/\/tecplan.com.gt\/en\/wp-json\/wp\/v2\/product\/2423"}],"collection":[{"href":"https:\/\/tecplan.com.gt\/en\/wp-json\/wp\/v2\/product"}],"about":[{"href":"https:\/\/tecplan.com.gt\/en\/wp-json\/wp\/v2\/types\/product"}],"replies":[{"embeddable":true,"href":"https:\/\/tecplan.com.gt\/en\/wp-json\/wp\/v2\/comments?post=2423"}],"version-history":[{"count":8,"href":"https:\/\/tecplan.com.gt\/en\/wp-json\/wp\/v2\/product\/2423\/revisions"}],"predecessor-version":[{"id":7500,"href":"https:\/\/tecplan.com.gt\/en\/wp-json\/wp\/v2\/product\/2423\/revisions\/7500"}],"wp:featuredmedia":[{"embeddable":true,"href":"https:\/\/tecplan.com.gt\/en\/wp-json\/wp\/v2\/media\/6265"}],"wp:attachment":[{"href":"https:\/\/tecplan.com.gt\/en\/wp-json\/wp\/v2\/media?parent=2423"}],"wp:term":[{"taxonomy":"product_brand","embeddable":true,"href":"https:\/\/tecplan.com.gt\/en\/wp-json\/wp\/v2\/product_brand?post=2423"},{"taxonomy":"product_cat","embeddable":true,"href":"https:\/\/tecplan.com.gt\/en\/wp-json\/wp\/v2\/product_cat?post=2423"},{"taxonomy":"product_tag","embeddable":true,"href":"https:\/\/tecplan.com.gt\/en\/wp-json\/wp\/v2\/product_tag?post=2423"}],"curies":[{"name":"wp","href":"https:\/\/api.w.org\/{rel}","templated":true}]}}