{"id":2432,"date":"2023-02-08T06:07:36","date_gmt":"2023-02-08T09:07:36","guid":{"rendered":"https:\/\/tecplan.com.gt\/?post_type=product&#038;p=2432"},"modified":"2024-05-07T18:29:07","modified_gmt":"2024-05-07T22:29:07","slug":"fusiondora-de-fibra-optica-fttx-tumtec-fst-18h","status":"publish","type":"product","link":"https:\/\/tecplan.com.gt\/en\/product\/fusiondora-de-fibra-optica-fttx-tumtec-fst-18h\/","title":{"rendered":"Fttx Tumtec FST-18H Fiber Optic Fusion Splicer"},"content":{"rendered":"<div data-elementor-type=\"product-post\" data-elementor-id=\"2432\" class=\"elementor elementor-2432\" data-elementor-post-type=\"product\">\n\t\t\t\t<div class=\"elementor-element elementor-element-4de83099 e-flex e-con-boxed e-con e-parent\" data-id=\"4de83099\" data-element_type=\"container\">\n\t\t\t\t\t<div class=\"e-con-inner\">\n\t\t\t\t<div class=\"elementor-element elementor-element-f2b7d20 elementor-widget elementor-widget-text-editor\" data-id=\"f2b7d20\" data-element_type=\"widget\" data-widget_type=\"text-editor.default\">\n\t\t\t\t<div class=\"elementor-widget-container\">\n\t\t\t\t\t\t\t\t\t<strong>\r\nFttx Tumtec FST-18H Fiber Optic Fusion Splicer<\/strong>\r\n<p style=\"text-align: justify;\">Tumtec FST-18H FTTH Optical Fusion Splicer FST-18H is mainly applied in FTTX, adopting industrial quad-core CPU (dominant frequency 1.4Ghz), low power consumption and high quality performance. Moreover, 18H adopts precision and active V-groove alignment coating. 18H is small but with strong shell, meets all kinds of severe working environment.<\/p>\r\n<p style=\"text-align: justify;\">The fusion splicer protection cover is windproof, freeze-proof, quake-proof, waterproof, provides the protection for the fiber; Transparent plastic button, for convenient operation, with handle and strap.<\/p>\r\n<p style=\"text-align: justify;\">Fusionadora FST-18H adopts Mini-USB 2.0 and owns large capacity battery with 4800mAh, providing 180 times splicing\/heating. Each splice.<\/p>\r\n<p style=\"text-align: justify;\">The adjustable angle of monitor is \u2267180\u00b0.18H adopts 4.3\u201d 480*272 high resolution LCD touch screen. Double-click can realize 450X magnification. User can zoom in fiber by double-click on the screen and check whether the splice status is good or not.<\/p>\r\n<p style=\"text-align: justify;\">Empalmador de fusion de fibra FST-18H es f\u00e1cil de usar para el usuario con 3s para encender, 6s para empalmar, 15s\u00a0para calentar, alineaci\u00f3n de revestimiento a revestimiento con el programa de empalme autom\u00e1tico.<\/p>\t\t\t\t\t\t\t\t<\/div>\n\t\t\t\t<\/div>\n\t\t\t\t<div class=\"elementor-element elementor-element-2538dfc elementor-widget elementor-widget-button\" data-id=\"2538dfc\" data-element_type=\"widget\" data-widget_type=\"button.default\">\n\t\t\t\t<div class=\"elementor-widget-container\">\n\t\t\t\t\t\t\t\t\t<div class=\"elementor-button-wrapper\">\n\t\t\t\t\t<a class=\"elementor-button elementor-button-link elementor-size-sm\" href=\"https:\/\/drive.google.com\/file\/d\/1J7SawVaiMrQl2KIwHpwdAtOK9xrdZ5Wo\/view?usp=sharing\">\n\t\t\t\t\t\t<span class=\"elementor-button-content-wrapper\">\n\t\t\t\t\t\t\t\t\t<span class=\"elementor-button-text\">Download Technical Sheet<\/span>\n\t\t\t\t\t<\/span>\n\t\t\t\t\t<\/a>\n\t\t\t\t<\/div>\n\t\t\t\t\t\t\t\t<\/div>\n\t\t\t\t<\/div>\n\t\t\t\t\t<\/div>\n\t\t\t\t<\/div>\n\t\t\t\t<\/div>","protected":false},"excerpt":{"rendered":"<p><strong><br \/>\nTumtec FST-18H Fiber Optic Fuser<\/strong><\/p>\n<p style=\"text-align: justify;\">Used for man\/telecommunication\/ fttx projects. Automatic splicing and arc heating and calibration, an active V-groove design; Rugged industrial design, anti-vibration dustproof and waterproof.<\/p>\n<p><strong>Product Specifications:<\/strong><\/p>\n<ul class=\"prdtPmt\">\n<li>Name:FST-18H<\/li>\n<li>Size:120W*165L*135H<\/li>\n<li>Nuclei: 1 Filament<\/li>\n<li>Alignment method: Coating<\/li>\n<li>Battery capacity:4800mAh<\/li>\n<\/ul>","protected":false},"featured_media":2433,"comment_status":"open","ping_status":"closed","template":"","meta":{"site-sidebar-layout":"default","site-content-layout":"","ast-site-content-layout":"default","site-content-style":"default","site-sidebar-style":"default","ast-global-header-display":"","ast-banner-title-visibility":"","ast-main-header-display":"","ast-hfb-above-header-display":"","ast-hfb-below-header-display":"","ast-hfb-mobile-header-display":"","site-post-title":"","ast-breadcrumbs-content":"","ast-featured-img":"","footer-sml-layout":"","theme-transparent-header-meta":"default","adv-header-id-meta":"","stick-header-meta":"","header-above-stick-meta":"","header-main-stick-meta":"","header-below-stick-meta":"","astra-migrate-meta-layouts":"set","ast-page-background-enabled":"default","ast-page-background-meta":{"desktop":{"background-color":"var(--ast-global-color-4)","background-image":"","background-repeat":"repeat","background-position":"center center","background-size":"auto","background-attachment":"scroll","background-type":"","background-media":"","overlay-type":"","overlay-color":"","overlay-opacity":"","overlay-gradient":""},"tablet":{"background-color":"","background-image":"","background-repeat":"repeat","background-position":"center center","background-size":"auto","background-attachment":"scroll","background-type":"","background-media":"","overlay-type":"","overlay-color":"","overlay-opacity":"","overlay-gradient":""},"mobile":{"background-color":"","background-image":"","background-repeat":"repeat","background-position":"center center","background-size":"auto","background-attachment":"scroll","background-type":"","background-media":"","overlay-type":"","overlay-color":"","overlay-opacity":"","overlay-gradient":""}},"ast-content-background-meta":{"desktop":{"background-color":"var(--ast-global-color-5)","background-image":"","background-repeat":"repeat","background-position":"center center","background-size":"auto","background-attachment":"scroll","background-type":"","background-media":"","overlay-type":"","overlay-color":"","overlay-opacity":"","overlay-gradient":""},"tablet":{"background-color":"var(--ast-global-color-5)","background-image":"","background-repeat":"repeat","background-position":"center center","background-size":"auto","background-attachment":"scroll","background-type":"","background-media":"","overlay-type":"","overlay-color":"","overlay-opacity":"","overlay-gradient":""},"mobile":{"background-color":"var(--ast-global-color-5)","background-image":"","background-repeat":"repeat","background-position":"center center","background-size":"auto","background-attachment":"scroll","background-type":"","background-media":"","overlay-type":"","overlay-color":"","overlay-opacity":"","overlay-gradient":""}}},"product_brand":[],"product_cat":[47],"product_tag":[59],"class_list":{"0":"post-2432","1":"product","2":"type-product","3":"status-publish","4":"has-post-thumbnail","6":"product_cat-tumtec","7":"product_tag-tumtec","8":"desktop-align-left","9":"tablet-align-left","10":"mobile-align-left","12":"first","13":"instock","14":"shipping-taxable","15":"product-type-simple"},"yoast_head":"<!-- This site is optimized with the Yoast SEO plugin v24.6 - https:\/\/yoast.com\/wordpress\/plugins\/seo\/ -->\n<title>Fusiondora De Fibra Optica Fttx Tumtec FST-18H -<\/title>\n<meta name=\"robots\" content=\"index, follow, max-snippet:-1, max-image-preview:large, max-video-preview:-1\" \/>\n<link rel=\"canonical\" href=\"https:\/\/tecplan.com.gt\/en\/product\/fusiondora-de-fibra-optica-fttx-tumtec-fst-18h\/\" \/>\n<meta property=\"og:locale\" content=\"en_US\" \/>\n<meta property=\"og:type\" content=\"article\" \/>\n<meta property=\"og:title\" content=\"Fusiondora De Fibra Optica Fttx Tumtec FST-18H -\" \/>\n<meta property=\"og:description\" content=\"Fusinadora de Fibra Optica\u00a0 Tumtec FST-18H Usado para proyectos man\/telecommunication\/ fttx. Empalme autom\u00e1tico y calefacci\u00f3n y calibraci\u00f3n de arco, una dise\u00f1o activo de ranura en V; Dise\u00f1o industrial robusto, antivibraciones a prueba de polvo e impermeable. Especificaciones Del Producto:   Nombre:FST-18H  Size:120W*165L*135H  N\u00facleos:1 Filamento  m\u00e9todo de alineaci\u00f3n:Revestimiento  capacidad de la bater\u00eda:4800mAh\" \/>\n<meta property=\"og:url\" content=\"https:\/\/tecplan.com.gt\/en\/product\/fusiondora-de-fibra-optica-fttx-tumtec-fst-18h\/\" \/>\n<meta property=\"article:modified_time\" content=\"2024-05-07T22:29:07+00:00\" \/>\n<meta property=\"og:image\" content=\"https:\/\/tecplan.com.gt\/wp-content\/uploads\/2023\/03\/202004141356590vG2K6.jpg\" \/>\n\t<meta property=\"og:image:width\" content=\"800\" \/>\n\t<meta property=\"og:image:height\" content=\"800\" \/>\n\t<meta property=\"og:image:type\" content=\"image\/jpeg\" \/>\n<meta name=\"twitter:card\" content=\"summary_large_image\" \/>\n<script type=\"application\/ld+json\" class=\"yoast-schema-graph\">{\"@context\":\"https:\/\/schema.org\",\"@graph\":[{\"@type\":\"WebPage\",\"@id\":\"https:\/\/tecplan.com.gt\/producto\/fusiondora-de-fibra-optica-fttx-tumtec-fst-18h\/\",\"url\":\"https:\/\/tecplan.com.gt\/producto\/fusiondora-de-fibra-optica-fttx-tumtec-fst-18h\/\",\"name\":\"Fusiondora De Fibra Optica Fttx Tumtec FST-18H -\",\"isPartOf\":{\"@id\":\"https:\/\/tecplan.com.gt\/#website\"},\"primaryImageOfPage\":{\"@id\":\"https:\/\/tecplan.com.gt\/producto\/fusiondora-de-fibra-optica-fttx-tumtec-fst-18h\/#primaryimage\"},\"image\":{\"@id\":\"https:\/\/tecplan.com.gt\/producto\/fusiondora-de-fibra-optica-fttx-tumtec-fst-18h\/#primaryimage\"},\"thumbnailUrl\":\"\/wp-content\/uploads\/2023\/03\/202004141356590vG2K6.jpg\",\"datePublished\":\"2023-02-08T09:07:36+00:00\",\"dateModified\":\"2024-05-07T22:29:07+00:00\",\"breadcrumb\":{\"@id\":\"https:\/\/tecplan.com.gt\/producto\/fusiondora-de-fibra-optica-fttx-tumtec-fst-18h\/#breadcrumb\"},\"inLanguage\":\"en-US\",\"potentialAction\":[{\"@type\":\"ReadAction\",\"target\":[\"https:\/\/tecplan.com.gt\/producto\/fusiondora-de-fibra-optica-fttx-tumtec-fst-18h\/\"]}]},{\"@type\":\"ImageObject\",\"inLanguage\":\"en-US\",\"@id\":\"https:\/\/tecplan.com.gt\/producto\/fusiondora-de-fibra-optica-fttx-tumtec-fst-18h\/#primaryimage\",\"url\":\"\/wp-content\/uploads\/2023\/03\/202004141356590vG2K6.jpg\",\"contentUrl\":\"\/wp-content\/uploads\/2023\/03\/202004141356590vG2K6.jpg\",\"width\":800,\"height\":800},{\"@type\":\"BreadcrumbList\",\"@id\":\"https:\/\/tecplan.com.gt\/producto\/fusiondora-de-fibra-optica-fttx-tumtec-fst-18h\/#breadcrumb\",\"itemListElement\":[{\"@type\":\"ListItem\",\"position\":1,\"name\":\"Portada\",\"item\":\"https:\/\/tecplan.com.gt\/\"},{\"@type\":\"ListItem\",\"position\":2,\"name\":\"Productos\",\"item\":\"https:\/\/tecplan.com.gt\/shop\/\"},{\"@type\":\"ListItem\",\"position\":3,\"name\":\"Fusiondora De Fibra Optica Fttx Tumtec FST-18H\"}]},{\"@type\":\"WebSite\",\"@id\":\"https:\/\/tecplan.com.gt\/#website\",\"url\":\"https:\/\/tecplan.com.gt\/\",\"name\":\"Tecplan Argentina\",\"description\":\"Tecnolog\u00edas y equipos de telecomunicaciones\",\"publisher\":{\"@id\":\"https:\/\/tecplan.com.gt\/#organization\"},\"potentialAction\":[{\"@type\":\"SearchAction\",\"target\":{\"@type\":\"EntryPoint\",\"urlTemplate\":\"https:\/\/tecplan.com.gt\/?s={search_term_string}\"},\"query-input\":{\"@type\":\"PropertyValueSpecification\",\"valueRequired\":true,\"valueName\":\"search_term_string\"}}],\"inLanguage\":\"en-US\"},{\"@type\":\"Organization\",\"@id\":\"https:\/\/tecplan.com.gt\/#organization\",\"name\":\"Tecplan Argentina\",\"url\":\"https:\/\/tecplan.com.gt\/\",\"logo\":{\"@type\":\"ImageObject\",\"inLanguage\":\"en-US\",\"@id\":\"https:\/\/tecplan.com.gt\/#\/schema\/logo\/image\/\",\"url\":\"\/wp-content\/uploads\/2023\/03\/logo-tecplan.gif\",\"contentUrl\":\"\/wp-content\/uploads\/2023\/03\/logo-tecplan.gif\",\"width\":1920,\"height\":486,\"caption\":\"Tecplan Argentina\"},\"image\":{\"@id\":\"https:\/\/tecplan.com.gt\/#\/schema\/logo\/image\/\"}}]}<\/script>\n<!-- \/ Yoast SEO plugin. -->","yoast_head_json":{"title":"Fusiondora De Fibra Optica Fttx Tumtec FST-18H -","robots":{"index":"index","follow":"follow","max-snippet":"max-snippet:-1","max-image-preview":"max-image-preview:large","max-video-preview":"max-video-preview:-1"},"canonical":"https:\/\/tecplan.com.gt\/en\/product\/fusiondora-de-fibra-optica-fttx-tumtec-fst-18h\/","og_locale":"en_US","og_type":"article","og_title":"Fusiondora De Fibra Optica Fttx Tumtec FST-18H -","og_description":"Fusinadora de Fibra Optica\u00a0 Tumtec FST-18H Usado para proyectos man\/telecommunication\/ fttx. Empalme autom\u00e1tico y calefacci\u00f3n y calibraci\u00f3n de arco, una dise\u00f1o activo de ranura en V; Dise\u00f1o industrial robusto, antivibraciones a prueba de polvo e impermeable. Especificaciones Del Producto:   Nombre:FST-18H  Size:120W*165L*135H  N\u00facleos:1 Filamento  m\u00e9todo de alineaci\u00f3n:Revestimiento  capacidad de la bater\u00eda:4800mAh","og_url":"https:\/\/tecplan.com.gt\/en\/product\/fusiondora-de-fibra-optica-fttx-tumtec-fst-18h\/","article_modified_time":"2024-05-07T22:29:07+00:00","og_image":[{"width":800,"height":800,"url":"https:\/\/tecplan.com.gt\/wp-content\/uploads\/2023\/03\/202004141356590vG2K6.jpg","type":"image\/jpeg"}],"twitter_card":"summary_large_image","schema":{"@context":"https:\/\/schema.org","@graph":[{"@type":"WebPage","@id":"https:\/\/tecplan.com.gt\/producto\/fusiondora-de-fibra-optica-fttx-tumtec-fst-18h\/","url":"https:\/\/tecplan.com.gt\/producto\/fusiondora-de-fibra-optica-fttx-tumtec-fst-18h\/","name":"Fusiondora De Fibra Optica Fttx Tumtec FST-18H -","isPartOf":{"@id":"https:\/\/tecplan.com.gt\/#website"},"primaryImageOfPage":{"@id":"https:\/\/tecplan.com.gt\/producto\/fusiondora-de-fibra-optica-fttx-tumtec-fst-18h\/#primaryimage"},"image":{"@id":"https:\/\/tecplan.com.gt\/producto\/fusiondora-de-fibra-optica-fttx-tumtec-fst-18h\/#primaryimage"},"thumbnailUrl":"\/wp-content\/uploads\/2023\/03\/202004141356590vG2K6.jpg","datePublished":"2023-02-08T09:07:36+00:00","dateModified":"2024-05-07T22:29:07+00:00","breadcrumb":{"@id":"https:\/\/tecplan.com.gt\/producto\/fusiondora-de-fibra-optica-fttx-tumtec-fst-18h\/#breadcrumb"},"inLanguage":"en-US","potentialAction":[{"@type":"ReadAction","target":["https:\/\/tecplan.com.gt\/producto\/fusiondora-de-fibra-optica-fttx-tumtec-fst-18h\/"]}]},{"@type":"ImageObject","inLanguage":"en-US","@id":"https:\/\/tecplan.com.gt\/producto\/fusiondora-de-fibra-optica-fttx-tumtec-fst-18h\/#primaryimage","url":"\/wp-content\/uploads\/2023\/03\/202004141356590vG2K6.jpg","contentUrl":"\/wp-content\/uploads\/2023\/03\/202004141356590vG2K6.jpg","width":800,"height":800},{"@type":"BreadcrumbList","@id":"https:\/\/tecplan.com.gt\/producto\/fusiondora-de-fibra-optica-fttx-tumtec-fst-18h\/#breadcrumb","itemListElement":[{"@type":"ListItem","position":1,"name":"Portada","item":"https:\/\/tecplan.com.gt\/"},{"@type":"ListItem","position":2,"name":"Productos","item":"https:\/\/tecplan.com.gt\/shop\/"},{"@type":"ListItem","position":3,"name":"Fusiondora De Fibra Optica Fttx Tumtec FST-18H"}]},{"@type":"WebSite","@id":"https:\/\/tecplan.com.gt\/#website","url":"https:\/\/tecplan.com.gt\/","name":"Tecplan Argentina","description":"Tecnolog\u00edas y equipos de telecomunicaciones","publisher":{"@id":"https:\/\/tecplan.com.gt\/#organization"},"potentialAction":[{"@type":"SearchAction","target":{"@type":"EntryPoint","urlTemplate":"https:\/\/tecplan.com.gt\/?s={search_term_string}"},"query-input":{"@type":"PropertyValueSpecification","valueRequired":true,"valueName":"search_term_string"}}],"inLanguage":"en-US"},{"@type":"Organization","@id":"https:\/\/tecplan.com.gt\/#organization","name":"Tecplan Argentina","url":"https:\/\/tecplan.com.gt\/","logo":{"@type":"ImageObject","inLanguage":"en-US","@id":"https:\/\/tecplan.com.gt\/#\/schema\/logo\/image\/","url":"\/wp-content\/uploads\/2023\/03\/logo-tecplan.gif","contentUrl":"\/wp-content\/uploads\/2023\/03\/logo-tecplan.gif","width":1920,"height":486,"caption":"Tecplan Argentina"},"image":{"@id":"https:\/\/tecplan.com.gt\/#\/schema\/logo\/image\/"}}]}},"_links":{"self":[{"href":"https:\/\/tecplan.com.gt\/en\/wp-json\/wp\/v2\/product\/2432"}],"collection":[{"href":"https:\/\/tecplan.com.gt\/en\/wp-json\/wp\/v2\/product"}],"about":[{"href":"https:\/\/tecplan.com.gt\/en\/wp-json\/wp\/v2\/types\/product"}],"replies":[{"embeddable":true,"href":"https:\/\/tecplan.com.gt\/en\/wp-json\/wp\/v2\/comments?post=2432"}],"version-history":[{"count":9,"href":"https:\/\/tecplan.com.gt\/en\/wp-json\/wp\/v2\/product\/2432\/revisions"}],"predecessor-version":[{"id":7580,"href":"https:\/\/tecplan.com.gt\/en\/wp-json\/wp\/v2\/product\/2432\/revisions\/7580"}],"wp:featuredmedia":[{"embeddable":true,"href":"https:\/\/tecplan.com.gt\/en\/wp-json\/wp\/v2\/media\/2433"}],"wp:attachment":[{"href":"https:\/\/tecplan.com.gt\/en\/wp-json\/wp\/v2\/media?parent=2432"}],"wp:term":[{"taxonomy":"product_brand","embeddable":true,"href":"https:\/\/tecplan.com.gt\/en\/wp-json\/wp\/v2\/product_brand?post=2432"},{"taxonomy":"product_cat","embeddable":true,"href":"https:\/\/tecplan.com.gt\/en\/wp-json\/wp\/v2\/product_cat?post=2432"},{"taxonomy":"product_tag","embeddable":true,"href":"https:\/\/tecplan.com.gt\/en\/wp-json\/wp\/v2\/product_tag?post=2432"}],"curies":[{"name":"wp","href":"https:\/\/api.w.org\/{rel}","templated":true}]}}