{"id":2434,"date":"2023-02-08T06:13:47","date_gmt":"2023-02-08T09:13:47","guid":{"rendered":"https:\/\/tecplan.com.gt\/?post_type=product&#038;p=2434"},"modified":"2024-05-07T18:18:30","modified_gmt":"2024-05-07T22:18:30","slug":"fusiondora-de-alineacion-de-nucleo-tumtec-v9","status":"publish","type":"product","link":"https:\/\/tecplan.com.gt\/en\/product\/fusiondora-de-alineacion-de-nucleo-tumtec-v9\/","title":{"rendered":"Tumtec V9+ Core Alignment Fusion Splicer"},"content":{"rendered":"<div data-elementor-type=\"product-post\" data-elementor-id=\"2434\" class=\"elementor elementor-2434\" data-elementor-post-type=\"product\">\n\t\t\t\t<div class=\"elementor-element elementor-element-2879e690 e-flex e-con-boxed e-con e-parent\" data-id=\"2879e690\" data-element_type=\"container\">\n\t\t\t\t\t<div class=\"e-con-inner\">\n\t\t\t\t<div class=\"elementor-element elementor-element-4b1b46d elementor-widget elementor-widget-text-editor\" data-id=\"4b1b46d\" data-element_type=\"widget\" data-widget_type=\"text-editor.default\">\n\t\t\t\t<div class=\"elementor-widget-container\">\n\t\t\t\t\t\t\t\t\t<p><strong>Tumtec V9+ Core Alignment Fusion Splicer<\/strong><\/p><p style=\"text-align: justify;\">Tumtec V9 Multi-function Trunk Project Fiber Optic Fusion Splicer. V9 fusion splicer is mainly used for trunk projects, such as over 60km. It adopts precision core alignment method to ensure the accuracy and low splicing loss.<\/p><p style=\"text-align: justify;\">V9 fusion splicer protective cover is windproof, freeze-proof, shake-proof, waterproof, provides protection for fiber, transparent plastic button, for convenient operation, with handle and strap; V9 fiber optic fusion splicer Using mini-USB 2.0 port, 5200mAh high-capacity battery, with strong endurance, splicing and heating for 280 times.<\/p><p style=\"text-align: justify;\">La fusiondora V9 Pantalla t\u00e1ctil LCD con \u00e1ngulo ajustable de m\u00e1s de 180 grados, con Pantalla t\u00e1ctil de alta resoluci\u00f3n de 5 \u00ab, haga doble clic en m\u00e1s de 500 veces, el operador puede ver la funci\u00f3n de zoom haga doble clic en la pantalla y observe el rastro de empalme en para decidir la situaci\u00f3n de empalme.<\/p><p style=\"text-align: justify;\">V9 Fusion Splicer Fast running speed, 3 seconds start-up, 6 seconds splicing, 15s warm-up, precise single fiber alignment with 6 motors and automatic splicing procedure is convenient for operation.<\/p>\t\t\t\t\t\t\t\t<\/div>\n\t\t\t\t<\/div>\n\t\t\t\t<div class=\"elementor-element elementor-element-0471216 elementor-widget elementor-widget-button\" data-id=\"0471216\" data-element_type=\"widget\" data-widget_type=\"button.default\">\n\t\t\t\t<div class=\"elementor-widget-container\">\n\t\t\t\t\t\t\t\t\t<div class=\"elementor-button-wrapper\">\n\t\t\t\t\t<a class=\"elementor-button elementor-button-link elementor-size-sm\" href=\"https:\/\/drive.google.com\/file\/d\/1-NK_h1AeY2ith1hj77KprSp2k5ozwvz7\/view?usp=sharing\">\n\t\t\t\t\t\t<span class=\"elementor-button-content-wrapper\">\n\t\t\t\t\t\t\t\t\t<span class=\"elementor-button-text\">Download Technical Sheet<\/span>\n\t\t\t\t\t<\/span>\n\t\t\t\t\t<\/a>\n\t\t\t\t<\/div>\n\t\t\t\t\t\t\t\t<\/div>\n\t\t\t\t<\/div>\n\t\t\t\t\t<\/div>\n\t\t\t\t<\/div>\n\t\t\t\t<\/div>","protected":false},"excerpt":{"rendered":"<p><strong><br \/>\nTumtec V9+ Alignment Fusion Splicer<\/strong><\/p>\n<p style=\"text-align: justify;\">Tumtec V9 Advanced Precision ARC Core Alignment Fusion Splicer; DACAS Alignment Systems; German CNC technique and integrated fiber adjustment frame; Automatically identify the fiber; Ensured splice loss within 0.02dB.<\/p>\n<p><strong>Product Specifications:<\/strong><\/p>\n<ul class=\"prdtPmt\">\n<li>Name:V9<\/li>\n<li>Size:140W*170L*176Hmm<\/li>\n<li>Nuclei: 1 Filament<\/li>\n<li>alignment method:core-alignment<\/li>\n<li>Battery capacity: 5200mAh<\/li>\n<\/ul>","protected":false},"featured_media":2435,"comment_status":"open","ping_status":"closed","template":"","meta":{"site-sidebar-layout":"default","site-content-layout":"","ast-site-content-layout":"default","site-content-style":"default","site-sidebar-style":"default","ast-global-header-display":"","ast-banner-title-visibility":"","ast-main-header-display":"","ast-hfb-above-header-display":"","ast-hfb-below-header-display":"","ast-hfb-mobile-header-display":"","site-post-title":"","ast-breadcrumbs-content":"","ast-featured-img":"","footer-sml-layout":"","theme-transparent-header-meta":"default","adv-header-id-meta":"","stick-header-meta":"","header-above-stick-meta":"","header-main-stick-meta":"","header-below-stick-meta":"","astra-migrate-meta-layouts":"set","ast-page-background-enabled":"default","ast-page-background-meta":{"desktop":{"background-color":"var(--ast-global-color-4)","background-image":"","background-repeat":"repeat","background-position":"center center","background-size":"auto","background-attachment":"scroll","background-type":"","background-media":"","overlay-type":"","overlay-color":"","overlay-opacity":"","overlay-gradient":""},"tablet":{"background-color":"","background-image":"","background-repeat":"repeat","background-position":"center center","background-size":"auto","background-attachment":"scroll","background-type":"","background-media":"","overlay-type":"","overlay-color":"","overlay-opacity":"","overlay-gradient":""},"mobile":{"background-color":"","background-image":"","background-repeat":"repeat","background-position":"center center","background-size":"auto","background-attachment":"scroll","background-type":"","background-media":"","overlay-type":"","overlay-color":"","overlay-opacity":"","overlay-gradient":""}},"ast-content-background-meta":{"desktop":{"background-color":"var(--ast-global-color-5)","background-image":"","background-repeat":"repeat","background-position":"center center","background-size":"auto","background-attachment":"scroll","background-type":"","background-media":"","overlay-type":"","overlay-color":"","overlay-opacity":"","overlay-gradient":""},"tablet":{"background-color":"var(--ast-global-color-5)","background-image":"","background-repeat":"repeat","background-position":"center center","background-size":"auto","background-attachment":"scroll","background-type":"","background-media":"","overlay-type":"","overlay-color":"","overlay-opacity":"","overlay-gradient":""},"mobile":{"background-color":"var(--ast-global-color-5)","background-image":"","background-repeat":"repeat","background-position":"center center","background-size":"auto","background-attachment":"scroll","background-type":"","background-media":"","overlay-type":"","overlay-color":"","overlay-opacity":"","overlay-gradient":""}}},"product_brand":[],"product_cat":[47],"product_tag":[59],"class_list":{"0":"post-2434","1":"product","2":"type-product","3":"status-publish","4":"has-post-thumbnail","6":"product_cat-tumtec","7":"product_tag-tumtec","8":"desktop-align-left","9":"tablet-align-left","10":"mobile-align-left","12":"first","13":"instock","14":"shipping-taxable","15":"product-type-simple"},"yoast_head":"<!-- This site is optimized with the Yoast SEO plugin v24.6 - https:\/\/yoast.com\/wordpress\/plugins\/seo\/ -->\n<title>Fusiondora De Alineaci\u00f3n De N\u00facleo Tumtec V9+ -<\/title>\n<meta name=\"robots\" content=\"index, follow, max-snippet:-1, max-image-preview:large, max-video-preview:-1\" \/>\n<link rel=\"canonical\" href=\"https:\/\/tecplan.com.gt\/en\/product\/fusiondora-de-alineacion-de-nucleo-tumtec-v9\/\" \/>\n<meta property=\"og:locale\" content=\"en_US\" \/>\n<meta property=\"og:type\" content=\"article\" \/>\n<meta property=\"og:title\" content=\"Fusiondora De Alineaci\u00f3n De N\u00facleo Tumtec V9+ -\" \/>\n<meta property=\"og:description\" content=\"Fusiondora De Alineaci\u00f3n\u00a0 Tumtec V9+ Fusiondora de alineaci\u00f3n de n\u00facleo ARC de precisi\u00f3n avanzada Tumtec V9 ; Sistemas de alineaci\u00f3n DACAS; T\u00e9cnica alemana de CNC y marco integrado de ajuste de fibra; identificar autom\u00e1tic el fibra; El empalme asegurado pierde dentro de 0.02dB. Especificaciones Del Producto:   Nombre:V9  Size:140W*170L*176Hmm  N\u00facleos:1 Filamento  m\u00e9todo de alineaci\u00f3n:alineaci\u00f3n-del-n\u00facleo  capacidad de la bater\u00eda:5200mAh\" \/>\n<meta property=\"og:url\" content=\"https:\/\/tecplan.com.gt\/en\/product\/fusiondora-de-alineacion-de-nucleo-tumtec-v9\/\" \/>\n<meta property=\"article:modified_time\" content=\"2024-05-07T22:18:30+00:00\" \/>\n<meta property=\"og:image\" content=\"https:\/\/tecplan.com.gt\/wp-content\/uploads\/2023\/03\/20200415100350dfgVyv.jpg\" \/>\n\t<meta property=\"og:image:width\" content=\"800\" \/>\n\t<meta property=\"og:image:height\" content=\"800\" \/>\n\t<meta property=\"og:image:type\" content=\"image\/jpeg\" \/>\n<meta name=\"twitter:card\" content=\"summary_large_image\" \/>\n<meta name=\"twitter:label1\" content=\"Est. reading time\" \/>\n\t<meta name=\"twitter:data1\" content=\"2 minutes\" \/>\n<script type=\"application\/ld+json\" class=\"yoast-schema-graph\">{\"@context\":\"https:\/\/schema.org\",\"@graph\":[{\"@type\":\"WebPage\",\"@id\":\"https:\/\/tecplan.com.gt\/producto\/fusiondora-de-alineacion-de-nucleo-tumtec-v9\/\",\"url\":\"https:\/\/tecplan.com.gt\/producto\/fusiondora-de-alineacion-de-nucleo-tumtec-v9\/\",\"name\":\"Fusiondora De Alineaci\u00f3n De N\u00facleo Tumtec V9+ -\",\"isPartOf\":{\"@id\":\"https:\/\/tecplan.com.gt\/#website\"},\"primaryImageOfPage\":{\"@id\":\"https:\/\/tecplan.com.gt\/producto\/fusiondora-de-alineacion-de-nucleo-tumtec-v9\/#primaryimage\"},\"image\":{\"@id\":\"https:\/\/tecplan.com.gt\/producto\/fusiondora-de-alineacion-de-nucleo-tumtec-v9\/#primaryimage\"},\"thumbnailUrl\":\"\/wp-content\/uploads\/2023\/03\/20200415100350dfgVyv.jpg\",\"datePublished\":\"2023-02-08T09:13:47+00:00\",\"dateModified\":\"2024-05-07T22:18:30+00:00\",\"breadcrumb\":{\"@id\":\"https:\/\/tecplan.com.gt\/producto\/fusiondora-de-alineacion-de-nucleo-tumtec-v9\/#breadcrumb\"},\"inLanguage\":\"en-US\",\"potentialAction\":[{\"@type\":\"ReadAction\",\"target\":[\"https:\/\/tecplan.com.gt\/producto\/fusiondora-de-alineacion-de-nucleo-tumtec-v9\/\"]}]},{\"@type\":\"ImageObject\",\"inLanguage\":\"en-US\",\"@id\":\"https:\/\/tecplan.com.gt\/producto\/fusiondora-de-alineacion-de-nucleo-tumtec-v9\/#primaryimage\",\"url\":\"\/wp-content\/uploads\/2023\/03\/20200415100350dfgVyv.jpg\",\"contentUrl\":\"\/wp-content\/uploads\/2023\/03\/20200415100350dfgVyv.jpg\",\"width\":800,\"height\":800},{\"@type\":\"BreadcrumbList\",\"@id\":\"https:\/\/tecplan.com.gt\/producto\/fusiondora-de-alineacion-de-nucleo-tumtec-v9\/#breadcrumb\",\"itemListElement\":[{\"@type\":\"ListItem\",\"position\":1,\"name\":\"Portada\",\"item\":\"https:\/\/tecplan.com.gt\/\"},{\"@type\":\"ListItem\",\"position\":2,\"name\":\"Productos\",\"item\":\"https:\/\/tecplan.com.gt\/shop\/\"},{\"@type\":\"ListItem\",\"position\":3,\"name\":\"Fusiondora De Alineaci\u00f3n De N\u00facleo Tumtec V9+\"}]},{\"@type\":\"WebSite\",\"@id\":\"https:\/\/tecplan.com.gt\/#website\",\"url\":\"https:\/\/tecplan.com.gt\/\",\"name\":\"Tecplan Argentina\",\"description\":\"Tecnolog\u00edas y equipos de telecomunicaciones\",\"publisher\":{\"@id\":\"https:\/\/tecplan.com.gt\/#organization\"},\"potentialAction\":[{\"@type\":\"SearchAction\",\"target\":{\"@type\":\"EntryPoint\",\"urlTemplate\":\"https:\/\/tecplan.com.gt\/?s={search_term_string}\"},\"query-input\":{\"@type\":\"PropertyValueSpecification\",\"valueRequired\":true,\"valueName\":\"search_term_string\"}}],\"inLanguage\":\"en-US\"},{\"@type\":\"Organization\",\"@id\":\"https:\/\/tecplan.com.gt\/#organization\",\"name\":\"Tecplan Argentina\",\"url\":\"https:\/\/tecplan.com.gt\/\",\"logo\":{\"@type\":\"ImageObject\",\"inLanguage\":\"en-US\",\"@id\":\"https:\/\/tecplan.com.gt\/#\/schema\/logo\/image\/\",\"url\":\"\/wp-content\/uploads\/2023\/03\/logo-tecplan.gif\",\"contentUrl\":\"\/wp-content\/uploads\/2023\/03\/logo-tecplan.gif\",\"width\":1920,\"height\":486,\"caption\":\"Tecplan Argentina\"},\"image\":{\"@id\":\"https:\/\/tecplan.com.gt\/#\/schema\/logo\/image\/\"}}]}<\/script>\n<!-- \/ Yoast SEO plugin. -->","yoast_head_json":{"title":"Fusiondora De Alineaci\u00f3n De N\u00facleo Tumtec V9+ -","robots":{"index":"index","follow":"follow","max-snippet":"max-snippet:-1","max-image-preview":"max-image-preview:large","max-video-preview":"max-video-preview:-1"},"canonical":"https:\/\/tecplan.com.gt\/en\/product\/fusiondora-de-alineacion-de-nucleo-tumtec-v9\/","og_locale":"en_US","og_type":"article","og_title":"Fusiondora De Alineaci\u00f3n De N\u00facleo Tumtec V9+ -","og_description":"Fusiondora De Alineaci\u00f3n\u00a0 Tumtec V9+ Fusiondora de alineaci\u00f3n de n\u00facleo ARC de precisi\u00f3n avanzada Tumtec V9 ; Sistemas de alineaci\u00f3n DACAS; T\u00e9cnica alemana de CNC y marco integrado de ajuste de fibra; identificar autom\u00e1tic el fibra; El empalme asegurado pierde dentro de 0.02dB. Especificaciones Del Producto:   Nombre:V9  Size:140W*170L*176Hmm  N\u00facleos:1 Filamento  m\u00e9todo de alineaci\u00f3n:alineaci\u00f3n-del-n\u00facleo  capacidad de la bater\u00eda:5200mAh","og_url":"https:\/\/tecplan.com.gt\/en\/product\/fusiondora-de-alineacion-de-nucleo-tumtec-v9\/","article_modified_time":"2024-05-07T22:18:30+00:00","og_image":[{"width":800,"height":800,"url":"https:\/\/tecplan.com.gt\/wp-content\/uploads\/2023\/03\/20200415100350dfgVyv.jpg","type":"image\/jpeg"}],"twitter_card":"summary_large_image","twitter_misc":{"Est. reading time":"2 minutes"},"schema":{"@context":"https:\/\/schema.org","@graph":[{"@type":"WebPage","@id":"https:\/\/tecplan.com.gt\/producto\/fusiondora-de-alineacion-de-nucleo-tumtec-v9\/","url":"https:\/\/tecplan.com.gt\/producto\/fusiondora-de-alineacion-de-nucleo-tumtec-v9\/","name":"Fusiondora De Alineaci\u00f3n De N\u00facleo Tumtec V9+ -","isPartOf":{"@id":"https:\/\/tecplan.com.gt\/#website"},"primaryImageOfPage":{"@id":"https:\/\/tecplan.com.gt\/producto\/fusiondora-de-alineacion-de-nucleo-tumtec-v9\/#primaryimage"},"image":{"@id":"https:\/\/tecplan.com.gt\/producto\/fusiondora-de-alineacion-de-nucleo-tumtec-v9\/#primaryimage"},"thumbnailUrl":"\/wp-content\/uploads\/2023\/03\/20200415100350dfgVyv.jpg","datePublished":"2023-02-08T09:13:47+00:00","dateModified":"2024-05-07T22:18:30+00:00","breadcrumb":{"@id":"https:\/\/tecplan.com.gt\/producto\/fusiondora-de-alineacion-de-nucleo-tumtec-v9\/#breadcrumb"},"inLanguage":"en-US","potentialAction":[{"@type":"ReadAction","target":["https:\/\/tecplan.com.gt\/producto\/fusiondora-de-alineacion-de-nucleo-tumtec-v9\/"]}]},{"@type":"ImageObject","inLanguage":"en-US","@id":"https:\/\/tecplan.com.gt\/producto\/fusiondora-de-alineacion-de-nucleo-tumtec-v9\/#primaryimage","url":"\/wp-content\/uploads\/2023\/03\/20200415100350dfgVyv.jpg","contentUrl":"\/wp-content\/uploads\/2023\/03\/20200415100350dfgVyv.jpg","width":800,"height":800},{"@type":"BreadcrumbList","@id":"https:\/\/tecplan.com.gt\/producto\/fusiondora-de-alineacion-de-nucleo-tumtec-v9\/#breadcrumb","itemListElement":[{"@type":"ListItem","position":1,"name":"Portada","item":"https:\/\/tecplan.com.gt\/"},{"@type":"ListItem","position":2,"name":"Productos","item":"https:\/\/tecplan.com.gt\/shop\/"},{"@type":"ListItem","position":3,"name":"Fusiondora De Alineaci\u00f3n De N\u00facleo Tumtec V9+"}]},{"@type":"WebSite","@id":"https:\/\/tecplan.com.gt\/#website","url":"https:\/\/tecplan.com.gt\/","name":"Tecplan Argentina","description":"Tecnolog\u00edas y equipos de telecomunicaciones","publisher":{"@id":"https:\/\/tecplan.com.gt\/#organization"},"potentialAction":[{"@type":"SearchAction","target":{"@type":"EntryPoint","urlTemplate":"https:\/\/tecplan.com.gt\/?s={search_term_string}"},"query-input":{"@type":"PropertyValueSpecification","valueRequired":true,"valueName":"search_term_string"}}],"inLanguage":"en-US"},{"@type":"Organization","@id":"https:\/\/tecplan.com.gt\/#organization","name":"Tecplan Argentina","url":"https:\/\/tecplan.com.gt\/","logo":{"@type":"ImageObject","inLanguage":"en-US","@id":"https:\/\/tecplan.com.gt\/#\/schema\/logo\/image\/","url":"\/wp-content\/uploads\/2023\/03\/logo-tecplan.gif","contentUrl":"\/wp-content\/uploads\/2023\/03\/logo-tecplan.gif","width":1920,"height":486,"caption":"Tecplan Argentina"},"image":{"@id":"https:\/\/tecplan.com.gt\/#\/schema\/logo\/image\/"}}]}},"_links":{"self":[{"href":"https:\/\/tecplan.com.gt\/en\/wp-json\/wp\/v2\/product\/2434"}],"collection":[{"href":"https:\/\/tecplan.com.gt\/en\/wp-json\/wp\/v2\/product"}],"about":[{"href":"https:\/\/tecplan.com.gt\/en\/wp-json\/wp\/v2\/types\/product"}],"replies":[{"embeddable":true,"href":"https:\/\/tecplan.com.gt\/en\/wp-json\/wp\/v2\/comments?post=2434"}],"version-history":[{"count":9,"href":"https:\/\/tecplan.com.gt\/en\/wp-json\/wp\/v2\/product\/2434\/revisions"}],"predecessor-version":[{"id":7570,"href":"https:\/\/tecplan.com.gt\/en\/wp-json\/wp\/v2\/product\/2434\/revisions\/7570"}],"wp:featuredmedia":[{"embeddable":true,"href":"https:\/\/tecplan.com.gt\/en\/wp-json\/wp\/v2\/media\/2435"}],"wp:attachment":[{"href":"https:\/\/tecplan.com.gt\/en\/wp-json\/wp\/v2\/media?parent=2434"}],"wp:term":[{"taxonomy":"product_brand","embeddable":true,"href":"https:\/\/tecplan.com.gt\/en\/wp-json\/wp\/v2\/product_brand?post=2434"},{"taxonomy":"product_cat","embeddable":true,"href":"https:\/\/tecplan.com.gt\/en\/wp-json\/wp\/v2\/product_cat?post=2434"},{"taxonomy":"product_tag","embeddable":true,"href":"https:\/\/tecplan.com.gt\/en\/wp-json\/wp\/v2\/product_tag?post=2434"}],"curies":[{"name":"wp","href":"https:\/\/api.w.org\/{rel}","templated":true}]}}