{"id":2436,"date":"2023-02-08T06:22:03","date_gmt":"2023-02-08T09:22:03","guid":{"rendered":"https:\/\/tecplan.com.gt\/?post_type=product&#038;p=2436"},"modified":"2023-10-15T12:23:28","modified_gmt":"2023-10-15T15:23:28","slug":"4-e1-75-120ohms-bnc-rj45","status":"publish","type":"product","link":"https:\/\/tecplan.com.gt\/en\/product\/4-e1-75-120ohms-bnc-rj45\/","title":{"rendered":"4 E1 75\/120ohms BNC\/Rj45"},"content":{"rendered":"<p><strong>Characteristics<\/strong><\/p>\n<ul>\n<li>Based on self-copyright IC<\/li>\n<li>To achieve transparent Ethernet data transmission on 1-4E1 circuits<\/li>\n<li>You can perform local and remote reset of the device<\/li>\n<li>The Ethernet interface is 100BASE-FX, supporting VLAN protocol<\/li>\n<li>Dynamic Ethernet MAC address between sets (4096) with local data frame filtering function<\/li>\n<li>The speed of single channel lines is 1984 Kbit\/s, the bandwidth of 4 channels is up to 7936 Kbit\/s<\/li>\n<li>Supports the full set of Ethernet working modes<\/li>\n<li>The CRC automatic alarm threshold can be set to isolate poor quality transmission lines and cut off only one direction.<\/li>\n<li>When the error rate of one direction of the 2M branch circuit exceeds the threshold, cutting off this direction does not affect the other direction; that is, both directions of Ethernet transmission can be asymmetrical.<\/li>\n<li>Allow 4 E1 channel transmission time delay difference of 100ms. When the margin exceeds the allowable range, the<br \/>\nThe system may automatically stop at E1 that the time delay is too large to send data<\/li>\n<li>E1 interface complies with ITU-T G.703, G.704 and G.823, does not support the use of signal time slot<\/li>\n<li>E1 interface module with inter-set clock recovery circuit and HDB3 code circuit<\/li>\n<li>Supports hot plugging of E1 channel on the device and automatically detects the effective channel and will not interrupt data transmission<\/li>\n<li>It can support 1-4 channel E1 channel setting, can automatically detect the number of E1 and select the E1<br \/>\navailable;<\/li>\n<\/ul>\n<div id=\"gtx-trans\" style=\"position: absolute; left: 4px; top: 46px;\">\n<div class=\"gtx-trans-icon\"><\/div>\n<\/div>","protected":false},"excerpt":{"rendered":"<p>This interface converter is based on FPGA and uses reverse direction multiplexing technology to group multiple E1 circuits together to transmit 4Channel 100BASE-TX Ethernet data. It can realize 1~4 E1 channels to convert between Ethernet optical interface.<\/p>\n<p>This device can transmit point-to-point transceiver signal to Ethernet optical interface to make E1 channels interconnected with Ethernet optical interface. Different from general remote network bridge, this device can support 1-4 channel E1 channel setting, it can automatically detect the number of E1 and select the available E1. It allows the difference of E1 lines transmission time delay.<\/p>","protected":false},"featured_media":4039,"comment_status":"open","ping_status":"closed","template":"","meta":{"site-sidebar-layout":"default","site-content-layout":"default","ast-site-content-layout":"default","site-content-style":"default","site-sidebar-style":"default","ast-global-header-display":"","ast-banner-title-visibility":"","ast-main-header-display":"","ast-hfb-above-header-display":"","ast-hfb-below-header-display":"","ast-hfb-mobile-header-display":"","site-post-title":"","ast-breadcrumbs-content":"","ast-featured-img":"","footer-sml-layout":"","theme-transparent-header-meta":"default","adv-header-id-meta":"","stick-header-meta":"","header-above-stick-meta":"","header-main-stick-meta":"","header-below-stick-meta":"","astra-migrate-meta-layouts":"set","ast-page-background-enabled":"default","ast-page-background-meta":{"desktop":{"background-color":"var(--ast-global-color-4)","background-image":"","background-repeat":"repeat","background-position":"center center","background-size":"auto","background-attachment":"scroll","background-type":"","background-media":"","overlay-type":"","overlay-color":"","overlay-opacity":"","overlay-gradient":""},"tablet":{"background-color":"","background-image":"","background-repeat":"repeat","background-position":"center center","background-size":"auto","background-attachment":"scroll","background-type":"","background-media":"","overlay-type":"","overlay-color":"","overlay-opacity":"","overlay-gradient":""},"mobile":{"background-color":"","background-image":"","background-repeat":"repeat","background-position":"center center","background-size":"auto","background-attachment":"scroll","background-type":"","background-media":"","overlay-type":"","overlay-color":"","overlay-opacity":"","overlay-gradient":""}},"ast-content-background-meta":{"desktop":{"background-color":"var(--ast-global-color-5)","background-image":"","background-repeat":"repeat","background-position":"center center","background-size":"auto","background-attachment":"scroll","background-type":"","background-media":"","overlay-type":"","overlay-color":"","overlay-opacity":"","overlay-gradient":""},"tablet":{"background-color":"var(--ast-global-color-5)","background-image":"","background-repeat":"repeat","background-position":"center center","background-size":"auto","background-attachment":"scroll","background-type":"","background-media":"","overlay-type":"","overlay-color":"","overlay-opacity":"","overlay-gradient":""},"mobile":{"background-color":"var(--ast-global-color-5)","background-image":"","background-repeat":"repeat","background-position":"center center","background-size":"auto","background-attachment":"scroll","background-type":"","background-media":"","overlay-type":"","overlay-color":"","overlay-opacity":"","overlay-gradient":""}}},"product_brand":[],"product_cat":[20],"product_tag":[],"class_list":{"0":"post-2436","1":"product","2":"type-product","3":"status-publish","4":"has-post-thumbnail","6":"product_cat-radio-frecuencia","7":"desktop-align-left","8":"tablet-align-left","9":"mobile-align-left","11":"first","12":"instock","13":"shipping-taxable","14":"product-type-simple"},"yoast_head":"<!-- This site is optimized with the Yoast SEO plugin v24.6 - https:\/\/yoast.com\/wordpress\/plugins\/seo\/ -->\n<title>4 E1 75\/120ohms BNC\/Rj45 -<\/title>\n<meta name=\"robots\" content=\"index, follow, max-snippet:-1, max-image-preview:large, max-video-preview:-1\" \/>\n<link rel=\"canonical\" href=\"https:\/\/tecplan.com.gt\/en\/product\/4-e1-75-120ohms-bnc-rj45\/\" \/>\n<meta property=\"og:locale\" content=\"en_US\" \/>\n<meta property=\"og:type\" content=\"article\" \/>\n<meta property=\"og:title\" content=\"4 E1 75\/120ohms BNC\/Rj45 -\" \/>\n<meta property=\"og:description\" content=\"Este convertidor de interfaz se basa en FPGA y utiliza tecnolog\u00eda de multiplexaci\u00f3n de direcci\u00f3n inversa para agrupar m\u00faltiples Circuitos E1 para transmitir los datos Ethernet de 4Channel 100BASE-TX. Puede realizar 1 ~ 4 canales E1 para convertir entre Interfaz \u00f3ptica Ethernet.  Este dispositivo puede transmitir la se\u00f1al del transceptor punto a punto a la interfaz \u00f3ptica Ethernetpara hacer canales E1 interconectados con interfaz \u00f3ptica Ethernet. A diferencia del puente de red remoto general, este dispositivo puede admitir la configuraci\u00f3n del canal E1 de 1-4 canales, puede detectar autom\u00e1ticamente el n\u00famero de E1 y seleccionar el E1 disponible. Permite la diferencia de retardo de tiempo de transmisi\u00f3n de l\u00edneas E1.\" \/>\n<meta property=\"og:url\" content=\"https:\/\/tecplan.com.gt\/en\/product\/4-e1-75-120ohms-bnc-rj45\/\" \/>\n<meta property=\"article:modified_time\" content=\"2023-10-15T15:23:28+00:00\" \/>\n<meta property=\"og:image\" content=\"https:\/\/tecplan.com.gt\/wp-content\/uploads\/2023\/02\/Diseno-sin-titulo-6.png\" \/>\n\t<meta property=\"og:image:width\" content=\"1080\" \/>\n\t<meta property=\"og:image:height\" content=\"1080\" \/>\n\t<meta property=\"og:image:type\" content=\"image\/png\" \/>\n<meta name=\"twitter:card\" content=\"summary_large_image\" \/>\n<meta name=\"twitter:label1\" content=\"Est. reading time\" \/>\n\t<meta name=\"twitter:data1\" content=\"2 minutes\" \/>\n<script type=\"application\/ld+json\" class=\"yoast-schema-graph\">{\"@context\":\"https:\/\/schema.org\",\"@graph\":[{\"@type\":\"WebPage\",\"@id\":\"https:\/\/tecplan.com.gt\/producto\/4-e1-75-120ohms-bnc-rj45\/\",\"url\":\"https:\/\/tecplan.com.gt\/producto\/4-e1-75-120ohms-bnc-rj45\/\",\"name\":\"4 E1 75\/120ohms BNC\/Rj45 -\",\"isPartOf\":{\"@id\":\"https:\/\/tecplan.com.gt\/#website\"},\"primaryImageOfPage\":{\"@id\":\"https:\/\/tecplan.com.gt\/producto\/4-e1-75-120ohms-bnc-rj45\/#primaryimage\"},\"image\":{\"@id\":\"https:\/\/tecplan.com.gt\/producto\/4-e1-75-120ohms-bnc-rj45\/#primaryimage\"},\"thumbnailUrl\":\"\/wp-content\/uploads\/2023\/02\/Diseno-sin-titulo-6.png\",\"datePublished\":\"2023-02-08T09:22:03+00:00\",\"dateModified\":\"2023-10-15T15:23:28+00:00\",\"breadcrumb\":{\"@id\":\"https:\/\/tecplan.com.gt\/producto\/4-e1-75-120ohms-bnc-rj45\/#breadcrumb\"},\"inLanguage\":\"en-US\",\"potentialAction\":[{\"@type\":\"ReadAction\",\"target\":[\"https:\/\/tecplan.com.gt\/producto\/4-e1-75-120ohms-bnc-rj45\/\"]}]},{\"@type\":\"ImageObject\",\"inLanguage\":\"en-US\",\"@id\":\"https:\/\/tecplan.com.gt\/producto\/4-e1-75-120ohms-bnc-rj45\/#primaryimage\",\"url\":\"\/wp-content\/uploads\/2023\/02\/Diseno-sin-titulo-6.png\",\"contentUrl\":\"\/wp-content\/uploads\/2023\/02\/Diseno-sin-titulo-6.png\",\"width\":1080,\"height\":1080},{\"@type\":\"BreadcrumbList\",\"@id\":\"https:\/\/tecplan.com.gt\/producto\/4-e1-75-120ohms-bnc-rj45\/#breadcrumb\",\"itemListElement\":[{\"@type\":\"ListItem\",\"position\":1,\"name\":\"Portada\",\"item\":\"https:\/\/tecplan.com.gt\/\"},{\"@type\":\"ListItem\",\"position\":2,\"name\":\"Productos\",\"item\":\"https:\/\/tecplan.com.gt\/shop\/\"},{\"@type\":\"ListItem\",\"position\":3,\"name\":\"4 E1 75\/120ohms BNC\/Rj45\"}]},{\"@type\":\"WebSite\",\"@id\":\"https:\/\/tecplan.com.gt\/#website\",\"url\":\"https:\/\/tecplan.com.gt\/\",\"name\":\"Tecplan Argentina\",\"description\":\"Tecnolog\u00edas y equipos de telecomunicaciones\",\"publisher\":{\"@id\":\"https:\/\/tecplan.com.gt\/#organization\"},\"potentialAction\":[{\"@type\":\"SearchAction\",\"target\":{\"@type\":\"EntryPoint\",\"urlTemplate\":\"https:\/\/tecplan.com.gt\/?s={search_term_string}\"},\"query-input\":{\"@type\":\"PropertyValueSpecification\",\"valueRequired\":true,\"valueName\":\"search_term_string\"}}],\"inLanguage\":\"en-US\"},{\"@type\":\"Organization\",\"@id\":\"https:\/\/tecplan.com.gt\/#organization\",\"name\":\"Tecplan Argentina\",\"url\":\"https:\/\/tecplan.com.gt\/\",\"logo\":{\"@type\":\"ImageObject\",\"inLanguage\":\"en-US\",\"@id\":\"https:\/\/tecplan.com.gt\/#\/schema\/logo\/image\/\",\"url\":\"\/wp-content\/uploads\/2023\/03\/logo-tecplan.gif\",\"contentUrl\":\"\/wp-content\/uploads\/2023\/03\/logo-tecplan.gif\",\"width\":1920,\"height\":486,\"caption\":\"Tecplan Argentina\"},\"image\":{\"@id\":\"https:\/\/tecplan.com.gt\/#\/schema\/logo\/image\/\"}}]}<\/script>\n<!-- \/ Yoast SEO plugin. -->","yoast_head_json":{"title":"4 E1 75\/120ohms BNC\/Rj45 -","robots":{"index":"index","follow":"follow","max-snippet":"max-snippet:-1","max-image-preview":"max-image-preview:large","max-video-preview":"max-video-preview:-1"},"canonical":"https:\/\/tecplan.com.gt\/en\/product\/4-e1-75-120ohms-bnc-rj45\/","og_locale":"en_US","og_type":"article","og_title":"4 E1 75\/120ohms BNC\/Rj45 -","og_description":"Este convertidor de interfaz se basa en FPGA y utiliza tecnolog\u00eda de multiplexaci\u00f3n de direcci\u00f3n inversa para agrupar m\u00faltiples Circuitos E1 para transmitir los datos Ethernet de 4Channel 100BASE-TX. Puede realizar 1 ~ 4 canales E1 para convertir entre Interfaz \u00f3ptica Ethernet.  Este dispositivo puede transmitir la se\u00f1al del transceptor punto a punto a la interfaz \u00f3ptica Ethernetpara hacer canales E1 interconectados con interfaz \u00f3ptica Ethernet. A diferencia del puente de red remoto general, este dispositivo puede admitir la configuraci\u00f3n del canal E1 de 1-4 canales, puede detectar autom\u00e1ticamente el n\u00famero de E1 y seleccionar el E1 disponible. Permite la diferencia de retardo de tiempo de transmisi\u00f3n de l\u00edneas E1.","og_url":"https:\/\/tecplan.com.gt\/en\/product\/4-e1-75-120ohms-bnc-rj45\/","article_modified_time":"2023-10-15T15:23:28+00:00","og_image":[{"width":1080,"height":1080,"url":"https:\/\/tecplan.com.gt\/wp-content\/uploads\/2023\/02\/Diseno-sin-titulo-6.png","type":"image\/png"}],"twitter_card":"summary_large_image","twitter_misc":{"Est. reading time":"2 minutes"},"schema":{"@context":"https:\/\/schema.org","@graph":[{"@type":"WebPage","@id":"https:\/\/tecplan.com.gt\/producto\/4-e1-75-120ohms-bnc-rj45\/","url":"https:\/\/tecplan.com.gt\/producto\/4-e1-75-120ohms-bnc-rj45\/","name":"4 E1 75\/120ohms BNC\/Rj45 -","isPartOf":{"@id":"https:\/\/tecplan.com.gt\/#website"},"primaryImageOfPage":{"@id":"https:\/\/tecplan.com.gt\/producto\/4-e1-75-120ohms-bnc-rj45\/#primaryimage"},"image":{"@id":"https:\/\/tecplan.com.gt\/producto\/4-e1-75-120ohms-bnc-rj45\/#primaryimage"},"thumbnailUrl":"\/wp-content\/uploads\/2023\/02\/Diseno-sin-titulo-6.png","datePublished":"2023-02-08T09:22:03+00:00","dateModified":"2023-10-15T15:23:28+00:00","breadcrumb":{"@id":"https:\/\/tecplan.com.gt\/producto\/4-e1-75-120ohms-bnc-rj45\/#breadcrumb"},"inLanguage":"en-US","potentialAction":[{"@type":"ReadAction","target":["https:\/\/tecplan.com.gt\/producto\/4-e1-75-120ohms-bnc-rj45\/"]}]},{"@type":"ImageObject","inLanguage":"en-US","@id":"https:\/\/tecplan.com.gt\/producto\/4-e1-75-120ohms-bnc-rj45\/#primaryimage","url":"\/wp-content\/uploads\/2023\/02\/Diseno-sin-titulo-6.png","contentUrl":"\/wp-content\/uploads\/2023\/02\/Diseno-sin-titulo-6.png","width":1080,"height":1080},{"@type":"BreadcrumbList","@id":"https:\/\/tecplan.com.gt\/producto\/4-e1-75-120ohms-bnc-rj45\/#breadcrumb","itemListElement":[{"@type":"ListItem","position":1,"name":"Portada","item":"https:\/\/tecplan.com.gt\/"},{"@type":"ListItem","position":2,"name":"Productos","item":"https:\/\/tecplan.com.gt\/shop\/"},{"@type":"ListItem","position":3,"name":"4 E1 75\/120ohms BNC\/Rj45"}]},{"@type":"WebSite","@id":"https:\/\/tecplan.com.gt\/#website","url":"https:\/\/tecplan.com.gt\/","name":"Tecplan Argentina","description":"Tecnolog\u00edas y equipos de telecomunicaciones","publisher":{"@id":"https:\/\/tecplan.com.gt\/#organization"},"potentialAction":[{"@type":"SearchAction","target":{"@type":"EntryPoint","urlTemplate":"https:\/\/tecplan.com.gt\/?s={search_term_string}"},"query-input":{"@type":"PropertyValueSpecification","valueRequired":true,"valueName":"search_term_string"}}],"inLanguage":"en-US"},{"@type":"Organization","@id":"https:\/\/tecplan.com.gt\/#organization","name":"Tecplan Argentina","url":"https:\/\/tecplan.com.gt\/","logo":{"@type":"ImageObject","inLanguage":"en-US","@id":"https:\/\/tecplan.com.gt\/#\/schema\/logo\/image\/","url":"\/wp-content\/uploads\/2023\/03\/logo-tecplan.gif","contentUrl":"\/wp-content\/uploads\/2023\/03\/logo-tecplan.gif","width":1920,"height":486,"caption":"Tecplan Argentina"},"image":{"@id":"https:\/\/tecplan.com.gt\/#\/schema\/logo\/image\/"}}]}},"_links":{"self":[{"href":"https:\/\/tecplan.com.gt\/en\/wp-json\/wp\/v2\/product\/2436"}],"collection":[{"href":"https:\/\/tecplan.com.gt\/en\/wp-json\/wp\/v2\/product"}],"about":[{"href":"https:\/\/tecplan.com.gt\/en\/wp-json\/wp\/v2\/types\/product"}],"replies":[{"embeddable":true,"href":"https:\/\/tecplan.com.gt\/en\/wp-json\/wp\/v2\/comments?post=2436"}],"version-history":[{"count":0,"href":"https:\/\/tecplan.com.gt\/en\/wp-json\/wp\/v2\/product\/2436\/revisions"}],"wp:featuredmedia":[{"embeddable":true,"href":"https:\/\/tecplan.com.gt\/en\/wp-json\/wp\/v2\/media\/4039"}],"wp:attachment":[{"href":"https:\/\/tecplan.com.gt\/en\/wp-json\/wp\/v2\/media?parent=2436"}],"wp:term":[{"taxonomy":"product_brand","embeddable":true,"href":"https:\/\/tecplan.com.gt\/en\/wp-json\/wp\/v2\/product_brand?post=2436"},{"taxonomy":"product_cat","embeddable":true,"href":"https:\/\/tecplan.com.gt\/en\/wp-json\/wp\/v2\/product_cat?post=2436"},{"taxonomy":"product_tag","embeddable":true,"href":"https:\/\/tecplan.com.gt\/en\/wp-json\/wp\/v2\/product_tag?post=2436"}],"curies":[{"name":"wp","href":"https:\/\/api.w.org\/{rel}","templated":true}]}}