{"id":2438,"date":"2023-02-08T06:28:35","date_gmt":"2023-02-08T09:28:35","guid":{"rendered":"https:\/\/tecplan.com.gt\/?post_type=product&#038;p=2438"},"modified":"2024-05-06T19:07:23","modified_gmt":"2024-05-06T23:07:23","slug":"fibra-optica-de-cable-de-conexion-blindado","status":"publish","type":"product","link":"https:\/\/tecplan.com.gt\/en\/product\/fibra-optica-de-cable-de-conexion-blindado\/","title":{"rendered":"Fiber optic shielded patch cable"},"content":{"rendered":"<div data-elementor-type=\"product-post\" data-elementor-id=\"2438\" class=\"elementor elementor-2438\" data-elementor-post-type=\"product\">\n\t\t\t\t<div class=\"elementor-element elementor-element-11b7207d e-flex e-con-boxed e-con e-parent\" data-id=\"11b7207d\" data-element_type=\"container\">\n\t\t\t\t\t<div class=\"e-con-inner\">\n\t\t\t\t<div class=\"elementor-element elementor-element-4024f8a6 elementor-widget elementor-widget-text-editor\" data-id=\"4024f8a6\" data-element_type=\"widget\" data-widget_type=\"text-editor.default\">\n\t\t\t\t<div class=\"elementor-widget-container\">\n\t\t\t\t\t\t\t\t\t<strong><br> Fiber optic shielded patch cable<\/strong><\/br> \r\n\r\n<p style=\"text-align: justify;\"> They have high mechanical performance, reliable optical performance and leading function against ultraviolet radiation. These steel armored fiber optic patch cords are applied to the fields of various data communications, outdoor emergency, buildings without protective wiring and currently recommended wiring connections of FTTH, etc.<\/p>\r\n\r\n<strong>characteristics:<\/strong>\r\n<ul>\r\n \t<li>Full steel shielded protection of ceramic ferrule<\/li>\r\n \t<li>High tensile strength and anti-pressure<\/li>\r\n \t<li>Strong anti-ultraviolet radiation High flexibility<\/li>\r\n<\/ul>\r\n<strong>Application Area:<\/strong>\r\n<ul>\r\n \t<li>FTTH<\/li>\r\n \t<li>Defense communications<\/li>\r\n \t<li>Outdoor Emergency<\/li>\r\n \t<li>Buildings without protective cabling<\/li>\r\n<\/ul>\r\n\r\n\r\n\r\n\t\t\t\t\t\t\t\t<\/div>\n\t\t\t\t<\/div>\n\t\t\t\t<div class=\"elementor-element elementor-element-d80e2a5 elementor-widget elementor-widget-button\" data-id=\"d80e2a5\" data-element_type=\"widget\" data-widget_type=\"button.default\">\n\t\t\t\t<div class=\"elementor-widget-container\">\n\t\t\t\t\t\t\t\t\t<div class=\"elementor-button-wrapper\">\n\t\t\t\t\t<a class=\"elementor-button elementor-button-link elementor-size-sm\" href=\"https:\/\/drive.google.com\/file\/d\/1EFljTx5h3Mp9DS5vpT5j_v_CN3G7l9oF\/view?usp=sharing\">\n\t\t\t\t\t\t<span class=\"elementor-button-content-wrapper\">\n\t\t\t\t\t\t\t\t\t<span class=\"elementor-button-text\">Download Technical Sheet<\/span>\n\t\t\t\t\t<\/span>\n\t\t\t\t\t<\/a>\n\t\t\t\t<\/div>\n\t\t\t\t\t\t\t\t<\/div>\n\t\t\t\t<\/div>\n\t\t\t\t\t<\/div>\n\t\t\t\t<\/div>\n\t\t\t\t<\/div>","protected":false},"excerpt":{"rendered":"<p><strong><br \/> Fiber optic shielded patch cable<\/strong><\/br> <\/p>\n<p style=\"text-align: justify;\">SummIT FTTH steel armored fiber optic patch cable series is manufactured by covering a variety of Japan-made SUS-304 stainless steel strip in the 0.9mm PVC watertight tube. <\/p>\n<p style=\"text-align: justify;\">By adopting indoor soft optical fiber cable processing technique and fine workmanship to produce optical fiber patch cords, these special optical fiber patch cords are fully protected by steel armor outside the 0.9mm PVC airtight tube.<\/p>","protected":false},"featured_media":6305,"comment_status":"open","ping_status":"closed","template":"","meta":{"site-sidebar-layout":"default","site-content-layout":"","ast-site-content-layout":"default","site-content-style":"default","site-sidebar-style":"default","ast-global-header-display":"","ast-banner-title-visibility":"","ast-main-header-display":"","ast-hfb-above-header-display":"","ast-hfb-below-header-display":"","ast-hfb-mobile-header-display":"","site-post-title":"","ast-breadcrumbs-content":"","ast-featured-img":"","footer-sml-layout":"","theme-transparent-header-meta":"default","adv-header-id-meta":"","stick-header-meta":"","header-above-stick-meta":"","header-main-stick-meta":"","header-below-stick-meta":"","astra-migrate-meta-layouts":"set","ast-page-background-enabled":"default","ast-page-background-meta":{"desktop":{"background-color":"var(--ast-global-color-4)","background-image":"","background-repeat":"repeat","background-position":"center center","background-size":"auto","background-attachment":"scroll","background-type":"","background-media":"","overlay-type":"","overlay-color":"","overlay-opacity":"","overlay-gradient":""},"tablet":{"background-color":"","background-image":"","background-repeat":"repeat","background-position":"center center","background-size":"auto","background-attachment":"scroll","background-type":"","background-media":"","overlay-type":"","overlay-color":"","overlay-opacity":"","overlay-gradient":""},"mobile":{"background-color":"","background-image":"","background-repeat":"repeat","background-position":"center center","background-size":"auto","background-attachment":"scroll","background-type":"","background-media":"","overlay-type":"","overlay-color":"","overlay-opacity":"","overlay-gradient":""}},"ast-content-background-meta":{"desktop":{"background-color":"var(--ast-global-color-5)","background-image":"","background-repeat":"repeat","background-position":"center center","background-size":"auto","background-attachment":"scroll","background-type":"","background-media":"","overlay-type":"","overlay-color":"","overlay-opacity":"","overlay-gradient":""},"tablet":{"background-color":"var(--ast-global-color-5)","background-image":"","background-repeat":"repeat","background-position":"center center","background-size":"auto","background-attachment":"scroll","background-type":"","background-media":"","overlay-type":"","overlay-color":"","overlay-opacity":"","overlay-gradient":""},"mobile":{"background-color":"var(--ast-global-color-5)","background-image":"","background-repeat":"repeat","background-position":"center center","background-size":"auto","background-attachment":"scroll","background-type":"","background-media":"","overlay-type":"","overlay-color":"","overlay-opacity":"","overlay-gradient":""}}},"product_brand":[],"product_cat":[45],"product_tag":[58],"class_list":{"0":"post-2438","1":"product","2":"type-product","3":"status-publish","4":"has-post-thumbnail","6":"product_cat-summit","7":"product_tag-summit","8":"desktop-align-left","9":"tablet-align-left","10":"mobile-align-left","12":"first","13":"instock","14":"shipping-taxable","15":"product-type-simple"},"yoast_head":"<!-- This site is optimized with the Yoast SEO plugin v24.6 - https:\/\/yoast.com\/wordpress\/plugins\/seo\/ -->\n<title>Fibra \u00f3ptica de cable de conexi\u00f3n blindado -<\/title>\n<meta name=\"robots\" content=\"index, follow, max-snippet:-1, max-image-preview:large, max-video-preview:-1\" \/>\n<link rel=\"canonical\" href=\"https:\/\/tecplan.com.gt\/en\/product\/fibra-optica-de-cable-de-conexion-blindado\/\" \/>\n<meta property=\"og:locale\" content=\"en_US\" \/>\n<meta property=\"og:type\" content=\"article\" \/>\n<meta property=\"og:title\" content=\"Fibra \u00f3ptica de cable de conexi\u00f3n blindado -\" \/>\n<meta property=\"og:description\" content=\"Fibra \u00f3ptica de cable de conexi\u00f3n blindado   La serie de cables de conexi\u00f3n de fibra \u00f3ptica blindados de acero SummIT FTTH se fabrica cubriendo una variedad de SUS-304 fabricados en Jap\u00f3n banda de acero inoxidable en el tubo estanco de PVC de 0,9 mm.   Al adoptar la t\u00e9cnica de procesamiento del cable de fibra \u00f3ptica suave para interiores y la mano de obra fina para producir latiguillos de fibra \u00f3ptica, estos latiguillos especiales de fibra \u00f3ptica est\u00e1n totalmente protegidos por una armadura de acero fuera del tubo herm\u00e9tico de PVC de 0,9 mm.\" \/>\n<meta property=\"og:url\" content=\"https:\/\/tecplan.com.gt\/en\/product\/fibra-optica-de-cable-de-conexion-blindado\/\" \/>\n<meta property=\"article:modified_time\" content=\"2024-05-06T23:07:23+00:00\" \/>\n<meta property=\"og:image\" content=\"https:\/\/tecplan.com.gt\/wp-content\/uploads\/2023\/02\/Fibra-optica-de-cable-01.jpg\" \/>\n\t<meta property=\"og:image:width\" content=\"2000\" \/>\n\t<meta property=\"og:image:height\" content=\"2000\" \/>\n\t<meta property=\"og:image:type\" content=\"image\/jpeg\" \/>\n<meta name=\"twitter:card\" content=\"summary_large_image\" \/>\n<script type=\"application\/ld+json\" class=\"yoast-schema-graph\">{\"@context\":\"https:\/\/schema.org\",\"@graph\":[{\"@type\":\"WebPage\",\"@id\":\"https:\/\/tecplan.com.gt\/producto\/fibra-optica-de-cable-de-conexion-blindado\/\",\"url\":\"https:\/\/tecplan.com.gt\/producto\/fibra-optica-de-cable-de-conexion-blindado\/\",\"name\":\"Fibra \u00f3ptica de cable de conexi\u00f3n blindado -\",\"isPartOf\":{\"@id\":\"https:\/\/tecplan.com.gt\/#website\"},\"primaryImageOfPage\":{\"@id\":\"https:\/\/tecplan.com.gt\/producto\/fibra-optica-de-cable-de-conexion-blindado\/#primaryimage\"},\"image\":{\"@id\":\"https:\/\/tecplan.com.gt\/producto\/fibra-optica-de-cable-de-conexion-blindado\/#primaryimage\"},\"thumbnailUrl\":\"\/wp-content\/uploads\/2023\/02\/Fibra-optica-de-cable-01.jpg\",\"datePublished\":\"2023-02-08T09:28:35+00:00\",\"dateModified\":\"2024-05-06T23:07:23+00:00\",\"breadcrumb\":{\"@id\":\"https:\/\/tecplan.com.gt\/producto\/fibra-optica-de-cable-de-conexion-blindado\/#breadcrumb\"},\"inLanguage\":\"en-US\",\"potentialAction\":[{\"@type\":\"ReadAction\",\"target\":[\"https:\/\/tecplan.com.gt\/producto\/fibra-optica-de-cable-de-conexion-blindado\/\"]}]},{\"@type\":\"ImageObject\",\"inLanguage\":\"en-US\",\"@id\":\"https:\/\/tecplan.com.gt\/producto\/fibra-optica-de-cable-de-conexion-blindado\/#primaryimage\",\"url\":\"\/wp-content\/uploads\/2023\/02\/Fibra-optica-de-cable-01.jpg\",\"contentUrl\":\"\/wp-content\/uploads\/2023\/02\/Fibra-optica-de-cable-01.jpg\",\"width\":2000,\"height\":2000},{\"@type\":\"BreadcrumbList\",\"@id\":\"https:\/\/tecplan.com.gt\/producto\/fibra-optica-de-cable-de-conexion-blindado\/#breadcrumb\",\"itemListElement\":[{\"@type\":\"ListItem\",\"position\":1,\"name\":\"Portada\",\"item\":\"https:\/\/tecplan.com.gt\/\"},{\"@type\":\"ListItem\",\"position\":2,\"name\":\"Productos\",\"item\":\"https:\/\/tecplan.com.gt\/shop\/\"},{\"@type\":\"ListItem\",\"position\":3,\"name\":\"Fibra \u00f3ptica de cable de conexi\u00f3n blindado\"}]},{\"@type\":\"WebSite\",\"@id\":\"https:\/\/tecplan.com.gt\/#website\",\"url\":\"https:\/\/tecplan.com.gt\/\",\"name\":\"Tecplan Argentina\",\"description\":\"Tecnolog\u00edas y equipos de telecomunicaciones\",\"publisher\":{\"@id\":\"https:\/\/tecplan.com.gt\/#organization\"},\"potentialAction\":[{\"@type\":\"SearchAction\",\"target\":{\"@type\":\"EntryPoint\",\"urlTemplate\":\"https:\/\/tecplan.com.gt\/?s={search_term_string}\"},\"query-input\":{\"@type\":\"PropertyValueSpecification\",\"valueRequired\":true,\"valueName\":\"search_term_string\"}}],\"inLanguage\":\"en-US\"},{\"@type\":\"Organization\",\"@id\":\"https:\/\/tecplan.com.gt\/#organization\",\"name\":\"Tecplan Argentina\",\"url\":\"https:\/\/tecplan.com.gt\/\",\"logo\":{\"@type\":\"ImageObject\",\"inLanguage\":\"en-US\",\"@id\":\"https:\/\/tecplan.com.gt\/#\/schema\/logo\/image\/\",\"url\":\"\/wp-content\/uploads\/2023\/03\/logo-tecplan.gif\",\"contentUrl\":\"\/wp-content\/uploads\/2023\/03\/logo-tecplan.gif\",\"width\":1920,\"height\":486,\"caption\":\"Tecplan Argentina\"},\"image\":{\"@id\":\"https:\/\/tecplan.com.gt\/#\/schema\/logo\/image\/\"}}]}<\/script>\n<!-- \/ Yoast SEO plugin. -->","yoast_head_json":{"title":"Fibra \u00f3ptica de cable de conexi\u00f3n blindado -","robots":{"index":"index","follow":"follow","max-snippet":"max-snippet:-1","max-image-preview":"max-image-preview:large","max-video-preview":"max-video-preview:-1"},"canonical":"https:\/\/tecplan.com.gt\/en\/product\/fibra-optica-de-cable-de-conexion-blindado\/","og_locale":"en_US","og_type":"article","og_title":"Fibra \u00f3ptica de cable de conexi\u00f3n blindado -","og_description":"Fibra \u00f3ptica de cable de conexi\u00f3n blindado   La serie de cables de conexi\u00f3n de fibra \u00f3ptica blindados de acero SummIT FTTH se fabrica cubriendo una variedad de SUS-304 fabricados en Jap\u00f3n banda de acero inoxidable en el tubo estanco de PVC de 0,9 mm.   Al adoptar la t\u00e9cnica de procesamiento del cable de fibra \u00f3ptica suave para interiores y la mano de obra fina para producir latiguillos de fibra \u00f3ptica, estos latiguillos especiales de fibra \u00f3ptica est\u00e1n totalmente protegidos por una armadura de acero fuera del tubo herm\u00e9tico de PVC de 0,9 mm.","og_url":"https:\/\/tecplan.com.gt\/en\/product\/fibra-optica-de-cable-de-conexion-blindado\/","article_modified_time":"2024-05-06T23:07:23+00:00","og_image":[{"width":2000,"height":2000,"url":"https:\/\/tecplan.com.gt\/wp-content\/uploads\/2023\/02\/Fibra-optica-de-cable-01.jpg","type":"image\/jpeg"}],"twitter_card":"summary_large_image","schema":{"@context":"https:\/\/schema.org","@graph":[{"@type":"WebPage","@id":"https:\/\/tecplan.com.gt\/producto\/fibra-optica-de-cable-de-conexion-blindado\/","url":"https:\/\/tecplan.com.gt\/producto\/fibra-optica-de-cable-de-conexion-blindado\/","name":"Fibra \u00f3ptica de cable de conexi\u00f3n blindado -","isPartOf":{"@id":"https:\/\/tecplan.com.gt\/#website"},"primaryImageOfPage":{"@id":"https:\/\/tecplan.com.gt\/producto\/fibra-optica-de-cable-de-conexion-blindado\/#primaryimage"},"image":{"@id":"https:\/\/tecplan.com.gt\/producto\/fibra-optica-de-cable-de-conexion-blindado\/#primaryimage"},"thumbnailUrl":"\/wp-content\/uploads\/2023\/02\/Fibra-optica-de-cable-01.jpg","datePublished":"2023-02-08T09:28:35+00:00","dateModified":"2024-05-06T23:07:23+00:00","breadcrumb":{"@id":"https:\/\/tecplan.com.gt\/producto\/fibra-optica-de-cable-de-conexion-blindado\/#breadcrumb"},"inLanguage":"en-US","potentialAction":[{"@type":"ReadAction","target":["https:\/\/tecplan.com.gt\/producto\/fibra-optica-de-cable-de-conexion-blindado\/"]}]},{"@type":"ImageObject","inLanguage":"en-US","@id":"https:\/\/tecplan.com.gt\/producto\/fibra-optica-de-cable-de-conexion-blindado\/#primaryimage","url":"\/wp-content\/uploads\/2023\/02\/Fibra-optica-de-cable-01.jpg","contentUrl":"\/wp-content\/uploads\/2023\/02\/Fibra-optica-de-cable-01.jpg","width":2000,"height":2000},{"@type":"BreadcrumbList","@id":"https:\/\/tecplan.com.gt\/producto\/fibra-optica-de-cable-de-conexion-blindado\/#breadcrumb","itemListElement":[{"@type":"ListItem","position":1,"name":"Portada","item":"https:\/\/tecplan.com.gt\/"},{"@type":"ListItem","position":2,"name":"Productos","item":"https:\/\/tecplan.com.gt\/shop\/"},{"@type":"ListItem","position":3,"name":"Fibra \u00f3ptica de cable de conexi\u00f3n blindado"}]},{"@type":"WebSite","@id":"https:\/\/tecplan.com.gt\/#website","url":"https:\/\/tecplan.com.gt\/","name":"Tecplan Argentina","description":"Tecnolog\u00edas y equipos de telecomunicaciones","publisher":{"@id":"https:\/\/tecplan.com.gt\/#organization"},"potentialAction":[{"@type":"SearchAction","target":{"@type":"EntryPoint","urlTemplate":"https:\/\/tecplan.com.gt\/?s={search_term_string}"},"query-input":{"@type":"PropertyValueSpecification","valueRequired":true,"valueName":"search_term_string"}}],"inLanguage":"en-US"},{"@type":"Organization","@id":"https:\/\/tecplan.com.gt\/#organization","name":"Tecplan Argentina","url":"https:\/\/tecplan.com.gt\/","logo":{"@type":"ImageObject","inLanguage":"en-US","@id":"https:\/\/tecplan.com.gt\/#\/schema\/logo\/image\/","url":"\/wp-content\/uploads\/2023\/03\/logo-tecplan.gif","contentUrl":"\/wp-content\/uploads\/2023\/03\/logo-tecplan.gif","width":1920,"height":486,"caption":"Tecplan Argentina"},"image":{"@id":"https:\/\/tecplan.com.gt\/#\/schema\/logo\/image\/"}}]}},"_links":{"self":[{"href":"https:\/\/tecplan.com.gt\/en\/wp-json\/wp\/v2\/product\/2438"}],"collection":[{"href":"https:\/\/tecplan.com.gt\/en\/wp-json\/wp\/v2\/product"}],"about":[{"href":"https:\/\/tecplan.com.gt\/en\/wp-json\/wp\/v2\/types\/product"}],"replies":[{"embeddable":true,"href":"https:\/\/tecplan.com.gt\/en\/wp-json\/wp\/v2\/comments?post=2438"}],"version-history":[{"count":4,"href":"https:\/\/tecplan.com.gt\/en\/wp-json\/wp\/v2\/product\/2438\/revisions"}],"predecessor-version":[{"id":7560,"href":"https:\/\/tecplan.com.gt\/en\/wp-json\/wp\/v2\/product\/2438\/revisions\/7560"}],"wp:featuredmedia":[{"embeddable":true,"href":"https:\/\/tecplan.com.gt\/en\/wp-json\/wp\/v2\/media\/6305"}],"wp:attachment":[{"href":"https:\/\/tecplan.com.gt\/en\/wp-json\/wp\/v2\/media?parent=2438"}],"wp:term":[{"taxonomy":"product_brand","embeddable":true,"href":"https:\/\/tecplan.com.gt\/en\/wp-json\/wp\/v2\/product_brand?post=2438"},{"taxonomy":"product_cat","embeddable":true,"href":"https:\/\/tecplan.com.gt\/en\/wp-json\/wp\/v2\/product_cat?post=2438"},{"taxonomy":"product_tag","embeddable":true,"href":"https:\/\/tecplan.com.gt\/en\/wp-json\/wp\/v2\/product_tag?post=2438"}],"curies":[{"name":"wp","href":"https:\/\/api.w.org\/{rel}","templated":true}]}}