{"id":2440,"date":"2023-02-08T06:36:38","date_gmt":"2023-02-08T09:36:38","guid":{"rendered":"https:\/\/tecplan.com.gt\/?post_type=product&#038;p=2440"},"modified":"2024-02-06T17:52:40","modified_gmt":"2024-02-06T20:52:40","slug":"evx-261-radios-portatiles-digitales","status":"publish","type":"product","link":"https:\/\/tecplan.com.gt\/en\/product\/evx-261-radios-portatiles-digitales\/","title":{"rendered":"EVX-261 Digital Portable Radios"},"content":{"rendered":"<p>Thanks to the compatibility of the devices with the universal battery system, clutter and mixing of equipment is avoided since a charging base is standardized for all the equipment.<\/p>\n<h3 id=\"sec_tabproductinfo_features\" class=\"tab-section-title\">Characteristics<\/h3>\n<div class=\"columncontrol section\">\n<div class=\"ms-row ms-row-flush\">\n<div class=\"ms-column ie-6 medium-6\">\n<div class=\"richtexteditor parbase section\">\n<ul>\n<li>Channel capacity: \u2013 16 channels\/1 group<\/li>\n<li>2 programmable keys<\/li>\n<li>Safety Features \u2013 Lone Worker Alert \u2013 Emergency Alert<\/li>\n<li>Works with universal battery system<\/li>\n<li>Multiple Scan Options<\/li>\n<li>Internal VOX (when used with VOX accessory)<\/li>\n<\/ul>\n<p><strong>ANALOG MODE FEATURES<\/strong><\/p>\n<ul>\n<li>Automatic Adjustment Transposition System (ARTS\u2122)<\/li>\n<\/ul>\n<p><strong>SIGNALING FEATURES<\/strong><\/p>\n<ul>\n<li>MDC-1200\u00ae ANI Encryption \u2022 FleetSync\u00ae ANI Encryption<\/li>\n<li>CTCSS\/DCS encryption and decryption<\/li>\n<li>2-Tone Encryption and Decryption<\/li>\n<li>5-tone encryption and decryption<\/li>\n<li>Remote radio lock, deactivation and reactivation function (5 tones)<\/li>\n<\/ul>\n<p><strong>DIGITAL MODE FEATURES<\/strong><\/p>\n<ul>\n<li>Direct mode<\/li>\n<li>Transmission interruption (encryption only)<\/li>\n<li>General call\/Group call\/Individual call<\/li>\n<li>Basic Privacy<\/li>\n<\/ul>\n<p>&nbsp;<\/p>\n<\/div>\n<\/div>\n<\/div>\n<\/div>","protected":false},"excerpt":{"rendered":"<p>MIGRATE TO DIGITAL<\/p>\n<p>Migrate to digital in a simple and accessible way.<\/p>\n<p>The EVX-261 operates in both analog and digital modes, making it ideal for use with mixed fleets. With expanded interoperability, you can choose from a variety of signaling options including MDC1200\u00ae, DTMF, 2-Tone or 5-Tone signaling, as well as inversion voice encryption. And in digital mode, you can use the noise-cancelling feature for crystal-clear audio and interference-free conversations.<\/p>\n<div id=\"gtx-trans\" style=\"position: absolute; left: 608px; top: 147.812px;\">\n<div class=\"gtx-trans-icon\"><\/div>\n<\/div>","protected":false},"featured_media":2441,"comment_status":"open","ping_status":"closed","template":"","meta":{"site-sidebar-layout":"default","site-content-layout":"","ast-site-content-layout":"default","site-content-style":"default","site-sidebar-style":"default","ast-global-header-display":"","ast-banner-title-visibility":"","ast-main-header-display":"","ast-hfb-above-header-display":"","ast-hfb-below-header-display":"","ast-hfb-mobile-header-display":"","site-post-title":"","ast-breadcrumbs-content":"","ast-featured-img":"","footer-sml-layout":"","theme-transparent-header-meta":"default","adv-header-id-meta":"","stick-header-meta":"","header-above-stick-meta":"","header-main-stick-meta":"","header-below-stick-meta":"","astra-migrate-meta-layouts":"set","ast-page-background-enabled":"default","ast-page-background-meta":{"desktop":{"background-color":"var(--ast-global-color-4)","background-image":"","background-repeat":"repeat","background-position":"center center","background-size":"auto","background-attachment":"scroll","background-type":"","background-media":"","overlay-type":"","overlay-color":"","overlay-opacity":"","overlay-gradient":""},"tablet":{"background-color":"","background-image":"","background-repeat":"repeat","background-position":"center center","background-size":"auto","background-attachment":"scroll","background-type":"","background-media":"","overlay-type":"","overlay-color":"","overlay-opacity":"","overlay-gradient":""},"mobile":{"background-color":"","background-image":"","background-repeat":"repeat","background-position":"center center","background-size":"auto","background-attachment":"scroll","background-type":"","background-media":"","overlay-type":"","overlay-color":"","overlay-opacity":"","overlay-gradient":""}},"ast-content-background-meta":{"desktop":{"background-color":"var(--ast-global-color-5)","background-image":"","background-repeat":"repeat","background-position":"center center","background-size":"auto","background-attachment":"scroll","background-type":"","background-media":"","overlay-type":"","overlay-color":"","overlay-opacity":"","overlay-gradient":""},"tablet":{"background-color":"var(--ast-global-color-5)","background-image":"","background-repeat":"repeat","background-position":"center center","background-size":"auto","background-attachment":"scroll","background-type":"","background-media":"","overlay-type":"","overlay-color":"","overlay-opacity":"","overlay-gradient":""},"mobile":{"background-color":"var(--ast-global-color-5)","background-image":"","background-repeat":"repeat","background-position":"center center","background-size":"auto","background-attachment":"scroll","background-type":"","background-media":"","overlay-type":"","overlay-color":"","overlay-opacity":"","overlay-gradient":""}}},"product_brand":[],"product_cat":[32],"product_tag":[33],"class_list":{"0":"post-2440","1":"product","2":"type-product","3":"status-publish","4":"has-post-thumbnail","6":"product_cat-motorola","7":"product_tag-motorola","8":"desktop-align-left","9":"tablet-align-left","10":"mobile-align-left","12":"first","13":"instock","14":"shipping-taxable","15":"product-type-simple"},"yoast_head":"<!-- This site is optimized with the Yoast SEO plugin v24.6 - https:\/\/yoast.com\/wordpress\/plugins\/seo\/ -->\n<title>Evx-261 Radios Port\u00e1tiles Digitales -<\/title>\n<meta name=\"robots\" content=\"index, follow, max-snippet:-1, max-image-preview:large, max-video-preview:-1\" \/>\n<link rel=\"canonical\" href=\"https:\/\/tecplan.com.gt\/en\/product\/evx-261-radios-portatiles-digitales\/\" \/>\n<meta property=\"og:locale\" content=\"en_US\" \/>\n<meta property=\"og:type\" content=\"article\" \/>\n<meta property=\"og:title\" content=\"Evx-261 Radios Port\u00e1tiles Digitales -\" \/>\n<meta property=\"og:description\" content=\"MIGRE A LO DIGITAL  Migre a lo digital de manera sencilla y accesible.  El modelo EVX-261 funciona tanto en modo anal\u00f3gico como digital, por lo que resulta ideal para usar con flotas mixtas. Gracias a su interoperabilidad ampliada, puede escoger entre varias opciones de se\u00f1alizaci\u00f3n, entre ellas, MDC1200\u00ae, DTMF, y se\u00f1alizaci\u00f3n de 2 tonos o 5 tonos, as\u00ed como cifrado de voz por inversi\u00f3n. Y en modo digital puede usar la funci\u00f3n de cancelaci\u00f3n de ruido para lograr un audio n\u00edtido y conversaciones sin interferencias.\" \/>\n<meta property=\"og:url\" content=\"https:\/\/tecplan.com.gt\/en\/product\/evx-261-radios-portatiles-digitales\/\" \/>\n<meta property=\"article:modified_time\" content=\"2024-02-06T20:52:40+00:00\" \/>\n<meta property=\"og:image\" content=\"https:\/\/tecplan.com.gt\/wp-content\/uploads\/2023\/03\/evx.png\" \/>\n\t<meta property=\"og:image:width\" content=\"1080\" \/>\n\t<meta property=\"og:image:height\" content=\"1080\" \/>\n\t<meta property=\"og:image:type\" content=\"image\/png\" \/>\n<meta name=\"twitter:card\" content=\"summary_large_image\" \/>\n<meta name=\"twitter:label1\" content=\"Est. reading time\" \/>\n\t<meta name=\"twitter:data1\" content=\"1 minute\" \/>\n<script type=\"application\/ld+json\" class=\"yoast-schema-graph\">{\"@context\":\"https:\/\/schema.org\",\"@graph\":[{\"@type\":\"WebPage\",\"@id\":\"https:\/\/tecplan.com.gt\/producto\/evx-261-radios-portatiles-digitales\/\",\"url\":\"https:\/\/tecplan.com.gt\/producto\/evx-261-radios-portatiles-digitales\/\",\"name\":\"Evx-261 Radios Port\u00e1tiles Digitales -\",\"isPartOf\":{\"@id\":\"https:\/\/tecplan.com.gt\/#website\"},\"primaryImageOfPage\":{\"@id\":\"https:\/\/tecplan.com.gt\/producto\/evx-261-radios-portatiles-digitales\/#primaryimage\"},\"image\":{\"@id\":\"https:\/\/tecplan.com.gt\/producto\/evx-261-radios-portatiles-digitales\/#primaryimage\"},\"thumbnailUrl\":\"\/wp-content\/uploads\/2023\/03\/evx.png\",\"datePublished\":\"2023-02-08T09:36:38+00:00\",\"dateModified\":\"2024-02-06T20:52:40+00:00\",\"breadcrumb\":{\"@id\":\"https:\/\/tecplan.com.gt\/producto\/evx-261-radios-portatiles-digitales\/#breadcrumb\"},\"inLanguage\":\"en-US\",\"potentialAction\":[{\"@type\":\"ReadAction\",\"target\":[\"https:\/\/tecplan.com.gt\/producto\/evx-261-radios-portatiles-digitales\/\"]}]},{\"@type\":\"ImageObject\",\"inLanguage\":\"en-US\",\"@id\":\"https:\/\/tecplan.com.gt\/producto\/evx-261-radios-portatiles-digitales\/#primaryimage\",\"url\":\"\/wp-content\/uploads\/2023\/03\/evx.png\",\"contentUrl\":\"\/wp-content\/uploads\/2023\/03\/evx.png\",\"width\":1080,\"height\":1080},{\"@type\":\"BreadcrumbList\",\"@id\":\"https:\/\/tecplan.com.gt\/producto\/evx-261-radios-portatiles-digitales\/#breadcrumb\",\"itemListElement\":[{\"@type\":\"ListItem\",\"position\":1,\"name\":\"Portada\",\"item\":\"https:\/\/tecplan.com.gt\/\"},{\"@type\":\"ListItem\",\"position\":2,\"name\":\"Productos\",\"item\":\"https:\/\/tecplan.com.gt\/shop\/\"},{\"@type\":\"ListItem\",\"position\":3,\"name\":\"Evx-261 Radios Port\u00e1tiles Digitales\"}]},{\"@type\":\"WebSite\",\"@id\":\"https:\/\/tecplan.com.gt\/#website\",\"url\":\"https:\/\/tecplan.com.gt\/\",\"name\":\"Tecplan Argentina\",\"description\":\"Tecnolog\u00edas y equipos de telecomunicaciones\",\"publisher\":{\"@id\":\"https:\/\/tecplan.com.gt\/#organization\"},\"potentialAction\":[{\"@type\":\"SearchAction\",\"target\":{\"@type\":\"EntryPoint\",\"urlTemplate\":\"https:\/\/tecplan.com.gt\/?s={search_term_string}\"},\"query-input\":{\"@type\":\"PropertyValueSpecification\",\"valueRequired\":true,\"valueName\":\"search_term_string\"}}],\"inLanguage\":\"en-US\"},{\"@type\":\"Organization\",\"@id\":\"https:\/\/tecplan.com.gt\/#organization\",\"name\":\"Tecplan Argentina\",\"url\":\"https:\/\/tecplan.com.gt\/\",\"logo\":{\"@type\":\"ImageObject\",\"inLanguage\":\"en-US\",\"@id\":\"https:\/\/tecplan.com.gt\/#\/schema\/logo\/image\/\",\"url\":\"\/wp-content\/uploads\/2023\/03\/logo-tecplan.gif\",\"contentUrl\":\"\/wp-content\/uploads\/2023\/03\/logo-tecplan.gif\",\"width\":1920,\"height\":486,\"caption\":\"Tecplan Argentina\"},\"image\":{\"@id\":\"https:\/\/tecplan.com.gt\/#\/schema\/logo\/image\/\"}}]}<\/script>\n<!-- \/ Yoast SEO plugin. -->","yoast_head_json":{"title":"Evx-261 Radios Port\u00e1tiles Digitales -","robots":{"index":"index","follow":"follow","max-snippet":"max-snippet:-1","max-image-preview":"max-image-preview:large","max-video-preview":"max-video-preview:-1"},"canonical":"https:\/\/tecplan.com.gt\/en\/product\/evx-261-radios-portatiles-digitales\/","og_locale":"en_US","og_type":"article","og_title":"Evx-261 Radios Port\u00e1tiles Digitales -","og_description":"MIGRE A LO DIGITAL  Migre a lo digital de manera sencilla y accesible.  El modelo EVX-261 funciona tanto en modo anal\u00f3gico como digital, por lo que resulta ideal para usar con flotas mixtas. Gracias a su interoperabilidad ampliada, puede escoger entre varias opciones de se\u00f1alizaci\u00f3n, entre ellas, MDC1200\u00ae, DTMF, y se\u00f1alizaci\u00f3n de 2 tonos o 5 tonos, as\u00ed como cifrado de voz por inversi\u00f3n. Y en modo digital puede usar la funci\u00f3n de cancelaci\u00f3n de ruido para lograr un audio n\u00edtido y conversaciones sin interferencias.","og_url":"https:\/\/tecplan.com.gt\/en\/product\/evx-261-radios-portatiles-digitales\/","article_modified_time":"2024-02-06T20:52:40+00:00","og_image":[{"width":1080,"height":1080,"url":"https:\/\/tecplan.com.gt\/wp-content\/uploads\/2023\/03\/evx.png","type":"image\/png"}],"twitter_card":"summary_large_image","twitter_misc":{"Est. reading time":"1 minute"},"schema":{"@context":"https:\/\/schema.org","@graph":[{"@type":"WebPage","@id":"https:\/\/tecplan.com.gt\/producto\/evx-261-radios-portatiles-digitales\/","url":"https:\/\/tecplan.com.gt\/producto\/evx-261-radios-portatiles-digitales\/","name":"Evx-261 Radios Port\u00e1tiles Digitales -","isPartOf":{"@id":"https:\/\/tecplan.com.gt\/#website"},"primaryImageOfPage":{"@id":"https:\/\/tecplan.com.gt\/producto\/evx-261-radios-portatiles-digitales\/#primaryimage"},"image":{"@id":"https:\/\/tecplan.com.gt\/producto\/evx-261-radios-portatiles-digitales\/#primaryimage"},"thumbnailUrl":"\/wp-content\/uploads\/2023\/03\/evx.png","datePublished":"2023-02-08T09:36:38+00:00","dateModified":"2024-02-06T20:52:40+00:00","breadcrumb":{"@id":"https:\/\/tecplan.com.gt\/producto\/evx-261-radios-portatiles-digitales\/#breadcrumb"},"inLanguage":"en-US","potentialAction":[{"@type":"ReadAction","target":["https:\/\/tecplan.com.gt\/producto\/evx-261-radios-portatiles-digitales\/"]}]},{"@type":"ImageObject","inLanguage":"en-US","@id":"https:\/\/tecplan.com.gt\/producto\/evx-261-radios-portatiles-digitales\/#primaryimage","url":"\/wp-content\/uploads\/2023\/03\/evx.png","contentUrl":"\/wp-content\/uploads\/2023\/03\/evx.png","width":1080,"height":1080},{"@type":"BreadcrumbList","@id":"https:\/\/tecplan.com.gt\/producto\/evx-261-radios-portatiles-digitales\/#breadcrumb","itemListElement":[{"@type":"ListItem","position":1,"name":"Portada","item":"https:\/\/tecplan.com.gt\/"},{"@type":"ListItem","position":2,"name":"Productos","item":"https:\/\/tecplan.com.gt\/shop\/"},{"@type":"ListItem","position":3,"name":"Evx-261 Radios Port\u00e1tiles Digitales"}]},{"@type":"WebSite","@id":"https:\/\/tecplan.com.gt\/#website","url":"https:\/\/tecplan.com.gt\/","name":"Tecplan Argentina","description":"Tecnolog\u00edas y equipos de telecomunicaciones","publisher":{"@id":"https:\/\/tecplan.com.gt\/#organization"},"potentialAction":[{"@type":"SearchAction","target":{"@type":"EntryPoint","urlTemplate":"https:\/\/tecplan.com.gt\/?s={search_term_string}"},"query-input":{"@type":"PropertyValueSpecification","valueRequired":true,"valueName":"search_term_string"}}],"inLanguage":"en-US"},{"@type":"Organization","@id":"https:\/\/tecplan.com.gt\/#organization","name":"Tecplan Argentina","url":"https:\/\/tecplan.com.gt\/","logo":{"@type":"ImageObject","inLanguage":"en-US","@id":"https:\/\/tecplan.com.gt\/#\/schema\/logo\/image\/","url":"\/wp-content\/uploads\/2023\/03\/logo-tecplan.gif","contentUrl":"\/wp-content\/uploads\/2023\/03\/logo-tecplan.gif","width":1920,"height":486,"caption":"Tecplan Argentina"},"image":{"@id":"https:\/\/tecplan.com.gt\/#\/schema\/logo\/image\/"}}]}},"_links":{"self":[{"href":"https:\/\/tecplan.com.gt\/en\/wp-json\/wp\/v2\/product\/2440"}],"collection":[{"href":"https:\/\/tecplan.com.gt\/en\/wp-json\/wp\/v2\/product"}],"about":[{"href":"https:\/\/tecplan.com.gt\/en\/wp-json\/wp\/v2\/types\/product"}],"replies":[{"embeddable":true,"href":"https:\/\/tecplan.com.gt\/en\/wp-json\/wp\/v2\/comments?post=2440"}],"version-history":[{"count":0,"href":"https:\/\/tecplan.com.gt\/en\/wp-json\/wp\/v2\/product\/2440\/revisions"}],"wp:featuredmedia":[{"embeddable":true,"href":"https:\/\/tecplan.com.gt\/en\/wp-json\/wp\/v2\/media\/2441"}],"wp:attachment":[{"href":"https:\/\/tecplan.com.gt\/en\/wp-json\/wp\/v2\/media?parent=2440"}],"wp:term":[{"taxonomy":"product_brand","embeddable":true,"href":"https:\/\/tecplan.com.gt\/en\/wp-json\/wp\/v2\/product_brand?post=2440"},{"taxonomy":"product_cat","embeddable":true,"href":"https:\/\/tecplan.com.gt\/en\/wp-json\/wp\/v2\/product_cat?post=2440"},{"taxonomy":"product_tag","embeddable":true,"href":"https:\/\/tecplan.com.gt\/en\/wp-json\/wp\/v2\/product_tag?post=2440"}],"curies":[{"name":"wp","href":"https:\/\/api.w.org\/{rel}","templated":true}]}}