{"id":2442,"date":"2023-02-08T06:45:29","date_gmt":"2023-02-08T09:45:29","guid":{"rendered":"https:\/\/tecplan.com.gt\/?post_type=product&#038;p=2442"},"modified":"2023-06-25T10:43:36","modified_gmt":"2023-06-25T14:43:36","slug":"radio-bidireccional-portatil-mag-one-de-motorola-bpr40","status":"publish","type":"product","link":"https:\/\/tecplan.com.gt\/en\/product\/radio-bidireccional-portatil-mag-one-de-motorola-bpr40\/","title":{"rendered":"Motorola Mag One BPR40 Portable Two Way Radio"},"content":{"rendered":"<h3 id=\"sec_tabproductinfo_features\" class=\"tab-section-title\"><span>Characteristics<\/span><\/h3>\n<div class=\"columncontrol section\">\n<div class=\"ms-row ms-row-flush\">\n<div class=\"ms-column ie-6 medium-6\">\n<div>\n<div class=\"richtexteditor parbase section\">Due to the FCC narrowband mandate in the United States, product specifications and brochures for Motorola Solutions two-way radio products may indicate 25 kHz\/12.5 kHz analog\/digital operation which may not be the standard operating mode at the time of shipment after January 1, 2013.<\/p>\n<p><strong><span>Group communication<\/span><\/strong><br \/>\n<span>Operates on 8 or 16 channels.<\/span><\/p>\n<p><strong><span>Programmable buttons<\/span><\/strong><br \/>\n<span>They allow versatile customization of the radio.<\/span><\/p>\n<p><strong><span>Cast chassis<\/span><\/strong><br \/>\n<span>Snap-On The small, lightweight yet sturdy frame is built to withstand daily wear and tear.<\/span><\/p>\n<p><strong><span>Flexible energy<\/span><\/strong><br \/>\n<span>Offers high or low power options to save battery.<\/span><\/p>\n<p><strong><span>Annoying Channel Removal Remove<\/span><\/strong><br \/>\n<span>temporarily remove the unwanted channel from a scan.<\/span><\/p>\n<p><strong><span>repeater conversation<\/span><\/strong><br \/>\n<span>Bypasses the repeater and dispatcher for unit-to-unit communication.<\/span><\/p>\n<p><strong><span>Priority Channel Search for the channel<\/span><\/strong><br \/>\n<span>of highest priority.<\/span><\/p>\n<p><strong><span>Adjusted\/Normal Squelch<\/span><\/strong><br \/>\n<span>Filters out unwanted interference and improves audio clarity.<\/span><\/div>\n<\/div>\n<\/div>\n<\/div>\n<\/div>","protected":false},"excerpt":{"rendered":"<p><span>The BPR\u212240 portable two-way radio offers reliable and intuitive communication via 8 channels and 2 programmable buttons.\u00a0<\/span><span>High\/low power option saves battery charge.\u00a0<\/span><span>Features such as unwanted channel elimination and repeater talkback make the radio a versatile and high-performance device.\u00a0<\/span><span>The BPR40 is part of Motorola's Mag One\u2122 portfolio of radios.\u00a0<\/span><span>This affordable solution provides remarkable quality and value that's perfect for your business, and comes with a full range of accessories to customize your radio.<\/span><\/p>","protected":false},"featured_media":2443,"comment_status":"open","ping_status":"closed","template":"","meta":{"site-sidebar-layout":"default","site-content-layout":"","ast-site-content-layout":"","site-content-style":"default","site-sidebar-style":"default","ast-global-header-display":"","ast-banner-title-visibility":"","ast-main-header-display":"","ast-hfb-above-header-display":"","ast-hfb-below-header-display":"","ast-hfb-mobile-header-display":"","site-post-title":"","ast-breadcrumbs-content":"","ast-featured-img":"","footer-sml-layout":"","theme-transparent-header-meta":"","adv-header-id-meta":"","stick-header-meta":"","header-above-stick-meta":"","header-main-stick-meta":"","header-below-stick-meta":"","astra-migrate-meta-layouts":"default","ast-page-background-enabled":"default","ast-page-background-meta":{"desktop":{"background-color":"var(--ast-global-color-4)","background-image":"","background-repeat":"repeat","background-position":"center center","background-size":"auto","background-attachment":"scroll","background-type":"","background-media":"","overlay-type":"","overlay-color":"","overlay-opacity":"","overlay-gradient":""},"tablet":{"background-color":"","background-image":"","background-repeat":"repeat","background-position":"center center","background-size":"auto","background-attachment":"scroll","background-type":"","background-media":"","overlay-type":"","overlay-color":"","overlay-opacity":"","overlay-gradient":""},"mobile":{"background-color":"","background-image":"","background-repeat":"repeat","background-position":"center center","background-size":"auto","background-attachment":"scroll","background-type":"","background-media":"","overlay-type":"","overlay-color":"","overlay-opacity":"","overlay-gradient":""}},"ast-content-background-meta":{"desktop":{"background-color":"var(--ast-global-color-5)","background-image":"","background-repeat":"repeat","background-position":"center center","background-size":"auto","background-attachment":"scroll","background-type":"","background-media":"","overlay-type":"","overlay-color":"","overlay-opacity":"","overlay-gradient":""},"tablet":{"background-color":"var(--ast-global-color-5)","background-image":"","background-repeat":"repeat","background-position":"center center","background-size":"auto","background-attachment":"scroll","background-type":"","background-media":"","overlay-type":"","overlay-color":"","overlay-opacity":"","overlay-gradient":""},"mobile":{"background-color":"var(--ast-global-color-5)","background-image":"","background-repeat":"repeat","background-position":"center center","background-size":"auto","background-attachment":"scroll","background-type":"","background-media":"","overlay-type":"","overlay-color":"","overlay-opacity":"","overlay-gradient":""}}},"product_brand":[],"product_cat":[32],"product_tag":[33],"class_list":{"0":"post-2442","1":"product","2":"type-product","3":"status-publish","4":"has-post-thumbnail","6":"product_cat-motorola","7":"product_tag-motorola","8":"desktop-align-left","9":"tablet-align-left","10":"mobile-align-left","12":"first","13":"instock","14":"shipping-taxable","15":"product-type-simple"},"yoast_head":"<!-- This site is optimized with the Yoast SEO plugin v24.6 - https:\/\/yoast.com\/wordpress\/plugins\/seo\/ -->\n<title>Radio Bidireccional Port\u00e1til Mag One De Motorola BPR40 -<\/title>\n<meta name=\"robots\" content=\"index, follow, max-snippet:-1, max-image-preview:large, max-video-preview:-1\" \/>\n<link rel=\"canonical\" href=\"https:\/\/tecplan.com.gt\/en\/product\/radio-bidireccional-portatil-mag-one-de-motorola-bpr40\/\" \/>\n<meta property=\"og:locale\" content=\"en_US\" \/>\n<meta property=\"og:type\" content=\"article\" \/>\n<meta property=\"og:title\" content=\"Radio Bidireccional Port\u00e1til Mag One De Motorola BPR40 -\" \/>\n<meta property=\"og:description\" content=\"La radio port\u00e1til de dos v\u00edas BPR&#x2122;40 ofrece una comunicaci\u00f3n confiable e intuitiva a trav\u00e9s de 8 canales y 2 botones programables.\u00a0La opci\u00f3n de alta\/baja potencia ahorra carga de la bater\u00eda.\u00a0Funciones como la eliminaci\u00f3n de canales no deseados y la conversaci\u00f3n del repetidor hacen que la radio sea un dispositivo vers\u00e1til y de alto rendimiento.\u00a0El BPR40 es parte de la cartera de radios Mag One&#x2122; de Motorola.\u00a0Esta soluci\u00f3n asequible brinda una calidad y un valor notables que son perfectos para su negocio, y viene con una variedad completa de accesorios para personalizar su radio.\" \/>\n<meta property=\"og:url\" content=\"https:\/\/tecplan.com.gt\/en\/product\/radio-bidireccional-portatil-mag-one-de-motorola-bpr40\/\" \/>\n<meta property=\"article:modified_time\" content=\"2023-06-25T14:43:36+00:00\" \/>\n<meta property=\"og:image\" content=\"https:\/\/tecplan.com.gt\/wp-content\/uploads\/2023\/03\/bpr.png\" \/>\n\t<meta property=\"og:image:width\" content=\"1080\" \/>\n\t<meta property=\"og:image:height\" content=\"1080\" \/>\n\t<meta property=\"og:image:type\" content=\"image\/png\" \/>\n<meta name=\"twitter:card\" content=\"summary_large_image\" \/>\n<meta name=\"twitter:label1\" content=\"Est. reading time\" \/>\n\t<meta name=\"twitter:data1\" content=\"1 minute\" \/>\n<script type=\"application\/ld+json\" class=\"yoast-schema-graph\">{\"@context\":\"https:\/\/schema.org\",\"@graph\":[{\"@type\":\"WebPage\",\"@id\":\"https:\/\/tecplan.com.gt\/producto\/radio-bidireccional-portatil-mag-one-de-motorola-bpr40\/\",\"url\":\"https:\/\/tecplan.com.gt\/producto\/radio-bidireccional-portatil-mag-one-de-motorola-bpr40\/\",\"name\":\"Radio Bidireccional Port\u00e1til Mag One De Motorola BPR40 -\",\"isPartOf\":{\"@id\":\"https:\/\/tecplan.com.gt\/#website\"},\"primaryImageOfPage\":{\"@id\":\"https:\/\/tecplan.com.gt\/producto\/radio-bidireccional-portatil-mag-one-de-motorola-bpr40\/#primaryimage\"},\"image\":{\"@id\":\"https:\/\/tecplan.com.gt\/producto\/radio-bidireccional-portatil-mag-one-de-motorola-bpr40\/#primaryimage\"},\"thumbnailUrl\":\"\/wp-content\/uploads\/2023\/03\/bpr.png\",\"datePublished\":\"2023-02-08T09:45:29+00:00\",\"dateModified\":\"2023-06-25T14:43:36+00:00\",\"breadcrumb\":{\"@id\":\"https:\/\/tecplan.com.gt\/producto\/radio-bidireccional-portatil-mag-one-de-motorola-bpr40\/#breadcrumb\"},\"inLanguage\":\"en-US\",\"potentialAction\":[{\"@type\":\"ReadAction\",\"target\":[\"https:\/\/tecplan.com.gt\/producto\/radio-bidireccional-portatil-mag-one-de-motorola-bpr40\/\"]}]},{\"@type\":\"ImageObject\",\"inLanguage\":\"en-US\",\"@id\":\"https:\/\/tecplan.com.gt\/producto\/radio-bidireccional-portatil-mag-one-de-motorola-bpr40\/#primaryimage\",\"url\":\"\/wp-content\/uploads\/2023\/03\/bpr.png\",\"contentUrl\":\"\/wp-content\/uploads\/2023\/03\/bpr.png\",\"width\":1080,\"height\":1080},{\"@type\":\"BreadcrumbList\",\"@id\":\"https:\/\/tecplan.com.gt\/producto\/radio-bidireccional-portatil-mag-one-de-motorola-bpr40\/#breadcrumb\",\"itemListElement\":[{\"@type\":\"ListItem\",\"position\":1,\"name\":\"Portada\",\"item\":\"https:\/\/tecplan.com.gt\/\"},{\"@type\":\"ListItem\",\"position\":2,\"name\":\"Productos\",\"item\":\"https:\/\/tecplan.com.gt\/shop\/\"},{\"@type\":\"ListItem\",\"position\":3,\"name\":\"Radio Bidireccional Port\u00e1til Mag One De Motorola BPR40\"}]},{\"@type\":\"WebSite\",\"@id\":\"https:\/\/tecplan.com.gt\/#website\",\"url\":\"https:\/\/tecplan.com.gt\/\",\"name\":\"Tecplan Argentina\",\"description\":\"Tecnolog\u00edas y equipos de telecomunicaciones\",\"publisher\":{\"@id\":\"https:\/\/tecplan.com.gt\/#organization\"},\"potentialAction\":[{\"@type\":\"SearchAction\",\"target\":{\"@type\":\"EntryPoint\",\"urlTemplate\":\"https:\/\/tecplan.com.gt\/?s={search_term_string}\"},\"query-input\":{\"@type\":\"PropertyValueSpecification\",\"valueRequired\":true,\"valueName\":\"search_term_string\"}}],\"inLanguage\":\"en-US\"},{\"@type\":\"Organization\",\"@id\":\"https:\/\/tecplan.com.gt\/#organization\",\"name\":\"Tecplan Argentina\",\"url\":\"https:\/\/tecplan.com.gt\/\",\"logo\":{\"@type\":\"ImageObject\",\"inLanguage\":\"en-US\",\"@id\":\"https:\/\/tecplan.com.gt\/#\/schema\/logo\/image\/\",\"url\":\"\/wp-content\/uploads\/2023\/03\/logo-tecplan.gif\",\"contentUrl\":\"\/wp-content\/uploads\/2023\/03\/logo-tecplan.gif\",\"width\":1920,\"height\":486,\"caption\":\"Tecplan Argentina\"},\"image\":{\"@id\":\"https:\/\/tecplan.com.gt\/#\/schema\/logo\/image\/\"}}]}<\/script>\n<!-- \/ Yoast SEO plugin. -->","yoast_head_json":{"title":"Radio Bidireccional Port\u00e1til Mag One De Motorola BPR40 -","robots":{"index":"index","follow":"follow","max-snippet":"max-snippet:-1","max-image-preview":"max-image-preview:large","max-video-preview":"max-video-preview:-1"},"canonical":"https:\/\/tecplan.com.gt\/en\/product\/radio-bidireccional-portatil-mag-one-de-motorola-bpr40\/","og_locale":"en_US","og_type":"article","og_title":"Radio Bidireccional Port\u00e1til Mag One De Motorola BPR40 -","og_description":"La radio port\u00e1til de dos v\u00edas BPR&#x2122;40 ofrece una comunicaci\u00f3n confiable e intuitiva a trav\u00e9s de 8 canales y 2 botones programables.\u00a0La opci\u00f3n de alta\/baja potencia ahorra carga de la bater\u00eda.\u00a0Funciones como la eliminaci\u00f3n de canales no deseados y la conversaci\u00f3n del repetidor hacen que la radio sea un dispositivo vers\u00e1til y de alto rendimiento.\u00a0El BPR40 es parte de la cartera de radios Mag One&#x2122; de Motorola.\u00a0Esta soluci\u00f3n asequible brinda una calidad y un valor notables que son perfectos para su negocio, y viene con una variedad completa de accesorios para personalizar su radio.","og_url":"https:\/\/tecplan.com.gt\/en\/product\/radio-bidireccional-portatil-mag-one-de-motorola-bpr40\/","article_modified_time":"2023-06-25T14:43:36+00:00","og_image":[{"width":1080,"height":1080,"url":"https:\/\/tecplan.com.gt\/wp-content\/uploads\/2023\/03\/bpr.png","type":"image\/png"}],"twitter_card":"summary_large_image","twitter_misc":{"Est. reading time":"1 minute"},"schema":{"@context":"https:\/\/schema.org","@graph":[{"@type":"WebPage","@id":"https:\/\/tecplan.com.gt\/producto\/radio-bidireccional-portatil-mag-one-de-motorola-bpr40\/","url":"https:\/\/tecplan.com.gt\/producto\/radio-bidireccional-portatil-mag-one-de-motorola-bpr40\/","name":"Radio Bidireccional Port\u00e1til Mag One De Motorola BPR40 -","isPartOf":{"@id":"https:\/\/tecplan.com.gt\/#website"},"primaryImageOfPage":{"@id":"https:\/\/tecplan.com.gt\/producto\/radio-bidireccional-portatil-mag-one-de-motorola-bpr40\/#primaryimage"},"image":{"@id":"https:\/\/tecplan.com.gt\/producto\/radio-bidireccional-portatil-mag-one-de-motorola-bpr40\/#primaryimage"},"thumbnailUrl":"\/wp-content\/uploads\/2023\/03\/bpr.png","datePublished":"2023-02-08T09:45:29+00:00","dateModified":"2023-06-25T14:43:36+00:00","breadcrumb":{"@id":"https:\/\/tecplan.com.gt\/producto\/radio-bidireccional-portatil-mag-one-de-motorola-bpr40\/#breadcrumb"},"inLanguage":"en-US","potentialAction":[{"@type":"ReadAction","target":["https:\/\/tecplan.com.gt\/producto\/radio-bidireccional-portatil-mag-one-de-motorola-bpr40\/"]}]},{"@type":"ImageObject","inLanguage":"en-US","@id":"https:\/\/tecplan.com.gt\/producto\/radio-bidireccional-portatil-mag-one-de-motorola-bpr40\/#primaryimage","url":"\/wp-content\/uploads\/2023\/03\/bpr.png","contentUrl":"\/wp-content\/uploads\/2023\/03\/bpr.png","width":1080,"height":1080},{"@type":"BreadcrumbList","@id":"https:\/\/tecplan.com.gt\/producto\/radio-bidireccional-portatil-mag-one-de-motorola-bpr40\/#breadcrumb","itemListElement":[{"@type":"ListItem","position":1,"name":"Portada","item":"https:\/\/tecplan.com.gt\/"},{"@type":"ListItem","position":2,"name":"Productos","item":"https:\/\/tecplan.com.gt\/shop\/"},{"@type":"ListItem","position":3,"name":"Radio Bidireccional Port\u00e1til Mag One De Motorola BPR40"}]},{"@type":"WebSite","@id":"https:\/\/tecplan.com.gt\/#website","url":"https:\/\/tecplan.com.gt\/","name":"Tecplan Argentina","description":"Tecnolog\u00edas y equipos de telecomunicaciones","publisher":{"@id":"https:\/\/tecplan.com.gt\/#organization"},"potentialAction":[{"@type":"SearchAction","target":{"@type":"EntryPoint","urlTemplate":"https:\/\/tecplan.com.gt\/?s={search_term_string}"},"query-input":{"@type":"PropertyValueSpecification","valueRequired":true,"valueName":"search_term_string"}}],"inLanguage":"en-US"},{"@type":"Organization","@id":"https:\/\/tecplan.com.gt\/#organization","name":"Tecplan Argentina","url":"https:\/\/tecplan.com.gt\/","logo":{"@type":"ImageObject","inLanguage":"en-US","@id":"https:\/\/tecplan.com.gt\/#\/schema\/logo\/image\/","url":"\/wp-content\/uploads\/2023\/03\/logo-tecplan.gif","contentUrl":"\/wp-content\/uploads\/2023\/03\/logo-tecplan.gif","width":1920,"height":486,"caption":"Tecplan Argentina"},"image":{"@id":"https:\/\/tecplan.com.gt\/#\/schema\/logo\/image\/"}}]}},"_links":{"self":[{"href":"https:\/\/tecplan.com.gt\/en\/wp-json\/wp\/v2\/product\/2442"}],"collection":[{"href":"https:\/\/tecplan.com.gt\/en\/wp-json\/wp\/v2\/product"}],"about":[{"href":"https:\/\/tecplan.com.gt\/en\/wp-json\/wp\/v2\/types\/product"}],"replies":[{"embeddable":true,"href":"https:\/\/tecplan.com.gt\/en\/wp-json\/wp\/v2\/comments?post=2442"}],"version-history":[{"count":0,"href":"https:\/\/tecplan.com.gt\/en\/wp-json\/wp\/v2\/product\/2442\/revisions"}],"wp:featuredmedia":[{"embeddable":true,"href":"https:\/\/tecplan.com.gt\/en\/wp-json\/wp\/v2\/media\/2443"}],"wp:attachment":[{"href":"https:\/\/tecplan.com.gt\/en\/wp-json\/wp\/v2\/media?parent=2442"}],"wp:term":[{"taxonomy":"product_brand","embeddable":true,"href":"https:\/\/tecplan.com.gt\/en\/wp-json\/wp\/v2\/product_brand?post=2442"},{"taxonomy":"product_cat","embeddable":true,"href":"https:\/\/tecplan.com.gt\/en\/wp-json\/wp\/v2\/product_cat?post=2442"},{"taxonomy":"product_tag","embeddable":true,"href":"https:\/\/tecplan.com.gt\/en\/wp-json\/wp\/v2\/product_tag?post=2442"}],"curies":[{"name":"wp","href":"https:\/\/api.w.org\/{rel}","templated":true}]}}