{"id":2444,"date":"2023-02-08T06:52:23","date_gmt":"2023-02-08T09:52:23","guid":{"rendered":"https:\/\/tecplan.com.gt\/?post_type=product&#038;p=2444"},"modified":"2024-07-31T14:41:06","modified_gmt":"2024-07-31T20:41:06","slug":"radio-portatil-mototrbo-dep-250","status":"publish","type":"product","link":"https:\/\/tecplan.com.gt\/en\/product\/radio-portatil-mototrbo-dep-250\/","title":{"rendered":"MOTOTRBO\u2122 DEP 250 Portable Radio"},"content":{"rendered":"<p>The MOTOTRBO DEP 250 radio is easy to use and easy to upgrade with existing analog systems. If your business is considering migrating to a digital system, these new digital radios support both analog and digital modes. Accessory compatibility ensures you can continue to use the batteries, antennas and chargers you have purchased, further protecting your investment.<\/p>\n<p>In environments with high equipment requirements or long working hours, digital radios perform better than analog ones and can ensure clear voice communication.<\/p>\n<p>El radio MOTOTRBO DEP 250 ofrece los beneficios de la tecnolog\u00eda digital: en modo digital, 40% m\u00e1s de tiempo de conversaci\u00f3n, capacidad de doble voz de 12.5kHz de ancho de banda y mejor rendimiento de audio que los equipos anal\u00f3gicos. Su radio MOTOTRBO proporcionar\u00e1 una comunicaci\u00f3n de voz m\u00e1s clara en todo el rango de llamadas, eliminando el ruido est\u00e1tico y de fondo en el modelo anal\u00f3gico.<\/p>\n<h3 id=\"sec_tabproductinfo_features\" class=\"tab-section-title\">Characteristics<\/h3>\n<p>&nbsp;<\/p>\n<div class=\"richtexteditor parbase section\">\n<p><b>Analog\/digital dual mode:<\/b>\u00a0covers all the benefits of digital communications, such as superior sound quality, greater coverage, longer battery life, while maintaining compatibility with existing radio fleets.<\/p>\n<p>The voice announcement function can use pre-made audio files for easy operation.<\/p>\n<p><b>Dual Slot Simultaneous Call in Transfer Mode:<\/b>\u00a0In order to transmit both time slots simultaneously and independently, a repeater station is usually required to provide a time reference; the series of radios can then automatically synchronise and cooperate without the need for a time reference. It is therefore now possible to use two time slots at the same time, multiplying capacity and improving frequency performance without having to purchase repeaters and associated ancillary equipment.<\/p>\n<p><b>Pre-programmed text messages:<\/b>\u00a0Pre-programmed text messages provide fast and flexible communication. It can be used to transfer information to radios used in high noise environments, and can also be used to deliver secret information.<\/p>\n<p><b>Dust and water resistant with IP54 rating:\u00a0<\/b>Designed to be water and dust resistant, allowing you to work in harsh environments with greater confidence<\/p>\n<\/div>","protected":false},"excerpt":{"rendered":"<p>The MOTOTRBO DEP 250 radio will be your new choice. This series can improve communication efficiency and is easy to use. It is a practical radio designed and built for professionals.<\/p>\n<p>Experience MOTOTRBO digital voice communications, trusted by millions of users today for its excellent voice quality and performance. This will allow your company to effectively reduce operational expenses while maintaining greater productivity.<\/p>","protected":false},"featured_media":2445,"comment_status":"open","ping_status":"closed","template":"","meta":{"site-sidebar-layout":"default","site-content-layout":"","ast-site-content-layout":"","site-content-style":"default","site-sidebar-style":"default","ast-global-header-display":"","ast-banner-title-visibility":"","ast-main-header-display":"","ast-hfb-above-header-display":"","ast-hfb-below-header-display":"","ast-hfb-mobile-header-display":"","site-post-title":"","ast-breadcrumbs-content":"","ast-featured-img":"","footer-sml-layout":"","theme-transparent-header-meta":"","adv-header-id-meta":"","stick-header-meta":"","header-above-stick-meta":"","header-main-stick-meta":"","header-below-stick-meta":"","astra-migrate-meta-layouts":"default","ast-page-background-enabled":"default","ast-page-background-meta":{"desktop":{"background-color":"var(--ast-global-color-4)","background-image":"","background-repeat":"repeat","background-position":"center center","background-size":"auto","background-attachment":"scroll","background-type":"","background-media":"","overlay-type":"","overlay-color":"","overlay-opacity":"","overlay-gradient":""},"tablet":{"background-color":"","background-image":"","background-repeat":"repeat","background-position":"center center","background-size":"auto","background-attachment":"scroll","background-type":"","background-media":"","overlay-type":"","overlay-color":"","overlay-opacity":"","overlay-gradient":""},"mobile":{"background-color":"","background-image":"","background-repeat":"repeat","background-position":"center center","background-size":"auto","background-attachment":"scroll","background-type":"","background-media":"","overlay-type":"","overlay-color":"","overlay-opacity":"","overlay-gradient":""}},"ast-content-background-meta":{"desktop":{"background-color":"var(--ast-global-color-5)","background-image":"","background-repeat":"repeat","background-position":"center center","background-size":"auto","background-attachment":"scroll","background-type":"","background-media":"","overlay-type":"","overlay-color":"","overlay-opacity":"","overlay-gradient":""},"tablet":{"background-color":"var(--ast-global-color-5)","background-image":"","background-repeat":"repeat","background-position":"center center","background-size":"auto","background-attachment":"scroll","background-type":"","background-media":"","overlay-type":"","overlay-color":"","overlay-opacity":"","overlay-gradient":""},"mobile":{"background-color":"var(--ast-global-color-5)","background-image":"","background-repeat":"repeat","background-position":"center center","background-size":"auto","background-attachment":"scroll","background-type":"","background-media":"","overlay-type":"","overlay-color":"","overlay-opacity":"","overlay-gradient":""}}},"product_brand":[],"product_cat":[32],"product_tag":[33],"class_list":{"0":"post-2444","1":"product","2":"type-product","3":"status-publish","4":"has-post-thumbnail","6":"product_cat-motorola","7":"product_tag-motorola","8":"desktop-align-left","9":"tablet-align-left","10":"mobile-align-left","12":"first","13":"instock","14":"shipping-taxable","15":"product-type-simple"},"yoast_head":"<!-- This site is optimized with the Yoast SEO plugin v24.6 - https:\/\/yoast.com\/wordpress\/plugins\/seo\/ -->\n<title>Radio Port\u00e1til MOTOTRBO&#x2122; DEP 250 -<\/title>\n<meta name=\"robots\" content=\"index, follow, max-snippet:-1, max-image-preview:large, max-video-preview:-1\" \/>\n<link rel=\"canonical\" href=\"https:\/\/tecplan.com.gt\/en\/product\/radio-portatil-mototrbo-dep-250\/\" \/>\n<meta property=\"og:locale\" content=\"en_US\" \/>\n<meta property=\"og:type\" content=\"article\" \/>\n<meta property=\"og:title\" content=\"Radio Port\u00e1til MOTOTRBO&#x2122; DEP 250 -\" \/>\n<meta property=\"og:description\" content=\"El radio MOTOTRBO DEP 250 ser\u00e1 su nueva opci\u00f3n. Esta serie puede mejorar la eficiencia de la comunicaci\u00f3n y es f\u00e1cil de usar. Es un pr\u00e1ctico radio dise\u00f1ado y fabricado para profesionales.  Experimente la comunicaci\u00f3n de voz digital MOTOTRBO, hoy millones de usuarios conf\u00edan en su excelente calidad de voz y rendimiento. Esto permitir\u00e1 que su empresa reduzca efectivamente los gastos operativos mientras mantiene una mayor productividad.\" \/>\n<meta property=\"og:url\" content=\"https:\/\/tecplan.com.gt\/en\/product\/radio-portatil-mototrbo-dep-250\/\" \/>\n<meta property=\"article:modified_time\" content=\"2024-07-31T20:41:06+00:00\" \/>\n<meta property=\"og:image\" content=\"https:\/\/tecplan.com.gt\/wp-content\/uploads\/2023\/03\/Dep250.png\" \/>\n\t<meta property=\"og:image:width\" content=\"1080\" \/>\n\t<meta property=\"og:image:height\" content=\"1080\" \/>\n\t<meta property=\"og:image:type\" content=\"image\/png\" \/>\n<meta name=\"twitter:card\" content=\"summary_large_image\" \/>\n<meta name=\"twitter:label1\" content=\"Est. reading time\" \/>\n\t<meta name=\"twitter:data1\" content=\"2 minutes\" \/>\n<script type=\"application\/ld+json\" class=\"yoast-schema-graph\">{\"@context\":\"https:\/\/schema.org\",\"@graph\":[{\"@type\":\"WebPage\",\"@id\":\"https:\/\/tecplan.com.gt\/producto\/radio-portatil-mototrbo-dep-250\/\",\"url\":\"https:\/\/tecplan.com.gt\/producto\/radio-portatil-mototrbo-dep-250\/\",\"name\":\"Radio Port\u00e1til MOTOTRBO&#x2122; DEP 250 -\",\"isPartOf\":{\"@id\":\"https:\/\/tecplan.com.gt\/#website\"},\"primaryImageOfPage\":{\"@id\":\"https:\/\/tecplan.com.gt\/producto\/radio-portatil-mototrbo-dep-250\/#primaryimage\"},\"image\":{\"@id\":\"https:\/\/tecplan.com.gt\/producto\/radio-portatil-mototrbo-dep-250\/#primaryimage\"},\"thumbnailUrl\":\"\/wp-content\/uploads\/2023\/03\/Dep250.png\",\"datePublished\":\"2023-02-08T09:52:23+00:00\",\"dateModified\":\"2024-07-31T20:41:06+00:00\",\"breadcrumb\":{\"@id\":\"https:\/\/tecplan.com.gt\/producto\/radio-portatil-mototrbo-dep-250\/#breadcrumb\"},\"inLanguage\":\"en-US\",\"potentialAction\":[{\"@type\":\"ReadAction\",\"target\":[\"https:\/\/tecplan.com.gt\/producto\/radio-portatil-mototrbo-dep-250\/\"]}]},{\"@type\":\"ImageObject\",\"inLanguage\":\"en-US\",\"@id\":\"https:\/\/tecplan.com.gt\/producto\/radio-portatil-mototrbo-dep-250\/#primaryimage\",\"url\":\"\/wp-content\/uploads\/2023\/03\/Dep250.png\",\"contentUrl\":\"\/wp-content\/uploads\/2023\/03\/Dep250.png\",\"width\":1080,\"height\":1080},{\"@type\":\"BreadcrumbList\",\"@id\":\"https:\/\/tecplan.com.gt\/producto\/radio-portatil-mototrbo-dep-250\/#breadcrumb\",\"itemListElement\":[{\"@type\":\"ListItem\",\"position\":1,\"name\":\"Portada\",\"item\":\"https:\/\/tecplan.com.gt\/\"},{\"@type\":\"ListItem\",\"position\":2,\"name\":\"Productos\",\"item\":\"https:\/\/tecplan.com.gt\/shop\/\"},{\"@type\":\"ListItem\",\"position\":3,\"name\":\"Radio Port\u00e1til MOTOTRBO&#x2122; DEP 250\"}]},{\"@type\":\"WebSite\",\"@id\":\"https:\/\/tecplan.com.gt\/#website\",\"url\":\"https:\/\/tecplan.com.gt\/\",\"name\":\"Tecplan Argentina\",\"description\":\"Tecnolog\u00edas y equipos de telecomunicaciones\",\"publisher\":{\"@id\":\"https:\/\/tecplan.com.gt\/#organization\"},\"potentialAction\":[{\"@type\":\"SearchAction\",\"target\":{\"@type\":\"EntryPoint\",\"urlTemplate\":\"https:\/\/tecplan.com.gt\/?s={search_term_string}\"},\"query-input\":{\"@type\":\"PropertyValueSpecification\",\"valueRequired\":true,\"valueName\":\"search_term_string\"}}],\"inLanguage\":\"en-US\"},{\"@type\":\"Organization\",\"@id\":\"https:\/\/tecplan.com.gt\/#organization\",\"name\":\"Tecplan Argentina\",\"url\":\"https:\/\/tecplan.com.gt\/\",\"logo\":{\"@type\":\"ImageObject\",\"inLanguage\":\"en-US\",\"@id\":\"https:\/\/tecplan.com.gt\/#\/schema\/logo\/image\/\",\"url\":\"\/wp-content\/uploads\/2023\/03\/logo-tecplan.gif\",\"contentUrl\":\"\/wp-content\/uploads\/2023\/03\/logo-tecplan.gif\",\"width\":1920,\"height\":486,\"caption\":\"Tecplan Argentina\"},\"image\":{\"@id\":\"https:\/\/tecplan.com.gt\/#\/schema\/logo\/image\/\"}}]}<\/script>\n<!-- \/ Yoast SEO plugin. -->","yoast_head_json":{"title":"Radio Port\u00e1til MOTOTRBO&#x2122; DEP 250 -","robots":{"index":"index","follow":"follow","max-snippet":"max-snippet:-1","max-image-preview":"max-image-preview:large","max-video-preview":"max-video-preview:-1"},"canonical":"https:\/\/tecplan.com.gt\/en\/product\/radio-portatil-mototrbo-dep-250\/","og_locale":"en_US","og_type":"article","og_title":"Radio Port\u00e1til MOTOTRBO&#x2122; DEP 250 -","og_description":"El radio MOTOTRBO DEP 250 ser\u00e1 su nueva opci\u00f3n. Esta serie puede mejorar la eficiencia de la comunicaci\u00f3n y es f\u00e1cil de usar. Es un pr\u00e1ctico radio dise\u00f1ado y fabricado para profesionales.  Experimente la comunicaci\u00f3n de voz digital MOTOTRBO, hoy millones de usuarios conf\u00edan en su excelente calidad de voz y rendimiento. Esto permitir\u00e1 que su empresa reduzca efectivamente los gastos operativos mientras mantiene una mayor productividad.","og_url":"https:\/\/tecplan.com.gt\/en\/product\/radio-portatil-mototrbo-dep-250\/","article_modified_time":"2024-07-31T20:41:06+00:00","og_image":[{"width":1080,"height":1080,"url":"https:\/\/tecplan.com.gt\/wp-content\/uploads\/2023\/03\/Dep250.png","type":"image\/png"}],"twitter_card":"summary_large_image","twitter_misc":{"Est. reading time":"2 minutes"},"schema":{"@context":"https:\/\/schema.org","@graph":[{"@type":"WebPage","@id":"https:\/\/tecplan.com.gt\/producto\/radio-portatil-mototrbo-dep-250\/","url":"https:\/\/tecplan.com.gt\/producto\/radio-portatil-mototrbo-dep-250\/","name":"Radio Port\u00e1til MOTOTRBO&#x2122; DEP 250 -","isPartOf":{"@id":"https:\/\/tecplan.com.gt\/#website"},"primaryImageOfPage":{"@id":"https:\/\/tecplan.com.gt\/producto\/radio-portatil-mototrbo-dep-250\/#primaryimage"},"image":{"@id":"https:\/\/tecplan.com.gt\/producto\/radio-portatil-mototrbo-dep-250\/#primaryimage"},"thumbnailUrl":"\/wp-content\/uploads\/2023\/03\/Dep250.png","datePublished":"2023-02-08T09:52:23+00:00","dateModified":"2024-07-31T20:41:06+00:00","breadcrumb":{"@id":"https:\/\/tecplan.com.gt\/producto\/radio-portatil-mototrbo-dep-250\/#breadcrumb"},"inLanguage":"en-US","potentialAction":[{"@type":"ReadAction","target":["https:\/\/tecplan.com.gt\/producto\/radio-portatil-mototrbo-dep-250\/"]}]},{"@type":"ImageObject","inLanguage":"en-US","@id":"https:\/\/tecplan.com.gt\/producto\/radio-portatil-mototrbo-dep-250\/#primaryimage","url":"\/wp-content\/uploads\/2023\/03\/Dep250.png","contentUrl":"\/wp-content\/uploads\/2023\/03\/Dep250.png","width":1080,"height":1080},{"@type":"BreadcrumbList","@id":"https:\/\/tecplan.com.gt\/producto\/radio-portatil-mototrbo-dep-250\/#breadcrumb","itemListElement":[{"@type":"ListItem","position":1,"name":"Portada","item":"https:\/\/tecplan.com.gt\/"},{"@type":"ListItem","position":2,"name":"Productos","item":"https:\/\/tecplan.com.gt\/shop\/"},{"@type":"ListItem","position":3,"name":"Radio Port\u00e1til MOTOTRBO&#x2122; DEP 250"}]},{"@type":"WebSite","@id":"https:\/\/tecplan.com.gt\/#website","url":"https:\/\/tecplan.com.gt\/","name":"Tecplan Argentina","description":"Tecnolog\u00edas y equipos de telecomunicaciones","publisher":{"@id":"https:\/\/tecplan.com.gt\/#organization"},"potentialAction":[{"@type":"SearchAction","target":{"@type":"EntryPoint","urlTemplate":"https:\/\/tecplan.com.gt\/?s={search_term_string}"},"query-input":{"@type":"PropertyValueSpecification","valueRequired":true,"valueName":"search_term_string"}}],"inLanguage":"en-US"},{"@type":"Organization","@id":"https:\/\/tecplan.com.gt\/#organization","name":"Tecplan Argentina","url":"https:\/\/tecplan.com.gt\/","logo":{"@type":"ImageObject","inLanguage":"en-US","@id":"https:\/\/tecplan.com.gt\/#\/schema\/logo\/image\/","url":"\/wp-content\/uploads\/2023\/03\/logo-tecplan.gif","contentUrl":"\/wp-content\/uploads\/2023\/03\/logo-tecplan.gif","width":1920,"height":486,"caption":"Tecplan Argentina"},"image":{"@id":"https:\/\/tecplan.com.gt\/#\/schema\/logo\/image\/"}}]}},"_links":{"self":[{"href":"https:\/\/tecplan.com.gt\/en\/wp-json\/wp\/v2\/product\/2444"}],"collection":[{"href":"https:\/\/tecplan.com.gt\/en\/wp-json\/wp\/v2\/product"}],"about":[{"href":"https:\/\/tecplan.com.gt\/en\/wp-json\/wp\/v2\/types\/product"}],"replies":[{"embeddable":true,"href":"https:\/\/tecplan.com.gt\/en\/wp-json\/wp\/v2\/comments?post=2444"}],"version-history":[{"count":0,"href":"https:\/\/tecplan.com.gt\/en\/wp-json\/wp\/v2\/product\/2444\/revisions"}],"wp:featuredmedia":[{"embeddable":true,"href":"https:\/\/tecplan.com.gt\/en\/wp-json\/wp\/v2\/media\/2445"}],"wp:attachment":[{"href":"https:\/\/tecplan.com.gt\/en\/wp-json\/wp\/v2\/media?parent=2444"}],"wp:term":[{"taxonomy":"product_brand","embeddable":true,"href":"https:\/\/tecplan.com.gt\/en\/wp-json\/wp\/v2\/product_brand?post=2444"},{"taxonomy":"product_cat","embeddable":true,"href":"https:\/\/tecplan.com.gt\/en\/wp-json\/wp\/v2\/product_cat?post=2444"},{"taxonomy":"product_tag","embeddable":true,"href":"https:\/\/tecplan.com.gt\/en\/wp-json\/wp\/v2\/product_tag?post=2444"}],"curies":[{"name":"wp","href":"https:\/\/api.w.org\/{rel}","templated":true}]}}